{"id":1283,"date":"2026-04-23T16:24:01","date_gmt":"2026-04-23T08:24:01","guid":{"rendered":"https:\/\/balerwrapper.com\/?post_type=product&#038;p=1283"},"modified":"2026-04-23T17:04:13","modified_gmt":"2026-04-23T09:04:13","slug":"forage-hay-baler-wrapper","status":"publish","type":"product","link":"https:\/\/balerwrapper.com\/fr\/product\/forage-hay-baler-wrapper\/","title":{"rendered":"Enrubanneuse de faucheuse 9YDB-90 | Machine d'enrubannage pour fourrage"},"content":{"rendered":"<div class=\"kk-star-ratings kksr-auto kksr-align-left kksr-valign-top\"     data-payload='{&quot;align&quot;:&quot;left&quot;,&quot;id&quot;:&quot;1283&quot;,&quot;slug&quot;:&quot;default&quot;,&quot;valign&quot;:&quot;top&quot;,&quot;ignore&quot;:&quot;&quot;,&quot;reference&quot;:&quot;auto&quot;,&quot;class&quot;:&quot;&quot;,&quot;count&quot;:&quot;84&quot;,&quot;legendonly&quot;:&quot;&quot;,&quot;readonly&quot;:&quot;&quot;,&quot;score&quot;:&quot;4.6&quot;,&quot;starsonly&quot;:&quot;&quot;,&quot;best&quot;:&quot;5&quot;,&quot;gap&quot;:&quot;5&quot;,&quot;greet&quot;:&quot;Rate this product&quot;,&quot;legend&quot;:&quot;4.6\\\/5 - (84 votes)&quot;,&quot;size&quot;:&quot;24&quot;,&quot;title&quot;:&quot;9YDB-90 Hay Baler Wrapper | Forage Baling Wrapping Machine&quot;,&quot;width&quot;:&quot;130.9&quot;,&quot;_legend&quot;:&quot;{score}\\\/{best} - ({count} {votes})&quot;,&quot;font_factor&quot;:&quot;1.25&quot;}'>              <div class=\"kksr-stars\">      <div class=\"kksr-stars-inactive\">             <div class=\"kksr-star\" data-star=\"1\" style=\"padding-right: 5px\">               <div class=\"kksr-icon\" style=\"width: 24px; height: 24px;\"><\/div>         <\/div>             <div class=\"kksr-star\" data-star=\"2\" style=\"padding-right: 5px\">               <div class=\"kksr-icon\" style=\"width: 24px; height: 24px;\"><\/div>         <\/div>             <div class=\"kksr-star\" data-star=\"3\" style=\"padding-right: 5px\">               <div class=\"kksr-icon\" style=\"width: 24px; height: 24px;\"><\/div>         <\/div>             <div class=\"kksr-star\" data-star=\"4\" style=\"padding-right: 5px\">               <div class=\"kksr-icon\" style=\"width: 24px; height: 24px;\"><\/div>         <\/div>             <div class=\"kksr-star\" data-star=\"5\" style=\"padding-right: 5px\">               <div class=\"kksr-icon\" style=\"width: 24px; height: 24px;\"><\/div>         <\/div>     <\/div>      <div class=\"kksr-stars-active\" style=\"width: 130.9px;\">             <div class=\"kksr-star\" style=\"padding-right: 5px\">               <div class=\"kksr-icon\" style=\"width: 24px; height: 24px;\"><\/div>         <\/div>             <div class=\"kksr-star\" style=\"padding-right: 5px\">               <div class=\"kksr-icon\" style=\"width: 24px; height: 24px;\"><\/div>         <\/div>             <div class=\"kksr-star\" style=\"padding-right: 5px\">               <div class=\"kksr-icon\" style=\"width: 24px; height: 24px;\"><\/div>         <\/div>             <div class=\"kksr-star\" style=\"padding-right: 5px\">               <div class=\"kksr-icon\" style=\"width: 24px; height: 24px;\"><\/div>         <\/div>             <div class=\"kksr-star\" style=\"padding-right: 5px\">               <div class=\"kksr-icon\" style=\"width: 24px; height: 24px;\"><\/div>         <\/div>     <\/div> <\/div>                   <div class=\"kksr-legend\" style=\"font-size: 19.2px;\">             4,6\/5 - (84 votes)    <\/div>     <\/div>  <p>L'enrubanneuse de faucheuse 9YDB-90 est une machine \u00e0 haute capacit\u00e9 con\u00e7ue sp\u00e9cialement pour les grandes exploitations et projets de transformation d'ensilage. Elle combine un enrubannage \u00e0 haute densit\u00e9 avec un enrubannage automatique, produisant de grandes balles de 90\u00d790 cm pesant entre 300 et 430 kg chacune.<\/p>    <p>L'efficacit\u00e9 op\u00e9rationnelle est maintenue en permanence \u00e0 55\u201360 balles par heure, avec une capacit\u00e9 de traitement globale d\u00e9passant 23 tonnes par heure. La machine dispose d'un double bras d'enrubannage et d'un syst\u00e8me de compression \u00e0 28 rouleaux \u00e0 haute r\u00e9sistance, am\u00e9liorant consid\u00e9rablement la densit\u00e9 de compactage et la performance d'\u00e9tanch\u00e9it\u00e9. Cela prolonge efficacement la p\u00e9riode de conservation de l'ensilage et r\u00e9duit la perte de nutriments, faisant de cet \u00e9quipement un incontournable pour la production d'ensilage \u00e0 grande \u00e9chelle.<\/p>    <figure class=\"wp-block-embed aligncenter is-type-video is-provider-youtube wp-block-embed-youtube wp-embed-aspect-16-9 wp-has-aspect-ratio\"><div class=\"wp-block-embed__wrapper\"> <iframe loading=\"lazy\" title=\"Machine d&#039;enrubannage d&#039;ensilage 90\u00d790cm | Solution d&#039;enrubannage de fourrage \u00e0 haute efficacit\u00e9 \ud83c\udf3e#silagebaler\" width=\"500\" height=\"281\" src=\"https:\/\/www.youtube.com\/embed\/C4GhlgKXp34?start=3&#038;feature=oembed\" frameborder=\"0\" allow=\"accelerometer; autoplay; clipboard-write; encrypted-media; gyroscope; picture-in-picture; web-share\" referrerpolicy=\"strict-origin-when-cross-origin\" allowfullscreen><\/iframe> <\/div><figcaption class=\"wp-element-caption\">Vid\u00e9o de fonctionnement de la grande machine d'enrubannage d'ensilage<\/figcaption><\/figure>    <h2 class=\"wp-block-heading\">Applications de l'enrubanneuse de faucheuse<\/h2>    <ul class=\"wp-block-list\"> <li>Transformation centralis\u00e9e et stockage de l'ensilage pour les grandes exploitations<\/li>    <li>Balisage et enrubannage de l'alimentation pour les fermes laiti\u00e8res, bovines et ovines<\/li>    <li>Transformation \u00e0 grande \u00e9chelle des tiges de ma\u00efs et des cultures d'ensilage<\/li>    <li>R\u00e9colte, mise en balle et conservation par fermentation du fourrage naturel<\/li>    <li>Utilisation des ressources de tiges et projets de biomasse<\/li>    <li>Op\u00e9rations de production d'ensilage \u00e0 grande \u00e9chelle pour les entreprises de transformation de l'alimentation<\/li> <\/ul>    <h2 class=\"wp-block-heading\">Avantages de la machine d'enrubannage de faucheuse 9YDB-90<\/h2>    <ul class=\"wp-block-list\"> <li>Con\u00e7ue pour les balles de grande taille, avec une capacit\u00e9 \u00e9lev\u00e9e par balle, r\u00e9duisant les co\u00fbts de transport et de stockage.<\/li>    <li>Le syst\u00e8me de compression \u00e0 rouleaux multiples am\u00e9liore consid\u00e9rablement la densit\u00e9 de la balle et la qualit\u00e9 de fermentation.<\/li>    <li>Le design \u00e0 double bras d'enrubannage am\u00e9liore l'efficacit\u00e9 de l'enrubannage et garantit un enroulement uniforme.<\/li>    <li>Capacit\u00e9 de traitement \u00e9lev\u00e9e pour r\u00e9pondre aux exigences des op\u00e9rations continues \u00e0 grande \u00e9chelle.<\/li>    <li>Fonctionnement automatis\u00e9 r\u00e9duisant les besoins en main-d'\u0153uvre et minimisant les erreurs op\u00e9rationnelles.<\/li>    <li>\u00c9quip\u00e9e d'un syst\u00e8me de r\u00e9cup\u00e9ration de mat\u00e9riau pour minimiser le gaspillage de mati\u00e8re premi\u00e8re.<\/li> <\/ul>    <figure class=\"wp-block-gallery has-nested-images columns-default is-cropped wp-block-gallery-2 is-layout-flex wp-block-gallery-is-layout-flex\"> <figure class=\"wp-block-image\"><img loading=\"lazy\" decoding=\"async\" width=\"720\" height=\"540\" data-id=\"1291\" src=\"https:\/\/balerwrapper.com\/wp-content\/uploads\/2026\/04\/hay-bale-wrapping-machine.webp\" alt=\"Machine d&#039;enrubannage de balles de foin\" class=\"wp-image-1291\" srcset=\"https:\/\/balerwrapper.com\/wp-content\/uploads\/2026\/04\/hay-bale-wrapping-machine.webp 720w, https:\/\/balerwrapper.com\/wp-content\/uploads\/2026\/04\/hay-bale-wrapping-machine-300x225.webp 300w, https:\/\/balerwrapper.com\/wp-content\/uploads\/2026\/04\/hay-bale-wrapping-machine-16x12.webp 16w\" sizes=\"auto, (max-width: 720px) 100vw, 720px\" \/><figcaption class=\"wp-element-caption\">Machine d'enrubannage de balles de foin<\/figcaption><\/figure>    <figure class=\"wp-block-image\"><img loading=\"lazy\" decoding=\"async\" width=\"720\" height=\"540\" data-id=\"1289\" src=\"https:\/\/balerwrapper.com\/wp-content\/uploads\/2026\/04\/forage-hay-baler-wrapper.webp\" alt=\"emballage de balle de foin fourrage\" class=\"wp-image-1289\" srcset=\"https:\/\/balerwrapper.com\/wp-content\/uploads\/2026\/04\/forage-hay-baler-wrapper.webp 720w, https:\/\/balerwrapper.com\/wp-content\/uploads\/2026\/04\/forage-hay-baler-wrapper-300x225.webp 300w, https:\/\/balerwrapper.com\/wp-content\/uploads\/2026\/04\/forage-hay-baler-wrapper-16x12.webp 16w\" sizes=\"auto, (max-width: 720px) 100vw, 720px\" \/><figcaption class=\"wp-element-caption\">emballage de balle de foin fourrage<\/figcaption><\/figure> <\/figure>    <h2 class=\"wp-block-heading\">Structure et principe de fonctionnement de l'enrubanneuse de fourrage<\/h2>    <p>Pendant le fonctionnement, la mati\u00e8re premi\u00e8re entre dans la tr\u00e9mie par une large ouverture d'alimentation et est progressivement comprim\u00e9e et fa\u00e7onn\u00e9e sous l'action continue de plusieurs ensembles de rouleaux de compression.<\/p>    <p>Une fois que la balle atteint les dimensions pr\u00e9d\u00e9finies, le syst\u00e8me termine automatiquement le processus de mise en balle et la transporte vers la zone d'enrubannage.<\/p>    <p>Ensuite, les deux bras d'enrubannage tournent en synchronisation pour envelopper la balle avec plusieurs couches de film, formant un ensilage scell\u00e9, puis la d\u00e9chargent, compl\u00e9tant ainsi tout le processus continu.<\/p>    <ul class=\"wp-block-list\"> <li>Syst\u00e8me d'alimentation : conception de la tr\u00e9mie \u00e0 large largeur assurant un flux fluide du mat\u00e9riau et am\u00e9liorant l'efficacit\u00e9 globale.<\/li>    <li>Syst\u00e8me de compression et de mise en balle : compos\u00e9 de plusieurs ensembles de rouleaux et cha\u00eenes de compression pour obtenir une forme \u00e0 haute densit\u00e9.<\/li>    <li>Syst\u00e8me d'enrubannage : deux bras rotatifs travaillent en synchronisation pour enrouler la balle avec plusieurs couches de film, formant une balle d'ensilage scell\u00e9e, puis la d\u00e9charge, compl\u00e9tant ainsi tout le processus continu.<\/li>    <li>Syst\u00e8me de convoyage : une structure de convoyeur de type palette assure un transfert fluide des balles.<\/li>    <li>Syst\u00e8me de r\u00e9cup\u00e9ration : une structure de type grattoir collecte automatiquement le mat\u00e9riau d\u00e9vers\u00e9, am\u00e9liorant l'utilisation du mat\u00e9riau.<\/li> <\/ul>    <figure class=\"wp-block-gallery has-nested-images columns-default is-cropped wp-block-gallery-3 is-layout-flex wp-block-gallery-is-layout-flex\"> <figure class=\"wp-block-image size-large\"><img loading=\"lazy\" decoding=\"async\" width=\"720\" height=\"540\" data-id=\"1290\" src=\"https:\/\/balerwrapper.com\/wp-content\/uploads\/2026\/04\/round-bale-silage-wrapper.webp\" alt=\"enrouleur de balle ronde pour ensilage\" class=\"wp-image-1290\" srcset=\"https:\/\/balerwrapper.com\/wp-content\/uploads\/2026\/04\/round-bale-silage-wrapper.webp 720w, https:\/\/balerwrapper.com\/wp-content\/uploads\/2026\/04\/round-bale-silage-wrapper-300x225.webp 300w, https:\/\/balerwrapper.com\/wp-content\/uploads\/2026\/04\/round-bale-silage-wrapper-16x12.webp 16w\" sizes=\"auto, (max-width: 720px) 100vw, 720px\" \/><figcaption class=\"wp-element-caption\">enrouleur de balle ronde pour ensilage<\/figcaption><\/figure>    <figure class=\"wp-block-image size-large\"><img loading=\"lazy\" decoding=\"async\" width=\"720\" height=\"540\" data-id=\"1292\" src=\"https:\/\/balerwrapper.com\/wp-content\/uploads\/2026\/04\/agricultural-baler-wrapper.webp\" alt=\"Enrubanneuse agricole\" class=\"wp-image-1292\" srcset=\"https:\/\/balerwrapper.com\/wp-content\/uploads\/2026\/04\/agricultural-baler-wrapper.webp 720w, https:\/\/balerwrapper.com\/wp-content\/uploads\/2026\/04\/agricultural-baler-wrapper-300x225.webp 300w, https:\/\/balerwrapper.com\/wp-content\/uploads\/2026\/04\/agricultural-baler-wrapper-16x12.webp 16w\" sizes=\"auto, (max-width: 720px) 100vw, 720px\" \/><figcaption class=\"wp-element-caption\">Enrubanneuse agricole<\/figcaption><\/figure> <\/figure>    <h2 class=\"wp-block-heading\">Caract\u00e9ristiques techniques de l'enrubanneuse de faucheuse 9YDB-90<\/h2>    <figure class=\"wp-block-table is-style-stripes\"><table class=\"has-fixed-layout\"><tbody><tr><td><strong>Article<\/strong><\/td><td><strong>Sp\u00e9cification<\/strong><\/td><\/tr><tr><td>Mod\u00e8le<\/td><td>9YDB-90<\/td><\/tr><tr><td>Taille des balles<\/td><td>90 \u00d7 90 cm<\/td><\/tr><tr><td>Poids de la balle<\/td><td>300\u2013430 kg<\/td><\/tr><tr><td>Sortir<\/td><td>55\u201360 balles\/heure<\/td><\/tr><tr><td>Efficacit\u00e9<\/td><td>\u226523 T\/h<\/td><\/tr><tr><td>Pouvoir<\/td><td>39 kW<\/td><\/tr><tr><td>Rouleaux<\/td><td>\u226528<\/td><\/tr><tr><td>Bras d'enrubannage<\/td><td>2<\/td><\/tr><tr><td>Largeur de la tr\u00e9mie<\/td><td>\u2265170 cm<\/td><\/tr><tr><td>Entr\u00e9e d'alimentation<\/td><td>\u2265900 mm<\/td><\/tr><tr><td>Poids de la machine<\/td><td>\u22654200 kg<\/td><\/tr><tr><td>Dimensions<\/td><td>\u22658100 \u00d7 2400 \u00d7 3100 mm<\/td><\/tr><\/tbody><\/table><figcaption class=\"wp-element-caption\">Param\u00e8tres techniques de l'enrubanneuse 9YDB-90<\/figcaption><\/figure>    <figure class=\"wp-block-gallery has-nested-images columns-default is-cropped wp-block-gallery-4 is-layout-flex wp-block-gallery-is-layout-flex\"> <figure class=\"wp-block-image size-large\"><img loading=\"lazy\" decoding=\"async\" width=\"720\" height=\"540\" data-id=\"1293\" src=\"https:\/\/balerwrapper.com\/wp-content\/uploads\/2026\/04\/automatic-baler-wrapper.webp\" alt=\"Enrubanneuse automatique\" class=\"wp-image-1293\" srcset=\"https:\/\/balerwrapper.com\/wp-content\/uploads\/2026\/04\/automatic-baler-wrapper.webp 720w, https:\/\/balerwrapper.com\/wp-content\/uploads\/2026\/04\/automatic-baler-wrapper-300x225.webp 300w, https:\/\/balerwrapper.com\/wp-content\/uploads\/2026\/04\/automatic-baler-wrapper-16x12.webp 16w\" sizes=\"auto, (max-width: 720px) 100vw, 720px\" \/><figcaption class=\"wp-element-caption\">Enrubanneuse automatique<\/figcaption><\/figure>    <figure class=\"wp-block-image size-large\"><img loading=\"lazy\" decoding=\"async\" width=\"720\" height=\"540\" data-id=\"1294\" src=\"https:\/\/balerwrapper.com\/wp-content\/uploads\/2026\/04\/round-bale-wrapper-machine.webp\" alt=\"Machine d&#039;enrubannage de balles rondes\" class=\"wp-image-1294\" srcset=\"https:\/\/balerwrapper.com\/wp-content\/uploads\/2026\/04\/round-bale-wrapper-machine.webp 720w, https:\/\/balerwrapper.com\/wp-content\/uploads\/2026\/04\/round-bale-wrapper-machine-300x225.webp 300w, https:\/\/balerwrapper.com\/wp-content\/uploads\/2026\/04\/round-bale-wrapper-machine-16x12.webp 16w\" sizes=\"auto, (max-width: 720px) 100vw, 720px\" \/><figcaption class=\"wp-element-caption\">Machine d'enrubannage de balles rondes<\/figcaption><\/figure> <\/figure>    <h2 class=\"wp-block-heading\">Plus de recommandations de machines d'enrubannage d'ensilage<\/h2>    <ul class=\"wp-block-list\"> <li><strong><em><a href=\"https:\/\/balerwrapper.com\/fr\/product\/corn-silage-baler-machine\/\">Enrubanneuse et enrubanneuse de silage 55-52<\/a><\/em><\/strong>: conception compacte, id\u00e9ale pour les exploitations familiales et les petites op\u00e9rations.<\/li>    <li><strong><em><a href=\"https:\/\/balerwrapper.com\/fr\/product\/silage-baling-and-wrapping-machine\/\">Machine d'enrubannage pour foin de mod\u00e8le 60<\/a><\/em><\/strong>: excellent rapport qualit\u00e9-prix, adapt\u00e9 aux petites et moyennes exploitations agricoles.<\/li>    <li><strong><em><a href=\"https:\/\/balerwrapper.com\/fr\/product\/silage-wrapping-machine\/\">Mod\u00e8le 70 Enrubanneuse pour fourrage<\/a><\/em><\/strong>: combine efficacit\u00e9 et flexibilit\u00e9, adapt\u00e9 aux exploitations agricoles de taille moyenne.<\/li> <\/ul>    <h2 class=\"wp-block-heading\">Comment choisir la bonne machine ?<\/h2>    <p>Lors du choix d'une enrubanneuse d'ensilage, vous devriez opter pour un mod\u00e8le qui convient le mieux \u00e0 la taille de votre ferme, \u00e0 la capacit\u00e9 de traitement quotidienne et aux m\u00e9thodes de stockage.<\/p>    <p>Les petites exploitations peuvent privil\u00e9gier des \u00e9quipements de taille plus petite pour r\u00e9duire les co\u00fbts d'investissement initiaux. Pour les grandes exploitations ou projets de transformation d'ensilage, nous recommandons des mod\u00e8les \u00e0 haute capacit\u00e9 pour une efficacit\u00e9 accrue et des co\u00fbts de production unitaires plus faibles.<\/p>    <h2 class=\"wp-block-heading\">Contactez-nous<\/h2>    <p>Si vous recherchez une solution de ensilage \u00e0 haute efficacit\u00e9, grande capacit\u00e9 et fiable, l'enrubanneuse de faucheuse 9YDB-90 est sans aucun doute le choix id\u00e9al. Nous proposons \u00e9galement une large gamme de mod\u00e8les d'\u00e9quipements et des solutions compl\u00e8tes de production d'ensilage.<\/p>    <p>N'h\u00e9sitez pas \u00e0 nous contacter \u00e0 tout moment pour obtenir des informations d\u00e9taill\u00e9es et un devis, afin que nous puissions aider votre ferme \u00e0 atteindre un d\u00e9veloppement efficace et intelligent.<\/p>","protected":false},"excerpt":{"rendered":"<p>L'enrubanneuse de faucheuse 9YDB-90 est capable de faire des balles \u00e0 haute densit\u00e9 et d'enrouler automatiquement avec deux bras. Elle convient \u00e0 la production et au stockage d'ensilage \u00e0 grande \u00e9chelle.<\/p>","protected":false},"author":1,"featured_media":1296,"parent":0,"template":"","tags":[45,39,35],"product-type":[7],"class_list":["post-1283","product","type-product","status-publish","has-post-thumbnail","hentry","tag-forage","tag-hay","tag-silage","product-type-silage-baler"],"_links":{"self":[{"href":"https:\/\/balerwrapper.com\/fr\/wp-json\/wp\/v2\/product\/1283","targetHints":{"allow":["GET"]}}],"collection":[{"href":"https:\/\/balerwrapper.com\/fr\/wp-json\/wp\/v2\/product"}],"about":[{"href":"https:\/\/balerwrapper.com\/fr\/wp-json\/wp\/v2\/types\/product"}],"author":[{"embeddable":true,"href":"https:\/\/balerwrapper.com\/fr\/wp-json\/wp\/v2\/users\/1"}],"wp:featuredmedia":[{"embeddable":true,"href":"https:\/\/balerwrapper.com\/fr\/wp-json\/wp\/v2\/media\/1296"}],"wp:attachment":[{"href":"https:\/\/balerwrapper.com\/fr\/wp-json\/wp\/v2\/media?parent=1283"}],"wp:term":[{"taxonomy":"post_tag","embeddable":true,"href":"https:\/\/balerwrapper.com\/fr\/wp-json\/wp\/v2\/tags?post=1283"},{"taxonomy":"product-type","embeddable":true,"href":"https:\/\/balerwrapper.com\/fr\/wp-json\/wp\/v2\/product-type?post=1283"}],"curies":[{"name":"wp","href":"https:\/\/api.w.org\/{rel}","templated":true}]}}