{"id":1226,"date":"2026-04-13T15:51:01","date_gmt":"2026-04-13T07:51:01","guid":{"rendered":"https:\/\/balerwrapper.com\/?post_type=product&#038;p=1226"},"modified":"2026-04-13T15:51:02","modified_gmt":"2026-04-13T07:51:02","slug":"dual-film-wrapping-silage-baler","status":"publish","type":"product","link":"https:\/\/balerwrapper.com\/fr\/product\/dual-film-wrapping-silage-baler\/","title":{"rendered":"Machine enrouleuse de silage \u00e0 double film 9YDB-60-2"},"content":{"rendered":"<div class=\"kk-star-ratings kksr-auto kksr-align-left kksr-valign-top\"     data-payload='{&quot;align&quot;:&quot;left&quot;,&quot;id&quot;:&quot;1226&quot;,&quot;slug&quot;:&quot;default&quot;,&quot;valign&quot;:&quot;top&quot;,&quot;ignore&quot;:&quot;&quot;,&quot;reference&quot;:&quot;auto&quot;,&quot;class&quot;:&quot;&quot;,&quot;count&quot;:&quot;79&quot;,&quot;legendonly&quot;:&quot;&quot;,&quot;readonly&quot;:&quot;&quot;,&quot;score&quot;:&quot;4.7&quot;,&quot;starsonly&quot;:&quot;&quot;,&quot;best&quot;:&quot;5&quot;,&quot;gap&quot;:&quot;5&quot;,&quot;greet&quot;:&quot;Rate this product&quot;,&quot;legend&quot;:&quot;4.7\\\/5 - (79 votes)&quot;,&quot;size&quot;:&quot;24&quot;,&quot;title&quot;:&quot;9YDB-60-2 Dual Film Wrapping Silage Baler Machine&quot;,&quot;width&quot;:&quot;133.8&quot;,&quot;_legend&quot;:&quot;{score}\\\/{best} - ({count} {votes})&quot;,&quot;font_factor&quot;:&quot;1.25&quot;}'>              <div class=\"kksr-stars\">      <div class=\"kksr-stars-inactive\">             <div class=\"kksr-star\" data-star=\"1\" style=\"padding-right: 5px\">               <div class=\"kksr-icon\" style=\"width: 24px; height: 24px;\"><\/div>         <\/div>             <div class=\"kksr-star\" data-star=\"2\" style=\"padding-right: 5px\">               <div class=\"kksr-icon\" style=\"width: 24px; height: 24px;\"><\/div>         <\/div>             <div class=\"kksr-star\" data-star=\"3\" style=\"padding-right: 5px\">               <div class=\"kksr-icon\" style=\"width: 24px; height: 24px;\"><\/div>         <\/div>             <div class=\"kksr-star\" data-star=\"4\" style=\"padding-right: 5px\">               <div class=\"kksr-icon\" style=\"width: 24px; height: 24px;\"><\/div>         <\/div>             <div class=\"kksr-star\" data-star=\"5\" style=\"padding-right: 5px\">               <div class=\"kksr-icon\" style=\"width: 24px; height: 24px;\"><\/div>         <\/div>     <\/div>      <div class=\"kksr-stars-active\" style=\"width: 133.8px;\">             <div class=\"kksr-star\" style=\"padding-right: 5px\">               <div class=\"kksr-icon\" style=\"width: 24px; height: 24px;\"><\/div>         <\/div>             <div class=\"kksr-star\" style=\"padding-right: 5px\">               <div class=\"kksr-icon\" style=\"width: 24px; height: 24px;\"><\/div>         <\/div>             <div class=\"kksr-star\" style=\"padding-right: 5px\">               <div class=\"kksr-icon\" style=\"width: 24px; height: 24px;\"><\/div>         <\/div>             <div class=\"kksr-star\" style=\"padding-right: 5px\">               <div class=\"kksr-icon\" style=\"width: 24px; height: 24px;\"><\/div>         <\/div>             <div class=\"kksr-star\" style=\"padding-right: 5px\">               <div class=\"kksr-icon\" style=\"width: 24px; height: 24px;\"><\/div>         <\/div>     <\/div> <\/div>                   <div class=\"kksr-legend\" style=\"font-size: 19.2px;\">             4,7\/5 - (79 votes)    <\/div>     <\/div>  <p>L\u2019enrouleuse de silage \u00e0 double film 9YDB-60-2 combine un ballage automatique avec un enroulement \u00e0 double couche, ce qui la rend id\u00e9ale pour les exploitations agricoles de grande envergure et les centres de traitement de l\u2019alimentation. <\/p>    <p>\u00c9quip\u00e9e d\u2019un syst\u00e8me de contr\u00f4le intelligent PLC, la machine permet un d\u00e9marrage en un clic et un fonctionnement enti\u00e8rement automatique. Associ\u00e9e \u00e0 un m\u00e9canisme d\u2019alimentation \u00e0 double cylindre et \u00e0 un convoyeur de 2,5 m\u00e8tres, elle assure un fonctionnement continu et stable.<\/p>    <p>La machine produit des balles mesurant \u03a6550 \u00d7 550 mm, pesant entre 80 et 120 kg, avec une capacit\u00e9 de production de 60 \u00e0 85 balles par heure. La structure d\u2019enroulement \u00e0 double film am\u00e9liore consid\u00e9rablement l\u2019\u00e9tanch\u00e9it\u00e9 et la conservation tout en r\u00e9duisant le gaspillage de film, ce qui en fait l\u2019\u00e9quipement id\u00e9al pour am\u00e9liorer la qualit\u00e9 et l\u2019efficacit\u00e9 de la production de silage.<\/p>    <figure class=\"wp-block-embed aligncenter is-type-video is-provider-youtube wp-block-embed-youtube wp-embed-aspect-16-9 wp-has-aspect-ratio\"><div class=\"wp-block-embed__wrapper\"> <iframe loading=\"lazy\" title=\"Double Film Silage Baler Wrapper | High Efficiency &amp; Superior Preservation#silage #silagebaler\" width=\"500\" height=\"281\" src=\"https:\/\/www.youtube.com\/embed\/4wvF_aae8Tk?feature=oembed\" frameborder=\"0\" allow=\"accelerometer; autoplay; clipboard-write; encrypted-media; gyroscope; picture-in-picture; web-share\" referrerpolicy=\"strict-origin-when-cross-origin\" allowfullscreen><\/iframe> <\/div><figcaption class=\"wp-element-caption\">Vid\u00e9o de fonctionnement de l\u2019enrouleuse de silage \u00e0 double film<\/figcaption><\/figure>    <h2 class=\"wp-block-heading\">Avantages de l\u2019enrouleuse de silage \u00e0 double film<\/h2>    <ul class=\"wp-block-list\"> <li>Syst\u00e8me de contr\u00f4le PLC enti\u00e8rement automatique : d\u00e9marrage en un clic r\u00e9duit la main-d'\u0153uvre.<\/li>    <li>M\u00e9canisme d\u2019alimentation \u00e0 double cylindre : assure un transport stable et uniforme du mat\u00e9riau, am\u00e9liorant la qualit\u00e9 de la formation des balles.<\/li>    <li>Conception \u00e0 double film : am\u00e9liore l\u2019\u00e9tanch\u00e9it\u00e9 tout en r\u00e9duisant le gaspillage de film.<\/li>    <li>Syst\u00e8me de ballage \u00e0 haute densit\u00e9 : la structure de la bande offre une compression plus serr\u00e9e que les syst\u00e8mes \u00e0 rouleaux traditionnels, ce qui permet une meilleure conservation de la fra\u00eecheur.<\/li>    <li>Structure de r\u00e9cup\u00e9ration \u00e9tanche : emp\u00eache efficacement les d\u00e9versements de mat\u00e9riau et maintient un environnement de travail propre.<\/li>    <li>Syst\u00e8me d\u2019entra\u00eenement longue dur\u00e9e : la structure de la cha\u00eene de convoyage prolonge la dur\u00e9e de vie des composants cl\u00e9s.<\/li>    <li>Configuration de roulements de haute qualit\u00e9 : comprend des roulements Swiss 6207 et Harbin 6206 pour une op\u00e9ration stable et une r\u00e9sistance \u00e0 l\u2019usure.<\/li> <\/ul>    <figure class=\"wp-block-gallery has-nested-images columns-default is-cropped wp-block-gallery-2 is-layout-flex wp-block-gallery-is-layout-flex\"> <figure class=\"wp-block-image size-large\"><img loading=\"lazy\" decoding=\"async\" width=\"720\" height=\"540\" data-id=\"1230\" src=\"https:\/\/balerwrapper.com\/wp-content\/uploads\/2026\/04\/dual-film-wrapping-silage-baler.webp\" alt=\"enrouleuse de silage \u00e0 double film\" class=\"wp-image-1230\" srcset=\"https:\/\/balerwrapper.com\/wp-content\/uploads\/2026\/04\/dual-film-wrapping-silage-baler.webp 720w, https:\/\/balerwrapper.com\/wp-content\/uploads\/2026\/04\/dual-film-wrapping-silage-baler-300x225.webp 300w, https:\/\/balerwrapper.com\/wp-content\/uploads\/2026\/04\/dual-film-wrapping-silage-baler-16x12.webp 16w\" sizes=\"auto, (max-width: 720px) 100vw, 720px\" \/><figcaption class=\"wp-element-caption\">enrouleuse de silage \u00e0 double film<\/figcaption><\/figure>    <figure class=\"wp-block-image size-large\"><img loading=\"lazy\" decoding=\"async\" width=\"720\" height=\"540\" data-id=\"1231\" src=\"https:\/\/balerwrapper.com\/wp-content\/uploads\/2026\/04\/forage-bale-wrapping-machine.webp\" alt=\"machine d&#039;emballage de balles de fourrage\" class=\"wp-image-1231\" srcset=\"https:\/\/balerwrapper.com\/wp-content\/uploads\/2026\/04\/forage-bale-wrapping-machine.webp 720w, https:\/\/balerwrapper.com\/wp-content\/uploads\/2026\/04\/forage-bale-wrapping-machine-300x225.webp 300w, https:\/\/balerwrapper.com\/wp-content\/uploads\/2026\/04\/forage-bale-wrapping-machine-16x12.webp 16w\" sizes=\"auto, (max-width: 720px) 100vw, 720px\" \/><figcaption class=\"wp-element-caption\">machine d'emballage de balles de fourrage<\/figcaption><\/figure> <\/figure>    <h2 class=\"wp-block-heading\">Applications de l'enrouleuse de balles de ensilage 9YDB-60-2<\/h2>    <p>Cet enrouleuse de silage \u00e0 double film est largement utilis\u00e9e pour le ballage et le scellement de tiges de ma\u00efs, fourrage, paille de riz, paille de bl\u00e9 et divers types de silage.<\/p>    <p>Convient pour une utilisation dans de grandes exploitations agricoles, fermes laiti\u00e8res, \u00e9levages de b\u0153ufs, usines de traitement de l\u2019alimentation et installations de fermentation de biomasse. Elle r\u00e9pond aux exigences de stockage \u00e0 haute densit\u00e9 et de conservation \u00e0 long terme par fermentation.<\/p>    <h2 class=\"wp-block-heading\">Comment fonctionne cette enrouleuse de balle de fourrage ?<\/h2>    <div class=\"wp-block-media-text is-stacked-on-mobile\"><figure class=\"wp-block-media-text__media\"><img loading=\"lazy\" decoding=\"async\" width=\"720\" height=\"540\" src=\"https:\/\/balerwrapper.com\/wp-content\/uploads\/2026\/04\/dual-film-wrapping-silage-baler-structure.webp\" alt=\"La machine enrouleuse de silage \u00e0 double film 9YDB-60-2 dispose d\u2019un contr\u00f4le enti\u00e8rement automatique bas\u00e9 sur PLC, permettant un ballage \u00e0 haute densit\u00e9 et une \u00e9tanch\u00e9it\u00e9 avec une capacit\u00e9 de production de 60 \u00e0 85 balles par heure.\" class=\"wp-image-1232 size-full\" srcset=\"https:\/\/balerwrapper.com\/wp-content\/uploads\/2026\/04\/dual-film-wrapping-silage-baler-structure.webp 720w, https:\/\/balerwrapper.com\/wp-content\/uploads\/2026\/04\/dual-film-wrapping-silage-baler-structure-300x225.webp 300w, https:\/\/balerwrapper.com\/wp-content\/uploads\/2026\/04\/dual-film-wrapping-silage-baler-structure-16x12.webp 16w\" sizes=\"auto, (max-width: 720px) 100vw, 720px\" \/><\/figure><div class=\"wp-block-media-text__content\"> <ol class=\"wp-block-list\"> <li>La mati\u00e8re premi\u00e8re entre dans le syst\u00e8me de compression via une bande transporteuse, o\u00f9 elle est r\u00e9partie uniform\u00e9ment et comprim\u00e9e par un m\u00e9canisme \u00e0 double cylindre pour former des balles standard (\u03a6550\u00d7550 mm).<\/li>    <li>Les balles entrent ensuite dans le syst\u00e8me d\u2019enroulement, o\u00f9 un dispositif automatique d\u2019alimentation en film applique une double couche de film pour cr\u00e9er un emballage scell\u00e9.<\/li>    <li>Enfin, le produit fini est d\u00e9charg\u00e9 via un convoyeur \u00e0 cha\u00eene, permettant un processus de production continu.<\/li> <\/ol> <\/div><\/div>    <h2 class=\"wp-block-heading\">Sp\u00e9cifications de l\u2019enrouleuse de silage \u00e0 double film<\/h2>    <figure class=\"wp-block-table is-style-stripes\"><table class=\"has-fixed-layout\"><tbody><tr><td><strong>Article<\/strong><\/td><td><strong>Sp\u00e9cification<\/strong><\/td><td><strong>Article<\/strong><\/td><td><strong>Sp\u00e9cification<\/strong><\/td><\/tr><tr><td>Mod\u00e8le<\/td><td>9YDB-60-2<\/td><td>Taille des balles<\/td><td>\u03a6550 \u00d7 550 mm<\/td><\/tr><tr><td>Poids de la balle<\/td><td>80\u2013120 kg<\/td><td>Alimentation \u00e9lectrique<\/td><td>7,5\u20136 kW<\/td><\/tr><tr><td>Vitesse nominale<\/td><td>350 r\/min<\/td><td>Moteur de compresseur d\u2019air<\/td><td>3 kW<\/td><\/tr><tr><td>M\u00e9thode de ballage<\/td><td>Automatique<\/td><td>Volume de la pompe \u00e0 air<\/td><td>30 L<\/td><\/tr><tr><td>Quantit\u00e9 de rouleaux<\/td><td>14 pcs<\/td><td>Moteur d\u2019enroulement<\/td><td>0,75 kW<\/td><\/tr><tr><td>Couches de film<\/td><td>2 couches<\/td><td>Moteur du bras oscillant<\/td><td>0,37 kW<\/td><\/tr><tr><td>Taille du convoyeur<\/td><td>2500 \u00d7 63 mm<\/td><td>\u00c9paisseur de la paroi<\/td><td>8 mm<\/td><\/tr><tr><td>Syst\u00e8me de contr\u00f4le<\/td><td>\u00c9cran tactile PLC<\/td><td>Type d\u2019enroulement<\/td><td>Automatique<\/td><\/tr><tr><td>Type de roulement<\/td><td>6207 Swiss \/ 6206 HRB<\/td><td>Taille de la machine<\/td><td>7,4 \u00d7 1,8 \u00d7 2,45 m<\/td><\/tr><tr><td>Capacit\u00e9<\/td><td>60\u201385 balles\/heure<\/td><td>Poids total<\/td><td>1700 kg<\/td><\/tr><tr><td>Mod\u00e8le de cha\u00eene<\/td><td>Hangzhou 12A<\/td><td>Moteur d\u2019alimentation<\/td><td>2,2 kW<\/td><\/tr><tr><td>Largeur du film<\/td><td>600 mm<\/td><td>Film de silage<\/td><td>1800 m \u00d7 250 mm \u00d7 25 \u03bcm<\/td><\/tr><tr><td>Pneus<\/td><td>Roulement double 206<\/td><td>Courroie du tr\u00e9mie<\/td><td>2340   2590 mm<\/td><\/tr><\/tbody><\/table><figcaption class=\"wp-element-caption\">Param\u00e8tres techniques de l\u2019enrouleuse de silage \u00e0 double film<\/figcaption><\/figure>    <figure class=\"wp-block-gallery has-nested-images columns-default is-cropped wp-block-gallery-3 is-layout-flex wp-block-gallery-is-layout-flex\"> <figure class=\"wp-block-image size-large\"><img loading=\"lazy\" decoding=\"async\" width=\"720\" height=\"540\" data-id=\"1233\" src=\"https:\/\/balerwrapper.com\/wp-content\/uploads\/2026\/04\/forage-baler-wrapper-machine.webp\" alt=\"machine d&#039;emballage de presse \u00e0 fourrage\" class=\"wp-image-1233\" srcset=\"https:\/\/balerwrapper.com\/wp-content\/uploads\/2026\/04\/forage-baler-wrapper-machine.webp 720w, https:\/\/balerwrapper.com\/wp-content\/uploads\/2026\/04\/forage-baler-wrapper-machine-300x225.webp 300w, https:\/\/balerwrapper.com\/wp-content\/uploads\/2026\/04\/forage-baler-wrapper-machine-16x12.webp 16w\" sizes=\"auto, (max-width: 720px) 100vw, 720px\" \/><figcaption class=\"wp-element-caption\">machine d'emballage de presse \u00e0 fourrage<\/figcaption><\/figure>    <figure class=\"wp-block-image size-large\"><img loading=\"lazy\" decoding=\"async\" width=\"720\" height=\"540\" data-id=\"1234\" src=\"https:\/\/balerwrapper.com\/wp-content\/uploads\/2026\/04\/silage-round-bale-wrapper.webp\" alt=\"enrubanneuse de balles rondes d&#039;ensilage\" class=\"wp-image-1234\" srcset=\"https:\/\/balerwrapper.com\/wp-content\/uploads\/2026\/04\/silage-round-bale-wrapper.webp 720w, https:\/\/balerwrapper.com\/wp-content\/uploads\/2026\/04\/silage-round-bale-wrapper-300x225.webp 300w, https:\/\/balerwrapper.com\/wp-content\/uploads\/2026\/04\/silage-round-bale-wrapper-16x12.webp 16w\" sizes=\"auto, (max-width: 720px) 100vw, 720px\" \/><figcaption class=\"wp-element-caption\">enrubanneuse de balles rondes d'ensilage<\/figcaption><\/figure> <\/figure>    <h2 class=\"wp-block-heading\">Pourquoi nous choisir ?<\/h2>    <p>Nous sommes sp\u00e9cialis\u00e9s dans la recherche, le d\u00e9veloppement et la fabrication d\u2019\u00e9quipements pour silage. Nos machines disposent de composants industriels de haute norme et d\u2019un design modulaire pour assurer un fonctionnement stable \u00e0 long terme.<\/p>    <p>Les composants principaux sont fabriqu\u00e9s \u00e0 partir de mat\u00e9riaux tr\u00e8s r\u00e9sistants \u00e0 l\u2019usure et \u00e9quip\u00e9s de syst\u00e8mes de roulements de haute qualit\u00e9. Nous proposons \u00e9galement des options de personnalisation et des solutions d\u2019int\u00e9gration \u00e0 la ligne de production.<\/p>    <p>De plus, nous offrons un service apr\u00e8s-vente complet et un support de pi\u00e8ces d\u00e9tach\u00e9es pour aider les clients \u00e0 r\u00e9duire leurs co\u00fbts d\u2019exploitation et \u00e0 am\u00e9liorer leur efficacit\u00e9 de production.<\/p>    <h2 class=\"wp-block-heading\">Comment choisir une enrouleuse de silage adapt\u00e9e ?<\/h2>    <p>Lors du choix de l\u2019\u00e9quipement, il doit \u00eatre s\u00e9lectionn\u00e9 en fonction de l\u2019\u00e9chelle de l\u2019exploitation, de la capacit\u00e9 quotidienne de traitement et des besoins de stockage du silage.<\/p>    <p>Pour les petites exploitations, les mod\u00e8les de base sont adapt\u00e9s ; pour les fermes de taille moyenne \u00e0 grande, nous recommandons la s\u00e9rie 60 ou les mod\u00e8les \u00e0 double enroulement \u00e0 haute efficacit\u00e9 pour assurer une op\u00e9ration continue et un d\u00e9bit plus \u00e9lev\u00e9.<\/p>    <p>De plus, des facteurs tels que l\u2019espace disponible, l\u2019alimentation \u00e9lectrique et les m\u00e9thodes de stockage doivent \u00eatre pris en compte.<\/p>    <figure class=\"wp-block-gallery has-nested-images columns-default is-cropped wp-block-gallery-4 is-layout-flex wp-block-gallery-is-layout-flex\"> <figure class=\"wp-block-image size-large\"><img loading=\"lazy\" decoding=\"async\" width=\"720\" height=\"540\" data-id=\"1235\" src=\"https:\/\/balerwrapper.com\/wp-content\/uploads\/2026\/04\/silage-bale-packaging-machine.webp\" alt=\"machine d&#039;emballage de balles d&#039;ensilage\" class=\"wp-image-1235\" srcset=\"https:\/\/balerwrapper.com\/wp-content\/uploads\/2026\/04\/silage-bale-packaging-machine.webp 720w, https:\/\/balerwrapper.com\/wp-content\/uploads\/2026\/04\/silage-bale-packaging-machine-300x225.webp 300w, https:\/\/balerwrapper.com\/wp-content\/uploads\/2026\/04\/silage-bale-packaging-machine-16x12.webp 16w\" sizes=\"auto, (max-width: 720px) 100vw, 720px\" \/><figcaption class=\"wp-element-caption\">machine d'emballage de balles d'ensilage<\/figcaption><\/figure>    <figure class=\"wp-block-image size-large\"><img loading=\"lazy\" decoding=\"async\" width=\"720\" height=\"540\" data-id=\"1236\" src=\"https:\/\/balerwrapper.com\/wp-content\/uploads\/2026\/04\/silage-forage-bale-production.webp\" alt=\"production de balles de fourrage de silage\" class=\"wp-image-1236\" srcset=\"https:\/\/balerwrapper.com\/wp-content\/uploads\/2026\/04\/silage-forage-bale-production.webp 720w, https:\/\/balerwrapper.com\/wp-content\/uploads\/2026\/04\/silage-forage-bale-production-300x225.webp 300w, https:\/\/balerwrapper.com\/wp-content\/uploads\/2026\/04\/silage-forage-bale-production-16x12.webp 16w\" sizes=\"auto, (max-width: 720px) 100vw, 720px\" \/><figcaption class=\"wp-element-caption\">production de balles de fourrage de silage<\/figcaption><\/figure> <\/figure>    <h2 class=\"wp-block-heading\">Conclusion<\/h2>    <p>Si vous recherchez une solution de silage offrant une haute efficacit\u00e9, une excellente \u00e9tanch\u00e9it\u00e9 et une op\u00e9ration fiable, l\u2019enrouleuse de silage \u00e0 double film 9YDB-60-2 est le choix id\u00e9al.<\/p>    <p class=\"translation-block\">Nous proposons \u00e9galement une vari\u00e9t\u00e9 de mod\u00e8les, tels que le <strong><em><a href=\"https:\/\/balerwrapper.com\/fr\/product\/corn-silage-baler-machine\/\">enrouleuse de balles de fourrage 55-52<\/a><\/em><\/strong> et le <strong><em><a href=\"https:\/\/balerwrapper.com\/fr\/product\/silage-baling-and-wrapping-machine\/\">mod\u00e8le standard de machine \u00e0 balles de silage s\u00e9rie 60<\/a><\/em><\/strong>, qui peuvent \u00eatre configur\u00e9s de mani\u00e8re flexible pour r\u00e9pondre \u00e0 vos besoins sp\u00e9cifiques de production.<\/p>    <p>N\u2019h\u00e9sitez pas \u00e0 nous contacter \u00e0 tout moment pour des solutions d\u00e9taill\u00e9es et des devis, afin que nous puissions vous aider \u00e0 rendre votre production de silage plus efficace et stable.<\/p>","protected":false},"excerpt":{"rendered":"<p>The 9YDB-60-2 dual film wrapping silage baler machine features PLC-based fully automatic control, enabling high-density baling and sealing with a production capacity of 60\u201385 bales per hour.<\/p>","protected":false},"author":1,"featured_media":1237,"parent":0,"template":"","tags":[45,35],"product-type":[7],"class_list":["post-1226","product","type-product","status-publish","has-post-thumbnail","hentry","tag-forage","tag-silage","product-type-silage-baler"],"_links":{"self":[{"href":"https:\/\/balerwrapper.com\/fr\/wp-json\/wp\/v2\/product\/1226","targetHints":{"allow":["GET"]}}],"collection":[{"href":"https:\/\/balerwrapper.com\/fr\/wp-json\/wp\/v2\/product"}],"about":[{"href":"https:\/\/balerwrapper.com\/fr\/wp-json\/wp\/v2\/types\/product"}],"author":[{"embeddable":true,"href":"https:\/\/balerwrapper.com\/fr\/wp-json\/wp\/v2\/users\/1"}],"wp:featuredmedia":[{"embeddable":true,"href":"https:\/\/balerwrapper.com\/fr\/wp-json\/wp\/v2\/media\/1237"}],"wp:attachment":[{"href":"https:\/\/balerwrapper.com\/fr\/wp-json\/wp\/v2\/media?parent=1226"}],"wp:term":[{"taxonomy":"post_tag","embeddable":true,"href":"https:\/\/balerwrapper.com\/fr\/wp-json\/wp\/v2\/tags?post=1226"},{"taxonomy":"product-type","embeddable":true,"href":"https:\/\/balerwrapper.com\/fr\/wp-json\/wp\/v2\/product-type?post=1226"}],"curies":[{"name":"wp","href":"https:\/\/api.w.org\/{rel}","templated":true}]}}