{"id":1217,"date":"2026-04-07T16:56:29","date_gmt":"2026-04-07T08:56:29","guid":{"rendered":"https:\/\/balerwrapper.com\/?post_type=product&#038;p=1217"},"modified":"2026-04-07T16:56:30","modified_gmt":"2026-04-07T08:56:30","slug":"manure-cleaning-machine","status":"publish","type":"product","link":"https:\/\/balerwrapper.com\/fr\/product\/manure-cleaning-machine\/","title":{"rendered":"Machine de nettoyage du fumier de ferme | Racleur automatique de d\u00e9jections"},"content":{"rendered":"<div class=\"kk-star-ratings kksr-auto kksr-align-left kksr-valign-top\"     data-payload='{&quot;align&quot;:&quot;left&quot;,&quot;id&quot;:&quot;1217&quot;,&quot;slug&quot;:&quot;default&quot;,&quot;valign&quot;:&quot;top&quot;,&quot;ignore&quot;:&quot;&quot;,&quot;reference&quot;:&quot;auto&quot;,&quot;class&quot;:&quot;&quot;,&quot;count&quot;:&quot;82&quot;,&quot;legendonly&quot;:&quot;&quot;,&quot;readonly&quot;:&quot;&quot;,&quot;score&quot;:&quot;4.8&quot;,&quot;starsonly&quot;:&quot;&quot;,&quot;best&quot;:&quot;5&quot;,&quot;gap&quot;:&quot;5&quot;,&quot;greet&quot;:&quot;Rate this product&quot;,&quot;legend&quot;:&quot;4.8\\\/5 - (82 votes)&quot;,&quot;size&quot;:&quot;24&quot;,&quot;title&quot;:&quot;Farm Manure Cleaning Machine | Automatic Cow Dung Scraper&quot;,&quot;width&quot;:&quot;136.7&quot;,&quot;_legend&quot;:&quot;{score}\\\/{best} - ({count} {votes})&quot;,&quot;font_factor&quot;:&quot;1.25&quot;}'>              <div class=\"kksr-stars\">      <div class=\"kksr-stars-inactive\">             <div class=\"kksr-star\" data-star=\"1\" style=\"padding-right: 5px\">               <div class=\"kksr-icon\" style=\"width: 24px; height: 24px;\"><\/div>         <\/div>             <div class=\"kksr-star\" data-star=\"2\" style=\"padding-right: 5px\">               <div class=\"kksr-icon\" style=\"width: 24px; height: 24px;\"><\/div>         <\/div>             <div class=\"kksr-star\" data-star=\"3\" style=\"padding-right: 5px\">               <div class=\"kksr-icon\" style=\"width: 24px; height: 24px;\"><\/div>         <\/div>             <div class=\"kksr-star\" data-star=\"4\" style=\"padding-right: 5px\">               <div class=\"kksr-icon\" style=\"width: 24px; height: 24px;\"><\/div>         <\/div>             <div class=\"kksr-star\" data-star=\"5\" style=\"padding-right: 5px\">               <div class=\"kksr-icon\" style=\"width: 24px; height: 24px;\"><\/div>         <\/div>     <\/div>      <div class=\"kksr-stars-active\" style=\"width: 136.7px;\">             <div class=\"kksr-star\" style=\"padding-right: 5px\">               <div class=\"kksr-icon\" style=\"width: 24px; height: 24px;\"><\/div>         <\/div>             <div class=\"kksr-star\" style=\"padding-right: 5px\">               <div class=\"kksr-icon\" style=\"width: 24px; height: 24px;\"><\/div>         <\/div>             <div class=\"kksr-star\" style=\"padding-right: 5px\">               <div class=\"kksr-icon\" style=\"width: 24px; height: 24px;\"><\/div>         <\/div>             <div class=\"kksr-star\" style=\"padding-right: 5px\">               <div class=\"kksr-icon\" style=\"width: 24px; height: 24px;\"><\/div>         <\/div>             <div class=\"kksr-star\" style=\"padding-right: 5px\">               <div class=\"kksr-icon\" style=\"width: 24px; height: 24px;\"><\/div>         <\/div>     <\/div> <\/div>                   <div class=\"kksr-legend\" style=\"font-size: 19.2px;\">             4,8\/5 - (82 votes)    <\/div>     <\/div>  <p>La machine de nettoyage du fumier est sp\u00e9cialement con\u00e7ue pour les fermes d\u2019\u00e9levage modernes, y compris les grandes fermes laiti\u00e8res, les \u00e9levages de bovins et d\u2019ovins. Elle utilise un processus enti\u00e8rement automatis\u00e9 avec m\u00e9langeur \u00e0 vis frontale pour la collecte, convoyeur \u00e0 cha\u00eene, et basculement hydraulique arri\u00e8re pour le d\u00e9chargement. Chaque camion termine le processus en seulement 3 \u00e0 8 minutes avec une efficacit\u00e9 de nettoyage \u226599 %, capable de nettoyer le fumier d\u2019une ferme laiti\u00e8re de 1 000 t\u00eates en environ 2 heures.<\/p>    <p>Le design du racleur frontal et du convoyeur \u00e0 cha\u00eene assure une collecte compl\u00e8te du fumier, r\u00e9duisant la main-d'\u0153uvre tout en am\u00e9liorant l\u2019hygi\u00e8ne de la ferme. Il minimise \u00e9galement les \u00e9missions d\u2019ammoniac et la croissance bact\u00e9rienne, am\u00e9liorant ainsi la sant\u00e9 du b\u00e9tail et offrant une solution de gestion du fumier efficace, peu co\u00fbteuse et \u00e9conome en \u00e9nergie pour les op\u00e9rations modernes d\u2019\u00e9levage.<\/p>    <figure class=\"wp-block-embed aligncenter is-type-video is-provider-youtube wp-block-embed-youtube wp-embed-aspect-16-9 wp-has-aspect-ratio\"><div class=\"wp-block-embed__wrapper\"> <iframe loading=\"lazy\" title=\"Efficient Cow &amp; Sheep Manure Cleaning Machine | Smart Farm Cleaning Equipment \ud83d\ude9c\ud83d\udc04#cleaner\" width=\"500\" height=\"281\" src=\"https:\/\/www.youtube.com\/embed\/Np55Evcl7-o?feature=oembed\" frameborder=\"0\" allow=\"accelerometer; autoplay; clipboard-write; encrypted-media; gyroscope; picture-in-picture; web-share\" referrerpolicy=\"strict-origin-when-cross-origin\" allowfullscreen><\/iframe> <\/div><figcaption class=\"wp-element-caption\">Vid\u00e9o de fonctionnement de la machine automatique de nettoyage de fumier de vache<\/figcaption><\/figure>    <h2 class=\"wp-block-heading\">Applications du racleur automatique \u00e0 fumier<\/h2>    <ul class=\"wp-block-list\"> <li>Enl\u00e8vement quotidien du fumier et gestion de l\u2019hygi\u00e8ne dans les fermes laiti\u00e8res, \u00e9levages de bovins et d\u2019ovins.<\/li>    <li>Gestion efficace du fumier dans les p\u00e2turages \u00e0 grande \u00e9chelle et les fermes d\u2019\u00e9levage intensif.<\/li>    <li>Peut \u00eatre utilis\u00e9 avec des v\u00e9hicules \u00e0 moteur diesel \u00e0 trois ou quatre roues pour r\u00e9pondre aux besoins de diff\u00e9rents sites.<\/li>    <li>Am\u00e9liore consid\u00e9rablement l\u2019environnement de la ferme, r\u00e9duit la propagation des maladies et favorise la sant\u00e9 du b\u00e9tail.<\/li> <\/ul>    <h2 class=\"wp-block-heading\">Caract\u00e9ristiques de la machine de nettoyage automatique du fumier<\/h2>    <ul class=\"wp-block-list\"> <li>Automatisation tr\u00e8s efficace : un seul op\u00e9rateur peut effectuer tout le processus de nettoyage ; 3-5 minutes par chargement pour le mod\u00e8le de 3m\u00b3 et 5-8 minutes par chargement pour le mod\u00e8le de 5m\u00b3.<\/li>    <li>Durable et fiable : cha\u00eenes de raclage r\u00e9sistantes \u00e0 l\u2019usure et seaux de collecte en acier inoxydable \u00e9paissi garantissent r\u00e9sistance \u00e0 la corrosion, \u00e0 l\u2019usure et une longue dur\u00e9e de vie.<\/li>    <li>Tr\u00e8s adaptable : r\u00e9glage de la vitesse sans \u00e9tape en fonction de l\u2019\u00e9paisseur du fumier permettant une adaptation \u00e0 diff\u00e9rents sites, volumes de fumier et conditions climatiques.<\/li>    <li>S\u00fbr et \u00e9cologique : r\u00e9duit la contamination du fumier et l\u2019accumulation d\u2019ammoniac, pr\u00e9vient et contr\u00f4le efficacement les maladies du b\u00e9tail, et am\u00e9liore les conditions de la grange.<\/li>    <li>Rentable : r\u00e9duit les co\u00fbts de main-d'\u0153uvre et le temps de nettoyage, am\u00e9liorant la productivit\u00e9 globale de la ferme.<\/li> <\/ul>    <figure class=\"wp-block-gallery has-nested-images columns-default is-cropped wp-block-gallery-2 is-layout-flex wp-block-gallery-is-layout-flex\"> <figure class=\"wp-block-image size-large\"><img loading=\"lazy\" decoding=\"async\" width=\"720\" height=\"540\" data-id=\"1221\" src=\"https:\/\/balerwrapper.com\/wp-content\/uploads\/2026\/04\/manure-cleaning-machine.webp\" alt=\"machine de nettoyage du fumier\" class=\"wp-image-1221\" srcset=\"https:\/\/balerwrapper.com\/wp-content\/uploads\/2026\/04\/manure-cleaning-machine.webp 720w, https:\/\/balerwrapper.com\/wp-content\/uploads\/2026\/04\/manure-cleaning-machine-300x225.webp 300w, https:\/\/balerwrapper.com\/wp-content\/uploads\/2026\/04\/manure-cleaning-machine-16x12.webp 16w\" sizes=\"auto, (max-width: 720px) 100vw, 720px\" \/><figcaption class=\"wp-element-caption\">machine de nettoyage du fumier<\/figcaption><\/figure>    <figure class=\"wp-block-image size-large\"><img loading=\"lazy\" decoding=\"async\" width=\"720\" height=\"540\" data-id=\"1220\" src=\"https:\/\/balerwrapper.com\/wp-content\/uploads\/2026\/04\/cow-dung-cleaner-machine.webp\" alt=\"Machine de nettoyage de d\u00e9jections de vache\" class=\"wp-image-1220\" srcset=\"https:\/\/balerwrapper.com\/wp-content\/uploads\/2026\/04\/cow-dung-cleaner-machine.webp 720w, https:\/\/balerwrapper.com\/wp-content\/uploads\/2026\/04\/cow-dung-cleaner-machine-300x225.webp 300w, https:\/\/balerwrapper.com\/wp-content\/uploads\/2026\/04\/cow-dung-cleaner-machine-16x12.webp 16w\" sizes=\"auto, (max-width: 720px) 100vw, 720px\" \/><figcaption class=\"wp-element-caption\">Machine de nettoyage de d\u00e9jections de vache<\/figcaption><\/figure> <\/figure>    <h2 class=\"wp-block-heading\">Comment fonctionne le nettoyeur de d\u00e9chets d\u2019\u00e9levage?<\/h2>    <ul class=\"wp-block-list\"> <li>M\u00e9lange et collecte par vis : un m\u00e9langeur \u00e0 vis frontal recueille le fumier des enclos de bovins ou d\u2019ovins et le dirige vers la zone de nettoyage.<\/li>    <li>Convoyeur \u00e0 cha\u00eene : le fumier collect\u00e9 est transport\u00e9 via une cha\u00eene r\u00e9sistante \u00e0 l\u2019usure vers la caisse du v\u00e9hicule.<\/li>    <li>Basculement hydraulique pour d\u00e9charge : une fois le v\u00e9hicule charg\u00e9, le seau bascule automatiquement pour d\u00e9charger le fumier, permettant une op\u00e9ration rapide et continue.<\/li>    <li>Nettoyage continu : les op\u00e9rateurs peuvent ajuster la vitesse d\u2019avancement en fonction de l\u2019\u00e9paisseur du fumier pour assurer un nettoyage efficace.<\/li> <\/ul>    <h2 class=\"wp-block-heading\">Caract\u00e9ristiques techniques de la machine de retrait du fumier de la grange<\/h2>    <figure class=\"wp-block-table is-style-stripes\"><table class=\"has-fixed-layout\"><tbody><tr><td><strong>Mod\u00e8le<\/strong><\/td><td><strong>QF-3<\/strong><\/td><td><strong>QF-5<\/strong><\/td><\/tr><tr><td>Capacit\u00e9 du chariot<\/td><td>3 m\u00b3<\/td><td>Capacit\u00e9 de 5 m\u00b3<\/td><\/tr><tr><td>Dimension<\/td><td>4500\u00d71450\u00d72450 mm<\/td><td>5200\u00d72200\u00d72600 mm<\/td><\/tr><tr><td>Pouvoir<\/td><td>Moteur Diesel 25 HP<\/td><td>Moteur Diesel<\/td><\/tr><tr><td>Puissance de marche<\/td><td>Tricycle<\/td><td>Camion \u00e0 quatre roues<\/td><\/tr><tr><td>Capacit\u00e9 de production<\/td><td>3\u20135 min\/v\u00e9hicule<\/td><td>5\u20138 min\/v\u00e9hicule<\/td><\/tr><tr><td>Largeur de nettoyage du fumier<\/td><td>1500 mm<\/td><td>2000 mm<\/td><\/tr><tr><td>Nombre de pneus<\/td><td>3 pi\u00e8ces<\/td><td>4 pi\u00e8ces<\/td><\/tr><tr><td>Syst\u00e8me de collecte du fumier<\/td><td>Convoyeur \u00e0 vis   cha\u00eene de raclage<\/td><td>Convoyeur \u00e0 vis   cha\u00eene de raclage<\/td><\/tr><tr><td>M\u00e9thode de d\u00e9charge<\/td><td>Basculement hydraulique<\/td><td>Basculement hydraulique<\/td><\/tr><\/tbody><\/table><figcaption class=\"wp-element-caption\">Param\u00e8tres techniques de la machine de nettoyage du fumier<\/figcaption><\/figure>    <figure class=\"wp-block-gallery has-nested-images columns-default is-cropped wp-block-gallery-3 is-layout-flex wp-block-gallery-is-layout-flex\"> <figure class=\"wp-block-image size-large\"><img loading=\"lazy\" decoding=\"async\" width=\"720\" height=\"540\" data-id=\"1223\" src=\"https:\/\/balerwrapper.com\/wp-content\/uploads\/2026\/04\/livestock-manure-scraper.webp\" alt=\"Racleur de fumier pour \u00e9levage\" class=\"wp-image-1223\" srcset=\"https:\/\/balerwrapper.com\/wp-content\/uploads\/2026\/04\/livestock-manure-scraper.webp 720w, https:\/\/balerwrapper.com\/wp-content\/uploads\/2026\/04\/livestock-manure-scraper-300x225.webp 300w, https:\/\/balerwrapper.com\/wp-content\/uploads\/2026\/04\/livestock-manure-scraper-16x12.webp 16w\" sizes=\"auto, (max-width: 720px) 100vw, 720px\" \/><figcaption class=\"wp-element-caption\">Racleur de fumier pour \u00e9levage<\/figcaption><\/figure>    <figure class=\"wp-block-image size-large\"><img loading=\"lazy\" decoding=\"async\" width=\"720\" height=\"540\" data-id=\"1222\" src=\"https:\/\/balerwrapper.com\/wp-content\/uploads\/2026\/04\/dairy-barn-cleaning-machine.webp\" alt=\"La machine de nettoyage du fumier combine collecte, convoyage et d\u00e9chargement automatique, r\u00e9alisant une seule op\u00e9ration en 3 \u00e0 8 minutes, am\u00e9liorant ainsi consid\u00e9rablement l\u2019hygi\u00e8ne et l\u2019efficacit\u00e9 de la production \u00e0 la ferme.\" class=\"wp-image-1222\" srcset=\"https:\/\/balerwrapper.com\/wp-content\/uploads\/2026\/04\/dairy-barn-cleaning-machine.webp 720w, https:\/\/balerwrapper.com\/wp-content\/uploads\/2026\/04\/dairy-barn-cleaning-machine-300x225.webp 300w, https:\/\/balerwrapper.com\/wp-content\/uploads\/2026\/04\/dairy-barn-cleaning-machine-16x12.webp 16w\" sizes=\"auto, (max-width: 720px) 100vw, 720px\" \/><figcaption class=\"wp-element-caption\">Machine de nettoyage du fumier pour la ferme laiti\u00e8re<\/figcaption><\/figure> <\/figure>    <h2 class=\"wp-block-heading\">Pourquoi nous choisir ?<\/h2>    <ul class=\"wp-block-list\"> <li>Plusieurs mod\u00e8les disponibles : nous proposons des mod\u00e8les avec des capacit\u00e9s de 3 m\u00b3, 5 m\u00b3, et plus pour r\u00e9pondre aux besoins des fermes laiti\u00e8res de taille moyenne \u00e0 grande.<\/li>    <li>Conception enti\u00e8rement automatis\u00e9e : r\u00e9duit la main-d'\u0153uvre et am\u00e9liore l\u2019efficacit\u00e9 de la production.<\/li>    <li>Performance puissante et construction durable : \u00e9quip\u00e9 de moteurs diesel haut de gamme, cha\u00eenes r\u00e9sistantes \u00e0 l\u2019usure, et r\u00e9servoirs en acier inoxydable pour r\u00e9sister aux conditions d\u2019exploitation exigeantes.<\/li>    <li>Services apr\u00e8s-vente et personnalisation : nous garantissons une fiabilit\u00e9 \u00e0 long terme et pouvons adapter des solutions en fonction de la taille de la ferme et du nombre de b\u00eates.<\/li>    <li>Avantages pour la sant\u00e9 et l\u2019environnement : am\u00e9liore consid\u00e9rablement l\u2019environnement de la ferme, r\u00e9duit le risque de transmission de maladies et augmente la productivit\u00e9 des vaches laiti\u00e8res.<\/li> <\/ul>    <h2 class=\"wp-block-heading\">Prix du racloir \u00e0 fumier dans la all\u00e9e<\/h2>    <p>Le prix des machines de nettoyage du fumier d\u00e9pend du mod\u00e8le, du niveau d\u2019automatisation, de la configuration \u00e9lectrique, des mat\u00e9riaux et des exigences de personnalisation. Le mod\u00e8le QF-3 convient aux fermes de taille moyenne et offre un prix plus \u00e9conomique ; le mod\u00e8le QF-5 convient aux grandes fermes et est tr\u00e8s efficace et durable.<\/p>    <p>En plus de r\u00e9pondre aux besoins de r\u00e9cup\u00e9ration des ressources du fumier d\u2019\u00e9levage, nous proposons \u00e9galement des \u00e9pandeurs de fumier assortis. Ces machines peuvent r\u00e9partir uniform\u00e9ment le fumier collect\u00e9 sur les champs, favorisant une \u00e9conomie circulaire entre \u00e9levage et culture, et renfor\u00e7ant \u00e0 la fois les b\u00e9n\u00e9fices \u00e9conomiques et la valeur environnementale.<\/p>    <p>N\u2019h\u00e9sitez pas \u00e0 nous contacter pour que nous puissions adapter la solution int\u00e9gr\u00e9e de retrait et traitement du fumier la plus adapt\u00e9e \u00e0 la taille de votre ferme, \u00e0 la population de b\u00e9tail et \u00e0 votre budget.<\/p>","protected":false},"excerpt":{"rendered":"<p>The manure cleaning machine combines collection, conveyance, and automatic unloading, completing a single operation in 3 to 8 minutes, thereby significantly improving farm hygiene and production efficiency.<\/p>","protected":false},"author":1,"featured_media":1224,"parent":0,"template":"","tags":[],"product-type":[8],"class_list":["post-1217","product","type-product","status-publish","has-post-thumbnail","hentry","product-type-other-silage-machines"],"_links":{"self":[{"href":"https:\/\/balerwrapper.com\/fr\/wp-json\/wp\/v2\/product\/1217","targetHints":{"allow":["GET"]}}],"collection":[{"href":"https:\/\/balerwrapper.com\/fr\/wp-json\/wp\/v2\/product"}],"about":[{"href":"https:\/\/balerwrapper.com\/fr\/wp-json\/wp\/v2\/types\/product"}],"author":[{"embeddable":true,"href":"https:\/\/balerwrapper.com\/fr\/wp-json\/wp\/v2\/users\/1"}],"wp:featuredmedia":[{"embeddable":true,"href":"https:\/\/balerwrapper.com\/fr\/wp-json\/wp\/v2\/media\/1224"}],"wp:attachment":[{"href":"https:\/\/balerwrapper.com\/fr\/wp-json\/wp\/v2\/media?parent=1217"}],"wp:term":[{"taxonomy":"post_tag","embeddable":true,"href":"https:\/\/balerwrapper.com\/fr\/wp-json\/wp\/v2\/tags?post=1217"},{"taxonomy":"product-type","embeddable":true,"href":"https:\/\/balerwrapper.com\/fr\/wp-json\/wp\/v2\/product-type?post=1217"}],"curies":[{"name":"wp","href":"https:\/\/api.w.org\/{rel}","templated":true}]}}