{"id":13,"date":"2022-08-22T08:58:42","date_gmt":"2022-08-22T08:58:42","guid":{"rendered":"https:\/\/balerwrapper.com\/?page_id=13"},"modified":"2026-04-24T17:38:37","modified_gmt":"2026-04-24T09:38:37","slug":"about-us","status":"publish","type":"page","link":"https:\/\/balerwrapper.com\/fr\/about-us\/","title":{"rendered":"\u00c0 propos de nous"},"content":{"rendered":"<p>Taizy Machinery est une entreprise technologique agricole sp\u00e9cialis\u00e9e dans la recherche et d\u00e9veloppement, la production et la vente d'\u00e9quipements de traitement de fourrage. Forte de plus de 20 ans d'exp\u00e9rience en fabrication, nous proposons des solutions efficaces et fiables pour l'ensilage, le recyclage de la paille, le traitement du fourrage et l'\u00e9levage.<\/p>    <p>Guid\u00e9s par \u00ab Qualit\u00e9 d'abord, Client supr\u00eame \u00bb, nous innovons continuellement pour r\u00e9pondre aux besoins agricoles modernes et accueillons des partenaires mondiaux pour une coop\u00e9ration mutuelle.<\/p>    <figure class=\"wp-block-image size-large\"><img loading=\"lazy\" decoding=\"async\" width=\"1024\" height=\"576\" src=\"https:\/\/balerwrapper.com\/wp-content\/uploads\/2026\/04\/Silage-Farm-1024x576.webp\" alt=\"Ferme d&#039;ensilage\" class=\"wp-image-1240\" srcset=\"https:\/\/balerwrapper.com\/wp-content\/uploads\/2026\/04\/Silage-Farm-1024x576.webp 1024w, https:\/\/balerwrapper.com\/wp-content\/uploads\/2026\/04\/Silage-Farm-300x169.webp 300w, https:\/\/balerwrapper.com\/wp-content\/uploads\/2026\/04\/Silage-Farm-768x432.webp 768w, https:\/\/balerwrapper.com\/wp-content\/uploads\/2026\/04\/Silage-Farm-18x10.webp 18w, https:\/\/balerwrapper.com\/wp-content\/uploads\/2026\/04\/Silage-Farm-1536x864.webp 1536w, https:\/\/balerwrapper.com\/wp-content\/uploads\/2026\/04\/Silage-Farm.webp 1920w\" sizes=\"auto, (max-width: 1024px) 100vw, 1024px\" \/><\/figure>    <h2 class=\"wp-block-heading\" id=\"h-our-main-products\">Nos principaux produits<\/h2>    <p>Nos principaux produits incluent des presses \u00e0 balles d'ensilage, des presses \u00e0 balles rondes pour foin, des presses \u00e0 balles carr\u00e9es pour paille, des machines d'enveloppement d'ensilage, des presses hydrauliques, des coupe-foin, des machines de coupe et de recyclage des tiges, et d'autres \u00e9quipements complets de traitement de fourrage.<\/p>    <p>Construites avec des mat\u00e9riaux de haute r\u00e9sistance, nos machines offrent des performances stables, une utilisation facile, une longue dur\u00e9e de vie et une grande efficacit\u00e9 \u2014 aidant les agriculteurs \u00e0 r\u00e9duire les co\u00fbts de main-d'\u0153uvre et \u00e0 am\u00e9liorer la qualit\u00e9 du fourrage.<\/p>    <figure class=\"wp-block-gallery has-nested-images columns-default is-cropped wp-block-gallery-2 is-layout-flex wp-block-gallery-is-layout-flex\"> <figure class=\"wp-block-image size-large\"><img loading=\"lazy\" decoding=\"async\" width=\"720\" height=\"540\" data-id=\"1252\" src=\"https:\/\/balerwrapper.com\/wp-content\/uploads\/2026\/04\/Forage-feed-spreader-cars.webp\" alt=\"V\u00e9hicules distributeurs de fourrage\" class=\"wp-image-1252\" srcset=\"https:\/\/balerwrapper.com\/wp-content\/uploads\/2026\/04\/Forage-feed-spreader-cars.webp 720w, https:\/\/balerwrapper.com\/wp-content\/uploads\/2026\/04\/Forage-feed-spreader-cars-300x225.webp 300w, https:\/\/balerwrapper.com\/wp-content\/uploads\/2026\/04\/Forage-feed-spreader-cars-16x12.webp 16w\" sizes=\"auto, (max-width: 720px) 100vw, 720px\" \/><figcaption class=\"wp-element-caption\">V\u00e9hicules distributeurs de fourrage<\/figcaption><\/figure>    <figure class=\"wp-block-image size-large\"><img loading=\"lazy\" decoding=\"async\" width=\"720\" height=\"540\" data-id=\"1250\" src=\"https:\/\/balerwrapper.com\/wp-content\/uploads\/2026\/04\/Chaff-cutter-used-with-a-silage-baler.webp\" alt=\"Coupe-foin utilis\u00e9 avec une presse \u00e0 ensilage\" class=\"wp-image-1250\" srcset=\"https:\/\/balerwrapper.com\/wp-content\/uploads\/2026\/04\/Chaff-cutter-used-with-a-silage-baler.webp 720w, https:\/\/balerwrapper.com\/wp-content\/uploads\/2026\/04\/Chaff-cutter-used-with-a-silage-baler-300x225.webp 300w, https:\/\/balerwrapper.com\/wp-content\/uploads\/2026\/04\/Chaff-cutter-used-with-a-silage-baler-16x12.webp 16w\" sizes=\"auto, (max-width: 720px) 100vw, 720px\" \/><figcaption class=\"wp-element-caption\">Coupe-foin utilis\u00e9 avec une presse \u00e0 ensilage<\/figcaption><\/figure>    <figure class=\"wp-block-image size-full\"><img loading=\"lazy\" decoding=\"async\" width=\"720\" height=\"540\" data-id=\"1278\" src=\"https:\/\/balerwrapper.com\/wp-content\/uploads\/2026\/04\/Forage-baler-wrappers-with-big-tires.webp\" alt=\"Enrouleurs de balles de fourrage avec de gros pneus\" class=\"wp-image-1278\" srcset=\"https:\/\/balerwrapper.com\/wp-content\/uploads\/2026\/04\/Forage-baler-wrappers-with-big-tires.webp 720w, https:\/\/balerwrapper.com\/wp-content\/uploads\/2026\/04\/Forage-baler-wrappers-with-big-tires-300x225.webp 300w, https:\/\/balerwrapper.com\/wp-content\/uploads\/2026\/04\/Forage-baler-wrappers-with-big-tires-16x12.webp 16w\" sizes=\"auto, (max-width: 720px) 100vw, 720px\" \/><figcaption class=\"wp-element-caption\">Enrouleurs de balles de fourrage avec de gros pneus<\/figcaption><\/figure>    <figure class=\"wp-block-image size-large\"><img loading=\"lazy\" decoding=\"async\" width=\"720\" height=\"540\" data-id=\"1254\" src=\"https:\/\/balerwrapper.com\/wp-content\/uploads\/2026\/04\/Round-bale-straw-pickup-balers.webp\" alt=\"Enrouleurs de balles de paille pour la r\u00e9colte\" class=\"wp-image-1254\" srcset=\"https:\/\/balerwrapper.com\/wp-content\/uploads\/2026\/04\/Round-bale-straw-pickup-balers.webp 720w, https:\/\/balerwrapper.com\/wp-content\/uploads\/2026\/04\/Round-bale-straw-pickup-balers-300x225.webp 300w, https:\/\/balerwrapper.com\/wp-content\/uploads\/2026\/04\/Round-bale-straw-pickup-balers-16x12.webp 16w\" sizes=\"auto, (max-width: 720px) 100vw, 720px\" \/><figcaption class=\"wp-element-caption\">Enrouleurs de balles de paille pour la r\u00e9colte<\/figcaption><\/figure>    <figure class=\"wp-block-image size-large\"><img loading=\"lazy\" decoding=\"async\" width=\"720\" height=\"540\" data-id=\"1255\" src=\"https:\/\/balerwrapper.com\/wp-content\/uploads\/2026\/04\/Silage-baling-wrapping-machines.webp\" alt=\"Machines d&#039;enveloppement de balles d&#039;ensilage\" class=\"wp-image-1255\" srcset=\"https:\/\/balerwrapper.com\/wp-content\/uploads\/2026\/04\/Silage-baling-wrapping-machines.webp 720w, https:\/\/balerwrapper.com\/wp-content\/uploads\/2026\/04\/Silage-baling-wrapping-machines-300x225.webp 300w, https:\/\/balerwrapper.com\/wp-content\/uploads\/2026\/04\/Silage-baling-wrapping-machines-16x12.webp 16w\" sizes=\"auto, (max-width: 720px) 100vw, 720px\" \/><figcaption class=\"wp-element-caption\">Machines d'enveloppement de balles d'ensilage<\/figcaption><\/figure>    <figure class=\"wp-block-image size-large\"><img loading=\"lazy\" decoding=\"async\" width=\"720\" height=\"540\" data-id=\"1253\" src=\"https:\/\/balerwrapper.com\/wp-content\/uploads\/2026\/04\/Large-silage-baler-wrapper.webp\" alt=\"Enrouleurs de balles d&#039;ensilage de grande taille\" class=\"wp-image-1253\" srcset=\"https:\/\/balerwrapper.com\/wp-content\/uploads\/2026\/04\/Large-silage-baler-wrapper.webp 720w, https:\/\/balerwrapper.com\/wp-content\/uploads\/2026\/04\/Large-silage-baler-wrapper-300x225.webp 300w, https:\/\/balerwrapper.com\/wp-content\/uploads\/2026\/04\/Large-silage-baler-wrapper-16x12.webp 16w\" sizes=\"auto, (max-width: 720px) 100vw, 720px\" \/><figcaption class=\"wp-element-caption\">Enrouleurs de balles d'ensilage de grande taille<\/figcaption><\/figure>    <figure class=\"wp-block-image size-full\"><img loading=\"lazy\" decoding=\"async\" width=\"720\" height=\"540\" data-id=\"1280\" src=\"https:\/\/balerwrapper.com\/wp-content\/uploads\/2026\/04\/Hydraulic-silage-packing-baler-machine.webp\" alt=\"Machine hydraulique de mise en balle d&#039;ensilage\" class=\"wp-image-1280\" srcset=\"https:\/\/balerwrapper.com\/wp-content\/uploads\/2026\/04\/Hydraulic-silage-packing-baler-machine.webp 720w, https:\/\/balerwrapper.com\/wp-content\/uploads\/2026\/04\/Hydraulic-silage-packing-baler-machine-300x225.webp 300w, https:\/\/balerwrapper.com\/wp-content\/uploads\/2026\/04\/Hydraulic-silage-packing-baler-machine-16x12.webp 16w\" sizes=\"auto, (max-width: 720px) 100vw, 720px\" \/><figcaption class=\"wp-element-caption\">Machine hydraulique de mise en balle d'ensilage<\/figcaption><\/figure>    <figure class=\"wp-block-image size-large\"><img loading=\"lazy\" decoding=\"async\" width=\"720\" height=\"540\" data-id=\"1258\" src=\"https:\/\/balerwrapper.com\/wp-content\/uploads\/2026\/04\/TMR-feed-mixer-machines.webp\" alt=\"Machines \u00e0 m\u00e9langeur TMR\" class=\"wp-image-1258\" srcset=\"https:\/\/balerwrapper.com\/wp-content\/uploads\/2026\/04\/TMR-feed-mixer-machines.webp 720w, https:\/\/balerwrapper.com\/wp-content\/uploads\/2026\/04\/TMR-feed-mixer-machines-300x225.webp 300w, https:\/\/balerwrapper.com\/wp-content\/uploads\/2026\/04\/TMR-feed-mixer-machines-16x12.webp 16w\" sizes=\"auto, (max-width: 720px) 100vw, 720px\" \/><figcaption class=\"wp-element-caption\">Machines \u00e0 m\u00e9langeur TMR<\/figcaption><\/figure>    <figure class=\"wp-block-image size-large\"><img loading=\"lazy\" decoding=\"async\" width=\"720\" height=\"540\" data-id=\"1257\" src=\"https:\/\/balerwrapper.com\/wp-content\/uploads\/2026\/04\/Square-bale-straw-pickup-balers.webp\" alt=\"Presses \u00e0 balle carr\u00e9e pour la r\u00e9colte de paille\" class=\"wp-image-1257\" srcset=\"https:\/\/balerwrapper.com\/wp-content\/uploads\/2026\/04\/Square-bale-straw-pickup-balers.webp 720w, https:\/\/balerwrapper.com\/wp-content\/uploads\/2026\/04\/Square-bale-straw-pickup-balers-300x225.webp 300w, https:\/\/balerwrapper.com\/wp-content\/uploads\/2026\/04\/Square-bale-straw-pickup-balers-16x12.webp 16w\" sizes=\"auto, (max-width: 720px) 100vw, 720px\" \/><figcaption class=\"wp-element-caption\">Presses \u00e0 balle carr\u00e9e pour la r\u00e9colte de paille<\/figcaption><\/figure> <\/figure>    <h2 class=\"wp-block-heading\" id=\"h-honors-and-certificates\">Honneurs et certificats<\/h2>    <p>Notre entreprise et nos produits ont obtenu la certification CE, la certification du syst\u00e8me de qualit\u00e9 ISO, des rapports d'essai et d'autres qualifications officielles, conformes aux normes internationales de s\u00e9curit\u00e9 et de qualit\u00e9 des machines agricoles.<\/p>    <figure class=\"wp-block-gallery has-nested-images columns-default is-cropped wp-block-gallery-3 is-layout-flex wp-block-gallery-is-layout-flex\"> <figure class=\"wp-block-image size-large\"><img loading=\"lazy\" decoding=\"async\" width=\"724\" height=\"1024\" data-id=\"1261\" src=\"https:\/\/balerwrapper.com\/wp-content\/uploads\/2026\/04\/ISO-Certification-724x1024.webp\" alt=\"Certification ISO\" class=\"wp-image-1261\" srcset=\"https:\/\/balerwrapper.com\/wp-content\/uploads\/2026\/04\/ISO-Certification-724x1024.webp 724w, https:\/\/balerwrapper.com\/wp-content\/uploads\/2026\/04\/ISO-Certification-212x300.webp 212w, https:\/\/balerwrapper.com\/wp-content\/uploads\/2026\/04\/ISO-Certification-768x1086.webp 768w, https:\/\/balerwrapper.com\/wp-content\/uploads\/2026\/04\/ISO-Certification-8x12.webp 8w, https:\/\/balerwrapper.com\/wp-content\/uploads\/2026\/04\/ISO-Certification-1087x1536.webp 1087w, https:\/\/balerwrapper.com\/wp-content\/uploads\/2026\/04\/ISO-Certification-1449x2048.webp 1449w, https:\/\/balerwrapper.com\/wp-content\/uploads\/2026\/04\/ISO-Certification-scaled.webp 1811w\" sizes=\"auto, (max-width: 724px) 100vw, 724px\" \/><figcaption class=\"wp-element-caption\">Certification ISO<\/figcaption><\/figure>    <figure class=\"wp-block-image size-large\"><img loading=\"lazy\" decoding=\"async\" width=\"724\" height=\"1024\" data-id=\"1262\" src=\"https:\/\/balerwrapper.com\/wp-content\/uploads\/2026\/04\/Silage-Baler-CE-724x1024.webp\" alt=\"Presses \u00e0 ensilage CE\" class=\"wp-image-1262\" srcset=\"https:\/\/balerwrapper.com\/wp-content\/uploads\/2026\/04\/Silage-Baler-CE-724x1024.webp 724w, https:\/\/balerwrapper.com\/wp-content\/uploads\/2026\/04\/Silage-Baler-CE-212x300.webp 212w, https:\/\/balerwrapper.com\/wp-content\/uploads\/2026\/04\/Silage-Baler-CE-768x1086.webp 768w, https:\/\/balerwrapper.com\/wp-content\/uploads\/2026\/04\/Silage-Baler-CE-8x12.webp 8w, https:\/\/balerwrapper.com\/wp-content\/uploads\/2026\/04\/Silage-Baler-CE-1087x1536.webp 1087w, https:\/\/balerwrapper.com\/wp-content\/uploads\/2026\/04\/Silage-Baler-CE.webp 1240w\" sizes=\"auto, (max-width: 724px) 100vw, 724px\" \/><figcaption class=\"wp-element-caption\">Presses \u00e0 ensilage CE<\/figcaption><\/figure> <\/figure>    <h2 class=\"wp-block-heading\" id=\"h-customer-s-feedback\">March\u00e9 mondial<\/h2>    <p>Les machines de traitement de fourrage Taizy sont export\u00e9es en Afrique, en Asie, en Europe, en Am\u00e9rique du Sud, y compris dans plus de 60 pays et r\u00e9gions tels que le Kenya, le Nigeria, les Philippines, l'Indon\u00e9sie, la Malaisie, le Qatar, le Guatemala, le Portugal, le Botswana, la Somalie, la Tanzanie, le Pakistan, etc. Nous avons \u00e9tabli une coop\u00e9ration stable et \u00e0 long terme avec des clients du monde entier.<\/p>    <figure class=\"wp-block-gallery has-nested-images columns-default is-cropped wp-block-gallery-4 is-layout-flex wp-block-gallery-is-layout-flex\"> <figure class=\"wp-block-image size-large\"><img loading=\"lazy\" decoding=\"async\" width=\"720\" height=\"540\" data-id=\"1272\" src=\"https:\/\/balerwrapper.com\/wp-content\/uploads\/2026\/04\/Silage-bale-wrapping-machines-loaded-for-Algeria.webp\" alt=\"Machines d&#039;enroulement de balles d&#039;ensilage charg\u00e9es pour l&#039;Alg\u00e9rie\" class=\"wp-image-1272\" srcset=\"https:\/\/balerwrapper.com\/wp-content\/uploads\/2026\/04\/Silage-bale-wrapping-machines-loaded-for-Algeria.webp 720w, https:\/\/balerwrapper.com\/wp-content\/uploads\/2026\/04\/Silage-bale-wrapping-machines-loaded-for-Algeria-300x225.webp 300w, https:\/\/balerwrapper.com\/wp-content\/uploads\/2026\/04\/Silage-bale-wrapping-machines-loaded-for-Algeria-16x12.webp 16w\" sizes=\"auto, (max-width: 720px) 100vw, 720px\" \/><figcaption class=\"wp-element-caption\">Machines d'enroulement de balles d'ensilage charg\u00e9es pour l'Alg\u00e9rie<\/figcaption><\/figure>    <figure class=\"wp-block-image size-large\"><img loading=\"lazy\" decoding=\"async\" width=\"720\" height=\"540\" data-id=\"1270\" src=\"https:\/\/balerwrapper.com\/wp-content\/uploads\/2026\/04\/10-Sets-of-silage-balers-shipped-to-Thailand.webp\" alt=\"10 ensembles de presses \u00e0 ensilage exp\u00e9di\u00e9s en Tha\u00eflande\" class=\"wp-image-1270\" srcset=\"https:\/\/balerwrapper.com\/wp-content\/uploads\/2026\/04\/10-Sets-of-silage-balers-shipped-to-Thailand.webp 720w, https:\/\/balerwrapper.com\/wp-content\/uploads\/2026\/04\/10-Sets-of-silage-balers-shipped-to-Thailand-300x225.webp 300w, https:\/\/balerwrapper.com\/wp-content\/uploads\/2026\/04\/10-Sets-of-silage-balers-shipped-to-Thailand-16x12.webp 16w\" sizes=\"auto, (max-width: 720px) 100vw, 720px\" \/><figcaption class=\"wp-element-caption\">10 ensembles de presses \u00e0 ensilage exp\u00e9di\u00e9s en Tha\u00eflande<\/figcaption><\/figure>    <figure class=\"wp-block-image size-large\"><img loading=\"lazy\" decoding=\"async\" width=\"720\" height=\"540\" data-id=\"1267\" src=\"https:\/\/balerwrapper.com\/wp-content\/uploads\/2026\/04\/2-Silage-baling-wrapping-machines-to-South-Africa.webp\" alt=\"2 machines d&#039;enroulement de balles de ensilage pour l&#039;Afrique du Sud\" class=\"wp-image-1267\" srcset=\"https:\/\/balerwrapper.com\/wp-content\/uploads\/2026\/04\/2-Silage-baling-wrapping-machines-to-South-Africa.webp 720w, https:\/\/balerwrapper.com\/wp-content\/uploads\/2026\/04\/2-Silage-baling-wrapping-machines-to-South-Africa-300x225.webp 300w, https:\/\/balerwrapper.com\/wp-content\/uploads\/2026\/04\/2-Silage-baling-wrapping-machines-to-South-Africa-16x12.webp 16w\" sizes=\"auto, (max-width: 720px) 100vw, 720px\" \/><figcaption class=\"wp-element-caption\">2 machines d'enroulement de balles de ensilage pour l'Afrique du Sud<\/figcaption><\/figure>    <figure class=\"wp-block-image size-large\"><img loading=\"lazy\" decoding=\"async\" width=\"720\" height=\"540\" data-id=\"1268\" src=\"https:\/\/balerwrapper.com\/wp-content\/uploads\/2026\/04\/4-Sets-of-forage-baler-wrappers-to-Senegal.webp\" alt=\"4 ensembles d&#039;enrouleurs de balles de fourrage pour le S\u00e9n\u00e9gal\" class=\"wp-image-1268\" srcset=\"https:\/\/balerwrapper.com\/wp-content\/uploads\/2026\/04\/4-Sets-of-forage-baler-wrappers-to-Senegal.webp 720w, https:\/\/balerwrapper.com\/wp-content\/uploads\/2026\/04\/4-Sets-of-forage-baler-wrappers-to-Senegal-300x225.webp 300w, https:\/\/balerwrapper.com\/wp-content\/uploads\/2026\/04\/4-Sets-of-forage-baler-wrappers-to-Senegal-16x12.webp 16w\" sizes=\"auto, (max-width: 720px) 100vw, 720px\" \/><figcaption class=\"wp-element-caption\">4 ensembles d'enrouleurs de balles de fourrage pour le S\u00e9n\u00e9gal<\/figcaption><\/figure>    <figure class=\"wp-block-image size-large\"><img loading=\"lazy\" decoding=\"async\" width=\"720\" height=\"540\" data-id=\"1269\" src=\"https:\/\/balerwrapper.com\/wp-content\/uploads\/2026\/04\/5-Sets-of-silage-baler-machines-to-Tanzania.webp\" alt=\"5 ensembles de machines \u00e0 ensiler pour la Tanzanie\" class=\"wp-image-1269\" srcset=\"https:\/\/balerwrapper.com\/wp-content\/uploads\/2026\/04\/5-Sets-of-silage-baler-machines-to-Tanzania.webp 720w, https:\/\/balerwrapper.com\/wp-content\/uploads\/2026\/04\/5-Sets-of-silage-baler-machines-to-Tanzania-300x225.webp 300w, https:\/\/balerwrapper.com\/wp-content\/uploads\/2026\/04\/5-Sets-of-silage-baler-machines-to-Tanzania-16x12.webp 16w\" sizes=\"auto, (max-width: 720px) 100vw, 720px\" \/><figcaption class=\"wp-element-caption\">5 ensembles de machines \u00e0 ensiler pour la Tanzanie<\/figcaption><\/figure>    <figure class=\"wp-block-image size-large\"><img loading=\"lazy\" decoding=\"async\" width=\"720\" height=\"540\" data-id=\"1271\" src=\"https:\/\/balerwrapper.com\/wp-content\/uploads\/2026\/04\/250-Sets-hay-cutters-shipped-to-Kenya.webp\" alt=\"250 ensembles de coupe-halles exp\u00e9di\u00e9s au Kenya\" class=\"wp-image-1271\" srcset=\"https:\/\/balerwrapper.com\/wp-content\/uploads\/2026\/04\/250-Sets-hay-cutters-shipped-to-Kenya.webp 720w, https:\/\/balerwrapper.com\/wp-content\/uploads\/2026\/04\/250-Sets-hay-cutters-shipped-to-Kenya-300x225.webp 300w, https:\/\/balerwrapper.com\/wp-content\/uploads\/2026\/04\/250-Sets-hay-cutters-shipped-to-Kenya-16x12.webp 16w\" sizes=\"auto, (max-width: 720px) 100vw, 720px\" \/><figcaption class=\"wp-element-caption\">250 ensembles de coupe-halles exp\u00e9di\u00e9s au Kenya<\/figcaption><\/figure>    <figure class=\"wp-block-image size-large\"><img loading=\"lazy\" decoding=\"async\" width=\"720\" height=\"540\" data-id=\"1266\" src=\"https:\/\/balerwrapper.com\/wp-content\/uploads\/2026\/04\/2-Sets-of-straw-pickup-balers-to-the-Netherlands.webp\" alt=\"2 ensembles de presses \u00e0 balles de paille pour les Pays-Bas\" class=\"wp-image-1266\" srcset=\"https:\/\/balerwrapper.com\/wp-content\/uploads\/2026\/04\/2-Sets-of-straw-pickup-balers-to-the-Netherlands.webp 720w, https:\/\/balerwrapper.com\/wp-content\/uploads\/2026\/04\/2-Sets-of-straw-pickup-balers-to-the-Netherlands-300x225.webp 300w, https:\/\/balerwrapper.com\/wp-content\/uploads\/2026\/04\/2-Sets-of-straw-pickup-balers-to-the-Netherlands-16x12.webp 16w\" sizes=\"auto, (max-width: 720px) 100vw, 720px\" \/><figcaption class=\"wp-element-caption\">2 ensembles de presses \u00e0 balles de paille pour les Pays-Bas<\/figcaption><\/figure>    <figure class=\"wp-block-image size-large\"><img loading=\"lazy\" decoding=\"async\" width=\"720\" height=\"540\" data-id=\"1273\" src=\"https:\/\/balerwrapper.com\/wp-content\/uploads\/2026\/04\/Silage-baler-wrappers-shipment-to-Costa-Rica.webp\" alt=\"Exp\u00e9dition d&#039;enrouleurs de balles d&#039;ensilage vers le Costa Rica\" class=\"wp-image-1273\" srcset=\"https:\/\/balerwrapper.com\/wp-content\/uploads\/2026\/04\/Silage-baler-wrappers-shipment-to-Costa-Rica.webp 720w, https:\/\/balerwrapper.com\/wp-content\/uploads\/2026\/04\/Silage-baler-wrappers-shipment-to-Costa-Rica-300x225.webp 300w, https:\/\/balerwrapper.com\/wp-content\/uploads\/2026\/04\/Silage-baler-wrappers-shipment-to-Costa-Rica-16x12.webp 16w\" sizes=\"auto, (max-width: 720px) 100vw, 720px\" \/><figcaption class=\"wp-element-caption\">Exp\u00e9dition d'enrouleurs de balles d'ensilage vers le Costa Rica<\/figcaption><\/figure>    <figure class=\"wp-block-image size-large\"><img loading=\"lazy\" decoding=\"async\" width=\"720\" height=\"540\" data-id=\"1274\" src=\"https:\/\/balerwrapper.com\/wp-content\/uploads\/2026\/04\/Twin-cylinder-hydraulic-baler-shipped-to-Portugal.webp\" alt=\"Enrouleur hydraulique \u00e0 double cylindre exp\u00e9di\u00e9 au Portugal\" class=\"wp-image-1274\" srcset=\"https:\/\/balerwrapper.com\/wp-content\/uploads\/2026\/04\/Twin-cylinder-hydraulic-baler-shipped-to-Portugal.webp 720w, https:\/\/balerwrapper.com\/wp-content\/uploads\/2026\/04\/Twin-cylinder-hydraulic-baler-shipped-to-Portugal-300x225.webp 300w, https:\/\/balerwrapper.com\/wp-content\/uploads\/2026\/04\/Twin-cylinder-hydraulic-baler-shipped-to-Portugal-16x12.webp 16w\" sizes=\"auto, (max-width: 720px) 100vw, 720px\" \/><figcaption class=\"wp-element-caption\">Enrouleur hydraulique \u00e0 double cylindre exp\u00e9di\u00e9 au Portugal<\/figcaption><\/figure> <\/figure>    <h2 class=\"wp-block-heading\">Nos avantages principaux<\/h2>    <ul class=\"wp-block-list\"> <li><strong>Capacit\u00e9 de fabrication professionnelle<\/strong>: Nous disposons d'ateliers standardis\u00e9s, d'\u00e9quipements de production avanc\u00e9s et d'une technologie de traitement mature pour assurer une qualit\u00e9 stable et une livraison \u00e0 temps.<\/li>    <li><strong>\u00c9quipe de R&amp;D et technique professionnelle<\/strong>: Notre \u00e9quipe se concentre sur l'innovation technologique dans le domaine des machines de fourrage, en optimisant continuellement la performance et l'applicabilit\u00e9 des produits.<\/li>    <li><strong>Contr\u00f4le de qualit\u00e9 strict<\/strong>: Chaque machine subit plusieurs inspections et r\u00e9glages pour garantir une haute efficacit\u00e9, un faible taux de d\u00e9faillance et une longue dur\u00e9e de vie.<\/li>    <li><strong>Exp\u00e9rience d'exportation riche<\/strong>: Nous avons une riche exp\u00e9rience dans le commerce international, familiers avec les proc\u00e9dures d'exportation, l'exp\u00e9dition, le d\u00e9douanement et le support apr\u00e8s-vente dans le monde entier.<\/li> <\/ul>    <h2 class=\"wp-block-heading\">Notre service<\/h2>    <ul class=\"wp-block-list\"> <li><strong>Pr\u00e9-vente<\/strong>: Conception de sch\u00e9mas gratuite, conseils pour le choix du mod\u00e8le, devis et consultation technique. <\/li>    <li><strong>Ventes<\/strong>: Production standardis\u00e9e, contr\u00f4le qualit\u00e9 strict, retour d'information en temps r\u00e9el sur l'avancement de la production. <\/li>    <li><strong>Apr\u00e8s-vente<\/strong>: Assistance en ligne, installation de la machine, formation \u00e0 l'utilisation, support apr\u00e8s-vente en temps voulu.<\/li> <\/ul>    <div class=\"wp-block-group alignfull has-text-color has-background\" style=\"color:#000000;background-color:#ffffff\"><div class=\"wp-block-group__inner-container is-layout-flow wp-block-group-is-layout-flow\"> <p class=\"has-text-align-center\">Vous cherchez une machinerie de traitement de fourrage fiable et efficace ?<\/p>    <p class=\"has-text-align-center\">Contactez-nous d\u00e8s maintenant pour un devis gratuit et des solutions professionnelles !<\/p>    <div class=\"wp-block-buttons is-horizontal is-content-justification-center is-layout-flex wp-container-core-buttons-is-layout-499968f5 wp-block-buttons-is-layout-flex\"> <div class=\"wp-block-button has-custom-width wp-block-button__width-50\"><a class=\"wp-block-button__link has-text-color has-background wp-element-button\" href=\"https:\/\/wa.me\/+8617320158259\" style=\"border-radius:50px;color:#ffffff;background-color:#000000\" target=\"_blank\" rel=\"noopener\">Contactez-nous<\/a><\/div> <\/div> <\/div><\/div>","protected":false},"excerpt":{"rendered":"<p>Taizy Machinery is a professional agricultural technology company specializing in the R&amp;D, production, and sales of forage processing equipment. With 20+ years of manufacturing experience, we provide efficient and reliable solutions for silage, straw recycling, feed processing, and livestock farming. Guided by \u201cQuality First, Customer Supreme,\u201d we continuously innovate to meet modern agricultural needs and [&hellip;]<\/p>\n","protected":false},"author":1,"featured_media":0,"parent":0,"menu_order":0,"comment_status":"closed","ping_status":"closed","template":"","meta":{"footnotes":""},"class_list":["post-13","page","type-page","status-publish","hentry"],"_links":{"self":[{"href":"https:\/\/balerwrapper.com\/fr\/wp-json\/wp\/v2\/pages\/13","targetHints":{"allow":["GET"]}}],"collection":[{"href":"https:\/\/balerwrapper.com\/fr\/wp-json\/wp\/v2\/pages"}],"about":[{"href":"https:\/\/balerwrapper.com\/fr\/wp-json\/wp\/v2\/types\/page"}],"author":[{"embeddable":true,"href":"https:\/\/balerwrapper.com\/fr\/wp-json\/wp\/v2\/users\/1"}],"replies":[{"embeddable":true,"href":"https:\/\/balerwrapper.com\/fr\/wp-json\/wp\/v2\/comments?post=13"}],"version-history":[{"count":17,"href":"https:\/\/balerwrapper.com\/fr\/wp-json\/wp\/v2\/pages\/13\/revisions"}],"predecessor-version":[{"id":1299,"href":"https:\/\/balerwrapper.com\/fr\/wp-json\/wp\/v2\/pages\/13\/revisions\/1299"}],"wp:attachment":[{"href":"https:\/\/balerwrapper.com\/fr\/wp-json\/wp\/v2\/media?parent=13"}],"curies":[{"name":"wp","href":"https:\/\/api.w.org\/{rel}","templated":true}]}}