{"id":743,"date":"2024-06-18T18:36:34","date_gmt":"2024-06-18T10:36:34","guid":{"rendered":"https:\/\/balerwrapper.com\/?post_type=product&#038;p=743"},"modified":"2026-03-31T10:18:25","modified_gmt":"2026-03-31T02:18:25","slug":"silage-baling-and-wrapping-machine","status":"publish","type":"product","link":"https:\/\/balerwrapper.com\/es\/product\/silage-baling-and-wrapping-machine\/","title":{"rendered":"Nueva m\u00e1quina empacadora y empacadora de ensilaje autom\u00e1tica tipo correa"},"content":{"rendered":"<div class=\"kk-star-ratings kksr-auto kksr-align-left kksr-valign-top\"     data-payload='{&quot;align&quot;:&quot;left&quot;,&quot;id&quot;:&quot;743&quot;,&quot;slug&quot;:&quot;default&quot;,&quot;valign&quot;:&quot;top&quot;,&quot;ignore&quot;:&quot;&quot;,&quot;reference&quot;:&quot;auto&quot;,&quot;class&quot;:&quot;&quot;,&quot;count&quot;:&quot;96&quot;,&quot;legendonly&quot;:&quot;&quot;,&quot;readonly&quot;:&quot;&quot;,&quot;score&quot;:&quot;4.9&quot;,&quot;starsonly&quot;:&quot;&quot;,&quot;best&quot;:&quot;5&quot;,&quot;gap&quot;:&quot;5&quot;,&quot;greet&quot;:&quot;Rate this product&quot;,&quot;legend&quot;:&quot;4.9\\\/5 - (96 votos)&quot;,&quot;size&quot;:&quot;24&quot;,&quot;title&quot;:&quot;New Belt-type Automatic Silage Baling And Wrapping Machine&quot;,&quot;width&quot;:&quot;139.6&quot;,&quot;_legend&quot;:&quot;{score}\\\/{best} - ({count} {votes})&quot;,&quot;font_factor&quot;:&quot;1.25&quot;}'>              <div class=\"kksr-stars\">      <div class=\"kksr-stars-inactive\">             <div class=\"kksr-star\" data-star=\"1\" style=\"padding-right: 5px\">               <div class=\"kksr-icon\" style=\"width: 24px; height: 24px;\"><\/div>         <\/div>             <div class=\"kksr-star\" data-star=\"2\" style=\"padding-right: 5px\">               <div class=\"kksr-icon\" style=\"width: 24px; height: 24px;\"><\/div>         <\/div>             <div class=\"kksr-star\" data-star=\"3\" style=\"padding-right: 5px\">               <div class=\"kksr-icon\" style=\"width: 24px; height: 24px;\"><\/div>         <\/div>             <div class=\"kksr-star\" data-star=\"4\" style=\"padding-right: 5px\">               <div class=\"kksr-icon\" style=\"width: 24px; height: 24px;\"><\/div>         <\/div>             <div class=\"kksr-star\" data-star=\"5\" style=\"padding-right: 5px\">               <div class=\"kksr-icon\" style=\"width: 24px; height: 24px;\"><\/div>         <\/div>     <\/div>      <div class=\"kksr-stars-active\" style=\"width: 139.6px;\">             <div class=\"kksr-star\" style=\"padding-right: 5px\">               <div class=\"kksr-icon\" style=\"width: 24px; height: 24px;\"><\/div>         <\/div>             <div class=\"kksr-star\" style=\"padding-right: 5px\">               <div class=\"kksr-icon\" style=\"width: 24px; height: 24px;\"><\/div>         <\/div>             <div class=\"kksr-star\" style=\"padding-right: 5px\">               <div class=\"kksr-icon\" style=\"width: 24px; height: 24px;\"><\/div>         <\/div>             <div class=\"kksr-star\" style=\"padding-right: 5px\">               <div class=\"kksr-icon\" style=\"width: 24px; height: 24px;\"><\/div>         <\/div>             <div class=\"kksr-star\" style=\"padding-right: 5px\">               <div class=\"kksr-icon\" style=\"width: 24px; height: 24px;\"><\/div>         <\/div>     <\/div> <\/div>                   <div class=\"kksr-legend\" style=\"font-size: 19.2px;\">             4.9\/5 - (96 votos)    <\/div>     <\/div>  <p>Hemos estado centrados en la producci\u00f3n y exportaci\u00f3n de m\u00e1quinas para ensilar y envolver pacas durante muchos a\u00f1os y hemos acumulado una rica experiencia en la industria. Ahora estamos orgullosos de lanzar la nueva generaci\u00f3n de la m\u00e1quina envolvedora de pacas de ensilaje de tipo 60 (9YDB-60).<\/p>    <p>El equipo adopta un dise\u00f1o de c\u00e1mara de empaquetado con una estructura de cinta en espiga, y cuenta con muchas funciones inteligentes como empaquetado totalmente autom\u00e1tico, tirado de pel\u00edcula, apertura y cierre de compuertas, y salida de bolsa inversa. <\/p>    <p>Puede empacar de 50 a 75 pacas por hora, cada paca pesa entre 90 y 140 kg, y el tama\u00f1o de la paca es \u03a6600\u00d7520mm. La densidad de la paca individual supera los 800kg\/m\u00b3, y la capacidad de procesamiento diaria puede alcanzar las 48 toneladas. Es un equipo ideal para empacar y envolver en ranchos y en la industria de la cr\u00eda.<\/p>    <figure class=\"wp-block-embed aligncenter is-type-video is-provider-youtube wp-block-embed-youtube wp-embed-aspect-16-9 wp-has-aspect-ratio\"><div class=\"wp-block-embed__wrapper\"> <iframe loading=\"lazy\" title=\"\u00a1La m\u00e1s nueva y revolucionaria m\u00e1quina empacadora y empacadora de forraje totalmente automatizada!\" width=\"500\" height=\"281\" src=\"https:\/\/www.youtube.com\/embed\/R0KwAUTpV_s?feature=oembed\" frameborder=\"0\" allow=\"accelerometer; autoplay; clipboard-write; encrypted-media; gyroscope; picture-in-picture; web-share\" referrerpolicy=\"strict-origin-when-cross-origin\" allowfullscreen><\/iframe> <\/div><figcaption class=\"wp-element-caption\">V\u00eddeo de trabajo de la m\u00e1quina empacadora y envolvedora de ensilado 9YDB-60<\/figcaption><\/figure>    <h2 class=\"wp-block-heading\">Grupos aplicables de la m\u00e1quina.<\/h2>    <ul class=\"wp-block-list\"> <li>Granjas y explotaciones: como granjas lecheras, granjas de ganado vacuno, granjas de ovejas, etc. Es adecuado para empacar y conservar grandes cantidades de silo.<\/li>    <li>Cooperativas agr\u00edcolas y granjas familiares: adecuadas para peque\u00f1as y medianas unidades cooperativas que combinan la siembra y la cr\u00eda, mejorando la eficiencia de la cosecha y el almacenamiento y reduciendo el costo laboral.<\/li>    <li>Grandes empresas agr\u00edcolas: realizan una operaci\u00f3n de enfardado autom\u00e1tico eficiente durante la temporada de cosecha de silo concentrado, lo que es conveniente para el transporte y el almacenamiento a largo plazo.<\/li>    <li>Proveedor de servicios de arrendamiento de maquinaria agr\u00edcola: adecuado para proporcionar servicio de empacado como equipo de operaci\u00f3n eficiente para satisfacer diversas necesidades de los clientes.<\/li> <\/ul>   <div class=\"wp-block-image\"> <figure class=\"aligncenter size-full\"><img loading=\"lazy\" decoding=\"async\" width=\"720\" height=\"540\" src=\"https:\/\/balerwrapper.com\/wp-content\/uploads\/2024\/06\/application-of-silage-baling-machine.webp\" alt=\"aplicaci\u00f3n de la m\u00e1quina empacadora de ensilaje\" class=\"wp-image-746\" srcset=\"https:\/\/balerwrapper.com\/wp-content\/uploads\/2024\/06\/application-of-silage-baling-machine.webp 720w, https:\/\/balerwrapper.com\/wp-content\/uploads\/2024\/06\/application-of-silage-baling-machine-300x225.webp 300w, https:\/\/balerwrapper.com\/wp-content\/uploads\/2024\/06\/application-of-silage-baling-machine-16x12.webp 16w\" sizes=\"auto, (max-width: 720px) 100vw, 720px\" \/><figcaption class=\"wp-element-caption\">aplicaci\u00f3n de m\u00e1quina de empaquetado y envoltura de silo<\/figcaption><\/figure> <\/div>   <h2 class=\"wp-block-heading\">Usos de las m\u00e1quinas enfardadoras de forraje<\/h2>    <ul class=\"wp-block-list\"> <li>Conservaci\u00f3n de forraje: se utiliza principalmente para empaquetar y filmar varios tipos de forraje como pasto, paja, silo, etc. para almacenamiento a largo plazo. El forraje filmado se a\u00edsla del aire para prevenir la fermentaci\u00f3n y el moho, manteniendo as\u00ed el contenido nutricional del forraje.<\/li>    <li>Tratamiento de residuos agr\u00edcolas: puede procesar residuos agr\u00edcolas como pajas de cultivos, c\u00e1scaras, tallos de ma\u00edz, etc., y empaquetarlos y almacenarlos para su posterior uso como alimento u otros fines para reducir la contaminaci\u00f3n ambiental.<\/li>    <li>Producci\u00f3n de silo: a trav\u00e9s de un recubrimiento de pel\u00edcula y fermentaci\u00f3n, se convierte la hierba forrajera fresca o los residuos de cultivos en un silo altamente nutritivo, que es adecuado para alimentar ganado como vacas y ovejas para mejorar su estructura nutricional.<\/li> <\/ul>    <figure class=\"wp-block-gallery has-nested-images columns-default is-cropped wp-block-gallery-2 is-layout-flex wp-block-gallery-is-layout-flex\"> <figure class=\"wp-block-image size-large\"><img loading=\"lazy\" decoding=\"async\" width=\"720\" height=\"540\" data-id=\"751\" src=\"https:\/\/balerwrapper.com\/wp-content\/uploads\/2024\/06\/forage-baling-machine.webp\" alt=\"empacadora de forraje\" class=\"wp-image-751\" srcset=\"https:\/\/balerwrapper.com\/wp-content\/uploads\/2024\/06\/forage-baling-machine.webp 720w, https:\/\/balerwrapper.com\/wp-content\/uploads\/2024\/06\/forage-baling-machine-300x225.webp 300w, https:\/\/balerwrapper.com\/wp-content\/uploads\/2024\/06\/forage-baling-machine-16x12.webp 16w\" sizes=\"auto, (max-width: 720px) 100vw, 720px\" \/><figcaption class=\"wp-element-caption\">empacadora de forraje<\/figcaption><\/figure>    <figure class=\"wp-block-image size-large\"><img loading=\"lazy\" decoding=\"async\" width=\"720\" height=\"540\" data-id=\"752\" src=\"https:\/\/balerwrapper.com\/wp-content\/uploads\/2024\/06\/silage-baling-and-wrapping-machine.webp\" alt=\"empacadora y envolvedora de ensilaje\" class=\"wp-image-752\" srcset=\"https:\/\/balerwrapper.com\/wp-content\/uploads\/2024\/06\/silage-baling-and-wrapping-machine.webp 720w, https:\/\/balerwrapper.com\/wp-content\/uploads\/2024\/06\/silage-baling-and-wrapping-machine-300x225.webp 300w, https:\/\/balerwrapper.com\/wp-content\/uploads\/2024\/06\/silage-baling-and-wrapping-machine-16x12.webp 16w\" sizes=\"auto, (max-width: 720px) 100vw, 720px\" \/><figcaption class=\"wp-element-caption\">empacadora y envolvedora de ensilaje<\/figcaption><\/figure> <\/figure>    <h2 class=\"wp-block-heading\">Estructura de la m\u00e1quina empacadora y envolvedora de ensilaje 9YDB-60<\/h2>    <p>Esta m\u00e1quina consta principalmente de dos partes, incluida la tolva de empacado y la parte de envoltura con pel\u00edcula.<\/p>    <p>La nueva m\u00e1quina empacadora y enfardadora de ensilado 9YDB-60 se diferencia de los modelos anteriores TZ-55-52 y 70 en que los dos primeros modelos pod\u00edan usar cuerdas de paja y cuerdas de red para empacar el alimento, mientras que la nueva 9YDB-60 solo puede usar Pel\u00edcula pl\u00e1stica transparente para empacar.<\/p>   <div class=\"wp-block-image\"> <figure class=\"aligncenter size-full\"><img loading=\"lazy\" decoding=\"async\" width=\"720\" height=\"540\" src=\"https:\/\/balerwrapper.com\/wp-content\/uploads\/2024\/06\/belt-type-silage-baler-machine-structure.webp\" alt=\"estructura de la m\u00e1quina empacadora de ensilado tipo correa\" class=\"wp-image-745\" srcset=\"https:\/\/balerwrapper.com\/wp-content\/uploads\/2024\/06\/belt-type-silage-baler-machine-structure.webp 720w, https:\/\/balerwrapper.com\/wp-content\/uploads\/2024\/06\/belt-type-silage-baler-machine-structure-300x225.webp 300w, https:\/\/balerwrapper.com\/wp-content\/uploads\/2024\/06\/belt-type-silage-baler-machine-structure-16x12.webp 16w\" sizes=\"auto, (max-width: 720px) 100vw, 720px\" \/><figcaption class=\"wp-element-caption\">estructura de la m\u00e1quina empacadora de ensilado tipo correa<\/figcaption><\/figure> <\/div>   <h2 class=\"wp-block-heading\">Visualizaci\u00f3n de detalles de la empacadora de heno<\/h2>    <p>Despu\u00e9s de entender la estructura general de la m\u00e1quina de ensilado, enfriado y embalado, profundicemos en los detalles de algunos componentes clave. Estos componentes juegan un papel vital en el funcionamiento eficiente y el rendimiento confiable de la m\u00e1quina. <\/p>    <p>Lo siguiente utilizar\u00e1 algunos diagramas de visualizaci\u00f3n detallados para ayudarte a entender de manera m\u00e1s intuitiva los detalles estructurales y los principios de funcionamiento de esta m\u00e1quina.<\/p>    <figure class=\"wp-block-gallery has-nested-images columns-2 is-cropped wp-block-gallery-3 is-layout-flex wp-block-gallery-is-layout-flex\"> <figure class=\"wp-block-image size-large\"><img loading=\"lazy\" decoding=\"async\" width=\"720\" height=\"540\" data-id=\"754\" src=\"https:\/\/balerwrapper.com\/wp-content\/uploads\/2024\/06\/Conveyor-belt-and-plastic-film.webp\" alt=\"Cinta transportadora y pel\u00edcula pl\u00e1stica.\" class=\"wp-image-754\" srcset=\"https:\/\/balerwrapper.com\/wp-content\/uploads\/2024\/06\/Conveyor-belt-and-plastic-film.webp 720w, https:\/\/balerwrapper.com\/wp-content\/uploads\/2024\/06\/Conveyor-belt-and-plastic-film-300x225.webp 300w, https:\/\/balerwrapper.com\/wp-content\/uploads\/2024\/06\/Conveyor-belt-and-plastic-film-16x12.webp 16w\" sizes=\"auto, (max-width: 720px) 100vw, 720px\" \/><figcaption class=\"wp-element-caption\">Cinta transportadora y pel\u00edcula pl\u00e1stica.<\/figcaption><\/figure>    <figure class=\"wp-block-image size-large\"><img loading=\"lazy\" decoding=\"async\" width=\"720\" height=\"540\" data-id=\"756\" src=\"https:\/\/balerwrapper.com\/wp-content\/uploads\/2024\/06\/PLC-control-cabinet-and-bin.webp\" alt=\"Gabinete y contenedor de control PLC\" class=\"wp-image-756\" srcset=\"https:\/\/balerwrapper.com\/wp-content\/uploads\/2024\/06\/PLC-control-cabinet-and-bin.webp 720w, https:\/\/balerwrapper.com\/wp-content\/uploads\/2024\/06\/PLC-control-cabinet-and-bin-300x225.webp 300w, https:\/\/balerwrapper.com\/wp-content\/uploads\/2024\/06\/PLC-control-cabinet-and-bin-16x12.webp 16w\" sizes=\"auto, (max-width: 720px) 100vw, 720px\" \/><figcaption class=\"wp-element-caption\">Gabinete y contenedor de control PLC<\/figcaption><\/figure>    <figure class=\"wp-block-image size-large\"><img loading=\"lazy\" decoding=\"async\" width=\"720\" height=\"540\" data-id=\"753\" src=\"https:\/\/balerwrapper.com\/wp-content\/uploads\/2024\/06\/baling-belt-and-wrap-machine.webp\" alt=\"Cinta empacadora y m\u00e1quina envolvedora\" class=\"wp-image-753\" srcset=\"https:\/\/balerwrapper.com\/wp-content\/uploads\/2024\/06\/baling-belt-and-wrap-machine.webp 720w, https:\/\/balerwrapper.com\/wp-content\/uploads\/2024\/06\/baling-belt-and-wrap-machine-300x225.webp 300w, https:\/\/balerwrapper.com\/wp-content\/uploads\/2024\/06\/baling-belt-and-wrap-machine-16x12.webp 16w\" sizes=\"auto, (max-width: 720px) 100vw, 720px\" \/><figcaption class=\"wp-element-caption\">Cinta empacadora y m\u00e1quina envolvedora<\/figcaption><\/figure>    <figure class=\"wp-block-image size-large\"><img loading=\"lazy\" decoding=\"async\" width=\"720\" height=\"540\" data-id=\"755\" src=\"https:\/\/balerwrapper.com\/wp-content\/uploads\/2024\/06\/film-cutter-and-intelligent-alarming.webp\" alt=\"Cortador de pel\u00edcula y alarma inteligente.\" class=\"wp-image-755\" srcset=\"https:\/\/balerwrapper.com\/wp-content\/uploads\/2024\/06\/film-cutter-and-intelligent-alarming.webp 720w, https:\/\/balerwrapper.com\/wp-content\/uploads\/2024\/06\/film-cutter-and-intelligent-alarming-300x225.webp 300w, https:\/\/balerwrapper.com\/wp-content\/uploads\/2024\/06\/film-cutter-and-intelligent-alarming-16x12.webp 16w\" sizes=\"auto, (max-width: 720px) 100vw, 720px\" \/><figcaption class=\"wp-element-caption\">Cortador de pel\u00edcula y alarma inteligente.<\/figcaption><\/figure> <\/figure>    <h2 class=\"wp-block-heading\">Principio de funcionamiento de la empacadora de ensilado.<\/h2>   <div id=\"rank-math-howto\" class=\"rank-math-block\" > <div class=\"rank-math-howto-description\"> <img loading=\"lazy\" decoding=\"async\" width=\"720\" height=\"540\" src=\"https:\/\/balerwrapper.com\/wp-content\/uploads\/2024\/06\/silage-feed-compact-baler.webp\" class=\"attachment-full size-full\" alt=\"empacadora compacta para alimentaci\u00f3n de ensilaje\" srcset=\"https:\/\/balerwrapper.com\/wp-content\/uploads\/2024\/06\/silage-feed-compact-baler.webp 720w, https:\/\/balerwrapper.com\/wp-content\/uploads\/2024\/06\/silage-feed-compact-baler-300x225.webp 300w, https:\/\/balerwrapper.com\/wp-content\/uploads\/2024\/06\/silage-feed-compact-baler-16x12.webp 16w\" sizes=\"auto, (max-width: 720px) 100vw, 720px\" \/> <p class=\"translation-block\">Las materias primas de la m\u00e1quina de empacado y enfardado de ensilaje se procesan generalmente con una cortadora de forraje. Dependiendo de sus requisitos para la finura del ensilaje terminado, ofrecemos diferentes tipos de m\u00e1quinas cortadoras de heno. Puede obtener m\u00e1s informaci\u00f3n sobre ellas haciendo clic en <strong><em><a href=\"https:\/\/balerwrapper.com\/es\/products\/chaff-cutter\/\">https:\/\/balerwrapper.com\/products\/chaff-cutter\/<\/a><\/em><\/strong>. El heno procesado se empaca y enfarda a trav\u00e9s del siguiente proceso.<\/p>  <\/div>  <div class=\"rank-math-steps\"> <div id=\"howto-step-1718700563266\" class=\"rank-math-step\"> <h3 class=\"rank-math-step-title\">Enfardado de forraje para ensilaje<\/h3> <div class=\"rank-math-step-content\"><p>El forraje se introduce de forma r\u00e1pida y uniforme en el contenedor de balas a trav\u00e9s de la cinta transportadora de alimentaci\u00f3n. Los dispositivos de compresi\u00f3n, como la correa en forma de espina de pescado en el contenedor, comprimen el forraje en balas cil\u00edndricas compactas de aproximadamente 120 kg, que luego se atan con una pel\u00edcula de pl\u00e1stico.<\/p> <\/div> <\/div> <div id=\"howto-step-1718700622406\" class=\"rank-math-step\"> <h3 class=\"rank-math-step-title\">parte de envoltura<\/h3> <div class=\"rank-math-step-content\"><p>Las balas atadas se envuelven mediante un dispositivo de envoltura con pel\u00edcula, que autom\u00e1ticamente tira de la pel\u00edcula pl\u00e1stica y la envuelve uniformemente alrededor de la superficie de la bala para garantizar que la bala est\u00e9 completamente envuelta en la pel\u00edcula para aislar el aire y evitar la fermentaci\u00f3n y el moho.<\/p> <\/div> <\/div> <\/div> <\/div>       <figure class=\"wp-block-gallery has-nested-images columns-default is-cropped wp-block-gallery-4 is-layout-flex wp-block-gallery-is-layout-flex\"> <figure class=\"wp-block-image size-large\"><img loading=\"lazy\" decoding=\"async\" width=\"720\" height=\"540\" data-id=\"749\" src=\"https:\/\/balerwrapper.com\/wp-content\/uploads\/2024\/06\/livestock-feed-baling-machine.webp\" alt=\"m\u00e1quina empacadora de alimentos para ganado\" class=\"wp-image-749\" srcset=\"https:\/\/balerwrapper.com\/wp-content\/uploads\/2024\/06\/livestock-feed-baling-machine.webp 720w, https:\/\/balerwrapper.com\/wp-content\/uploads\/2024\/06\/livestock-feed-baling-machine-300x225.webp 300w, https:\/\/balerwrapper.com\/wp-content\/uploads\/2024\/06\/livestock-feed-baling-machine-16x12.webp 16w\" sizes=\"auto, (max-width: 720px) 100vw, 720px\" \/><figcaption class=\"wp-element-caption\">m\u00e1quina empacadora de alimentos para ganado<\/figcaption><\/figure>    <figure class=\"wp-block-image size-large\"><img loading=\"lazy\" decoding=\"async\" width=\"720\" height=\"540\" data-id=\"750\" src=\"https:\/\/balerwrapper.com\/wp-content\/uploads\/2024\/06\/silage-round-baler-for-sale.webp\" alt=\"Empacadora redonda de ensilaje a la venta\" class=\"wp-image-750\" srcset=\"https:\/\/balerwrapper.com\/wp-content\/uploads\/2024\/06\/silage-round-baler-for-sale.webp 720w, https:\/\/balerwrapper.com\/wp-content\/uploads\/2024\/06\/silage-round-baler-for-sale-300x225.webp 300w, https:\/\/balerwrapper.com\/wp-content\/uploads\/2024\/06\/silage-round-baler-for-sale-16x12.webp 16w\" sizes=\"auto, (max-width: 720px) 100vw, 720px\" \/><figcaption class=\"wp-element-caption\">Empacadora redonda de ensilaje a la venta<\/figcaption><\/figure> <\/figure>    <h2 class=\"wp-block-heading\">Par\u00e1metros t\u00e9cnicos de la empacadora de forraje autom\u00e1tica<\/h2>    <figure class=\"wp-block-table is-style-stripes\"><table><tbody><tr><td>Modelo<\/td><td>Cintur\u00f3n Supremo Modelo 9YDB-60<\/td><td>Tama\u00f1o de la bala (mm)<\/td><td>\u03a6600*520<\/td><\/tr><tr><td>Peso de la paca (kg)<\/td><td>90-140<\/td><td>Potencia de soporte (kW)<\/td><td>7,5kW-6<\/td><\/tr><tr><td>Velocidad nominal (r\/min)<\/td><td>350<\/td><td>Motor del compresor de aire<\/td><td>1,5 kw<\/td><\/tr><tr><td>Modo de atado de pacas<\/td><td>Autom\u00e1tico<\/td><td>Volumen de la bomba de aire (litros)<\/td><td>30<\/td><\/tr><tr><td>N\u00famero de rodillos de aluminio (uds)<\/td><td>8 rodillos para contenedor m\u00f3vil<br>Papelera fija 9 ruedas<\/td><td>Motor de la m\u00e1quina envolvedora de film<\/td><td>0,75 kw<\/td><\/tr><tr><td>Capas de envoltura de pel\u00edcula<\/td><td>Ajuste del contador<\/td><td>Grosor de la pared interior (mm)<\/td><td>6<\/td><\/tr><tr><td>material de agrupamiento<\/td><td>Pel\u00edcula pl\u00e1stica forrajera<\/td><td>M\u00e9todo de extracci\u00f3n de pel\u00edcula<\/td><td>Autom\u00e1tico<\/td><\/tr><tr><td>Cinta de pel\u00edcula pl\u00e1stica<\/td><td>Ajuste del contador<\/td><td>Reductor de velocidad de la m\u00e1quina envolvedora de pel\u00edcula<\/td><td>Engranaje de tornillo<\/td><\/tr><tr><td>Ajuste de densidad<\/td><td>Ajuste de corriente de Superman peque\u00f1o<\/td><td>Operaci\u00f3n de la caja de distribuci\u00f3n de energ\u00eda.<\/td><td>Operaci\u00f3n manual\/autom\u00e1tica<\/td><\/tr><tr><td>Rodamiento de rodillos de aluminio<\/td><td>FC205(4 tornillos de fijaci\u00f3n)<\/td><td>rodillo de prensa<\/td><td>8 flauta<\/td><\/tr><tr><td>Cinta transportadora de alimentaci\u00f3n (mm)<\/td><td>L 2500\u00d7517<\/td><td>Grosor del eje del rodillo (mm)<\/td><td>30<\/td><\/tr><tr><td>Banda de contenedor fija (mm) (banda de espiga)<\/td><td>2300&#215;517<\/td><td>Pistola de aire de barrido<\/td><td>S\u00ed<\/td><\/tr><tr><td>Banda de contenedor m\u00f3vil (mm) (banda de espiga)<\/td><td>2470&#215;517<\/td><td>M\u00e9todo de montaje de rodamientos<\/td><td>La m\u00e1quina es completamente externa.<\/td><\/tr><tr><td>Grosor de la banda (mm)<\/td><td>5<\/td><td><strong>&nbsp;<\/strong><\/td><td><strong>&nbsp;<\/strong><\/td><\/tr><tr><td>Material del rodillo de aluminio.<\/td><td>Fundici\u00f3n de aleaci\u00f3n de aluminio<\/td><td>Tama\u00f1o de la m\u00e1quina (mm)<\/td><td>3500*1450*1550<\/td><\/tr><tr><td>modelo de cadena<\/td><td>cadena industrial 12A<\/td><td>Marco de peinado de pel\u00edcula<\/td><td>Nuevo estilo doble resorte.<\/td><\/tr><tr><td>Capacidad<\/td><td>50-75 paquetes\/h<\/td><td>Toda la maquina<\/td><td>Pulverizaci\u00f3n de pl\u00e1stico<\/td><\/tr><tr><td>Abrir y cerrar la papelera<\/td><td>Autom\u00e1tico<\/td><td>Girar y devolver el paquete<\/td><td>Autom\u00e1tico<\/td><\/tr><tr><td>Pel\u00edcula interior a juego (especificaci\u00f3n)<\/td><td>2000m longitud 525mm ancho 15kg<\/td><td>Pel\u00edcula de forraje a juego<br>(largo*ancho*alto)<\/td><td>1800m*250mm*25mm<\/td><\/tr><\/tbody><\/table><figcaption class=\"wp-element-caption\">Informaci\u00f3n t\u00e9cnica detallada sobre la enfardadora y enfardadora de ensilado 9YDB-60<\/figcaption><\/figure>    <h2 class=\"wp-block-heading\">Dispositivo de soporte para envolvedora de empacadoras de ensilaje<\/h2>    <p class=\"translation-block\">Al utilizar esta m\u00e1quina de empacado y enfardado de <a href=\"https:\/\/en.wikipedia.org\/wiki\/Silage\" target=\"_blank\" rel=\"noopener\">ensilaje<\/a>, recomendamos el uso de un alimentador autom\u00e1tico para garantizar que el alimento se pueda suministrar de forma continua y uniforme. Adem\u00e1s, proporcionamos un carro de forma gratuita para facilitar el transporte de las pacas terminadas.<\/p>    <figure class=\"wp-block-gallery has-nested-images columns-default is-cropped wp-block-gallery-5 is-layout-flex wp-block-gallery-is-layout-flex\"> <figure class=\"wp-block-image size-large\"><img loading=\"lazy\" decoding=\"async\" width=\"720\" height=\"540\" data-id=\"748\" src=\"https:\/\/balerwrapper.com\/wp-content\/uploads\/2024\/06\/silage-feeder-with-baler-machine.webp\" alt=\"alimentador y empacadora de ensilaje\" class=\"wp-image-748\" srcset=\"https:\/\/balerwrapper.com\/wp-content\/uploads\/2024\/06\/silage-feeder-with-baler-machine.webp 720w, https:\/\/balerwrapper.com\/wp-content\/uploads\/2024\/06\/silage-feeder-with-baler-machine-300x225.webp 300w, https:\/\/balerwrapper.com\/wp-content\/uploads\/2024\/06\/silage-feeder-with-baler-machine-16x12.webp 16w\" sizes=\"auto, (max-width: 720px) 100vw, 720px\" \/><figcaption class=\"wp-element-caption\">alimentador y empacadora de ensilaje<\/figcaption><\/figure>    <figure class=\"wp-block-image size-large\"><img loading=\"lazy\" decoding=\"async\" width=\"720\" height=\"540\" data-id=\"747\" src=\"https:\/\/balerwrapper.com\/wp-content\/uploads\/2024\/06\/hay-baler-machine.webp\" alt=\"empacadora de heno con alimentador\" class=\"wp-image-747\" srcset=\"https:\/\/balerwrapper.com\/wp-content\/uploads\/2024\/06\/hay-baler-machine.webp 720w, https:\/\/balerwrapper.com\/wp-content\/uploads\/2024\/06\/hay-baler-machine-300x225.webp 300w, https:\/\/balerwrapper.com\/wp-content\/uploads\/2024\/06\/hay-baler-machine-16x12.webp 16w\" sizes=\"auto, (max-width: 720px) 100vw, 720px\" \/><figcaption class=\"wp-element-caption\">empacadora de heno con alimentador<\/figcaption><\/figure> <\/figure>    <p class=\"translation-block\">Si desea conocer otros tipos de m\u00e1quinas de empacado y enfardado de ensilaje, haga clic en <a href=\"https:\/\/balerwrapper.com\/es\/product\/corn-silage-baler-machine\/\"><strong><em>M\u00e1quina empacadora autom\u00e1tica de ensilaje de ma\u00edz para la conservaci\u00f3n de alimentos<\/em><\/strong><\/a> y <a href=\"https:\/\/balerwrapper.com\/es\/product\/silage-wrapping-machine\/\"><strong><em>M\u00e1quina enfardadora de ensilaje empacadora de heno en venta<\/em><\/strong><\/a>.<\/p>    <p>Si tiene alguna pregunta o necesidad sobre nuestros productos, no dude en contactarnos. Tambi\u00e9n lo invitamos sinceramente a visitar nuestra f\u00e1brica para conocer personalmente nuestro proceso de producci\u00f3n y el funcionamiento de nuestros equipos. \u00a1Esperando cooperar con usted!<\/p>","protected":false},"excerpt":{"rendered":"<p>Esta nueva m\u00e1quina empacadora y envolvedora autom\u00e1tica de ensilaje 9YDB-60 adopta un dise\u00f1o de cinta en espiga y puede empaquetar de 50 a 75 fardos por hora, lo cual es adecuado para el envasado y conservaci\u00f3n de ensilaje.<\/p>","protected":false},"author":1,"featured_media":1207,"parent":0,"template":"","tags":[45,39,35],"product-type":[7],"class_list":["post-743","product","type-product","status-publish","has-post-thumbnail","hentry","tag-forage","tag-hay","tag-silage","product-type-silage-baler"],"_links":{"self":[{"href":"https:\/\/balerwrapper.com\/es\/wp-json\/wp\/v2\/product\/743","targetHints":{"allow":["GET"]}}],"collection":[{"href":"https:\/\/balerwrapper.com\/es\/wp-json\/wp\/v2\/product"}],"about":[{"href":"https:\/\/balerwrapper.com\/es\/wp-json\/wp\/v2\/types\/product"}],"author":[{"embeddable":true,"href":"https:\/\/balerwrapper.com\/es\/wp-json\/wp\/v2\/users\/1"}],"wp:featuredmedia":[{"embeddable":true,"href":"https:\/\/balerwrapper.com\/es\/wp-json\/wp\/v2\/media\/1207"}],"wp:attachment":[{"href":"https:\/\/balerwrapper.com\/es\/wp-json\/wp\/v2\/media?parent=743"}],"wp:term":[{"taxonomy":"post_tag","embeddable":true,"href":"https:\/\/balerwrapper.com\/es\/wp-json\/wp\/v2\/tags?post=743"},{"taxonomy":"product-type","embeddable":true,"href":"https:\/\/balerwrapper.com\/es\/wp-json\/wp\/v2\/product-type?post=743"}],"curies":[{"name":"wp","href":"https:\/\/api.w.org\/{rel}","templated":true}]}}