{"id":69,"date":"2022-08-26T02:33:07","date_gmt":"2022-08-26T02:33:07","guid":{"rendered":"https:\/\/balerwrapper.com\/?post_type=product&#038;p=69"},"modified":"2025-06-16T18:24:07","modified_gmt":"2025-06-16T10:24:07","slug":"hydraulic-baler-machine","status":"publish","type":"product","link":"https:\/\/balerwrapper.com\/es\/product\/hydraulic-baler-machine\/","title":{"rendered":"M\u00e1quina empacadora hidr\u00e1ulica Equipo de empacado de heno"},"content":{"rendered":"<div class=\"kk-star-ratings kksr-auto kksr-align-left kksr-valign-top\"     data-payload='{&quot;align&quot;:&quot;left&quot;,&quot;id&quot;:&quot;69&quot;,&quot;slug&quot;:&quot;default&quot;,&quot;valign&quot;:&quot;top&quot;,&quot;ignore&quot;:&quot;&quot;,&quot;reference&quot;:&quot;auto&quot;,&quot;class&quot;:&quot;&quot;,&quot;count&quot;:&quot;85&quot;,&quot;legendonly&quot;:&quot;&quot;,&quot;readonly&quot;:&quot;&quot;,&quot;score&quot;:&quot;4.8&quot;,&quot;starsonly&quot;:&quot;&quot;,&quot;best&quot;:&quot;5&quot;,&quot;gap&quot;:&quot;5&quot;,&quot;greet&quot;:&quot;Rate this product&quot;,&quot;legend&quot;:&quot;4.8\\\/5 - (85 votos)&quot;,&quot;size&quot;:&quot;24&quot;,&quot;title&quot;:&quot;Hydraulic Baler Machine Hay Baling Equipment&quot;,&quot;width&quot;:&quot;136.7&quot;,&quot;_legend&quot;:&quot;{score}\\\/{best} - ({count} {votes})&quot;,&quot;font_factor&quot;:&quot;1.25&quot;}'>              <div class=\"kksr-stars\">      <div class=\"kksr-stars-inactive\">             <div class=\"kksr-star\" data-star=\"1\" style=\"padding-right: 5px\">               <div class=\"kksr-icon\" style=\"width: 24px; height: 24px;\"><\/div>         <\/div>             <div class=\"kksr-star\" data-star=\"2\" style=\"padding-right: 5px\">               <div class=\"kksr-icon\" style=\"width: 24px; height: 24px;\"><\/div>         <\/div>             <div class=\"kksr-star\" data-star=\"3\" style=\"padding-right: 5px\">               <div class=\"kksr-icon\" style=\"width: 24px; height: 24px;\"><\/div>         <\/div>             <div class=\"kksr-star\" data-star=\"4\" style=\"padding-right: 5px\">               <div class=\"kksr-icon\" style=\"width: 24px; height: 24px;\"><\/div>         <\/div>             <div class=\"kksr-star\" data-star=\"5\" style=\"padding-right: 5px\">               <div class=\"kksr-icon\" style=\"width: 24px; height: 24px;\"><\/div>         <\/div>     <\/div>      <div class=\"kksr-stars-active\" style=\"width: 136.7px;\">             <div class=\"kksr-star\" style=\"padding-right: 5px\">               <div class=\"kksr-icon\" style=\"width: 24px; height: 24px;\"><\/div>         <\/div>             <div class=\"kksr-star\" style=\"padding-right: 5px\">               <div class=\"kksr-icon\" style=\"width: 24px; height: 24px;\"><\/div>         <\/div>             <div class=\"kksr-star\" style=\"padding-right: 5px\">               <div class=\"kksr-icon\" style=\"width: 24px; height: 24px;\"><\/div>         <\/div>             <div class=\"kksr-star\" style=\"padding-right: 5px\">               <div class=\"kksr-icon\" style=\"width: 24px; height: 24px;\"><\/div>         <\/div>             <div class=\"kksr-star\" style=\"padding-right: 5px\">               <div class=\"kksr-icon\" style=\"width: 24px; height: 24px;\"><\/div>         <\/div>     <\/div> <\/div>                   <div class=\"kksr-legend\" style=\"font-size: 19.2px;\">             4.8\/5 - (85 votos)    <\/div>     <\/div>  <p>La m\u00e1quina enfardadora hidr\u00e1ulica de silo es un equipo de alta eficiencia dise\u00f1ado para el enfardado y almacenamiento de forraje, paja, tallos de ma\u00edz y otros tallos de cultivos. <\/p>    <p>A trav\u00e9s del sistema de extrusi\u00f3n hidr\u00e1ulica, puede comprimir paja suelta y forraje en pacas cuadradas compactas (bloques est\u00e1ndar de 700\u00d7400\u00d7300 mm) con una densidad \u2265800 kg\/m\u00b3. <\/p>    <p>Y adopta un embalaje de doble capa PE+PP, que aumenta la actividad de las bacterias l\u00e1cticas forrajeras en un 300% y la tasa de conservaci\u00f3n de nutrientes es &gt;85%. El per\u00edodo de conservaci\u00f3n de la frescura es de hasta 2-3 a\u00f1os.<\/p>    <figure class=\"wp-block-embed aligncenter is-type-video is-provider-youtube wp-block-embed-youtube wp-embed-aspect-16-9 wp-has-aspect-ratio\"><div class=\"wp-block-embed__wrapper\"> <iframe loading=\"lazy\" title=\"Operaci\u00f3n de empacadora hidr\u00e1ulica de paja de alta eficiencia | Herramientas agr\u00edcolas ecol\u00f3gicas \u00a1Comparte!\" width=\"500\" height=\"281\" src=\"https:\/\/www.youtube.com\/embed\/GI3he-Y3oDc?feature=oembed\" frameborder=\"0\" allow=\"accelerometer; autoplay; clipboard-write; encrypted-media; gyroscope; picture-in-picture; web-share\" referrerpolicy=\"strict-origin-when-cross-origin\" allowfullscreen><\/iframe> <\/div><figcaption class=\"wp-element-caption\">V\u00eddeo de funcionamiento de la empacadora hidr\u00e1ulica de tres cilindros.<\/figcaption><\/figure>    <p>Seg\u00fan la demanda de producci\u00f3n, el equipo se divide en dos modelos: enfardadora hidr\u00e1ulica de doble cilindro y enfardadora hidr\u00e1ulica de tres cilindros:<\/p>    <ul class=\"wp-block-list\"> <li>Enfardadora hidr\u00e1ulica de doble cilindro: soporta motor o motor di\u00e9sel, aplicabilidad, conveniente y flexible.<\/li>    <li>Enfardadora hidr\u00e1ulica de tres cilindros: solo soporta motor, mayor eficiencia, mayor densidad de productos terminados, mayor capacidad por hora.<\/li> <\/ul>    <p>Al mismo tiempo, se puede utilizar con una trituradora de guillotina para cortar primero la hierba y luego entrar en el proceso de enfardado para mejorar el efecto de enfardado y la calidad del silo.<\/p>    <figure class=\"wp-block-gallery has-nested-images columns-default is-cropped wp-block-gallery-2 is-layout-flex wp-block-gallery-is-layout-flex\"> <figure class=\"wp-block-image size-large\"><img loading=\"lazy\" decoding=\"async\" width=\"720\" height=\"540\" data-id=\"179\" src=\"https:\/\/balerwrapper.com\/wp-content\/uploads\/2022\/08\/haydraulic-baler-machine-.jpg\" alt=\"empacadora hidr\u00e1ulica de heno\" class=\"wp-image-179\" title=\"empacadora hidr\u00e1ulica de heno\"\/><figcaption class=\"wp-element-caption\">empacadora hidr\u00e1ulica de heno<\/figcaption><\/figure>    <figure class=\"wp-block-image size-large\"><img loading=\"lazy\" decoding=\"async\" width=\"720\" height=\"540\" data-id=\"180\" src=\"https:\/\/balerwrapper.com\/wp-content\/uploads\/2022\/08\/baler-press-machine-.webp\" alt=\"prensa empacadora\" class=\"wp-image-180\" title=\"prensa empacadora\"\/><figcaption class=\"wp-element-caption\">prensa empacadora<\/figcaption><\/figure> <\/figure>    <h2 class=\"wp-block-heading\" id=\"h-using-scopes-of-the-hydraulic-hay-baler\">Uso de las horquillas de la empacadora hidr\u00e1ulica de silo<\/h2>    <p class=\"translation-block\"><strong>Materias primas: <\/strong>La m\u00e1quina empacadora hidr\u00e1ulica puede procesar paja, heno, sorgo, silo de ma\u00edz, paja de ma\u00edz, paja de trigo, pl\u00e1ntulas de cacahuate, paja de algod\u00f3n, hierba de alfalfa, micorriza, etc. Podemos usar estos forrajes para alimentar ganado, ovejas, caballos, cerdos, conejos y otros animales de granja.<br><strong>Usuarios:<\/strong> La m\u00e1quina empacadora hidr\u00e1ulica es un equipo indispensable para la ganader\u00eda, la fabricaci\u00f3n de papel, la cr\u00eda de ganado y ovejas, la distribuci\u00f3n de forraje y la generaci\u00f3n de energ\u00eda a partir de paja.<\/p>   <div class=\"wp-block-image\"> <figure class=\"aligncenter size-full\"><img loading=\"lazy\" decoding=\"async\" width=\"720\" height=\"540\" src=\"https:\/\/balerwrapper.com\/wp-content\/uploads\/2022\/08\/hydraulic-hay-baler-.webp\" alt=\"empacadora de heno hidr\u00e1ulica\" class=\"wp-image-171\" title=\"empacadora de heno hidr\u00e1ulica\"\/><figcaption class=\"wp-element-caption\">empacadora de heno hidr\u00e1ulica<\/figcaption><\/figure> <\/div>   <h2 class=\"wp-block-heading\" id=\"h-structure-of-the-press-baler\">Estructura de la m\u00e1quina empacadora de prensa hidr\u00e1ulica<\/h2>    <h3 class=\"wp-block-heading\" id=\"h-the-structure-of-the-double-cylinder-hay-and-straw-baler\">Estructura de la empacadora de heno y paja de doble cilindro<\/h3>    <p>Este modelo de empacadora hidr\u00e1ulica incluye principalmente un soporte fijo, alimentaci\u00f3n, dispositivo de enfriamiento, dep\u00f3sito de aceite, cilindro hidr\u00e1ulico, equipo el\u00e9ctrico contra incendios, oleoducto, separador de aceite, etc.<\/p>    <figure class=\"wp-block-gallery aligncenter has-nested-images columns-default is-cropped wp-block-gallery-3 is-layout-flex wp-block-gallery-is-layout-flex\"> <figure class=\"wp-block-image size-large\"><img loading=\"lazy\" decoding=\"async\" width=\"720\" height=\"540\" data-id=\"174\" src=\"https:\/\/balerwrapper.com\/wp-content\/uploads\/2022\/08\/double-cylinder-hay-and-straw-baler-.webp\" alt=\"Empacadora de heno y paja de dos cilindros\" class=\"wp-image-174\" title=\"Empacadora de heno y paja de dos cilindros\"\/><figcaption class=\"wp-element-caption\">Empacadora de heno y paja de dos cilindros<\/figcaption><\/figure>    <figure class=\"wp-block-image size-large\"><img loading=\"lazy\" decoding=\"async\" width=\"720\" height=\"540\" data-id=\"175\" src=\"https:\/\/balerwrapper.com\/wp-content\/uploads\/2022\/08\/haydraulic-hay-baler-.webp\" alt=\"empacadora de heno hidr\u00e1ulica\" class=\"wp-image-175\" title=\"empacadora de heno hidr\u00e1ulica\"\/><figcaption class=\"wp-element-caption\">empacadora de heno hidr\u00e1ulica<\/figcaption><\/figure> <\/figure>    <h3 class=\"wp-block-heading\" id=\"h-3-cylinder-hydraulic-baler-structure\">Estructura empacadora hidr\u00e1ulica de 3 cilindros<\/h3>    <figure class=\"wp-block-gallery aligncenter has-nested-images columns-default is-cropped wp-block-gallery-4 is-layout-flex wp-block-gallery-is-layout-flex\"> <figure class=\"wp-block-image size-large\"><img loading=\"lazy\" decoding=\"async\" width=\"720\" height=\"540\" data-id=\"177\" src=\"https:\/\/balerwrapper.com\/wp-content\/uploads\/2022\/08\/3-cylinder-hydraulic-baler-.webp\" alt=\"Empacadora hidr\u00e1ulica de 3 cilindros. \" class=\"wp-image-177\" title=\"Empacadora hidr\u00e1ulica de 3 cilindros. \"\/><figcaption class=\"wp-element-caption\">Empacadora hidr\u00e1ulica de 3 cilindros. <\/figcaption><\/figure>    <figure class=\"wp-block-image size-large\"><img loading=\"lazy\" decoding=\"async\" width=\"720\" height=\"540\" data-id=\"178\" src=\"https:\/\/balerwrapper.com\/wp-content\/uploads\/2022\/08\/wheat-hay-baler-.webp\" alt=\"empacadora de heno de trigo \" class=\"wp-image-178\" title=\"empacadora de heno de trigo \"\/><figcaption class=\"wp-element-caption\">empacadora de heno de trigo <\/figcaption><\/figure> <\/figure>    <h2 class=\"wp-block-heading\" id=\"h-machine-s-parameters\">Par\u00e1metros de la m\u00e1quina de balas hidr\u00e1ulica<\/h2>    <h3 class=\"wp-block-heading\" id=\"h-double-cylinder-baler\">Empacadora de doble cilindro <\/h3>    <figure class=\"wp-block-table is-style-stripes\"><table><tbody><tr><td>Modelo<\/td><td>9YK-70<\/td><\/tr><tr><td>Fuerza<\/td><td>Motor de 15kw o motor di\u00e9sel de 28HP<\/td><\/tr><tr><td>Desplazamiento del cilindro de aceite<\/td><td>63-80L\/minuto<\/td><\/tr><tr><td>La presi\u00f3n normal del cilindro de aceite.<\/td><td>16Mpa<\/td><\/tr><tr><td>Tama\u00f1o de paca<\/td><td>700*400*300mm<\/td><\/tr><tr><td>Densidad de paca<\/td><td>300-400kg\/h<\/td><\/tr><tr><td>Eficiencia de agrupaci\u00f3n<\/td><td>1-2t\/h<\/td><\/tr><tr><td>Peso<\/td><td>1500 kilos<\/td><\/tr><tr><td>Dimensi\u00f3n<\/td><td>3400*2800*2700mm<\/td><\/tr><tr><td>Velocidad del pist\u00f3n de agrupaci\u00f3n<\/td><td>4-8m\/minuto<\/td><\/tr><\/tbody><\/table><figcaption class=\"wp-element-caption\">Par\u00e1metro de empacadora de doble cilindro<\/figcaption><\/figure>    <h3 class=\"wp-block-heading\" id=\"h-silage-baler-machine\">Empacadora de ensilaje de tres cilindros<\/h3>    <figure class=\"wp-block-table is-style-stripes\"><table><tbody><tr><td>Art\u00edculo<\/td><td>9YK-130<\/td><\/tr><tr><td>Fuerza<\/td><td>22kw<\/td><\/tr><tr><td>Desplazamiento del cilindro de aceite<\/td><td>80L\/minuto<\/td><\/tr><tr><td>Presi\u00f3n normal del cilindro de aceite<\/td><td>18Mpa<\/td><\/tr><tr><td>Tama\u00f1o de la paca<\/td><td>700*400*300mm<\/td><\/tr><tr><td>Eficiencia de agrupaci\u00f3n<\/td><td>6-8t\/h<\/td><\/tr><tr><td>Densidad de paca<\/td><td>800-1100 kg\/m<sup>3<\/sup><sup><\/sup><\/td><\/tr><tr><td>Peso<\/td><td>2600kg\/hora<\/td><\/tr><tr><td>Dimensi\u00f3n<\/td><td>4300*2800*2000mm<\/td><\/tr><tr><td>Velocidad del pist\u00f3n de agrupaci\u00f3n<\/td><td>4-8m\/minuto<\/td><\/tr><\/tbody><\/table><figcaption class=\"wp-element-caption\">Par\u00e1metro de la m\u00e1quina empacadora de ensilaje<\/figcaption><\/figure>    <h2 class=\"wp-block-heading\" id=\"h-how-does-the-hydraulic-baler-work\">\u00bfC\u00f3mo funciona la empacadora hidr\u00e1ulica? <\/h2>   <div id=\"rank-math-howto\" class=\"rank-math-block\" > <div class=\"rank-math-howto-description\">  <p>Ambos pusieron primero el forraje en la m\u00e1quina. Encienda la m\u00e1quina empacadora hidr\u00e1ulica, cuando el cilindro principal se empuja horizontalmente y se compacta, y los cilindros laterales se compactan longitudinalmente. Finalmente, el cabezal empujador empuja la paca hacia el interior de la bolsa. Termina todo el proceso de empacado.<\/p>  <\/div>  <div class=\"rank-math-steps\"> <div id=\"howto-step-1717139105042\" class=\"rank-math-step\"> <div class=\"rank-math-step-content\"><p>Prepare el pasto, la paja u otras materias primas en la entrada de la empacadora hidr\u00e1ulica mediante ca\u00edda manual o cinta transportadora.<\/p> <\/div> <\/div> <div id=\"howto-step-1717139142953\" class=\"rank-math-step\"> <div class=\"rank-math-step-content\"><p>La m\u00e1quina cortadora de heno o la m\u00e1quina amasadora de paja tritura las materias primas a\u00f1adidas y las muele para su procesamiento y fabricaci\u00f3n.<\/p> <\/div> <\/div> <div id=\"howto-step-1717139148210\" class=\"rank-math-step\"> <div class=\"rank-math-step-content\"><p>La bolsa de paja se coloca a la salida para empaquetar el material terminado despu\u00e9s del procesamiento.<\/p> <\/div> <\/div> <div id=\"howto-step-1717139154097\" class=\"rank-math-step\"> <div class=\"rank-math-step-content\"><p>Gabinete de control autom\u00e1tico, una tecla para comenzar a procesar y empaquetar, simple y conveniente.<\/p> <\/div> <\/div> <div id=\"howto-step-1717139158193\" class=\"rank-math-step\"> <div class=\"rank-math-step-content\"><p>El volumen y tama\u00f1o del material procesado son consistentes, de acuerdo con los est\u00e1ndares de embalaje y convenientes para el transporte y almacenamiento.<\/p> <\/div> <\/div> <\/div> <\/div>       <figure class=\"wp-block-embed aligncenter is-type-video is-provider-youtube wp-block-embed-youtube wp-embed-aspect-16-9 wp-has-aspect-ratio\"><div class=\"wp-block-embed__wrapper\"> <iframe loading=\"lazy\" title=\"\u00a1M\u00e1quina prensadora de ensilado hidr\u00e1ulica que ahorra mano de obra! empacadora cuadrada de ensilaje de ma\u00edz hidr\u00e1ulica \u4e28 m\u00e1quina empacadora de ensilaje\" width=\"500\" height=\"281\" src=\"https:\/\/www.youtube.com\/embed\/1ROg99yYpCY?feature=oembed\" frameborder=\"0\" allow=\"accelerometer; autoplay; clipboard-write; encrypted-media; gyroscope; picture-in-picture; web-share\" referrerpolicy=\"strict-origin-when-cross-origin\" allowfullscreen><\/iframe> <\/div><figcaption class=\"wp-element-caption\">Video de trabajo de la m\u00e1quina empacadora hidr\u00e1ulica de ensilaje de ma\u00edz<\/figcaption><\/figure>    <h2 class=\"wp-block-heading\" id=\"h-advantages-of-the-hydraulic-wheat-hay-baler\">Ventajas de la empacadora de prensa hidr\u00e1ulica de silo<\/h2>    <ul class=\"wp-block-list\"> <li>Enfardado de tipo manga horizontal de gran tama\u00f1o, forma de fardo regular, buen sellado, f\u00e1cil de almacenar y transportar.<\/li>    <li>Instalaci\u00f3n conveniente, mantenimiento simple, peque\u00f1o espacio ocupado, ahorro en costos de sitio.<\/li>    <li>Adopta un sistema hidr\u00e1ulico combinado de alta y baja presi\u00f3n, operaci\u00f3n r\u00e1pida y eficiente, ahorrando energ\u00eda, mano de obra y tiempo.<\/li>    <li>Los componentes clave son piezas originales selladas, larga vida del cilindro y baja tasa de fallos.<\/li>    <li>Puede enfardar paja de silo, tallos de ma\u00edz secos, todo tipo de paja picada, pel\u00edcula pl\u00e1stica desechada, etc., y realizar envasado y empaquetado autom\u00e1ticos.<\/li>    <li>Adopta alimentaci\u00f3n por cinta transportadora y compresi\u00f3n equilibrada de doble cilindro, y el sistema hidr\u00e1ulico especial garantiza una salida de potencia estable.<\/li>    <li>No es necesario excavar estanques de silo, ahorrando mucha mano de obra (todo el equipo solo necesita de 2 a 3 personas para operar), espacio y costos de embalaje, y el per\u00edodo de conservaci\u00f3n del silo puede alcanzar los 3 a\u00f1os.<\/li>    <li>Despu\u00e9s de empacar y sellar, el silo se fermenta de forma natural, rico en probi\u00f3ticos, bacterias l\u00e1cticas y prote\u00ednas, que son f\u00e1ciles de absorber por el ganado y promueven un aumento en la tasa de crecimiento de m\u00e1s del 2%.<\/li> <\/ul>   <div class=\"wp-block-image\"> <figure class=\"aligncenter size-full\"><img loading=\"lazy\" decoding=\"async\" width=\"720\" height=\"540\" src=\"https:\/\/balerwrapper.com\/wp-content\/uploads\/2022\/08\/press-baling-machine-.webp\" alt=\"m\u00e1quina empacadora de prensa\" class=\"wp-image-183\" title=\"m\u00e1quina empacadora de prensa\"\/><figcaption class=\"wp-element-caption\">m\u00e1quina empacadora de prensa<\/figcaption><\/figure> <\/div>   <h2 class=\"wp-block-heading\" id=\"h-other-machines-that-can-be-matched\">Otras m\u00e1quinas que se pueden combinar<\/h2>    <p class=\"translation-block\">A medida que la m\u00e1quina empacadora hidr\u00e1ulica maneja m\u00e1s forraje, la abertura de alimentaci\u00f3n es m\u00e1s alta. Por lo tanto, recomendamos usar una <a href=\"https:\/\/balerwrapper.com\/es\/product\/silage-chaff-cutter\/\">m\u00e1quina trituradora de forraje<\/a> para triturar primero la paja. Luego, conecta la cinta transportadora para enviar el material triturado a la empacadora hidr\u00e1ulica. Tambi\u00e9n puedes usar la mezcladora de forraje para mezclar los diferentes forrajes de manera uniforme y luego conectar la cinta transportadora a la m\u00e1quina.<\/p>   <div class=\"wp-block-image\"> <figure class=\"aligncenter size-full\"><img loading=\"lazy\" decoding=\"async\" width=\"720\" height=\"540\" src=\"https:\/\/balerwrapper.com\/wp-content\/uploads\/2022\/08\/hydraulic-stalk-baler-machine-.webp\" alt=\"empacadora de tallos hidr\u00e1ulica\" class=\"wp-image-182\" title=\"empacadora de tallos hidr\u00e1ulica\"\/><figcaption class=\"wp-element-caption\">empacadora de tallos hidr\u00e1ulica<\/figcaption><\/figure> <\/div>   <h2 class=\"wp-block-heading\" id=\"h-successful-cases\">Casos exitosos<\/h2>    <p class=\"translation-block\">La semana pasada, un cliente de <a href=\"https:\/\/en.wikipedia.org\/wiki\/Kenya\" target=\"_blank\" rel=\"noopener\">Kenia<\/a> compr\u00f3 una m\u00e1quina empacadora hidr\u00e1ulica de nosotros. El cliente tiene una granja de ganado y quiere mantener forraje fresco para alimentar durante todo el a\u00f1o. El cliente busc\u00f3 en l\u00ednea una m\u00e1quina que pudiera almacenar forraje durante mucho tiempo. <\/p>    <p>Y entr\u00f3 en nuestra web. Despu\u00e9s de navegar, el cliente se interes\u00f3 en nuestra empacadora hidr\u00e1ulica y se puso en contacto con nosotros v\u00eda WhatsApp. Entonces hablamos con \u00e9l sobre todos los aspectos de la m\u00e1quina. Y entonces el cliente decidi\u00f3 comprar una empacadora hidr\u00e1ulica de dos cilindros.<\/p>    <figure class=\"wp-block-gallery has-nested-images columns-default is-cropped wp-block-gallery-5 is-layout-flex wp-block-gallery-is-layout-flex\"> <figure class=\"wp-block-image size-large\"><img loading=\"lazy\" decoding=\"async\" width=\"720\" height=\"540\" data-id=\"185\" src=\"https:\/\/balerwrapper.com\/wp-content\/uploads\/2022\/08\/wooden-case-packaging-10.webp\" alt=\"embalaje de caja de madera \" class=\"wp-image-185\" title=\"embalaje de caja de madera \"\/><figcaption class=\"wp-element-caption\">embalaje de caja de madera<\/figcaption><\/figure>    <figure class=\"wp-block-image size-large\"><img loading=\"lazy\" decoding=\"async\" width=\"720\" height=\"540\" data-id=\"186\" src=\"https:\/\/balerwrapper.com\/wp-content\/uploads\/2022\/08\/shipping-of-forage-baler-machine-40.webp\" alt=\"Env\u00edo de m\u00e1quina empacadora de forraje. \" class=\"wp-image-186\" title=\"Env\u00edo de m\u00e1quina empacadora de forraje. \"\/><figcaption class=\"wp-element-caption\">Env\u00edo de m\u00e1quina empacadora de forraje.<\/figcaption><\/figure> <\/figure>    <p>Si tiene alguna pregunta o necesita informaci\u00f3n m\u00e1s detallada, agradecemos sus consultas en cualquier momento. Le invitamos sinceramente a visitar nuestra f\u00e1brica y esperamos cooperar con usted.<\/p>","protected":false},"excerpt":{"rendered":"<p>La m\u00e1quina de prensado hidr\u00e1ulico puede comprimir y empaquetar todo tipo de heno, paja y otros cultivos, y sellarlos para la fermentaci\u00f3n, lo que es conveniente para el almacenamiento a largo plazo, el transporte y la alimentaci\u00f3n.<\/p>","protected":false},"author":1,"featured_media":172,"parent":0,"template":"","tags":[45,39,35],"product-type":[7],"class_list":["post-69","product","type-product","status-publish","has-post-thumbnail","hentry","tag-forage","tag-hay","tag-silage","product-type-silage-baler"],"_links":{"self":[{"href":"https:\/\/balerwrapper.com\/es\/wp-json\/wp\/v2\/product\/69","targetHints":{"allow":["GET"]}}],"collection":[{"href":"https:\/\/balerwrapper.com\/es\/wp-json\/wp\/v2\/product"}],"about":[{"href":"https:\/\/balerwrapper.com\/es\/wp-json\/wp\/v2\/types\/product"}],"author":[{"embeddable":true,"href":"https:\/\/balerwrapper.com\/es\/wp-json\/wp\/v2\/users\/1"}],"wp:featuredmedia":[{"embeddable":true,"href":"https:\/\/balerwrapper.com\/es\/wp-json\/wp\/v2\/media\/172"}],"wp:attachment":[{"href":"https:\/\/balerwrapper.com\/es\/wp-json\/wp\/v2\/media?parent=69"}],"wp:term":[{"taxonomy":"post_tag","embeddable":true,"href":"https:\/\/balerwrapper.com\/es\/wp-json\/wp\/v2\/tags?post=69"},{"taxonomy":"product-type","embeddable":true,"href":"https:\/\/balerwrapper.com\/es\/wp-json\/wp\/v2\/product-type?post=69"}],"curies":[{"name":"wp","href":"https:\/\/api.w.org\/{rel}","templated":true}]}}