{"id":67,"date":"2022-08-26T02:21:53","date_gmt":"2022-08-26T02:21:53","guid":{"rendered":"https:\/\/balerwrapper.com\/?post_type=product&#038;p=67"},"modified":"2025-05-21T17:09:19","modified_gmt":"2025-05-21T09:09:19","slug":"stalk-cutting-recycling-machine","status":"publish","type":"product","link":"https:\/\/balerwrapper.com\/es\/product\/stalk-cutting-recycling-machine\/","title":{"rendered":"M\u00e1quina de reciclaje de corte de tallos \u4e28 m\u00e1quina cosechadora de ensilaje"},"content":{"rendered":"<div class=\"kk-star-ratings kksr-auto kksr-align-left kksr-valign-top\"     data-payload='{&quot;align&quot;:&quot;left&quot;,&quot;id&quot;:&quot;67&quot;,&quot;slug&quot;:&quot;default&quot;,&quot;valign&quot;:&quot;top&quot;,&quot;ignore&quot;:&quot;&quot;,&quot;reference&quot;:&quot;auto&quot;,&quot;class&quot;:&quot;&quot;,&quot;count&quot;:&quot;91&quot;,&quot;legendonly&quot;:&quot;&quot;,&quot;readonly&quot;:&quot;&quot;,&quot;score&quot;:&quot;4.8&quot;,&quot;starsonly&quot;:&quot;&quot;,&quot;best&quot;:&quot;5&quot;,&quot;gap&quot;:&quot;5&quot;,&quot;greet&quot;:&quot;Rate this product&quot;,&quot;legend&quot;:&quot;4.8\\\/5 - (91 votos)&quot;,&quot;size&quot;:&quot;24&quot;,&quot;title&quot;:&quot;Stalk cutting recycling machine\u4e28silage harvester machine&quot;,&quot;width&quot;:&quot;136.7&quot;,&quot;_legend&quot;:&quot;{score}\\\/{best} - ({count} {votes})&quot;,&quot;font_factor&quot;:&quot;1.25&quot;}'>              <div class=\"kksr-stars\">      <div class=\"kksr-stars-inactive\">             <div class=\"kksr-star\" data-star=\"1\" style=\"padding-right: 5px\">               <div class=\"kksr-icon\" style=\"width: 24px; height: 24px;\"><\/div>         <\/div>             <div class=\"kksr-star\" data-star=\"2\" style=\"padding-right: 5px\">               <div class=\"kksr-icon\" style=\"width: 24px; height: 24px;\"><\/div>         <\/div>             <div class=\"kksr-star\" data-star=\"3\" style=\"padding-right: 5px\">               <div class=\"kksr-icon\" style=\"width: 24px; height: 24px;\"><\/div>         <\/div>             <div class=\"kksr-star\" data-star=\"4\" style=\"padding-right: 5px\">               <div class=\"kksr-icon\" style=\"width: 24px; height: 24px;\"><\/div>         <\/div>             <div class=\"kksr-star\" data-star=\"5\" style=\"padding-right: 5px\">               <div class=\"kksr-icon\" style=\"width: 24px; height: 24px;\"><\/div>         <\/div>     <\/div>      <div class=\"kksr-stars-active\" style=\"width: 136.7px;\">             <div class=\"kksr-star\" style=\"padding-right: 5px\">               <div class=\"kksr-icon\" style=\"width: 24px; height: 24px;\"><\/div>         <\/div>             <div class=\"kksr-star\" style=\"padding-right: 5px\">               <div class=\"kksr-icon\" style=\"width: 24px; height: 24px;\"><\/div>         <\/div>             <div class=\"kksr-star\" style=\"padding-right: 5px\">               <div class=\"kksr-icon\" style=\"width: 24px; height: 24px;\"><\/div>         <\/div>             <div class=\"kksr-star\" style=\"padding-right: 5px\">               <div class=\"kksr-icon\" style=\"width: 24px; height: 24px;\"><\/div>         <\/div>             <div class=\"kksr-star\" style=\"padding-right: 5px\">               <div class=\"kksr-icon\" style=\"width: 24px; height: 24px;\"><\/div>         <\/div>     <\/div> <\/div>                   <div class=\"kksr-legend\" style=\"font-size: 19.2px;\">             4.8\/5 - (91 votos)    <\/div>     <\/div>  <p>La m\u00e1quina de reciclaje de corte de tallos es un equipo agr\u00edcola multifuncional que integra la cosecha, trituraci\u00f3n y reciclaje, que es adecuado para el procesamiento en campo de diversos residuos de cultivos y silo. Puede ayudar a los agricultores a convertir \"materiales de desecho\" en recursos para el procesamiento de piensos, generaci\u00f3n de energ\u00eda a partir de biomasa y producci\u00f3n de fertilizantes org\u00e1nicos.<\/p>    <p>El equipo y el tractor que apoyan las operaciones, una m\u00e1quina multiprop\u00f3sito, pueden realizar la trituraci\u00f3n de paja in situ y el reciclaje directo o el retorno al campo. Su granularidad de trituraci\u00f3n es \u2264 5 cm, y logra una tasa de recuperaci\u00f3n de m\u00e1s del 80% de la paja de cultivos como ma\u00edz, trigo, arroz y otros.<\/p>    <figure class=\"wp-block-embed aligncenter is-type-video is-provider-youtube wp-block-embed-youtube wp-embed-aspect-16-9 wp-has-aspect-ratio\"><div class=\"wp-block-embed__wrapper\"> <iframe loading=\"lazy\" title=\"M\u00e1quina trituradora y recicladora de paja de alta eficiencia: \u00a1convierte la paja residual en recursos valiosos!\" width=\"500\" height=\"281\" src=\"https:\/\/www.youtube.com\/embed\/sjBreEGG9XI?feature=oembed\" frameborder=\"0\" allow=\"accelerometer; autoplay; clipboard-write; encrypted-media; gyroscope; picture-in-picture; web-share\" referrerpolicy=\"strict-origin-when-cross-origin\" allowfullscreen><\/iframe> <\/div><figcaption class=\"wp-element-caption\">Video de trabajo de la m\u00e1quina trituradora y recicladora de tallos de ensilaje<\/figcaption><\/figure>    <p>Esta m\u00e1quina de reciclaje de corte de tallos est\u00e1 equipada con diferentes anchos de cosecha, como 1.3m, 1.35m, 1.5m, 1.65m, 1.7m, 1.8m y 2m, que son adecuados para diferentes tama\u00f1os de tierras agr\u00edcolas, y puede lograr una capacidad de procesamiento ultraeficiente de 0.25-0.48h\u33a1\/h.<\/p>   <div class=\"wp-block-image\"> <figure class=\"aligncenter size-full\"><img loading=\"lazy\" decoding=\"async\" width=\"720\" height=\"540\" src=\"https:\/\/balerwrapper.com\/wp-content\/uploads\/2022\/08\/Stalk-cutting-recycling-machine1.jpg\" alt=\"M\u00e1quina recicladora de corte de tallos\" class=\"wp-image-223\" title=\"M\u00e1quina recicladora de corte de tallos\"\/><figcaption class=\"wp-element-caption\">M\u00e1quina recicladora de corte de tallos<\/figcaption><\/figure> <\/div>   <h2 class=\"wp-block-heading\" id=\"h-the-using-scope-of-the-silage-harvester-machine\">Uso de la m\u00e1quina cosechadora de forraje<\/h2>    <h3 class=\"wp-block-heading\">Objetos aplicables (tipos de cultivos que pueden ser tratados)<\/h3>    <ul class=\"wp-block-list\"> <li>Tallos de ma\u00edz, tallos de algod\u00f3n, tallos de pl\u00e1tano, tallos de sorgo, paja de trigo, tallos de grano y otros tallos de cultivos.<\/li>    <li>Todo tipo de cultivos de silo mezclados h\u00famedos y secos en el campo.<\/li>    <li>Todo tipo de paja residual de huertos y tallos de biomasa despu\u00e9s de la cosecha.<\/li> <\/ul>    <h3 class=\"wp-block-heading\">Escenarios y aplicaciones<\/h3>    <ul class=\"wp-block-list\"> <li>Granjas y f\u00e1bricas de piensos para el procesamiento de silo o piensos de paja en pellet.<\/li>    <li>F\u00e1bricas de carb\u00f3n, f\u00e1bricas de carb\u00f3n de paja, etc. se utilizan para producir carb\u00f3n de paja, carb\u00f3n de paja y combustible de biomasa.<\/li>    <li>Utilizado por cultivadores de champi\u00f1ones comestibles para hacer sustrato de cultivo.<\/li>    <li>Se puede utilizar como materia prima para la generaci\u00f3n de energ\u00eda de biomasa, realizando el reciclaje de energ\u00eda.<\/li> <\/ul>    <figure class=\"wp-block-gallery aligncenter has-nested-images columns-default is-cropped wp-block-gallery-2 is-layout-flex wp-block-gallery-is-layout-flex\"> <figure class=\"wp-block-image size-large\"><img loading=\"lazy\" decoding=\"async\" width=\"720\" height=\"540\" data-id=\"225\" src=\"https:\/\/balerwrapper.com\/wp-content\/uploads\/2022\/08\/stalk-crushing-and-recycling-machine-.webp\" alt=\"maquina trituradora y recicladora de tallos\" class=\"wp-image-225\" title=\"maquina trituradora y recicladora de tallos\"\/><figcaption class=\"wp-element-caption\">maquina trituradora y recicladora de tallos<\/figcaption><\/figure>    <figure class=\"wp-block-image size-large\"><img loading=\"lazy\" decoding=\"async\" width=\"720\" height=\"540\" data-id=\"226\" src=\"https:\/\/balerwrapper.com\/wp-content\/uploads\/2022\/08\/corn-silage-harvester-.webp\" alt=\" cosechadora de ensilaje de ma\u00edz\" class=\"wp-image-226\" title=\" cosechadora de ensilaje de ma\u00edz\"\/><figcaption class=\"wp-element-caption\"> cosechadora de ensilaje de ma\u00edz<\/figcaption><\/figure> <\/figure>    <h2 class=\"wp-block-heading\">\u00bfC\u00f3mo funciona la m\u00e1quina cosechadora de forraje?<\/h2>    <p>Cuando el tractor avanza en el campo, la m\u00e1quina se acciona para sincronizar la operaci\u00f3n, y la mesa de corte delantera env\u00eda la paja cosechada al dispositivo de trituraci\u00f3n para ser desmenuzada.<\/p>    <p>Posteriormente, la paja triturada se recoge en la caja de reciclaje a trav\u00e9s del sistema de transporte, o se devuelve directamente al campo, realizando la operaci\u00f3n integrada y eficiente de cosecha, trituraci\u00f3n y reciclaje.<\/p>    <figure class=\"wp-block-embed aligncenter is-type-video is-provider-youtube wp-block-embed-youtube wp-embed-aspect-16-9 wp-has-aspect-ratio\"><div class=\"wp-block-embed__wrapper\"> <iframe loading=\"lazy\" title=\"\u00a1Excelente m\u00e1quina! Cosechadora y m\u00e1quina de reciclaje de ensilaje\/cortadora y reciclaje de hierba de paja\" width=\"500\" height=\"281\" src=\"https:\/\/www.youtube.com\/embed\/WdzrTHwBtvU?start=3&#038;feature=oembed\" frameborder=\"0\" allow=\"accelerometer; autoplay; clipboard-write; encrypted-media; gyroscope; picture-in-picture; web-share\" referrerpolicy=\"strict-origin-when-cross-origin\" allowfullscreen><\/iframe> <\/div><figcaption class=\"wp-element-caption\">Video de trabajo de la m\u00e1quina de reciclaje del cortador de paja de ensilaje<\/figcaption><\/figure>    <h2 class=\"wp-block-heading\" id=\"h-structure-of-the-forage-harvester\">Estructura de la m\u00e1quina recicladora de corte de tallos<\/h2>    <p>La estructura de la m\u00e1quina recicladora cortadora de tallos es simple y f\u00e1cil de operar. La m\u00e1quina incluye principalmente una c\u00e1mara de trituraci\u00f3n, un dispositivo de descarga autom\u00e1tica hidr\u00e1ulica, un tractor de 60HP, un contenedor de paja triturada, un dispositivo hidr\u00e1ulico accionado por PTO, etc.<\/p>   <div class=\"wp-block-image\"> <figure class=\"aligncenter size-full\"><img loading=\"lazy\" decoding=\"async\" width=\"720\" height=\"540\" src=\"https:\/\/balerwrapper.com\/wp-content\/uploads\/2022\/08\/forage-harvester-.webp\" alt=\"cosechadora de forraje\" class=\"wp-image-224\" title=\"cosechadora de forraje\"\/><figcaption class=\"wp-element-caption\">cosechadora de forraje<\/figcaption><\/figure> <\/div>   <h2 class=\"wp-block-heading\" id=\"h-parameters-of-the-corn-silage-harvester\">Par\u00e1metros de la cosechadora de forraje de ma\u00edz<\/h2>    <figure class=\"wp-block-table is-style-stripes\"><table><tbody><tr><td>Nombre<\/td><td>Cosechadora de paja<\/td><\/tr><tr><td>Motor<\/td><td>Tractor \u226560HP<\/td><\/tr><tr><td>Dimensi\u00f3n<\/td><td>1,6*1,2*2,8 m<\/td><\/tr><tr><td>Peso<\/td><td>800 kilos<\/td><\/tr><tr><td>Ancho de cosecha<\/td><td>1,3 m<\/td><\/tr><tr><td>Modelo<\/td><td>GH-400<\/td><\/tr><tr><td>Tasa de reciclaje<\/td><td>\u226580%<\/td><\/tr><tr><td>distancia de lanzamiento<\/td><td>3-5m<\/td><\/tr><tr><td>altura de lanzamiento<\/td><td>\u22652m<\/td><\/tr><tr><td>La longitud de la paja triturada.<\/td><td>Menos de 80 mm<\/td><\/tr><tr><td>Cuchilla giratoria<\/td><td>32<\/td><\/tr><tr><td>Velocidad del eje de corte<\/td><td>2160 rpm<\/td><\/tr><tr><td>Velocidad de trabajo<\/td><td>2-4 km\/h<\/td><\/tr><tr><td>Capacidad<\/td><td>0,25-0,48 hm2\/h<\/td><\/tr><\/tbody><\/table><figcaption class=\"wp-element-caption\">par\u00e1metro de la cosechadora de ensilaje de ma\u00edz<\/figcaption><\/figure>    <h2 class=\"wp-block-heading\" id=\"h-advantages-of-the-trailed-forage-harvester\">Ventajas de la cosechadora de forraje arrastrada<\/h2>    <ul class=\"wp-block-list\"> <li>Integraci\u00f3n multifuncional: integrando corte, amasado, trituraci\u00f3n y cosecha para satisfacer diferentes necesidades operativas.<\/li>    <li>Alta eficiencia y bajo consumo: el proceso de operaci\u00f3n se simplifica en un procedimiento, con alta eficiencia operativa y un notable efecto de ahorro de energ\u00eda.<\/li>    <li>Bajo costo integral: bajo consumo de energ\u00eda, alta producci\u00f3n, menor costo total y fuerte econom\u00eda.<\/li>    <li>Ampliamente aplicable: se puede adaptar a una variedad de cultivos de paja secos y h\u00famedos, adecuado para una variedad de entornos de terreno y tiene una fuerte aplicabilidad.<\/li>    <li>Promover la agricultura verde: ayudar a la utilizaci\u00f3n integral de la energ\u00eda de biomasa, es el equipo ideal para el desarrollo de una agricultura respetuosa con el medio ambiente.<\/li> <\/ul>   <div class=\"wp-block-image\"> <figure class=\"aligncenter size-full\"><img loading=\"lazy\" decoding=\"async\" width=\"720\" height=\"540\" src=\"https:\/\/balerwrapper.com\/wp-content\/uploads\/2022\/08\/trailed-forage-harvester-.webp\" alt=\"cosechadora de forraje arrastrada\" class=\"wp-image-228\" title=\"cosechadora de forraje arrastrada\"\/><figcaption class=\"wp-element-caption\">cosechadora de forraje arrastrada<\/figcaption><\/figure> <\/div>   <h2 class=\"wp-block-heading\" id=\"h-successful-cases\">Casos exitosos<\/h2>    <p>Un cliente de Malasia compr\u00f3 una m\u00e1quina de reciclaje de corte de tallos de 1.3 m de nosotros. Alimenta ganado y ovejas en su \u00e1rea local. Para obtener suficiente forraje, el cliente necesitaba un molino de paja para procesar los tallos de ma\u00edz.<\/p>    <p>Enviamos las im\u00e1genes, par\u00e1metros y videos de la m\u00e1quina al cliente. Despu\u00e9s de considerarlo, el cliente decidi\u00f3 comprar uno. Despu\u00e9s de que el cliente recibi\u00f3 la m\u00e1quina recicladora cortadora de tallos, la us\u00f3 por un tiempo. Dijo que la m\u00e1quina funcion\u00f3 muy bien y que estaba satisfecho con ella y esperaba con inter\u00e9s la pr\u00f3xima cooperaci\u00f3n con nosotros.<\/p>    <figure class=\"wp-block-gallery aligncenter has-nested-images columns-default is-cropped wp-block-gallery-3 is-layout-flex wp-block-gallery-is-layout-flex\"><div class=\"wp-block-image\"> <figure class=\"aligncenter size-large\"><img loading=\"lazy\" decoding=\"async\" width=\"720\" height=\"540\" data-id=\"229\" src=\"https:\/\/balerwrapper.com\/wp-content\/uploads\/2022\/08\/Stalk-cutting-recycling-machine1-.jpg\" alt=\"M\u00e1quina recicladora de corte de tallos\" class=\"wp-image-229\" title=\"M\u00e1quina recicladora de corte de tallos\"\/><figcaption class=\"wp-element-caption\">M\u00e1quina recicladora de corte de tallos<\/figcaption><\/figure> <\/div><\/figure>    <p class=\"translation-block\">Adem\u00e1s de las m\u00e1quinas de trituraci\u00f3n y reciclaje de paja, tambi\u00e9n tenemos otros tipos de equipos de ensilaje y otros equipos de procesamiento, como <strong><em><a href=\"https:\/\/balerwrapper.com\/es\/product\/corn-silage-baler-machine\/\">m\u00e1quinas empacadoras y envoltorias de ensilaje de ma\u00edz<\/a><\/em><\/strong> y <strong><em><a href=\"https:\/\/balerwrapper.com\/es\/product\/hydraulic-baler-machine\/\">empacadoras hidr\u00e1ulicas<\/a><\/em><\/strong>. Puede navegar por nuestro sitio web para elegir la m\u00e1quina adecuada por s\u00ed mismo. \u00a1Bienvenido a contactarnos en cualquier momento!<\/p>    <h2 class=\"wp-block-heading\">Preguntas m\u00e1s frecuentes<\/h2>   <div id=\"rank-math-faq\" class=\"rank-math-block\"> <div class=\"rank-math-list\"> <div id=\"faq-question-1717140253430\" class=\"rank-math-list-item\"> <h3 class=\"rank-math-question\">\u00bfCu\u00e1l es la funci\u00f3n del <a href=\"https:\/\/www.agriculture-machine.com\/silage-harvester-machine-with-tractor\/\" target=\"_blank\" rel=\"noopener\">m\u00e1quina de reciclaje de corte de tallos<\/a>?<\/h3> <div class=\"rank-math-answer\">  <p>La funci\u00f3n de trituraci\u00f3n y reciclaje de paja.<\/p>  <\/div> <\/div> <div id=\"faq-question-1717140260481\" class=\"rank-math-list-item\"> <h3 class=\"rank-math-question\">\u00bfPuedo comprar s\u00f3lo la parte trituradora?<\/h3> <div class=\"rank-math-answer\">  <p>S\u00ed, puedes triturar la pajita por separado (el precio tambi\u00e9n es m\u00e1s econ\u00f3mico). Se recomienda utilizar un cami\u00f3n tolva para seguir a la trituradora.<\/p>  <\/div> <\/div> <div id=\"faq-question-1717140264401\" class=\"rank-math-list-item\"> <h3 class=\"rank-math-question\">\u00bfPuedes manejar pajitas secas?<\/h3> <div class=\"rank-math-answer\">  <p>S\u00ed, pero la paja verde es la mejor para la frescura y el almacenamiento de los animales.<\/p>  <\/div> <\/div> <div id=\"faq-question-1717140271944\" class=\"rank-math-list-item\"> <h3 class=\"rank-math-question\">\u00bfCu\u00e1ntos caballos de fuerza necesita la m\u00e1quina?<\/h3> <div class=\"rank-math-answer\">  <p>Tractor de 80 hp, diferente ancho de cosecha con diferentes tama\u00f1os de potencia del tractor, para confirmar el tama\u00f1o de potencia del tractor del cliente.<\/p>  <\/div> <\/div> <div id=\"faq-question-1717140280105\" class=\"rank-math-list-item\"> <h3 class=\"rank-math-question\">\u00bfCu\u00e1l es la altura del rastrojo despu\u00e9s del triturado?<\/h3> <div class=\"rank-math-answer\">  <p>8-15cm.<\/p>  <\/div> <\/div> <div id=\"faq-question-1717140290609\" class=\"rank-math-list-item\"> <h3 class=\"rank-math-question\">\u00bfCu\u00e1l es la finura de la paja triturada?<\/h3> <div class=\"rank-math-answer\">  <p>Mide 3-5 cm.<\/p>  <\/div> <\/div> <\/div> <\/div>","protected":false},"excerpt":{"rendered":"<p>La m\u00e1quina de reciclaje y corte de paja es un equipo de recolecci\u00f3n y procesamiento de paja. La m\u00e1quina puede manipular todo tipo de paja y forraje. <\/p>","protected":false},"author":1,"featured_media":222,"parent":0,"template":"","tags":[42,39,35,43,38],"product-type":[8],"class_list":["post-67","product","type-product","status-publish","has-post-thumbnail","hentry","tag-corn-silage","tag-hay","tag-silage","tag-stalk","tag-straw","product-type-other-silage-machines"],"_links":{"self":[{"href":"https:\/\/balerwrapper.com\/es\/wp-json\/wp\/v2\/product\/67","targetHints":{"allow":["GET"]}}],"collection":[{"href":"https:\/\/balerwrapper.com\/es\/wp-json\/wp\/v2\/product"}],"about":[{"href":"https:\/\/balerwrapper.com\/es\/wp-json\/wp\/v2\/types\/product"}],"author":[{"embeddable":true,"href":"https:\/\/balerwrapper.com\/es\/wp-json\/wp\/v2\/users\/1"}],"wp:featuredmedia":[{"embeddable":true,"href":"https:\/\/balerwrapper.com\/es\/wp-json\/wp\/v2\/media\/222"}],"wp:attachment":[{"href":"https:\/\/balerwrapper.com\/es\/wp-json\/wp\/v2\/media?parent=67"}],"wp:term":[{"taxonomy":"post_tag","embeddable":true,"href":"https:\/\/balerwrapper.com\/es\/wp-json\/wp\/v2\/tags?post=67"},{"taxonomy":"product-type","embeddable":true,"href":"https:\/\/balerwrapper.com\/es\/wp-json\/wp\/v2\/product-type?post=67"}],"curies":[{"name":"wp","href":"https:\/\/api.w.org\/{rel}","templated":true}]}}