{"id":65,"date":"2022-08-26T02:05:24","date_gmt":"2022-08-26T02:05:24","guid":{"rendered":"https:\/\/balerwrapper.com\/?post_type=product&#038;p=65"},"modified":"2024-05-31T14:47:17","modified_gmt":"2024-05-31T06:47:17","slug":"hay-cutter-and-baler","status":"publish","type":"product","link":"https:\/\/balerwrapper.com\/es\/product\/hay-cutter-and-baler\/","title":{"rendered":"Cortadora de heno y empacadora cortadora de ensilaje"},"content":{"rendered":"<div class=\"kk-star-ratings kksr-auto kksr-align-left kksr-valign-top\"     data-payload='{&quot;align&quot;:&quot;left&quot;,&quot;id&quot;:&quot;65&quot;,&quot;slug&quot;:&quot;default&quot;,&quot;valign&quot;:&quot;top&quot;,&quot;ignore&quot;:&quot;&quot;,&quot;reference&quot;:&quot;auto&quot;,&quot;class&quot;:&quot;&quot;,&quot;count&quot;:&quot;89&quot;,&quot;legendonly&quot;:&quot;&quot;,&quot;readonly&quot;:&quot;&quot;,&quot;score&quot;:&quot;4.8&quot;,&quot;starsonly&quot;:&quot;&quot;,&quot;best&quot;:&quot;5&quot;,&quot;gap&quot;:&quot;5&quot;,&quot;greet&quot;:&quot;Rate this product&quot;,&quot;legend&quot;:&quot;4.8\\\/5 - (89 votos)&quot;,&quot;size&quot;:&quot;24&quot;,&quot;title&quot;:&quot;Hay Cutter And Baler Silage Cutting Baling Machine&quot;,&quot;width&quot;:&quot;136.7&quot;,&quot;_legend&quot;:&quot;{score}\\\/{best} - ({count} {votes})&quot;,&quot;font_factor&quot;:&quot;1.25&quot;}'>              <div class=\"kksr-stars\">      <div class=\"kksr-stars-inactive\">             <div class=\"kksr-star\" data-star=\"1\" style=\"padding-right: 5px\">               <div class=\"kksr-icon\" style=\"width: 24px; height: 24px;\"><\/div>         <\/div>             <div class=\"kksr-star\" data-star=\"2\" style=\"padding-right: 5px\">               <div class=\"kksr-icon\" style=\"width: 24px; height: 24px;\"><\/div>         <\/div>             <div class=\"kksr-star\" data-star=\"3\" style=\"padding-right: 5px\">               <div class=\"kksr-icon\" style=\"width: 24px; height: 24px;\"><\/div>         <\/div>             <div class=\"kksr-star\" data-star=\"4\" style=\"padding-right: 5px\">               <div class=\"kksr-icon\" style=\"width: 24px; height: 24px;\"><\/div>         <\/div>             <div class=\"kksr-star\" data-star=\"5\" style=\"padding-right: 5px\">               <div class=\"kksr-icon\" style=\"width: 24px; height: 24px;\"><\/div>         <\/div>     <\/div>      <div class=\"kksr-stars-active\" style=\"width: 136.7px;\">             <div class=\"kksr-star\" style=\"padding-right: 5px\">               <div class=\"kksr-icon\" style=\"width: 24px; height: 24px;\"><\/div>         <\/div>             <div class=\"kksr-star\" style=\"padding-right: 5px\">               <div class=\"kksr-icon\" style=\"width: 24px; height: 24px;\"><\/div>         <\/div>             <div class=\"kksr-star\" style=\"padding-right: 5px\">               <div class=\"kksr-icon\" style=\"width: 24px; height: 24px;\"><\/div>         <\/div>             <div class=\"kksr-star\" style=\"padding-right: 5px\">               <div class=\"kksr-icon\" style=\"width: 24px; height: 24px;\"><\/div>         <\/div>             <div class=\"kksr-star\" style=\"padding-right: 5px\">               <div class=\"kksr-icon\" style=\"width: 24px; height: 24px;\"><\/div>         <\/div>     <\/div> <\/div>                   <div class=\"kksr-legend\" style=\"font-size: 19.2px;\">             4.8\/5 - (89 votos)    <\/div>     <\/div>  <p>La cortadora y empacadora de heno puede triturar y empacar paja directamente en el campo. Satisface las necesidades de las personas que desean empacar paja o forraje directamente del campo. La m\u00e1quina ahorra tiempo, mano de obra y costos de transporte para recolectar, transportar y triturar pajitas. Puede manejar tallos en pie o ca\u00eddos, como tallos de ma\u00edz, tallos de trigo, tallos de algod\u00f3n, etc. Y puede reciclar entre 0,82 y 1,3 acres de paja agr\u00edcola a la vez.<\/p>    <figure class=\"wp-block-embed aligncenter is-type-video is-provider-youtube wp-block-embed-youtube wp-embed-aspect-16-9 wp-has-aspect-ratio\"><div class=\"wp-block-embed__wrapper\"> <iframe loading=\"lazy\" title=\"\u00a1La m\u00e1quina recolectora y empacadora de paja de alta eficiencia lo ayuda a lidiar f\u00e1cilmente con los residuos de tierras agr\u00edcolas! \ud83c\udf3e\ud83d\ude9c\" width=\"500\" height=\"281\" src=\"https:\/\/www.youtube.com\/embed\/MNmNnsWwQdk?feature=oembed\" frameborder=\"0\" allow=\"accelerometer; autoplay; clipboard-write; encrypted-media; gyroscope; picture-in-picture; web-share\" referrerpolicy=\"strict-origin-when-cross-origin\" allowfullscreen><\/iframe> <\/div><figcaption class=\"wp-element-caption\">V\u00eddeo de funcionamiento de la m\u00e1quina cortadora y empacadora de heno.<\/figcaption><\/figure>    <h2 class=\"wp-block-heading\" id=\"h-what-are-the-hay-cutter-and-baler\">\u00bfQu\u00e9 es la cortadora y empacadora de heno?<\/h2>    <p class=\"translation-block\">La cortadora y empacadora de heno puede trabajar tanto en campos de pre-cosecha como de post-cosecha. La m\u00e1quina tritura, recoge y empaca la paja a medida que aparece en el \u00e1rea de trabajo. Por lo tanto, tiene m\u00e1s funciones de trituraci\u00f3n que la <a href=\"https:\/\/balerwrapper.com\/es\/product\/round-hay-baler\/\">empacadora recogedora de paja.<\/a> La paja empacada puede ser densa y transpirable para facilitar su transporte y almacenamiento. <\/p>    <p>Producimos dos tipos de m\u00e1quinas, empacadoras trituradoras y recolectoras de paja de pacas cuadradas y pacas redondas. Adem\u00e1s de que ambos utilizan el tractor como potencia, se diferencian en estructura y productos terminados. Aqu\u00ed hay una breve introducci\u00f3n a las dos m\u00e1quinas.<\/p>    <figure class=\"wp-block-gallery aligncenter has-nested-images columns-default is-cropped wp-block-gallery-2 is-layout-flex wp-block-gallery-is-layout-flex\"><div class=\"wp-block-image\"> <figure class=\"aligncenter size-large\"><img loading=\"lazy\" decoding=\"async\" width=\"720\" height=\"540\" data-id=\"169\" src=\"https:\/\/balerwrapper.com\/wp-content\/uploads\/2022\/08\/hay-cutter-and-baler-.webp\" alt=\"cortadora y empacadora de heno\" class=\"wp-image-169\" title=\"cortadora y empacadora de heno\"\/><figcaption class=\"wp-element-caption\">cortadora y empacadora de heno<\/figcaption><\/figure> <\/div><\/figure>    <h2 class=\"wp-block-heading\" id=\"h-using-scopes-of-the-silage-cutting-baling-machine\">Uso de los alcances de la m\u00e1quina empacadora cortadora de ensilaje<\/h2>    <p>Disponemos de dos tipos de m\u00e1quinas empacadoras cortadoras de ensilado. Ambas m\u00e1quinas pueden manipular ma\u00edz, arroz, trigo, paja de trigo, paja de alfalfa, paja de oveja, juncos, paja de algod\u00f3n, etc., en pie o ca\u00eddos. Gracias a la funci\u00f3n de trituraci\u00f3n, pueden trabajar en el campo antes y despu\u00e9s de la cosecha. Y tiene un buen efecto de cosecha.<\/p>    <h2 class=\"wp-block-heading\" id=\"h-type-i-round-straw-crushing-and-picking-baler\">Tipo I: Empacadora trituradora y recogedora de paja redonda<\/h2>    <p>Este tipo de m\u00e1quina empaca el producto terminado en forma redonda. Puede usar cuerda y una red para empacar los fardos, y el tama\u00f1o de los fardos es de 70*100 mm, adem\u00e1s el ancho de cosecha es de 1,8 mo 1,65 m. Los tama\u00f1os de tractor correspondientes son superiores a 75 CV y \u200b\u200b60 CV.<\/p>   <div class=\"wp-block-image\"> <figure class=\"aligncenter size-full\"><img loading=\"lazy\" decoding=\"async\" width=\"720\" height=\"540\" src=\"https:\/\/balerwrapper.com\/wp-content\/uploads\/2022\/08\/Round-straw-crushing-and-picking-baler-.webp\" alt=\"Empacadora para triturar y recoger paja redonda\" class=\"wp-image-163\" title=\"Empacadora para triturar y recoger paja redonda\"\/><figcaption class=\"wp-element-caption\">Empacadora para triturar y recoger paja redonda<\/figcaption><\/figure> <\/div>   <h3 class=\"wp-block-heading\">\u00bfC\u00f3mo funcionan las m\u00e1quinas cortadoras y empacadoras de heno?<\/h3>    <figure class=\"wp-block-embed aligncenter is-type-video is-provider-youtube wp-block-embed-youtube wp-embed-aspect-16-9 wp-has-aspect-ratio\"><div class=\"wp-block-embed__wrapper\"> <iframe loading=\"lazy\" title=\"M\u00e1quina trituradora y empacadora de paja | Sitio de trabajo de la m\u00e1quina trituradora y empacadora de paja\" width=\"500\" height=\"281\" src=\"https:\/\/www.youtube.com\/embed\/zbVtbyUgH64?feature=oembed\" frameborder=\"0\" allow=\"accelerometer; autoplay; clipboard-write; encrypted-media; gyroscope; picture-in-picture; web-share\" referrerpolicy=\"strict-origin-when-cross-origin\" allowfullscreen><\/iframe> <\/div><figcaption class=\"wp-element-caption\">v\u00eddeo de trabajo de la empacadora de cosecha de heno<\/figcaption><\/figure>    <h3 class=\"wp-block-heading\" id=\"h-structure-of-the-hay-cutter-and-baler\">Estructura de la cortadora y empacadora de heno.<\/h3>    <p>La cortadora y empacadora de heno contienen principalmente un mecanismo de corte de paja, un mecanismo de transmisi\u00f3n, un mecanismo de recolecci\u00f3n, un mecanismo de rastrillado, un mecanismo de estampado de pist\u00f3n, un mecanismo de prensado de pacas y otras partes.<\/p>   <div class=\"wp-block-image\"> <figure class=\"aligncenter size-full\"><img loading=\"lazy\" decoding=\"async\" width=\"720\" height=\"540\" src=\"https:\/\/balerwrapper.com\/wp-content\/uploads\/2022\/08\/round-silage-cutting-and-baling-machine-.webp\" alt=\"cortadora y empacadora de heno\" class=\"wp-image-164\" title=\"cortadora y empacadora de heno\"\/><figcaption class=\"wp-element-caption\">Cortadora y empacadora de heno<\/figcaption><\/figure> <\/div>   <h3 class=\"wp-block-heading\" id=\"h-parameters-of-the-small-hay-round-baler\">Par\u00e1metros de la empacadora de heno peque\u00f1a<\/h3>    <figure class=\"wp-block-table is-style-stripes\"><table><tbody><tr><td>Modelo<\/td><td>STF 70*100<\/td><\/tr><tr><td>Capacidad de trabajo<\/td><td>0,82-1,3 acres<\/td><\/tr><tr><td>Tama\u00f1o<\/td><td>2300*2200*1450mm<\/td><\/tr><\/tbody><\/table><figcaption class=\"wp-element-caption\">Datos t\u00e9cnicos de la m\u00e1quina empacadora de heno peque\u00f1a<\/figcaption><\/figure>    <h3 class=\"wp-block-heading\" id=\"h-how-does-the-tractor-baler-work\">\u00bfC\u00f3mo funciona la empacadora de tractor? <\/h3>   <div id=\"rank-math-howto\" class=\"rank-math-block\" > <div class=\"rank-math-howto-description\">  <\/div>  <div class=\"rank-math-steps\"> <div id=\"howto-step-1717136285118\" class=\"rank-math-step\"> <div class=\"rank-math-step-content\"><p>El principio de funcionamiento de la empacadora de tractor es amasar y triturar primero los tallos de ma\u00edz gruesos, fuertes y duros. Y bajo la inercia de la m\u00e1quina, el material ser\u00e1 arrojado a la mantequera.<\/p> <\/div> <\/div> <div id=\"howto-step-1717137652050\" class=\"rank-math-step\"> <div class=\"rank-math-step-content\"><p>Luego, la mantequera empujar\u00e1 el material hacia el puerto de alimentaci\u00f3n y la horquilla de alimentaci\u00f3n enviar\u00e1 el material a la c\u00e1mara de compresi\u00f3n.<\/p> <\/div> <\/div> <div id=\"howto-step-1717137658958\" class=\"rank-math-step\"> <div class=\"rank-math-step-content\"><p>A continuaci\u00f3n, el pist\u00f3n comprimir\u00e1 la pajita bajo la acci\u00f3n alternativa.<\/p> <\/div> <\/div> <div id=\"howto-step-1717137724308\" class=\"rank-math-step\"> <div class=\"rank-math-step-content\"><p>Por lo tanto, la parte trasera del contenedor de la empacadora emitir\u00e1 una alarma autom\u00e1ticamente cuando la capacidad est\u00e9 llena. Y la cuerda autom\u00e1tica envolver\u00e1 la paca. Y finalmente, abre el contenedor y coloca la bola en los fardos.<\/p> <\/div> <\/div> <\/div> <\/div>      <div class=\"wp-block-image\"> <figure class=\"aligncenter size-full\"><img loading=\"lazy\" decoding=\"async\" width=\"720\" height=\"540\" src=\"https:\/\/balerwrapper.com\/wp-content\/uploads\/2022\/08\/tractor-baler-.webp\" alt=\"empacadora de tractores \" class=\"wp-image-165\" title=\"empacadora de tractores \"\/><figcaption class=\"wp-element-caption\">empacadora de tractores <\/figcaption><\/figure> <\/div>   <h3 class=\"wp-block-heading has-text-align-left\" id=\"h-highlights-of-the-compact-tractor-baler\">Lo m\u00e1s destacado de la empacadora de tractor compacta<\/h3>    <ul class=\"wp-block-list\"> <li>La cortadora y empacadora de heno tienen una amplia gama de usos. Puede cosechar paja de arroz, heno, alfalfa de paja de trigo y otros tallos de pastos de cereales.<\/li>    <li>La empacadora de tractor tiene una estructura simple, una baja tasa de fallas y un trabajo confiable. La m\u00e1quina es f\u00e1cil de operar y las pacas formadas son peque\u00f1as y f\u00e1ciles de transportar.<\/li>    <li>Al ser colgante, es adecuado para tractores de peque\u00f1a y mediana potencia, que son flexibles y m\u00f3viles.<\/li>    <li>Una vez formada la paca, el tractor viene con un mecanismo hidr\u00e1ulico para controlar el cilindro y el bastidor trasero se abre, escupiendo la paca.<\/li> <\/ul>    <h2 class=\"wp-block-heading\" id=\"h-type-ii-square-hay-baler\">Tipo II: Empacadora de heno cuadrada<\/h2>    <p>La empacadora cuadrada para triturar y recoger paja solo puede usar la cuerda para empacar el material. La m\u00e1quina tiene un ancho de trituraci\u00f3n de 2,2 m y debe ser conducida por un tractor de 75 CV o m\u00e1s. El tama\u00f1o de la paca es 1100*400*300 mm y la m\u00e1quina no necesita poner la bola en funcionamiento, descargar\u00e1 la paca autom\u00e1ticamente. El usuario s\u00f3lo necesita moverse a cierta velocidad en el campo.<\/p>   <div class=\"wp-block-image\"> <figure class=\"aligncenter size-full\"><img loading=\"lazy\" decoding=\"async\" width=\"720\" height=\"540\" src=\"https:\/\/balerwrapper.com\/wp-content\/uploads\/2022\/08\/Square-hay-baler-.webp\" alt=\"Empacadora de heno cuadrada\" class=\"wp-image-166\" title=\"Empacadora de heno cuadrada\"\/><figcaption class=\"wp-element-caption\">Empacadora de heno cuadrada<\/figcaption><\/figure> <\/div>   <h3 class=\"wp-block-heading\" id=\"h-detailed-specification-of-the-hay-cutter-and-baler\">Especificaciones detalladas de la cortadora y empacadora de heno.<\/h3>    <figure class=\"wp-block-table is-style-stripes\"><table><tbody><tr><td>Modelo<\/td><td>Ancho del selector<\/td><td>Tipo de estructura del selector<\/td><td>Tipo de anudador<\/td><td>N\u00famero de anudadores<\/td><td>Tiempos de movimiento alternativo del pist\u00f3n agrupado<\/td><td>Dimensiones (mm)<\/td><td>Poder de apoyo<\/td><\/tr><tr><td>9YFQ-2.2<\/td><td>2240 mm<\/td><td>diente de resorte<\/td><td>D<\/td><td>2<\/td><td>100\/minuto<\/td><td>4150\u00d72850\u00d71800<\/td><td>\u226536,7 kw<\/td><\/tr><\/tbody><\/table><figcaption class=\"wp-element-caption\">Datos t\u00e9cnicos de la cortadora y empacadora de heno<\/figcaption><\/figure>    <h3 class=\"wp-block-heading\" id=\"h-structure-of-the-straw-crushing-baler\">Estructura de la empacadora trituradora de paja<\/h3>    <p>La empacadora trituradora de paja incluye principalmente un marco, rueda m\u00f3vil, viga de tracci\u00f3n, sistema de transmisi\u00f3n, dispositivo de compresi\u00f3n, dispositivo de empacado, dispositivo de recolecci\u00f3n, dispositivo de embalaje, etc.<\/p>   <div class=\"wp-block-image\"> <figure class=\"aligncenter size-full\"><img loading=\"lazy\" decoding=\"async\" width=\"720\" height=\"540\" src=\"https:\/\/balerwrapper.com\/wp-content\/uploads\/2022\/08\/straw-crushing-baler-.webp\" alt=\" empacadora trituradora de paja\" class=\"wp-image-167\" title=\" empacadora trituradora de paja\"\/><figcaption class=\"wp-element-caption\"> empacadora trituradora de paja<\/figcaption><\/figure> <\/div>   <h3 class=\"wp-block-heading\">Escena de trabajo de la empacadora de heno cuadrada <\/h3>    <figure class=\"wp-block-embed aligncenter is-type-video is-provider-youtube wp-block-embed-youtube wp-embed-aspect-16-9 wp-has-aspect-ratio\"><div class=\"wp-block-embed__wrapper\"> <iframe loading=\"lazy\" title=\"Empacadora de heno cuadrada para empacar heno, paja de arroz, ma\u00edz, alfalfa, etc.\" width=\"500\" height=\"281\" src=\"https:\/\/www.youtube.com\/embed\/ZZp-At9iy2w?feature=oembed\" frameborder=\"0\" allow=\"accelerometer; autoplay; clipboard-write; encrypted-media; gyroscope; picture-in-picture; web-share\" referrerpolicy=\"strict-origin-when-cross-origin\" allowfullscreen><\/iframe> <\/div><figcaption class=\"wp-element-caption\">V\u00eddeo de trabajo de la m\u00e1quina empacadora de heno cuadrada<\/figcaption><\/figure>    <h3 class=\"wp-block-heading\" id=\"h-advantages-of-the-square-press-crushing-baling-machine\">Ventajas de la m\u00e1quina empacadora trituradora de prensa cuadrada<\/h3>    <ul class=\"wp-block-list\"> <li>El bastidor delantero del tractor puede girar 180 grados libremente y girar de manera flexible, lo que resuelve el problema de la limitaci\u00f3n de potencia del tractor.<\/li>    <li>Esta m\u00e1quina est\u00e1 firmemente soldada y adopta una caja de cambios agrandada y cojinetes agrandados, que son resistentes al desgaste.<\/li>    <li>La cuchilla puede cumplir con los requisitos de diferentes clientes en cuanto al grado de trituraci\u00f3n de la paja.<\/li>    <li>El eje de alimentaci\u00f3n adopta una cuchilla de barrena de propulsi\u00f3n en espiral y una transmisi\u00f3n en forma de onda, lo que resuelve el problema de la paja enredada y el material de bloqueo, y no aparecer\u00e1 un eje roto.<\/li>    <li>La m\u00e1quina adopta un tubo de acero s\u00f3lido sin costura, resistente al desgaste y duradero.<\/li> <\/ul>   <div class=\"wp-block-image\"> <figure class=\"aligncenter size-full\"><img loading=\"lazy\" decoding=\"async\" width=\"720\" height=\"540\" src=\"https:\/\/balerwrapper.com\/wp-content\/uploads\/2022\/08\/square-press-crushing-baling-machine-.webp\" alt=\"prensa cuadrada trituradora y empacadora\" class=\"wp-image-168\" title=\"prensa cuadrada trituradora y empacadora\"\/><figcaption class=\"wp-element-caption\">prensa cuadrada trituradora y empacadora<\/figcaption><\/figure> <\/div>   <h2 class=\"wp-block-heading\" id=\"h-what-are-the-differences-between-the-two-hay-cutter-and-balers\">\u00bfCu\u00e1les son las diferencias entre las dos cortadoras y empacadoras de heno?<\/h2>    <ul class=\"wp-block-list\"> <li>La forma de los productos terminados de las dos m\u00e1quinas es diferente: una es una paca redonda y la otra es una paca cuadrada.<\/li>    <li>El material utilizado para empacar el c\u00e9sped es diferente, la empacadora de recolecci\u00f3n y trituraci\u00f3n de paja redonda puede usar la red y la cuerda. El cuadrado s\u00f3lo puede usar la cuerda para empacar la hierba.<\/li>    <li>La estructura interna de las dos m\u00e1quinas tambi\u00e9n es diferente y la forma del producto final es diferente en tama\u00f1o.<\/li> <\/ul>    <p class=\"translation-block\">Nuestra f\u00e1brica produce y fabrica diferentes tipos de m\u00e1quinas de reciclaje de <a href=\"https:\/\/en.wikipedia.org\/wiki\/Straw\" target=\"_blank\" rel=\"noopener\">paja<\/a>, puede elegir seg\u00fan la demanda y la situaci\u00f3n real, y aceptamos personalizaci\u00f3n. No dude en contactarnos para obtener m\u00e1s informaci\u00f3n y una cotizaci\u00f3n de la m\u00e1quina.<\/p>","protected":false},"excerpt":{"rendered":"<p>La cortadora y empacadora de heno pueden triturar y empacar paja directamente en el campo. Consigue enfardar paja o forraje directamente del campo. De esta manera se realiza el reciclaje de paja.<\/p>","protected":false},"author":1,"featured_media":161,"parent":0,"template":"","tags":[39,35],"product-type":[7],"class_list":["post-65","product","type-product","status-publish","has-post-thumbnail","hentry","tag-hay","tag-silage","product-type-silage-baler"],"_links":{"self":[{"href":"https:\/\/balerwrapper.com\/es\/wp-json\/wp\/v2\/product\/65","targetHints":{"allow":["GET"]}}],"collection":[{"href":"https:\/\/balerwrapper.com\/es\/wp-json\/wp\/v2\/product"}],"about":[{"href":"https:\/\/balerwrapper.com\/es\/wp-json\/wp\/v2\/types\/product"}],"author":[{"embeddable":true,"href":"https:\/\/balerwrapper.com\/es\/wp-json\/wp\/v2\/users\/1"}],"wp:featuredmedia":[{"embeddable":true,"href":"https:\/\/balerwrapper.com\/es\/wp-json\/wp\/v2\/media\/161"}],"wp:attachment":[{"href":"https:\/\/balerwrapper.com\/es\/wp-json\/wp\/v2\/media?parent=65"}],"wp:term":[{"taxonomy":"post_tag","embeddable":true,"href":"https:\/\/balerwrapper.com\/es\/wp-json\/wp\/v2\/tags?post=65"},{"taxonomy":"product-type","embeddable":true,"href":"https:\/\/balerwrapper.com\/es\/wp-json\/wp\/v2\/product-type?post=65"}],"curies":[{"name":"wp","href":"https:\/\/api.w.org\/{rel}","templated":true}]}}