{"id":63,"date":"2022-08-26T01:48:00","date_gmt":"2022-08-26T01:48:00","guid":{"rendered":"https:\/\/balerwrapper.com\/?post_type=product&#038;p=63"},"modified":"2025-06-06T17:45:12","modified_gmt":"2025-06-06T09:45:12","slug":"round-hay-baler","status":"publish","type":"product","link":"https:\/\/balerwrapper.com\/es\/product\/round-hay-baler\/","title":{"rendered":"Empacadora de heno redonda y m\u00e1quina recolectora de paja cuadrada"},"content":{"rendered":"<div class=\"kk-star-ratings kksr-auto kksr-align-left kksr-valign-top\"     data-payload='{&quot;align&quot;:&quot;left&quot;,&quot;id&quot;:&quot;63&quot;,&quot;slug&quot;:&quot;default&quot;,&quot;valign&quot;:&quot;top&quot;,&quot;ignore&quot;:&quot;&quot;,&quot;reference&quot;:&quot;auto&quot;,&quot;class&quot;:&quot;&quot;,&quot;count&quot;:&quot;98&quot;,&quot;legendonly&quot;:&quot;&quot;,&quot;readonly&quot;:&quot;&quot;,&quot;score&quot;:&quot;4.9&quot;,&quot;starsonly&quot;:&quot;&quot;,&quot;best&quot;:&quot;5&quot;,&quot;gap&quot;:&quot;5&quot;,&quot;greet&quot;:&quot;Rate this product&quot;,&quot;legend&quot;:&quot;4.9\\\/5 - (98 votos)&quot;,&quot;size&quot;:&quot;24&quot;,&quot;title&quot;:&quot;Round Hay Baler And Square Straw Picking Machine&quot;,&quot;width&quot;:&quot;139.6&quot;,&quot;_legend&quot;:&quot;{score}\\\/{best} - ({count} {votes})&quot;,&quot;font_factor&quot;:&quot;1.25&quot;}'>              <div class=\"kksr-stars\">      <div class=\"kksr-stars-inactive\">             <div class=\"kksr-star\" data-star=\"1\" style=\"padding-right: 5px\">               <div class=\"kksr-icon\" style=\"width: 24px; height: 24px;\"><\/div>         <\/div>             <div class=\"kksr-star\" data-star=\"2\" style=\"padding-right: 5px\">               <div class=\"kksr-icon\" style=\"width: 24px; height: 24px;\"><\/div>         <\/div>             <div class=\"kksr-star\" data-star=\"3\" style=\"padding-right: 5px\">               <div class=\"kksr-icon\" style=\"width: 24px; height: 24px;\"><\/div>         <\/div>             <div class=\"kksr-star\" data-star=\"4\" style=\"padding-right: 5px\">               <div class=\"kksr-icon\" style=\"width: 24px; height: 24px;\"><\/div>         <\/div>             <div class=\"kksr-star\" data-star=\"5\" style=\"padding-right: 5px\">               <div class=\"kksr-icon\" style=\"width: 24px; height: 24px;\"><\/div>         <\/div>     <\/div>      <div class=\"kksr-stars-active\" style=\"width: 139.6px;\">             <div class=\"kksr-star\" style=\"padding-right: 5px\">               <div class=\"kksr-icon\" style=\"width: 24px; height: 24px;\"><\/div>         <\/div>             <div class=\"kksr-star\" style=\"padding-right: 5px\">               <div class=\"kksr-icon\" style=\"width: 24px; height: 24px;\"><\/div>         <\/div>             <div class=\"kksr-star\" style=\"padding-right: 5px\">               <div class=\"kksr-icon\" style=\"width: 24px; height: 24px;\"><\/div>         <\/div>             <div class=\"kksr-star\" style=\"padding-right: 5px\">               <div class=\"kksr-icon\" style=\"width: 24px; height: 24px;\"><\/div>         <\/div>             <div class=\"kksr-star\" style=\"padding-right: 5px\">               <div class=\"kksr-icon\" style=\"width: 24px; height: 24px;\"><\/div>         <\/div>     <\/div> <\/div>                   <div class=\"kksr-legend\" style=\"font-size: 19.2px;\">             4,9\/5 - (98 votos)    <\/div>     <\/div>  <p>La m\u00e1quina de empacadora de heno redonda es un tipo de equipo agr\u00edcola eficiente y pr\u00e1ctico, utilizado principalmente para la recolecci\u00f3n autom\u00e1tica, el empaque y las operaciones de descarga de paja rota despu\u00e9s de la cosecha en el campo. <\/p>    <p>La m\u00e1quina es especialmente adecuada para el ma\u00edz, el trigo, el arroz, los pastos y otros cultivos para el procesamiento de paja, y puede mejorar significativamente la eficiencia operativa (hasta 1.3-1.65 acres\/h).<\/p>    <p>El producto final de la m\u00e1quina son pacas de paja compactas con una densidad de 180kg\/m\u00b3 (di\u00e1metro 50cm \u00d7 longitud 80cm), lo que es conveniente para la recolecci\u00f3n, transporte y almacenamiento de paja. <\/p>    <p>Se utiliza ampliamente en el campo de la ganader\u00eda y la utilizaci\u00f3n integral de la paja, y ha sido exportado a muchos pa\u00edses como Holanda, Malasia, Panam\u00e1, Indonesia, etc., y es bien recibido por los usuarios.<\/p>    <figure class=\"wp-block-embed aligncenter is-type-video is-provider-youtube wp-block-embed-youtube wp-embed-aspect-16-9 wp-has-aspect-ratio\"><div class=\"wp-block-embed__wrapper\"> <iframe loading=\"lazy\" title=\"\u00a1Integraci\u00f3n eficiente de recolecci\u00f3n y empacado! Empacadora de heno cuadrada a la venta\" width=\"500\" height=\"281\" src=\"https:\/\/www.youtube.com\/embed\/VuYooF-GE2I?start=54&#038;feature=oembed\" frameborder=\"0\" allow=\"accelerometer; autoplay; clipboard-write; encrypted-media; gyroscope; picture-in-picture; web-share\" referrerpolicy=\"strict-origin-when-cross-origin\" allowfullscreen><\/iframe> <\/div><figcaption class=\"wp-element-caption\">V\u00eddeo de trabajo de la m\u00e1quina empacadora de heno redonda de paja de ensilaje<\/figcaption><\/figure>    <h2 class=\"wp-block-heading\" id=\"h-what-s-the-best-hay-baler\">Dos tipos de m\u00e1quina empacadora de heno de paja<\/h2>    <p>Principalmente producimos dos tipos de empacadoras de paja: empacadoras de heno redondas y empacadoras de paja cuadradas. Son adecuadas para diferentes formas y anchos de necesidades de empacado de paja. Ambas son impulsadas por la potencia de salida del PTO de la suspensi\u00f3n de tres puntos del tractor, lo que las hace altamente adaptables y eficientes.<\/p>    <p class=\"translation-block\"><strong>Diferencia principal y caracter\u00edsticas adicionales:<\/strong><\/p>    <p>La empacadora redonda puede usar hilo o malla para el empaque de diversas maneras, mientras que la empacadora cuadrada solo puede usar hilo para el empaque, lo que es m\u00e1s compacto. <\/p>    <p class=\"translation-block\">Adem\u00e1s, tambi\u00e9n proporcionamos <a href=\"https:\/\/balerwrapper.com\/es\/product\/hay-cutter-and-baler\/\"><strong><em>m\u00e1quinas cortadoras y empacadoras de heno<\/em><\/strong><\/a> con funci\u00f3n de trituraci\u00f3n, que es adecuada para el tratamiento de paja no rota, realizando la operaci\u00f3n integrada de recolecci\u00f3n, trituraci\u00f3n y empaque.<\/p>    <figure class=\"wp-block-gallery has-nested-images columns-default is-cropped wp-block-gallery-2 is-layout-flex wp-block-gallery-is-layout-flex\"> <figure class=\"wp-block-image size-large\"><img loading=\"lazy\" decoding=\"async\" width=\"720\" height=\"540\" data-id=\"190\" src=\"https:\/\/balerwrapper.com\/wp-content\/uploads\/2022\/08\/best-hay-baler-.webp\" alt=\"mejor empacadora de heno redonda\" class=\"wp-image-190\" title=\"mejor empacadora de heno redonda\"\/><figcaption class=\"wp-element-caption\">mejor empacadora de heno redonda<\/figcaption><\/figure>    <figure class=\"wp-block-image size-large\"><img loading=\"lazy\" decoding=\"async\" width=\"720\" height=\"540\" data-id=\"191\" src=\"https:\/\/balerwrapper.com\/wp-content\/uploads\/2022\/08\/square-hay-pick-up-baler-machine-.webp\" alt=\"Empacadora de recogida de heno cuadrada \" class=\"wp-image-191\" title=\"Empacadora de recogida de heno cuadrada \"\/><figcaption class=\"wp-element-caption\">Empacadora de recogida de heno cuadrada <\/figcaption><\/figure> <\/figure>    <h2 class=\"wp-block-heading\">Ventajas de usar una m\u00e1quina de recolecci\u00f3n y empaque de paja<\/h2>    <ul class=\"wp-block-list\"> <li>Estructura compacta, peque\u00f1a huella: toda la m\u00e1quina tiene una estructura razonable, ahorrando espacio de operaci\u00f3n.<\/li>    <li>Operaci\u00f3n simple, f\u00e1cil de iniciar: estructura simple, f\u00e1cil de entender y usar, bajo costo de capacitaci\u00f3n.<\/li>    <li>Buen efecto de empaque: el fardo es apretado por fuera y suelto por dentro, ventilado y aireado, lo que es bueno para el almacenamiento.<\/li>    <li>Reducir la contaminaci\u00f3n ambiental: puede recoger la paja rota en el campo y evitar la contaminaci\u00f3n del aire causada por la quema.<\/li>    <li>Utilizaci\u00f3n eficiente de recursos: la paja empacada puede ser utilizada para la fabricaci\u00f3n de papel, generaci\u00f3n de energ\u00eda, cr\u00eda y otros prop\u00f3sitos.<\/li>    <li>Transporte y almacenamiento convenientes: la paja empacada es ordenada y compacta, lo que mejora la eficiencia de manejo y almacenamiento.<\/li> <\/ul>   <div class=\"wp-block-image\"> <figure class=\"aligncenter size-full\"><img loading=\"lazy\" decoding=\"async\" width=\"720\" height=\"540\" src=\"https:\/\/balerwrapper.com\/wp-content\/uploads\/2022\/08\/hay-and-straw-baling-machine-.webp\" alt=\"empacadora de heno y paja\" class=\"wp-image-193\" title=\"empacadora de heno y paja\"\/><figcaption class=\"wp-element-caption\">M\u00e1quina empacadora de heno y paja<\/figcaption><\/figure> <\/div>   <h2 class=\"wp-block-heading\">\u00c1mbitos de aplicaci\u00f3n de la m\u00e1quina empacadora de heno<\/h2>    <ul class=\"wp-block-list\"> <li>Adecuado para la recolecci\u00f3n y empaquetado de heno, silo y forraje.<\/li>    <li>Es adecuado para la operaci\u00f3n de empaquetado de paja de trigo, arroz y ma\u00edz amasado.<\/li>    <li>Mientras tanto, se puede utilizar para recolectar y empaquetar paja de algod\u00f3n, paja de colza, enredadera de cacahuate, paja de frijol y otros tipos de paja de cultivos.<\/li>    <li>Es la opci\u00f3n ideal para la utilizaci\u00f3n de recursos de paja en los campos de la ganader\u00eda, la fabricaci\u00f3n de papel, etc.<\/li> <\/ul>    <h2 class=\"wp-block-heading\" id=\"h-type-i-pickup-round-baler\">Tipo I: Rotoempacadora pickup<\/h2>    <p>La empacadora de heno redonda recoge material utilizando los dientes frontales de la m\u00e1quina. El tama\u00f1o del fardo final es de 70 cm de di\u00e1metro y 100 cm de longitud. La m\u00e1quina es compacta, f\u00e1cil de operar y confiable.<\/p>   <div class=\"wp-block-image\"> <figure class=\"aligncenter size-full\"><img loading=\"lazy\" decoding=\"async\" width=\"720\" height=\"540\" src=\"https:\/\/balerwrapper.com\/wp-content\/uploads\/2022\/08\/Pickup-round-baler.webp\" alt=\"Empacadora redonda de recogida\" class=\"wp-image-192\" title=\"Empacadora redonda de recogida\"\/><figcaption class=\"wp-element-caption\">Empacadora de heno redonda con recogida<\/figcaption><\/figure> <\/div>   <h3 class=\"wp-block-heading\">Estructura de la empacadora de heno redonda compacta<\/h3>    <p>Este tipo de empacadora de heno redonda incluye principalmente un mecanismo de recolecci\u00f3n, un mecanismo de rodillo de enrollado, un mecanismo de atado, un mecanismo de liberaci\u00f3n de pacas, etc. <\/p>    <p>El fardo formado es peque\u00f1o y compacto, y el fardo es suelto por dentro y apretado por fuera, con buena permeabilidad al aire, lo que es conveniente para el transporte y almacenamiento.<\/p>   <div class=\"wp-block-image\"> <figure class=\"aligncenter size-full\"><img loading=\"lazy\" decoding=\"async\" width=\"720\" height=\"540\" src=\"https:\/\/balerwrapper.com\/wp-content\/uploads\/2022\/08\/compact-round-baler.webp\" alt=\"empacadora redonda compacta\" class=\"wp-image-199\" title=\"empacadora redonda compacta\"\/><figcaption class=\"wp-element-caption\">empacadora redonda compacta<\/figcaption><\/figure> <\/div>   <h3 class=\"wp-block-heading\">\u00bfC\u00f3mo funciona la empacadora de heno redonda?<\/h3>   <div id=\"rank-math-howto\" class=\"rank-math-block\" > <div class=\"rank-math-howto-description\">  <\/div>  <div class=\"rank-math-steps\"> <div id=\"howto-step-1717057803150\" class=\"rank-math-step\"> <div class=\"rank-math-step-content\"><p>El tractor tira de la empacadora de heno para que se desplace sobre la paja cosechada. Luego, a medida que el tractor avanza, se emite energ\u00eda y el mecanismo de recolecci\u00f3n comienza a girar, recogiendo la paja y aliment\u00e1ndola hacia la c\u00e1mara de rodadura.<\/p> <\/div> <\/div> <div id=\"howto-step-1717057819817\" class=\"rank-math-step\"> <div class=\"rank-math-step-content\"><p>Con la rotaci\u00f3n continua del tambor empacador, la paja que ingresa a la c\u00e1mara de empacado cambia gradualmente de peque\u00f1a a grande para formar una paca redonda apretada.<\/p> <\/div> <\/div> <div id=\"howto-step-1717057832313\" class=\"rank-math-step\"> <div class=\"rank-math-step-content\"><p>A continuaci\u00f3n, cuando la paca alcanza una densidad predeterminada, suena la bocina de alarma y el conductor detiene el tractor.<\/p> <\/div> <\/div> <div id=\"howto-step-1717057843722\" class=\"rank-math-step\"> <div class=\"rank-math-step-content\"><p>El conductor tira de la palanca hidr\u00e1ulica para hacer que la v\u00e1lvula hidr\u00e1ulica cambie de direcci\u00f3n, el cilindro funciona y el bastidor trasero se abre y expulsa la paca.<\/p> <\/div> <\/div> <\/div> <\/div>       <figure class=\"wp-block-embed is-type-video is-provider-youtube wp-block-embed-youtube wp-embed-aspect-16-9 wp-has-aspect-ratio\"><div class=\"wp-block-embed__wrapper\"> <iframe loading=\"lazy\" title=\"V\u00eddeo de comentarios sobre la empacadora de recogida | empacadora de heno | V\u00eddeo de funcionamiento de la m\u00e1quina empacadora de paja.\" width=\"500\" height=\"281\" src=\"https:\/\/www.youtube.com\/embed\/dH9rpWyAvro?feature=oembed\" frameborder=\"0\" allow=\"accelerometer; autoplay; clipboard-write; encrypted-media; gyroscope; picture-in-picture; web-share\" referrerpolicy=\"strict-origin-when-cross-origin\" allowfullscreen><\/iframe> <\/div><figcaption class=\"wp-element-caption\">sitio de trabajo de la m\u00e1quina empacadora de heno redonda<\/figcaption><\/figure>    <h3 class=\"wp-block-heading\" id=\"h-specification-of-the-round-hay-baler\">Datos t\u00e9cnicos de la empacadora de heno redonda<\/h3>    <figure class=\"wp-block-table is-style-stripes\"><table><tbody><tr><td>Modelo<\/td><td>ST80*100<\/td><\/tr><tr><td>Peso<\/td><td>680 kilos<\/td><\/tr><tr><td>potencia del tractor<\/td><td>M\u00e1s de 40 CV<\/td><\/tr><tr><td>Dimensi\u00f3n global<\/td><td>1,63*1,37*1,43m<\/td><\/tr><tr><td>Tama\u00f1o de la empacadora<\/td><td>\u03a6800*1000mm<\/td><\/tr><tr><td>Peso de la empacadora<\/td><td>40-50 kg<\/td><\/tr><tr><td>Capacidad<\/td><td>1,3-1,65 acres\/h<\/td><\/tr><\/tbody><\/table><figcaption class=\"wp-element-caption\"> Par\u00e1metro de la empacadora de heno redonda<\/figcaption><\/figure>   <div class=\"wp-block-image\"> <figure class=\"aligncenter size-full\"><img loading=\"lazy\" decoding=\"async\" width=\"720\" height=\"540\" src=\"https:\/\/balerwrapper.com\/wp-content\/uploads\/2022\/08\/mini-round-baler-.webp\" alt=\"mini empacadora redonda\" class=\"wp-image-198\" title=\"mini empacadora redonda\"\/><figcaption class=\"wp-element-caption\">mini empacadora redonda<\/figcaption><\/figure> <\/div>   <h2 class=\"wp-block-heading\" id=\"h-type-ii-pick-up-square-baler\">Tipo II: Recoger empacadora cuadrada<\/h2>    <p>Este tipo de empacadora cuadrada de recolecci\u00f3n puede cosechar materiales de 2m o 2.2m de ancho. El tama\u00f1o final de la paca es de 110cm de largo, 40cm de ancho y 30cm de alto.<\/p>    <p>Puedes elegir el ancho adecuado seg\u00fan sus necesidades. Los fardos en forma de cuadrado son f\u00e1ciles de colocar y transportar. Es un equipo ideal para la recolecci\u00f3n de paja.<\/p>   <div class=\"wp-block-image\"> <figure class=\"aligncenter size-full\"><img loading=\"lazy\" decoding=\"async\" width=\"720\" height=\"540\" src=\"https:\/\/balerwrapper.com\/wp-content\/uploads\/2022\/08\/pick-up-square-baler-.webp\" alt=\"recoger empacadora cuadrada\" class=\"wp-image-195\" title=\"recoger empacadora cuadrada\"\/><figcaption class=\"wp-element-caption\">recoger empacadora cuadrada<\/figcaption><\/figure> <\/div>   <h3 class=\"wp-block-heading\" id=\"h-structure-of-automatic-straw-pick-up-packing-machine\">Estructura de la m\u00e1quina envasadora autom\u00e1tica de recogida de paja. <\/h3>    <p>Las principales partes de trabajo incluyen el dispositivo de recolecci\u00f3n, el mecanismo de transmisi\u00f3n, el dispositivo de alimentaci\u00f3n de paja, la estructura de prensado de balas, la estructura de atado de balas, el dispositivo limitador, la estructura de ajuste y control, etc.<\/p>    <h3 class=\"wp-block-heading\" id=\"h-technical-information-on-the-tractor-mounted-hay-picking-and-baling-machine\">Par\u00e1metros de la m\u00e1quina de recolecci\u00f3n y empaque de heno montada en tractor<\/h3>    <figure class=\"wp-block-table is-style-stripes\"><table><tbody><tr><td>modelo<\/td><td>TZ-190<\/td><\/tr><tr><td>Fuerza<\/td><td>Tractores de 80-90 CV<\/td><\/tr><tr><td>Trabajando eficientemente<\/td><td>6-15 kil\u00f3metros por hora<\/td><\/tr><tr><td>Anchura de trabajo<\/td><td>1,9 m<\/td><\/tr><tr><td>Tama\u00f1o de paca<\/td><td>110*40*30cm<\/td><\/tr><tr><td>Tama\u00f1o<\/td><td>500*280*140cm<\/td><\/tr><tr><td>Peso<\/td><td>1460 kilogramos<\/td><\/tr><\/tbody><\/table><figcaption class=\"wp-element-caption\">Par\u00e1metro de la m\u00e1quina recogedora y empacadora de heno montada en tractor<\/figcaption><\/figure>   <div class=\"wp-block-image\"> <figure class=\"aligncenter size-full\"><img loading=\"lazy\" decoding=\"async\" width=\"720\" height=\"540\" src=\"https:\/\/balerwrapper.com\/wp-content\/uploads\/2022\/08\/hay-picking-and-baling-machine-.webp\" alt=\"m\u00e1quina recolectora y empacadora de heno \" class=\"wp-image-196\" title=\"m\u00e1quina recolectora y empacadora de heno \"\/><figcaption class=\"wp-element-caption\">M\u00e1quina recolectora y empacadora de heno <\/figcaption><\/figure> <\/div>   <h3 class=\"wp-block-heading\" id=\"h-working-principle-of-the-hay-picking-and-baling-machine\">Principio de funcionamiento de la m\u00e1quina recolectora y empacadora de heno. <\/h3>    <ul class=\"wp-block-list\"> <li>Fuente de energ\u00eda: conectada a trav\u00e9s de la suspensi\u00f3n trasera de tres puntos del tractor, se utiliza el eje de salida trasero del tractor para proporcionar energ\u00eda de funcionamiento y operaci\u00f3n.<\/li>    <li>Recolecci\u00f3n y alimentaci\u00f3n: el recolector gira para recoger la paja del suelo y transportarla al dispositivo de alimentaci\u00f3n.<\/li>    <li>Compactaci\u00f3n y empaquetado: la paja entra en la c\u00e1mara de empaquetado de manera uniforme y se compacta y empaqueta autom\u00e1ticamente cuando alcanza el volumen establecido.<\/li>    <li>Descarga autom\u00e1tica de pacas: despu\u00e9s de que se completa el empaquetado, las pacas cuadradas se descargan por el puerto de descarga, completando todo el proceso de empaquetado.<\/li> <\/ul>    <figure class=\"wp-block-embed is-type-video is-provider-youtube wp-block-embed-youtube wp-embed-aspect-16-9 wp-has-aspect-ratio\"><div class=\"wp-block-embed__wrapper\"> <iframe loading=\"lazy\" title=\"Flejadora de paja cuadrada de remolque Tractore\" width=\"500\" height=\"281\" src=\"https:\/\/www.youtube.com\/embed\/5o1yotMUw0Y?feature=oembed\" frameborder=\"0\" allow=\"accelerometer; autoplay; clipboard-write; encrypted-media; gyroscope; picture-in-picture; web-share\" referrerpolicy=\"strict-origin-when-cross-origin\" allowfullscreen><\/iframe> <\/div><figcaption class=\"wp-element-caption\">Video de trabajo de la empacadora de heno cuadrada<\/figcaption><\/figure>    <h2 class=\"wp-block-heading\" id=\"h-why-choose-our-straw-picking-and-baling-machine\">\u00bfPor qu\u00e9 elegir nuestra m\u00e1quina recogedora y empacadora de paja?<\/h2>    <ul class=\"wp-block-list\"> <li>Equipo de fabricaci\u00f3n profesional: construido por t\u00e9cnicos experimentados, utilizando materiales de alta calidad, estructura razonable y rendimiento confiable.<\/li>    <li>Servicio oportuno y profesional: proporcionar respuestas r\u00e1pidas y profesionales para ayudar a los clientes a resolver problemas encontrados en el proceso de uso.<\/li>    <li>Protecci\u00f3n perfecta postventa: disfruta de un a\u00f1o de servicio postventa. Si los clientes reportan problemas dentro de un a\u00f1o, ayudaremos r\u00e1pidamente a resolverlos, para garantizar un uso sin preocupaciones.<\/li> <\/ul>   <div class=\"wp-block-image\"> <figure class=\"aligncenter size-full\"><img loading=\"lazy\" decoding=\"async\" width=\"720\" height=\"540\" src=\"https:\/\/balerwrapper.com\/wp-content\/uploads\/2022\/08\/stock-of-our-straw-picking-and-baling-machine-.jpg\" alt=\"stock de nuestra m\u00e1quina recogedora y empacadora de paja \" class=\"wp-image-197\" title=\"stock de nuestra m\u00e1quina recogedora y empacadora de paja \"\/><figcaption class=\"wp-element-caption\">El stock de nuestra m\u00e1quina recogedora y empacadora de paja.<\/figcaption><\/figure> <\/div>   <h2 class=\"wp-block-heading\" id=\"h-faults-and-solutions\">Fallos y soluciones.<\/h2>    <ol class=\"wp-block-list\"> <li>Fallo: la parte de recogida est\u00e1 bloqueada por hierba.<br>Raz\u00f3n: el mont\u00f3n de hierba es demasiado grande, la velocidad de conducci\u00f3n es demasiado r\u00e1pida y la humedad de la pieza de trabajo es demasiado alta.<br>Soluci\u00f3n: m\u00e1s peque\u00f1o <a href=\"https:\/\/en.wikipedia.org\/wiki\/Straw\" target=\"_blank\" rel=\"noopener\">paja<\/a> pila, velocidad de trabajo m\u00e1s lenta, material de trabajo seco.<\/li>    <li>Fallo: el fardo es c\u00f3nico.<br>Raz\u00f3n: conduciendo en un extremo de la franja de hierba, y la franja de hierba es gruesa en un extremo.<br>Soluci\u00f3n: conducir en el centro de la franja de hierba.<\/li>    <li>Fallo: el rodillo gira, el recolector no gira.<br>Raz\u00f3n: el perno de seguridad del recolector de hierba est\u00e1 cortado.<br>Soluci\u00f3n: Reemplace el perno de seguridad.<\/li>    <li>Fallo: cuando hay una l\u00ednea rota en el medio del paquete.<br>Motivo: el dispositivo de suministro de cuerda presiona la resistencia del dispositivo de cuerda, el dispositivo de cuerda tiene un problema.<br>Soluci\u00f3n: aflojar la cuerda y luego usar la cuerda para ajustar el resorte y reducir la resistencia. Verificar el caminante de cuerda.<\/li> <\/ol>    <p>Si est\u00e1 buscando un recogedor de paja y enfardadora eficiente, duradera y f\u00e1cil de operar, nuestros productos ser\u00e1n su elecci\u00f3n ideal. \u00a1Cont\u00e1ctenos ahora para ayudarle a reutilizar la paja de su cultivo!<\/p>","protected":false},"excerpt":{"rendered":"<p>La empacadora de heno redonda se utiliza generalmente en campos de ma\u00edz poscosecha. Porque s\u00f3lo puede manejar tallos de ma\u00edz que hayan sido amasados. Realiza la funci\u00f3n de recoger y enfardar paja picada.<\/p>","protected":false},"author":1,"featured_media":188,"parent":0,"template":"","tags":[39,38],"product-type":[7],"class_list":["post-63","product","type-product","status-publish","has-post-thumbnail","hentry","tag-hay","tag-straw","product-type-silage-baler"],"_links":{"self":[{"href":"https:\/\/balerwrapper.com\/es\/wp-json\/wp\/v2\/product\/63","targetHints":{"allow":["GET"]}}],"collection":[{"href":"https:\/\/balerwrapper.com\/es\/wp-json\/wp\/v2\/product"}],"about":[{"href":"https:\/\/balerwrapper.com\/es\/wp-json\/wp\/v2\/types\/product"}],"author":[{"embeddable":true,"href":"https:\/\/balerwrapper.com\/es\/wp-json\/wp\/v2\/users\/1"}],"wp:featuredmedia":[{"embeddable":true,"href":"https:\/\/balerwrapper.com\/es\/wp-json\/wp\/v2\/media\/188"}],"wp:attachment":[{"href":"https:\/\/balerwrapper.com\/es\/wp-json\/wp\/v2\/media?parent=63"}],"wp:term":[{"taxonomy":"post_tag","embeddable":true,"href":"https:\/\/balerwrapper.com\/es\/wp-json\/wp\/v2\/tags?post=63"},{"taxonomy":"product-type","embeddable":true,"href":"https:\/\/balerwrapper.com\/es\/wp-json\/wp\/v2\/product-type?post=63"}],"curies":[{"name":"wp","href":"https:\/\/api.w.org\/{rel}","templated":true}]}}