{"id":55,"date":"2022-08-24T10:35:12","date_gmt":"2022-08-24T10:35:12","guid":{"rendered":"https:\/\/balerwrapper.com\/?post_type=product&#038;p=55"},"modified":"2024-05-30T18:34:56","modified_gmt":"2024-05-30T10:34:56","slug":"combined-grass-grain-crusher","status":"publish","type":"product","link":"https:\/\/balerwrapper.com\/es\/product\/combined-grass-grain-crusher\/","title":{"rendered":"M\u00e1quina trituradora cortadora de paja trituradora de grano de hierba combinada"},"content":{"rendered":"<div class=\"kk-star-ratings kksr-auto kksr-align-left kksr-valign-top\"     data-payload='{&quot;align&quot;:&quot;left&quot;,&quot;id&quot;:&quot;55&quot;,&quot;slug&quot;:&quot;default&quot;,&quot;valign&quot;:&quot;top&quot;,&quot;ignore&quot;:&quot;&quot;,&quot;reference&quot;:&quot;auto&quot;,&quot;class&quot;:&quot;&quot;,&quot;count&quot;:&quot;97&quot;,&quot;legendonly&quot;:&quot;&quot;,&quot;readonly&quot;:&quot;&quot;,&quot;score&quot;:&quot;4.8&quot;,&quot;starsonly&quot;:&quot;&quot;,&quot;best&quot;:&quot;5&quot;,&quot;gap&quot;:&quot;5&quot;,&quot;greet&quot;:&quot;Rate this product&quot;,&quot;legend&quot;:&quot;4.8\\\/5 - (97 votos)&quot;,&quot;size&quot;:&quot;24&quot;,&quot;title&quot;:&quot;Combined Grass Grain Crusher Chaff Cutter Grinder Machine&quot;,&quot;width&quot;:&quot;136.7&quot;,&quot;_legend&quot;:&quot;{score}\\\/{best} - ({count} {votes})&quot;,&quot;font_factor&quot;:&quot;1.25&quot;}'>              <div class=\"kksr-stars\">      <div class=\"kksr-stars-inactive\">             <div class=\"kksr-star\" data-star=\"1\" style=\"padding-right: 5px\">               <div class=\"kksr-icon\" style=\"width: 24px; height: 24px;\"><\/div>         <\/div>             <div class=\"kksr-star\" data-star=\"2\" style=\"padding-right: 5px\">               <div class=\"kksr-icon\" style=\"width: 24px; height: 24px;\"><\/div>         <\/div>             <div class=\"kksr-star\" data-star=\"3\" style=\"padding-right: 5px\">               <div class=\"kksr-icon\" style=\"width: 24px; height: 24px;\"><\/div>         <\/div>             <div class=\"kksr-star\" data-star=\"4\" style=\"padding-right: 5px\">               <div class=\"kksr-icon\" style=\"width: 24px; height: 24px;\"><\/div>         <\/div>             <div class=\"kksr-star\" data-star=\"5\" style=\"padding-right: 5px\">               <div class=\"kksr-icon\" style=\"width: 24px; height: 24px;\"><\/div>         <\/div>     <\/div>      <div class=\"kksr-stars-active\" style=\"width: 136.7px;\">             <div class=\"kksr-star\" style=\"padding-right: 5px\">               <div class=\"kksr-icon\" style=\"width: 24px; height: 24px;\"><\/div>         <\/div>             <div class=\"kksr-star\" style=\"padding-right: 5px\">               <div class=\"kksr-icon\" style=\"width: 24px; height: 24px;\"><\/div>         <\/div>             <div class=\"kksr-star\" style=\"padding-right: 5px\">               <div class=\"kksr-icon\" style=\"width: 24px; height: 24px;\"><\/div>         <\/div>             <div class=\"kksr-star\" style=\"padding-right: 5px\">               <div class=\"kksr-icon\" style=\"width: 24px; height: 24px;\"><\/div>         <\/div>             <div class=\"kksr-star\" style=\"padding-right: 5px\">               <div class=\"kksr-icon\" style=\"width: 24px; height: 24px;\"><\/div>         <\/div>     <\/div> <\/div>                   <div class=\"kksr-legend\" style=\"font-size: 19.2px;\">             4.8\/5 - (97 votos)    <\/div>     <\/div>  <p>La trituradora combinada de granos de pasto es un equipo de manejo de alimento multifuncional. Podemos utilizar la m\u00e1quina para cortar el c\u00e9sped pero tambi\u00e9n para triturar una variedad de cereales, frutas y verduras. El material procesado se utiliza generalmente para alimentar ganado vacuno, ovino, equino, porcino y otros animales. <\/p>    <figure class=\"wp-block-embed aligncenter is-type-video is-provider-youtube wp-block-embed-youtube wp-embed-aspect-16-9 wp-has-aspect-ratio\"><div class=\"wp-block-embed__wrapper\"> <iframe loading=\"lazy\" title=\"M\u00e1quina cortadora y trituradora de paja, \u00a1mejorando la eficiencia de la cosecha de cultivos!\" width=\"500\" height=\"281\" src=\"https:\/\/www.youtube.com\/embed\/csKAdpXtbn8?feature=oembed\" frameborder=\"0\" allow=\"accelerometer; autoplay; clipboard-write; encrypted-media; gyroscope; picture-in-picture; web-share\" referrerpolicy=\"strict-origin-when-cross-origin\" allowfullscreen><\/iframe> <\/div><figcaption class=\"wp-element-caption\">V\u00eddeo de funcionamiento t\u00edpico de una m\u00e1quina cortadora y trituradora de paja<\/figcaption><\/figure>    <p class=\"translation-block\">La m\u00e1quina es compacta y port\u00e1til, pero puede producir hasta 1800kg\/h. Tambi\u00e9n puede trabajar con una <a href=\"https:\/\/balerwrapper.com\/es\/product\/corn-silage-baler-machine\/\">m\u00e1quina de ensilado<\/a> para hacer el alimento para el ganado.<\/p>    <h2 class=\"wp-block-heading\" id=\"h-introduction-to-the-combined-grass-grain-crusher\">Introducci\u00f3n a la trituradora combinada de granos de hierba.<\/h2>    <p>Nuestra f\u00e1brica produce muchos modelos diferentes de trituradoras combinadas de granos de pasto. Los m\u00e1s populares son la m\u00e1quina trituradora cortadora de paja de cinco puertos y la de cuatro puertos. Hay dos modelos de cortadora y trituradora de paja de cuatro bocas que son m\u00e1s populares. Son 9ZF-500B y 9ZF-1800 respectivamente. Manejan los mismos materiales. <\/p>    <p>En cuanto a potencia, pueden ser motores el\u00e9ctricos, motores de gasolina y motores di\u00e9sel. La potencia espec\u00edfica depende del modelo de m\u00e1quina espec\u00edfico y de las necesidades del cliente. No s\u00f3lo pueden cortar, triturar y amasar paja, forraje, etc. La siguiente es una descripci\u00f3n detallada de la m\u00e1quina. Si necesita m\u00e1s informaci\u00f3n sobre la m\u00e1quina, \u00a1p\u00f3ngase en contacto con nosotros!<\/p>    <h2 class=\"wp-block-heading\" id=\"h-the-range-of-chaff-cutter-grinder-machine-use\">La gama de m\u00e1quinas trituradoras cortadoras de paja utiliza<\/h2>    <p>La m\u00e1quina trituradora cortadora de paja puede manejar tipos de paja, como tallos de ma\u00edz, tallos de frijol, paja, paja de arroz, paja de trigo, pasto, pl\u00e1ntulas de man\u00ed, pl\u00e1ntulas de man\u00ed, etc. Tambi\u00e9n puede procesar frutas, verduras, etc.<\/p>   <div class=\"wp-block-image is-resized\"> <figure class=\"aligncenter size-full\"><img loading=\"lazy\" decoding=\"async\" width=\"720\" height=\"540\" src=\"https:\/\/balerwrapper.com\/wp-content\/uploads\/2022\/08\/chaff-cutter-grinder-machine-.webp\" alt=\"m\u00e1quina trituradora cortadora de paja\" class=\"wp-image-139\" title=\"m\u00e1quina trituradora cortadora de paja\"\/><figcaption class=\"wp-element-caption\">m\u00e1quina trituradora cortadora de paja<\/figcaption><\/figure> <\/div>  <div class=\"wp-block-image\"> <figure class=\"aligncenter size-full\"><img loading=\"lazy\" decoding=\"async\" width=\"720\" height=\"540\" src=\"https:\/\/balerwrapper.com\/wp-content\/uploads\/2022\/08\/finished-production-from-chaff-cutter.webp\" alt=\"Producci\u00f3n terminada a partir del cortador de paja.\" class=\"wp-image-686\" srcset=\"https:\/\/balerwrapper.com\/wp-content\/uploads\/2022\/08\/finished-production-from-chaff-cutter.webp 720w, https:\/\/balerwrapper.com\/wp-content\/uploads\/2022\/08\/finished-production-from-chaff-cutter-300x225.webp 300w, https:\/\/balerwrapper.com\/wp-content\/uploads\/2022\/08\/finished-production-from-chaff-cutter-16x12.webp 16w\" sizes=\"auto, (max-width: 720px) 100vw, 720px\" \/><figcaption class=\"wp-element-caption\">Producci\u00f3n terminada a partir del cortador de paja.<\/figcaption><\/figure> <\/div>   <h2 class=\"wp-block-heading\">\u00bfC\u00f3mo funciona la m\u00e1quina trituradora cortadora de paja?<\/h2>    <figure class=\"wp-block-embed is-type-video is-provider-youtube wp-block-embed-youtube wp-embed-aspect-16-9 wp-has-aspect-ratio\"><div class=\"wp-block-embed__wrapper\"> <iframe loading=\"lazy\" title=\"\u00bfC\u00f3mo funciona la cortadora de paja y la trituradora de grano? Picadora y cortadora de paja combinada\" width=\"500\" height=\"281\" src=\"https:\/\/www.youtube.com\/embed\/fRnZ0Yh8jaE?feature=oembed\" frameborder=\"0\" allow=\"accelerometer; autoplay; clipboard-write; encrypted-media; gyroscope; picture-in-picture; web-share\" referrerpolicy=\"strict-origin-when-cross-origin\" allowfullscreen><\/iframe> <\/div><\/figure>    <h2 class=\"wp-block-heading\" id=\"h-type-1-four-port-combined-grass-grain-crusher\">Tipo 1: Trituradora de grano de pasto combinada de cuatro puertos<\/h2>    <p>La trituradora de grano de pasto combinada de cuatro puertos tiene dos salidas y dos entradas. Una salida descarga la hierba triturada y la otra salida descarga el grano triturado. Por lo tanto, los dos materiales tambi\u00e9n entran por entradas diferentes. <\/p>    <p>La m\u00e1quina dispone de cuchillas y hojas de martillo en su interior. Por lo tanto, la paja o el tallo se pueden procesar para obtener productos segmentados y triturados. Adem\u00e1s, hay una pantalla dentro de la m\u00e1quina. Los clientes pueden cambiar la pantalla con diferentes tama\u00f1os de malla seg\u00fan sus necesidades.<\/p>    <figure class=\"wp-block-gallery aligncenter has-nested-images columns-default is-cropped wp-block-gallery-2 is-layout-flex wp-block-gallery-is-layout-flex\"> <figure class=\"wp-block-image size-large\"><img loading=\"lazy\" decoding=\"async\" width=\"720\" height=\"540\" data-id=\"142\" src=\"https:\/\/balerwrapper.com\/wp-content\/uploads\/2022\/08\/combined-grass-grain-crusher-9ZF-500B.webp\" alt=\"trituradora combinada de granos de hierba 9ZF-500B\" class=\"wp-image-142\" title=\"trituradora combinada de granos de hierba 9ZF-500B\"\/><figcaption class=\"wp-element-caption\">trituradora combinada de granos de hierba 9ZF-500B<\/figcaption><\/figure>    <figure class=\"wp-block-image size-large\"><img loading=\"lazy\" decoding=\"async\" width=\"720\" height=\"540\" data-id=\"143\" src=\"https:\/\/balerwrapper.com\/wp-content\/uploads\/2022\/08\/grass-grin-crusher-9ZF-1800-.webp\" alt=\"trituradora de sonrisas de hierba 9ZF-1800 \" class=\"wp-image-143\" title=\"trituradora de sonrisas de hierba 9ZF-1800 \"\/><figcaption class=\"wp-element-caption\">trituradora de sonrisas de hierba 9ZF-1800<\/figcaption><\/figure> <\/figure>    <h3 class=\"wp-block-heading\" id=\"h-structure-of-the-silage-feed-cutting-grinder\">Estructura de la trituradora cortadora de forraje de ensilado.<\/h3>    <p>La estructura de ambos modelos de trituradora cortadora de ensilaje es similar e incluye principalmente una entrada de corte, una entrada de granos diversos, una salida de pulverizaci\u00f3n alta, una salida de pulverizaci\u00f3n, un sistema de trituraci\u00f3n de corte, potencia (motor, motor de gasolina, motor di\u00e9sel), ruedas m\u00f3viles (pueden ser neum\u00e1ticos personalizados), bastidor, etc.<\/p>    <h3 class=\"wp-block-heading\" id=\"h-poultry-feed-grinder-parameters\">Par\u00e1metros del molinillo de alimento para aves<\/h3>    <p>Los par\u00e1metros de la picadora de pienso para aves 9ZF-500B. La producci\u00f3n de la m\u00e1quina es menor y puede alcanzar entre 300 y 500 kg por hora.<\/p>    <figure class=\"wp-block-table is-style-stripes\"><table><tbody><tr><td>Modelo<\/td><td>500B<\/td><\/tr><tr><td>Velocidad del motor<\/td><td>2800 rpm<\/td><\/tr><tr><td>Capacidad<\/td><td>300KG-500KG\/H<\/td><\/tr><tr><td>Poder aplastante<\/td><td>3kW<\/td><\/tr><tr><td>Peso<\/td><td>55 KG (sin incluir la potencia)<\/td><\/tr><tr><td>Capacidad de corte de paja<\/td><td>1200KG<\/td><\/tr><tr><td>Pantalla coincidente<\/td><td>4 (2\/3\/10\/30)<\/td><\/tr><\/tbody><\/table><figcaption class=\"wp-element-caption\">Par\u00e1metro del molinillo de alimento para aves<\/figcaption><\/figure>    <p>La producci\u00f3n de la trituradora de grano de pasto combinada 9ZF-1800 puede alcanzar los 1800 kg por hora.<\/p>    <figure class=\"wp-block-table is-style-stripes\"><table><tbody><tr><td>Modelo de m\u00e1quina<\/td><td class=\"has-text-align-left\" data-align=\"left\">&nbsp;9ZF-1800<\/td><\/tr><tr><td>Velocidad del motor<\/td><td class=\"has-text-align-left\" data-align=\"left\">2800 rpm<\/td><\/tr><tr><td>Tensi\u00f3n nominal<\/td><td class=\"has-text-align-left\" data-align=\"left\">220V<\/td><\/tr><tr><td>Fuerza<\/td><td class=\"has-text-align-left\" data-align=\"left\">3kW<\/td><\/tr><tr><td>Peso de la m\u00e1quina<\/td><td class=\"has-text-align-left\" data-align=\"left\">75KG<\/td><\/tr><tr><td>Salida de la m\u00e1quina<\/td><td class=\"has-text-align-left\" data-align=\"left\">1800 kg\/h<\/td><\/tr><tr><td>\u00c1mbito de aplicaci\u00f3n<\/td><td class=\"has-text-align-left\" data-align=\"left\">Vacas, ovejas, cerdos, gallinas, patos, conejos y otros animales<\/td><\/tr><\/tbody><\/table><figcaption class=\"wp-element-caption\">par\u00e1metro combinado de trituradora de grano de hierba<\/figcaption><\/figure>    <h3 class=\"wp-block-heading\" id=\"h-what-are-the-advantages-of-the-straw-cutter-and-grain-grinder\">\u00bfCu\u00e1les son las ventajas del cortador de paja y del triturador de granos?<\/h3>    <ul class=\"wp-block-list\"> <li>Se utilizan ampliamente el cortador de paja y el triturador de granos. Pueden manipular una variedad de materiales, como paja, forraje, verduras, frutas, cereales, etc. Pueden satisfacer las necesidades de las personas de disponer de piensos diversos y nutritivos.<\/li>    <li>La m\u00e1quina tiene una variedad de funciones adem\u00e1s de la guillotina, pero tambi\u00e9n puede triturar una variedad de granos y frutas. Adem\u00e1s, el forraje tambi\u00e9n se puede triturar.<\/li>    <li>La m\u00e1quina tiene ruedas para facilitar su movimiento, ahorrando tiempo y energ\u00eda para mover la m\u00e1quina.<\/li>    <li>Varios modelos de m\u00e1quina pueden satisfacer los diferentes requisitos de producci\u00f3n de los usuarios. Al mismo tiempo, diferentes poderes pueden satisfacer las necesidades de diferentes regiones.<\/li> <\/ul>    <figure class=\"wp-block-gallery aligncenter has-nested-images columns-default is-cropped wp-block-gallery-3 is-layout-flex wp-block-gallery-is-layout-flex\"> <figure class=\"wp-block-image size-large\"><img loading=\"lazy\" decoding=\"async\" width=\"720\" height=\"540\" data-id=\"148\" src=\"https:\/\/balerwrapper.com\/wp-content\/uploads\/2022\/08\/straw-cutter-and-grain-grinder-.webp\" alt=\"cortador de paja y molinillo de grano\" class=\"wp-image-148\" title=\"cortador de paja y molinillo de grano\"\/><figcaption class=\"wp-element-caption\">cortador de paja y molinillo de grano<\/figcaption><\/figure>    <figure class=\"wp-block-image size-large\"><img loading=\"lazy\" decoding=\"async\" width=\"720\" height=\"540\" data-id=\"149\" src=\"https:\/\/balerwrapper.com\/wp-content\/uploads\/2022\/08\/puoltry-feed-grinder-.webp\" alt=\"trituradora de alimento para aves\" class=\"wp-image-149\" title=\"trituradora de alimento para aves\"\/><figcaption class=\"wp-element-caption\">trituradora de alimento para aves<\/figcaption><\/figure> <\/figure>    <h2 class=\"wp-block-heading\" id=\"h-type-2-five-port-combined-grass-grain-crusher\">Tipo 2: Trituradora de grano de pasto combinada de cinco puertos<\/h2>    <p>La trituradora de grano de pasto combinada de cinco puertos se basa en la de cuatro puertos con una salida m\u00e1s. De los tres puertos de descarga, el que sale por arriba es material seco, el que sale por el medio es material m\u00e1s acuoso y el que sale por abajo es grano. <\/p>    <p>Entonces la m\u00e1quina puede distinguir autom\u00e1ticamente diferentes materiales. Las dem\u00e1s piezas son similares al tipo 1. La m\u00e1quina tambi\u00e9n est\u00e1 equipada con 5 cribas. Y los clientes pueden elegir el tama\u00f1o de malla adecuado seg\u00fan sus necesidades.<\/p>    <figure class=\"wp-block-gallery has-nested-images columns-default is-cropped wp-block-gallery-4 is-layout-flex wp-block-gallery-is-layout-flex\"> <figure class=\"wp-block-image size-large\"><img loading=\"lazy\" decoding=\"async\" width=\"720\" height=\"540\" data-id=\"144\" src=\"https:\/\/balerwrapper.com\/wp-content\/uploads\/2022\/08\/combined-grass-grain-crusher-2.webp\" alt=\"trituradora combinada de grano de hierba\" class=\"wp-image-144\"\/><figcaption class=\"wp-element-caption\">trituradora combinada de grano de hierba<\/figcaption><\/figure>    <figure class=\"wp-block-image size-large\"><img loading=\"lazy\" decoding=\"async\" width=\"720\" height=\"540\" data-id=\"684\" src=\"https:\/\/balerwrapper.com\/wp-content\/uploads\/2022\/08\/grain-cutting-and-crushing-machine.webp\" alt=\"maquina cortadora y trituradora de granos\" class=\"wp-image-684\" srcset=\"https:\/\/balerwrapper.com\/wp-content\/uploads\/2022\/08\/grain-cutting-and-crushing-machine.webp 720w, https:\/\/balerwrapper.com\/wp-content\/uploads\/2022\/08\/grain-cutting-and-crushing-machine-300x225.webp 300w, https:\/\/balerwrapper.com\/wp-content\/uploads\/2022\/08\/grain-cutting-and-crushing-machine-16x12.webp 16w\" sizes=\"auto, (max-width: 720px) 100vw, 720px\" \/><figcaption class=\"wp-element-caption\">maquina cortadora y trituradora de granos<\/figcaption><\/figure> <\/figure>    <h3 class=\"wp-block-heading\" id=\"h-what-is-the-structure-of-the-silage-feed-cutting-grinder\">\u00bfCu\u00e1l es la estructura de la trituradora cortadora de forraje de ensilaje? <\/h3>    <p>La estructura del triturador cortador de alimentaci\u00f3n de ensilado es similar a la del tipo 1. Consiste principalmente en un marco, ruedas, entrada de grano, entrada de guillotina, potencia, salida de pulverizaci\u00f3n alta, salida de pulverizaci\u00f3n media, salida de pulverizaci\u00f3n baja, etc. La estructura general La trituradora combinada de granos de hierba es compacta y totalmente funcional.<\/p>    <h3 class=\"wp-block-heading\" id=\"h-detailed-technical-parameters-of-the-chop-cutter-machine\">Par\u00e1metros t\u00e9cnicos detallados de la m\u00e1quina cortadora.<\/h3>    <figure class=\"wp-block-table is-style-stripes\"><table><tbody><tr><td>Modelo<\/td><td>9ZF-500<\/td><\/tr><tr><td>Velocidad del motor<\/td><td>2800 rpm<\/td><\/tr><tr><td>Fuerza<\/td><td>3kW<\/td><\/tr><tr><td>Peso de la m\u00e1quina<\/td><td>68kg<\/td><\/tr><tr><td>Salida de la m\u00e1quina<\/td><td>1200KG<\/td><\/tr><tr><td>Tama\u00f1o<\/td><td>1220*1070*1190mm<\/td><\/tr><tr><td>Pantalla coincidente<\/td><td>4 (2\/3\/10\/30)<\/td><\/tr><\/tbody><\/table><figcaption class=\"wp-element-caption\">Par\u00e1metro de la m\u00e1quina cortadora de tajadas<\/figcaption><\/figure>    <h3 class=\"wp-block-heading\" id=\"h-what-are-the-good-points-of-the-cow-feed-cutting-machine\">\u00bfCu\u00e1les son los puntos positivos de la cortadora de pienso para vacas?<\/h3>    <ul class=\"wp-block-list\"> <li>La funci\u00f3n de amasado del triturador combinado de granos de pasto puede convertir los tallos de ma\u00edz, tallos de frijoles, paja y otros cultivos y malezas silvestres en filamentos m\u00e1s suaves. Este material triturado es f\u00e1cil para el ganado vacuno, ovino y para una mayor digesti\u00f3n y absorci\u00f3n.<\/li>    <li>La m\u00e1quina tiene un dise\u00f1o avanzado, funcionamiento suave, f\u00e1cil operaci\u00f3n, ahorro de energ\u00eda, seguridad y confiabilidad, y muchas otras ventajas.<\/li>    <li>Al mismo tiempo, la trituradora combinada de granos de pasto para extraer el material tambi\u00e9n favorece el transporte y almacenamiento de empacado. Es una m\u00e1quina necesaria para la mayor\u00eda de los ganaderos de ganado vacuno y ovino y para las peque\u00f1as y medianas plantas procesadoras de piensos de la zona de cr\u00eda.<\/li> <\/ul>    <figure class=\"wp-block-gallery has-nested-images columns-default is-cropped wp-block-gallery-5 is-layout-flex wp-block-gallery-is-layout-flex\"> <figure class=\"wp-block-image size-large\"><img loading=\"lazy\" decoding=\"async\" width=\"720\" height=\"540\" data-id=\"682\" src=\"https:\/\/balerwrapper.com\/wp-content\/uploads\/2022\/08\/silage-cutter-and-grinder-machine.webp\" alt=\"cortadora y trituradora de ensilaje\" class=\"wp-image-682\" srcset=\"https:\/\/balerwrapper.com\/wp-content\/uploads\/2022\/08\/silage-cutter-and-grinder-machine.webp 720w, https:\/\/balerwrapper.com\/wp-content\/uploads\/2022\/08\/silage-cutter-and-grinder-machine-300x225.webp 300w, https:\/\/balerwrapper.com\/wp-content\/uploads\/2022\/08\/silage-cutter-and-grinder-machine-16x12.webp 16w\" sizes=\"auto, (max-width: 720px) 100vw, 720px\" \/><figcaption class=\"wp-element-caption\">cortadora y trituradora de ensilaje<\/figcaption><\/figure>    <figure class=\"wp-block-image size-large\"><img loading=\"lazy\" decoding=\"async\" width=\"720\" height=\"540\" data-id=\"147\" src=\"https:\/\/balerwrapper.com\/wp-content\/uploads\/2022\/08\/cow-feed-cutting-machine-factory-.jpg\" alt=\"\" class=\"wp-image-147\"\/><\/figure> <\/figure>    <h2 class=\"wp-block-heading\" id=\"h-export-chaff-cutter-and-grinder-to-sudan\">Exportar cortadora y trituradora de paja a Sud\u00e1n<\/h2>    <p class=\"translation-block\">Ayer, un cliente de <a href=\"https:\/\/en.wikipedia.org\/wiki\/Sudan\" target=\"_blank\" rel=\"noopener\">Sud\u00e1n<\/a> compr\u00f3 una trituradora combinada de pasto y grano 9ZF-500 de nosotros. El cliente tiene una planta de cr\u00eda, alimentando principalmente ganado y ovejas. Por lo tanto, se tiene que procesar una gran cantidad de forraje cada d\u00eda. <\/p>    <p>Para mejorar la eficiencia del procesamiento de forraje, el cliente necesitaba una m\u00e1quina procesadora de forraje profesional. Entonces el cliente busc\u00f3 la m\u00e1quina en Internet y encontr\u00f3 nuestro sitio web. Despu\u00e9s de navegar, el cliente se puso en contacto con nosotros. <\/p>    <p>Inmediatamente enviamos fotograf\u00edas y videos de la m\u00e1quina y los par\u00e1metros relacionados al cliente. Tambi\u00e9n recomendamos un modelo de m\u00e1quina que se adaptaba a las necesidades del cliente. Despu\u00e9s de pensarlo, el cliente decidi\u00f3 comprar una trituradora cortadora de paja de cinco bocados.<\/p>    <figure class=\"wp-block-gallery has-nested-images columns-default is-cropped wp-block-gallery-6 is-layout-flex wp-block-gallery-is-layout-flex\"> <figure class=\"wp-block-image size-large\"><img loading=\"lazy\" decoding=\"async\" width=\"720\" height=\"540\" data-id=\"145\" src=\"https:\/\/balerwrapper.com\/wp-content\/uploads\/2022\/08\/wooden-case-packing-of-chaff-cutter-and-grinder-.jpg\" alt=\"\" class=\"wp-image-145\"\/><figcaption class=\"wp-element-caption\">Embalaje en caja de madera de cortadora de paja y trituradora<\/figcaption><\/figure>    <figure class=\"wp-block-image size-large\"><img loading=\"lazy\" decoding=\"async\" width=\"720\" height=\"540\" data-id=\"146\" src=\"https:\/\/balerwrapper.com\/wp-content\/uploads\/2022\/08\/shipping-of-the-9ZF-500-chaff-cutter-.jpg\" alt=\"Env\u00edo de la cortadora de paja 9ZF-500\" class=\"wp-image-146\" title=\"Env\u00edo de la cortadora de paja 9ZF-500\"\/><figcaption class=\"wp-element-caption\">Env\u00edo de la cortadora de paja 9ZF-500<\/figcaption><\/figure> <\/figure>    <h2 class=\"wp-block-heading\">Cont\u00e1ctanos en cualquier momento<\/h2>    <p>Nuestra empresa est\u00e1 especializada en la fabricaci\u00f3n de m\u00e1quinas procesadoras de ensilaje con una rica experiencia. Si tambi\u00e9n participa en negocios relacionados, seremos su mejor opci\u00f3n, bienvenido a navegar por este sitio web y no dude en contactarnos, \u00a1esperamos cooperar con usted!<\/p>","protected":false},"excerpt":{"rendered":"<p>La trituradora combinada de granos de pasto es un equipo de manejo de alimento multifuncional. Puede procesar pasto, granos, frutas y verduras. <\/p>","protected":false},"author":1,"featured_media":150,"parent":0,"template":"","tags":[40,35],"product-type":[6],"class_list":["post-55","product","type-product","status-publish","has-post-thumbnail","hentry","tag-grass","tag-silage","product-type-chaff-cutter"],"_links":{"self":[{"href":"https:\/\/balerwrapper.com\/es\/wp-json\/wp\/v2\/product\/55","targetHints":{"allow":["GET"]}}],"collection":[{"href":"https:\/\/balerwrapper.com\/es\/wp-json\/wp\/v2\/product"}],"about":[{"href":"https:\/\/balerwrapper.com\/es\/wp-json\/wp\/v2\/types\/product"}],"author":[{"embeddable":true,"href":"https:\/\/balerwrapper.com\/es\/wp-json\/wp\/v2\/users\/1"}],"wp:featuredmedia":[{"embeddable":true,"href":"https:\/\/balerwrapper.com\/es\/wp-json\/wp\/v2\/media\/150"}],"wp:attachment":[{"href":"https:\/\/balerwrapper.com\/es\/wp-json\/wp\/v2\/media?parent=55"}],"wp:term":[{"taxonomy":"post_tag","embeddable":true,"href":"https:\/\/balerwrapper.com\/es\/wp-json\/wp\/v2\/tags?post=55"},{"taxonomy":"product-type","embeddable":true,"href":"https:\/\/balerwrapper.com\/es\/wp-json\/wp\/v2\/product-type?post=55"}],"curies":[{"name":"wp","href":"https:\/\/api.w.org\/{rel}","templated":true}]}}