{"id":53,"date":"2022-08-24T10:24:55","date_gmt":"2022-08-24T10:24:55","guid":{"rendered":"https:\/\/balerwrapper.com\/?post_type=product&#038;p=53"},"modified":"2026-04-23T16:45:07","modified_gmt":"2026-04-23T08:45:07","slug":"silage-wrapping-machine","status":"publish","type":"product","link":"https:\/\/balerwrapper.com\/es\/product\/silage-wrapping-machine\/","title":{"rendered":"Empacadora de ensilaje y enrolladora de heno 9YDB-70 en venta"},"content":{"rendered":"<div class=\"kk-star-ratings kksr-auto kksr-align-left kksr-valign-top\"     data-payload='{&quot;align&quot;:&quot;left&quot;,&quot;id&quot;:&quot;53&quot;,&quot;slug&quot;:&quot;default&quot;,&quot;valign&quot;:&quot;top&quot;,&quot;ignore&quot;:&quot;&quot;,&quot;reference&quot;:&quot;auto&quot;,&quot;class&quot;:&quot;&quot;,&quot;count&quot;:&quot;90&quot;,&quot;legendonly&quot;:&quot;&quot;,&quot;readonly&quot;:&quot;&quot;,&quot;score&quot;:&quot;4.8&quot;,&quot;starsonly&quot;:&quot;&quot;,&quot;best&quot;:&quot;5&quot;,&quot;gap&quot;:&quot;5&quot;,&quot;greet&quot;:&quot;Rate this product&quot;,&quot;legend&quot;:&quot;4.8\\\/5 - (90 votos)&quot;,&quot;size&quot;:&quot;24&quot;,&quot;title&quot;:&quot;9YDB-70 Silage Wrapping Machine Hay Baler For Sale&quot;,&quot;width&quot;:&quot;136.7&quot;,&quot;_legend&quot;:&quot;{score}\\\/{best} - ({count} {votes})&quot;,&quot;font_factor&quot;:&quot;1.25&quot;}'>              <div class=\"kksr-stars\">      <div class=\"kksr-stars-inactive\">             <div class=\"kksr-star\" data-star=\"1\" style=\"padding-right: 5px\">               <div class=\"kksr-icon\" style=\"width: 24px; height: 24px;\"><\/div>         <\/div>             <div class=\"kksr-star\" data-star=\"2\" style=\"padding-right: 5px\">               <div class=\"kksr-icon\" style=\"width: 24px; height: 24px;\"><\/div>         <\/div>             <div class=\"kksr-star\" data-star=\"3\" style=\"padding-right: 5px\">               <div class=\"kksr-icon\" style=\"width: 24px; height: 24px;\"><\/div>         <\/div>             <div class=\"kksr-star\" data-star=\"4\" style=\"padding-right: 5px\">               <div class=\"kksr-icon\" style=\"width: 24px; height: 24px;\"><\/div>         <\/div>             <div class=\"kksr-star\" data-star=\"5\" style=\"padding-right: 5px\">               <div class=\"kksr-icon\" style=\"width: 24px; height: 24px;\"><\/div>         <\/div>     <\/div>      <div class=\"kksr-stars-active\" style=\"width: 136.7px;\">             <div class=\"kksr-star\" style=\"padding-right: 5px\">               <div class=\"kksr-icon\" style=\"width: 24px; height: 24px;\"><\/div>         <\/div>             <div class=\"kksr-star\" style=\"padding-right: 5px\">               <div class=\"kksr-icon\" style=\"width: 24px; height: 24px;\"><\/div>         <\/div>             <div class=\"kksr-star\" style=\"padding-right: 5px\">               <div class=\"kksr-icon\" style=\"width: 24px; height: 24px;\"><\/div>         <\/div>             <div class=\"kksr-star\" style=\"padding-right: 5px\">               <div class=\"kksr-icon\" style=\"width: 24px; height: 24px;\"><\/div>         <\/div>             <div class=\"kksr-star\" style=\"padding-right: 5px\">               <div class=\"kksr-icon\" style=\"width: 24px; height: 24px;\"><\/div>         <\/div>     <\/div> <\/div>                   <div class=\"kksr-legend\" style=\"font-size: 19.2px;\">             4.8\/5 - (90 votos)    <\/div>     <\/div>  <p>La m\u00e1quina autom\u00e1tica de envoltura de silo TZ-70-70 con tecnolog\u00eda de envoltura de doble pel\u00edcula (tama\u00f1o de paquete \u00fanico 70\u00d770 cm) combinada con un proceso autom\u00e1tico de apertura y envoltura, con una alta producci\u00f3n de hasta 80 paquetes\/hora.<\/p>    <p>En comparaci\u00f3n con la operaci\u00f3n manual tradicional, la eficiencia de la m\u00e1quina se incrementa en 5 veces, y el sellado es del 99% en un ambiente anaer\u00f3bico. Esto asegura la fermentaci\u00f3n estable de las bacterias l\u00e1cticas, la tasa de retenci\u00f3n de prote\u00edna cruda del alimento supera el 95%, y el alimento se puede almacenar al aire libre durante 2-3 a\u00f1os sin deterioro. <\/p>    <p>El dise\u00f1o del sistema de propulsi\u00f3n el\u00e9ctrica con un sistema inteligente de protecci\u00f3n contra sobrecargas reduce la tasa de fallos en un 40%, proporcionando una garant\u00eda de operaci\u00f3n continua y en todas las condiciones clim\u00e1ticas para grandes explotaciones agr\u00edcolas y empresas de procesamiento de piensos.<\/p>    <figure class=\"wp-block-embed aligncenter is-type-video is-provider-youtube wp-block-embed-youtube wp-embed-aspect-16-9 wp-has-aspect-ratio\"><div class=\"wp-block-embed__wrapper\"> <iframe loading=\"lazy\" title=\"\u00a1La empacadora autom\u00e1tica de ensilaje funciona con equipo de alimentaci\u00f3n! empaquetadora de ensilaje de alta eficiencia\" width=\"500\" height=\"281\" src=\"https:\/\/www.youtube.com\/embed\/RlJzMLxkJc0?feature=oembed\" frameborder=\"0\" allow=\"accelerometer; autoplay; clipboard-write; encrypted-media; gyroscope; picture-in-picture; web-share\" referrerpolicy=\"strict-origin-when-cross-origin\" allowfullscreen><\/iframe> <\/div><figcaption class=\"wp-element-caption\">V\u00eddeo de trabajo de la m\u00e1quina empacadora de heno para ensilaje<\/figcaption><\/figure>    <p>Con una densidad alta de 750kg\/m\u00b3, tecnolog\u00eda de enfardado y envoltura laminada de doble pel\u00edcula, el TZ-70-70 logra un control preciso del peso de cada fardo (ajustable entre 60-100kg), y la tasa de p\u00e9rdida en el transporte es inferior al 0.5%.<\/p>    <p>El equipo adopta un dise\u00f1o modular, soportando el cambio de n\u00famero de capas de envoltura con una sola tecla (2-6 capas), adapt\u00e1ndose a las necesidades de diferentes ciclos de almacenamiento.<\/p>    <p>En comparaci\u00f3n con el tanque de silo tradicional, el costo integral por tonelada de alimento se ahorra en un 30%, lo que ayuda a que el ingreso anual promedio del rancho aumente en m\u00e1s del 25%.<\/p>   <div class=\"wp-block-image\"> <figure class=\"aligncenter size-full\"><img loading=\"lazy\" decoding=\"async\" width=\"720\" height=\"540\" src=\"https:\/\/balerwrapper.com\/wp-content\/uploads\/2022\/08\/hay-baler-machine-.webp\" alt=\" m\u00e1quina empacadora de heno\" class=\"wp-image-217\" title=\" m\u00e1quina empacadora de heno\"\/><figcaption class=\"wp-element-caption\"> m\u00e1quina empacadora de heno<\/figcaption><\/figure> <\/div>  <div class=\"wp-block-image\"> <figure class=\"aligncenter size-full\"><img loading=\"lazy\" decoding=\"async\" width=\"720\" height=\"540\" src=\"https:\/\/balerwrapper.com\/wp-content\/uploads\/2022\/08\/finished-production-from-hay-baler.webp\" alt=\"Producci\u00f3n terminada de empacadora de heno.\" class=\"wp-image-655\" srcset=\"https:\/\/balerwrapper.com\/wp-content\/uploads\/2022\/08\/finished-production-from-hay-baler.webp 720w, https:\/\/balerwrapper.com\/wp-content\/uploads\/2022\/08\/finished-production-from-hay-baler-300x225.webp 300w, https:\/\/balerwrapper.com\/wp-content\/uploads\/2022\/08\/finished-production-from-hay-baler-16x12.webp 16w\" sizes=\"auto, (max-width: 720px) 100vw, 720px\" \/><figcaption class=\"wp-element-caption\">Producci\u00f3n terminada desde una empacadora de heno.<\/figcaption><\/figure> <\/div>   <h2 class=\"wp-block-heading\" id=\"h-features-of-the-hay-baler-machine\">Caracter\u00edsticas de la m\u00e1quina de envoltura de silo TZ-70-70<\/h2>    <ul class=\"wp-block-list\"> <li>Con el enrollado de doble pel\u00edcula, obtienes una velocidad de envoltura m\u00e1s r\u00e1pida y una eficiencia mejorada.<\/li>    <li>El fardo terminado es impresionantemente grande, capaz de contener una cantidad significativa de silo a la vez.<\/li>    <li>Es vers\u00e1til y puede manejar todo tipo de silo, lo que las hace adecuadas para una variedad de aplicaciones.<\/li>    <li>La m\u00e1quina de envoltura de silo es muy f\u00e1cil de operar, y una persona puede manejarla completamente por su cuenta. \u00a1Es un verdadero ahorro de tiempo!<\/li> <\/ul>   <div class=\"wp-block-image\"> <figure class=\"aligncenter size-full\"><img loading=\"lazy\" decoding=\"async\" width=\"720\" height=\"540\" src=\"https:\/\/balerwrapper.com\/wp-content\/uploads\/2022\/08\/automatic-hay-baler-wrapper-machine-1.webp\" alt=\"empacadora autom\u00e1tica de heno\" class=\"wp-image-656\" srcset=\"https:\/\/balerwrapper.com\/wp-content\/uploads\/2022\/08\/automatic-hay-baler-wrapper-machine-1.webp 720w, https:\/\/balerwrapper.com\/wp-content\/uploads\/2022\/08\/automatic-hay-baler-wrapper-machine-1-300x225.webp 300w, https:\/\/balerwrapper.com\/wp-content\/uploads\/2022\/08\/automatic-hay-baler-wrapper-machine-1-16x12.webp 16w\" sizes=\"auto, (max-width: 720px) 100vw, 720px\" \/><figcaption class=\"wp-element-caption\">empacadora autom\u00e1tica de heno<\/figcaption><\/figure> <\/div>   <h2 class=\"wp-block-heading\" id=\"h-structure-of-corn-silage-baler-and-wrapper\">Estructura de la empacadora y envolvedora de ensilaje de ma\u00edz.<\/h2>    <p>La empacadora y empacadora de ensilaje de ma\u00edz incluye principalmente el marco inferior, la cinta transportadora, el contenedor de bolas, el marco giratorio, el mecanismo de transferencia de pel\u00edcula, el mecanismo de prensado y corte de pel\u00edcula, el motor de empacado y el motor giratorio, etc.<\/p>   <div class=\"wp-block-image is-resized\"> <figure class=\"aligncenter size-full\"><img loading=\"lazy\" decoding=\"async\" width=\"720\" height=\"540\" src=\"https:\/\/balerwrapper.com\/wp-content\/uploads\/2022\/08\/forage-baler-wrapper-machine-.webp\" alt=\"empacadora y envolvedora de forraje\" class=\"wp-image-220\" title=\"empacadora y envolvedora de forraje\"\/><figcaption class=\"wp-element-caption\">empacadora y envolvedora de forraje<\/figcaption><\/figure> <\/div>   <h2 class=\"wp-block-heading\">\u00bfC\u00f3mo funciona la envolvedora de pacas de silo?<\/h2>    <p>El flujo de trabajo de la m\u00e1quina de envoltura de silo se divide en dos pasos:<\/p>    <ul class=\"wp-block-list\"> <li><strong>Etapa de empaquetado:<\/strong> la paja amasada o el pasto forrajero se introduce en el contenedor de empaquetado y se extruye mediante el rodillo de presi\u00f3n para formar pacas cil\u00edndricas (generalmente de 70 cm de di\u00e1metro, con un peso de aproximadamente 80 kg por paca), que ser\u00e1n envueltas autom\u00e1ticamente con cuerda cuando la densidad del forraje alcance el valor establecido.<\/li>    <li><strong>Etapa de envoltura con film:<\/strong> las pacas caen autom\u00e1ticamente en el marco rotatorio despu\u00e9s de la enfardadora, y a trav\u00e9s de la configuraci\u00f3n del n\u00famero de capas de envoltura de pel\u00edcula, se envuelve la pel\u00edcula especial para pasto capa por capa para formar un ambiente anaer\u00f3bico sellado.<\/li> <\/ul>    <figure class=\"wp-block-embed aligncenter is-type-video is-provider-youtube wp-block-embed-youtube wp-embed-aspect-16-9 wp-has-aspect-ratio\"><div class=\"wp-block-embed__wrapper\"> <iframe loading=\"lazy\" title=\"\u00bfC\u00f3mo prepararse antes de usar la m\u00e1quina empacadora y envolvedora de ensilaje? empacadora de heno y paja\" width=\"500\" height=\"281\" src=\"https:\/\/www.youtube.com\/embed\/0Ggactf6n60?feature=oembed\" frameborder=\"0\" allow=\"accelerometer; autoplay; clipboard-write; encrypted-media; gyroscope; picture-in-picture; web-share\" referrerpolicy=\"strict-origin-when-cross-origin\" allowfullscreen><\/iframe> <\/div><figcaption class=\"wp-element-caption\">V\u00eddeo de trabajo de la m\u00e1quina empacadora de alimentaci\u00f3n de ensilaje<\/figcaption><\/figure>    <h2 class=\"wp-block-heading\" id=\"h-parameters-of-forage-baler-wrapper-machine\">Par\u00e1metros de la empacadora empacadora de forraje<\/h2>    <figure class=\"wp-block-table is-style-stripes\"><table><tbody><tr><td>Modelo<\/td><td>9YDB-70<\/td><\/tr><tr><td>Fuerza<\/td><td>Motor el\u00e9ctrico de 11kw+0,55kw+0,75kw+3kw+0,37kw<\/td><\/tr><tr><td>Tama\u00f1o de paca<\/td><td>\u03a670*70cm<\/td><\/tr><tr><td>Peso de la paca<\/td><td>150-200 kg\/paca<\/td><\/tr><tr><td>Capacidad<\/td><td>55-75 fardos\/h<\/td><\/tr><tr><td>Volumen del compresor de aire<\/td><td>0,36m\u00b3<\/td><\/tr><tr><td>Transportador de alimentaci\u00f3n (W*L)<\/td><td>700*2100mm<\/td><\/tr><tr><td>corte de filmacion<\/td><td>Autom\u00e1tico<\/td><\/tr><tr><td>Eficiencia de embalaje<\/td><td>6 capas necesitan 22<\/td><\/tr><tr><td>Tama\u00f1o<\/td><td>4500*1900*2000mm<\/td><\/tr><tr><td>Peso<\/td><td>1100kg<\/td><\/tr><\/tbody><\/table><figcaption class=\"wp-element-caption\">par\u00e1metro de la m\u00e1quina de envoltura de silo forrajero<\/figcaption><\/figure>    <h2 class=\"wp-block-heading\" id=\"h-the-difference-between-tz-70-70-and-ts-55-52-silage-round-baler\">Diferencia entre TZ-70-70 y <a href=\"https:\/\/balerwrapper.com\/es\/product\/corn-silage-baler-machine\/\">Rotoempacadora de ensilaje TS-55-52<\/a><\/h2>    <ul start=\"2\" class=\"wp-block-list\"> <li>Las opciones de potencia para los 70 tipos de m\u00e1quinas de envoltura de silo son exclusivamente motores el\u00e9ctricos, mientras que los 50 tipos pueden funcionar con motores el\u00e9ctricos o motores di\u00e9sel.<\/li>    <li>En cuanto al tama\u00f1o, los 70 tipos de m\u00e1quinas de envoltura de silo miden 70 x 70, mientras que los 50 tipos son ligeramente diferentes a 50 x 52.<\/li>    <li>Para atar hierba, las m\u00e1quinas de enfardado y envoltura de tipo 70 dependen \u00fanicamente de la cuerda de red, pero los tipos 50 tienen la flexibilidad de usar tanto cuerda de red como cuerda de hierba.<\/li>    <li>La m\u00e1quina de envoltura de silo tipo 70 funciona de manera completamente autom\u00e1tica, mientras que la m\u00e1quina tipo 50 ofrece una opci\u00f3n entre funciones autom\u00e1ticas y semiautom\u00e1ticas.<\/li> <\/ul>   <div class=\"wp-block-image\"> <figure class=\"aligncenter size-full\"><img loading=\"lazy\" decoding=\"async\" width=\"720\" height=\"540\" src=\"https:\/\/balerwrapper.com\/wp-content\/uploads\/2022\/08\/silage-baler-and-wrapper-machine.webp\" alt=\"empacadora y envolvedora de ensilaje\" class=\"wp-image-657\" title=\"empacadora y envolvedora de ensilaje\" srcset=\"https:\/\/balerwrapper.com\/wp-content\/uploads\/2022\/08\/silage-baler-and-wrapper-machine.webp 720w, https:\/\/balerwrapper.com\/wp-content\/uploads\/2022\/08\/silage-baler-and-wrapper-machine-300x225.webp 300w, https:\/\/balerwrapper.com\/wp-content\/uploads\/2022\/08\/silage-baler-and-wrapper-machine-16x12.webp 16w\" sizes=\"auto, (max-width: 720px) 100vw, 720px\" \/><figcaption class=\"wp-element-caption\">empacadora y envolvedora de ensilaje<\/figcaption><\/figure> <\/div>   <h2 class=\"wp-block-heading\" id=\"h-what-are-the-machines-that-can-work-with-automatic-silage-feed-balers\">M\u00e1quinas que pueden trabajar con empacadoras autom\u00e1ticas de silo<\/h2>    <p class=\"translation-block\">Las m\u00e1quinas ensiladoras envolvedoras TZ-70-70 est\u00e1n dise\u00f1adas para procesar un mayor volumen de materiales a la vez. Pueden funcionar junto con una cortadora de forraje y una mezcladora de piensos. (<em>Leer m\u00e1s:<\/em> <strong><em><a href=\"https:\/\/balerwrapper.com\/es\/product\/silage-chaff-cutter\/\">M\u00e1quina Cortadora de Hierba para Pienso de Forraje Ensilado<\/a><\/em><\/strong><em>&gt;&gt;<\/em>)<\/p>    <p>Primero, puedes procesar el forraje hasta obtener una consistencia esponjosa y luego transferirlo al mezclador de piensos. Una vez mezclado, el forraje se puede enviar directamente a la cinta transportadora de la empacadora.<\/p>   <div class=\"wp-block-image\"> <figure class=\"aligncenter size-full\"><img loading=\"lazy\" decoding=\"async\" width=\"720\" height=\"540\" src=\"https:\/\/balerwrapper.com\/wp-content\/uploads\/2022\/08\/automatic-silage-feed-balers-.webp\" alt=\"empacadoras autom\u00e1ticas de forraje de ensilado\" class=\"wp-image-219\" title=\"empacadoras autom\u00e1ticas de forraje de ensilado\"\/><figcaption class=\"wp-element-caption\">empacadoras autom\u00e1ticas de forraje de ensilado<\/figcaption><\/figure> <\/div>   <h2 class=\"wp-block-heading\">Certificado CE de la m\u00e1quina de pacas de silo<\/h2>    <p>Tenemos el certificado CE para la m\u00e1quina envolvedora de pacas de silo. Si lo necesitas, solo h\u00e1znoslo saber y compartiremos todos los detalles sobre el certificado contigo.<\/p>   <div class=\"wp-block-image\"> <figure class=\"aligncenter size-full\"><img loading=\"lazy\" decoding=\"async\" width=\"540\" height=\"720\" src=\"https:\/\/balerwrapper.com\/wp-content\/uploads\/2022\/08\/silage-baler-machine-certificate.webp\" alt=\"certificado de m\u00e1quina empacadora de ensilaje\" class=\"wp-image-654\" srcset=\"https:\/\/balerwrapper.com\/wp-content\/uploads\/2022\/08\/silage-baler-machine-certificate.webp 540w, https:\/\/balerwrapper.com\/wp-content\/uploads\/2022\/08\/silage-baler-machine-certificate-225x300.webp 225w, https:\/\/balerwrapper.com\/wp-content\/uploads\/2022\/08\/silage-baler-machine-certificate-9x12.webp 9w\" sizes=\"auto, (max-width: 540px) 100vw, 540px\" \/><figcaption class=\"wp-element-caption\">certificado de m\u00e1quina empacadora de ensilaje<\/figcaption><\/figure> <\/div>   <h2 class=\"wp-block-heading\" id=\"h-faq\">Preguntas m\u00e1s frecuentes<\/h2>   <div id=\"rank-math-faq\" class=\"rank-math-block\"> <div class=\"rank-math-list\"> <div id=\"faq-question-1717055280482\" class=\"rank-math-list-item\"> <h3 class=\"rank-math-question\">\u00bfPuedo comprar la cuerda de red y la pel\u00edcula por separado?<\/h3> <div class=\"rank-math-answer\">  <p>S\u00ed.<\/p>  <\/div> <\/div> <div id=\"faq-question-1717055287844\" class=\"rank-math-list-item\"> <h3 class=\"rank-math-question\">\u00bfPuedo ajustar yo mismo el n\u00famero de capas de film para envolver?<\/h3> <div class=\"rank-math-answer\">  <p>S\u00ed, puedes ajustar el n\u00famero de capas seg\u00fan tus necesidades.<\/p>  <\/div> <\/div> <div id=\"faq-question-1717055296648\" class=\"rank-math-list-item\"> <h3 class=\"rank-math-question\">\u00bfQu\u00e9 tipo de forraje es m\u00e1s f\u00e1cil de manejar?<\/h3> <div class=\"rank-math-answer\">  <p>Le recomendamos utilizar una m\u00e1quina amasadora para procesar el forraje floculento porque es m\u00e1s f\u00e1cil enrollar el forraje y no es f\u00e1cil esparcirlo.<\/p>  <\/div> <\/div> <div id=\"faq-question-1717055305431\" class=\"rank-math-list-item\"> <h3 class=\"rank-math-question\">\u00bfTiene un certificado CE?<\/h3> <div class=\"rank-math-answer\">  <p>S\u00ed.<\/p>  <\/div> <\/div> <div id=\"faq-question-1717055313978\" class=\"rank-math-list-item\"> <h3 class=\"rank-math-question\">\u00bfCu\u00e1l es la potencia de la m\u00e1quina?<\/h3> <div class=\"rank-math-answer\">  <p>The power can only be an electric motor, 50 types can be an electric motor or a diesel engine.<\/p>  <\/div> <\/div> <\/div> <\/div>","protected":false},"excerpt":{"rendered":"<p>La m\u00e1quina envolvedora de ensilaje es un tipo de maquinaria agr\u00edcola. Hoy en d\u00eda, muchos agricultores utilizan esta m\u00e1quina para ayudar a mantener frescos los forrajes, como los del ganado vacuno y ovino.<\/p>","protected":false},"author":1,"featured_media":216,"parent":0,"template":"","tags":[37,35],"product-type":[7],"class_list":["post-53","product","type-product","status-publish","has-post-thumbnail","hentry","tag-feed","tag-silage","product-type-silage-baler"],"_links":{"self":[{"href":"https:\/\/balerwrapper.com\/es\/wp-json\/wp\/v2\/product\/53","targetHints":{"allow":["GET"]}}],"collection":[{"href":"https:\/\/balerwrapper.com\/es\/wp-json\/wp\/v2\/product"}],"about":[{"href":"https:\/\/balerwrapper.com\/es\/wp-json\/wp\/v2\/types\/product"}],"author":[{"embeddable":true,"href":"https:\/\/balerwrapper.com\/es\/wp-json\/wp\/v2\/users\/1"}],"wp:featuredmedia":[{"embeddable":true,"href":"https:\/\/balerwrapper.com\/es\/wp-json\/wp\/v2\/media\/216"}],"wp:attachment":[{"href":"https:\/\/balerwrapper.com\/es\/wp-json\/wp\/v2\/media?parent=53"}],"wp:term":[{"taxonomy":"post_tag","embeddable":true,"href":"https:\/\/balerwrapper.com\/es\/wp-json\/wp\/v2\/tags?post=53"},{"taxonomy":"product-type","embeddable":true,"href":"https:\/\/balerwrapper.com\/es\/wp-json\/wp\/v2\/product-type?post=53"}],"curies":[{"name":"wp","href":"https:\/\/api.w.org\/{rel}","templated":true}]}}