{"id":521,"date":"2023-11-29T09:49:04","date_gmt":"2023-11-29T01:49:04","guid":{"rendered":"https:\/\/balerwrapper.com\/?post_type=product&#038;p=521"},"modified":"2023-11-29T10:16:52","modified_gmt":"2023-11-29T02:16:52","slug":"silage-harvesting-and-recycling-machine","status":"publish","type":"product","link":"https:\/\/balerwrapper.com\/es\/product\/silage-harvesting-and-recycling-machine\/","title":{"rendered":"M\u00e1quina m\u00f3vil de recolecci\u00f3n y reciclaje de ensilaje a la venta"},"content":{"rendered":"<div class=\"kk-star-ratings kksr-auto kksr-align-left kksr-valign-top\"     data-payload='{&quot;align&quot;:&quot;left&quot;,&quot;id&quot;:&quot;521&quot;,&quot;slug&quot;:&quot;default&quot;,&quot;valign&quot;:&quot;top&quot;,&quot;ignore&quot;:&quot;&quot;,&quot;reference&quot;:&quot;auto&quot;,&quot;class&quot;:&quot;&quot;,&quot;count&quot;:&quot;6&quot;,&quot;legendonly&quot;:&quot;&quot;,&quot;readonly&quot;:&quot;&quot;,&quot;score&quot;:&quot;4.7&quot;,&quot;starsonly&quot;:&quot;&quot;,&quot;best&quot;:&quot;5&quot;,&quot;gap&quot;:&quot;5&quot;,&quot;greet&quot;:&quot;Rate this product&quot;,&quot;legend&quot;:&quot;4.7\\\/5 - (6 votos)&quot;,&quot;size&quot;:&quot;24&quot;,&quot;title&quot;:&quot;Mobile Type Silage Harvesting And Recycling Machine For Sale&quot;,&quot;width&quot;:&quot;133.8&quot;,&quot;_legend&quot;:&quot;{score}\\\/{best} - ({count} {votes})&quot;,&quot;font_factor&quot;:&quot;1.25&quot;}'>              <div class=\"kksr-stars\">      <div class=\"kksr-stars-inactive\">             <div class=\"kksr-star\" data-star=\"1\" style=\"padding-right: 5px\">               <div class=\"kksr-icon\" style=\"width: 24px; height: 24px;\"><\/div>         <\/div>             <div class=\"kksr-star\" data-star=\"2\" style=\"padding-right: 5px\">               <div class=\"kksr-icon\" style=\"width: 24px; height: 24px;\"><\/div>         <\/div>             <div class=\"kksr-star\" data-star=\"3\" style=\"padding-right: 5px\">               <div class=\"kksr-icon\" style=\"width: 24px; height: 24px;\"><\/div>         <\/div>             <div class=\"kksr-star\" data-star=\"4\" style=\"padding-right: 5px\">               <div class=\"kksr-icon\" style=\"width: 24px; height: 24px;\"><\/div>         <\/div>             <div class=\"kksr-star\" data-star=\"5\" style=\"padding-right: 5px\">               <div class=\"kksr-icon\" style=\"width: 24px; height: 24px;\"><\/div>         <\/div>     <\/div>      <div class=\"kksr-stars-active\" style=\"width: 133.8px;\">             <div class=\"kksr-star\" style=\"padding-right: 5px\">               <div class=\"kksr-icon\" style=\"width: 24px; height: 24px;\"><\/div>         <\/div>             <div class=\"kksr-star\" style=\"padding-right: 5px\">               <div class=\"kksr-icon\" style=\"width: 24px; height: 24px;\"><\/div>         <\/div>             <div class=\"kksr-star\" style=\"padding-right: 5px\">               <div class=\"kksr-icon\" style=\"width: 24px; height: 24px;\"><\/div>         <\/div>             <div class=\"kksr-star\" style=\"padding-right: 5px\">               <div class=\"kksr-icon\" style=\"width: 24px; height: 24px;\"><\/div>         <\/div>             <div class=\"kksr-star\" style=\"padding-right: 5px\">               <div class=\"kksr-icon\" style=\"width: 24px; height: 24px;\"><\/div>         <\/div>     <\/div> <\/div>                   <div class=\"kksr-legend\" style=\"font-size: 19.2px;\">             4.7\/5 - (6 votos)    <\/div>     <\/div>  <p class=\"translation-block\">La m\u00e1quina de recolecci\u00f3n y reciclaje de ensilado se <strong><a href=\"https:\/\/balerwrapper.com\/es\/product\/stalk-cutting-recycling-machine\/\">usa para triturar paja y otros residuos de cultivos<\/a><\/strong>. A trav\u00e9s de las cuchillas de alta velocidad y la c\u00e1mara de trituraci\u00f3n, la paja se tritura eficazmente en part\u00edculas finas para su posterior utilizaci\u00f3n, como compostaje, preparaci\u00f3n de piensos o producci\u00f3n de energ\u00eda. <\/p>    <figure class=\"wp-block-image size-full\"><img loading=\"lazy\" decoding=\"async\" width=\"720\" height=\"540\" src=\"https:\/\/balerwrapper.com\/wp-content\/uploads\/2023\/11\/straw-crushing-and-recycling-machine.webp\" alt=\"maquina trituradora y recicladora de paja\" class=\"wp-image-522\"\/><figcaption class=\"wp-element-caption\">maquina trituradora y recicladora de paja<\/figcaption><\/figure>    <p>Su movilidad le permite responder de manera flexible a las necesidades de manipulaci\u00f3n de paja en diferentes lugares y ocasiones, proporcionando una soluci\u00f3n conveniente para la gesti\u00f3n de residuos agr\u00edcolas.<\/p>    <h2 class=\"wp-block-heading\">Aplicaciones de la m\u00e1quina recolectora y recicladora de ensilaje<\/h2>    <p class=\"translation-block\">La m\u00e1quina de trituraci\u00f3n y reciclaje de <a href=\"https:\/\/en.wikipedia.org\/wiki\/Straw\" target=\"_blank\" rel=\"noopener\">paja<\/a> se utiliza ampliamente en la agricultura, la ganader\u00eda y la producci\u00f3n de energ\u00eda. Sus principales aplicaciones incluyen:<\/p>    <ol class=\"wp-block-list\"> <li><strong>Producci\u00f3n de energ\u00eda de biomasa:<\/strong> Despu\u00e9s de triturar la paja en pellets, se puede utilizar en el campo de la energ\u00eda de biomasa, como combustible de pellets de biomasa y preparaci\u00f3n de gas de biomasa para calefacci\u00f3n y generaci\u00f3n de energ\u00eda.<\/li>    <li><strong>Preparaci\u00f3n de fertilizantes org\u00e1nicos:<\/strong> La paja triturada se puede mezclar con otra materia org\u00e1nica para producir un fertilizante org\u00e1nico eficiente, utilizado en la producci\u00f3n agr\u00edcola, para mejorar la fertilidad del suelo.<\/li>    <li><strong>Tratamiento Ambiental:<\/strong> La manipulaci\u00f3n de los residuos de paja reduce la quema en las tierras agr\u00edcolas y ayuda a reducir la contaminaci\u00f3n del aire y del medio ambiente.<\/li>    <li><strong>Procesamiento de piensos:<\/strong> Una vez triturada la paja, se puede utilizar como materia prima para piensos, lo que mejora la tasa de utilizaci\u00f3n del pienso en la cr\u00eda de animales.<\/li> <\/ol>    <figure class=\"wp-block-image size-full\"><img loading=\"lazy\" decoding=\"async\" width=\"720\" height=\"540\" src=\"https:\/\/balerwrapper.com\/wp-content\/uploads\/2023\/11\/silage-harvesting-and-recycling-machine.webp\" alt=\"m\u00e1quina recolectora y recicladora de ensilaje\" class=\"wp-image-523\"\/><figcaption class=\"wp-element-caption\">m\u00e1quina recolectora y recicladora de ensilaje<\/figcaption><\/figure>    <h2 class=\"wp-block-heading\">Funci\u00f3n principal de la cosechadora de paja y la m\u00e1quina de reciclaje<\/h2>    <ul class=\"wp-block-list\"> <li>Cosecha eficientemente paja de cultivos maduros (por ejemplo, trigo, cebada, arroz, etc.). Cortar la pajita en longitudes y formas adecuadas hace que sea m\u00e1s f\u00e1cil de manipular.<\/li>    <li>Algunas cosechadoras de paja modernas tienen una funci\u00f3n de retorno al campo que tritura y distribuye uniformemente la paja en el campo, lo que ayuda a mejorar la fertilidad del suelo, retener la humedad y reducir la erosi\u00f3n del suelo.<\/li> <\/ul>    <figure class=\"wp-block-image size-full\"><img loading=\"lazy\" decoding=\"async\" width=\"720\" height=\"540\" src=\"https:\/\/balerwrapper.com\/wp-content\/uploads\/2023\/11\/silage-straw-recycler.webp\" alt=\"reciclador de paja de ensilaje\" class=\"wp-image-524\"\/><figcaption class=\"wp-element-caption\">reciclador de paja de ensilaje<\/figcaption><\/figure>    <h2 class=\"wp-block-heading\">C\u00f3mo funciona esta m\u00e1quina<\/h2>    <p>El principio de funcionamiento de las m\u00e1quinas recolectoras y recicladoras de ensilaje suele incluir los siguientes pasos:<\/p>    <ol class=\"wp-block-list\"> <li>Primero es arrastrado por un tractor.<\/li>    <li>La paja es transportada al interior de la trituradora a trav\u00e9s de la abertura de alimentaci\u00f3n.<\/li>    <li>la paja se pulveriza eficazmente en peque\u00f1as part\u00edculas cortando e impactando las cuchillas giratorias de alta velocidad.<\/li>    <li>Las part\u00edculas pulverizadas se separan mediante una criba o criba vibratoria para eliminar las part\u00edculas m\u00e1s grandes o no completamente pulverizadas.<\/li>    <li>Para evitar la propagaci\u00f3n del polvo, algunas m\u00e1quinas trituradoras y recicladoras de paja est\u00e1n equipadas con equipos de recolecci\u00f3n de polvo para recolectar el polvo.<\/li>    <li>Finalmente, un grupo hidr\u00e1ulico instalado en el tractor acciona la m\u00e1quina para descargar la paja triturada.<\/li> <\/ol>    <figure class=\"wp-block-image size-full\"><img loading=\"lazy\" decoding=\"async\" width=\"720\" height=\"540\" src=\"https:\/\/balerwrapper.com\/wp-content\/uploads\/2023\/11\/silage-shredding-recycling-machine.webp\" alt=\"m\u00e1quina de reciclaje de trituraci\u00f3n de ensilaje\" class=\"wp-image-525\"\/><figcaption class=\"wp-element-caption\">m\u00e1quina de reciclaje de trituraci\u00f3n de ensilaje<\/figcaption><\/figure>    <h2 class=\"wp-block-heading\">Beneficios de la m\u00e1quina de reciclaje de ensilaje de tipo m\u00f3vil<\/h2>    <ul class=\"wp-block-list\"> <li><strong>Flexibilidad y portabilidad:<\/strong> Equipados con ruedas, son f\u00e1ciles de mover entre diferentes tierras de cultivo para diferentes lugares y ocasiones, y es m\u00e1s f\u00e1cil para los agricultores mover el equipo a un lugar diferente cuando sea necesario.<\/li>    <li><strong>Rentabilidad:<\/strong> Los equipos port\u00e1tiles suelen ser m\u00e1s asequibles que construir equipos estacionarios. Los agricultores tienen la opci\u00f3n de alquilarlos o comprarlos cuando sea necesario, eliminando la necesidad de costosos trabajos de construcci\u00f3n.<\/li>    <li><strong>Adaptabilidad:<\/strong> Las m\u00e1quinas port\u00e1tiles de recolecci\u00f3n y reciclaje de ensilaje se pueden ajustar y adaptar a diferentes cultivos y condiciones del terreno. Esto hace que sea m\u00e1s f\u00e1cil lograr resultados \u00f3ptimos en diferentes tierras de cultivo.<\/li>    <li><strong>Producci\u00f3n eficiente:<\/strong> Las unidades port\u00e1tiles suelen estar dise\u00f1adas para una producci\u00f3n eficiente, lo que permite una recolecci\u00f3n, trituraci\u00f3n y procesamiento de la paja m\u00e1s r\u00e1pidos, con 32 cuchillas que pueden cortar completamente la paja para una tasa de recuperaci\u00f3n de m\u00e1s de 80%.<\/li>    <li><strong>Reducci\u00f3n de espacios entre parcelas:<\/strong> Con la capacidad de pasar r\u00e1pidamente al siguiente campo, las trituradoras y recicladores de paja port\u00e1tiles ayudan a reducir los espacios entre parcelas, lo que permite que la tierra se utilice m\u00e1s plenamente.<\/li> <\/ul>    <figure class=\"wp-block-image size-full\"><img loading=\"lazy\" decoding=\"async\" width=\"720\" height=\"540\" src=\"https:\/\/balerwrapper.com\/wp-content\/uploads\/2023\/11\/silage-harvester.webp\" alt=\"cosechadora de ensilaje\" class=\"wp-image-526\"\/><figcaption class=\"wp-element-caption\">cosechadora de ensilaje<\/figcaption><\/figure>    <h2 class=\"wp-block-heading\">Mantenimiento y reparaci\u00f3n<\/h2>    <p>El mantenimiento y conservaci\u00f3n de la m\u00e1quina recolectora y recicladora de ensilaje es la clave para garantizar el funcionamiento eficiente y a largo plazo del equipo.<\/p>    <ol class=\"wp-block-list\"> <li><strong>Limpieza peri\u00f3dica:<\/strong> Limpie peri\u00f3dicamente todas las piezas de la m\u00e1quina trituradora y recicladora de paja, incluidas las cuchillas, las cintas transportadoras y las cribas. Aseg\u00farese de que la m\u00e1quina est\u00e9 desconectada durante el proceso de limpieza.<\/li>    <li><strong>Inspecci\u00f3n y reemplazo de cuchillas:<\/strong> Compruebe peri\u00f3dicamente el desgaste de los cuchillos para asegurarse de que permanezcan afilados. Si es necesario, reemplace las cuchillas muy desgastadas de manera oportuna para garantizar el efecto pulverizador y la vida \u00fatil del equipo.<\/li>    <li><strong>Sistema de lubricaci\u00f3n:<\/strong> Agregue la cantidad correcta de lubricante a cada punto de lubricaci\u00f3n del equipo para garantizar que todas las partes del equipo puedan funcionar sin problemas durante la operaci\u00f3n.<\/li> <\/ol>    <p>Si est\u00e1 interesado en nuestras m\u00e1quinas recolectoras y recicladoras de ensilaje o tiene alguna pregunta, no dude en contactarnos.<\/p>","protected":false},"excerpt":{"rendered":"<p>The silage harvesting and recycling machine is used for crushing straw and other crop residues. Through the high-speed rotating blades and crushing chamber, the straw is effectively crushed into fine particles for subsequent utilization, such as composting, feed preparation, or energy production. Its mobility allows it to flexibly respond to the straw handling needs of [&hellip;]<\/p>\n","protected":false},"author":1,"featured_media":527,"parent":0,"template":"","tags":[],"product-type":[8],"class_list":["post-521","product","type-product","status-publish","has-post-thumbnail","hentry","product-type-other-silage-machines"],"_links":{"self":[{"href":"https:\/\/balerwrapper.com\/es\/wp-json\/wp\/v2\/product\/521","targetHints":{"allow":["GET"]}}],"collection":[{"href":"https:\/\/balerwrapper.com\/es\/wp-json\/wp\/v2\/product"}],"about":[{"href":"https:\/\/balerwrapper.com\/es\/wp-json\/wp\/v2\/types\/product"}],"author":[{"embeddable":true,"href":"https:\/\/balerwrapper.com\/es\/wp-json\/wp\/v2\/users\/1"}],"wp:featuredmedia":[{"embeddable":true,"href":"https:\/\/balerwrapper.com\/es\/wp-json\/wp\/v2\/media\/527"}],"wp:attachment":[{"href":"https:\/\/balerwrapper.com\/es\/wp-json\/wp\/v2\/media?parent=521"}],"wp:term":[{"taxonomy":"post_tag","embeddable":true,"href":"https:\/\/balerwrapper.com\/es\/wp-json\/wp\/v2\/tags?post=521"},{"taxonomy":"product-type","embeddable":true,"href":"https:\/\/balerwrapper.com\/es\/wp-json\/wp\/v2\/product-type?post=521"}],"curies":[{"name":"wp","href":"https:\/\/api.w.org\/{rel}","templated":true}]}}