{"id":502,"date":"2023-10-26T16:06:00","date_gmt":"2023-10-26T08:06:00","guid":{"rendered":"https:\/\/balerwrapper.com\/?post_type=product&#038;p=502"},"modified":"2023-11-01T13:28:30","modified_gmt":"2023-11-01T05:28:30","slug":"straw-crushing-packaging-wrapping-machine","status":"publish","type":"product","link":"https:\/\/balerwrapper.com\/es\/product\/straw-crushing-packaging-wrapping-machine\/","title":{"rendered":"M\u00e1quina envasadora y trituradora autom\u00e1tica de paja Sliage"},"content":{"rendered":"<div class=\"kk-star-ratings kksr-auto kksr-align-left kksr-valign-top\"     data-payload='{&quot;align&quot;:&quot;left&quot;,&quot;id&quot;:&quot;502&quot;,&quot;slug&quot;:&quot;default&quot;,&quot;valign&quot;:&quot;top&quot;,&quot;ignore&quot;:&quot;&quot;,&quot;reference&quot;:&quot;auto&quot;,&quot;class&quot;:&quot;&quot;,&quot;count&quot;:&quot;13&quot;,&quot;legendonly&quot;:&quot;&quot;,&quot;readonly&quot;:&quot;&quot;,&quot;score&quot;:&quot;4.6&quot;,&quot;starsonly&quot;:&quot;&quot;,&quot;best&quot;:&quot;5&quot;,&quot;gap&quot;:&quot;5&quot;,&quot;greet&quot;:&quot;Rate this product&quot;,&quot;legend&quot;:&quot;4.6\\\/5 - (13 votos)&quot;,&quot;size&quot;:&quot;24&quot;,&quot;title&quot;:&quot;Automatic Sliage Straw Crushing Packaging Wrapping Machine&quot;,&quot;width&quot;:&quot;130.9&quot;,&quot;_legend&quot;:&quot;{score}\\\/{best} - ({count} {votes})&quot;,&quot;font_factor&quot;:&quot;1.25&quot;}'>              <div class=\"kksr-stars\">      <div class=\"kksr-stars-inactive\">             <div class=\"kksr-star\" data-star=\"1\" style=\"padding-right: 5px\">               <div class=\"kksr-icon\" style=\"width: 24px; height: 24px;\"><\/div>         <\/div>             <div class=\"kksr-star\" data-star=\"2\" style=\"padding-right: 5px\">               <div class=\"kksr-icon\" style=\"width: 24px; height: 24px;\"><\/div>         <\/div>             <div class=\"kksr-star\" data-star=\"3\" style=\"padding-right: 5px\">               <div class=\"kksr-icon\" style=\"width: 24px; height: 24px;\"><\/div>         <\/div>             <div class=\"kksr-star\" data-star=\"4\" style=\"padding-right: 5px\">               <div class=\"kksr-icon\" style=\"width: 24px; height: 24px;\"><\/div>         <\/div>             <div class=\"kksr-star\" data-star=\"5\" style=\"padding-right: 5px\">               <div class=\"kksr-icon\" style=\"width: 24px; height: 24px;\"><\/div>         <\/div>     <\/div>      <div class=\"kksr-stars-active\" style=\"width: 130.9px;\">             <div class=\"kksr-star\" style=\"padding-right: 5px\">               <div class=\"kksr-icon\" style=\"width: 24px; height: 24px;\"><\/div>         <\/div>             <div class=\"kksr-star\" style=\"padding-right: 5px\">               <div class=\"kksr-icon\" style=\"width: 24px; height: 24px;\"><\/div>         <\/div>             <div class=\"kksr-star\" style=\"padding-right: 5px\">               <div class=\"kksr-icon\" style=\"width: 24px; height: 24px;\"><\/div>         <\/div>             <div class=\"kksr-star\" style=\"padding-right: 5px\">               <div class=\"kksr-icon\" style=\"width: 24px; height: 24px;\"><\/div>         <\/div>             <div class=\"kksr-star\" style=\"padding-right: 5px\">               <div class=\"kksr-icon\" style=\"width: 24px; height: 24px;\"><\/div>         <\/div>     <\/div> <\/div>                   <div class=\"kksr-legend\" style=\"font-size: 19.2px;\">             4.6\/5 - (13 votos)    <\/div>     <\/div>  <p>La m\u00e1quina envasadora y trituradora de paja es un tipo de maquinaria y equipo agr\u00edcola que se utiliza para recolectar, picar, empacar y envolver paja autom\u00e1ticamente para su almacenamiento, transporte y utilizaci\u00f3n integral. <\/p>    <p class=\"translation-block\">Por lo general, estas <a href=\"https:\/\/en.wikipedia.org\/wiki\/Straw\" target=\"_blank\" rel=\"noopener\">pajas<\/a> procesadas se pueden utilizar como alimento, energ\u00eda de biomasa, fertilizante o acondicionador de suelo. Esta m\u00e1quina ayuda a reducir la carga de trabajo de los agricultores y a mejorar la utilizaci\u00f3n integral de la paja.<\/p>    <figure class=\"wp-block-image size-full\"><img loading=\"lazy\" decoding=\"async\" width=\"720\" height=\"540\" src=\"https:\/\/balerwrapper.com\/wp-content\/uploads\/2023\/10\/silage-picking-crushing-baling-machine.webp\" alt=\"m\u00e1quina empacadora trituradora de recolecci\u00f3n de ensilaje\" class=\"wp-image-503\"\/><figcaption class=\"wp-element-caption\">m\u00e1quina empacadora trituradora de recolecci\u00f3n de ensilaje<\/figcaption><\/figure>    <h2 class=\"wp-block-heading\">Estructuras principales de la m\u00e1quina empacadora trituradora de ensilaje<\/h2>    <ul class=\"wp-block-list\"> <li>La m\u00e1quina envasadora trituradora de paja consta de las siguientes estructuras principales que funcionan en conjunto, que generalmente incluyen:<\/li>    <li>Chasis (equipado con ruedas para facilitar el movimiento en el campo)<\/li>    <li>Sistema de recogida (un engranaje giratorio o recogedor suspendido de la parte delantera de la m\u00e1quina)<\/li>    <li>Trituradoras (incluidas cuchillas giratorias o tambores)<\/li>    <li>Sistema de empacado (mecanismo de recogida de paja y formaci\u00f3n de fardos compactos)<\/li>    <li>Mecanismo encintador (envuelto en una o m\u00e1s capas de film pl\u00e1stico para proteger y conservar la paca) Esta pieza suele incluir la bobina encintadora y el mecanismo de aplicaci\u00f3n.<\/li> <\/ul>    <figure class=\"wp-block-image size-full\"><img loading=\"lazy\" decoding=\"async\" width=\"720\" height=\"540\" src=\"https:\/\/balerwrapper.com\/wp-content\/uploads\/2023\/10\/straw-crushing-packaging-wrapping-machine.webp\" alt=\"M\u00e1quina envasadora y trituradora de paja\" class=\"wp-image-504\"\/><figcaption class=\"wp-element-caption\">M\u00e1quina envasadora y trituradora de paja<\/figcaption><\/figure>    <h2 class=\"wp-block-heading\">Flujo de trabajo de la m\u00e1quina envasadora y trituradora de paja<\/h2>    <ol class=\"wp-block-list\"> <li><strong>Recogida de paja<\/strong>: es el primer paso de la m\u00e1quina, que puede recoger y concentrar autom\u00e1ticamente la paja (como tallos de ma\u00edz, tallos de trigo, etc.) que quedan en el campo.<\/li>    <li><strong>Trituradora de paja<\/strong>: Las pajitas despu\u00e9s de recogerlas suelen ser muy largas y no son f\u00e1ciles de usar en el siguiente paso. El pulverizador de pajitas cortar\u00e1 estas pajitas en part\u00edculas m\u00e1s peque\u00f1as para operaciones posteriores.<\/li>    <li><strong>Enfardado de paja<\/strong>: La paja triturada se empaqueta en fardos apretados, generalmente redondos o cuadrados, para su almacenamiento, transporte y posterior utilizaci\u00f3n.<\/li>    <li><strong>Envase<\/strong>: Por \u00faltimo, estos fardos de paja se suelen envolver con film transparente. Esto ayuda a proteger las balas de da\u00f1os durante el almacenamiento y tambi\u00e9n proporciona aislamiento y degradaci\u00f3n.<\/li> <\/ol>    <figure class=\"wp-block-image size-full\"><img loading=\"lazy\" decoding=\"async\" width=\"720\" height=\"540\" src=\"https:\/\/balerwrapper.com\/wp-content\/uploads\/2023\/10\/silage-wrapper.webp\" alt=\"envoltura de ensilaje\" class=\"wp-image-505\"\/><figcaption class=\"wp-element-caption\">envoltura de ensilaje<\/figcaption><\/figure>    <h2 class=\"wp-block-heading\">Caracter\u00edsticas principales de la empacadora de ensilado multifuncional<\/h2>    <div class=\"wp-block-media-text has-media-on-the-right is-stacked-on-mobile\"><div class=\"wp-block-media-text__content\"> <ul class=\"wp-block-list\"> <li>Ahorro de mano de obra, directamente despu\u00e9s de la cosecha y la trituraci\u00f3n se pueden embalar y envolver.<\/li>    <li>Elija entre dos modelos con anchos de corte de 1300 y 1720 mm.<\/li>    <li>Alto rendimiento, un rollo de cuerda y pel\u00edcula se puede envolver en aproximadamente 65 a 70 haces, 45 a 60 haces por hora.<\/li>    <li>Buen efecto de trabajo, agrupaci\u00f3n apretada, interior suelto y exterior apretado, y buena permeabilidad al aire.<\/li>    <li>Clara divisi\u00f3n del trabajo: el tractor proporciona la potencia para cosechar y triturar, y el motor de gasolina proporciona la potencia para empacar y envolver.<\/li> <\/ul> <\/div><figure class=\"wp-block-media-text__media\"><img loading=\"lazy\" decoding=\"async\" width=\"540\" height=\"720\" src=\"https:\/\/balerwrapper.com\/wp-content\/uploads\/2023\/10\/silage-baler-machine-for-sale.webp\" alt=\"M\u00e1quina empacadora de ensilaje a la venta\" class=\"wp-image-506 size-full\"\/><\/figure><\/div>    <h2 class=\"wp-block-heading\">Par\u00e1metros t\u00e9cnicos de la m\u00e1quina<\/h2>    <p>Este dispositivo nuestro es una m\u00e1quina todo en uno integrada para triturar, envasar y envolver paja autopropulsada.<\/p>    <figure class=\"wp-block-table is-style-stripes\"><table><tbody><tr><td><strong>Modelo<\/strong><\/td><td>9YQ-1300<\/td><td>9YQ-1720<\/td><\/tr><tr><td><strong>Fuerza<\/strong><\/td><td>40 CV<\/td><td>70 CV<\/td><\/tr><tr><td><strong>Poder de empacar y envolver<\/strong><\/td><td>generador de gasolina (5+0,75 KW)<\/td><td>generador de gasolina (5+0,75 KW)<\/td><\/tr><tr><td><strong>Anchura de trabajo<\/strong><\/td><td>1300 mil\u00edmetros<\/td><td>1720 mil\u00edmetros<\/td><\/tr><tr><td><strong>La dimensi\u00f3n de Bale<\/strong><\/td><td>L*\u0424 700*800mm<\/td><td>L*\u0424 700*800mm<\/td><\/tr><tr><td><strong>El peso de Bale<\/strong><\/td><td>95-100 kg\/paca<\/td><td>95-100 kg\/paca<\/td><\/tr><tr><td><strong>Capacidad<\/strong><\/td><td>0,9 acres\/h<\/td><td>1,3 acres\/h<\/td><\/tr><tr><td><strong>Tama\u00f1o<\/strong><\/td><td>3270*2150*1400 mil\u00edmetros<\/td><td>3270*2150*1400 mil\u00edmetros<\/td><\/tr><tr><td><strong>Peso<\/strong><\/td><td>1200 kilogramos<\/td><td>1300 kilogramos<\/td><\/tr><\/tbody><\/table><\/figure>    <p>Nuestra empresa ha presentado los dos modelos principales de m\u00e1quinas envasadoras trituradoras de paja mencionados anteriormente para elegir; la lista anterior es parte de los par\u00e1metros importantes. Si desea obtener informaci\u00f3n m\u00e1s detallada, no dude en contactarnos.<\/p>    <h2 class=\"wp-block-heading\">M\u00e1quinas relacionadas<\/h2>    <p class=\"translation-block\">Por supuesto, dependiendo de los diferentes usos y presupuestos del cliente, tambi\u00e9n producimos otras m\u00e1quinas relativamente simples para el manejo y la gesti\u00f3n de residuos de cultivos y paja, como empacadoras y enfardadoras de ensilaje, <strong><a href=\"https:\/\/balerwrapper.com\/es\/product\/round-hay-baler\/\">empacadoras de paja (pacas redondas o cuadradas)<\/a><\/strong>, y <strong><a href=\"https:\/\/balerwrapper.com\/es\/product\/hay-cutter-and-baler\/\">empacadoras de recogida triturada<\/a><\/strong>.<\/p>    <figure class=\"wp-block-gallery has-nested-images columns-2 is-cropped wp-block-gallery-2 is-layout-flex wp-block-gallery-is-layout-flex\"> <figure class=\"wp-block-image size-large\"><img loading=\"lazy\" decoding=\"async\" width=\"720\" height=\"540\" data-id=\"507\" src=\"https:\/\/balerwrapper.com\/wp-content\/uploads\/2023\/10\/straw-wrapping-machine.webp\" alt=\"m\u00e1quina para envolver paja\" class=\"wp-image-507\"\/><figcaption class=\"wp-element-caption\">m\u00e1quina para envolver paja<\/figcaption><\/figure>    <figure class=\"wp-block-image size-large\"><img loading=\"lazy\" decoding=\"async\" width=\"720\" height=\"540\" data-id=\"508\" src=\"https:\/\/balerwrapper.com\/wp-content\/uploads\/2023\/10\/round-hay-picking-baler-machine.webp\" alt=\"Empacadora redonda para recolecci\u00f3n de heno\" class=\"wp-image-508\"\/><figcaption class=\"wp-element-caption\">Empacadora redonda para recolecci\u00f3n de heno<\/figcaption><\/figure>    <figure class=\"wp-block-image size-large\"><img loading=\"lazy\" decoding=\"async\" width=\"720\" height=\"540\" data-id=\"509\" src=\"https:\/\/balerwrapper.com\/wp-content\/uploads\/2023\/10\/square-hay-baler-machine.webp\" alt=\"empacadora de heno cuadrada\" class=\"wp-image-509\"\/><figcaption class=\"wp-element-caption\">empacadora de heno cuadrada<\/figcaption><\/figure>    <figure class=\"wp-block-image size-large\"><img loading=\"lazy\" decoding=\"async\" width=\"720\" height=\"540\" data-id=\"510\" src=\"https:\/\/balerwrapper.com\/wp-content\/uploads\/2023\/10\/hay-cutter-and-baler-machine.webp\" alt=\"cortadora y empacadora de heno\" class=\"wp-image-510\"\/><figcaption class=\"wp-element-caption\">cortadora y empacadora de heno<\/figcaption><\/figure> <\/figure>    <p>Nuestras m\u00e1quinas envasadoras trituradoras de paja han sido muy populares y se han exportado con \u00e9xito a varios pa\u00edses, incluidos Nigeria, Kenia, Etiop\u00eda, Tanzania, India, Bangladesh, Vietnam, Indonesia, Brasil, Argentina y muchos m\u00e1s. Todos son positivos acerca del precio de nuestra empacadora de ensilado, as\u00ed como del servicio, etc., y est\u00e1n dispuestos a establecer una cooperaci\u00f3n a largo plazo con nosotros.<\/p>","protected":false},"excerpt":{"rendered":"<p>The straw crushing packaging wrapping machine is a kind of agricultural machinery and equipment used for automatically collecting, chopping, baling, and wrapping straw for storage, transportation, and comprehensive utilization. Usually, these processed straws can be used as feed, biomass energy, fertilizer, or soil conditioner. This machine helps to reduce the labor burden of farmers and [&hellip;]<\/p>\n","protected":false},"author":1,"featured_media":512,"parent":0,"template":"","tags":[],"product-type":[7],"class_list":["post-502","product","type-product","status-publish","has-post-thumbnail","hentry","product-type-silage-baler"],"_links":{"self":[{"href":"https:\/\/balerwrapper.com\/es\/wp-json\/wp\/v2\/product\/502","targetHints":{"allow":["GET"]}}],"collection":[{"href":"https:\/\/balerwrapper.com\/es\/wp-json\/wp\/v2\/product"}],"about":[{"href":"https:\/\/balerwrapper.com\/es\/wp-json\/wp\/v2\/types\/product"}],"author":[{"embeddable":true,"href":"https:\/\/balerwrapper.com\/es\/wp-json\/wp\/v2\/users\/1"}],"wp:featuredmedia":[{"embeddable":true,"href":"https:\/\/balerwrapper.com\/es\/wp-json\/wp\/v2\/media\/512"}],"wp:attachment":[{"href":"https:\/\/balerwrapper.com\/es\/wp-json\/wp\/v2\/media?parent=502"}],"wp:term":[{"taxonomy":"post_tag","embeddable":true,"href":"https:\/\/balerwrapper.com\/es\/wp-json\/wp\/v2\/tags?post=502"},{"taxonomy":"product-type","embeddable":true,"href":"https:\/\/balerwrapper.com\/es\/wp-json\/wp\/v2\/product-type?post=502"}],"curies":[{"name":"wp","href":"https:\/\/api.w.org\/{rel}","templated":true}]}}