{"id":408,"date":"2022-12-15T13:47:15","date_gmt":"2022-12-15T05:47:15","guid":{"rendered":"https:\/\/balerwrapper.com\/?post_type=product&#038;p=408"},"modified":"2022-12-16T11:43:40","modified_gmt":"2022-12-16T03:43:40","slug":"straw-cutting-machine","status":"publish","type":"product","link":"https:\/\/balerwrapper.com\/es\/product\/straw-cutting-machine\/","title":{"rendered":"Cortadora de paja para alimentaci\u00f3n de vacas y caballos."},"content":{"rendered":"<div class=\"kk-star-ratings kksr-auto kksr-align-left kksr-valign-top\"     data-payload='{&quot;align&quot;:&quot;left&quot;,&quot;id&quot;:&quot;408&quot;,&quot;slug&quot;:&quot;default&quot;,&quot;valign&quot;:&quot;top&quot;,&quot;ignore&quot;:&quot;&quot;,&quot;reference&quot;:&quot;auto&quot;,&quot;class&quot;:&quot;&quot;,&quot;count&quot;:&quot;28&quot;,&quot;legendonly&quot;:&quot;&quot;,&quot;readonly&quot;:&quot;&quot;,&quot;score&quot;:&quot;4.7&quot;,&quot;starsonly&quot;:&quot;&quot;,&quot;best&quot;:&quot;5&quot;,&quot;gap&quot;:&quot;5&quot;,&quot;greet&quot;:&quot;Rate this product&quot;,&quot;legend&quot;:&quot;4.7\\\/5 - (28 votos)&quot;,&quot;size&quot;:&quot;24&quot;,&quot;title&quot;:&quot;Straw cutting machine for cow and horse feed&quot;,&quot;width&quot;:&quot;133.8&quot;,&quot;_legend&quot;:&quot;{score}\\\/{best} - ({count} {votes})&quot;,&quot;font_factor&quot;:&quot;1.25&quot;}'>              <div class=\"kksr-stars\">      <div class=\"kksr-stars-inactive\">             <div class=\"kksr-star\" data-star=\"1\" style=\"padding-right: 5px\">               <div class=\"kksr-icon\" style=\"width: 24px; height: 24px;\"><\/div>         <\/div>             <div class=\"kksr-star\" data-star=\"2\" style=\"padding-right: 5px\">               <div class=\"kksr-icon\" style=\"width: 24px; height: 24px;\"><\/div>         <\/div>             <div class=\"kksr-star\" data-star=\"3\" style=\"padding-right: 5px\">               <div class=\"kksr-icon\" style=\"width: 24px; height: 24px;\"><\/div>         <\/div>             <div class=\"kksr-star\" data-star=\"4\" style=\"padding-right: 5px\">               <div class=\"kksr-icon\" style=\"width: 24px; height: 24px;\"><\/div>         <\/div>             <div class=\"kksr-star\" data-star=\"5\" style=\"padding-right: 5px\">               <div class=\"kksr-icon\" style=\"width: 24px; height: 24px;\"><\/div>         <\/div>     <\/div>      <div class=\"kksr-stars-active\" style=\"width: 133.8px;\">             <div class=\"kksr-star\" style=\"padding-right: 5px\">               <div class=\"kksr-icon\" style=\"width: 24px; height: 24px;\"><\/div>         <\/div>             <div class=\"kksr-star\" style=\"padding-right: 5px\">               <div class=\"kksr-icon\" style=\"width: 24px; height: 24px;\"><\/div>         <\/div>             <div class=\"kksr-star\" style=\"padding-right: 5px\">               <div class=\"kksr-icon\" style=\"width: 24px; height: 24px;\"><\/div>         <\/div>             <div class=\"kksr-star\" style=\"padding-right: 5px\">               <div class=\"kksr-icon\" style=\"width: 24px; height: 24px;\"><\/div>         <\/div>             <div class=\"kksr-star\" style=\"padding-right: 5px\">               <div class=\"kksr-icon\" style=\"width: 24px; height: 24px;\"><\/div>         <\/div>     <\/div> <\/div>                   <div class=\"kksr-legend\" style=\"font-size: 19.2px;\">             4.7\/5 - (28 votos)    <\/div>     <\/div>  <p>La m\u00e1quina cortadora de paja es una buena ayuda para hacer ensilaje. Hemos tenido que fabricar el cortador de paja durante muchos a\u00f1os. Y disponemos de los modelos completos de cortadoras de paja para ensilado. Son diferentes en producci\u00f3n. <\/p>    <p class=\"translation-block\">Y especialmente desde el modelo 9Z-2.5A hasta el 9Z-10A, que tienen la funci\u00f3n adicional de alimentaci\u00f3n autom\u00e1tica de los tallos. Y las <a href=\"https:\/\/www.agriculture-machine.com\/small-chaff-cutter\/\" target=\"_blank\" rel=\"noopener\">peque\u00f1as trituradoras de pasto<\/a> de salida necesitan que las personas alimenten el material manualmente.<\/p>    <h2 class=\"wp-block-heading\">Breve introducci\u00f3n de la m\u00e1quina cortadora de paja.<\/h2>    <p>La cortadora de paja tiene una cinta transportadora. Y esta correa puede enviar los materiales a la sala de trituraci\u00f3n autom\u00e1ticamente. Esta funci\u00f3n puede ayudar a las personas a ahorrar mucha energ\u00eda y tiempo. Entonces la eficiencia es muy alta. <\/p>    <p>Adem\u00e1s, la altura de salida del cortador de paja autom\u00e1tico es mayor que la del modelo peque\u00f1o del cortador de paja. Por lo tanto, es conveniente para los clientes enviar el ensilaje triturado a todas partes. Los usuarios tambi\u00e9n pueden ajustar la salida en altura para facilitar su uso.<\/p>    <figure class=\"wp-block-gallery has-nested-images columns-default is-cropped wp-block-gallery-2 is-layout-flex wp-block-gallery-is-layout-flex\"> <figure class=\"wp-block-image size-large\"><img loading=\"lazy\" decoding=\"async\" width=\"720\" height=\"540\" data-id=\"417\" src=\"https:\/\/balerwrapper.com\/wp-content\/uploads\/2022\/12\/straw-cutting-machine-1-1.webp\" alt=\"cortadora de paja\" class=\"wp-image-417\" title=\"cortadora de paja\"\/><figcaption class=\"wp-element-caption\">cortadora de paja<\/figcaption><\/figure>    <figure class=\"wp-block-image size-large\"><img loading=\"lazy\" decoding=\"async\" width=\"720\" height=\"540\" data-id=\"418\" src=\"https:\/\/balerwrapper.com\/wp-content\/uploads\/2022\/12\/electric-hay-cutter-.webp\" alt=\"cortadora de paja de heno el\u00e9ctrica\" class=\"wp-image-418\" title=\"cortadora de paja de heno el\u00e9ctrica\"\/><figcaption class=\"wp-element-caption\">cortadora de paja de heno el\u00e9ctrica<\/figcaption><\/figure> <\/figure>    <h2 class=\"wp-block-heading\">\u00bfQu\u00e9 m\u00e1quinas pueden funcionar junto con la cortadora de paja el\u00e9ctrica?<\/h2>    <p class=\"translation-block\">Los clientes pueden emparejar la m\u00e1quina cortadora de paja con la <a href=\"https:\/\/balerwrapper.com\/es\/product\/silage-wrapping-machine\/\">envolvedora de silo<\/a> o la m\u00e1quina de paja de silo hidr\u00e1ulica. Porque los usuarios pueden convertir los tallos en fardos redondos o cuadrados directamente. Por lo que es f\u00e1cil de usar para los agricultores.<\/p>    <figure class=\"wp-block-gallery has-nested-images columns-default is-cropped wp-block-gallery-3 is-layout-flex wp-block-gallery-is-layout-flex\"> <figure class=\"wp-block-image size-large\"><img loading=\"lazy\" decoding=\"async\" width=\"720\" height=\"540\" data-id=\"419\" src=\"https:\/\/balerwrapper.com\/wp-content\/uploads\/2022\/12\/paddy-straw-cutting-machine-.webp\" alt=\"empacadora de ensilaje\" class=\"wp-image-419\" title=\"empacadora de ensilaje\"\/><figcaption class=\"wp-element-caption\">empacadora de ensilaje<\/figcaption><\/figure> <\/figure>    <h2 class=\"wp-block-heading\">Datos de informaci\u00f3n t\u00e9cnica de la m\u00e1quina cortadora de pasto elefante.<\/h2>    <figure class=\"wp-block-table\"><table><tbody><tr><td>Modelo<\/td><td>9Z-2.5A<\/td><\/tr><tr><td>Poder de apoyo<\/td><td>motor de 3kW<\/td><\/tr><tr><td>Velocidad del motor<\/td><td>2800 rpm\/min<\/td><\/tr><tr><td>Tama\u00f1o<\/td><td>1050*1180*1600MM<\/td><\/tr><tr><td>Producci\u00f3n<\/td><td>2500 kg\/h<\/td><\/tr><tr><td>N\u00famero de palas<\/td><td>6 piezas<\/td><\/tr><tr><td>M\u00e9todo de alimentaci\u00f3n<\/td><td>Alimentaci\u00f3n autom\u00e1tica<\/td><\/tr><tr><td>Peso<\/td><td>125 kg<\/td><\/tr><tr><td>Efecto de salida<\/td><td>7-35MM de longitud<\/td><\/tr><\/tbody><\/table><figcaption class=\"wp-element-caption\">Par\u00e1metro de la m\u00e1quina cortadora de pasto elefante<\/figcaption><\/figure>    <h2 class=\"wp-block-heading\">Ventajas de la cortadora de forraje.<\/h2>    <ol class=\"wp-block-list\" type=\"1\"> <li>Alta capacidad. Las m\u00e1quinas cortadoras de paja autom\u00e1ticas de la serie 9Z tienen rendimientos m\u00e1s altos. Y la capacidad m\u00e1s baja es de 2,5 toneladas.<\/li>    <li>M\u00e1s c\u00f3modo de usar. La m\u00e1quina de este modelo dispone de una cinta transportadora de env\u00edo autom\u00e1tico de tallos. Los usuarios s\u00f3lo necesitan poner los tallos en el cintur\u00f3n. &nbsp;<\/li>    <li>Variedad de poder. La m\u00e1quina cortadora autom\u00e1tica puede funcionar con motor di\u00e9sel, gasolina o motor.<\/li>    <li>Amplia aplicaci\u00f3n de uso. El cortador de paja puede procesar la mayor parte del tallo, paja, pasto, etc. y puede ser utilizado por varios agricultores y f\u00e1bricas de piensos.<\/li> <\/ol>    <figure class=\"wp-block-image size-full\"><img loading=\"lazy\" decoding=\"async\" width=\"720\" height=\"540\" src=\"https:\/\/balerwrapper.com\/wp-content\/uploads\/2022\/12\/fodder-cutting-machine-.webp\" alt=\"\" class=\"wp-image-427\"\/><figcaption class=\"wp-element-caption\">m\u00e1quina cortadora de forraje<\/figcaption><\/figure>    <h2 class=\"wp-block-heading\">V\u00eddeo de funcionamiento de la m\u00e1quina picadora de c\u00e9sped.<\/h2>    <figure class=\"wp-block-embed is-type-video is-provider-youtube wp-block-embed-youtube wp-embed-aspect-16-9 wp-has-aspect-ratio\"><div class=\"wp-block-embed__wrapper\"> <iframe loading=\"lazy\" title=\"M\u00e1quina cortadora de paja en Filipinas\/cortadora de c\u00e9sped\/m\u00e1quina cortadora de paja\/cortadora de tallos de ma\u00edz\" width=\"500\" height=\"281\" src=\"https:\/\/www.youtube.com\/embed\/YGkQjesfISA?feature=oembed\" frameborder=\"0\" allow=\"accelerometer; autoplay; clipboard-write; encrypted-media; gyroscope; picture-in-picture; web-share\" referrerpolicy=\"strict-origin-when-cross-origin\" allowfullscreen><\/iframe> <\/div><\/figure>    <h2 class=\"wp-block-heading\">\u00bfPor qu\u00e9 elegir nuestra m\u00e1quina cortadora de alimento para vacas?<\/h2>    <ol class=\"wp-block-list\" type=\"1\"> <li>Producimos todas las m\u00e1quinas utilizando placa de acero extra pesada. Por lo tanto, las m\u00e1quinas cortadoras de forraje son duraderas. Entonces la vida \u00fatil es m\u00e1s larga.<\/li>    <li>El motor es de cobre. Por lo tanto, el motor puede proporcionar una gran potencia y la m\u00e1quina puede funcionar de manera estable.<\/li>    <li>F\u00e1cil de mover. Nuestro cortador de paja autom\u00e1tico tiene ruedas que pueden moverse a todas partes.<\/li>    <li>Bajo nivel de ruido y ahorro de energ\u00eda. Hay muy poco ruido cuando la m\u00e1quina cortadora de paja de arroz est\u00e1 funcionando. Y consume menos energ\u00eda que otras m\u00e1quinas.<\/li> <\/ol>    <figure class=\"wp-block-image size-full\"><img loading=\"lazy\" decoding=\"async\" width=\"720\" height=\"540\" src=\"https:\/\/balerwrapper.com\/wp-content\/uploads\/2022\/12\/cow-feed-cutting-machine-.webp\" alt=\"cortadora de alimento para vacas\" class=\"wp-image-429\" title=\"cortadora de alimento para vacas\"\/><figcaption class=\"wp-element-caption\">cortadora de alimento para vacas<\/figcaption><\/figure>","protected":false},"excerpt":{"rendered":"<p>La m\u00e1quina cortadora de paja es una buena ayuda para hacer ensilaje. Hemos tenido que fabricar el cortador de paja durante muchos a\u00f1os.<\/p>","protected":false},"author":1,"featured_media":416,"parent":0,"template":"","tags":[],"product-type":[6],"class_list":["post-408","product","type-product","status-publish","has-post-thumbnail","hentry","product-type-chaff-cutter"],"_links":{"self":[{"href":"https:\/\/balerwrapper.com\/es\/wp-json\/wp\/v2\/product\/408","targetHints":{"allow":["GET"]}}],"collection":[{"href":"https:\/\/balerwrapper.com\/es\/wp-json\/wp\/v2\/product"}],"about":[{"href":"https:\/\/balerwrapper.com\/es\/wp-json\/wp\/v2\/types\/product"}],"author":[{"embeddable":true,"href":"https:\/\/balerwrapper.com\/es\/wp-json\/wp\/v2\/users\/1"}],"wp:featuredmedia":[{"embeddable":true,"href":"https:\/\/balerwrapper.com\/es\/wp-json\/wp\/v2\/media\/416"}],"wp:attachment":[{"href":"https:\/\/balerwrapper.com\/es\/wp-json\/wp\/v2\/media?parent=408"}],"wp:term":[{"taxonomy":"post_tag","embeddable":true,"href":"https:\/\/balerwrapper.com\/es\/wp-json\/wp\/v2\/tags?post=408"},{"taxonomy":"product-type","embeddable":true,"href":"https:\/\/balerwrapper.com\/es\/wp-json\/wp\/v2\/product-type?post=408"}],"curies":[{"name":"wp","href":"https:\/\/api.w.org\/{rel}","templated":true}]}}