{"id":383,"date":"2022-11-16T16:06:09","date_gmt":"2022-11-16T08:06:09","guid":{"rendered":"https:\/\/balerwrapper.com\/?post_type=product&#038;p=383"},"modified":"2024-05-31T16:14:26","modified_gmt":"2024-05-31T08:14:26","slug":"silage-chopper","status":"publish","type":"product","link":"https:\/\/balerwrapper.com\/es\/product\/silage-chopper\/","title":{"rendered":"Cortadora de paja picadora de ensilaje profesional"},"content":{"rendered":"<div class=\"kk-star-ratings kksr-auto kksr-align-left kksr-valign-top\"     data-payload='{&quot;align&quot;:&quot;left&quot;,&quot;id&quot;:&quot;383&quot;,&quot;slug&quot;:&quot;default&quot;,&quot;valign&quot;:&quot;top&quot;,&quot;ignore&quot;:&quot;&quot;,&quot;reference&quot;:&quot;auto&quot;,&quot;class&quot;:&quot;&quot;,&quot;count&quot;:&quot;90&quot;,&quot;legendonly&quot;:&quot;&quot;,&quot;readonly&quot;:&quot;&quot;,&quot;score&quot;:&quot;4.8&quot;,&quot;starsonly&quot;:&quot;&quot;,&quot;best&quot;:&quot;5&quot;,&quot;gap&quot;:&quot;5&quot;,&quot;greet&quot;:&quot;Rate this product&quot;,&quot;legend&quot;:&quot;4.8\\\/5 - (90 votos)&quot;,&quot;size&quot;:&quot;24&quot;,&quot;title&quot;:&quot;Professional Silage Chopper Straw Cutting Machine&quot;,&quot;width&quot;:&quot;136.7&quot;,&quot;_legend&quot;:&quot;{score}\\\/{best} - ({count} {votes})&quot;,&quot;font_factor&quot;:&quot;1.25&quot;}'>              <div class=\"kksr-stars\">      <div class=\"kksr-stars-inactive\">             <div class=\"kksr-star\" data-star=\"1\" style=\"padding-right: 5px\">               <div class=\"kksr-icon\" style=\"width: 24px; height: 24px;\"><\/div>         <\/div>             <div class=\"kksr-star\" data-star=\"2\" style=\"padding-right: 5px\">               <div class=\"kksr-icon\" style=\"width: 24px; height: 24px;\"><\/div>         <\/div>             <div class=\"kksr-star\" data-star=\"3\" style=\"padding-right: 5px\">               <div class=\"kksr-icon\" style=\"width: 24px; height: 24px;\"><\/div>         <\/div>             <div class=\"kksr-star\" data-star=\"4\" style=\"padding-right: 5px\">               <div class=\"kksr-icon\" style=\"width: 24px; height: 24px;\"><\/div>         <\/div>             <div class=\"kksr-star\" data-star=\"5\" style=\"padding-right: 5px\">               <div class=\"kksr-icon\" style=\"width: 24px; height: 24px;\"><\/div>         <\/div>     <\/div>      <div class=\"kksr-stars-active\" style=\"width: 136.7px;\">             <div class=\"kksr-star\" style=\"padding-right: 5px\">               <div class=\"kksr-icon\" style=\"width: 24px; height: 24px;\"><\/div>         <\/div>             <div class=\"kksr-star\" style=\"padding-right: 5px\">               <div class=\"kksr-icon\" style=\"width: 24px; height: 24px;\"><\/div>         <\/div>             <div class=\"kksr-star\" style=\"padding-right: 5px\">               <div class=\"kksr-icon\" style=\"width: 24px; height: 24px;\"><\/div>         <\/div>             <div class=\"kksr-star\" style=\"padding-right: 5px\">               <div class=\"kksr-icon\" style=\"width: 24px; height: 24px;\"><\/div>         <\/div>             <div class=\"kksr-star\" style=\"padding-right: 5px\">               <div class=\"kksr-icon\" style=\"width: 24px; height: 24px;\"><\/div>         <\/div>     <\/div> <\/div>                   <div class=\"kksr-legend\" style=\"font-size: 19.2px;\">             4.8\/5 - (90 votos)    <\/div>     <\/div>  <p>Una picadora de ensilaje es una m\u00e1quina que puede triturar varias pajitas de plantas. La gente utiliza esta m\u00e1quina cortadora de paja para triturar todo tipo de forraje de paja para alimentar al ganado vacuno, ovino, equino, porcino y otros animales. Manejar grandes cantidades de alimento manualmente requiere mucho tiempo y trabajo. Por lo tanto, es una buena opci\u00f3n utilizar una m\u00e1quina cortadora de paja para procesar pasto forrajero. Nuestra f\u00e1brica produce diferentes modelos de m\u00e1quinas con una capacidad m\u00e1xima de 6T\/H.<\/p>    <figure class=\"wp-block-embed aligncenter is-type-video is-provider-youtube wp-block-embed-youtube wp-embed-aspect-16-9 wp-has-aspect-ratio\"><div class=\"wp-block-embed__wrapper\"> <iframe loading=\"lazy\" title=\"Cortadora de paja de 6 t\/h \/ cortadora de c\u00e9sped \/ cortadora de c\u00e9sped \/ cortadora de heno y paja para animales\" width=\"500\" height=\"281\" src=\"https:\/\/www.youtube.com\/embed\/pjBWCWVfv4E?start=1&#038;feature=oembed\" frameborder=\"0\" allow=\"accelerometer; autoplay; clipboard-write; encrypted-media; gyroscope; picture-in-picture; web-share\" referrerpolicy=\"strict-origin-when-cross-origin\" allowfullscreen><\/iframe> <\/div><figcaption class=\"wp-element-caption\">Sitio de trabajo de la m\u00e1quina cortadora de paja de ensilado<\/figcaption><\/figure>    <p class=\"translation-block\">Adem\u00e1s, tambi\u00e9n producimos <a href=\"https:\/\/balerwrapper.com\/es\/product\/corn-silage-baler-machine\/\">m\u00e1quinas de empacado y enfardado de ensilaje<\/a>. La gente puede usar estas m\u00e1quinas para empacar el exceso de forraje para almacenamiento a largo plazo.<\/p>    <h2 class=\"wp-block-heading\">M\u00e1quinas picadoras de ensilaje de Taizy<\/h2>    <p>Hay tres modelos de picadoras de ensilaje producidas por Taizy. La salida de cada modelo es diferente, existen tres tipos de salida: 3T\/H, 4T\/H y 6T\/H. Los clientes pueden elegir seg\u00fan sus necesidades. Nuestras cortadoras de heno disponen de cinta transportadora. La cinta transportadora puede enviar autom\u00e1ticamente las materias primas a la c\u00e1mara de corte de heno, lo que ayuda al usuario a utilizar la picadora de ensilado de forma m\u00e1s eficiente y ahorrando trabajo.<\/p>    <figure class=\"wp-block-gallery aligncenter has-nested-images columns-default is-cropped wp-block-gallery-2 is-layout-flex wp-block-gallery-is-layout-flex\"> <figure class=\"wp-block-image size-large\"><img loading=\"lazy\" decoding=\"async\" width=\"720\" height=\"540\" data-id=\"387\" src=\"https:\/\/balerwrapper.com\/wp-content\/uploads\/2022\/11\/silage-chopper-.webp\" alt=\"picadora de ensilaje\" class=\"wp-image-387\" title=\"picadora de ensilaje\"\/><figcaption class=\"wp-element-caption\">picadora de ensilaje<\/figcaption><\/figure>    <figure class=\"wp-block-image size-large\"><img loading=\"lazy\" decoding=\"async\" width=\"720\" height=\"540\" data-id=\"388\" src=\"https:\/\/balerwrapper.com\/wp-content\/uploads\/2022\/11\/straw-cutting-machine-.webp\" alt=\"cortadora de paja \" class=\"wp-image-388\" title=\"cortadora de paja \"\/><figcaption class=\"wp-element-caption\">cortadora de paja <\/figcaption><\/figure> <\/figure>    <h2 class=\"wp-block-heading\">Materiales que la m\u00e1quina cortadora de paja puede manejar<\/h2>    <p>Los materiales procesados \u200b\u200bpor la picadora de ensilaje pueden ser tallos de algod\u00f3n, tallos de ma\u00edz, tallos de sorgo, tallos de trigo, paja de arroz, etc.<\/p>    <p class=\"translation-block\"><strong>Aplicaci\u00f3n<\/strong>: Alimentaci\u00f3n de cerdos, ganado vacuno, ovino, caballos, burros, conejos, pollos, patos, gansos, etc.<\/p>    <p class=\"translation-block\"><strong>Caracter\u00edsticas del alimento<\/strong>: Debido a que el alimento se amasa primero y luego se vuelve a amasar, el material procesado por esta m\u00e1quina es m\u00e1s corto y floculento.<\/p>   <div class=\"wp-block-image\"> <figure class=\"aligncenter size-full\"><img loading=\"lazy\" decoding=\"async\" width=\"720\" height=\"540\" src=\"https:\/\/balerwrapper.com\/wp-content\/uploads\/2022\/11\/finished-silage-.webp\" alt=\"ensilaje terminado \" class=\"wp-image-386\" title=\"ensilaje terminado \"\/><figcaption class=\"wp-element-caption\">ensilaje terminado <\/figcaption><\/figure> <\/div>   <h2 class=\"wp-block-heading\">Par\u00e1metros t\u00e9cnicos del cortador de paja.<\/h2>    <figure class=\"wp-block-table is-style-stripes\"><table><tbody><tr><td>Modelo<\/td><td>9RSZ-3<\/td><\/tr><tr><td>Fuerza<\/td><td>motor de gasolina 190F<\/td><\/tr><tr><td>Capacidad<\/td><td>3000kg\/h<\/td><\/tr><tr><td>Peso<\/td><td>100 kilos<\/td><\/tr><tr><td>Modelo<\/td><td>9RSZ-4<\/td><\/tr><tr><td>Fuerza<\/td><td>motor de 4 kw, 8 caballos de fuerza<\/td><\/tr><tr><td>Capacidad<\/td><td>4000kg\/h<\/td><\/tr><tr><td>Peso<\/td><td>170 kilos<\/td><\/tr><tr><td>Tama\u00f1o<\/td><td>2000*600*920mm<\/td><\/tr><tr><td>Modelo<\/td><td>9RSZ-6<\/td><\/tr><tr><td>Fuerza<\/td><td>motor de 7,5 kw, 15 caballos de fuerza<\/td><\/tr><tr><td>Capacidad<\/td><td>6000kg\/hora<\/td><\/tr><tr><td>Peso<\/td><td>230 kilos<\/td><\/tr><tr><td>Tama\u00f1o<\/td><td>2000*700*980mm<\/td><\/tr><\/tbody><\/table><figcaption class=\"wp-element-caption\">Datos t\u00e9cnicos del cortac\u00e9sped<\/figcaption><\/figure>    <h2 class=\"wp-block-heading\">\u00bfC\u00f3mo funciona el cortador de paja?<\/h2>    <figure class=\"wp-block-embed aligncenter is-type-video is-provider-youtube wp-block-embed-youtube wp-embed-aspect-4-3 wp-has-aspect-ratio\"><div class=\"wp-block-embed__wrapper\"> <iframe loading=\"lazy\" title=\"Cortadora de paja\/m\u00e1quina cortadora de c\u00e9sped\/cortadora de heno\/m\u00e1quina cortadora de paja para alimentaci\u00f3n animal.\" width=\"500\" height=\"375\" src=\"https:\/\/www.youtube.com\/embed\/zEIdHhlR2z8?feature=oembed\" frameborder=\"0\" allow=\"accelerometer; autoplay; clipboard-write; encrypted-media; gyroscope; picture-in-picture; web-share\" referrerpolicy=\"strict-origin-when-cross-origin\" allowfullscreen><\/iframe> <\/div><figcaption class=\"wp-element-caption\">Video de trabajo de la m\u00e1quina cortadora de ensilaje.<\/figcaption><\/figure>    <h2 class=\"wp-block-heading\">Principio de funcionamiento de la trituradora de heno para piensos<\/h2>    <p>La gente pone materiales en la entrada. Luego, la cinta transportadora gira para llevar el material al dispositivo de corte. A continuaci\u00f3n, la cuchilla giratoria de alta velocidad se combina con un martillo para cortar, triturar y moler. El movimiento relativo del martillo y la placa dentada amasa el material en fragmentos y filamentos y el ventilador lo expulsa de la m\u00e1quina.<\/p>   <div class=\"wp-block-image\"> <figure class=\"aligncenter size-full\"><img loading=\"lazy\" decoding=\"async\" width=\"720\" height=\"540\" src=\"https:\/\/balerwrapper.com\/wp-content\/uploads\/2022\/11\/grass-chaff-cutter-.webp\" alt=\"cortador de paja de pasto\" class=\"wp-image-397\" title=\"cortador de paja de pasto\"\/><figcaption class=\"wp-element-caption\">cortador de paja de pasto<\/figcaption><\/figure> <\/div>   <h2 class=\"wp-block-heading\">Potencia de la m\u00e1quina trituradora de paja.<\/h2>    <p>Los diferentes modelos de trituradoras de paja tienen diferentes potencias. La picadora de ensilado puede equiparse con tres potencias: un motor el\u00e9ctrico, un motor de gasolina y un motor di\u00e9sel. Los clientes pueden elegir bajo demanda.<\/p>    <figure class=\"wp-block-gallery has-nested-images columns-default is-cropped wp-block-gallery-3 is-layout-flex wp-block-gallery-is-layout-flex\"> <figure class=\"wp-block-image size-large\"><img loading=\"lazy\" decoding=\"async\" width=\"720\" height=\"540\" data-id=\"389\" src=\"https:\/\/balerwrapper.com\/wp-content\/uploads\/2022\/11\/straw-crusher-with-diesel-power-.webp\" alt=\"trituradora de paja con motor diesel\" class=\"wp-image-389\" title=\"trituradora de paja con motor diesel\"\/><figcaption class=\"wp-element-caption\">trituradora de paja con motor diesel<\/figcaption><\/figure>    <figure class=\"wp-block-image size-large\"><img loading=\"lazy\" decoding=\"async\" width=\"720\" height=\"540\" data-id=\"390\" src=\"https:\/\/balerwrapper.com\/wp-content\/uploads\/2022\/11\/silage-chopper-with-gasoline-engine-.webp\" alt=\"picadora de ensilado con motor de gasolina \" class=\"wp-image-390\" title=\"picadora de ensilado con motor de gasolina \"\/><figcaption class=\"wp-element-caption\">picadora de ensilado con motor de gasolina<\/figcaption><\/figure> <\/figure>    <h2 class=\"wp-block-heading\">\u00bfQu\u00e9 tal la estructura del picador de ensilaje?<\/h2>    <p>La m\u00e1quina trituradora de paja incluye principalmente una estructura de alimentaci\u00f3n, un marco, una carcasa, un sistema de amasado de heno, una salida, una fuente de alimentaci\u00f3n y otras partes.<\/p>    <figure class=\"wp-block-gallery has-nested-images columns-default is-cropped wp-block-gallery-4 is-layout-flex wp-block-gallery-is-layout-flex\"> <figure class=\"wp-block-image size-large\"><img loading=\"lazy\" decoding=\"async\" width=\"720\" height=\"540\" data-id=\"391\" src=\"https:\/\/balerwrapper.com\/wp-content\/uploads\/2022\/11\/inner-structuer-of-the-hay-chaff-cutter.webp\" alt=\"Estructura interna del cortador de paja de heno.\" class=\"wp-image-391\" title=\"Estructura interna del cortador de paja de heno.\"\/><figcaption class=\"wp-element-caption\">Estructura interna del cortador de paja de heno.<\/figcaption><\/figure>    <figure class=\"wp-block-image size-large\"><img loading=\"lazy\" decoding=\"async\" width=\"720\" height=\"540\" data-id=\"392\" src=\"https:\/\/balerwrapper.com\/wp-content\/uploads\/2022\/11\/straw-crusher-.webp\" alt=\"trituradora de paja \" class=\"wp-image-392\" title=\"trituradora de paja \"\/><figcaption class=\"wp-element-caption\">trituradora de paja <\/figcaption><\/figure> <\/figure>    <h2 class=\"wp-block-heading\">Ventajas del cortador de paja de heno<\/h2>    <ul class=\"wp-block-list\"> <li>La cortadora de paja de heno es una estructura de acero que funciona de manera estable y es f\u00e1cil de mover.<\/li>    <li>Las cuchillas y los martillos de la m\u00e1quina est\u00e1n hechos de acero resistente al desgaste, procesados \u200b\u200bcon tecnolog\u00eda especial, resistentes al desgaste y tienen una larga vida \u00fatil.<\/li>    <li>El efecto de frotar la pajita es bueno y los materiales se pueden triturar en filamentos.<\/li>    <li>La cortadora de heno tiene un dispositivo de rodillo autom\u00e1tico de alimentaci\u00f3n de pasto, alimentaci\u00f3n autom\u00e1tica, alimentaci\u00f3n de pasto suave y alta eficiencia de producci\u00f3n.<\/li>    <li>La altura del puerto de descarga del cortador de paja se puede ajustar, lo cual es flexible y c\u00f3modo de usar.<\/li> <\/ul>    <figure class=\"wp-block-gallery has-nested-images columns-default is-cropped wp-block-gallery-5 is-layout-flex wp-block-gallery-is-layout-flex\"> <figure class=\"wp-block-image size-large\"><img loading=\"lazy\" decoding=\"async\" width=\"720\" height=\"540\" data-id=\"393\" src=\"https:\/\/balerwrapper.com\/wp-content\/uploads\/2022\/11\/hay-chaff-cutter-.webp\" alt=\"cortador de paja de heno\" class=\"wp-image-393\" title=\"cortador de paja de heno\"\/><figcaption class=\"wp-element-caption\">cortador de paja de heno<\/figcaption><\/figure>    <figure class=\"wp-block-image size-large\"><img loading=\"lazy\" decoding=\"async\" width=\"720\" height=\"540\" data-id=\"394\" src=\"https:\/\/balerwrapper.com\/wp-content\/uploads\/2022\/11\/animal-feed-hay-crusher-.webp\" alt=\"trituradora de heno para alimentaci\u00f3n animal\" class=\"wp-image-394\" title=\"trituradora de heno para alimentaci\u00f3n animal\"\/><figcaption class=\"wp-element-caption\">trituradora de heno para alimentaci\u00f3n animal<\/figcaption><\/figure> <\/figure>    <h2 class=\"wp-block-heading\">Trituradora de paja vendida a Zimbabwe<\/h2>    <p class=\"translation-block\">Esta semana un cliente de <a href=\"https:\/\/en.wikipedia.org\/wiki\/Zimbabwe\" target=\"_blank\" rel=\"noopener\">Zimbabue<\/a> nos compr\u00f3 una picadora de ensilaje 9RSZ-6. El cliente est\u00e1 utilizando la m\u00e1quina por s\u00ed mismo. Posee una f\u00e1brica de cr\u00eda de ovejas. Para procesar el forraje m\u00e1s r\u00e1pido, el cliente desea comprar una cortadora de heno. En el proceso de comunicaci\u00f3n con los clientes, nos enteramos de que los clientes requieren que la m\u00e1quina pueda alcanzar las cinco toneladas por hora. As\u00ed que le recomendamos la m\u00e1quina amasadora de forraje 9RSZ-6. El cliente decide realizar un pedido despu\u00e9s de leer toda la informaci\u00f3n que proporcionamos.<\/p>    <figure class=\"wp-block-gallery has-nested-images columns-default is-cropped wp-block-gallery-6 is-layout-flex wp-block-gallery-is-layout-flex\"> <figure class=\"wp-block-image size-large\"><img loading=\"lazy\" decoding=\"async\" width=\"720\" height=\"540\" data-id=\"395\" src=\"https:\/\/balerwrapper.com\/wp-content\/uploads\/2022\/11\/wooden-case-packing-of-the-hay-cutting-machine-.webp\" alt=\"Embalaje de cajas de madera de la cortadora de heno. \" class=\"wp-image-395\" title=\"Embalaje de cajas de madera de la cortadora de heno. \"\/><figcaption class=\"wp-element-caption\">Embalaje de cajas de madera de la cortadora de heno.<\/figcaption><\/figure>    <figure class=\"wp-block-image size-large\"><img loading=\"lazy\" decoding=\"async\" width=\"720\" height=\"540\" data-id=\"396\" src=\"https:\/\/balerwrapper.com\/wp-content\/uploads\/2022\/11\/shipping-of-the-straw-crusher-machine-.webp\" alt=\"Env\u00edo de la m\u00e1quina trituradora de paja.\" class=\"wp-image-396\" title=\"Env\u00edo de la m\u00e1quina trituradora de paja.\"\/><figcaption class=\"wp-element-caption\">Env\u00edo de la m\u00e1quina trituradora de paja.<\/figcaption><\/figure> <\/figure>    <p class=\"translation-block\">Tenemos muchos otros tipos de m\u00e1quinas picadoras de forraje para elegir, puede consultarlas haciendo clic en: <strong><em><a href=\"https:\/\/balerwrapper.com\/es\/products\/chaff-cutter\/\">https:\/\/balerwrapper.com\/products\/chaff-cutter\/<\/a><\/em><\/strong>. No dude en contactarnos para obtener m\u00e1s im\u00e1genes de las m\u00e1quinas, as\u00ed como informaci\u00f3n detallada.<\/p>","protected":false},"excerpt":{"rendered":"<p>La picadora de ensilaje es una m\u00e1quina que puede triturar varias pajas de plantas. Suele utilizarse en la industria de corte y procesamiento de ensilaje.<\/p>","protected":false},"author":1,"featured_media":399,"parent":0,"template":"","tags":[40,39,35],"product-type":[6],"class_list":["post-383","product","type-product","status-publish","has-post-thumbnail","hentry","tag-grass","tag-hay","tag-silage","product-type-chaff-cutter"],"_links":{"self":[{"href":"https:\/\/balerwrapper.com\/es\/wp-json\/wp\/v2\/product\/383","targetHints":{"allow":["GET"]}}],"collection":[{"href":"https:\/\/balerwrapper.com\/es\/wp-json\/wp\/v2\/product"}],"about":[{"href":"https:\/\/balerwrapper.com\/es\/wp-json\/wp\/v2\/types\/product"}],"author":[{"embeddable":true,"href":"https:\/\/balerwrapper.com\/es\/wp-json\/wp\/v2\/users\/1"}],"wp:featuredmedia":[{"embeddable":true,"href":"https:\/\/balerwrapper.com\/es\/wp-json\/wp\/v2\/media\/399"}],"wp:attachment":[{"href":"https:\/\/balerwrapper.com\/es\/wp-json\/wp\/v2\/media?parent=383"}],"wp:term":[{"taxonomy":"post_tag","embeddable":true,"href":"https:\/\/balerwrapper.com\/es\/wp-json\/wp\/v2\/tags?post=383"},{"taxonomy":"product-type","embeddable":true,"href":"https:\/\/balerwrapper.com\/es\/wp-json\/wp\/v2\/product-type?post=383"}],"curies":[{"name":"wp","href":"https:\/\/api.w.org\/{rel}","templated":true}]}}