{"id":1283,"date":"2026-04-23T16:24:01","date_gmt":"2026-04-23T08:24:01","guid":{"rendered":"https:\/\/balerwrapper.com\/?post_type=product&#038;p=1283"},"modified":"2026-04-23T17:04:13","modified_gmt":"2026-04-23T09:04:13","slug":"forage-hay-baler-wrapper","status":"publish","type":"product","link":"https:\/\/balerwrapper.com\/es\/product\/forage-hay-baler-wrapper\/","title":{"rendered":"9YDB-90 Envoltorio para empacadora de pacas | M\u00e1quina de envoltura para ensilado"},"content":{"rendered":"<div class=\"kk-star-ratings kksr-auto kksr-align-left kksr-valign-top\"     data-payload='{&quot;align&quot;:&quot;left&quot;,&quot;id&quot;:&quot;1283&quot;,&quot;slug&quot;:&quot;default&quot;,&quot;valign&quot;:&quot;top&quot;,&quot;ignore&quot;:&quot;&quot;,&quot;reference&quot;:&quot;auto&quot;,&quot;class&quot;:&quot;&quot;,&quot;count&quot;:&quot;84&quot;,&quot;legendonly&quot;:&quot;&quot;,&quot;readonly&quot;:&quot;&quot;,&quot;score&quot;:&quot;4.6&quot;,&quot;starsonly&quot;:&quot;&quot;,&quot;best&quot;:&quot;5&quot;,&quot;gap&quot;:&quot;5&quot;,&quot;greet&quot;:&quot;Rate this product&quot;,&quot;legend&quot;:&quot;4.6\\\/5 - (84 votos)&quot;,&quot;size&quot;:&quot;24&quot;,&quot;title&quot;:&quot;9YDB-90 Hay Baler Wrapper | Forage Baling Wrapping Machine&quot;,&quot;width&quot;:&quot;130.9&quot;,&quot;_legend&quot;:&quot;{score}\\\/{best} - ({count} {votes})&quot;,&quot;font_factor&quot;:&quot;1.25&quot;}'>              <div class=\"kksr-stars\">      <div class=\"kksr-stars-inactive\">             <div class=\"kksr-star\" data-star=\"1\" style=\"padding-right: 5px\">               <div class=\"kksr-icon\" style=\"width: 24px; height: 24px;\"><\/div>         <\/div>             <div class=\"kksr-star\" data-star=\"2\" style=\"padding-right: 5px\">               <div class=\"kksr-icon\" style=\"width: 24px; height: 24px;\"><\/div>         <\/div>             <div class=\"kksr-star\" data-star=\"3\" style=\"padding-right: 5px\">               <div class=\"kksr-icon\" style=\"width: 24px; height: 24px;\"><\/div>         <\/div>             <div class=\"kksr-star\" data-star=\"4\" style=\"padding-right: 5px\">               <div class=\"kksr-icon\" style=\"width: 24px; height: 24px;\"><\/div>         <\/div>             <div class=\"kksr-star\" data-star=\"5\" style=\"padding-right: 5px\">               <div class=\"kksr-icon\" style=\"width: 24px; height: 24px;\"><\/div>         <\/div>     <\/div>      <div class=\"kksr-stars-active\" style=\"width: 130.9px;\">             <div class=\"kksr-star\" style=\"padding-right: 5px\">               <div class=\"kksr-icon\" style=\"width: 24px; height: 24px;\"><\/div>         <\/div>             <div class=\"kksr-star\" style=\"padding-right: 5px\">               <div class=\"kksr-icon\" style=\"width: 24px; height: 24px;\"><\/div>         <\/div>             <div class=\"kksr-star\" style=\"padding-right: 5px\">               <div class=\"kksr-icon\" style=\"width: 24px; height: 24px;\"><\/div>         <\/div>             <div class=\"kksr-star\" style=\"padding-right: 5px\">               <div class=\"kksr-icon\" style=\"width: 24px; height: 24px;\"><\/div>         <\/div>             <div class=\"kksr-star\" style=\"padding-right: 5px\">               <div class=\"kksr-icon\" style=\"width: 24px; height: 24px;\"><\/div>         <\/div>     <\/div> <\/div>                   <div class=\"kksr-legend\" style=\"font-size: 19.2px;\">             4.6\/5 - (84 votos)    <\/div>     <\/div>  <p>La envolvedora de fardos de heno 9YDB-90 es una m\u00e1quina de alta capacidad dise\u00f1ada espec\u00edficamente para grandes ranchos y proyectos de procesamiento de ensilaje. Combina empacado de alta densidad con envoltura autom\u00e1tica, produciendo fardos grandes de 90\u00d790 cm que pesan entre 300 y 430 kg cada uno.<\/p>    <p>La eficiencia operativa se mantiene constantemente en 55\u201360 fardos por hora, con una capacidad de procesamiento total que supera las 23 toneladas por hora. La m\u00e1quina cuenta con un dise\u00f1o de doble brazo de envoltura y un sistema de compresi\u00f3n de alta resistencia de 28 rodillos, que mejora significativamente la densidad de compactaci\u00f3n y el rendimiento de sellado. Esto extiende efectivamente el per\u00edodo de conservaci\u00f3n del ensilaje y reduce la p\u00e9rdida de nutrientes, siendo un equipo esencial para la producci\u00f3n de ensilaje a gran escala.<\/p>    <figure class=\"wp-block-embed aligncenter is-type-video is-provider-youtube wp-block-embed-youtube wp-embed-aspect-16-9 wp-has-aspect-ratio\"><div class=\"wp-block-embed__wrapper\"> <iframe loading=\"lazy\" title=\"Empaquetadora de ensilaje de 90\u00d790 cm | Soluci\u00f3n de empacado de forraje de alta eficiencia \ud83c\udf3e#silagebaler\" width=\"500\" height=\"281\" src=\"https:\/\/www.youtube.com\/embed\/C4GhlgKXp34?start=3&#038;feature=oembed\" frameborder=\"0\" allow=\"accelerometer; autoplay; clipboard-write; encrypted-media; gyroscope; picture-in-picture; web-share\" referrerpolicy=\"strict-origin-when-cross-origin\" allowfullscreen><\/iframe> <\/div><figcaption class=\"wp-element-caption\">Video de funcionamiento de la m\u00e1quina envolvedora de fardos de forraje de gran escala<\/figcaption><\/figure>    <h2 class=\"wp-block-heading\">Aplicaciones de la envolvedora de fardos de heno<\/h2>    <ul class=\"wp-block-list\"> <li>Procesamiento y almacenamiento centralizado de ensilaje para grandes granjas<\/li>    <li>Empacado y envoltura de alimento para granjas de leche, carne y ovejas<\/li>    <li>Procesamiento a gran escala de tallos de ma\u00edz y cultivos de ensilaje<\/li>    <li>Cosecha, empacado y conservaci\u00f3n por fermentaci\u00f3n de forraje natural<\/li>    <li>Utilizaci\u00f3n de recursos de tallo y proyectos de biomasa<\/li>    <li>Operaciones de producci\u00f3n de ensilaje a gran escala para empresas de procesamiento de alimentos<\/li> <\/ul>    <h2 class=\"wp-block-heading\">Ventajas de la empacadora de ensilaje 9YDB-90<\/h2>    <ul class=\"wp-block-list\"> <li>Dise\u00f1ada para fardos de gran tama\u00f1o, con alta capacidad por fardo, reduciendo costos de transporte y almacenamiento.<\/li>    <li>Sistema de compresi\u00f3n de m\u00faltiples rodillos que mejora significativamente la densidad de la bala y la calidad de fermentaci\u00f3n.<\/li>    <li>El dise\u00f1o de doble brazo de envoltura mejora la eficiencia y garantiza un envoltorio uniforme.<\/li>    <li>Alta capacidad de procesamiento para satisfacer las demandas de operaciones continuas a gran escala.<\/li>    <li>La operaci\u00f3n automatizada reduce los requisitos de mano de obra y minimiza errores operativos.<\/li>    <li>Equipado con un sistema de recuperaci\u00f3n de material para minimizar el desperdicio de materia prima.<\/li> <\/ul>    <figure class=\"wp-block-gallery has-nested-images columns-default is-cropped wp-block-gallery-2 is-layout-flex wp-block-gallery-is-layout-flex\"> <figure class=\"wp-block-image\"><img loading=\"lazy\" decoding=\"async\" width=\"720\" height=\"540\" data-id=\"1291\" src=\"https:\/\/balerwrapper.com\/wp-content\/uploads\/2026\/04\/hay-bale-wrapping-machine.webp\" alt=\"m\u00e1quina de envoltura de fardos de heno\" class=\"wp-image-1291\" srcset=\"https:\/\/balerwrapper.com\/wp-content\/uploads\/2026\/04\/hay-bale-wrapping-machine.webp 720w, https:\/\/balerwrapper.com\/wp-content\/uploads\/2026\/04\/hay-bale-wrapping-machine-300x225.webp 300w, https:\/\/balerwrapper.com\/wp-content\/uploads\/2026\/04\/hay-bale-wrapping-machine-16x12.webp 16w\" sizes=\"auto, (max-width: 720px) 100vw, 720px\" \/><figcaption class=\"wp-element-caption\">m\u00e1quina de envoltura de fardos de heno<\/figcaption><\/figure>    <figure class=\"wp-block-image\"><img loading=\"lazy\" decoding=\"async\" width=\"720\" height=\"540\" data-id=\"1289\" src=\"https:\/\/balerwrapper.com\/wp-content\/uploads\/2026\/04\/forage-hay-baler-wrapper.webp\" alt=\"Forraje envoltura de balas de heno\" class=\"wp-image-1289\" srcset=\"https:\/\/balerwrapper.com\/wp-content\/uploads\/2026\/04\/forage-hay-baler-wrapper.webp 720w, https:\/\/balerwrapper.com\/wp-content\/uploads\/2026\/04\/forage-hay-baler-wrapper-300x225.webp 300w, https:\/\/balerwrapper.com\/wp-content\/uploads\/2026\/04\/forage-hay-baler-wrapper-16x12.webp 16w\" sizes=\"auto, (max-width: 720px) 100vw, 720px\" \/><figcaption class=\"wp-element-caption\">Forraje envoltura de balas de heno<\/figcaption><\/figure> <\/figure>    <h2 class=\"wp-block-heading\">Estructura y principio de funcionamiento de la empacadora de forraje<\/h2>    <p>Durante la operaci\u00f3n, la materia prima entra en la tolva a trav\u00e9s de una entrada de alimentaci\u00f3n ancha y se comprime y moldea gradualmente bajo la acci\u00f3n continua de m\u00faltiples conjuntos de rodillos de compresi\u00f3n.<\/p>    <p>Una vez que el fardo alcanza las dimensiones preestablecidas, el sistema completa autom\u00e1ticamente el proceso de empacado y lo transfiere a la zona de embalaje.<\/p>    <p>Posteriormente, los brazos de envoltura doble giran sincronizados para envolver el fardo con varias capas de pel\u00edcula, formando un fardo de ensilaje sellado, y finalmente lo descargan, completando todo el proceso de operaci\u00f3n continua.<\/p>    <ul class=\"wp-block-list\"> <li>Sistema de alimentaci\u00f3n: dise\u00f1o de tolva de ancho amplio que garantiza un flujo suave del material y mejora la eficiencia general.<\/li>    <li>Sistema de compresi\u00f3n y empacado: compuesto por m\u00faltiples conjuntos de rodillos de compresi\u00f3n y cadenas para lograr una forma de alta densidad.<\/li>    <li>Sistema de embalaje: brazos giratorios dobles que trabajan en conjunto con una pel\u00edcula de ensilaje especializada para garantizar un sello herm\u00e9tico.<\/li>    <li>Sistema de transporte: una estructura de cinta transportadora tipo palet asegura una transferencia suave de los fardos.<\/li>    <li>Sistema de recuperaci\u00f3n: una estructura de rastrillo que recoge autom\u00e1ticamente el material derramado, mejorando la utilizaci\u00f3n del material.<\/li> <\/ul>    <figure class=\"wp-block-gallery has-nested-images columns-default is-cropped wp-block-gallery-3 is-layout-flex wp-block-gallery-is-layout-flex\"> <figure class=\"wp-block-image size-large\"><img loading=\"lazy\" decoding=\"async\" width=\"720\" height=\"540\" data-id=\"1290\" src=\"https:\/\/balerwrapper.com\/wp-content\/uploads\/2026\/04\/round-bale-silage-wrapper.webp\" alt=\"envolvedora de ensilado para fardos redondos\" class=\"wp-image-1290\" srcset=\"https:\/\/balerwrapper.com\/wp-content\/uploads\/2026\/04\/round-bale-silage-wrapper.webp 720w, https:\/\/balerwrapper.com\/wp-content\/uploads\/2026\/04\/round-bale-silage-wrapper-300x225.webp 300w, https:\/\/balerwrapper.com\/wp-content\/uploads\/2026\/04\/round-bale-silage-wrapper-16x12.webp 16w\" sizes=\"auto, (max-width: 720px) 100vw, 720px\" \/><figcaption class=\"wp-element-caption\">envolvedora de ensilado para fardos redondos<\/figcaption><\/figure>    <figure class=\"wp-block-image size-large\"><img loading=\"lazy\" decoding=\"async\" width=\"720\" height=\"540\" data-id=\"1292\" src=\"https:\/\/balerwrapper.com\/wp-content\/uploads\/2026\/04\/agricultural-baler-wrapper.webp\" alt=\"envolvedora de balas agr\u00edcola\" class=\"wp-image-1292\" srcset=\"https:\/\/balerwrapper.com\/wp-content\/uploads\/2026\/04\/agricultural-baler-wrapper.webp 720w, https:\/\/balerwrapper.com\/wp-content\/uploads\/2026\/04\/agricultural-baler-wrapper-300x225.webp 300w, https:\/\/balerwrapper.com\/wp-content\/uploads\/2026\/04\/agricultural-baler-wrapper-16x12.webp 16w\" sizes=\"auto, (max-width: 720px) 100vw, 720px\" \/><figcaption class=\"wp-element-caption\">envolvedora de balas agr\u00edcola<\/figcaption><\/figure> <\/figure>    <h2 class=\"wp-block-heading\">Especificaciones de la envolvedora de fardos de heno 9YDB-90<\/h2>    <figure class=\"wp-block-table is-style-stripes\"><table class=\"has-fixed-layout\"><tbody><tr><td><strong>Art\u00edculo<\/strong><\/td><td><strong>Especificaci\u00f3n<\/strong><\/td><\/tr><tr><td>Modelo<\/td><td>9YDB-90<\/td><\/tr><tr><td>Tama\u00f1o de la paca<\/td><td>90 \u00d7 90 cm<\/td><\/tr><tr><td>Peso del fardo<\/td><td>300\u2013430 kg<\/td><\/tr><tr><td>Producci\u00f3n<\/td><td>55\u201360 fardos\/hora<\/td><\/tr><tr><td>Eficiencia<\/td><td>\u226523 T\/h<\/td><\/tr><tr><td>Fuerza<\/td><td>39 kW<\/td><\/tr><tr><td>Rodillos<\/td><td>\u226528<\/td><\/tr><tr><td>Brazos de envoltura<\/td><td>2<\/td><\/tr><tr><td>Ancho de tolva<\/td><td>\u2265170 cm<\/td><\/tr><tr><td>Entrada de alimentaci\u00f3n<\/td><td>\u2265900 mm<\/td><\/tr><tr><td>Peso de la m\u00e1quina<\/td><td>\u22654200 kg<\/td><\/tr><tr><td>Dimensiones<\/td><td>\u22658100 \u00d7 2400 \u00d7 3100 mm<\/td><\/tr><\/tbody><\/table><figcaption class=\"wp-element-caption\">Par\u00e1metros t\u00e9cnicos de la m\u00e1quina envolvedora de fardos de heno 9YDB-90<\/figcaption><\/figure>    <figure class=\"wp-block-gallery has-nested-images columns-default is-cropped wp-block-gallery-4 is-layout-flex wp-block-gallery-is-layout-flex\"> <figure class=\"wp-block-image size-large\"><img loading=\"lazy\" decoding=\"async\" width=\"720\" height=\"540\" data-id=\"1293\" src=\"https:\/\/balerwrapper.com\/wp-content\/uploads\/2026\/04\/automatic-baler-wrapper.webp\" alt=\"envolvedora autom\u00e1tica de balas\" class=\"wp-image-1293\" srcset=\"https:\/\/balerwrapper.com\/wp-content\/uploads\/2026\/04\/automatic-baler-wrapper.webp 720w, https:\/\/balerwrapper.com\/wp-content\/uploads\/2026\/04\/automatic-baler-wrapper-300x225.webp 300w, https:\/\/balerwrapper.com\/wp-content\/uploads\/2026\/04\/automatic-baler-wrapper-16x12.webp 16w\" sizes=\"auto, (max-width: 720px) 100vw, 720px\" \/><figcaption class=\"wp-element-caption\">envolvedora autom\u00e1tica de balas<\/figcaption><\/figure>    <figure class=\"wp-block-image size-large\"><img loading=\"lazy\" decoding=\"async\" width=\"720\" height=\"540\" data-id=\"1294\" src=\"https:\/\/balerwrapper.com\/wp-content\/uploads\/2026\/04\/round-bale-wrapper-machine.webp\" alt=\"m\u00e1quina envolvedora de fardos redondos\" class=\"wp-image-1294\" srcset=\"https:\/\/balerwrapper.com\/wp-content\/uploads\/2026\/04\/round-bale-wrapper-machine.webp 720w, https:\/\/balerwrapper.com\/wp-content\/uploads\/2026\/04\/round-bale-wrapper-machine-300x225.webp 300w, https:\/\/balerwrapper.com\/wp-content\/uploads\/2026\/04\/round-bale-wrapper-machine-16x12.webp 16w\" sizes=\"auto, (max-width: 720px) 100vw, 720px\" \/><figcaption class=\"wp-element-caption\">m\u00e1quina envolvedora de fardos redondos<\/figcaption><\/figure> <\/figure>    <h2 class=\"wp-block-heading\">M\u00e1s recomendaciones de m\u00e1quinas de empacado de ensilaje<\/h2>    <ul class=\"wp-block-list\"> <li><strong><em><a href=\"https:\/\/balerwrapper.com\/es\/product\/corn-silage-baler-machine\/\">Empacadora y envolvedora de ensilaje 55-52<\/a><\/em><\/strong>: dise\u00f1o compacto, ideal para granjas familiares y operaciones a peque\u00f1a escala.<\/li>    <li><strong><em><a href=\"https:\/\/balerwrapper.com\/es\/product\/silage-baling-and-wrapping-machine\/\">M\u00e1quina de envoltura de fardos de heno Modelo 60<\/a><\/em><\/strong>: excelente relaci\u00f3n calidad-precio, adecuado para ranchos peque\u00f1os y medianos.<\/li>    <li><strong><em><a href=\"https:\/\/balerwrapper.com\/es\/product\/silage-wrapping-machine\/\">Modelo 70 de envolvedora de forraje<\/a><\/em><\/strong>: combina eficiencia y flexibilidad, adecuado para granjas de ganado de tama\u00f1o medio.<\/li> <\/ul>    <h2 class=\"wp-block-heading\">\u00bfC\u00f3mo elegir la m\u00e1quina adecuada?<\/h2>    <p>Al seleccionar una envolvedora de fardos de ensilaje, debes elegir un modelo que se adapte mejor al tama\u00f1o de tu rancho, capacidad de procesamiento diaria y m\u00e9todos de almacenamiento.<\/p>    <p>Las peque\u00f1as granjas pueden querer priorizar equipos de menor tama\u00f1o para reducir los costos iniciales de inversi\u00f3n. Para grandes ranchos o proyectos de procesamiento de ensilaje, recomendamos modelos de alta capacidad para lograr mayor eficiencia y menores costos de producci\u00f3n por unidad.<\/p>    <h2 class=\"wp-block-heading\">Cont\u00e1ctenos<\/h2>    <p>Si buscas una soluci\u00f3n de ensilaje de alta eficiencia, alta capacidad y confiable, la envolvedora de fardos de heno 9YDB-90 es sin duda la opci\u00f3n ideal. Tambi\u00e9n ofrecemos una amplia gama de modelos de equipos y soluciones integrales de producci\u00f3n de ensilaje.<\/p>    <p>No dudes en contactarnos en cualquier momento para obtener informaci\u00f3n detallada y una cotizaci\u00f3n, para que podamos ayudar a tu rancho a lograr un desarrollo eficiente e inteligente.<\/p>","protected":false},"excerpt":{"rendered":"<p>La envolvedora de fardos de heno 9YDB-90 es capaz de realizar empacado de alta densidad y envolver autom\u00e1ticamente con doble brazo. Es adecuada para la producci\u00f3n y almacenamiento de ensilaje en grandes ranchos.<\/p>","protected":false},"author":1,"featured_media":1296,"parent":0,"template":"","tags":[45,39,35],"product-type":[7],"class_list":["post-1283","product","type-product","status-publish","has-post-thumbnail","hentry","tag-forage","tag-hay","tag-silage","product-type-silage-baler"],"_links":{"self":[{"href":"https:\/\/balerwrapper.com\/es\/wp-json\/wp\/v2\/product\/1283","targetHints":{"allow":["GET"]}}],"collection":[{"href":"https:\/\/balerwrapper.com\/es\/wp-json\/wp\/v2\/product"}],"about":[{"href":"https:\/\/balerwrapper.com\/es\/wp-json\/wp\/v2\/types\/product"}],"author":[{"embeddable":true,"href":"https:\/\/balerwrapper.com\/es\/wp-json\/wp\/v2\/users\/1"}],"wp:featuredmedia":[{"embeddable":true,"href":"https:\/\/balerwrapper.com\/es\/wp-json\/wp\/v2\/media\/1296"}],"wp:attachment":[{"href":"https:\/\/balerwrapper.com\/es\/wp-json\/wp\/v2\/media?parent=1283"}],"wp:term":[{"taxonomy":"post_tag","embeddable":true,"href":"https:\/\/balerwrapper.com\/es\/wp-json\/wp\/v2\/tags?post=1283"},{"taxonomy":"product-type","embeddable":true,"href":"https:\/\/balerwrapper.com\/es\/wp-json\/wp\/v2\/product-type?post=1283"}],"curies":[{"name":"wp","href":"https:\/\/api.w.org\/{rel}","templated":true}]}}