{"id":1226,"date":"2026-04-13T15:51:01","date_gmt":"2026-04-13T07:51:01","guid":{"rendered":"https:\/\/balerwrapper.com\/?post_type=product&#038;p=1226"},"modified":"2026-04-13T15:51:02","modified_gmt":"2026-04-13T07:51:02","slug":"dual-film-wrapping-silage-baler","status":"publish","type":"product","link":"https:\/\/balerwrapper.com\/es\/product\/dual-film-wrapping-silage-baler\/","title":{"rendered":"M\u00e1quina de empacado de ensilado con doble pel\u00edcula 9YDB-60-2"},"content":{"rendered":"<div class=\"kk-star-ratings kksr-auto kksr-align-left kksr-valign-top\"     data-payload='{&quot;align&quot;:&quot;left&quot;,&quot;id&quot;:&quot;1226&quot;,&quot;slug&quot;:&quot;default&quot;,&quot;valign&quot;:&quot;top&quot;,&quot;ignore&quot;:&quot;&quot;,&quot;reference&quot;:&quot;auto&quot;,&quot;class&quot;:&quot;&quot;,&quot;count&quot;:&quot;79&quot;,&quot;legendonly&quot;:&quot;&quot;,&quot;readonly&quot;:&quot;&quot;,&quot;score&quot;:&quot;4.7&quot;,&quot;starsonly&quot;:&quot;&quot;,&quot;best&quot;:&quot;5&quot;,&quot;gap&quot;:&quot;5&quot;,&quot;greet&quot;:&quot;Rate this product&quot;,&quot;legend&quot;:&quot;4.7\\\/5 - (79 votos)&quot;,&quot;size&quot;:&quot;24&quot;,&quot;title&quot;:&quot;9YDB-60-2 Dual Film Wrapping Silage Baler Machine&quot;,&quot;width&quot;:&quot;133.8&quot;,&quot;_legend&quot;:&quot;{score}\\\/{best} - ({count} {votes})&quot;,&quot;font_factor&quot;:&quot;1.25&quot;}'>              <div class=\"kksr-stars\">      <div class=\"kksr-stars-inactive\">             <div class=\"kksr-star\" data-star=\"1\" style=\"padding-right: 5px\">               <div class=\"kksr-icon\" style=\"width: 24px; height: 24px;\"><\/div>         <\/div>             <div class=\"kksr-star\" data-star=\"2\" style=\"padding-right: 5px\">               <div class=\"kksr-icon\" style=\"width: 24px; height: 24px;\"><\/div>         <\/div>             <div class=\"kksr-star\" data-star=\"3\" style=\"padding-right: 5px\">               <div class=\"kksr-icon\" style=\"width: 24px; height: 24px;\"><\/div>         <\/div>             <div class=\"kksr-star\" data-star=\"4\" style=\"padding-right: 5px\">               <div class=\"kksr-icon\" style=\"width: 24px; height: 24px;\"><\/div>         <\/div>             <div class=\"kksr-star\" data-star=\"5\" style=\"padding-right: 5px\">               <div class=\"kksr-icon\" style=\"width: 24px; height: 24px;\"><\/div>         <\/div>     <\/div>      <div class=\"kksr-stars-active\" style=\"width: 133.8px;\">             <div class=\"kksr-star\" style=\"padding-right: 5px\">               <div class=\"kksr-icon\" style=\"width: 24px; height: 24px;\"><\/div>         <\/div>             <div class=\"kksr-star\" style=\"padding-right: 5px\">               <div class=\"kksr-icon\" style=\"width: 24px; height: 24px;\"><\/div>         <\/div>             <div class=\"kksr-star\" style=\"padding-right: 5px\">               <div class=\"kksr-icon\" style=\"width: 24px; height: 24px;\"><\/div>         <\/div>             <div class=\"kksr-star\" style=\"padding-right: 5px\">               <div class=\"kksr-icon\" style=\"width: 24px; height: 24px;\"><\/div>         <\/div>             <div class=\"kksr-star\" style=\"padding-right: 5px\">               <div class=\"kksr-icon\" style=\"width: 24px; height: 24px;\"><\/div>         <\/div>     <\/div> <\/div>                   <div class=\"kksr-legend\" style=\"font-size: 19.2px;\">             4.7\/5 - (79 votos)    <\/div>     <\/div>  <p>La empacadora de ensilado con doble pel\u00edcula 9YDB-60-2 combina el empacado autom\u00e1tico con el envoltorio de doble capa, lo que la hace ideal para grandes granjas de ganado y centros de procesamiento de alimentos. <\/p>    <p>Equipado con un sistema de control inteligente PLC, la m\u00e1quina permite un arranque con un toque y operaci\u00f3n totalmente autom\u00e1tica. Combinado con un mecanismo de alimentaci\u00f3n de doble cilindro y un sistema de cinta transportadora extendido de 2.5 metros, garantiza una operaci\u00f3n continua y estable.<\/p>    <p>La m\u00e1quina produce fardos de \u03a6550 \u00d7 550 mm, que pesan entre 80 y 120 kg, con una capacidad de producci\u00f3n de 60\u201385 fardos por hora. La estructura de doble pel\u00edcula mejora significativamente el sellado y la conservaci\u00f3n, reduciendo el desperdicio de pel\u00edcula, siendo el equipo ideal para mejorar la calidad y eficiencia del ensilado.<\/p>    <figure class=\"wp-block-embed aligncenter is-type-video is-provider-youtube wp-block-embed-youtube wp-embed-aspect-16-9 wp-has-aspect-ratio\"><div class=\"wp-block-embed__wrapper\"> <iframe loading=\"lazy\" title=\"Double Film Silage Baler Wrapper | High Efficiency &amp; Superior Preservation#silage #silagebaler\" width=\"500\" height=\"281\" src=\"https:\/\/www.youtube.com\/embed\/4wvF_aae8Tk?feature=oembed\" frameborder=\"0\" allow=\"accelerometer; autoplay; clipboard-write; encrypted-media; gyroscope; picture-in-picture; web-share\" referrerpolicy=\"strict-origin-when-cross-origin\" allowfullscreen><\/iframe> <\/div><figcaption class=\"wp-element-caption\">Video de trabajo de la empacadora de ensilado con doble pel\u00edcula<\/figcaption><\/figure>    <h2 class=\"wp-block-heading\">Ventajas del empacado de ensilado con doble pel\u00edcula<\/h2>    <ul class=\"wp-block-list\"> <li>Sistema de control PLC totalmente autom\u00e1tico: el arranque con un toque reduce la mano de obra manual.<\/li>    <li>Mecanismo de alimentaci\u00f3n de doble cilindro: asegura un transporte de material estable y uniforme, mejorando la calidad de la formaci\u00f3n del fardo.<\/li>    <li>Dise\u00f1o de doble pel\u00edcula: mejora la efectividad del sellado mientras reduce el desperdicio de pel\u00edcula.<\/li>    <li>Sistema de empacado de alta densidad: la estructura de la cinta proporciona una compresi\u00f3n m\u00e1s apretada que los sistemas tradicionales de rodillos, resultando en mejor conservaci\u00f3n de la frescura.<\/li>    <li>Estructura de recuperaci\u00f3n a prueba de fugas: previene eficazmente el derrame de material y mantiene limpio el entorno de trabajo.<\/li>    <li>Sistema de transmisi\u00f3n de larga duraci\u00f3n: la estructura de la cinta transportadora prolonga la vida \u00fatil de los componentes clave.<\/li>    <li>Configuraci\u00f3n de rodamientos de alta calidad: cuenta con rodamientos Swiss 6207 y rodamientos Harbin 6206 para una operaci\u00f3n estable y resistencia al desgaste.<\/li> <\/ul>    <figure class=\"wp-block-gallery has-nested-images columns-default is-cropped wp-block-gallery-2 is-layout-flex wp-block-gallery-is-layout-flex\"> <figure class=\"wp-block-image size-large\"><img loading=\"lazy\" decoding=\"async\" width=\"720\" height=\"540\" data-id=\"1230\" src=\"https:\/\/balerwrapper.com\/wp-content\/uploads\/2026\/04\/dual-film-wrapping-silage-baler.webp\" alt=\"empacadora de ensilado con doble pel\u00edcula\" class=\"wp-image-1230\" srcset=\"https:\/\/balerwrapper.com\/wp-content\/uploads\/2026\/04\/dual-film-wrapping-silage-baler.webp 720w, https:\/\/balerwrapper.com\/wp-content\/uploads\/2026\/04\/dual-film-wrapping-silage-baler-300x225.webp 300w, https:\/\/balerwrapper.com\/wp-content\/uploads\/2026\/04\/dual-film-wrapping-silage-baler-16x12.webp 16w\" sizes=\"auto, (max-width: 720px) 100vw, 720px\" \/><figcaption class=\"wp-element-caption\">empacadora de ensilado con doble pel\u00edcula<\/figcaption><\/figure>    <figure class=\"wp-block-image size-large\"><img loading=\"lazy\" decoding=\"async\" width=\"720\" height=\"540\" data-id=\"1231\" src=\"https:\/\/balerwrapper.com\/wp-content\/uploads\/2026\/04\/forage-bale-wrapping-machine.webp\" alt=\"envolvedora de balas de forraje\" class=\"wp-image-1231\" srcset=\"https:\/\/balerwrapper.com\/wp-content\/uploads\/2026\/04\/forage-bale-wrapping-machine.webp 720w, https:\/\/balerwrapper.com\/wp-content\/uploads\/2026\/04\/forage-bale-wrapping-machine-300x225.webp 300w, https:\/\/balerwrapper.com\/wp-content\/uploads\/2026\/04\/forage-bale-wrapping-machine-16x12.webp 16w\" sizes=\"auto, (max-width: 720px) 100vw, 720px\" \/><figcaption class=\"wp-element-caption\">envolvedora de balas de forraje<\/figcaption><\/figure> <\/figure>    <h2 class=\"wp-block-heading\">Aplicaciones del empacador de ensilado con doble pel\u00edcula 9YDB-60-2<\/h2>    <p>Esta empacadora de ensilado con doble pel\u00edcula se usa ampliamente para empacar y sellar tallos de ma\u00edz, hierba forrajera, paja de arroz, paja de trigo y varios tipos de ensilado.<\/p>    <p>Es adecuado para su uso en grandes granjas de ganado, granjas lecheras, granjas de carne de res, plantas de procesamiento de alimentos y instalaciones de fermentaci\u00f3n de biomasa. Cumple con los requisitos para almacenamiento de alta densidad y conservaci\u00f3n mediante fermentaci\u00f3n a largo plazo.<\/p>    <h2 class=\"wp-block-heading\">\u00bfC\u00f3mo funciona esta empacadora de forraje?<\/h2>    <div class=\"wp-block-media-text is-stacked-on-mobile\"><figure class=\"wp-block-media-text__media\"><img loading=\"lazy\" decoding=\"async\" width=\"720\" height=\"540\" src=\"https:\/\/balerwrapper.com\/wp-content\/uploads\/2026\/04\/dual-film-wrapping-silage-baler-structure.webp\" alt=\"La empacadora de ensilado con doble pel\u00edcula 9YDB-60-2 cuenta con control totalmente autom\u00e1tico basado en PLC, permitiendo un empacado y sellado de alta densidad con una capacidad de producci\u00f3n de 60\u201385 fardos por hora.\" class=\"wp-image-1232 size-full\" srcset=\"https:\/\/balerwrapper.com\/wp-content\/uploads\/2026\/04\/dual-film-wrapping-silage-baler-structure.webp 720w, https:\/\/balerwrapper.com\/wp-content\/uploads\/2026\/04\/dual-film-wrapping-silage-baler-structure-300x225.webp 300w, https:\/\/balerwrapper.com\/wp-content\/uploads\/2026\/04\/dual-film-wrapping-silage-baler-structure-16x12.webp 16w\" sizes=\"auto, (max-width: 720px) 100vw, 720px\" \/><\/figure><div class=\"wp-block-media-text__content\"> <ol class=\"wp-block-list\"> <li>La materia prima entra en el sistema de compresi\u00f3n a trav\u00e9s de una cinta transportadora, donde se distribuye y comprime de manera uniforme mediante un mecanismo de doble cilindro para formar fardos est\u00e1ndar (\u03a6550\u00d7550 mm).<\/li>    <li>Luego, los fardos ingresan al sistema de envoltura, donde un dispositivo autom\u00e1tico de alimentaci\u00f3n de pel\u00edcula aplica una doble capa de film para crear un paquete sellado.<\/li>    <li>Finalmente, el producto terminado se descarga mediante una cinta transportadora de cadena, permitiendo un proceso de producci\u00f3n continuo.<\/li> <\/ol> <\/div><\/div>    <h2 class=\"wp-block-heading\">Especificaciones de la empacadora de ensilado con doble pel\u00edcula<\/h2>    <figure class=\"wp-block-table is-style-stripes\"><table class=\"has-fixed-layout\"><tbody><tr><td><strong>Art\u00edculo<\/strong><\/td><td><strong>Especificaci\u00f3n<\/strong><\/td><td><strong>Art\u00edculo<\/strong><\/td><td><strong>Especificaci\u00f3n<\/strong><\/td><\/tr><tr><td>Modelo<\/td><td>9YDB-60-2<\/td><td>Tama\u00f1o de la paca<\/td><td>\u03a6550 \u00d7 550 mm<\/td><\/tr><tr><td>Peso del fardo<\/td><td>80\u2013120 kg<\/td><td>Fuente de alimentaci\u00f3n<\/td><td>7.5\u20136 kW<\/td><\/tr><tr><td>Velocidad nominal<\/td><td>350 r\/min<\/td><td>Motor del compresor de aire<\/td><td>3 kW<\/td><\/tr><tr><td>M\u00e9todo de empacado<\/td><td>Autom\u00e1tico<\/td><td>Volumen de la bomba de aire<\/td><td>30 L<\/td><\/tr><tr><td>Cantidad de rodillos<\/td><td>14 piezas<\/td><td>Motor de envoltura<\/td><td>0.75 kW<\/td><\/tr><tr><td>Capas de pel\u00edcula<\/td><td>2 capas<\/td><td>Motor de brazo oscilante<\/td><td>0.37 kW<\/td><\/tr><tr><td>Tama\u00f1o de la cinta transportadora<\/td><td>2500 \u00d7 63 mm<\/td><td>Grosor de la pared<\/td><td>8 mm<\/td><\/tr><tr><td>Sistema de control<\/td><td>Pantalla t\u00e1ctil PLC<\/td><td>Tipo de envoltura<\/td><td>Autom\u00e1tico<\/td><\/tr><tr><td>Tipo de rodamiento<\/td><td>6207 Swiss \/ 6206 HRB<\/td><td>Tama\u00f1o de la m\u00e1quina<\/td><td>7.4 \u00d7 1.8 \u00d7 2.45 m<\/td><\/tr><tr><td>Capacidad<\/td><td>60\u201385 fardos\/hora<\/td><td>Peso total<\/td><td>1700 kg<\/td><\/tr><tr><td>Modelo de cadena<\/td><td>Hangzhou 12A<\/td><td>Motor de alimentaci\u00f3n<\/td><td>2.2 kW<\/td><\/tr><tr><td>Ancho de pel\u00edcula<\/td><td>600 mm<\/td><td>Pel\u00edcula de ensilado<\/td><td>1800 m \u00d7 250 mm \u00d7 25 \u03bcm<\/td><\/tr><tr><td>Neum\u00e1ticos<\/td><td>Rodamiento doble 206<\/td><td>Cinta del tolva<\/td><td>2340   2590 mm<\/td><\/tr><\/tbody><\/table><figcaption class=\"wp-element-caption\">Par\u00e1metros t\u00e9cnicos de la empacadora de ensilado con doble pel\u00edcula<\/figcaption><\/figure>    <figure class=\"wp-block-gallery has-nested-images columns-default is-cropped wp-block-gallery-3 is-layout-flex wp-block-gallery-is-layout-flex\"> <figure class=\"wp-block-image size-large\"><img loading=\"lazy\" decoding=\"async\" width=\"720\" height=\"540\" data-id=\"1233\" src=\"https:\/\/balerwrapper.com\/wp-content\/uploads\/2026\/04\/forage-baler-wrapper-machine.webp\" alt=\"empacadora y envolvedora de forraje\" class=\"wp-image-1233\" srcset=\"https:\/\/balerwrapper.com\/wp-content\/uploads\/2026\/04\/forage-baler-wrapper-machine.webp 720w, https:\/\/balerwrapper.com\/wp-content\/uploads\/2026\/04\/forage-baler-wrapper-machine-300x225.webp 300w, https:\/\/balerwrapper.com\/wp-content\/uploads\/2026\/04\/forage-baler-wrapper-machine-16x12.webp 16w\" sizes=\"auto, (max-width: 720px) 100vw, 720px\" \/><figcaption class=\"wp-element-caption\">empacadora y envolvedora de forraje<\/figcaption><\/figure>    <figure class=\"wp-block-image size-large\"><img loading=\"lazy\" decoding=\"async\" width=\"720\" height=\"540\" data-id=\"1234\" src=\"https:\/\/balerwrapper.com\/wp-content\/uploads\/2026\/04\/silage-round-bale-wrapper.webp\" alt=\"encintadora de pacas redondas de ensilaje\" class=\"wp-image-1234\" srcset=\"https:\/\/balerwrapper.com\/wp-content\/uploads\/2026\/04\/silage-round-bale-wrapper.webp 720w, https:\/\/balerwrapper.com\/wp-content\/uploads\/2026\/04\/silage-round-bale-wrapper-300x225.webp 300w, https:\/\/balerwrapper.com\/wp-content\/uploads\/2026\/04\/silage-round-bale-wrapper-16x12.webp 16w\" sizes=\"auto, (max-width: 720px) 100vw, 720px\" \/><figcaption class=\"wp-element-caption\">encintadora de pacas redondas de ensilaje<\/figcaption><\/figure> <\/figure>    <h2 class=\"wp-block-heading\">\u00bfPor qu\u00e9 elegirnos?<\/h2>    <p>Nos especializamos en la investigaci\u00f3n, desarrollo y fabricaci\u00f3n de equipos de ensilado. Nuestras m\u00e1quinas cuentan con componentes industriales de alto est\u00e1ndar y un dise\u00f1o modular para garantizar una operaci\u00f3n estable y a largo plazo.<\/p>    <p>Los componentes principales est\u00e1n construidos con materiales altamente resistentes al desgaste y equipados con sistemas de rodamientos de primera calidad. Tambi\u00e9n ofrecemos opciones de personalizaci\u00f3n y soluciones de integraci\u00f3n en la l\u00ednea de producci\u00f3n.<\/p>    <p>Adem\u00e1s, ofrecemos un servicio postventa integral y soporte de piezas de repuesto para ayudar a los clientes a reducir los costos operativos y mejorar la eficiencia de producci\u00f3n.<\/p>    <h2 class=\"wp-block-heading\">\u00bfC\u00f3mo elegir una empacadora de ensilado adecuada?<\/h2>    <p>Al seleccionar el equipo, debe basarse en la escala de operaci\u00f3n, capacidad de procesamiento diaria y requisitos de almacenamiento de ensilado.<\/p>    <p>Para operaciones m\u00e1s peque\u00f1as, los modelos b\u00e1sicos son adecuados; para granjas de tama\u00f1o medio a grande, recomendamos la serie 60 o modelos de doble envoltura de alta eficiencia para garantizar una operaci\u00f3n continua y mayor rendimiento.<\/p>    <p>Adem\u00e1s, se deben tener en cuenta factores como el espacio disponible, la fuente de alimentaci\u00f3n el\u00e9ctrica y los m\u00e9todos de almacenamiento.<\/p>    <figure class=\"wp-block-gallery has-nested-images columns-default is-cropped wp-block-gallery-4 is-layout-flex wp-block-gallery-is-layout-flex\"> <figure class=\"wp-block-image size-large\"><img loading=\"lazy\" decoding=\"async\" width=\"720\" height=\"540\" data-id=\"1235\" src=\"https:\/\/balerwrapper.com\/wp-content\/uploads\/2026\/04\/silage-bale-packaging-machine.webp\" alt=\"empaquetadora de balas de ensilaje\" class=\"wp-image-1235\" srcset=\"https:\/\/balerwrapper.com\/wp-content\/uploads\/2026\/04\/silage-bale-packaging-machine.webp 720w, https:\/\/balerwrapper.com\/wp-content\/uploads\/2026\/04\/silage-bale-packaging-machine-300x225.webp 300w, https:\/\/balerwrapper.com\/wp-content\/uploads\/2026\/04\/silage-bale-packaging-machine-16x12.webp 16w\" sizes=\"auto, (max-width: 720px) 100vw, 720px\" \/><figcaption class=\"wp-element-caption\">empaquetadora de balas de ensilaje<\/figcaption><\/figure>    <figure class=\"wp-block-image size-large\"><img loading=\"lazy\" decoding=\"async\" width=\"720\" height=\"540\" data-id=\"1236\" src=\"https:\/\/balerwrapper.com\/wp-content\/uploads\/2026\/04\/silage-forage-bale-production.webp\" alt=\"producci\u00f3n de fardos de forraje de ensilado\" class=\"wp-image-1236\" srcset=\"https:\/\/balerwrapper.com\/wp-content\/uploads\/2026\/04\/silage-forage-bale-production.webp 720w, https:\/\/balerwrapper.com\/wp-content\/uploads\/2026\/04\/silage-forage-bale-production-300x225.webp 300w, https:\/\/balerwrapper.com\/wp-content\/uploads\/2026\/04\/silage-forage-bale-production-16x12.webp 16w\" sizes=\"auto, (max-width: 720px) 100vw, 720px\" \/><figcaption class=\"wp-element-caption\">producci\u00f3n de fardos de forraje de ensilado<\/figcaption><\/figure> <\/figure>    <h2 class=\"wp-block-heading\">Conclusi\u00f3n<\/h2>    <p>Si busca una soluci\u00f3n de ensilado que ofrezca alta eficiencia, excelente sellado y operaci\u00f3n confiable, la empacadora de ensilado con doble pel\u00edcula 9YDB-60-2 es la opci\u00f3n ideal.<\/p>    <p class=\"translation-block\">Tambi\u00e9n ofrecemos una variedad de modelos, como el <strong><em><a href=\"https:\/\/balerwrapper.com\/es\/product\/corn-silage-baler-machine\/\">empacadora de forraje con doble pel\u00edcula 55-52<\/a><\/em><\/strong> y el modelo est\u00e1ndar <strong><em><a href=\"https:\/\/balerwrapper.com\/es\/product\/silage-baling-and-wrapping-machine\/\">m\u00e1quina empacadora de ensilado de la serie 60<\/a><\/em><\/strong>, que pueden configurarse de manera flexible para satisfacer sus necesidades espec\u00edficas de producci\u00f3n.<\/p>    <p>No dude en contactarnos en cualquier momento para soluciones detalladas y cotizaciones, para que podamos ayudar a hacer su producci\u00f3n de ensilado m\u00e1s eficiente y estable.<\/p>","protected":false},"excerpt":{"rendered":"<p>La m\u00e1quina empacadora de ensilaje de doble pel\u00edcula 9YDB-60-2 cuenta con control totalmente autom\u00e1tico basado en PLC, permitiendo un empacado y sellado de alta densidad con una capacidad de producci\u00f3n de 60 a 85 pacas por hora.<\/p>","protected":false},"author":1,"featured_media":1237,"parent":0,"template":"","tags":[45,35],"product-type":[7],"class_list":["post-1226","product","type-product","status-publish","has-post-thumbnail","hentry","tag-forage","tag-silage","product-type-silage-baler"],"_links":{"self":[{"href":"https:\/\/balerwrapper.com\/es\/wp-json\/wp\/v2\/product\/1226","targetHints":{"allow":["GET"]}}],"collection":[{"href":"https:\/\/balerwrapper.com\/es\/wp-json\/wp\/v2\/product"}],"about":[{"href":"https:\/\/balerwrapper.com\/es\/wp-json\/wp\/v2\/types\/product"}],"author":[{"embeddable":true,"href":"https:\/\/balerwrapper.com\/es\/wp-json\/wp\/v2\/users\/1"}],"wp:featuredmedia":[{"embeddable":true,"href":"https:\/\/balerwrapper.com\/es\/wp-json\/wp\/v2\/media\/1237"}],"wp:attachment":[{"href":"https:\/\/balerwrapper.com\/es\/wp-json\/wp\/v2\/media?parent=1226"}],"wp:term":[{"taxonomy":"post_tag","embeddable":true,"href":"https:\/\/balerwrapper.com\/es\/wp-json\/wp\/v2\/tags?post=1226"},{"taxonomy":"product-type","embeddable":true,"href":"https:\/\/balerwrapper.com\/es\/wp-json\/wp\/v2\/product-type?post=1226"}],"curies":[{"name":"wp","href":"https:\/\/api.w.org\/{rel}","templated":true}]}}