{"id":1217,"date":"2026-04-07T16:56:29","date_gmt":"2026-04-07T08:56:29","guid":{"rendered":"https:\/\/balerwrapper.com\/?post_type=product&#038;p=1217"},"modified":"2026-04-07T16:56:30","modified_gmt":"2026-04-07T08:56:30","slug":"manure-cleaning-machine","status":"publish","type":"product","link":"https:\/\/balerwrapper.com\/es\/product\/manure-cleaning-machine\/","title":{"rendered":"M\u00e1quina de limpieza de esti\u00e9rcol en granja | Raspar de vaca autom\u00e1tico"},"content":{"rendered":"<div class=\"kk-star-ratings kksr-auto kksr-align-left kksr-valign-top\"     data-payload='{&quot;align&quot;:&quot;left&quot;,&quot;id&quot;:&quot;1217&quot;,&quot;slug&quot;:&quot;default&quot;,&quot;valign&quot;:&quot;top&quot;,&quot;ignore&quot;:&quot;&quot;,&quot;reference&quot;:&quot;auto&quot;,&quot;class&quot;:&quot;&quot;,&quot;count&quot;:&quot;82&quot;,&quot;legendonly&quot;:&quot;&quot;,&quot;readonly&quot;:&quot;&quot;,&quot;score&quot;:&quot;4.8&quot;,&quot;starsonly&quot;:&quot;&quot;,&quot;best&quot;:&quot;5&quot;,&quot;gap&quot;:&quot;5&quot;,&quot;greet&quot;:&quot;Rate this product&quot;,&quot;legend&quot;:&quot;4.8\\\/5 - (82 votos)&quot;,&quot;size&quot;:&quot;24&quot;,&quot;title&quot;:&quot;Farm Manure Cleaning Machine | Automatic Cow Dung Scraper&quot;,&quot;width&quot;:&quot;136.7&quot;,&quot;_legend&quot;:&quot;{score}\\\/{best} - ({count} {votes})&quot;,&quot;font_factor&quot;:&quot;1.25&quot;}'>              <div class=\"kksr-stars\">      <div class=\"kksr-stars-inactive\">             <div class=\"kksr-star\" data-star=\"1\" style=\"padding-right: 5px\">               <div class=\"kksr-icon\" style=\"width: 24px; height: 24px;\"><\/div>         <\/div>             <div class=\"kksr-star\" data-star=\"2\" style=\"padding-right: 5px\">               <div class=\"kksr-icon\" style=\"width: 24px; height: 24px;\"><\/div>         <\/div>             <div class=\"kksr-star\" data-star=\"3\" style=\"padding-right: 5px\">               <div class=\"kksr-icon\" style=\"width: 24px; height: 24px;\"><\/div>         <\/div>             <div class=\"kksr-star\" data-star=\"4\" style=\"padding-right: 5px\">               <div class=\"kksr-icon\" style=\"width: 24px; height: 24px;\"><\/div>         <\/div>             <div class=\"kksr-star\" data-star=\"5\" style=\"padding-right: 5px\">               <div class=\"kksr-icon\" style=\"width: 24px; height: 24px;\"><\/div>         <\/div>     <\/div>      <div class=\"kksr-stars-active\" style=\"width: 136.7px;\">             <div class=\"kksr-star\" style=\"padding-right: 5px\">               <div class=\"kksr-icon\" style=\"width: 24px; height: 24px;\"><\/div>         <\/div>             <div class=\"kksr-star\" style=\"padding-right: 5px\">               <div class=\"kksr-icon\" style=\"width: 24px; height: 24px;\"><\/div>         <\/div>             <div class=\"kksr-star\" style=\"padding-right: 5px\">               <div class=\"kksr-icon\" style=\"width: 24px; height: 24px;\"><\/div>         <\/div>             <div class=\"kksr-star\" style=\"padding-right: 5px\">               <div class=\"kksr-icon\" style=\"width: 24px; height: 24px;\"><\/div>         <\/div>             <div class=\"kksr-star\" style=\"padding-right: 5px\">               <div class=\"kksr-icon\" style=\"width: 24px; height: 24px;\"><\/div>         <\/div>     <\/div> <\/div>                   <div class=\"kksr-legend\" style=\"font-size: 19.2px;\">             4.8\/5 - (82 votos)    <\/div>     <\/div>  <p>La m\u00e1quina de limpieza de esti\u00e9rcol est\u00e1 dise\u00f1ada espec\u00edficamente para granjas modernas, incluyendo grandes explotaciones lecheras, ganader\u00edas y granjas de ovejas. Utiliza un proceso totalmente automatizado con mezcla y recolecci\u00f3n de tornillo montados en la parte frontal, transporte con cadena raspar y vuelco hidr\u00e1ulico en la parte trasera para descargar. Cada cami\u00f3n completa el proceso en solo 3\u20138 minutos con una eficiencia de limpieza \u226599%, capaz de limpiar esti\u00e9rcol de una granja lechera de 1,000 vacas en aproximadamente 2 horas.<\/p>    <p>El dise\u00f1o del raspar frontal y el transportador de cadena aseguran una recolecci\u00f3n exhaustiva del esti\u00e9rcol, reduciendo el trabajo manual y mejorando la higiene en la granja. Tambi\u00e9n minimiza las emisiones de amon\u00edaco y el crecimiento bacteriano, mejorando la salud del ganado y proporcionando una soluci\u00f3n de gesti\u00f3n de esti\u00e9rcol eficiente, econ\u00f3mica y que ahorra energ\u00eda para operaciones ganaderas modernas.<\/p>    <figure class=\"wp-block-embed aligncenter is-type-video is-provider-youtube wp-block-embed-youtube wp-embed-aspect-16-9 wp-has-aspect-ratio\"><div class=\"wp-block-embed__wrapper\"> <iframe loading=\"lazy\" title=\"Efficient Cow &amp; Sheep Manure Cleaning Machine | Smart Farm Cleaning Equipment \ud83d\ude9c\ud83d\udc04#cleaner\" width=\"500\" height=\"281\" src=\"https:\/\/www.youtube.com\/embed\/Np55Evcl7-o?feature=oembed\" frameborder=\"0\" allow=\"accelerometer; autoplay; clipboard-write; encrypted-media; gyroscope; picture-in-picture; web-share\" referrerpolicy=\"strict-origin-when-cross-origin\" allowfullscreen><\/iframe> <\/div><figcaption class=\"wp-element-caption\">Video de trabajo de la m\u00e1quina autom\u00e1tica de limpieza de esti\u00e9rcol de vaca<\/figcaption><\/figure>    <h2 class=\"wp-block-heading\">Aplicaciones de la raspar autom\u00e1tica de esti\u00e9rcol<\/h2>    <ul class=\"wp-block-list\"> <li>Remoci\u00f3n diaria de esti\u00e9rcol y gesti\u00f3n de higiene en granjas lecheras, ganader\u00edas y granjas de ovejas.<\/li>    <li>Manejo eficiente del esti\u00e9rcol en pastizales de gran escala y granjas intensivas de ganado.<\/li>    <li>Puede usarse con veh\u00edculos de gasolina de tres o cuatro ruedas para satisfacer las necesidades de diferentes sitios.<\/li>    <li>Mejora significativamente el entorno de la granja, reduce la propagaci\u00f3n de enfermedades y mejora la salud del ganado.<\/li> <\/ul>    <h2 class=\"wp-block-heading\">Caracter\u00edsticas de la m\u00e1quina autom\u00e1tica de limpieza de esti\u00e9rcol<\/h2>    <ul class=\"wp-block-list\"> <li>Automatizaci\u00f3n altamente eficiente: un solo operador puede completar todo el proceso de limpieza; 3-5 minutos por carga para el modelo de 3 m\u00b3 y 5-8 minutos por carga para el modelo de 5 m\u00b3.<\/li>    <li>Duradero y confiable: cadenas de raspar resistentes al desgaste y cubos de recolecci\u00f3n de acero inoxidable grueso garantizan resistencia a la corrosi\u00f3n, resistencia al desgaste y una larga vida \u00fatil.<\/li>    <li>Altamente adaptable: ajuste de velocidad sin escalones seg\u00fan la grosor del esti\u00e9rcol que permite adaptarse a diferentes sitios, vol\u00famenes de esti\u00e9rcol y condiciones clim\u00e1ticas.<\/li>    <li>Segura y ecol\u00f3gica: reduce la contaminaci\u00f3n del esti\u00e9rcol y la acumulaci\u00f3n de amon\u00edaco, previniendo y controlando eficazmente las enfermedades del ganado, y mejorando las condiciones del establo.<\/li>    <li>Rentable: reduce costos laborales y tiempo de limpieza, mejorando la productividad general de la granja.<\/li> <\/ul>    <figure class=\"wp-block-gallery has-nested-images columns-default is-cropped wp-block-gallery-2 is-layout-flex wp-block-gallery-is-layout-flex\"> <figure class=\"wp-block-image size-large\"><img loading=\"lazy\" decoding=\"async\" width=\"720\" height=\"540\" data-id=\"1221\" src=\"https:\/\/balerwrapper.com\/wp-content\/uploads\/2026\/04\/manure-cleaning-machine.webp\" alt=\"m\u00e1quina de limpieza de esti\u00e9rcol\" class=\"wp-image-1221\" srcset=\"https:\/\/balerwrapper.com\/wp-content\/uploads\/2026\/04\/manure-cleaning-machine.webp 720w, https:\/\/balerwrapper.com\/wp-content\/uploads\/2026\/04\/manure-cleaning-machine-300x225.webp 300w, https:\/\/balerwrapper.com\/wp-content\/uploads\/2026\/04\/manure-cleaning-machine-16x12.webp 16w\" sizes=\"auto, (max-width: 720px) 100vw, 720px\" \/><figcaption class=\"wp-element-caption\">m\u00e1quina de limpieza de esti\u00e9rcol<\/figcaption><\/figure>    <figure class=\"wp-block-image size-large\"><img loading=\"lazy\" decoding=\"async\" width=\"720\" height=\"540\" data-id=\"1220\" src=\"https:\/\/balerwrapper.com\/wp-content\/uploads\/2026\/04\/cow-dung-cleaner-machine.webp\" alt=\"m\u00e1quina limpiadora de esti\u00e9rcol de vaca\" class=\"wp-image-1220\" srcset=\"https:\/\/balerwrapper.com\/wp-content\/uploads\/2026\/04\/cow-dung-cleaner-machine.webp 720w, https:\/\/balerwrapper.com\/wp-content\/uploads\/2026\/04\/cow-dung-cleaner-machine-300x225.webp 300w, https:\/\/balerwrapper.com\/wp-content\/uploads\/2026\/04\/cow-dung-cleaner-machine-16x12.webp 16w\" sizes=\"auto, (max-width: 720px) 100vw, 720px\" \/><figcaption class=\"wp-element-caption\">m\u00e1quina limpiadora de esti\u00e9rcol de vaca<\/figcaption><\/figure> <\/figure>    <h2 class=\"wp-block-heading\">\u00bfC\u00f3mo funciona la m\u00e1quina limpiadora de residuos ganaderos?<\/h2>    <ul class=\"wp-block-list\"> <li>Mezcla y recolecci\u00f3n con tornillo: un mezclador de tornillo montado en la parte frontal recoge esti\u00e9rcol de los corrales de ganado o ovejas y lo dirige a la zona de limpieza.<\/li>    <li>Transportador de cadena y raspar: el esti\u00e9rcol recolectado se transporta mediante una cadena resistente al desgaste hasta la cama del veh\u00edculo.<\/li>    <li>Descarga hidr\u00e1ulica de vuelco: una vez cargado completamente el veh\u00edculo, el cubo se vuelca autom\u00e1ticamente para descargar el esti\u00e9rcol, permitiendo una operaci\u00f3n r\u00e1pida y continua.<\/li>    <li>Limpieza continua: los operadores pueden ajustar la velocidad hacia adelante seg\u00fan el grosor del esti\u00e9rcol para garantizar una limpieza eficiente.<\/li> <\/ul>    <h2 class=\"wp-block-heading\">Especificaciones de la m\u00e1quina de remoci\u00f3n de esti\u00e9rcol en establos<\/h2>    <figure class=\"wp-block-table is-style-stripes\"><table class=\"has-fixed-layout\"><tbody><tr><td><strong>Modelo<\/strong><\/td><td><strong>QF-3<\/strong><\/td><td><strong>QF-5<\/strong><\/td><\/tr><tr><td>Volumen del carrito<\/td><td>3 m\u00b3<\/td><td>5 m\u00b3<\/td><\/tr><tr><td>Dimensi\u00f3n<\/td><td>4500\u00d71450\u00d72450 mm<\/td><td>5200\u00d72200\u00d72600 mm<\/td><\/tr><tr><td>Fuerza<\/td><td>Motor di\u00e9sel de 25 HP<\/td><td>Motor di\u00e9sel<\/td><\/tr><tr><td>Potencia de marcha<\/td><td>Triciclo<\/td><td>Cami\u00f3n de cuatro ruedas<\/td><\/tr><tr><td>Capacidad de producci\u00f3n<\/td><td>3\u20135 min\/veh\u00edculo<\/td><td>5\u20138 min\/veh\u00edculo<\/td><\/tr><tr><td>Ancho de limpieza del esti\u00e9rcol<\/td><td>1500 mm<\/td><td>2000 mm<\/td><\/tr><tr><td>N\u00famero de neum\u00e1ticos<\/td><td>3 piezas<\/td><td>4 piezas<\/td><\/tr><tr><td>Sistema de recolecci\u00f3n de esti\u00e9rcol<\/td><td>Transportador de cadena y tornillo raspar<\/td><td>Transportador de cadena y tornillo raspar<\/td><\/tr><tr><td>M\u00e9todo de descarga<\/td><td>Vuelco hidr\u00e1ulico<\/td><td>Vuelco hidr\u00e1ulico<\/td><\/tr><\/tbody><\/table><figcaption class=\"wp-element-caption\">Par\u00e1metros t\u00e9cnicos de la m\u00e1quina de limpieza de esti\u00e9rcol<\/figcaption><\/figure>    <figure class=\"wp-block-gallery has-nested-images columns-default is-cropped wp-block-gallery-3 is-layout-flex wp-block-gallery-is-layout-flex\"> <figure class=\"wp-block-image size-large\"><img loading=\"lazy\" decoding=\"async\" width=\"720\" height=\"540\" data-id=\"1223\" src=\"https:\/\/balerwrapper.com\/wp-content\/uploads\/2026\/04\/livestock-manure-scraper.webp\" alt=\"raspador de esti\u00e9rcol para ganado\" class=\"wp-image-1223\" srcset=\"https:\/\/balerwrapper.com\/wp-content\/uploads\/2026\/04\/livestock-manure-scraper.webp 720w, https:\/\/balerwrapper.com\/wp-content\/uploads\/2026\/04\/livestock-manure-scraper-300x225.webp 300w, https:\/\/balerwrapper.com\/wp-content\/uploads\/2026\/04\/livestock-manure-scraper-16x12.webp 16w\" sizes=\"auto, (max-width: 720px) 100vw, 720px\" \/><figcaption class=\"wp-element-caption\">raspador de esti\u00e9rcol para ganado<\/figcaption><\/figure>    <figure class=\"wp-block-image size-large\"><img loading=\"lazy\" decoding=\"async\" width=\"720\" height=\"540\" data-id=\"1222\" src=\"https:\/\/balerwrapper.com\/wp-content\/uploads\/2026\/04\/dairy-barn-cleaning-machine.webp\" alt=\"La m\u00e1quina de limpieza de esti\u00e9rcol combina recolecci\u00f3n, transporte y descarga autom\u00e1tica, completando una operaci\u00f3n en 3 a 8 minutos, mejorando significativamente la higiene y eficiencia de la producci\u00f3n en la granja.\" class=\"wp-image-1222\" srcset=\"https:\/\/balerwrapper.com\/wp-content\/uploads\/2026\/04\/dairy-barn-cleaning-machine.webp 720w, https:\/\/balerwrapper.com\/wp-content\/uploads\/2026\/04\/dairy-barn-cleaning-machine-300x225.webp 300w, https:\/\/balerwrapper.com\/wp-content\/uploads\/2026\/04\/dairy-barn-cleaning-machine-16x12.webp 16w\" sizes=\"auto, (max-width: 720px) 100vw, 720px\" \/><figcaption class=\"wp-element-caption\">m\u00e1quina de limpieza de esti\u00e9rcol en establos lecheros<\/figcaption><\/figure> <\/figure>    <h2 class=\"wp-block-heading\">\u00bfPor qu\u00e9 elegirnos?<\/h2>    <ul class=\"wp-block-list\"> <li>Modelos m\u00faltiples disponibles: ofrecemos modelos con capacidades de 3 m\u00b3, 5 m\u00b3 y m\u00e1s para satisfacer las necesidades de granjas lecheras de tama\u00f1o medio a grande.<\/li>    <li>Dise\u00f1o totalmente automatizado: reduce el trabajo manual y mejora la eficiencia de producci\u00f3n.<\/li>    <li>Rendimiento potente y construcci\u00f3n duradera: equipado con motores di\u00e9sel de alta gama, cadenas resistentes al desgaste y tanques de acero inoxidable para soportar condiciones de operaci\u00f3n exigentes.<\/li>    <li>Servicios postventa y de personalizaci\u00f3n: ofrecemos fiabilidad a largo plazo y podemos adaptar soluciones seg\u00fan el tama\u00f1o de la granja y el n\u00famero de animales.<\/li>    <li>Beneficios para la salud y el medio ambiente: mejora significativamente el entorno de la granja, reduce el riesgo de transmisi\u00f3n de enfermedades y aumenta la productividad de las vacas lecheras.<\/li> <\/ul>    <h2 class=\"wp-block-heading\">Precio del raspar de esti\u00e9rcol en pasillos<\/h2>    <p>El precio de las m\u00e1quinas de limpieza de esti\u00e9rcol depende del modelo, nivel de automatizaci\u00f3n, configuraci\u00f3n de potencia, materiales y requisitos de personalizaci\u00f3n. El modelo QF-3 es adecuado para granjas de tama\u00f1o medio y ofrece un precio m\u00e1s econ\u00f3mico; el modelo QF-5 es apto para grandes explotaciones y es altamente eficiente y duradero.<\/p>    <p>Adem\u00e1s de satisfacer las necesidades de recuperaci\u00f3n de recursos del esti\u00e9rcol, tambi\u00e9n ofrecemos esparcidores de esti\u00e9rcol compatibles. Estas m\u00e1quinas pueden distribuir uniformemente el esti\u00e9rcol recolectado de vuelta en los campos, permitiendo una econom\u00eda circular entre la ganader\u00eda y el cultivo, mejorando a\u00fan m\u00e1s los beneficios econ\u00f3micos y el valor ambiental.<\/p>    <p>No dudes en contactarnos para que podamos personalizar la soluci\u00f3n de eliminaci\u00f3n y tratamiento de esti\u00e9rcol m\u00e1s adecuada seg\u00fan el tama\u00f1o de tu granja, poblaci\u00f3n de animales y presupuesto.<\/p>","protected":false},"excerpt":{"rendered":"<p>The manure cleaning machine combines collection, conveyance, and automatic unloading, completing a single operation in 3 to 8 minutes, thereby significantly improving farm hygiene and production efficiency.<\/p>","protected":false},"author":1,"featured_media":1224,"parent":0,"template":"","tags":[],"product-type":[8],"class_list":["post-1217","product","type-product","status-publish","has-post-thumbnail","hentry","product-type-other-silage-machines"],"_links":{"self":[{"href":"https:\/\/balerwrapper.com\/es\/wp-json\/wp\/v2\/product\/1217","targetHints":{"allow":["GET"]}}],"collection":[{"href":"https:\/\/balerwrapper.com\/es\/wp-json\/wp\/v2\/product"}],"about":[{"href":"https:\/\/balerwrapper.com\/es\/wp-json\/wp\/v2\/types\/product"}],"author":[{"embeddable":true,"href":"https:\/\/balerwrapper.com\/es\/wp-json\/wp\/v2\/users\/1"}],"wp:featuredmedia":[{"embeddable":true,"href":"https:\/\/balerwrapper.com\/es\/wp-json\/wp\/v2\/media\/1224"}],"wp:attachment":[{"href":"https:\/\/balerwrapper.com\/es\/wp-json\/wp\/v2\/media?parent=1217"}],"wp:term":[{"taxonomy":"post_tag","embeddable":true,"href":"https:\/\/balerwrapper.com\/es\/wp-json\/wp\/v2\/tags?post=1217"},{"taxonomy":"product-type","embeddable":true,"href":"https:\/\/balerwrapper.com\/es\/wp-json\/wp\/v2\/product-type?post=1217"}],"curies":[{"name":"wp","href":"https:\/\/api.w.org\/{rel}","templated":true}]}}