{"id":13,"date":"2022-08-22T08:58:42","date_gmt":"2022-08-22T08:58:42","guid":{"rendered":"https:\/\/balerwrapper.com\/?page_id=13"},"modified":"2026-04-21T17:59:38","modified_gmt":"2026-04-21T09:59:38","slug":"about-us","status":"publish","type":"page","link":"https:\/\/balerwrapper.com\/es\/about-us\/","title":{"rendered":"Sobre nosotros"},"content":{"rendered":"<p>Taizy Machinery es una empresa de tecnolog\u00eda agr\u00edcola profesional especializada en I D, producci\u00f3n y ventas de equipos de procesamiento de forraje. Con m\u00e1s de 20 a\u00f1os de experiencia en fabricaci\u00f3n, ofrecemos soluciones eficientes y confiables para ensilaje, reciclaje de paja, procesamiento de alimentos y ganader\u00eda.<\/p>    <p>Guiados por \"Calidad Primero, Cliente Supremo\", innovamos continuamente para satisfacer las necesidades agr\u00edcolas modernas y damos la bienvenida a socios globales para cooperar en el \u00e9xito mutuo.<\/p>    <figure class=\"wp-block-image size-large\"><img loading=\"lazy\" decoding=\"async\" width=\"1024\" height=\"576\" src=\"https:\/\/balerwrapper.com\/wp-content\/uploads\/2026\/04\/Silage-Farm-1024x576.webp\" alt=\"Granja de ensilaje\" class=\"wp-image-1240\" srcset=\"https:\/\/balerwrapper.com\/wp-content\/uploads\/2026\/04\/Silage-Farm-1024x576.webp 1024w, https:\/\/balerwrapper.com\/wp-content\/uploads\/2026\/04\/Silage-Farm-300x169.webp 300w, https:\/\/balerwrapper.com\/wp-content\/uploads\/2026\/04\/Silage-Farm-768x432.webp 768w, https:\/\/balerwrapper.com\/wp-content\/uploads\/2026\/04\/Silage-Farm-18x10.webp 18w, https:\/\/balerwrapper.com\/wp-content\/uploads\/2026\/04\/Silage-Farm-1536x864.webp 1536w, https:\/\/balerwrapper.com\/wp-content\/uploads\/2026\/04\/Silage-Farm.webp 1920w\" sizes=\"auto, (max-width: 1024px) 100vw, 1024px\" \/><\/figure>    <h2 class=\"wp-block-heading\" id=\"h-our-main-products\">Nuestros productos principales<\/h2>    <p>Nuestros principales productos incluyen m\u00e1quinas empacadoras de ensilaje, empacadoras de heno redondas, empacadoras de paja cuadradas, m\u00e1quinas de envoltura de ensilaje, empacadoras hidr\u00e1ulicas, cortadoras de paja, m\u00e1quinas de corte y reciclaje de tallos y otros equipos completos de procesamiento de forraje.<\/p>    <p>Construidas con materiales de alta resistencia, nuestras m\u00e1quinas ofrecen rendimiento estable, operaci\u00f3n sencilla, larga vida \u00fatil y alta eficiencia, ayudando a los agricultores a reducir costos laborales y mejorar la calidad del alimento.<\/p>    <figure class=\"wp-block-gallery has-nested-images columns-default is-cropped wp-block-gallery-2 is-layout-flex wp-block-gallery-is-layout-flex\"> <figure class=\"wp-block-image size-large\"><img loading=\"lazy\" decoding=\"async\" width=\"720\" height=\"540\" data-id=\"1252\" src=\"https:\/\/balerwrapper.com\/wp-content\/uploads\/2026\/04\/Forage-feed-spreader-cars.webp\" alt=\"Veh\u00edculos distribuidor de forraje\" class=\"wp-image-1252\" srcset=\"https:\/\/balerwrapper.com\/wp-content\/uploads\/2026\/04\/Forage-feed-spreader-cars.webp 720w, https:\/\/balerwrapper.com\/wp-content\/uploads\/2026\/04\/Forage-feed-spreader-cars-300x225.webp 300w, https:\/\/balerwrapper.com\/wp-content\/uploads\/2026\/04\/Forage-feed-spreader-cars-16x12.webp 16w\" sizes=\"auto, (max-width: 720px) 100vw, 720px\" \/><figcaption class=\"wp-element-caption\">Veh\u00edculos distribuidor de forraje<\/figcaption><\/figure>    <figure class=\"wp-block-image size-large\"><img loading=\"lazy\" decoding=\"async\" width=\"720\" height=\"540\" data-id=\"1250\" src=\"https:\/\/balerwrapper.com\/wp-content\/uploads\/2026\/04\/Chaff-cutter-used-with-a-silage-baler.webp\" alt=\"Cortadora de paja utilizada con una empacadora de ensilaje\" class=\"wp-image-1250\" srcset=\"https:\/\/balerwrapper.com\/wp-content\/uploads\/2026\/04\/Chaff-cutter-used-with-a-silage-baler.webp 720w, https:\/\/balerwrapper.com\/wp-content\/uploads\/2026\/04\/Chaff-cutter-used-with-a-silage-baler-300x225.webp 300w, https:\/\/balerwrapper.com\/wp-content\/uploads\/2026\/04\/Chaff-cutter-used-with-a-silage-baler-16x12.webp 16w\" sizes=\"auto, (max-width: 720px) 100vw, 720px\" \/><figcaption class=\"wp-element-caption\">Cortadora de paja utilizada con una empacadora de ensilaje<\/figcaption><\/figure>    <figure class=\"wp-block-image size-full\"><img loading=\"lazy\" decoding=\"async\" width=\"720\" height=\"540\" data-id=\"1278\" src=\"https:\/\/balerwrapper.com\/wp-content\/uploads\/2026\/04\/Forage-baler-wrappers-with-big-tires.webp\" alt=\"Empacadoras de forraje con neum\u00e1ticos grandes\" class=\"wp-image-1278\" srcset=\"https:\/\/balerwrapper.com\/wp-content\/uploads\/2026\/04\/Forage-baler-wrappers-with-big-tires.webp 720w, https:\/\/balerwrapper.com\/wp-content\/uploads\/2026\/04\/Forage-baler-wrappers-with-big-tires-300x225.webp 300w, https:\/\/balerwrapper.com\/wp-content\/uploads\/2026\/04\/Forage-baler-wrappers-with-big-tires-16x12.webp 16w\" sizes=\"auto, (max-width: 720px) 100vw, 720px\" \/><figcaption class=\"wp-element-caption\">Empacadoras de forraje con neum\u00e1ticos grandes<\/figcaption><\/figure>    <figure class=\"wp-block-image size-large\"><img loading=\"lazy\" decoding=\"async\" width=\"720\" height=\"540\" data-id=\"1254\" src=\"https:\/\/balerwrapper.com\/wp-content\/uploads\/2026\/04\/Round-bale-straw-pickup-balers.webp\" alt=\"Empacadoras de paja con recogedor de pacas redondas\" class=\"wp-image-1254\" srcset=\"https:\/\/balerwrapper.com\/wp-content\/uploads\/2026\/04\/Round-bale-straw-pickup-balers.webp 720w, https:\/\/balerwrapper.com\/wp-content\/uploads\/2026\/04\/Round-bale-straw-pickup-balers-300x225.webp 300w, https:\/\/balerwrapper.com\/wp-content\/uploads\/2026\/04\/Round-bale-straw-pickup-balers-16x12.webp 16w\" sizes=\"auto, (max-width: 720px) 100vw, 720px\" \/><figcaption class=\"wp-element-caption\">Empacadoras de paja con recogedor de pacas redondas<\/figcaption><\/figure>    <figure class=\"wp-block-image size-large\"><img loading=\"lazy\" decoding=\"async\" width=\"720\" height=\"540\" data-id=\"1255\" src=\"https:\/\/balerwrapper.com\/wp-content\/uploads\/2026\/04\/Silage-baling-wrapping-machines.webp\" alt=\"M\u00e1quinas de envoltura para empacar ensilaje\" class=\"wp-image-1255\" srcset=\"https:\/\/balerwrapper.com\/wp-content\/uploads\/2026\/04\/Silage-baling-wrapping-machines.webp 720w, https:\/\/balerwrapper.com\/wp-content\/uploads\/2026\/04\/Silage-baling-wrapping-machines-300x225.webp 300w, https:\/\/balerwrapper.com\/wp-content\/uploads\/2026\/04\/Silage-baling-wrapping-machines-16x12.webp 16w\" sizes=\"auto, (max-width: 720px) 100vw, 720px\" \/><figcaption class=\"wp-element-caption\">M\u00e1quinas de envoltura para empacar ensilaje<\/figcaption><\/figure>    <figure class=\"wp-block-image size-large\"><img loading=\"lazy\" decoding=\"async\" width=\"720\" height=\"540\" data-id=\"1253\" src=\"https:\/\/balerwrapper.com\/wp-content\/uploads\/2026\/04\/Large-silage-baler-wrapper.webp\" alt=\"Empacadora de ensilaje con envoltura grande\" class=\"wp-image-1253\" srcset=\"https:\/\/balerwrapper.com\/wp-content\/uploads\/2026\/04\/Large-silage-baler-wrapper.webp 720w, https:\/\/balerwrapper.com\/wp-content\/uploads\/2026\/04\/Large-silage-baler-wrapper-300x225.webp 300w, https:\/\/balerwrapper.com\/wp-content\/uploads\/2026\/04\/Large-silage-baler-wrapper-16x12.webp 16w\" sizes=\"auto, (max-width: 720px) 100vw, 720px\" \/><figcaption class=\"wp-element-caption\">Empacadora de ensilaje con envoltura grande<\/figcaption><\/figure>    <figure class=\"wp-block-image size-full\"><img loading=\"lazy\" decoding=\"async\" width=\"720\" height=\"540\" data-id=\"1280\" src=\"https:\/\/balerwrapper.com\/wp-content\/uploads\/2026\/04\/Hydraulic-silage-packing-baler-machine.webp\" alt=\"Empacadora hidr\u00e1ulica de ensilado\" class=\"wp-image-1280\" srcset=\"https:\/\/balerwrapper.com\/wp-content\/uploads\/2026\/04\/Hydraulic-silage-packing-baler-machine.webp 720w, https:\/\/balerwrapper.com\/wp-content\/uploads\/2026\/04\/Hydraulic-silage-packing-baler-machine-300x225.webp 300w, https:\/\/balerwrapper.com\/wp-content\/uploads\/2026\/04\/Hydraulic-silage-packing-baler-machine-16x12.webp 16w\" sizes=\"auto, (max-width: 720px) 100vw, 720px\" \/><figcaption class=\"wp-element-caption\">Empacadora hidr\u00e1ulica de ensilado<\/figcaption><\/figure>    <figure class=\"wp-block-image size-large\"><img loading=\"lazy\" decoding=\"async\" width=\"720\" height=\"540\" data-id=\"1258\" src=\"https:\/\/balerwrapper.com\/wp-content\/uploads\/2026\/04\/TMR-feed-mixer-machines.webp\" alt=\"Mezcladoras de alimentaci\u00f3n TMR\" class=\"wp-image-1258\" srcset=\"https:\/\/balerwrapper.com\/wp-content\/uploads\/2026\/04\/TMR-feed-mixer-machines.webp 720w, https:\/\/balerwrapper.com\/wp-content\/uploads\/2026\/04\/TMR-feed-mixer-machines-300x225.webp 300w, https:\/\/balerwrapper.com\/wp-content\/uploads\/2026\/04\/TMR-feed-mixer-machines-16x12.webp 16w\" sizes=\"auto, (max-width: 720px) 100vw, 720px\" \/><figcaption class=\"wp-element-caption\">Mezcladoras de alimentaci\u00f3n TMR<\/figcaption><\/figure>    <figure class=\"wp-block-image size-large\"><img loading=\"lazy\" decoding=\"async\" width=\"720\" height=\"540\" data-id=\"1257\" src=\"https:\/\/balerwrapper.com\/wp-content\/uploads\/2026\/04\/Square-bale-straw-pickup-balers.webp\" alt=\"Empacadoras de paja cuadradas\" class=\"wp-image-1257\" srcset=\"https:\/\/balerwrapper.com\/wp-content\/uploads\/2026\/04\/Square-bale-straw-pickup-balers.webp 720w, https:\/\/balerwrapper.com\/wp-content\/uploads\/2026\/04\/Square-bale-straw-pickup-balers-300x225.webp 300w, https:\/\/balerwrapper.com\/wp-content\/uploads\/2026\/04\/Square-bale-straw-pickup-balers-16x12.webp 16w\" sizes=\"auto, (max-width: 720px) 100vw, 720px\" \/><figcaption class=\"wp-element-caption\">Empacadoras de paja cuadradas<\/figcaption><\/figure> <\/figure>    <h2 class=\"wp-block-heading\">Nuestras ventajas principales<\/h2>    <ul class=\"wp-block-list\"> <li><strong>Capacidad de fabricaci\u00f3n profesional<\/strong>: Contamos con talleres estandarizados, equipos de producci\u00f3n avanzados y tecnolog\u00eda de procesamiento madura para garantizar calidad estable y entregas a tiempo.<\/li>    <li><strong>Equipo profesional de I D y t\u00e9cnico<\/strong>: Nuestro equipo se centra en la innovaci\u00f3n tecnol\u00f3gica en maquinaria de forraje, optimizando continuamente el rendimiento y la aplicabilidad del producto.<\/li>    <li><strong>Control de calidad estricto<\/strong>: Cada m\u00e1quina pasa por m\u00faltiples inspecciones y ajustes para garantizar alta eficiencia, baja tasa de fallos y larga vida \u00fatil.<\/li>    <li><strong>Amplia experiencia en exportaci\u00f3n<\/strong>: Contamos con amplia experiencia en comercio internacional, familiarizados con procedimientos de exportaci\u00f3n, env\u00edo, despacho de aduanas y soporte postventa en todo el mundo.<\/li>    <li><strong>Servicio postventa integral<\/strong>: Ofrecemos una garant\u00eda de un a\u00f1o, orientaci\u00f3n en l\u00ednea, capacitaci\u00f3n en instalaci\u00f3n y soporte t\u00e9cnico a largo plazo.<\/li> <\/ul>    <h2 class=\"wp-block-heading\" id=\"h-honors-and-certificates\">Honores y certificados<\/h2>    <p>Nuestra empresa y productos han obtenido certificaci\u00f3n CE, certificaci\u00f3n del sistema de calidad ISO, informes de prueba y otras acreditaciones autorizadas, en l\u00ednea con los est\u00e1ndares internacionales de seguridad y calidad de maquinaria agr\u00edcola.<\/p>    <figure class=\"wp-block-gallery has-nested-images columns-default is-cropped wp-block-gallery-3 is-layout-flex wp-block-gallery-is-layout-flex\"> <figure class=\"wp-block-image size-large\"><img loading=\"lazy\" decoding=\"async\" width=\"724\" height=\"1024\" data-id=\"1261\" src=\"https:\/\/balerwrapper.com\/wp-content\/uploads\/2026\/04\/ISO-Certification-724x1024.webp\" alt=\"Certificaci\u00f3n ISO\" class=\"wp-image-1261\" srcset=\"https:\/\/balerwrapper.com\/wp-content\/uploads\/2026\/04\/ISO-Certification-724x1024.webp 724w, https:\/\/balerwrapper.com\/wp-content\/uploads\/2026\/04\/ISO-Certification-212x300.webp 212w, https:\/\/balerwrapper.com\/wp-content\/uploads\/2026\/04\/ISO-Certification-768x1086.webp 768w, https:\/\/balerwrapper.com\/wp-content\/uploads\/2026\/04\/ISO-Certification-8x12.webp 8w, https:\/\/balerwrapper.com\/wp-content\/uploads\/2026\/04\/ISO-Certification-1087x1536.webp 1087w, https:\/\/balerwrapper.com\/wp-content\/uploads\/2026\/04\/ISO-Certification-1449x2048.webp 1449w, https:\/\/balerwrapper.com\/wp-content\/uploads\/2026\/04\/ISO-Certification-scaled.webp 1811w\" sizes=\"auto, (max-width: 724px) 100vw, 724px\" \/><figcaption class=\"wp-element-caption\">Certificaci\u00f3n ISO<\/figcaption><\/figure>    <figure class=\"wp-block-image size-large\"><img loading=\"lazy\" decoding=\"async\" width=\"724\" height=\"1024\" data-id=\"1262\" src=\"https:\/\/balerwrapper.com\/wp-content\/uploads\/2026\/04\/Silage-Baler-CE-724x1024.webp\" alt=\"Empacadora de ensilado CE\" class=\"wp-image-1262\" srcset=\"https:\/\/balerwrapper.com\/wp-content\/uploads\/2026\/04\/Silage-Baler-CE-724x1024.webp 724w, https:\/\/balerwrapper.com\/wp-content\/uploads\/2026\/04\/Silage-Baler-CE-212x300.webp 212w, https:\/\/balerwrapper.com\/wp-content\/uploads\/2026\/04\/Silage-Baler-CE-768x1086.webp 768w, https:\/\/balerwrapper.com\/wp-content\/uploads\/2026\/04\/Silage-Baler-CE-8x12.webp 8w, https:\/\/balerwrapper.com\/wp-content\/uploads\/2026\/04\/Silage-Baler-CE-1087x1536.webp 1087w, https:\/\/balerwrapper.com\/wp-content\/uploads\/2026\/04\/Silage-Baler-CE.webp 1240w\" sizes=\"auto, (max-width: 724px) 100vw, 724px\" \/><figcaption class=\"wp-element-caption\">Empacadora de ensilado CE<\/figcaption><\/figure> <\/figure>    <h2 class=\"wp-block-heading\" id=\"h-customer-s-feedback\">Mercado global<\/h2>    <p>Las m\u00e1quinas de procesamiento de forraje Taizy se exportan a \u00c1frica, Asia, Europa, Sudam\u00e9rica, incluyendo m\u00e1s de 60 pa\u00edses y regiones como Kenia, Nigeria, Filipinas, Indonesia, Malasia, Qatar, Guatemala, Portugal, Botsuana, Somalia, Tanzania, Pakist\u00e1n, entre otros. Hemos establecido cooperaci\u00f3n estable y a largo plazo con clientes en todo el mundo.<\/p>    <figure class=\"wp-block-gallery has-nested-images columns-default is-cropped wp-block-gallery-4 is-layout-flex wp-block-gallery-is-layout-flex\"> <figure class=\"wp-block-image size-large\"><img loading=\"lazy\" decoding=\"async\" width=\"720\" height=\"540\" data-id=\"1272\" src=\"https:\/\/balerwrapper.com\/wp-content\/uploads\/2026\/04\/Silage-bale-wrapping-machines-loaded-for-Algeria.webp\" alt=\"M\u00e1quinas de envoltura de fardos de ensilado cargadas para Argelia\" class=\"wp-image-1272\" srcset=\"https:\/\/balerwrapper.com\/wp-content\/uploads\/2026\/04\/Silage-bale-wrapping-machines-loaded-for-Algeria.webp 720w, https:\/\/balerwrapper.com\/wp-content\/uploads\/2026\/04\/Silage-bale-wrapping-machines-loaded-for-Algeria-300x225.webp 300w, https:\/\/balerwrapper.com\/wp-content\/uploads\/2026\/04\/Silage-bale-wrapping-machines-loaded-for-Algeria-16x12.webp 16w\" sizes=\"auto, (max-width: 720px) 100vw, 720px\" \/><figcaption class=\"wp-element-caption\">M\u00e1quinas de envoltura de fardos de ensilado cargadas para Argelia<\/figcaption><\/figure>    <figure class=\"wp-block-image size-large\"><img loading=\"lazy\" decoding=\"async\" width=\"720\" height=\"540\" data-id=\"1270\" src=\"https:\/\/balerwrapper.com\/wp-content\/uploads\/2026\/04\/10-Sets-of-silage-balers-shipped-to-Thailand.webp\" alt=\"10 juegos de empacadoras de ensilado enviadas a Tailandia\" class=\"wp-image-1270\" srcset=\"https:\/\/balerwrapper.com\/wp-content\/uploads\/2026\/04\/10-Sets-of-silage-balers-shipped-to-Thailand.webp 720w, https:\/\/balerwrapper.com\/wp-content\/uploads\/2026\/04\/10-Sets-of-silage-balers-shipped-to-Thailand-300x225.webp 300w, https:\/\/balerwrapper.com\/wp-content\/uploads\/2026\/04\/10-Sets-of-silage-balers-shipped-to-Thailand-16x12.webp 16w\" sizes=\"auto, (max-width: 720px) 100vw, 720px\" \/><figcaption class=\"wp-element-caption\">10 juegos de empacadoras de ensilado enviadas a Tailandia<\/figcaption><\/figure>    <figure class=\"wp-block-image size-large\"><img loading=\"lazy\" decoding=\"async\" width=\"720\" height=\"540\" data-id=\"1267\" src=\"https:\/\/balerwrapper.com\/wp-content\/uploads\/2026\/04\/2-Silage-baling-wrapping-machines-to-South-Africa.webp\" alt=\"2 m\u00e1quinas de envoltura de empacado de ensilado a Sud\u00e1frica\" class=\"wp-image-1267\" srcset=\"https:\/\/balerwrapper.com\/wp-content\/uploads\/2026\/04\/2-Silage-baling-wrapping-machines-to-South-Africa.webp 720w, https:\/\/balerwrapper.com\/wp-content\/uploads\/2026\/04\/2-Silage-baling-wrapping-machines-to-South-Africa-300x225.webp 300w, https:\/\/balerwrapper.com\/wp-content\/uploads\/2026\/04\/2-Silage-baling-wrapping-machines-to-South-Africa-16x12.webp 16w\" sizes=\"auto, (max-width: 720px) 100vw, 720px\" \/><figcaption class=\"wp-element-caption\">2 m\u00e1quinas de envoltura de empacado de ensilado a Sud\u00e1frica<\/figcaption><\/figure>    <figure class=\"wp-block-image size-large\"><img loading=\"lazy\" decoding=\"async\" width=\"720\" height=\"540\" data-id=\"1268\" src=\"https:\/\/balerwrapper.com\/wp-content\/uploads\/2026\/04\/4-Sets-of-forage-baler-wrappers-to-Senegal.webp\" alt=\"4 juegos de envoltorios de empacadora de forraje a Senegal\" class=\"wp-image-1268\" srcset=\"https:\/\/balerwrapper.com\/wp-content\/uploads\/2026\/04\/4-Sets-of-forage-baler-wrappers-to-Senegal.webp 720w, https:\/\/balerwrapper.com\/wp-content\/uploads\/2026\/04\/4-Sets-of-forage-baler-wrappers-to-Senegal-300x225.webp 300w, https:\/\/balerwrapper.com\/wp-content\/uploads\/2026\/04\/4-Sets-of-forage-baler-wrappers-to-Senegal-16x12.webp 16w\" sizes=\"auto, (max-width: 720px) 100vw, 720px\" \/><figcaption class=\"wp-element-caption\">4 juegos de envoltorios de empacadora de forraje a Senegal<\/figcaption><\/figure>    <figure class=\"wp-block-image size-large\"><img loading=\"lazy\" decoding=\"async\" width=\"720\" height=\"540\" data-id=\"1269\" src=\"https:\/\/balerwrapper.com\/wp-content\/uploads\/2026\/04\/5-Sets-of-silage-baler-machines-to-Tanzania.webp\" alt=\"5 juegos de m\u00e1quinas de empacadora de ensilado a Tanzania\" class=\"wp-image-1269\" srcset=\"https:\/\/balerwrapper.com\/wp-content\/uploads\/2026\/04\/5-Sets-of-silage-baler-machines-to-Tanzania.webp 720w, https:\/\/balerwrapper.com\/wp-content\/uploads\/2026\/04\/5-Sets-of-silage-baler-machines-to-Tanzania-300x225.webp 300w, https:\/\/balerwrapper.com\/wp-content\/uploads\/2026\/04\/5-Sets-of-silage-baler-machines-to-Tanzania-16x12.webp 16w\" sizes=\"auto, (max-width: 720px) 100vw, 720px\" \/><figcaption class=\"wp-element-caption\">5 juegos de m\u00e1quinas de empacadora de ensilado a Tanzania<\/figcaption><\/figure>    <figure class=\"wp-block-image size-large\"><img loading=\"lazy\" decoding=\"async\" width=\"720\" height=\"540\" data-id=\"1271\" src=\"https:\/\/balerwrapper.com\/wp-content\/uploads\/2026\/04\/250-Sets-hay-cutters-shipped-to-Kenya.webp\" alt=\"250 juegos de cortadoras de heno enviadas a Kenia\" class=\"wp-image-1271\" srcset=\"https:\/\/balerwrapper.com\/wp-content\/uploads\/2026\/04\/250-Sets-hay-cutters-shipped-to-Kenya.webp 720w, https:\/\/balerwrapper.com\/wp-content\/uploads\/2026\/04\/250-Sets-hay-cutters-shipped-to-Kenya-300x225.webp 300w, https:\/\/balerwrapper.com\/wp-content\/uploads\/2026\/04\/250-Sets-hay-cutters-shipped-to-Kenya-16x12.webp 16w\" sizes=\"auto, (max-width: 720px) 100vw, 720px\" \/><figcaption class=\"wp-element-caption\">250 juegos de cortadoras de heno enviadas a Kenia<\/figcaption><\/figure>    <figure class=\"wp-block-image size-large\"><img loading=\"lazy\" decoding=\"async\" width=\"720\" height=\"540\" data-id=\"1266\" src=\"https:\/\/balerwrapper.com\/wp-content\/uploads\/2026\/04\/2-Sets-of-straw-pickup-balers-to-the-Netherlands.webp\" alt=\"2 juegos de empacadoras de recogida de paja a los Pa\u00edses Bajos\" class=\"wp-image-1266\" srcset=\"https:\/\/balerwrapper.com\/wp-content\/uploads\/2026\/04\/2-Sets-of-straw-pickup-balers-to-the-Netherlands.webp 720w, https:\/\/balerwrapper.com\/wp-content\/uploads\/2026\/04\/2-Sets-of-straw-pickup-balers-to-the-Netherlands-300x225.webp 300w, https:\/\/balerwrapper.com\/wp-content\/uploads\/2026\/04\/2-Sets-of-straw-pickup-balers-to-the-Netherlands-16x12.webp 16w\" sizes=\"auto, (max-width: 720px) 100vw, 720px\" \/><figcaption class=\"wp-element-caption\">2 juegos de empacadoras de recogida de paja a los Pa\u00edses Bajos<\/figcaption><\/figure>    <figure class=\"wp-block-image size-large\"><img loading=\"lazy\" decoding=\"async\" width=\"720\" height=\"540\" data-id=\"1273\" src=\"https:\/\/balerwrapper.com\/wp-content\/uploads\/2026\/04\/Silage-baler-wrappers-shipment-to-Costa-Rica.webp\" alt=\"Env\u00edo de envoltorios de empacadora de ensilado a Costa Rica\" class=\"wp-image-1273\" srcset=\"https:\/\/balerwrapper.com\/wp-content\/uploads\/2026\/04\/Silage-baler-wrappers-shipment-to-Costa-Rica.webp 720w, https:\/\/balerwrapper.com\/wp-content\/uploads\/2026\/04\/Silage-baler-wrappers-shipment-to-Costa-Rica-300x225.webp 300w, https:\/\/balerwrapper.com\/wp-content\/uploads\/2026\/04\/Silage-baler-wrappers-shipment-to-Costa-Rica-16x12.webp 16w\" sizes=\"auto, (max-width: 720px) 100vw, 720px\" \/><figcaption class=\"wp-element-caption\">Env\u00edo de envoltorios de empacadora de ensilado a Costa Rica<\/figcaption><\/figure>    <figure class=\"wp-block-image size-large\"><img loading=\"lazy\" decoding=\"async\" width=\"720\" height=\"540\" data-id=\"1274\" src=\"https:\/\/balerwrapper.com\/wp-content\/uploads\/2026\/04\/Twin-cylinder-hydraulic-baler-shipped-to-Portugal.webp\" alt=\"Empacadora hidr\u00e1ulica de doble cilindro enviada a Portugal\" class=\"wp-image-1274\" srcset=\"https:\/\/balerwrapper.com\/wp-content\/uploads\/2026\/04\/Twin-cylinder-hydraulic-baler-shipped-to-Portugal.webp 720w, https:\/\/balerwrapper.com\/wp-content\/uploads\/2026\/04\/Twin-cylinder-hydraulic-baler-shipped-to-Portugal-300x225.webp 300w, https:\/\/balerwrapper.com\/wp-content\/uploads\/2026\/04\/Twin-cylinder-hydraulic-baler-shipped-to-Portugal-16x12.webp 16w\" sizes=\"auto, (max-width: 720px) 100vw, 720px\" \/><figcaption class=\"wp-element-caption\">Empacadora hidr\u00e1ulica de doble cilindro enviada a Portugal<\/figcaption><\/figure> <\/figure>    <h2 class=\"wp-block-heading\">Nuestro servicio<\/h2>    <ul class=\"wp-block-list\"> <li><strong>Preventa<\/strong>: Dise\u00f1o de esquema gratuito, orientaci\u00f3n en selecci\u00f3n de modelos, cotizaci\u00f3n y consulta t\u00e9cnica. <\/li>    <li><strong>Ventas internas<\/strong>: Producci\u00f3n estandarizada, control de calidad estricto, retroalimentaci\u00f3n en tiempo real del progreso de producci\u00f3n. <\/li>    <li><strong>Postventa<\/strong>: Orientaci\u00f3n en l\u00ednea, instalaci\u00f3n de m\u00e1quinas, capacitaci\u00f3n en operaci\u00f3n, soporte postventa oportuno.<\/li> <\/ul>    <div class=\"wp-block-group alignfull has-text-color has-background\" style=\"color:#000000;background-color:#ffffff\"><div class=\"wp-block-group__inner-container is-layout-flow wp-block-group-is-layout-flow\"> <p class=\"has-text-align-center\">\u00bfBuscas maquinaria de procesamiento de forraje confiable y eficiente?<\/p>    <p class=\"has-text-align-center\">\u00a1Cont\u00e1ctenos ahora para una cotizaci\u00f3n gratuita y soluciones profesionales!<\/p>    <div class=\"wp-block-buttons is-horizontal is-content-justification-center is-layout-flex wp-container-core-buttons-is-layout-499968f5 wp-block-buttons-is-layout-flex\"> <div class=\"wp-block-button has-custom-width wp-block-button__width-50\"><a class=\"wp-block-button__link has-text-color has-background wp-element-button\" href=\"https:\/\/wa.me\/+8617320158259\" style=\"border-radius:50px;color:#ffffff;background-color:#000000\" target=\"_blank\" rel=\"noopener\">Cont\u00e1ctenos<\/a><\/div> <\/div> <\/div><\/div>","protected":false},"excerpt":{"rendered":"<p>Taizy Machinery is a professional agricultural technology company specializing in the R&amp;D, production, and sales of forage processing equipment. With 20+ years of manufacturing experience, we provide efficient and reliable solutions for silage, straw recycling, feed processing, and livestock farming. Guided by \u201cQuality First, Customer Supreme,\u201d we continuously innovate to meet modern agricultural needs and [&hellip;]<\/p>\n","protected":false},"author":1,"featured_media":0,"parent":0,"menu_order":0,"comment_status":"closed","ping_status":"closed","template":"","meta":{"footnotes":""},"class_list":["post-13","page","type-page","status-publish","hentry"],"_links":{"self":[{"href":"https:\/\/balerwrapper.com\/es\/wp-json\/wp\/v2\/pages\/13","targetHints":{"allow":["GET"]}}],"collection":[{"href":"https:\/\/balerwrapper.com\/es\/wp-json\/wp\/v2\/pages"}],"about":[{"href":"https:\/\/balerwrapper.com\/es\/wp-json\/wp\/v2\/types\/page"}],"author":[{"embeddable":true,"href":"https:\/\/balerwrapper.com\/es\/wp-json\/wp\/v2\/users\/1"}],"replies":[{"embeddable":true,"href":"https:\/\/balerwrapper.com\/es\/wp-json\/wp\/v2\/comments?post=13"}],"version-history":[{"count":15,"href":"https:\/\/balerwrapper.com\/es\/wp-json\/wp\/v2\/pages\/13\/revisions"}],"predecessor-version":[{"id":1281,"href":"https:\/\/balerwrapper.com\/es\/wp-json\/wp\/v2\/pages\/13\/revisions\/1281"}],"wp:attachment":[{"href":"https:\/\/balerwrapper.com\/es\/wp-json\/wp\/v2\/media?parent=13"}],"curies":[{"name":"wp","href":"https:\/\/api.w.org\/{rel}","templated":true}]}}