{"id":743,"date":"2024-06-18T18:36:34","date_gmt":"2024-06-18T10:36:34","guid":{"rendered":"https:\/\/balerwrapper.com\/?post_type=product&#038;p=743"},"modified":"2026-04-23T16:46:14","modified_gmt":"2026-04-23T08:46:14","slug":"silage-baling-and-wrapping-machine","status":"publish","type":"product","link":"https:\/\/balerwrapper.com\/de\/product\/silage-baling-and-wrapping-machine\/","title":{"rendered":"9YDB-60 G\u00fcrteltyp Automatische Silageballen- und Wickelmaschine"},"content":{"rendered":"<div class=\"kk-star-ratings kksr-auto kksr-align-left kksr-valign-top\"     data-payload='{&quot;align&quot;:&quot;left&quot;,&quot;id&quot;:&quot;743&quot;,&quot;slug&quot;:&quot;default&quot;,&quot;valign&quot;:&quot;top&quot;,&quot;ignore&quot;:&quot;&quot;,&quot;reference&quot;:&quot;auto&quot;,&quot;class&quot;:&quot;&quot;,&quot;count&quot;:&quot;96&quot;,&quot;legendonly&quot;:&quot;&quot;,&quot;readonly&quot;:&quot;&quot;,&quot;score&quot;:&quot;4.9&quot;,&quot;starsonly&quot;:&quot;&quot;,&quot;best&quot;:&quot;5&quot;,&quot;gap&quot;:&quot;5&quot;,&quot;greet&quot;:&quot;Rate this product&quot;,&quot;legend&quot;:&quot;4.9\\\/5 - (96 votes)&quot;,&quot;size&quot;:&quot;24&quot;,&quot;title&quot;:&quot;9YDB-60 Belt-type Automatic Silage Baling And Wrapping Machine&quot;,&quot;width&quot;:&quot;139.6&quot;,&quot;_legend&quot;:&quot;{score}\\\/{best} - ({count} {votes})&quot;,&quot;font_factor&quot;:&quot;1.25&quot;}'>              <div class=\"kksr-stars\">      <div class=\"kksr-stars-inactive\">             <div class=\"kksr-star\" data-star=\"1\" style=\"padding-right: 5px\">               <div class=\"kksr-icon\" style=\"width: 24px; height: 24px;\"><\/div>         <\/div>             <div class=\"kksr-star\" data-star=\"2\" style=\"padding-right: 5px\">               <div class=\"kksr-icon\" style=\"width: 24px; height: 24px;\"><\/div>         <\/div>             <div class=\"kksr-star\" data-star=\"3\" style=\"padding-right: 5px\">               <div class=\"kksr-icon\" style=\"width: 24px; height: 24px;\"><\/div>         <\/div>             <div class=\"kksr-star\" data-star=\"4\" style=\"padding-right: 5px\">               <div class=\"kksr-icon\" style=\"width: 24px; height: 24px;\"><\/div>         <\/div>             <div class=\"kksr-star\" data-star=\"5\" style=\"padding-right: 5px\">               <div class=\"kksr-icon\" style=\"width: 24px; height: 24px;\"><\/div>         <\/div>     <\/div>      <div class=\"kksr-stars-active\" style=\"width: 139.6px;\">             <div class=\"kksr-star\" style=\"padding-right: 5px\">               <div class=\"kksr-icon\" style=\"width: 24px; height: 24px;\"><\/div>         <\/div>             <div class=\"kksr-star\" style=\"padding-right: 5px\">               <div class=\"kksr-icon\" style=\"width: 24px; height: 24px;\"><\/div>         <\/div>             <div class=\"kksr-star\" style=\"padding-right: 5px\">               <div class=\"kksr-icon\" style=\"width: 24px; height: 24px;\"><\/div>         <\/div>             <div class=\"kksr-star\" style=\"padding-right: 5px\">               <div class=\"kksr-icon\" style=\"width: 24px; height: 24px;\"><\/div>         <\/div>             <div class=\"kksr-star\" style=\"padding-right: 5px\">               <div class=\"kksr-icon\" style=\"width: 24px; height: 24px;\"><\/div>         <\/div>     <\/div> <\/div>                   <div class=\"kksr-legend\" style=\"font-size: 19.2px;\">             4,9\/5 - (96 Stimmen)    <\/div>     <\/div>  <p>Wir konzentrieren uns seit vielen Jahren auf die Produktion und den Export von Maschinen zum Pressen und Wickeln von Silage und haben reichhaltige Branchenerfahrung gesammelt. Jetzt sind wir stolz darauf, die neue Generation der 60-Typ-Gurt-Silagepressmaschine (9YDB-60) vorzustellen.<\/p>    <p>Die Ausr\u00fcstung verwendet ein Presskammerdesign mit einer Zickzackgurtstruktur und verf\u00fcgt \u00fcber viele intelligente Funktionen wie vollautomatisches Pressen, Folienziehen, \u00d6ffnen und Schlie\u00dfen der Klappe sowie R\u00fcckw\u00e4rtsausgabe der S\u00e4cke. <\/p>    <p>Es kann 50-75 Ballen pro Stunde pressen, jeder Ballen wiegt zwischen 90-140 kg, und die Ballengr\u00f6\u00dfe betr\u00e4gt \u03a6600\u00d7520mm. Die Dichte eines einzelnen Ballens \u00fcbersteigt 800kg\/m\u00b3, und die t\u00e4gliche Verarbeitungsleistung kann 48 Tonnen erreichen. Es ist eine ideale Ausr\u00fcstung zum Pressen und Wickeln in Ranches und der Zuchtindustrie.<\/p>    <figure class=\"wp-block-embed aligncenter is-type-video is-provider-youtube wp-block-embed-youtube wp-embed-aspect-16-9 wp-has-aspect-ratio\"><div class=\"wp-block-embed__wrapper\"> <iframe loading=\"lazy\" title=\"Die neueste revolution\u00e4re vollautomatische Ballenpress- und Verpackungsmaschine f\u00fcr Silagefutter!\" width=\"500\" height=\"281\" src=\"https:\/\/www.youtube.com\/embed\/R0KwAUTpV_s?feature=oembed\" frameborder=\"0\" allow=\"accelerometer; autoplay; clipboard-write; encrypted-media; gyroscope; picture-in-picture; web-share\" referrerpolicy=\"strict-origin-when-cross-origin\" allowfullscreen><\/iframe> <\/div><figcaption class=\"wp-element-caption\">Arbeitsvideo der Silageballen- und Wickelmaschine 9YDB-60<\/figcaption><\/figure>    <h2 class=\"wp-block-heading\">Anwendbare Gruppen der Maschine<\/h2>    <ul class=\"wp-block-list\"> <li>Bauernh\u00f6fe und Farmen: wie Milchbauernh\u00f6fe, Rinderfarmen, Schafh\u00f6fe usw. Es ist geeignet f\u00fcr das Pressen und die Lagerung gro\u00dfer Mengen Silage.<\/li>    <li>Agrarische Genossenschaften und Familienbetriebe: geeignet f\u00fcr kleine und mittlere Genossenschaftseinheiten, die Anbau und Tierhaltung kombinieren, die Effizienz bei Ernte und Lagerung verbessern und die Arbeitskosten senken.<\/li>    <li>Gro\u00dfe Agrarunternehmen: effiziente automatische Ballenoperation w\u00e4hrend der konzentrierten Silageerntezeit realisieren, die f\u00fcr den Transport und die langfristige Lagerung praktisch ist.<\/li>    <li>Anbieter von landwirtschaftlichen Maschinenverleihdiensten: geeignet, um Pressdienste als effiziente Betriebsausr\u00fcstung anzubieten, um verschiedene Kundenbed\u00fcrfnisse zu erf\u00fcllen.<\/li> <\/ul>   <div class=\"wp-block-image\"> <figure class=\"aligncenter size-full\"><img loading=\"lazy\" decoding=\"async\" width=\"720\" height=\"540\" src=\"https:\/\/balerwrapper.com\/wp-content\/uploads\/2024\/06\/application-of-silage-baling-machine.webp\" alt=\"Anwendung einer Silageballenpresse\" class=\"wp-image-746\" srcset=\"https:\/\/balerwrapper.com\/wp-content\/uploads\/2024\/06\/application-of-silage-baling-machine.webp 720w, https:\/\/balerwrapper.com\/wp-content\/uploads\/2024\/06\/application-of-silage-baling-machine-300x225.webp 300w, https:\/\/balerwrapper.com\/wp-content\/uploads\/2024\/06\/application-of-silage-baling-machine-16x12.webp 16w\" sizes=\"auto, (max-width: 720px) 100vw, 720px\" \/><figcaption class=\"wp-element-caption\">Anwendung von Silageballen- und Wickelmaschine<\/figcaption><\/figure> <\/div>   <h2 class=\"wp-block-heading\">Einsatzm\u00f6glichkeiten von Futterballenpressen-Wickelmaschinen<\/h2>    <ul class=\"wp-block-list\"> <li>Futterkonservierung: haupts\u00e4chlich verwendet, um verschiedene Futterarten wie Gras, Stroh, Silage usw. zu balen und zu filmen f\u00fcr die Langzeitlagerung. Das eingewickelte Futter ist von der Luft isoliert, um Fermentation und Schimmelbildung zu verhindern, wodurch der N\u00e4hrstoffgehalt des Futters erhalten bleibt.<\/li>    <li>Behandlung von landwirtschaftlichen Abf\u00e4llen: Es kann landwirtschaftliche Abf\u00e4lle wie Erntereste, Schalen, Maisst\u00e4ngel usw. verarbeiten und diese verpacken und lagern, um sie sp\u00e4ter als Futter oder f\u00fcr andere Zwecke zu verwenden, um die Umweltverschmutzung zu reduzieren.<\/li>    <li>Silageproduktion: Durch Folienbeschichtung und Fermentation werden frisches Futtergras oder Erntereste in hochn\u00e4hrstoffreiche Silage umgewandelt, die zur F\u00fctterung von Nutzvieh wie Rindern und Schafen geeignet ist, um ihre N\u00e4hrstoffstruktur zu verbessern.<\/li> <\/ul>    <figure class=\"wp-block-gallery has-nested-images columns-default is-cropped wp-block-gallery-2 is-layout-flex wp-block-gallery-is-layout-flex\"> <figure class=\"wp-block-image size-large\"><img loading=\"lazy\" decoding=\"async\" width=\"720\" height=\"540\" data-id=\"751\" src=\"https:\/\/balerwrapper.com\/wp-content\/uploads\/2024\/06\/forage-baling-machine.webp\" alt=\"Futterballenpresse\" class=\"wp-image-751\" srcset=\"https:\/\/balerwrapper.com\/wp-content\/uploads\/2024\/06\/forage-baling-machine.webp 720w, https:\/\/balerwrapper.com\/wp-content\/uploads\/2024\/06\/forage-baling-machine-300x225.webp 300w, https:\/\/balerwrapper.com\/wp-content\/uploads\/2024\/06\/forage-baling-machine-16x12.webp 16w\" sizes=\"auto, (max-width: 720px) 100vw, 720px\" \/><figcaption class=\"wp-element-caption\">Futterballenpresse<\/figcaption><\/figure>    <figure class=\"wp-block-image size-large\"><img loading=\"lazy\" decoding=\"async\" width=\"720\" height=\"540\" data-id=\"752\" src=\"https:\/\/balerwrapper.com\/wp-content\/uploads\/2024\/06\/silage-baling-and-wrapping-machine.webp\" alt=\"Silageballen- und Wickelmaschine\" class=\"wp-image-752\" srcset=\"https:\/\/balerwrapper.com\/wp-content\/uploads\/2024\/06\/silage-baling-and-wrapping-machine.webp 720w, https:\/\/balerwrapper.com\/wp-content\/uploads\/2024\/06\/silage-baling-and-wrapping-machine-300x225.webp 300w, https:\/\/balerwrapper.com\/wp-content\/uploads\/2024\/06\/silage-baling-and-wrapping-machine-16x12.webp 16w\" sizes=\"auto, (max-width: 720px) 100vw, 720px\" \/><figcaption class=\"wp-element-caption\">Silageballen- und Wickelmaschine<\/figcaption><\/figure> <\/figure>    <h2 class=\"wp-block-heading\">9YDB-60 Silageballenpress- und Wickelmaschinenstruktur<\/h2>    <p>Diese Maschine besteht im Wesentlichen aus zwei Teilen, einschlie\u00dflich dem Ballenbeh\u00e4lter und dem Folienwickelteil.<\/p>    <p>Die neue Silageballen- und Wickelmaschine 9YDB-60 unterscheidet sich von den Vorg\u00e4ngermodellen TZ-55-52 und TZ-70 dadurch, dass die ersten beiden Modelle Strohseile und Netzseile zum Pressen von Futter verwenden konnten, w\u00e4hrend die neue 9YDB-60 nur Strohseile und Netzseile zum Pressen von Futter verwenden kann transparente Kunststofffolie zum Ballenpressen.<\/p>   <div class=\"wp-block-image\"> <figure class=\"aligncenter size-full\"><img loading=\"lazy\" decoding=\"async\" width=\"720\" height=\"540\" src=\"https:\/\/balerwrapper.com\/wp-content\/uploads\/2024\/06\/belt-type-silage-baler-machine-structure.webp\" alt=\"Struktur der Band-Silageballenpresse\" class=\"wp-image-745\" srcset=\"https:\/\/balerwrapper.com\/wp-content\/uploads\/2024\/06\/belt-type-silage-baler-machine-structure.webp 720w, https:\/\/balerwrapper.com\/wp-content\/uploads\/2024\/06\/belt-type-silage-baler-machine-structure-300x225.webp 300w, https:\/\/balerwrapper.com\/wp-content\/uploads\/2024\/06\/belt-type-silage-baler-machine-structure-16x12.webp 16w\" sizes=\"auto, (max-width: 720px) 100vw, 720px\" \/><figcaption class=\"wp-element-caption\">Struktur der Band-Silageballenpresse<\/figcaption><\/figure> <\/div>   <h2 class=\"wp-block-heading\">Anzeige der Details der Heuballenpresse<\/h2>    <p>Nachdem wir die Gesamtstruktur der Siloballenpress- und Wickelmaschine verstanden haben, wollen wir nun die Details einiger wichtiger Komponenten n\u00e4her betrachten. Diese Komponenten spielen eine entscheidende Rolle f\u00fcr den effizienten Betrieb und die zuverl\u00e4ssige Leistung der Maschine. <\/p>    <p>Die folgenden Abschnitte verwenden einige detaillierte Darstellungsdiagramme, um Ihnen ein intuitiveres Verst\u00e4ndnis der strukturellen Details und Arbeitsprinzipien dieser Maschine zu vermitteln.<\/p>    <figure class=\"wp-block-gallery has-nested-images columns-2 is-cropped wp-block-gallery-3 is-layout-flex wp-block-gallery-is-layout-flex\"> <figure class=\"wp-block-image size-large\"><img loading=\"lazy\" decoding=\"async\" width=\"720\" height=\"540\" data-id=\"754\" src=\"https:\/\/balerwrapper.com\/wp-content\/uploads\/2024\/06\/Conveyor-belt-and-plastic-film.webp\" alt=\"F\u00f6rderband und Kunststofffolie\" class=\"wp-image-754\" srcset=\"https:\/\/balerwrapper.com\/wp-content\/uploads\/2024\/06\/Conveyor-belt-and-plastic-film.webp 720w, https:\/\/balerwrapper.com\/wp-content\/uploads\/2024\/06\/Conveyor-belt-and-plastic-film-300x225.webp 300w, https:\/\/balerwrapper.com\/wp-content\/uploads\/2024\/06\/Conveyor-belt-and-plastic-film-16x12.webp 16w\" sizes=\"auto, (max-width: 720px) 100vw, 720px\" \/><figcaption class=\"wp-element-caption\">F\u00f6rderband und Kunststofffolie<\/figcaption><\/figure>    <figure class=\"wp-block-image size-large\"><img loading=\"lazy\" decoding=\"async\" width=\"720\" height=\"540\" data-id=\"756\" src=\"https:\/\/balerwrapper.com\/wp-content\/uploads\/2024\/06\/PLC-control-cabinet-and-bin.webp\" alt=\"SPS-Schaltschrank und Beh\u00e4lter\" class=\"wp-image-756\" srcset=\"https:\/\/balerwrapper.com\/wp-content\/uploads\/2024\/06\/PLC-control-cabinet-and-bin.webp 720w, https:\/\/balerwrapper.com\/wp-content\/uploads\/2024\/06\/PLC-control-cabinet-and-bin-300x225.webp 300w, https:\/\/balerwrapper.com\/wp-content\/uploads\/2024\/06\/PLC-control-cabinet-and-bin-16x12.webp 16w\" sizes=\"auto, (max-width: 720px) 100vw, 720px\" \/><figcaption class=\"wp-element-caption\">SPS-Schaltschrank und Beh\u00e4lter<\/figcaption><\/figure>    <figure class=\"wp-block-image size-large\"><img loading=\"lazy\" decoding=\"async\" width=\"720\" height=\"540\" data-id=\"753\" src=\"https:\/\/balerwrapper.com\/wp-content\/uploads\/2024\/06\/baling-belt-and-wrap-machine.webp\" alt=\"Ballenpressband und Wickelmaschine\" class=\"wp-image-753\" srcset=\"https:\/\/balerwrapper.com\/wp-content\/uploads\/2024\/06\/baling-belt-and-wrap-machine.webp 720w, https:\/\/balerwrapper.com\/wp-content\/uploads\/2024\/06\/baling-belt-and-wrap-machine-300x225.webp 300w, https:\/\/balerwrapper.com\/wp-content\/uploads\/2024\/06\/baling-belt-and-wrap-machine-16x12.webp 16w\" sizes=\"auto, (max-width: 720px) 100vw, 720px\" \/><figcaption class=\"wp-element-caption\">Ballenpressband und Wickelmaschine<\/figcaption><\/figure>    <figure class=\"wp-block-image size-large\"><img loading=\"lazy\" decoding=\"async\" width=\"720\" height=\"540\" data-id=\"755\" src=\"https:\/\/balerwrapper.com\/wp-content\/uploads\/2024\/06\/film-cutter-and-intelligent-alarming.webp\" alt=\"Filmschneider und intelligente Alarmierung\" class=\"wp-image-755\" srcset=\"https:\/\/balerwrapper.com\/wp-content\/uploads\/2024\/06\/film-cutter-and-intelligent-alarming.webp 720w, https:\/\/balerwrapper.com\/wp-content\/uploads\/2024\/06\/film-cutter-and-intelligent-alarming-300x225.webp 300w, https:\/\/balerwrapper.com\/wp-content\/uploads\/2024\/06\/film-cutter-and-intelligent-alarming-16x12.webp 16w\" sizes=\"auto, (max-width: 720px) 100vw, 720px\" \/><figcaption class=\"wp-element-caption\">Filmschneider und intelligente Alarmierung<\/figcaption><\/figure> <\/figure>    <h2 class=\"wp-block-heading\">Funktionsprinzip der Silageballenpresse<\/h2>   <div id=\"rank-math-howto\" class=\"rank-math-block\" > <div class=\"rank-math-howto-description\"> <img loading=\"lazy\" decoding=\"async\" width=\"720\" height=\"540\" src=\"https:\/\/balerwrapper.com\/wp-content\/uploads\/2024\/06\/silage-feed-compact-baler.webp\" class=\"attachment-full size-full\" alt=\"Kompaktballenpresse f\u00fcr Silagefutter\" srcset=\"https:\/\/balerwrapper.com\/wp-content\/uploads\/2024\/06\/silage-feed-compact-baler.webp 720w, https:\/\/balerwrapper.com\/wp-content\/uploads\/2024\/06\/silage-feed-compact-baler-300x225.webp 300w, https:\/\/balerwrapper.com\/wp-content\/uploads\/2024\/06\/silage-feed-compact-baler-16x12.webp 16w\" sizes=\"auto, (max-width: 720px) 100vw, 720px\" \/> <p class=\"translation-block\">Die Rohmaterialien der Silageballen- und Wickelmaschine werden normalerweise von einem H\u00e4ckselger\u00e4t verarbeitet. Je nach Ihren Anforderungen an die Feinheit der fertigen Silage bieten wir verschiedene Arten von Heuh\u00e4ckselmaschinen an. Sie k\u00f6nnen mehr dar\u00fcber erfahren, indem Sie auf <strong><em><a href=\"https:\/\/balerwrapper.com\/de\/products\/chaff-cutter\/\">https:\/\/balerwrapper.com\/products\/chaff-cutter\/<\/a><\/em><\/strong> klicken. Das verarbeitete Heu wird durch den folgenden Prozess gepresst und gewickelt.<\/p>  <\/div>  <div class=\"rank-math-steps\"> <div id=\"howto-step-1718700563266\" class=\"rank-math-step\"> <h3 class=\"rank-math-step-title\">Ballenpressen von Silagefutter<\/h3> <div class=\"rank-math-step-content\"><p>\u00dcber das Zuf\u00fchrband wird das Futter schnell und gleichm\u00e4\u00dfig in den Ballenbeh\u00e4lter gef\u00f6rdert. Die Pressvorrichtungen wie das Fischgr\u00e4tenband im Beh\u00e4lter verdichten das Futter zu kompakten zylindrischen Ballen von etwa 120 kg, die dann mit Kunststofffolie umwickelt werden.<\/p> <\/div> <\/div> <div id=\"howto-step-1718700622406\" class=\"rank-math-step\"> <h3 class=\"rank-math-step-title\">Verpackungsteil<\/h3> <div class=\"rank-math-step-content\"><p>Die zusammengebundenen Ballen werden von einer Folienwickelvorrichtung umwickelt, die die Kunststofffolie automatisch abzieht und gleichm\u00e4\u00dfig um die Oberfl\u00e4che des Ballens wickelt, um sicherzustellen, dass der Ballen vollst\u00e4ndig in die Folie eingewickelt ist, um die Luft zu isolieren und G\u00e4rung und Schimmelbildung zu verhindern.<\/p> <\/div> <\/div> <\/div> <\/div>       <figure class=\"wp-block-gallery has-nested-images columns-default is-cropped wp-block-gallery-4 is-layout-flex wp-block-gallery-is-layout-flex\"> <figure class=\"wp-block-image size-large\"><img loading=\"lazy\" decoding=\"async\" width=\"720\" height=\"540\" data-id=\"749\" src=\"https:\/\/balerwrapper.com\/wp-content\/uploads\/2024\/06\/livestock-feed-baling-machine.webp\" alt=\"Ballenpresse f\u00fcr Viehfutter\" class=\"wp-image-749\" srcset=\"https:\/\/balerwrapper.com\/wp-content\/uploads\/2024\/06\/livestock-feed-baling-machine.webp 720w, https:\/\/balerwrapper.com\/wp-content\/uploads\/2024\/06\/livestock-feed-baling-machine-300x225.webp 300w, https:\/\/balerwrapper.com\/wp-content\/uploads\/2024\/06\/livestock-feed-baling-machine-16x12.webp 16w\" sizes=\"auto, (max-width: 720px) 100vw, 720px\" \/><figcaption class=\"wp-element-caption\">Ballenpresse f\u00fcr Viehfutter<\/figcaption><\/figure>    <figure class=\"wp-block-image size-large\"><img loading=\"lazy\" decoding=\"async\" width=\"720\" height=\"540\" data-id=\"750\" src=\"https:\/\/balerwrapper.com\/wp-content\/uploads\/2024\/06\/silage-round-baler-for-sale.webp\" alt=\"Silage-Rundballenpresse zu verkaufen\" class=\"wp-image-750\" srcset=\"https:\/\/balerwrapper.com\/wp-content\/uploads\/2024\/06\/silage-round-baler-for-sale.webp 720w, https:\/\/balerwrapper.com\/wp-content\/uploads\/2024\/06\/silage-round-baler-for-sale-300x225.webp 300w, https:\/\/balerwrapper.com\/wp-content\/uploads\/2024\/06\/silage-round-baler-for-sale-16x12.webp 16w\" sizes=\"auto, (max-width: 720px) 100vw, 720px\" \/><figcaption class=\"wp-element-caption\">Silage-Rundballenpresse zu verkaufen<\/figcaption><\/figure> <\/figure>    <h2 class=\"wp-block-heading\">Technische Parameter der automatischen Futterballenpresse<\/h2>    <figure class=\"wp-block-table is-style-stripes\"><table><tbody><tr><td>Modell<\/td><td>Oberstes G\u00fcrtelmodell 9YDB-60<\/td><td>Ballengr\u00f6\u00dfe (mm)<\/td><td>\u03a6600*520<\/td><\/tr><tr><td>Ballengewicht (kg)<\/td><td>90-140<\/td><td>Unterst\u00fctzungsleistung (kW)<\/td><td>7,5 kW-6<\/td><\/tr><tr><td>Nenngeschwindigkeit (U\/min)<\/td><td>350<\/td><td>Luftkompressormotor<\/td><td>1,5 kW<\/td><\/tr><tr><td>Ballenbindemodus<\/td><td>Automatisch<\/td><td>Luftpumpenvolumen (Liter)<\/td><td>30<\/td><\/tr><tr><td>Anzahl Aluminiumrollen (Stk.)<\/td><td>8 Rollen f\u00fcr beweglichen Beh\u00e4lter<br>Fester Beh\u00e4lter mit 9 Rollen<\/td><td>Motor der Folienverpackungsmaschine<\/td><td>0,75 kW<\/td><\/tr><tr><td>Folienverpackungsschichten<\/td><td>Z\u00e4hlereinstellung<\/td><td>Wandst\u00e4rke innen (mm)<\/td><td>6<\/td><\/tr><tr><td>B\u00fcndelmaterial<\/td><td>Futterfolie aus Kunststoff<\/td><td>Filmziehmethode<\/td><td>Automatisch<\/td><\/tr><tr><td>Kunststofffolienband<\/td><td>Z\u00e4hlereinstellung<\/td><td>Geschwindigkeitsreduzierer f\u00fcr Folienverpackungsmaschinen<\/td><td>Schneckengetriebe<\/td><\/tr><tr><td>Dichteanpassung<\/td><td>Kleine Superman-Stromanpassung<\/td><td>Betrieb des Stromverteilers<\/td><td>Manueller\/automatischer Betrieb<\/td><\/tr><tr><td>Rollenlager aus Aluminium<\/td><td>FC205 (4 Befestigungsschrauben)<\/td><td>Andruckrolle<\/td><td>8 Fl\u00f6te<\/td><\/tr><tr><td>F\u00f6rderband (mm)<\/td><td>L 2500\u00d7517<\/td><td>Dicke der Rollachse (mm)<\/td><td>30<\/td><\/tr><tr><td>Dicke des festen Beh\u00e4lterbands (mm) (Zickzackband)<\/td><td>2300&#215;517<\/td><td>Ausladendes Luftgewehr<\/td><td>Ja<\/td><\/tr><tr><td>Dicke des beweglichen Beh\u00e4lterbands (mm) (Zickzackband)<\/td><td>2470&#215;517<\/td><td>Lagermontagemethode<\/td><td>Die Maschine ist komplett extern.<\/td><\/tr><tr><td>Beltst\u00e4rke (mm)<\/td><td>5<\/td><td><strong>&nbsp;<\/strong><\/td><td><strong>&nbsp;<\/strong><\/td><\/tr><tr><td>Rollenmaterial aus Aluminium<\/td><td>Guss aus Aluminiumlegierung<\/td><td>Maschinengr\u00f6\u00dfe (mm)<\/td><td>3500*1450*1550<\/td><\/tr><tr><td>Kettenmodell<\/td><td>12A Industriekette<\/td><td>Filmk\u00e4mmrahmen<\/td><td>Doppelfeder im neuen Stil<\/td><\/tr><tr><td>Kapazit\u00e4t<\/td><td>50-75 B\u00fcndel\/h<\/td><td>Ganze Maschine<\/td><td>Kunststoffspritzen<\/td><\/tr><tr><td>\u00d6ffnen und Schlie\u00dfen des M\u00fclleimers<\/td><td>Automatisch<\/td><td>Das B\u00fcndel umdrehen und zur\u00fcckgeben<\/td><td>Automatisch<\/td><\/tr><tr><td>Passende Innenfolie (Spezifikation)<\/td><td>2000 m L\u00e4nge, 525 mm Breite, 15 kg<\/td><td>Passender Futterfilm<br>(L*B*H)<\/td><td>1800 m * 250 mm * 25 mm<\/td><\/tr><\/tbody><\/table><figcaption class=\"wp-element-caption\">Detaillierte technische Informationen zur Silageballen- und Wickelmaschine 9YDB-60<\/figcaption><\/figure>    <h2 class=\"wp-block-heading\">St\u00fctzvorrichtung f\u00fcr die Wickelvorrichtung einer Silagepresse<\/h2>    <p class=\"translation-block\">Bei der Verwendung dieser <a href=\"https:\/\/en.wikipedia.org\/wiki\/Silage\" target=\"_blank\" rel=\"noopener\">Silage<\/a>-Ballenpress- und Wickelmaschine empfehlen wir die Verwendung eines automatischen F\u00fctters, um sicherzustellen, dass das Futter kontinuierlich und gleichm\u00e4\u00dfig zugef\u00fchrt werden kann. Dar\u00fcber hinaus stellen wir kostenlos einen Wagen zur Verf\u00fcgung, um den Transport der fertigen Ballen zu erleichtern.<\/p>    <figure class=\"wp-block-gallery has-nested-images columns-default is-cropped wp-block-gallery-5 is-layout-flex wp-block-gallery-is-layout-flex\"> <figure class=\"wp-block-image size-large\"><img loading=\"lazy\" decoding=\"async\" width=\"720\" height=\"540\" data-id=\"748\" src=\"https:\/\/balerwrapper.com\/wp-content\/uploads\/2024\/06\/silage-feeder-with-baler-machine.webp\" alt=\"Silagezuf\u00fchrung und Ballenpresse\" class=\"wp-image-748\" srcset=\"https:\/\/balerwrapper.com\/wp-content\/uploads\/2024\/06\/silage-feeder-with-baler-machine.webp 720w, https:\/\/balerwrapper.com\/wp-content\/uploads\/2024\/06\/silage-feeder-with-baler-machine-300x225.webp 300w, https:\/\/balerwrapper.com\/wp-content\/uploads\/2024\/06\/silage-feeder-with-baler-machine-16x12.webp 16w\" sizes=\"auto, (max-width: 720px) 100vw, 720px\" \/><figcaption class=\"wp-element-caption\">Silagezuf\u00fchrung und Ballenpresse<\/figcaption><\/figure>    <figure class=\"wp-block-image size-large\"><img loading=\"lazy\" decoding=\"async\" width=\"720\" height=\"540\" data-id=\"747\" src=\"https:\/\/balerwrapper.com\/wp-content\/uploads\/2024\/06\/hay-baler-machine.webp\" alt=\"Heuballenpresse mit Zuf\u00fchrung\" class=\"wp-image-747\" srcset=\"https:\/\/balerwrapper.com\/wp-content\/uploads\/2024\/06\/hay-baler-machine.webp 720w, https:\/\/balerwrapper.com\/wp-content\/uploads\/2024\/06\/hay-baler-machine-300x225.webp 300w, https:\/\/balerwrapper.com\/wp-content\/uploads\/2024\/06\/hay-baler-machine-16x12.webp 16w\" sizes=\"auto, (max-width: 720px) 100vw, 720px\" \/><figcaption class=\"wp-element-caption\">Heuballenpresse mit Zuf\u00fchrung<\/figcaption><\/figure> <\/figure>    <p class=\"translation-block\">Wenn Sie mehr \u00fcber andere Arten von Silageballen- und Wickelmaschinen erfahren m\u00f6chten, klicken Sie bitte auf <a href=\"https:\/\/balerwrapper.com\/de\/product\/corn-silage-baler-machine\/\"><strong><em>Automatische Maissilageballenmaschine zur Futterkonservierung<\/em><\/strong><\/a> und <a href=\"https:\/\/balerwrapper.com\/de\/product\/silage-wrapping-machine\/\"><strong><em>Silagewickelmaschine Heuballenpresse zu verkaufen<\/em><\/strong><\/a>.<\/p>    <p>Wenn Sie Fragen oder W\u00fcnsche zu unseren Produkten haben, k\u00f6nnen Sie sich gerne an uns wenden. Wir laden Sie auch herzlich ein, unsere Fabrik zu besuchen, um sich pers\u00f6nlich \u00fcber unseren Produktionsprozess und den Anlagenbetrieb zu informieren. Wir freuen uns auf die Zusammenarbeit mit Ihnen!<\/p>","protected":false},"excerpt":{"rendered":"<p>Diese neue automatische Silageballen- und -wickelmaschine 9YDB-60 verf\u00fcgt \u00fcber ein Fischgr\u00e4tenbanddesign und kann 50\u201375 Ballen pro Stunde b\u00fcndeln, was f\u00fcr die Silageverpackung und -konservierung geeignet ist.<\/p>","protected":false},"author":1,"featured_media":1207,"parent":0,"template":"","tags":[45,39,35],"product-type":[7],"class_list":["post-743","product","type-product","status-publish","has-post-thumbnail","hentry","tag-forage","tag-hay","tag-silage","product-type-silage-baler"],"_links":{"self":[{"href":"https:\/\/balerwrapper.com\/de\/wp-json\/wp\/v2\/product\/743","targetHints":{"allow":["GET"]}}],"collection":[{"href":"https:\/\/balerwrapper.com\/de\/wp-json\/wp\/v2\/product"}],"about":[{"href":"https:\/\/balerwrapper.com\/de\/wp-json\/wp\/v2\/types\/product"}],"author":[{"embeddable":true,"href":"https:\/\/balerwrapper.com\/de\/wp-json\/wp\/v2\/users\/1"}],"wp:featuredmedia":[{"embeddable":true,"href":"https:\/\/balerwrapper.com\/de\/wp-json\/wp\/v2\/media\/1207"}],"wp:attachment":[{"href":"https:\/\/balerwrapper.com\/de\/wp-json\/wp\/v2\/media?parent=743"}],"wp:term":[{"taxonomy":"post_tag","embeddable":true,"href":"https:\/\/balerwrapper.com\/de\/wp-json\/wp\/v2\/tags?post=743"},{"taxonomy":"product-type","embeddable":true,"href":"https:\/\/balerwrapper.com\/de\/wp-json\/wp\/v2\/product-type?post=743"}],"curies":[{"name":"wp","href":"https:\/\/api.w.org\/{rel}","templated":true}]}}