{"id":69,"date":"2022-08-26T02:33:07","date_gmt":"2022-08-26T02:33:07","guid":{"rendered":"https:\/\/balerwrapper.com\/?post_type=product&#038;p=69"},"modified":"2025-06-16T18:24:07","modified_gmt":"2025-06-16T10:24:07","slug":"hydraulic-baler-machine","status":"publish","type":"product","link":"https:\/\/balerwrapper.com\/de\/product\/hydraulic-baler-machine\/","title":{"rendered":"Hydraulische Ballenpresse f\u00fcr Heuballenpressen"},"content":{"rendered":"<div class=\"kk-star-ratings kksr-auto kksr-align-left kksr-valign-top\"     data-payload='{&quot;align&quot;:&quot;left&quot;,&quot;id&quot;:&quot;69&quot;,&quot;slug&quot;:&quot;default&quot;,&quot;valign&quot;:&quot;top&quot;,&quot;ignore&quot;:&quot;&quot;,&quot;reference&quot;:&quot;auto&quot;,&quot;class&quot;:&quot;&quot;,&quot;count&quot;:&quot;85&quot;,&quot;legendonly&quot;:&quot;&quot;,&quot;readonly&quot;:&quot;&quot;,&quot;score&quot;:&quot;4.8&quot;,&quot;starsonly&quot;:&quot;&quot;,&quot;best&quot;:&quot;5&quot;,&quot;gap&quot;:&quot;5&quot;,&quot;greet&quot;:&quot;Rate this product&quot;,&quot;legend&quot;:&quot;4.8\\\/5 - (85 votes)&quot;,&quot;size&quot;:&quot;24&quot;,&quot;title&quot;:&quot;Hydraulic Baler Machine Hay Baling Equipment&quot;,&quot;width&quot;:&quot;136.7&quot;,&quot;_legend&quot;:&quot;{score}\\\/{best} - ({count} {votes})&quot;,&quot;font_factor&quot;:&quot;1.25&quot;}'>              <div class=\"kksr-stars\">      <div class=\"kksr-stars-inactive\">             <div class=\"kksr-star\" data-star=\"1\" style=\"padding-right: 5px\">               <div class=\"kksr-icon\" style=\"width: 24px; height: 24px;\"><\/div>         <\/div>             <div class=\"kksr-star\" data-star=\"2\" style=\"padding-right: 5px\">               <div class=\"kksr-icon\" style=\"width: 24px; height: 24px;\"><\/div>         <\/div>             <div class=\"kksr-star\" data-star=\"3\" style=\"padding-right: 5px\">               <div class=\"kksr-icon\" style=\"width: 24px; height: 24px;\"><\/div>         <\/div>             <div class=\"kksr-star\" data-star=\"4\" style=\"padding-right: 5px\">               <div class=\"kksr-icon\" style=\"width: 24px; height: 24px;\"><\/div>         <\/div>             <div class=\"kksr-star\" data-star=\"5\" style=\"padding-right: 5px\">               <div class=\"kksr-icon\" style=\"width: 24px; height: 24px;\"><\/div>         <\/div>     <\/div>      <div class=\"kksr-stars-active\" style=\"width: 136.7px;\">             <div class=\"kksr-star\" style=\"padding-right: 5px\">               <div class=\"kksr-icon\" style=\"width: 24px; height: 24px;\"><\/div>         <\/div>             <div class=\"kksr-star\" style=\"padding-right: 5px\">               <div class=\"kksr-icon\" style=\"width: 24px; height: 24px;\"><\/div>         <\/div>             <div class=\"kksr-star\" style=\"padding-right: 5px\">               <div class=\"kksr-icon\" style=\"width: 24px; height: 24px;\"><\/div>         <\/div>             <div class=\"kksr-star\" style=\"padding-right: 5px\">               <div class=\"kksr-icon\" style=\"width: 24px; height: 24px;\"><\/div>         <\/div>             <div class=\"kksr-star\" style=\"padding-right: 5px\">               <div class=\"kksr-icon\" style=\"width: 24px; height: 24px;\"><\/div>         <\/div>     <\/div> <\/div>                   <div class=\"kksr-legend\" style=\"font-size: 19.2px;\">             4,8\/5 - (85 Stimmen)    <\/div>     <\/div>  <p>Die Silage-Hydraulikballenmaschine ist ein hocheffizientes Ger\u00e4t, das f\u00fcr das Pressen und die Lagerung von Futter, Stroh, Maisst\u00e4ngeln und anderen Pflanzenst\u00e4ngeln entwickelt wurde. <\/p>    <p>Durch das hydraulische Extrusionssystem kann loses Stroh und Futter zu kompakten quaderf\u00f6rmigen Ballen (700\u00d7400\u00d7300mm Standardbl\u00f6cke) mit einer Dichte von \u2265800kg\/m\u00b3 gepresst werden. <\/p>    <p>Und es verwendet eine PE+PP-Doppelschichtverpackung, die die Aktivit\u00e4t von Futtermilchs\u00e4urebakterien um 300 % erh\u00f6ht und die N\u00e4hrstofferhaltungsrate &gt; 85 % betr\u00e4gt. Die Frischehaltbarkeit betr\u00e4gt bis zu 2-3 Jahre.<\/p>    <figure class=\"wp-block-embed aligncenter is-type-video is-provider-youtube wp-block-embed-youtube wp-embed-aspect-16-9 wp-has-aspect-ratio\"><div class=\"wp-block-embed__wrapper\"> <iframe loading=\"lazy\" title=\"Betrieb der hocheffizienten hydraulischen Strohballenpresse | Umweltfreundliche landwirtschaftliche Werkzeuge Teilen!\" width=\"500\" height=\"281\" src=\"https:\/\/www.youtube.com\/embed\/GI3he-Y3oDc?feature=oembed\" frameborder=\"0\" allow=\"accelerometer; autoplay; clipboard-write; encrypted-media; gyroscope; picture-in-picture; web-share\" referrerpolicy=\"strict-origin-when-cross-origin\" allowfullscreen><\/iframe> <\/div><figcaption class=\"wp-element-caption\">Arbeitsvideo zur Dreizylinder-Hydraulikballenpresse<\/figcaption><\/figure>    <p>Je nach Produktionsbedarf wird die Ausr\u00fcstung in zwei Modelle unterteilt: hydraulische Ballenpresse mit Doppelzylinder und hydraulische Ballenpresse mit Dreizylinder:<\/p>    <ul class=\"wp-block-list\"> <li>Hydraulische Ballenpresse mit Doppelzylinder: unterst\u00fctzt Motor- oder Dieselantrieb, anwendbar, bequem und flexibel.<\/li>    <li>Hydraulische Ballenpresse mit Dreizylinder: unterst\u00fctzt nur Motorantrieb, h\u00f6here Effizienz, gr\u00f6\u00dfere Dichte der Fertigprodukte, h\u00f6here Kapazit\u00e4t pro Stunde.<\/li> <\/ul>    <p>Gleichzeitig kann es mit einem Guillotine-Zerkleinerer verwendet werden, um das Gras zuerst zu schneiden und dann in den Pressprozess einzutreten, um die Presswirkung und die Silagequalit\u00e4t zu verbessern.<\/p>    <figure class=\"wp-block-gallery has-nested-images columns-default is-cropped wp-block-gallery-2 is-layout-flex wp-block-gallery-is-layout-flex\"> <figure class=\"wp-block-image size-large\"><img loading=\"lazy\" decoding=\"async\" width=\"720\" height=\"540\" data-id=\"179\" src=\"https:\/\/balerwrapper.com\/wp-content\/uploads\/2022\/08\/haydraulic-baler-machine-.jpg\" alt=\"hydraulische Ballenpresse\" class=\"wp-image-179\" title=\"hydraulische Ballenpresse\"\/><figcaption class=\"wp-element-caption\">hydraulische Ballenpresse<\/figcaption><\/figure>    <figure class=\"wp-block-image size-large\"><img loading=\"lazy\" decoding=\"async\" width=\"720\" height=\"540\" data-id=\"180\" src=\"https:\/\/balerwrapper.com\/wp-content\/uploads\/2022\/08\/baler-press-machine-.webp\" alt=\"Ballenpresse\" class=\"wp-image-180\" title=\"Ballenpresse\"\/><figcaption class=\"wp-element-caption\">Ballenpresse<\/figcaption><\/figure> <\/figure>    <h2 class=\"wp-block-heading\" id=\"h-using-scopes-of-the-hydraulic-hay-baler\">Verwendung von Silage-Hydraulikpressen-Balern<\/h2>    <p class=\"translation-block\"><strong>Rohmaterialien: <\/strong>Die Hydraulikballenpresse kann Stroh, Heu, Sorghum, Maissilage, Maisstroh, Weizenk straw, Erdnusss\u00e4mlinge, Baumwollstroh, Alfalfa-Gras, Mykorrhiza usw. verarbeiten. Wir k\u00f6nnen diese Futtermittel verwenden, um Rindern, Schafen, Pferden, Schweinen, Kaninchen und anderem Vieh Nahrung zu geben.<br><strong>Benutzer:<\/strong> Die Hydraulikballenpresse ist eine unverzichtbare Ausr\u00fcstung f\u00fcr Tierhaltung, Papierherstellung, Rinder- und Schafzucht, Futterverteilung und Strohenergieerzeugung.<\/p>   <div class=\"wp-block-image\"> <figure class=\"aligncenter size-full\"><img loading=\"lazy\" decoding=\"async\" width=\"720\" height=\"540\" src=\"https:\/\/balerwrapper.com\/wp-content\/uploads\/2022\/08\/hydraulic-hay-baler-.webp\" alt=\"hydraulische Heuballenpresse\" class=\"wp-image-171\" title=\"hydraulische Heuballenpresse\"\/><figcaption class=\"wp-element-caption\">hydraulische Heuballenpresse<\/figcaption><\/figure> <\/div>   <h2 class=\"wp-block-heading\" id=\"h-structure-of-the-press-baler\">Aufbau der hydraulischen Presse-Balermaschine<\/h2>    <h3 class=\"wp-block-heading\" id=\"h-the-structure-of-the-double-cylinder-hay-and-straw-baler\">Aufbau der Doppelzylinder-Heu- und Strohbaler<\/h3>    <p>Dieses Modell einer hydraulischen Ballenpresse umfasst haupts\u00e4chlich eine feste Halterung, Strom, K\u00fchlger\u00e4t, \u00d6lbeh\u00e4lter, Hydraulikzylinder, elektrische Feuerl\u00f6schausr\u00fcstung, \u00d6lleitung, \u00d6labscheider usw.<\/p>    <figure class=\"wp-block-gallery aligncenter has-nested-images columns-default is-cropped wp-block-gallery-3 is-layout-flex wp-block-gallery-is-layout-flex\"> <figure class=\"wp-block-image size-large\"><img loading=\"lazy\" decoding=\"async\" width=\"720\" height=\"540\" data-id=\"174\" src=\"https:\/\/balerwrapper.com\/wp-content\/uploads\/2022\/08\/double-cylinder-hay-and-straw-baler-.webp\" alt=\"Doppelzylinder-Heu- und Strohballenpresse\" class=\"wp-image-174\" title=\"Doppelzylinder-Heu- und Strohballenpresse\"\/><figcaption class=\"wp-element-caption\">Doppelzylinder-Heu- und Strohballenpresse<\/figcaption><\/figure>    <figure class=\"wp-block-image size-large\"><img loading=\"lazy\" decoding=\"async\" width=\"720\" height=\"540\" data-id=\"175\" src=\"https:\/\/balerwrapper.com\/wp-content\/uploads\/2022\/08\/haydraulic-hay-baler-.webp\" alt=\"hydraulische Heuballenpresse\" class=\"wp-image-175\" title=\"hydraulische Heuballenpresse\"\/><figcaption class=\"wp-element-caption\">hydraulische Heuballenpresse<\/figcaption><\/figure> <\/figure>    <h3 class=\"wp-block-heading\" id=\"h-3-cylinder-hydraulic-baler-structure\">3-Zylinder-Hydraulik-Ballenpressenstruktur<\/h3>    <figure class=\"wp-block-gallery aligncenter has-nested-images columns-default is-cropped wp-block-gallery-4 is-layout-flex wp-block-gallery-is-layout-flex\"> <figure class=\"wp-block-image size-large\"><img loading=\"lazy\" decoding=\"async\" width=\"720\" height=\"540\" data-id=\"177\" src=\"https:\/\/balerwrapper.com\/wp-content\/uploads\/2022\/08\/3-cylinder-hydraulic-baler-.webp\" alt=\"3-Zylinder-Hydraulikballenpresse \" class=\"wp-image-177\" title=\"3-Zylinder-Hydraulikballenpresse \"\/><figcaption class=\"wp-element-caption\">3-Zylinder-Hydraulikballenpresse <\/figcaption><\/figure>    <figure class=\"wp-block-image size-large\"><img loading=\"lazy\" decoding=\"async\" width=\"720\" height=\"540\" data-id=\"178\" src=\"https:\/\/balerwrapper.com\/wp-content\/uploads\/2022\/08\/wheat-hay-baler-.webp\" alt=\"Ballenpresse f\u00fcr Weizenheu \" class=\"wp-image-178\" title=\"Ballenpresse f\u00fcr Weizenheu \"\/><figcaption class=\"wp-element-caption\">Ballenpresse f\u00fcr Weizenheu <\/figcaption><\/figure> <\/figure>    <h2 class=\"wp-block-heading\" id=\"h-machine-s-parameters\">Parameter der hydraulischen Presse<\/h2>    <h3 class=\"wp-block-heading\" id=\"h-double-cylinder-baler\">Doppelzylinder-Ballenpresse <\/h3>    <figure class=\"wp-block-table is-style-stripes\"><table><tbody><tr><td>Modell<\/td><td>9YK-70<\/td><\/tr><tr><td>Leistung<\/td><td>15-kW-Motor oder 28-PS-Dieselmotor<\/td><\/tr><tr><td>Verschiebung des \u00d6lzylinders<\/td><td>63\u201380 l\/min<\/td><\/tr><tr><td>Der normale Druck des \u00d6lzylinders<\/td><td>16 MPa<\/td><\/tr><tr><td>Ballengr\u00f6\u00dfe<\/td><td>700*400*300mm<\/td><\/tr><tr><td>Ballendichte<\/td><td>300-400kg\/h<\/td><\/tr><tr><td>B\u00fcndelungseffizienz<\/td><td>1-2t\/h<\/td><\/tr><tr><td>Gewicht<\/td><td>1500 kg<\/td><\/tr><tr><td>Dimension<\/td><td>3400*2800*2700mm<\/td><\/tr><tr><td>Geschwindigkeit des B\u00fcndelkolbens<\/td><td>4-8m\/min<\/td><\/tr><\/tbody><\/table><figcaption class=\"wp-element-caption\">Parameter der Doppelzylinder-Ballenpresse<\/figcaption><\/figure>    <h3 class=\"wp-block-heading\" id=\"h-silage-baler-machine\">Dreizylinder-Silagepresse<\/h3>    <figure class=\"wp-block-table is-style-stripes\"><table><tbody><tr><td>Artikel<\/td><td>9YK-130<\/td><\/tr><tr><td>Leistung<\/td><td>22 kW<\/td><\/tr><tr><td>Verschiebung des \u00d6lzylinders<\/td><td>80 l\/min<\/td><\/tr><tr><td>Normaldruck des \u00d6lzylinders<\/td><td>18 MPa<\/td><\/tr><tr><td>Ballengr\u00f6\u00dfe<\/td><td>700*400*300mm<\/td><\/tr><tr><td>Effizienz b\u00fcndeln<\/td><td>6-8t\/h<\/td><\/tr><tr><td>Ballendichte<\/td><td>800\u20131100 kg\/m<sup>3<\/sup><sup><\/sup><\/td><\/tr><tr><td>Gewicht<\/td><td>2600 kg\/h<\/td><\/tr><tr><td>Dimension<\/td><td>4300*2800*2000mm<\/td><\/tr><tr><td>Geschwindigkeit des B\u00fcndelkolbens<\/td><td>4-8m\/min<\/td><\/tr><\/tbody><\/table><figcaption class=\"wp-element-caption\">Maschinenparameter der Silagepresse<\/figcaption><\/figure>    <h2 class=\"wp-block-heading\" id=\"h-how-does-the-hydraulic-baler-work\">Wie funktioniert die hydraulische Ballenpresse? <\/h2>   <div id=\"rank-math-howto\" class=\"rank-math-block\" > <div class=\"rank-math-howto-description\">  <p>Beide geben zuerst das Futter in die Maschine. Schalten Sie die hydraulische Ballenpresse ein, wenn der Hauptzylinder horizontal gedr\u00fcckt und verdichtet wird und die Seitenzylinder in L\u00e4ngsrichtung verdichtet werden. Abschlie\u00dfend schiebt der Schiebekopf den Ballen in den Sack. Beenden Sie den gesamten Pressvorgang.<\/p>  <\/div>  <div class=\"rank-math-steps\"> <div id=\"howto-step-1717139105042\" class=\"rank-math-step\"> <div class=\"rank-math-step-content\"><p>Bereiten Sie Gras, Stroh oder andere Rohstoffe durch manuelles Abwerfen oder F\u00f6rderband in den Eingang der hydraulischen Ballenpresse vor.<\/p> <\/div> <\/div> <div id=\"howto-step-1717139142953\" class=\"rank-math-step\"> <div class=\"rank-math-step-content\"><p>Die Heuschneidemaschine oder Strohknetmaschine zerkleinert die hinzugef\u00fcgten Rohstoffe und mahlt sie f\u00fcr die Verarbeitung und Herstellung.<\/p> <\/div> <\/div> <div id=\"howto-step-1717139148210\" class=\"rank-math-step\"> <div class=\"rank-math-step-content\"><p>Der Strohsack wird am Ausgang platziert, um das fertige Material nach der Verarbeitung zu verpacken.<\/p> <\/div> <\/div> <div id=\"howto-step-1717139154097\" class=\"rank-math-step\"> <div class=\"rank-math-step-content\"><p>Automatischer Schaltschrank, ein Schl\u00fcssel zum Starten der Verarbeitung und Verpackung, einfach und bequem.<\/p> <\/div> <\/div> <div id=\"howto-step-1717139158193\" class=\"rank-math-step\"> <div class=\"rank-math-step-content\"><p>Das Volumen und die Gr\u00f6\u00dfe des verarbeiteten Materials sind konsistent, entsprechen den Verpackungsstandards und sind f\u00fcr Transport und Lagerung geeignet.<\/p> <\/div> <\/div> <\/div> <\/div>       <figure class=\"wp-block-embed aligncenter is-type-video is-provider-youtube wp-block-embed-youtube wp-embed-aspect-16-9 wp-has-aspect-ratio\"><div class=\"wp-block-embed__wrapper\"> <iframe loading=\"lazy\" title=\"Arbeitssparende hydraulische Silagepressmaschine! Hydraulische Maissilage-Quaderballenpresse, Silageballenpresse\" width=\"500\" height=\"281\" src=\"https:\/\/www.youtube.com\/embed\/1ROg99yYpCY?feature=oembed\" frameborder=\"0\" allow=\"accelerometer; autoplay; clipboard-write; encrypted-media; gyroscope; picture-in-picture; web-share\" referrerpolicy=\"strict-origin-when-cross-origin\" allowfullscreen><\/iframe> <\/div><figcaption class=\"wp-element-caption\">Arbeitsvideo der hydraulischen Maissilage-Ballenpresse<\/figcaption><\/figure>    <h2 class=\"wp-block-heading\" id=\"h-advantages-of-the-hydraulic-wheat-hay-baler\">Vorteile der Silage-Hydraulikpressen-Baler<\/h2>    <ul class=\"wp-block-list\"> <li>Gro\u00dfformatige horizontale H\u00fclse-Ballenpressung, regelm\u00e4\u00dfige Ballenform, gute Abdichtung, leicht zu lagern und zu transportieren.<\/li>    <li>Bequeme Installation, einfache Wartung, kleiner Platzbedarf, Einsparung von Standortkosten.<\/li>    <li>Verwendung eines kombinierten Hydrauliksystems mit Hoch- und Niederdruck, schnelle und effiziente Bedienung, Einsparung von Energie, Arbeitskraft und Zeit.<\/li>    <li>Wichtige Komponenten sind versiegelte Originalteile, lange Zylinderlebensdauer und niedrige Ausfallrate.<\/li>    <li>Es kann Silage-Stroh, trockene Maisst\u00e4ngel, alle Arten von gehacktem Stroh, Abfallplastikfolie usw. pressen und die automatische Verpackung und Abf\u00fcllung realisieren.<\/li>    <li>Es verwendet F\u00f6rderbandzufuhr und doppelte Zylinder-Balancedruckkompression, und das spezielle Hydrauliksystem sorgt f\u00fcr eine stabile Leistungsabgabe.<\/li>    <li>Es ist nicht notwendig, Silagegruben zu graben, was viel Arbeitskraft spart (das gesamte Set an Ger\u00e4ten ben\u00f6tigt nur 2-3 Personen zur Bedienung), Platz und Verpackungskosten spart, und die Silagehaltbarkeit kann bis zu 3 Jahre betragen.<\/li>    <li>Nach dem Verpacken und Versiegeln wird das Silage nat\u00fcrlich fermentiert, reich an Probiotika, Milchs\u00e4urebakterien und Proteinen, die leicht von Nutzvieh aufgenommen werden k\u00f6nnen und die Wachstumsrate um mehr als 2 % steigern.<\/li> <\/ul>   <div class=\"wp-block-image\"> <figure class=\"aligncenter size-full\"><img loading=\"lazy\" decoding=\"async\" width=\"720\" height=\"540\" src=\"https:\/\/balerwrapper.com\/wp-content\/uploads\/2022\/08\/press-baling-machine-.webp\" alt=\"Pressballenpresse\" class=\"wp-image-183\" title=\"Pressballenpresse\"\/><figcaption class=\"wp-element-caption\">Pressballenpresse<\/figcaption><\/figure> <\/div>   <h2 class=\"wp-block-heading\" id=\"h-other-machines-that-can-be-matched\">Andere Maschinen, die angepasst werden k\u00f6nnen<\/h2>    <p class=\"translation-block\">Wenn die Hydraulikballenpresse mehr Futtergut verarbeitet, ist die Futter\u00f6ffnung gr\u00f6\u00dfer. Daher empfehlen wir, zuerst eine <a href=\"https:\/\/balerwrapper.com\/de\/product\/silage-chaff-cutter\/\">Futterzerkleinerungsmaschine<\/a> zu verwenden, um das Stroh zu zerst\u00fcckeln. Verbinden Sie dann das F\u00f6rderband, um das zerkleinerte Material in die Hydraulikballenpresse zu senden. Sie k\u00f6nnen auch den Futtermischer verwenden, um die verschiedenen Futtermittel gleichm\u00e4\u00dfig zu mischen, und dann das F\u00f6rderband an die Maschine anschlie\u00dfen.<\/p>   <div class=\"wp-block-image\"> <figure class=\"aligncenter size-full\"><img loading=\"lazy\" decoding=\"async\" width=\"720\" height=\"540\" src=\"https:\/\/balerwrapper.com\/wp-content\/uploads\/2022\/08\/hydraulic-stalk-baler-machine-.webp\" alt=\"hydraulische Ballenpresse\" class=\"wp-image-182\" title=\"hydraulische Ballenpresse\"\/><figcaption class=\"wp-element-caption\">hydraulische Ballenpresse<\/figcaption><\/figure> <\/div>   <h2 class=\"wp-block-heading\" id=\"h-successful-cases\">Erfolgreiche F\u00e4lle<\/h2>    <p class=\"translation-block\">Letzte Woche kaufte ein Kunde aus <a href=\"https:\/\/en.wikipedia.org\/wiki\/Kenya\" target=\"_blank\" rel=\"noopener\">Kenia<\/a> eine Hydraulikballenpresse bei uns. Der Kunde betreibt einen Viehzuchtbetrieb und m\u00f6chte ganzj\u00e4hrig frische Futtermittel vorr\u00e4tig halten. Der Kunde suchte online nach einer Maschine, die Futtermittel lange lagern kann. <\/p>    <p>Und er betrat unsere Website. Nach dem St\u00f6bern interessierte sich der Kunde f\u00fcr unsere hydraulische Ballenpresse und kontaktierte uns per WhatsApp. Also haben wir mit ihm \u00fcber alle Aspekte der Maschine gesprochen. Und dann entschied sich der Kunde f\u00fcr den Kauf einer hydraulischen Zweizylinder-Ballenpresse.<\/p>    <figure class=\"wp-block-gallery has-nested-images columns-default is-cropped wp-block-gallery-5 is-layout-flex wp-block-gallery-is-layout-flex\"> <figure class=\"wp-block-image size-large\"><img loading=\"lazy\" decoding=\"async\" width=\"720\" height=\"540\" data-id=\"185\" src=\"https:\/\/balerwrapper.com\/wp-content\/uploads\/2022\/08\/wooden-case-packaging-10.webp\" alt=\"Holzkistenverpackung \" class=\"wp-image-185\" title=\"Holzkistenverpackung \"\/><figcaption class=\"wp-element-caption\">Holzkistenverpackung<\/figcaption><\/figure>    <figure class=\"wp-block-image size-large\"><img loading=\"lazy\" decoding=\"async\" width=\"720\" height=\"540\" data-id=\"186\" src=\"https:\/\/balerwrapper.com\/wp-content\/uploads\/2022\/08\/shipping-of-forage-baler-machine-40.webp\" alt=\"Versand einer Futterballenpresse \" class=\"wp-image-186\" title=\"Versand einer Futterballenpresse \"\/><figcaption class=\"wp-element-caption\">Versand einer Futterballenpresse<\/figcaption><\/figure> <\/figure>    <p>Ob Sie Fragen haben oder detailliertere Informationen ben\u00f6tigen, wir freuen uns jederzeit \u00fcber Ihre Anfragen. Wir laden Sie herzlich ein, unsere Fabrik zu besuchen und freuen uns auf die Zusammenarbeit mit Ihnen.<\/p>","protected":false},"excerpt":{"rendered":"<p>Die hydraulische Ballenmaschine kann alle Arten von Silagegras, Stroh und anderen Pflanzen komprimieren und verpacken sowie sie f\u00fcr die Fermentation versiegeln, was die langfristige Lagerung, den Transport und die F\u00fctterung erleichtert.<\/p>","protected":false},"author":1,"featured_media":172,"parent":0,"template":"","tags":[45,39,35],"product-type":[7],"class_list":["post-69","product","type-product","status-publish","has-post-thumbnail","hentry","tag-forage","tag-hay","tag-silage","product-type-silage-baler"],"_links":{"self":[{"href":"https:\/\/balerwrapper.com\/de\/wp-json\/wp\/v2\/product\/69","targetHints":{"allow":["GET"]}}],"collection":[{"href":"https:\/\/balerwrapper.com\/de\/wp-json\/wp\/v2\/product"}],"about":[{"href":"https:\/\/balerwrapper.com\/de\/wp-json\/wp\/v2\/types\/product"}],"author":[{"embeddable":true,"href":"https:\/\/balerwrapper.com\/de\/wp-json\/wp\/v2\/users\/1"}],"wp:featuredmedia":[{"embeddable":true,"href":"https:\/\/balerwrapper.com\/de\/wp-json\/wp\/v2\/media\/172"}],"wp:attachment":[{"href":"https:\/\/balerwrapper.com\/de\/wp-json\/wp\/v2\/media?parent=69"}],"wp:term":[{"taxonomy":"post_tag","embeddable":true,"href":"https:\/\/balerwrapper.com\/de\/wp-json\/wp\/v2\/tags?post=69"},{"taxonomy":"product-type","embeddable":true,"href":"https:\/\/balerwrapper.com\/de\/wp-json\/wp\/v2\/product-type?post=69"}],"curies":[{"name":"wp","href":"https:\/\/api.w.org\/{rel}","templated":true}]}}