{"id":67,"date":"2022-08-26T02:21:53","date_gmt":"2022-08-26T02:21:53","guid":{"rendered":"https:\/\/balerwrapper.com\/?post_type=product&#038;p=67"},"modified":"2025-05-21T17:09:19","modified_gmt":"2025-05-21T09:09:19","slug":"stalk-cutting-recycling-machine","status":"publish","type":"product","link":"https:\/\/balerwrapper.com\/de\/product\/stalk-cutting-recycling-machine\/","title":{"rendered":"Halmschneide-Recyclingmaschine, Silageerntemaschine"},"content":{"rendered":"<div class=\"kk-star-ratings kksr-auto kksr-align-left kksr-valign-top\"     data-payload='{&quot;align&quot;:&quot;left&quot;,&quot;id&quot;:&quot;67&quot;,&quot;slug&quot;:&quot;default&quot;,&quot;valign&quot;:&quot;top&quot;,&quot;ignore&quot;:&quot;&quot;,&quot;reference&quot;:&quot;auto&quot;,&quot;class&quot;:&quot;&quot;,&quot;count&quot;:&quot;91&quot;,&quot;legendonly&quot;:&quot;&quot;,&quot;readonly&quot;:&quot;&quot;,&quot;score&quot;:&quot;4.8&quot;,&quot;starsonly&quot;:&quot;&quot;,&quot;best&quot;:&quot;5&quot;,&quot;gap&quot;:&quot;5&quot;,&quot;greet&quot;:&quot;Rate this product&quot;,&quot;legend&quot;:&quot;4.8\\\/5 - (91 votes)&quot;,&quot;size&quot;:&quot;24&quot;,&quot;title&quot;:&quot;Stalk cutting recycling machine\u4e28silage harvester machine&quot;,&quot;width&quot;:&quot;136.7&quot;,&quot;_legend&quot;:&quot;{score}\\\/{best} - ({count} {votes})&quot;,&quot;font_factor&quot;:&quot;1.25&quot;}'>              <div class=\"kksr-stars\">      <div class=\"kksr-stars-inactive\">             <div class=\"kksr-star\" data-star=\"1\" style=\"padding-right: 5px\">               <div class=\"kksr-icon\" style=\"width: 24px; height: 24px;\"><\/div>         <\/div>             <div class=\"kksr-star\" data-star=\"2\" style=\"padding-right: 5px\">               <div class=\"kksr-icon\" style=\"width: 24px; height: 24px;\"><\/div>         <\/div>             <div class=\"kksr-star\" data-star=\"3\" style=\"padding-right: 5px\">               <div class=\"kksr-icon\" style=\"width: 24px; height: 24px;\"><\/div>         <\/div>             <div class=\"kksr-star\" data-star=\"4\" style=\"padding-right: 5px\">               <div class=\"kksr-icon\" style=\"width: 24px; height: 24px;\"><\/div>         <\/div>             <div class=\"kksr-star\" data-star=\"5\" style=\"padding-right: 5px\">               <div class=\"kksr-icon\" style=\"width: 24px; height: 24px;\"><\/div>         <\/div>     <\/div>      <div class=\"kksr-stars-active\" style=\"width: 136.7px;\">             <div class=\"kksr-star\" style=\"padding-right: 5px\">               <div class=\"kksr-icon\" style=\"width: 24px; height: 24px;\"><\/div>         <\/div>             <div class=\"kksr-star\" style=\"padding-right: 5px\">               <div class=\"kksr-icon\" style=\"width: 24px; height: 24px;\"><\/div>         <\/div>             <div class=\"kksr-star\" style=\"padding-right: 5px\">               <div class=\"kksr-icon\" style=\"width: 24px; height: 24px;\"><\/div>         <\/div>             <div class=\"kksr-star\" style=\"padding-right: 5px\">               <div class=\"kksr-icon\" style=\"width: 24px; height: 24px;\"><\/div>         <\/div>             <div class=\"kksr-star\" style=\"padding-right: 5px\">               <div class=\"kksr-icon\" style=\"width: 24px; height: 24px;\"><\/div>         <\/div>     <\/div> <\/div>                   <div class=\"kksr-legend\" style=\"font-size: 19.2px;\">             4,8\/5 - (91 Stimmen)    <\/div>     <\/div>  <p>Die St\u00e4ngelschnitt-Recyclingmaschine ist ein multifunktionales landwirtschaftliches Ger\u00e4t, das Ernte, Zerkleinerung und Recycling integriert und sich f\u00fcr die Feldverarbeitung verschiedener Ernte-Stroh- und Silagearten eignet. Sie kann Landwirten helfen, \"Abfallmaterialien\" in Ressourcen f\u00fcr die Futterverarbeitung, die Biomasse-Stromerzeugung und die Produktion organischer D\u00fcngemittel umzuwandeln.<\/p>    <p>Die Ausr\u00fcstung und der Traktor, die die Operationen unterst\u00fctzen, sind eine multifunktionale Maschine, die das Vor-Ort-Zerkleinern von Stroh und die direkte Wiederverwertung oder R\u00fcckf\u00fchrung ins Feld erm\u00f6glichen kann. Die Zerkleinerungsgr\u00f6\u00dfe betr\u00e4gt \u2264 5 cm, und es wird eine R\u00fcckgewinnungsrate von \u00fcber 80 % f\u00fcr Stroh von Mais, Weizen, Reis und anderen Feldfr\u00fcchten erreicht.<\/p>    <figure class=\"wp-block-embed aligncenter is-type-video is-provider-youtube wp-block-embed-youtube wp-embed-aspect-16-9 wp-has-aspect-ratio\"><div class=\"wp-block-embed__wrapper\"> <iframe loading=\"lazy\" title=\"Hocheffiziente Strohzerkleinerungs- und Recyclingmaschine: Verwandeln Sie Abfallstroh in wertvolle Ressourcen!\" width=\"500\" height=\"281\" src=\"https:\/\/www.youtube.com\/embed\/sjBreEGG9XI?feature=oembed\" frameborder=\"0\" allow=\"accelerometer; autoplay; clipboard-write; encrypted-media; gyroscope; picture-in-picture; web-share\" referrerpolicy=\"strict-origin-when-cross-origin\" allowfullscreen><\/iframe> <\/div><figcaption class=\"wp-element-caption\">Arbeitsvideo der Silagestiel-Zerkleinerungs- und Recyclingmaschine<\/figcaption><\/figure>    <p>Diese St\u00e4ngelschnitt-Recyclingmaschine ist mit verschiedenen Erntebreiten ausgestattet, wie 1,3 m, 1,35 m, 1,5 m, 1,65 m, 1,7 m, 1,8 m und 2 m, die f\u00fcr unterschiedliche Gr\u00f6\u00dfen von Ackerland geeignet sind, und sie kann eine ultra-effiziente Verarbeitungskapazit\u00e4t von 0,25-0,48 h\u33a1\/h erreichen.<\/p>   <div class=\"wp-block-image\"> <figure class=\"aligncenter size-full\"><img loading=\"lazy\" decoding=\"async\" width=\"720\" height=\"540\" src=\"https:\/\/balerwrapper.com\/wp-content\/uploads\/2022\/08\/Stalk-cutting-recycling-machine1.jpg\" alt=\"Recyclingmaschine zum Schneiden von Stengeln\" class=\"wp-image-223\" title=\"Recyclingmaschine zum Schneiden von Stengeln\"\/><figcaption class=\"wp-element-caption\">Recyclingmaschine zum Schneiden von Halmen<\/figcaption><\/figure> <\/div>   <h2 class=\"wp-block-heading\" id=\"h-the-using-scope-of-the-silage-harvester-machine\">Verwendung des Umfangs der Silageernte-Maschine<\/h2>    <h3 class=\"wp-block-heading\">Anwendbare Objekte (Arten von Pflanzen, die behandelt werden k\u00f6nnen)<\/h3>    <ul class=\"wp-block-list\"> <li>Maisst\u00e4ngel, Baumwollst\u00e4ngel, Bananenst\u00e4ngel, Sorghumst\u00e4ngel, Weizenstroh, Getreidest\u00e4ngel und andere Pflanzenst\u00e4ngel.<\/li>    <li>Alle Arten von nassen und trockenen Mischsilagepflanzen im Feld.<\/li>    <li>Alle Arten von Obstgarten-Reststroh und Biomasse-St\u00e4ngeln nach der Ernte.<\/li> <\/ul>    <h3 class=\"wp-block-heading\">Szenarien und Anwendungen<\/h3>    <ul class=\"wp-block-list\"> <li>Betriebe und Futterm\u00fchlen zur Verarbeitung von Silage oder Strohpellets.<\/li>    <li>Kohlefabriken, Strohkohlenfabriken usw. werden zur Herstellung von Strohkohle, Strohkohle und Biomassebrennstoff verwendet.<\/li>    <li>Wird von Z\u00fcchtern essbarer Pilze verwendet, um Kultivierungssubstrat herzustellen.<\/li>    <li>Kann als Rohmaterial f\u00fcr die Biomasse-Stromerzeugung verwendet werden, um die Energier\u00fcckgewinnung zu realisieren.<\/li> <\/ul>    <figure class=\"wp-block-gallery aligncenter has-nested-images columns-default is-cropped wp-block-gallery-2 is-layout-flex wp-block-gallery-is-layout-flex\"> <figure class=\"wp-block-image size-large\"><img loading=\"lazy\" decoding=\"async\" width=\"720\" height=\"540\" data-id=\"225\" src=\"https:\/\/balerwrapper.com\/wp-content\/uploads\/2022\/08\/stalk-crushing-and-recycling-machine-.webp\" alt=\"Maschine zum Zerkleinern und Recycling von Halmen\" class=\"wp-image-225\" title=\"Maschine zum Zerkleinern und Recycling von Halmen\"\/><figcaption class=\"wp-element-caption\">Maschine zum Zerkleinern und Recycling von Halmen<\/figcaption><\/figure>    <figure class=\"wp-block-image size-large\"><img loading=\"lazy\" decoding=\"async\" width=\"720\" height=\"540\" data-id=\"226\" src=\"https:\/\/balerwrapper.com\/wp-content\/uploads\/2022\/08\/corn-silage-harvester-.webp\" alt=\" Maissilage-Erntemaschine\" class=\"wp-image-226\" title=\" Maissilage-Erntemaschine\"\/><figcaption class=\"wp-element-caption\"> Maissilage-Erntemaschine<\/figcaption><\/figure> <\/figure>    <h2 class=\"wp-block-heading\">Wie funktioniert die Silageernte-Maschine?<\/h2>    <p>Wenn der Traktor im Feld vorw\u00e4rts f\u00e4hrt, wird die Maschine gesteuert, um den Betrieb zu synchronisieren, und der vordere Schneidetisch leitet das geerntete Stroh in das Zerkleinerungsger\u00e4t zum Zerkleinern.<\/p>    <p>Anschlie\u00dfend wird das zerkleinerte Stroh \u00fcber das F\u00f6rdersystem in die Recyclingbox gesammelt oder direkt auf das Feld zur\u00fcckgef\u00fchrt, wodurch der integrierte und effiziente Betrieb von Ernte, Zerkleinerung und Recycling realisiert wird.<\/p>    <figure class=\"wp-block-embed aligncenter is-type-video is-provider-youtube wp-block-embed-youtube wp-embed-aspect-16-9 wp-has-aspect-ratio\"><div class=\"wp-block-embed__wrapper\"> <iframe loading=\"lazy\" title=\"So eine hervorragende Maschine! Silageerntemaschine und Recyclingmaschine \/ Strohgrasschneider und Recycling\" width=\"500\" height=\"281\" src=\"https:\/\/www.youtube.com\/embed\/WdzrTHwBtvU?start=3&#038;feature=oembed\" frameborder=\"0\" allow=\"accelerometer; autoplay; clipboard-write; encrypted-media; gyroscope; picture-in-picture; web-share\" referrerpolicy=\"strict-origin-when-cross-origin\" allowfullscreen><\/iframe> <\/div><figcaption class=\"wp-element-caption\">Arbeitsvideo der Silage-Strohschneider-Recyclingmaschine<\/figcaption><\/figure>    <h2 class=\"wp-block-heading\" id=\"h-structure-of-the-forage-harvester\">Aufbau der St\u00e4ngel-Schneid-Recyclingmaschine<\/h2>    <p>Der Aufbau der St\u00e4ngelschneide-Recyclingmaschine ist einfach und leicht zu bedienen. Die Maschine umfasst haupts\u00e4chlich eine Brechkammer, eine hydraulische automatische Entladevorrichtung, einen 60-PS-Traktor, einen Beh\u00e4lter f\u00fcr zerkleinertes Stroh, einen Zapfwellenantrieb, eine hydraulische Vorrichtung usw.<\/p>   <div class=\"wp-block-image\"> <figure class=\"aligncenter size-full\"><img loading=\"lazy\" decoding=\"async\" width=\"720\" height=\"540\" src=\"https:\/\/balerwrapper.com\/wp-content\/uploads\/2022\/08\/forage-harvester-.webp\" alt=\"Feldh\u00e4cksler\" class=\"wp-image-224\" title=\"Feldh\u00e4cksler\"\/><figcaption class=\"wp-element-caption\">Feldh\u00e4cksler<\/figcaption><\/figure> <\/div>   <h2 class=\"wp-block-heading\" id=\"h-parameters-of-the-corn-silage-harvester\">Parameter der Maissilage-Erntemaschine<\/h2>    <figure class=\"wp-block-table is-style-stripes\"><table><tbody><tr><td>Name<\/td><td>Spreuerntemaschine<\/td><\/tr><tr><td>Motor<\/td><td>Traktor mit \u226560 PS<\/td><\/tr><tr><td>Dimension<\/td><td>1,6 * 1,2 * 2,8 m<\/td><\/tr><tr><td>Gewicht<\/td><td>800kg<\/td><\/tr><tr><td>Erntebreite<\/td><td>1,3m<\/td><\/tr><tr><td>Modell<\/td><td>GH-400<\/td><\/tr><tr><td>Recyclingquote<\/td><td>\u226580%<\/td><\/tr><tr><td>Wurfweite<\/td><td>3-5m<\/td><\/tr><tr><td>Wurfh\u00f6he<\/td><td>\u22652m<\/td><\/tr><tr><td>Die L\u00e4nge des zerkleinerten Strohs<\/td><td>Weniger als 80 mm<\/td><\/tr><tr><td>Rotierende Klinge<\/td><td>32<\/td><\/tr><tr><td>Drehzahl der Messerwelle<\/td><td>2160 U\/min<\/td><\/tr><tr><td>Arbeitsgeschwindigkeit<\/td><td>2-4 km\/h<\/td><\/tr><tr><td>Kapazit\u00e4t<\/td><td>0,25\u20130,48 hm2\/h<\/td><\/tr><\/tbody><\/table><figcaption class=\"wp-element-caption\">Parameter der Maissilage-Erntemaschine<\/figcaption><\/figure>    <h2 class=\"wp-block-heading\" id=\"h-advantages-of-the-trailed-forage-harvester\">Vorteile von gezogenen Futtererntemaschinen<\/h2>    <ul class=\"wp-block-list\"> <li>Multifunktionale Integration: Schneiden, Kneten, Zerkleinern und Ernten integrieren, um unterschiedlichen Betriebsbed\u00fcrfnissen gerecht zu werden.<\/li>    <li>Hohe Effizienz und geringer Verbrauch: Der Betriebsprozess wird auf ein Verfahren vereinfacht, mit hoher Betriebseffizienz und bemerkenswertem Energiespareffekt.<\/li>    <li>Niedrige Gesamtkosten: geringer Energieverbrauch, hohe Ausbeute, niedrigere Gesamtkosten und starke Wirtschaftlichkeit.<\/li>    <li>Breit anwendbar: Es kann an eine Vielzahl von trockenen und nassen Strohpflanzen angepasst werden, ist f\u00fcr verschiedene Bodenverh\u00e4ltnisse geeignet und hat eine hohe Anwendbarkeit.<\/li>    <li>F\u00f6rdern Sie die gr\u00fcne Landwirtschaft: Helfen Sie bei der umfassenden Nutzung von Biomasseenergie, ist die ideale Ausr\u00fcstung f\u00fcr die Entwicklung einer umweltfreundlichen Landwirtschaft.<\/li> <\/ul>   <div class=\"wp-block-image\"> <figure class=\"aligncenter size-full\"><img loading=\"lazy\" decoding=\"async\" width=\"720\" height=\"540\" src=\"https:\/\/balerwrapper.com\/wp-content\/uploads\/2022\/08\/trailed-forage-harvester-.webp\" alt=\"gezogener Feldh\u00e4cksler\" class=\"wp-image-228\" title=\"gezogener Feldh\u00e4cksler\"\/><figcaption class=\"wp-element-caption\">gezogener Feldh\u00e4cksler<\/figcaption><\/figure> <\/div>   <h2 class=\"wp-block-heading\" id=\"h-successful-cases\">Erfolgreiche F\u00e4lle<\/h2>    <p>Ein Kunde aus Malaysia hat bei uns eine 1,3 m lange St\u00e4ngelschneidemaschine gekauft. Er f\u00fcttert Rinder und Schafe in seiner Region. Um ausreichend Futter zu erhalten, ben\u00f6tigte der Kunde eine Strohm\u00fchle, um die Maisst\u00e4ngel zu verarbeiten.<\/p>    <p>Wir haben dem Kunden Bilder, Parameter und Videos der Maschine geschickt. Nach \u00dcberlegung entschied sich der Kunde f\u00fcr den Kauf. Nachdem der Kunde die St\u00e4ngelschneide-Recyclingmaschine erhalten hatte, nutzte er sie eine Zeit lang. Er meinte, dass die Maschine eine sehr gute Leistung erbracht habe, er sei damit zufrieden und freue sich auf die n\u00e4chste Zusammenarbeit mit uns.<\/p>    <figure class=\"wp-block-gallery aligncenter has-nested-images columns-default is-cropped wp-block-gallery-3 is-layout-flex wp-block-gallery-is-layout-flex\"><div class=\"wp-block-image\"> <figure class=\"aligncenter size-large\"><img loading=\"lazy\" decoding=\"async\" width=\"720\" height=\"540\" data-id=\"229\" src=\"https:\/\/balerwrapper.com\/wp-content\/uploads\/2022\/08\/Stalk-cutting-recycling-machine1-.jpg\" alt=\"Recyclingmaschine zum Schneiden von Stengeln\" class=\"wp-image-229\" title=\"Recyclingmaschine zum Schneiden von Stengeln\"\/><figcaption class=\"wp-element-caption\">Recyclingmaschine zum Schneiden von Stengeln<\/figcaption><\/figure> <\/div><\/figure>    <p class=\"translation-block\">Neben Strohzerkleinerungs- und Recyclingmaschinen haben wir auch andere Arten von Silage- und anderen Verarbeitungsanlagen, wie z. B. <strong><em><a href=\"https:\/\/balerwrapper.com\/de\/product\/corn-silage-baler-machine\/\">Maissilage-Ballenwickelmaschinen<\/a><\/em><\/strong> und <strong><em><a href=\"https:\/\/balerwrapper.com\/de\/product\/hydraulic-baler-machine\/\">Hydraulikpressen<\/a><\/em><\/strong>. Sie k\u00f6nnen unsere Website durchsuchen, um die richtige Maschine selbst auszuw\u00e4hlen. Kontaktieren Sie uns jederzeit gerne!<\/p>    <h2 class=\"wp-block-heading\">FAQ<\/h2>   <div id=\"rank-math-faq\" class=\"rank-math-block\"> <div class=\"rank-math-list\"> <div id=\"faq-question-1717140253430\" class=\"rank-math-list-item\"> <h3 class=\"rank-math-question\">Was ist die Funktion des <a href=\"https:\/\/www.agriculture-machine.com\/silage-harvester-machine-with-tractor\/\" target=\"_blank\" rel=\"noopener\">Stengelschneide-Recyclingmaschine<\/a>?<\/h3> <div class=\"rank-math-answer\">  <p>Die Funktion der Strohzerkleinerung und des Recyclings.<\/p>  <\/div> <\/div> <div id=\"faq-question-1717140260481\" class=\"rank-math-list-item\"> <h3 class=\"rank-math-question\">Kann ich nur das Zerkleinerungsteil kaufen?<\/h3> <div class=\"rank-math-answer\">  <p>Ja, Sie k\u00f6nnen das Stroh separat zerkleinern (der Preis ist auch g\u00fcnstiger). Es wird empfohlen, einen Trichterwagen zu verwenden, um dem Schredder zu folgen.<\/p>  <\/div> <\/div> <div id=\"faq-question-1717140264401\" class=\"rank-math-list-item\"> <h3 class=\"rank-math-question\">K\u00f6nnen Sie mit trockenen Strohhalmen umgehen?<\/h3> <div class=\"rank-math-answer\">  <p>Ja, aber gr\u00fcnes Stroh eignet sich am besten f\u00fcr die Frische und Lagerung der Tiere.<\/p>  <\/div> <\/div> <div id=\"faq-question-1717140271944\" class=\"rank-math-list-item\"> <h3 class=\"rank-math-question\">Wie viel PS braucht die Maschine?<\/h3> <div class=\"rank-math-answer\">  <p>80-PS-Traktor, unterschiedliche Erntebreite mit unterschiedlichen Traktor-PS-Gr\u00f6\u00dfen, um die Traktor-PS-Gr\u00f6\u00dfe des Kunden zu best\u00e4tigen.<\/p>  <\/div> <\/div> <div id=\"faq-question-1717140280105\" class=\"rank-math-list-item\"> <h3 class=\"rank-math-question\">Wie hoch sind die Stoppeln nach dem Zerkleinern?<\/h3> <div class=\"rank-math-answer\">  <p>8-15cm.<\/p>  <\/div> <\/div> <div id=\"faq-question-1717140290609\" class=\"rank-math-list-item\"> <h3 class=\"rank-math-question\">Wie fein ist das gemahlene Stroh?<\/h3> <div class=\"rank-math-answer\">  <p>Es betr\u00e4gt 3-5cm.<\/p>  <\/div> <\/div> <\/div> <\/div>","protected":false},"excerpt":{"rendered":"<p>Die Strohschneide-Recyclingmaschine ist eine Strohernte- und -verarbeitungsanlage. Die Maschine kann alle Arten von Stroh und Futter verarbeiten. <\/p>","protected":false},"author":1,"featured_media":222,"parent":0,"template":"","tags":[42,39,35,43,38],"product-type":[8],"class_list":["post-67","product","type-product","status-publish","has-post-thumbnail","hentry","tag-corn-silage","tag-hay","tag-silage","tag-stalk","tag-straw","product-type-other-silage-machines"],"_links":{"self":[{"href":"https:\/\/balerwrapper.com\/de\/wp-json\/wp\/v2\/product\/67","targetHints":{"allow":["GET"]}}],"collection":[{"href":"https:\/\/balerwrapper.com\/de\/wp-json\/wp\/v2\/product"}],"about":[{"href":"https:\/\/balerwrapper.com\/de\/wp-json\/wp\/v2\/types\/product"}],"author":[{"embeddable":true,"href":"https:\/\/balerwrapper.com\/de\/wp-json\/wp\/v2\/users\/1"}],"wp:featuredmedia":[{"embeddable":true,"href":"https:\/\/balerwrapper.com\/de\/wp-json\/wp\/v2\/media\/222"}],"wp:attachment":[{"href":"https:\/\/balerwrapper.com\/de\/wp-json\/wp\/v2\/media?parent=67"}],"wp:term":[{"taxonomy":"post_tag","embeddable":true,"href":"https:\/\/balerwrapper.com\/de\/wp-json\/wp\/v2\/tags?post=67"},{"taxonomy":"product-type","embeddable":true,"href":"https:\/\/balerwrapper.com\/de\/wp-json\/wp\/v2\/product-type?post=67"}],"curies":[{"name":"wp","href":"https:\/\/api.w.org\/{rel}","templated":true}]}}