{"id":65,"date":"2022-08-26T02:05:24","date_gmt":"2022-08-26T02:05:24","guid":{"rendered":"https:\/\/balerwrapper.com\/?post_type=product&#038;p=65"},"modified":"2024-05-31T14:47:17","modified_gmt":"2024-05-31T06:47:17","slug":"hay-cutter-and-baler","status":"publish","type":"product","link":"https:\/\/balerwrapper.com\/de\/product\/hay-cutter-and-baler\/","title":{"rendered":"Heuschneider und Ballenpresse, Silageschneide-Ballenpresse"},"content":{"rendered":"<div class=\"kk-star-ratings kksr-auto kksr-align-left kksr-valign-top\"     data-payload='{&quot;align&quot;:&quot;left&quot;,&quot;id&quot;:&quot;65&quot;,&quot;slug&quot;:&quot;default&quot;,&quot;valign&quot;:&quot;top&quot;,&quot;ignore&quot;:&quot;&quot;,&quot;reference&quot;:&quot;auto&quot;,&quot;class&quot;:&quot;&quot;,&quot;count&quot;:&quot;89&quot;,&quot;legendonly&quot;:&quot;&quot;,&quot;readonly&quot;:&quot;&quot;,&quot;score&quot;:&quot;4.8&quot;,&quot;starsonly&quot;:&quot;&quot;,&quot;best&quot;:&quot;5&quot;,&quot;gap&quot;:&quot;5&quot;,&quot;greet&quot;:&quot;Rate this product&quot;,&quot;legend&quot;:&quot;4.8\\\/5 - (89 votes)&quot;,&quot;size&quot;:&quot;24&quot;,&quot;title&quot;:&quot;Hay Cutter And Baler Silage Cutting Baling Machine&quot;,&quot;width&quot;:&quot;136.7&quot;,&quot;_legend&quot;:&quot;{score}\\\/{best} - ({count} {votes})&quot;,&quot;font_factor&quot;:&quot;1.25&quot;}'>              <div class=\"kksr-stars\">      <div class=\"kksr-stars-inactive\">             <div class=\"kksr-star\" data-star=\"1\" style=\"padding-right: 5px\">               <div class=\"kksr-icon\" style=\"width: 24px; height: 24px;\"><\/div>         <\/div>             <div class=\"kksr-star\" data-star=\"2\" style=\"padding-right: 5px\">               <div class=\"kksr-icon\" style=\"width: 24px; height: 24px;\"><\/div>         <\/div>             <div class=\"kksr-star\" data-star=\"3\" style=\"padding-right: 5px\">               <div class=\"kksr-icon\" style=\"width: 24px; height: 24px;\"><\/div>         <\/div>             <div class=\"kksr-star\" data-star=\"4\" style=\"padding-right: 5px\">               <div class=\"kksr-icon\" style=\"width: 24px; height: 24px;\"><\/div>         <\/div>             <div class=\"kksr-star\" data-star=\"5\" style=\"padding-right: 5px\">               <div class=\"kksr-icon\" style=\"width: 24px; height: 24px;\"><\/div>         <\/div>     <\/div>      <div class=\"kksr-stars-active\" style=\"width: 136.7px;\">             <div class=\"kksr-star\" style=\"padding-right: 5px\">               <div class=\"kksr-icon\" style=\"width: 24px; height: 24px;\"><\/div>         <\/div>             <div class=\"kksr-star\" style=\"padding-right: 5px\">               <div class=\"kksr-icon\" style=\"width: 24px; height: 24px;\"><\/div>         <\/div>             <div class=\"kksr-star\" style=\"padding-right: 5px\">               <div class=\"kksr-icon\" style=\"width: 24px; height: 24px;\"><\/div>         <\/div>             <div class=\"kksr-star\" style=\"padding-right: 5px\">               <div class=\"kksr-icon\" style=\"width: 24px; height: 24px;\"><\/div>         <\/div>             <div class=\"kksr-star\" style=\"padding-right: 5px\">               <div class=\"kksr-icon\" style=\"width: 24px; height: 24px;\"><\/div>         <\/div>     <\/div> <\/div>                   <div class=\"kksr-legend\" style=\"font-size: 19.2px;\">             4,8\/5 - (89 Stimmen)    <\/div>     <\/div>  <p>Der Heuschneider und die Ballenpresse k\u00f6nnen Stroh direkt auf dem Feld zerkleinern und zu Ballen pressen. Es erf\u00fcllt die Bed\u00fcrfnisse von Menschen, die Stroh oder Futter direkt vom Feld ballen m\u00f6chten. Die Maschine spart Zeit, Arbeit und Transportkosten beim Sammeln, Transportieren und Zerkleinern von Strohhalmen. Es kann stehende oder umgefallene St\u00e4ngel wie Maisst\u00e4ngel, Weizenst\u00e4ngel, Baumwollst\u00e4ngel usw. verarbeiten und kann gleichzeitig 0,82 bis 1,3 Hektar landwirtschaftliches Stroh recyceln.<\/p>    <figure class=\"wp-block-embed aligncenter is-type-video is-provider-youtube wp-block-embed-youtube wp-embed-aspect-16-9 wp-has-aspect-ratio\"><div class=\"wp-block-embed__wrapper\"> <iframe loading=\"lazy\" title=\"Hocheffiziente Strohpfl\u00fcck- und Ballenpressmaschine, mit der Sie Ackerlandr\u00fcckst\u00e4nde problemlos beseitigen k\u00f6nnen! \ud83c\udf3e\ud83d\ude9c\" width=\"500\" height=\"281\" src=\"https:\/\/www.youtube.com\/embed\/MNmNnsWwQdk?feature=oembed\" frameborder=\"0\" allow=\"accelerometer; autoplay; clipboard-write; encrypted-media; gyroscope; picture-in-picture; web-share\" referrerpolicy=\"strict-origin-when-cross-origin\" allowfullscreen><\/iframe> <\/div><figcaption class=\"wp-element-caption\">Video zum Betrieb der Heuschneide- und Ballenpresse<\/figcaption><\/figure>    <h2 class=\"wp-block-heading\" id=\"h-what-are-the-hay-cutter-and-baler\">Was ist der Heuschneider und die Ballenpresse?<\/h2>    <p class=\"translation-block\">Der Heu Schneider und Baler kann sowohl in Vorernte- als auch in Nacherntefeldern arbeiten. Die Maschine zerkleinert, hebt auf und presst das Stroh, w\u00e4hrend es im Arbeitsbereich erscheint. Daher hat sie mehr Zerkleinerungsfunktionen als die <a href=\"https:\/\/balerwrapper.com\/de\/product\/round-hay-baler\/\">Strohpressen.<\/a> Das gepresste Stroh kann dicht und atmungsaktiv sein, was den Transport und die Lagerung erleichtert. <\/p>    <p>Wir stellen zwei Arten von Maschinen her: Ballenpressen f\u00fcr Quaderballen und Rundballen zum Brechen und Aufsammeln von Stroh. Sie nutzen den Traktor nicht nur als Antrieb, sondern unterscheiden sich auch in der Struktur und den fertigen Produkten. Hier finden Sie eine kurze Einf\u00fchrung in die beiden Maschinen.<\/p>    <figure class=\"wp-block-gallery aligncenter has-nested-images columns-default is-cropped wp-block-gallery-2 is-layout-flex wp-block-gallery-is-layout-flex\"><div class=\"wp-block-image\"> <figure class=\"aligncenter size-large\"><img loading=\"lazy\" decoding=\"async\" width=\"720\" height=\"540\" data-id=\"169\" src=\"https:\/\/balerwrapper.com\/wp-content\/uploads\/2022\/08\/hay-cutter-and-baler-.webp\" alt=\"Heuschneider und Ballenpresse\" class=\"wp-image-169\" title=\"Heuschneider und Ballenpresse\"\/><figcaption class=\"wp-element-caption\">Heuschneider und Ballenpresse<\/figcaption><\/figure> <\/div><\/figure>    <h2 class=\"wp-block-heading\" id=\"h-using-scopes-of-the-silage-cutting-baling-machine\">Verwendung der Umf\u00e4nge der Silageschneidemaschine<\/h2>    <p>Wir haben zwei Arten von Silageschneidemaschinen. Beide Maschinen k\u00f6nnen stehenden oder umgefallenen Mais, Reis, Weizen, Weizenstroh, Luzernestroh, Schafsstroh, Schilf, Baumwollstroh usw. verarbeiten. Aufgrund der H\u00e4ckselfunktion k\u00f6nnen sie vor und nach der Ernte auf dem Feld arbeiten. Und es hat eine gute Erntewirkung.<\/p>    <h2 class=\"wp-block-heading\" id=\"h-type-i-round-straw-crushing-and-picking-baler\">Typ I: Rundballenpresse zum Zerkleinern und Aufsammeln von Stroh<\/h2>    <p>Dieser Maschinentyp presst das fertige Produkt in eine runde Form. Zum Pressen der Ballen k\u00f6nnen Seile und ein Netz verwendet werden. Die Gr\u00f6\u00dfe der Ballen betr\u00e4gt 70 x 100 mm und die Erntebreite betr\u00e4gt 1,8 m oder 1,65 m. Die entsprechenden Traktorgr\u00f6\u00dfen liegen \u00fcber 75 PS und 60 PS.<\/p>   <div class=\"wp-block-image\"> <figure class=\"aligncenter size-full\"><img loading=\"lazy\" decoding=\"async\" width=\"720\" height=\"540\" src=\"https:\/\/balerwrapper.com\/wp-content\/uploads\/2022\/08\/Round-straw-crushing-and-picking-baler-.webp\" alt=\"Runde Ballenpresse zum Zerkleinern und Aufsammeln von Stroh\" class=\"wp-image-163\" title=\"Runde Ballenpresse zum Zerkleinern und Aufsammeln von Stroh\"\/><figcaption class=\"wp-element-caption\">Runde Ballenpresse zum Zerkleinern und Aufsammeln von Stroh<\/figcaption><\/figure> <\/div>   <h3 class=\"wp-block-heading\">Wie funktionieren die Heuschneider- und Ballenpressen?<\/h3>    <figure class=\"wp-block-embed aligncenter is-type-video is-provider-youtube wp-block-embed-youtube wp-embed-aspect-16-9 wp-has-aspect-ratio\"><div class=\"wp-block-embed__wrapper\"> <iframe loading=\"lazy\" title=\"Strohbrech- und Ballenpresse | Baustelle f\u00fcr Strohh\u00e4cksler und Ballenpresse\" width=\"500\" height=\"281\" src=\"https:\/\/www.youtube.com\/embed\/zbVtbyUgH64?feature=oembed\" frameborder=\"0\" allow=\"accelerometer; autoplay; clipboard-write; encrypted-media; gyroscope; picture-in-picture; web-share\" referrerpolicy=\"strict-origin-when-cross-origin\" allowfullscreen><\/iframe> <\/div><figcaption class=\"wp-element-caption\">Arbeitsvideo einer Heuernte-Ballenpresse<\/figcaption><\/figure>    <h3 class=\"wp-block-heading\" id=\"h-structure-of-the-hay-cutter-and-baler\">Aufbau des Heuschneiders und der Ballenpresse<\/h3>    <p>Der Heuschneider und die Ballenpresse enthalten haupts\u00e4chlich einen Strohh\u00e4ckselmechanismus, einen \u00dcbertragungsmechanismus, einen Pfl\u00fcckmechanismus, einen Rechenmechanismus, einen Kolbenstempelmechanismus, einen Ballenpressmechanismus und andere Teile.<\/p>   <div class=\"wp-block-image\"> <figure class=\"aligncenter size-full\"><img loading=\"lazy\" decoding=\"async\" width=\"720\" height=\"540\" src=\"https:\/\/balerwrapper.com\/wp-content\/uploads\/2022\/08\/round-silage-cutting-and-baling-machine-.webp\" alt=\"Heuschneider und Ballenpresse\" class=\"wp-image-164\" title=\"Heuschneider und Ballenpresse\"\/><figcaption class=\"wp-element-caption\">Heuschneider und Ballenpresse<\/figcaption><\/figure> <\/div>   <h3 class=\"wp-block-heading\" id=\"h-parameters-of-the-small-hay-round-baler\">Parameter der kleinen Heurundballenpresse<\/h3>    <figure class=\"wp-block-table is-style-stripes\"><table><tbody><tr><td>Modell<\/td><td>STF 70*100<\/td><\/tr><tr><td>Arbeitsf\u00e4higkeit<\/td><td>0,82\u20131,3 Hektar<\/td><\/tr><tr><td>Gr\u00f6\u00dfe<\/td><td>2300*2200*1450mm<\/td><\/tr><\/tbody><\/table><figcaption class=\"wp-element-caption\">Technische Daten der kleinen Heu-Rundballenpresse<\/figcaption><\/figure>    <h3 class=\"wp-block-heading\" id=\"h-how-does-the-tractor-baler-work\">Wie funktioniert die Traktorballenpresse? <\/h3>   <div id=\"rank-math-howto\" class=\"rank-math-block\" > <div class=\"rank-math-howto-description\">  <\/div>  <div class=\"rank-math-steps\"> <div id=\"howto-step-1717136285118\" class=\"rank-math-step\"> <div class=\"rank-math-step-content\"><p>Das Funktionsprinzip der Traktorballenpresse besteht darin, zun\u00e4chst die dicken, starken und harten Maisst\u00e4ngel zu kneten und zu zerkleinern. Und durch die Tr\u00e4gheit der Maschine wird das Material in die Kanne geschleudert.<\/p> <\/div> <\/div> <div id=\"howto-step-1717137652050\" class=\"rank-math-step\"> <div class=\"rank-math-step-content\"><p>Dann schiebt die Butterm\u00fchle das Material zur Einf\u00fcll\u00f6ffnung, die Einf\u00fcllgabel bef\u00f6rdert das Material in die Kompressionskammer.<\/p> <\/div> <\/div> <div id=\"howto-step-1717137658958\" class=\"rank-math-step\"> <div class=\"rank-math-step-content\"><p>Als n\u00e4chstes komprimiert der Kolben den Strohhalm durch die Hin- und Herbewegung.<\/p> <\/div> <\/div> <div id=\"howto-step-1717137724308\" class=\"rank-math-step\"> <div class=\"rank-math-step-content\"><p>Daher gibt die R\u00fcckseite des Ballenpressenbeh\u00e4lters automatisch einen Alarm aus, wenn das Fassungsverm\u00f6gen ersch\u00f6pft ist. Und das automatische Seil wickelt den Ballen ein. Zum Schluss \u00f6ffnen Sie den Beh\u00e4lter und legen den Ball in die Ballen.<\/p> <\/div> <\/div> <\/div> <\/div>      <div class=\"wp-block-image\"> <figure class=\"aligncenter size-full\"><img loading=\"lazy\" decoding=\"async\" width=\"720\" height=\"540\" src=\"https:\/\/balerwrapper.com\/wp-content\/uploads\/2022\/08\/tractor-baler-.webp\" alt=\"Traktor-Ballenpresse \" class=\"wp-image-165\" title=\"Traktor-Ballenpresse \"\/><figcaption class=\"wp-element-caption\">Traktor-Ballenpresse <\/figcaption><\/figure> <\/div>   <h3 class=\"wp-block-heading has-text-align-left\" id=\"h-highlights-of-the-compact-tractor-baler\">Highlights der Kompakttraktor-Ballenpresse<\/h3>    <ul class=\"wp-block-list\"> <li>Der Heuschneider und die Ballenpresse sind vielf\u00e4ltig einsetzbar. Es kann Reisstroh, Heu, Weizenstroh, Luzerne und andere St\u00e4ngel von Getreidegr\u00e4sern ernten.<\/li>    <li>Die Traktorballenpresse zeichnet sich durch einen einfachen Aufbau, eine geringe Ausfallrate und zuverl\u00e4ssige Arbeit aus. Die Maschine ist einfach zu bedienen und die geformten Ballen sind klein und leicht zu transportieren.<\/li>    <li>Da es sich um einen Anh\u00e4nger handelt, eignet es sich f\u00fcr Traktoren mit kleiner und mittlerer Leistung, die flexibel und mobil sind.<\/li>    <li>Nachdem der Ballen geformt ist, verf\u00fcgt der Traktor \u00fcber einen hydraulischen Mechanismus zur Steuerung des Zylinders. Der hintere Rahmen \u00f6ffnet sich und spuckt den Ballen aus.<\/li> <\/ul>    <h2 class=\"wp-block-heading\" id=\"h-type-ii-square-hay-baler\">Typ II: Quadratische Heuballenpresse<\/h2>    <p>Die quadratische Strohbrech- und Pfl\u00fcckerballenpresse kann das Seil nur zum Ballenpressen des Materials verwenden. Die Maschine hat eine Brechbreite von 2,2 m und muss von einem Traktor mit 75 PS oder mehr angetrieben werden. Die Gr\u00f6\u00dfe des Ballens betr\u00e4gt 1100*400*300 mm und die Maschine muss den Ball nicht in Betrieb nehmen, sie entl\u00e4dt den Ballen automatisch. Der Benutzer muss sich lediglich mit einer bestimmten Geschwindigkeit im Feld bewegen.<\/p>   <div class=\"wp-block-image\"> <figure class=\"aligncenter size-full\"><img loading=\"lazy\" decoding=\"async\" width=\"720\" height=\"540\" src=\"https:\/\/balerwrapper.com\/wp-content\/uploads\/2022\/08\/Square-hay-baler-.webp\" alt=\"Quadratische Heuballenpresse\" class=\"wp-image-166\" title=\"Quadratische Heuballenpresse\"\/><figcaption class=\"wp-element-caption\">Quadratische Heuballenpresse<\/figcaption><\/figure> <\/div>   <h3 class=\"wp-block-heading\" id=\"h-detailed-specification-of-the-hay-cutter-and-baler\">Detaillierte Spezifikationen des Heuschneiders und der Ballenpresse<\/h3>    <figure class=\"wp-block-table is-style-stripes\"><table><tbody><tr><td>Modell<\/td><td>Picker-Breite<\/td><td>Picker-Strukturtyp<\/td><td>Knotertyp<\/td><td>Anzahl der Knoter<\/td><td>Hin- und Herbewegungszeiten des geb\u00fcndelten Kolbens<\/td><td>Abmessungen (mm)<\/td><td>Unterst\u00fctzende Kraft<\/td><\/tr><tr><td>9YFQ-2.2<\/td><td>2240 mm<\/td><td>Federzahn<\/td><td>D<\/td><td>2<\/td><td>100\/Min<\/td><td>4150\u00d72850\u00d71800<\/td><td>\u226536,7 kW<\/td><\/tr><\/tbody><\/table><figcaption class=\"wp-element-caption\">Technische Daten der Heuschneider- und Ballenpresse<\/figcaption><\/figure>    <h3 class=\"wp-block-heading\" id=\"h-structure-of-the-straw-crushing-baler\">Aufbau der Strohballenpresse<\/h3>    <p>Die Strohballenpresse umfasst haupts\u00e4chlich einen Rahmen, ein Laufrad, einen Traktionsbalken, ein \u00dcbertragungssystem, ein Kompressionsger\u00e4t, ein Ballenpressger\u00e4t, ein Pfl\u00fcckger\u00e4t, ein Packger\u00e4t usw.<\/p>   <div class=\"wp-block-image\"> <figure class=\"aligncenter size-full\"><img loading=\"lazy\" decoding=\"async\" width=\"720\" height=\"540\" src=\"https:\/\/balerwrapper.com\/wp-content\/uploads\/2022\/08\/straw-crushing-baler-.webp\" alt=\" Ballenpresse zum Zerkleinern von Stroh\" class=\"wp-image-167\" title=\" Ballenpresse zum Zerkleinern von Stroh\"\/><figcaption class=\"wp-element-caption\"> Ballenpresse zum Zerkleinern von Stroh<\/figcaption><\/figure> <\/div>   <h3 class=\"wp-block-heading\">Arbeitsszene einer quadratischen Heuballenpresse <\/h3>    <figure class=\"wp-block-embed aligncenter is-type-video is-provider-youtube wp-block-embed-youtube wp-embed-aspect-16-9 wp-has-aspect-ratio\"><div class=\"wp-block-embed__wrapper\"> <iframe loading=\"lazy\" title=\"Quadratische Heuballenpresse zum Pressen von Heu, Reisstroh, Maismehl, Luzerne usw.\" width=\"500\" height=\"281\" src=\"https:\/\/www.youtube.com\/embed\/ZZp-At9iy2w?feature=oembed\" frameborder=\"0\" allow=\"accelerometer; autoplay; clipboard-write; encrypted-media; gyroscope; picture-in-picture; web-share\" referrerpolicy=\"strict-origin-when-cross-origin\" allowfullscreen><\/iframe> <\/div><figcaption class=\"wp-element-caption\">Video zur Funktionsweise einer quadratischen Heuballenpresse<\/figcaption><\/figure>    <h3 class=\"wp-block-heading\" id=\"h-advantages-of-the-square-press-crushing-baling-machine\">Vorteile der Vierkantpresse zum Zerkleinern von Ballenpressen<\/h3>    <ul class=\"wp-block-list\"> <li>Der vordere Traktorrahmen kann frei um 180 Grad gedreht und flexibel gedreht werden, wodurch das Problem der Leistungsbegrenzung des Traktors gel\u00f6st wird.<\/li>    <li>Diese Maschine ist fest verschwei\u00dft und verf\u00fcgt \u00fcber ein vergr\u00f6\u00dfertes Getriebe und vergr\u00f6\u00dferte Lager, die verschlei\u00dffest sind.<\/li>    <li>Das Messer kann die Anforderungen verschiedener Kunden an den Grad der Strohzerkleinerung erf\u00fcllen.<\/li>    <li>Die Zufuhrwelle verf\u00fcgt \u00fcber ein spiralf\u00f6rmiges Antriebsschneckenmesser und ein wellenf\u00f6rmiges Getriebe, wodurch das Problem von verwickeltem Stroh und blockierendem Material gel\u00f6st wird und keine gebrochene Welle erscheint.<\/li>    <li>Die Maschine besteht aus einem soliden nahtlosen Stahlrohr, das verschlei\u00dffest und langlebig ist.<\/li> <\/ul>   <div class=\"wp-block-image\"> <figure class=\"aligncenter size-full\"><img loading=\"lazy\" decoding=\"async\" width=\"720\" height=\"540\" src=\"https:\/\/balerwrapper.com\/wp-content\/uploads\/2022\/08\/square-press-crushing-baling-machine-.webp\" alt=\"Vierkantpresse zum Zerkleinern von Ballenpressen\" class=\"wp-image-168\" title=\"Vierkantpresse zum Zerkleinern von Ballenpressen\"\/><figcaption class=\"wp-element-caption\">Vierkantpresse zum Zerkleinern von Ballenpressen<\/figcaption><\/figure> <\/div>   <h2 class=\"wp-block-heading\" id=\"h-what-are-the-differences-between-the-two-hay-cutter-and-balers\">Was sind die Unterschiede zwischen den beiden Heuschneidern und Ballenpressen?<\/h2>    <ul class=\"wp-block-list\"> <li>Die Form der fertigen Produkte der beiden Maschinen ist unterschiedlich: Bei der einen handelt es sich um einen Rundballen und bei der anderen um einen Quaderballen.<\/li>    <li>Das zum Ballenpressen des Grases verwendete Material ist unterschiedlich. Die Rundballenpresse zum Brechen und Pfl\u00fccken von Stroh kann das Netz und das Seil verwenden. Der Viereckige kann das Seil nur zum Ballenpressen des Grases verwenden.<\/li>    <li>Auch der Innenaufbau der beiden Maschinen ist unterschiedlich und die Form des Endprodukts unterscheidet sich in der Gr\u00f6\u00dfe.<\/li> <\/ul>    <p class=\"translation-block\">Unsere Fabrik produziert und fertigt verschiedene Arten von <a href=\"https:\/\/en.wikipedia.org\/wiki\/Straw\" target=\"_blank\" rel=\"noopener\">Stroh<\/a> Recyclingmaschinen, Sie k\u00f6nnen je nach Bedarf und tats\u00e4chlicher Situation ausw\u00e4hlen und Anpassungen annehmen. Bitte z\u00f6gern Sie nicht, uns f\u00fcr weitere Informationen und Maschinenangebote zu kontaktieren.<\/p>","protected":false},"excerpt":{"rendered":"<p>Heuschneider und Ballenpresse k\u00f6nnen Stroh direkt auf dem Feld zerkleinern und zu Ballen pressen. Das Pressen von Stroh oder Futter erfolgt direkt vom Feld. Somit wird Strohrecycling realisiert.<\/p>","protected":false},"author":1,"featured_media":161,"parent":0,"template":"","tags":[39,35],"product-type":[7],"class_list":["post-65","product","type-product","status-publish","has-post-thumbnail","hentry","tag-hay","tag-silage","product-type-silage-baler"],"_links":{"self":[{"href":"https:\/\/balerwrapper.com\/de\/wp-json\/wp\/v2\/product\/65","targetHints":{"allow":["GET"]}}],"collection":[{"href":"https:\/\/balerwrapper.com\/de\/wp-json\/wp\/v2\/product"}],"about":[{"href":"https:\/\/balerwrapper.com\/de\/wp-json\/wp\/v2\/types\/product"}],"author":[{"embeddable":true,"href":"https:\/\/balerwrapper.com\/de\/wp-json\/wp\/v2\/users\/1"}],"wp:featuredmedia":[{"embeddable":true,"href":"https:\/\/balerwrapper.com\/de\/wp-json\/wp\/v2\/media\/161"}],"wp:attachment":[{"href":"https:\/\/balerwrapper.com\/de\/wp-json\/wp\/v2\/media?parent=65"}],"wp:term":[{"taxonomy":"post_tag","embeddable":true,"href":"https:\/\/balerwrapper.com\/de\/wp-json\/wp\/v2\/tags?post=65"},{"taxonomy":"product-type","embeddable":true,"href":"https:\/\/balerwrapper.com\/de\/wp-json\/wp\/v2\/product-type?post=65"}],"curies":[{"name":"wp","href":"https:\/\/api.w.org\/{rel}","templated":true}]}}