{"id":63,"date":"2022-08-26T01:48:00","date_gmt":"2022-08-26T01:48:00","guid":{"rendered":"https:\/\/balerwrapper.com\/?post_type=product&#038;p=63"},"modified":"2025-06-06T17:45:12","modified_gmt":"2025-06-06T09:45:12","slug":"round-hay-baler","status":"publish","type":"product","link":"https:\/\/balerwrapper.com\/de\/product\/round-hay-baler\/","title":{"rendered":"Runde Heuballenpresse und quadratische Strohpfl\u00fcckmaschine"},"content":{"rendered":"<div class=\"kk-star-ratings kksr-auto kksr-align-left kksr-valign-top\"     data-payload='{&quot;align&quot;:&quot;left&quot;,&quot;id&quot;:&quot;63&quot;,&quot;slug&quot;:&quot;default&quot;,&quot;valign&quot;:&quot;top&quot;,&quot;ignore&quot;:&quot;&quot;,&quot;reference&quot;:&quot;auto&quot;,&quot;class&quot;:&quot;&quot;,&quot;count&quot;:&quot;98&quot;,&quot;legendonly&quot;:&quot;&quot;,&quot;readonly&quot;:&quot;&quot;,&quot;score&quot;:&quot;4.9&quot;,&quot;starsonly&quot;:&quot;&quot;,&quot;best&quot;:&quot;5&quot;,&quot;gap&quot;:&quot;5&quot;,&quot;greet&quot;:&quot;Rate this product&quot;,&quot;legend&quot;:&quot;4.9\\\/5 - (98 votes)&quot;,&quot;size&quot;:&quot;24&quot;,&quot;title&quot;:&quot;Round Hay Baler And Square Straw Picking Machine&quot;,&quot;width&quot;:&quot;139.6&quot;,&quot;_legend&quot;:&quot;{score}\\\/{best} - ({count} {votes})&quot;,&quot;font_factor&quot;:&quot;1.25&quot;}'>              <div class=\"kksr-stars\">      <div class=\"kksr-stars-inactive\">             <div class=\"kksr-star\" data-star=\"1\" style=\"padding-right: 5px\">               <div class=\"kksr-icon\" style=\"width: 24px; height: 24px;\"><\/div>         <\/div>             <div class=\"kksr-star\" data-star=\"2\" style=\"padding-right: 5px\">               <div class=\"kksr-icon\" style=\"width: 24px; height: 24px;\"><\/div>         <\/div>             <div class=\"kksr-star\" data-star=\"3\" style=\"padding-right: 5px\">               <div class=\"kksr-icon\" style=\"width: 24px; height: 24px;\"><\/div>         <\/div>             <div class=\"kksr-star\" data-star=\"4\" style=\"padding-right: 5px\">               <div class=\"kksr-icon\" style=\"width: 24px; height: 24px;\"><\/div>         <\/div>             <div class=\"kksr-star\" data-star=\"5\" style=\"padding-right: 5px\">               <div class=\"kksr-icon\" style=\"width: 24px; height: 24px;\"><\/div>         <\/div>     <\/div>      <div class=\"kksr-stars-active\" style=\"width: 139.6px;\">             <div class=\"kksr-star\" style=\"padding-right: 5px\">               <div class=\"kksr-icon\" style=\"width: 24px; height: 24px;\"><\/div>         <\/div>             <div class=\"kksr-star\" style=\"padding-right: 5px\">               <div class=\"kksr-icon\" style=\"width: 24px; height: 24px;\"><\/div>         <\/div>             <div class=\"kksr-star\" style=\"padding-right: 5px\">               <div class=\"kksr-icon\" style=\"width: 24px; height: 24px;\"><\/div>         <\/div>             <div class=\"kksr-star\" style=\"padding-right: 5px\">               <div class=\"kksr-icon\" style=\"width: 24px; height: 24px;\"><\/div>         <\/div>             <div class=\"kksr-star\" style=\"padding-right: 5px\">               <div class=\"kksr-icon\" style=\"width: 24px; height: 24px;\"><\/div>         <\/div>     <\/div> <\/div>                   <div class=\"kksr-legend\" style=\"font-size: 19.2px;\">             4,9\/5 - (98 Stimmen)    <\/div>     <\/div>  <p>Die Rundballenpresse ist eine Art effizientes und praktisches landwirtschaftliches Ger\u00e4t, das haupts\u00e4chlich f\u00fcr das automatische Aufnehmen, Pressen und Entladen von zerbrochenem Stroh nach der Ernte im Feld verwendet wird. <\/p>    <p>Die Maschine ist besonders geeignet f\u00fcr Mais, Weizen, Reis, Weideland und andere Kulturen zur Strohverarbeitung und kann die Betriebseffizienz erheblich steigern (bis zu 1,3-1,65 Hektar\/Stunde).<\/p>    <p>Das Endprodukt der Maschine sind kompakte Strohballen mit einer Dichte von 180 kg\/m\u00b3 (Durchmesser 50 cm \u00d7 L\u00e4nge 80 cm), was die Sammlung, den Transport und die Lagerung von Stroh erleichtert. <\/p>    <p>Es wird h\u00e4ufig im Bereich der Tierhaltung und der umfassenden Nutzung von Stroh eingesetzt und wurde in viele L\u00e4nder wie Holland, Malaysia, Panama, Indonesien usw. exportiert und von den Nutzern gut angenommen.<\/p>    <figure class=\"wp-block-embed aligncenter is-type-video is-provider-youtube wp-block-embed-youtube wp-embed-aspect-16-9 wp-has-aspect-ratio\"><div class=\"wp-block-embed__wrapper\"> <iframe loading=\"lazy\" title=\"Effiziente Integration von Pfl\u00fccken und Ballenpressen! Quadratische Heuballenpresse zu verkaufen\" width=\"500\" height=\"281\" src=\"https:\/\/www.youtube.com\/embed\/VuYooF-GE2I?start=54&#038;feature=oembed\" frameborder=\"0\" allow=\"accelerometer; autoplay; clipboard-write; encrypted-media; gyroscope; picture-in-picture; web-share\" referrerpolicy=\"strict-origin-when-cross-origin\" allowfullscreen><\/iframe> <\/div><figcaption class=\"wp-element-caption\">Arbeitsvideo der Rundballenpresse f\u00fcr Silagestroh<\/figcaption><\/figure>    <h2 class=\"wp-block-heading\" id=\"h-what-s-the-best-hay-baler\">Zwei Arten von Strohballepressen<\/h2>    <p>Wir produzieren haupts\u00e4chlich zwei Arten von Strohbaler: runde Heubaler und quadratische Strohbaler. Sie sind f\u00fcr unterschiedliche Formen und Breiten der Strohbale geeignet. Beide werden durch die PTO-Leistung des dreipunktaufh\u00e4ngenden Traktors angetrieben, was sehr anpassungsf\u00e4hig und effizient ist.<\/p>    <p class=\"translation-block\"><strong>Hauptunterschied und zus\u00e4tzliche Merkmale:<\/strong><\/p>    <p>Die Rundballenpresse kann Schnur oder Netz auf verschiedene Weise zum Pressen verwenden, w\u00e4hrend die Quadratballenpresse nur Schnur zum Pressen verwenden kann, was kompakter ist. <\/p>    <p class=\"translation-block\">Dar\u00fcber hinaus bieten wir auch <a href=\"https:\/\/balerwrapper.com\/de\/product\/hay-cutter-and-baler\/\"> <strong><em>Heu-Schneider und -Presse<\/em><\/strong><\/a> -Maschinen mit Zerkleinerungsfunktion an, die f\u00fcr die Behandlung von ungebrochenem Stroh geeignet sind und den integrierten Betrieb von Sammeln, Zerkleinern und Pressen erm\u00f6glicht.<\/p>    <figure class=\"wp-block-gallery has-nested-images columns-default is-cropped wp-block-gallery-2 is-layout-flex wp-block-gallery-is-layout-flex\"> <figure class=\"wp-block-image size-large\"><img loading=\"lazy\" decoding=\"async\" width=\"720\" height=\"540\" data-id=\"190\" src=\"https:\/\/balerwrapper.com\/wp-content\/uploads\/2022\/08\/best-hay-baler-.webp\" alt=\"beste runde Heuballenpresse\" class=\"wp-image-190\" title=\"beste runde Heuballenpresse\"\/><figcaption class=\"wp-element-caption\">beste runde Heuballenpresse<\/figcaption><\/figure>    <figure class=\"wp-block-image size-large\"><img loading=\"lazy\" decoding=\"async\" width=\"720\" height=\"540\" data-id=\"191\" src=\"https:\/\/balerwrapper.com\/wp-content\/uploads\/2022\/08\/square-hay-pick-up-baler-machine-.webp\" alt=\"Quadratische Heuaufnahme-Ballenpresse \" class=\"wp-image-191\" title=\"Quadratische Heuaufnahme-Ballenpresse \"\/><figcaption class=\"wp-element-caption\">Quadratische Heuaufnahme-Ballenpresse <\/figcaption><\/figure> <\/figure>    <h2 class=\"wp-block-heading\">Vorteile der Verwendung von Strohaufnahme- und Pressmaschinen<\/h2>    <ul class=\"wp-block-list\"> <li>Kompakte Struktur, kleiner Platzbedarf: Die gesamte Maschine hat eine vern\u00fcnftige Struktur und spart Betriebsfl\u00e4che.<\/li>    <li>Einfache Bedienung, leicht zu starten: einfache Struktur, leicht zu erfassen und zu verwenden, niedrige Schulungskosten.<\/li>    <li>Guter Presseneffekt: Der Ballen ist au\u00dfen fest und innen locker, bel\u00fcftet und luftig, was gut f\u00fcr die Lagerung ist.<\/li>    <li>Umweltverschmutzung reduzieren: Es kann das zerbrochene Stroh im Feld sammeln und die Luftverschmutzung durch Verbrennen vermeiden.<\/li>    <li>Effiziente Ressourcennutzung: Das gepresste Stroh kann f\u00fcr die Papierherstellung, Stromerzeugung, Zucht und andere Zwecke verwendet werden.<\/li>    <li>Bequeme Transport- und Lagerung: Das gepresste Stroh ist ordentlich und kompakt, was die Handhabung und Lagerungseffizienz verbessert.<\/li> <\/ul>   <div class=\"wp-block-image\"> <figure class=\"aligncenter size-full\"><img loading=\"lazy\" decoding=\"async\" width=\"720\" height=\"540\" src=\"https:\/\/balerwrapper.com\/wp-content\/uploads\/2022\/08\/hay-and-straw-baling-machine-.webp\" alt=\"Heu- und Strohballenmaschine\" class=\"wp-image-193\" title=\"Heu- und Strohballenmaschine\"\/><figcaption class=\"wp-element-caption\">Heu- und Strohballenpresse<\/figcaption><\/figure> <\/div>   <h2 class=\"wp-block-heading\">Anwendungsbereiche der Heupresse<\/h2>    <ul class=\"wp-block-list\"> <li>Geeignet zum Ernten und Pressen von Heu, Silage und Futter.<\/li>    <li>Es ist geeignet f\u00fcr die Pressoperation von Weizen-, Reis- und geknetetem Maisstroh.<\/li>    <li>Gleichzeitig kann es zum Sammeln und Pressen von Baumwollstroh, Rapsstroh, Erdnussreben, Bohnenstroh und anderen Arten von Pflanzenstroh verwendet werden.<\/li>    <li>Es ist die ideale Wahl f\u00fcr die Nutzung von Strohrressourcen in den Bereichen Tierhaltung, Papierherstellung und so weiter.<\/li> <\/ul>    <h2 class=\"wp-block-heading\" id=\"h-type-i-pickup-round-baler\">Typ I: Pickup-Rundballenpresse<\/h2>    <p>Der runde Heuballenpressen sammelt Material mit den vorderen Z\u00e4hnen der Maschine. Die Gr\u00f6\u00dfe des endg\u00fcltigen Ballens betr\u00e4gt 70 cm im Durchmesser und 100 cm in der L\u00e4nge. Die Maschine ist kompakt, einfach zu bedienen und zuverl\u00e4ssig.<\/p>   <div class=\"wp-block-image\"> <figure class=\"aligncenter size-full\"><img loading=\"lazy\" decoding=\"async\" width=\"720\" height=\"540\" src=\"https:\/\/balerwrapper.com\/wp-content\/uploads\/2022\/08\/Pickup-round-baler.webp\" alt=\"Pickup-Rundballenpresse\" class=\"wp-image-192\" title=\"Pickup-Rundballenpresse\"\/><figcaption class=\"wp-element-caption\">Pickup-Rundballenpresse f\u00fcr Heu<\/figcaption><\/figure> <\/div>   <h3 class=\"wp-block-heading\">Aufbau der kompakten Rundballenpresse<\/h3>    <p>Dieser Typ von Rundballenpressen umfasst haupts\u00e4chlich einen Aufnahmemechanismus, einen Walzenmechanismus, einen Bindemechanismus, einen Ballenabgabemechanismus usw. <\/p>    <p>Der gebildete Ballen ist klein und kompakt, und der Ballen ist innen locker und au\u00dfen fest, mit guter Luftdurchl\u00e4ssigkeit, was den Transport und die Lagerung erleichtert.<\/p>   <div class=\"wp-block-image\"> <figure class=\"aligncenter size-full\"><img loading=\"lazy\" decoding=\"async\" width=\"720\" height=\"540\" src=\"https:\/\/balerwrapper.com\/wp-content\/uploads\/2022\/08\/compact-round-baler.webp\" alt=\"kompakte Rundballenpresse\" class=\"wp-image-199\" title=\"kompakte Rundballenpresse\"\/><figcaption class=\"wp-element-caption\">kompakte Rundballenpresse<\/figcaption><\/figure> <\/div>   <h3 class=\"wp-block-heading\">Wie funktioniert die runde Heuballenpresse?<\/h3>   <div id=\"rank-math-howto\" class=\"rank-math-block\" > <div class=\"rank-math-howto-description\">  <\/div>  <div class=\"rank-math-steps\"> <div id=\"howto-step-1717057803150\" class=\"rank-math-step\"> <div class=\"rank-math-step-content\"><p>Der Traktor zieht die Rundballenpresse, um auf dem geernteten Stroh zu fahren. Wenn sich der Traktor dann vorw\u00e4rtsbewegt, wird die Leistung abgegeben und der Pfl\u00fcckmechanismus beginnt sich zu drehen, nimmt das Stroh auf und f\u00fchrt es der Rollkammer zu.<\/p> <\/div> <\/div> <div id=\"howto-step-1717057819817\" class=\"rank-math-step\"> <div class=\"rank-math-step-content\"><p>Durch die kontinuierliche Drehung der Ballentrommel ver\u00e4ndert sich das in die Ballenkammer gelangende Stroh allm\u00e4hlich von klein zu gro\u00df und bildet einen dichten Rundballen.<\/p> <\/div> <\/div> <div id=\"howto-step-1717057832313\" class=\"rank-math-step\"> <div class=\"rank-math-step-content\"><p>Wenn der Ballen anschlie\u00dfend eine vorgegebene Dichte erreicht, ert\u00f6nt die Alarmhupe und der Fahrer stoppt den Traktor vorw\u00e4rts.<\/p> <\/div> <\/div> <div id=\"howto-step-1717057843722\" class=\"rank-math-step\"> <div class=\"rank-math-step-content\"><p>Der Fahrer zieht den Hydraulikhebel, um die Richtung des Hydraulikventils zu \u00e4ndern, der Zylinder arbeitet und der hintere Rahmen \u00f6ffnet sich und wirft den Ballen aus.<\/p> <\/div> <\/div> <\/div> <\/div>       <figure class=\"wp-block-embed is-type-video is-provider-youtube wp-block-embed-youtube wp-embed-aspect-16-9 wp-has-aspect-ratio\"><div class=\"wp-block-embed__wrapper\"> <iframe loading=\"lazy\" title=\"Feedback-Video zur Pick-up-Ballenpresse | Heuballenpresse | Video zur Funktionsweise einer Strohballenpresse.\" width=\"500\" height=\"281\" src=\"https:\/\/www.youtube.com\/embed\/dH9rpWyAvro?feature=oembed\" frameborder=\"0\" allow=\"accelerometer; autoplay; clipboard-write; encrypted-media; gyroscope; picture-in-picture; web-share\" referrerpolicy=\"strict-origin-when-cross-origin\" allowfullscreen><\/iframe> <\/div><figcaption class=\"wp-element-caption\">Arbeitsplatz der Rundballenpresse<\/figcaption><\/figure>    <h3 class=\"wp-block-heading\" id=\"h-specification-of-the-round-hay-baler\">Technische Daten der Rundballenpresse<\/h3>    <figure class=\"wp-block-table is-style-stripes\"><table><tbody><tr><td>Modell<\/td><td>ST80*100<\/td><\/tr><tr><td>Gewicht<\/td><td>680kg<\/td><\/tr><tr><td>Leistung des Traktors<\/td><td>Mehr als 40 PS<\/td><\/tr><tr><td>Gesamtdimension<\/td><td>1,63 * 1,37 * 1,43 m<\/td><\/tr><tr><td>Ballenpressengr\u00f6\u00dfe<\/td><td>\u03a6800*1000mm<\/td><\/tr><tr><td>Gewicht der Ballenpresse<\/td><td>40-50kg<\/td><\/tr><tr><td>Kapazit\u00e4t<\/td><td>1,3\u20131,65 Acres\/h<\/td><\/tr><\/tbody><\/table><figcaption class=\"wp-element-caption\"> Parameter des Rundballenpressers<\/figcaption><\/figure>   <div class=\"wp-block-image\"> <figure class=\"aligncenter size-full\"><img loading=\"lazy\" decoding=\"async\" width=\"720\" height=\"540\" src=\"https:\/\/balerwrapper.com\/wp-content\/uploads\/2022\/08\/mini-round-baler-.webp\" alt=\"Mini-Rundballenpresse\" class=\"wp-image-198\" title=\"Mini-Rundballenpresse\"\/><figcaption class=\"wp-element-caption\">Mini-Rundballenpresse<\/figcaption><\/figure> <\/div>   <h2 class=\"wp-block-heading\" id=\"h-type-ii-pick-up-square-baler\">Typ II: Quaderballenpresse aufnehmen<\/h2>    <p>Dieser Typ von Quaderballenpressen kann Materialien mit einer Breite von 2 m oder 2,2 m ernten. Die endg\u00fcltige Gr\u00f6\u00dfe des Ballens betr\u00e4gt 110 cm L\u00e4nge, 40 cm Breite und 30 cm H\u00f6he.<\/p>    <p>Sie k\u00f6nnen die richtige Breite entsprechend ihren Bed\u00fcrfnissen w\u00e4hlen. Die quadratischen Ballen sind einfach zu platzieren und zu transportieren. Es ist ein ideales Ger\u00e4t zur Strohsammlung.<\/p>   <div class=\"wp-block-image\"> <figure class=\"aligncenter size-full\"><img loading=\"lazy\" decoding=\"async\" width=\"720\" height=\"540\" src=\"https:\/\/balerwrapper.com\/wp-content\/uploads\/2022\/08\/pick-up-square-baler-.webp\" alt=\"Quaderballenpresse abholen\" class=\"wp-image-195\" title=\"Quaderballenpresse abholen\"\/><figcaption class=\"wp-element-caption\">Quaderballenpresse abholen<\/figcaption><\/figure> <\/div>   <h3 class=\"wp-block-heading\" id=\"h-structure-of-automatic-straw-pick-up-packing-machine\">Aufbau einer automatischen Strohaufnahme-Verpackungsmaschine <\/h3>    <p>Zu den Hauptarbeitsteilen geh\u00f6ren das Pfl\u00fcckger\u00e4t, der \u00dcbertragungsmechanismus, das Strohzufuhrger\u00e4t, die Ballenpressstruktur, die Ballenbindestruktur, die Begrenzungsvorrichtung, die Einstell- und Kontrollstruktur usw.<\/p>    <h3 class=\"wp-block-heading\" id=\"h-technical-information-on-the-tractor-mounted-hay-picking-and-baling-machine\">Parameter der traktorgest\u00fctzten Heuaufnahme- und Pressmaschine<\/h3>    <figure class=\"wp-block-table is-style-stripes\"><table><tbody><tr><td>Modell<\/td><td>TZ-190<\/td><\/tr><tr><td>Leistung<\/td><td>80-90 PS Traktor<\/td><\/tr><tr><td>Effizient arbeiten<\/td><td>6-15 km\/h<\/td><\/tr><tr><td>Arbeitsbreite<\/td><td>1,9\u00a0m<\/td><\/tr><tr><td>Ballengr\u00f6\u00dfe<\/td><td>110*40*30 cm<\/td><\/tr><tr><td>Gr\u00f6\u00dfe<\/td><td>500*280*140 cm<\/td><\/tr><tr><td>Gewicht<\/td><td>1460 kg<\/td><\/tr><\/tbody><\/table><figcaption class=\"wp-element-caption\">Parameter der traktormontierten Heupfl\u00fcck- und Ballenpresse<\/figcaption><\/figure>   <div class=\"wp-block-image\"> <figure class=\"aligncenter size-full\"><img loading=\"lazy\" decoding=\"async\" width=\"720\" height=\"540\" src=\"https:\/\/balerwrapper.com\/wp-content\/uploads\/2022\/08\/hay-picking-and-baling-machine-.webp\" alt=\"Heupfl\u00fcck- und Ballenpresse \" class=\"wp-image-196\" title=\"Heupfl\u00fcck- und Ballenpresse \"\/><figcaption class=\"wp-element-caption\">Heupfl\u00fcck- und Ballenpressmaschine <\/figcaption><\/figure> <\/div>   <h3 class=\"wp-block-heading\" id=\"h-working-principle-of-the-hay-picking-and-baling-machine\">Funktionsprinzip der Heupfl\u00fcck- und Ballenpresse <\/h3>    <ul class=\"wp-block-list\"> <li>Stromquelle: \u00fcber die hintere Dreipunktaufh\u00e4ngung des Traktors verbunden, wird die hintere Abtriebswelle des Traktors genutzt, um Betriebs- und Antriebskraft bereitzustellen.<\/li>    <li>Aufnehmen und Zuf\u00fchren: Der Picker dreht sich, um das Stroh vom Boden aufzuheben und es zum Zuf\u00fchrger\u00e4t zu transportieren.<\/li>    <li>Verdichten und Pressen: Das Stroh gelangt gleichm\u00e4\u00dfig in die Presskammer und wird automatisch verdichtet und gepresst, wenn es das festgelegte Volumen erreicht.<\/li>    <li>Automatische Ballenentladung: Nach Abschluss des Pressvorgangs werden die Quaderballen \u00fcber den Entladeanschluss entladen, wodurch der gesamte Pressprozess abgeschlossen wird.<\/li> <\/ul>    <figure class=\"wp-block-embed is-type-video is-provider-youtube wp-block-embed-youtube wp-embed-aspect-16-9 wp-has-aspect-ratio\"><div class=\"wp-block-embed__wrapper\"> <iframe loading=\"lazy\" title=\"Traktor zum Ziehen von Vierkant-Strohumreifungsballenpressen\" width=\"500\" height=\"281\" src=\"https:\/\/www.youtube.com\/embed\/5o1yotMUw0Y?feature=oembed\" frameborder=\"0\" allow=\"accelerometer; autoplay; clipboard-write; encrypted-media; gyroscope; picture-in-picture; web-share\" referrerpolicy=\"strict-origin-when-cross-origin\" allowfullscreen><\/iframe> <\/div><figcaption class=\"wp-element-caption\">Video der quadratischen Ballenpresse<\/figcaption><\/figure>    <h2 class=\"wp-block-heading\" id=\"h-why-choose-our-straw-picking-and-baling-machine\">Warum sollten Sie sich f\u00fcr unsere Strohpfl\u00fcck- und Ballenpresse entscheiden?<\/h2>    <ul class=\"wp-block-list\"> <li>Professionelles Fertigungsteam: aufgebaut von erfahrenen Technikern, unter Verwendung von hochwertigen Materialien, vern\u00fcnftiger Struktur und zuverl\u00e4ssiger Leistung.<\/li>    <li>Zeitnaher und professioneller Service: schnelle Reaktion und professionelle Antworten bieten, um Kunden bei der L\u00f6sung von Problemen zu helfen, die im Gebrauch auftreten.<\/li>    <li>Perfekter After-Sales-Schutz: Genie\u00dfen Sie ein Jahr After-Sales-Service. Wenn Kunden innerhalb eines Jahres Probleme melden, werden wir umgehend bei der L\u00f6sung helfen, um eine sorgenfreie Nutzung zu gew\u00e4hrleisten.<\/li> <\/ul>   <div class=\"wp-block-image\"> <figure class=\"aligncenter size-full\"><img loading=\"lazy\" decoding=\"async\" width=\"720\" height=\"540\" src=\"https:\/\/balerwrapper.com\/wp-content\/uploads\/2022\/08\/stock-of-our-straw-picking-and-baling-machine-.jpg\" alt=\"Lagerbestand unserer Strohpfl\u00fcck- und Ballenpresse \" class=\"wp-image-197\" title=\"Lagerbestand unserer Strohpfl\u00fcck- und Ballenpresse \"\/><figcaption class=\"wp-element-caption\">der Bestand unserer Strohpfl\u00fcck- und Ballenpresse<\/figcaption><\/figure> <\/div>   <h2 class=\"wp-block-heading\" id=\"h-faults-and-solutions\">Fehler und L\u00f6sungen<\/h2>    <ol class=\"wp-block-list\"> <li>Fehler: Der Picking-Bereich ist durch Gras blockiert.<br>Grund: der Grasb\u00fcschel ist zu gro\u00df, die Fahrgeschwindigkeit ist zu hoch und die Feuchtigkeit des Werkst\u00fccks ist zu hoch.<br>L\u00f6sung: kleiner <a href=\"https:\/\/en.wikipedia.org\/wiki\/Straw\" target=\"_blank\" rel=\"noopener\">Stroh<\/a> Haufen, langsamere Arbeitsgeschwindigkeit, trockenes Arbeitsmaterial.<\/li>    <li>Fehler: Der Ballen ist konisch.<br>Grund: Fahren an einem Ende des Grasstreifens, und der Grasstreifen ist an einem Ende dick.<br>L\u00f6sung: Fahren Sie in die Mitte des Grasstreifens.<\/li>    <li>Fehler: Die Walze dreht sich, der Picker dreht sich nicht.<br>Grund: Der Sicherheitsbolzen des Grasabnehmers ist abgebrochen.<br>L\u00f6sung: Ersetzen Sie den Sicherungsbolzen.<\/li>    <li>Fehler: wenn es eine gebrochene Linie in der Mitte des B\u00fcndels gibt.<br>Grund: Der Widerstand des Seilversorgungsger\u00e4ts druckt das Seilger\u00e4t, das Seilger\u00e4t hat ein Problem.<br>L\u00f6sung: das Seil entspannen und dann das Seil anziehen, um die Feder anzupassen und den Widerstand zu verringern. \u00dcberpr\u00fcfen Sie den Seilwalker.<\/li> <\/ol>    <p>Wenn Sie nach einem effizienten, langlebigen und einfach zu bedienenden Strohpicker und -ballenpressen suchen, sind unsere Produkte die ideale Wahl f\u00fcr Sie. Kontaktieren Sie uns jetzt, um Ihnen zu helfen, Ihre Ernte-Stroh wiederzuverwenden!<\/p>","protected":false},"excerpt":{"rendered":"<p>Die runde Heuballenpresse wird im Allgemeinen auf Maisfeldern nach der Ernte eingesetzt. Denn er kann nur geknetete Maisst\u00e4ngel verarbeiten. Es \u00fcbernimmt die Funktion, geh\u00e4ckseltes Stroh aufzunehmen und zu Ballen zu pressen.<\/p>","protected":false},"author":1,"featured_media":188,"parent":0,"template":"","tags":[39,38],"product-type":[7],"class_list":["post-63","product","type-product","status-publish","has-post-thumbnail","hentry","tag-hay","tag-straw","product-type-silage-baler"],"_links":{"self":[{"href":"https:\/\/balerwrapper.com\/de\/wp-json\/wp\/v2\/product\/63","targetHints":{"allow":["GET"]}}],"collection":[{"href":"https:\/\/balerwrapper.com\/de\/wp-json\/wp\/v2\/product"}],"about":[{"href":"https:\/\/balerwrapper.com\/de\/wp-json\/wp\/v2\/types\/product"}],"author":[{"embeddable":true,"href":"https:\/\/balerwrapper.com\/de\/wp-json\/wp\/v2\/users\/1"}],"wp:featuredmedia":[{"embeddable":true,"href":"https:\/\/balerwrapper.com\/de\/wp-json\/wp\/v2\/media\/188"}],"wp:attachment":[{"href":"https:\/\/balerwrapper.com\/de\/wp-json\/wp\/v2\/media?parent=63"}],"wp:term":[{"taxonomy":"post_tag","embeddable":true,"href":"https:\/\/balerwrapper.com\/de\/wp-json\/wp\/v2\/tags?post=63"},{"taxonomy":"product-type","embeddable":true,"href":"https:\/\/balerwrapper.com\/de\/wp-json\/wp\/v2\/product-type?post=63"}],"curies":[{"name":"wp","href":"https:\/\/api.w.org\/{rel}","templated":true}]}}