{"id":55,"date":"2022-08-24T10:35:12","date_gmt":"2022-08-24T10:35:12","guid":{"rendered":"https:\/\/balerwrapper.com\/?post_type=product&#038;p=55"},"modified":"2024-05-30T18:34:56","modified_gmt":"2024-05-30T10:34:56","slug":"combined-grass-grain-crusher","status":"publish","type":"product","link":"https:\/\/balerwrapper.com\/de\/product\/combined-grass-grain-crusher\/","title":{"rendered":"Kombinierte Gras-Korn-Brecher-H\u00e4cksler-Schleifmaschine"},"content":{"rendered":"<div class=\"kk-star-ratings kksr-auto kksr-align-left kksr-valign-top\"     data-payload='{&quot;align&quot;:&quot;left&quot;,&quot;id&quot;:&quot;55&quot;,&quot;slug&quot;:&quot;default&quot;,&quot;valign&quot;:&quot;top&quot;,&quot;ignore&quot;:&quot;&quot;,&quot;reference&quot;:&quot;auto&quot;,&quot;class&quot;:&quot;&quot;,&quot;count&quot;:&quot;97&quot;,&quot;legendonly&quot;:&quot;&quot;,&quot;readonly&quot;:&quot;&quot;,&quot;score&quot;:&quot;4.8&quot;,&quot;starsonly&quot;:&quot;&quot;,&quot;best&quot;:&quot;5&quot;,&quot;gap&quot;:&quot;5&quot;,&quot;greet&quot;:&quot;Rate this product&quot;,&quot;legend&quot;:&quot;4.8\\\/5 - (97 votes)&quot;,&quot;size&quot;:&quot;24&quot;,&quot;title&quot;:&quot;Combined Grass Grain Crusher Chaff Cutter Grinder Machine&quot;,&quot;width&quot;:&quot;136.7&quot;,&quot;_legend&quot;:&quot;{score}\\\/{best} - ({count} {votes})&quot;,&quot;font_factor&quot;:&quot;1.25&quot;}'>              <div class=\"kksr-stars\">      <div class=\"kksr-stars-inactive\">             <div class=\"kksr-star\" data-star=\"1\" style=\"padding-right: 5px\">               <div class=\"kksr-icon\" style=\"width: 24px; height: 24px;\"><\/div>         <\/div>             <div class=\"kksr-star\" data-star=\"2\" style=\"padding-right: 5px\">               <div class=\"kksr-icon\" style=\"width: 24px; height: 24px;\"><\/div>         <\/div>             <div class=\"kksr-star\" data-star=\"3\" style=\"padding-right: 5px\">               <div class=\"kksr-icon\" style=\"width: 24px; height: 24px;\"><\/div>         <\/div>             <div class=\"kksr-star\" data-star=\"4\" style=\"padding-right: 5px\">               <div class=\"kksr-icon\" style=\"width: 24px; height: 24px;\"><\/div>         <\/div>             <div class=\"kksr-star\" data-star=\"5\" style=\"padding-right: 5px\">               <div class=\"kksr-icon\" style=\"width: 24px; height: 24px;\"><\/div>         <\/div>     <\/div>      <div class=\"kksr-stars-active\" style=\"width: 136.7px;\">             <div class=\"kksr-star\" style=\"padding-right: 5px\">               <div class=\"kksr-icon\" style=\"width: 24px; height: 24px;\"><\/div>         <\/div>             <div class=\"kksr-star\" style=\"padding-right: 5px\">               <div class=\"kksr-icon\" style=\"width: 24px; height: 24px;\"><\/div>         <\/div>             <div class=\"kksr-star\" style=\"padding-right: 5px\">               <div class=\"kksr-icon\" style=\"width: 24px; height: 24px;\"><\/div>         <\/div>             <div class=\"kksr-star\" style=\"padding-right: 5px\">               <div class=\"kksr-icon\" style=\"width: 24px; height: 24px;\"><\/div>         <\/div>             <div class=\"kksr-star\" style=\"padding-right: 5px\">               <div class=\"kksr-icon\" style=\"width: 24px; height: 24px;\"><\/div>         <\/div>     <\/div> <\/div>                   <div class=\"kksr-legend\" style=\"font-size: 19.2px;\">             4,8\/5 - (97 Stimmen)    <\/div>     <\/div>  <p>Der kombinierte Gras-Getreidebrecher ist ein multifunktionales Futterverarbeitungsger\u00e4t. Mit der Maschine k\u00f6nnen wir Gras schneiden, aber auch verschiedene Getreidesorten, Obst und Gem\u00fcse zerkleinern. Das verarbeitete Material wird im Allgemeinen zur F\u00fctterung von Rindern, Schafen, Pferden, Schweinen und anderen Nutztieren verwendet. <\/p>    <figure class=\"wp-block-embed aligncenter is-type-video is-provider-youtube wp-block-embed-youtube wp-embed-aspect-16-9 wp-has-aspect-ratio\"><div class=\"wp-block-embed__wrapper\"> <iframe loading=\"lazy\" title=\"H\u00e4cksler- und Brechermaschine zur Verbesserung der Ernteeffizienz!\" width=\"500\" height=\"281\" src=\"https:\/\/www.youtube.com\/embed\/csKAdpXtbn8?feature=oembed\" frameborder=\"0\" allow=\"accelerometer; autoplay; clipboard-write; encrypted-media; gyroscope; picture-in-picture; web-share\" referrerpolicy=\"strict-origin-when-cross-origin\" allowfullscreen><\/iframe> <\/div><figcaption class=\"wp-element-caption\">Typisches Arbeitsvideo einer H\u00e4cksler- und Schleifmaschine<\/figcaption><\/figure>    <p class=\"translation-block\">Die Maschine ist kompakt und tragbar, kann aber bis zu 1800 kg\/h produzieren. Sie kann auch mit einer <a href=\"https:\/\/balerwrapper.com\/de\/product\/corn-silage-baler-machine\/\">Silagepressmaschine<\/a> zusammenarbeiten, um das Viehfutter herzustellen.<\/p>    <h2 class=\"wp-block-heading\" id=\"h-introduction-to-the-combined-grass-grain-crusher\">Einf\u00fchrung in den kombinierten Graskornbrecher<\/h2>    <p>Unsere Fabrik produziert viele verschiedene Modelle kombinierter Gras-Getreidebrecher. Am beliebtesten sind die H\u00e4ckslerschleifmaschine mit f\u00fcnf Anschl\u00fcssen und die Maschine mit vier Anschl\u00fcssen. Es gibt zwei Modelle des Vier-Mund-H\u00e4ckslers und der M\u00fchle, die sich gr\u00f6\u00dferer Beliebtheit erfreuen. Sie sind 9ZF-500B bzw. 9ZF-1800. Sie verarbeiten die gleichen Materialien. <\/p>    <p>Was die Leistung betrifft, k\u00f6nnen sie Elektromotoren, Benzinmotoren und Dieselmotoren sein. Die spezifische Leistung h\u00e4ngt vom jeweiligen Maschinenmodell und den Bed\u00fcrfnissen des Kunden ab. Sie k\u00f6nnen nicht nur das Stroh, das Futter usw. schneiden, zerdr\u00fccken und kneten. Im Folgenden finden Sie eine detaillierte Beschreibung der Maschine. Wenn Sie weitere Informationen \u00fcber die Maschine ben\u00f6tigen, kontaktieren Sie uns gerne!<\/p>    <h2 class=\"wp-block-heading\" id=\"h-the-range-of-chaff-cutter-grinder-machine-use\">Das Sortiment an H\u00e4cksler-Schleifmaschinen, die Sie verwenden k\u00f6nnen<\/h2>    <p>Die Spreuschneider-M\u00fchle kann Stroharten wie Maisst\u00e4ngel, Bohnenst\u00e4ngel, Strohhalme, Reisstrohhalme, Weizenstrohhalme, Weidegras, Erdnusssetzlinge, Erdnusssetzlinge usw. verarbeiten. Kann auch Obst, Gem\u00fcse usw. verarbeiten.<\/p>   <div class=\"wp-block-image is-resized\"> <figure class=\"aligncenter size-full\"><img loading=\"lazy\" decoding=\"async\" width=\"720\" height=\"540\" src=\"https:\/\/balerwrapper.com\/wp-content\/uploads\/2022\/08\/chaff-cutter-grinder-machine-.webp\" alt=\"H\u00e4cksler-Schleifmaschine\" class=\"wp-image-139\" title=\"H\u00e4cksler-Schleifmaschine\"\/><figcaption class=\"wp-element-caption\">H\u00e4cksler-Schleifmaschine<\/figcaption><\/figure> <\/div>  <div class=\"wp-block-image\"> <figure class=\"aligncenter size-full\"><img loading=\"lazy\" decoding=\"async\" width=\"720\" height=\"540\" src=\"https:\/\/balerwrapper.com\/wp-content\/uploads\/2022\/08\/finished-production-from-chaff-cutter.webp\" alt=\"fertige Produktion vom H\u00e4cksler\" class=\"wp-image-686\" srcset=\"https:\/\/balerwrapper.com\/wp-content\/uploads\/2022\/08\/finished-production-from-chaff-cutter.webp 720w, https:\/\/balerwrapper.com\/wp-content\/uploads\/2022\/08\/finished-production-from-chaff-cutter-300x225.webp 300w, https:\/\/balerwrapper.com\/wp-content\/uploads\/2022\/08\/finished-production-from-chaff-cutter-16x12.webp 16w\" sizes=\"auto, (max-width: 720px) 100vw, 720px\" \/><figcaption class=\"wp-element-caption\">fertige Produktion vom H\u00e4cksler<\/figcaption><\/figure> <\/div>   <h2 class=\"wp-block-heading\">Wie funktioniert die H\u00e4cksler-Schleifmaschine?<\/h2>    <figure class=\"wp-block-embed is-type-video is-provider-youtube wp-block-embed-youtube wp-embed-aspect-16-9 wp-has-aspect-ratio\"><div class=\"wp-block-embed__wrapper\"> <iframe loading=\"lazy\" title=\"Wie funktionieren der H\u00e4cksler und die Getreidem\u00fchle? Kombinierter Strohschneider und -zerkleinerer\" width=\"500\" height=\"281\" src=\"https:\/\/www.youtube.com\/embed\/fRnZ0Yh8jaE?feature=oembed\" frameborder=\"0\" allow=\"accelerometer; autoplay; clipboard-write; encrypted-media; gyroscope; picture-in-picture; web-share\" referrerpolicy=\"strict-origin-when-cross-origin\" allowfullscreen><\/iframe> <\/div><\/figure>    <h2 class=\"wp-block-heading\" id=\"h-type-1-four-port-combined-grass-grain-crusher\">Typ 1: Kombinierter Graskornbrecher mit vier Anschl\u00fcssen<\/h2>    <p>Der kombinierte Graskornbrecher mit vier Anschl\u00fcssen verf\u00fcgt \u00fcber zwei Ausl\u00e4sse und zwei Einl\u00e4sse. Ein Auslass gibt das zerkleinerte Gras ab und ein Auslass gibt das zerkleinerte Getreide ab. Daher gelangen die beiden Materialien auch \u00fcber unterschiedliche Einl\u00e4sse. <\/p>    <p>Die Maschine verf\u00fcgt \u00fcber Klingen und Hammerklingen im Inneren. Daher kann das Stroh oder der Halm zu segmentierten und zerkleinerten Produkten verarbeitet werden. Dar\u00fcber hinaus befindet sich im Inneren der Maschine ein Bildschirm. Kunden k\u00f6nnen das Sieb je nach Bedarf mit unterschiedlichen Maschenweiten austauschen.<\/p>    <figure class=\"wp-block-gallery aligncenter has-nested-images columns-default is-cropped wp-block-gallery-2 is-layout-flex wp-block-gallery-is-layout-flex\"> <figure class=\"wp-block-image size-large\"><img loading=\"lazy\" decoding=\"async\" width=\"720\" height=\"540\" data-id=\"142\" src=\"https:\/\/balerwrapper.com\/wp-content\/uploads\/2022\/08\/combined-grass-grain-crusher-9ZF-500B.webp\" alt=\"kombinierter Graskornbrecher 9ZF-500B\" class=\"wp-image-142\" title=\"kombinierter Graskornbrecher 9ZF-500B\"\/><figcaption class=\"wp-element-caption\">kombinierter Graskornbrecher 9ZF-500B<\/figcaption><\/figure>    <figure class=\"wp-block-image size-large\"><img loading=\"lazy\" decoding=\"async\" width=\"720\" height=\"540\" data-id=\"143\" src=\"https:\/\/balerwrapper.com\/wp-content\/uploads\/2022\/08\/grass-grin-crusher-9ZF-1800-.webp\" alt=\"Grasgrinsenbrecher 9ZF-1800 \" class=\"wp-image-143\" title=\"Grasgrinsenbrecher 9ZF-1800 \"\/><figcaption class=\"wp-element-caption\">Grasgrinsenbrecher 9ZF-1800<\/figcaption><\/figure> <\/figure>    <h3 class=\"wp-block-heading\" id=\"h-structure-of-the-silage-feed-cutting-grinder\">Aufbau des Silagefutter-Schneidwolfs<\/h3>    <p>Der Aufbau beider Modelle der Silagefutter-Schneidm\u00fchle ist \u00e4hnlich und umfasst haupts\u00e4chlich einen Schneideinlass, einen Einlass f\u00fcr verschiedene K\u00f6rner, einen hohen Spr\u00fchauslass, einen Pulverisierungsauslass, ein Schnittzerkleinerungssystem, einen Antrieb (Motor, Benzinmotor, Dieselmotor) und mobile Rollen (kann sein). ma\u00dfgeschneiderte Luftreifen), Rahmen usw.<\/p>    <h3 class=\"wp-block-heading\" id=\"h-poultry-feed-grinder-parameters\">Parameter der Gefl\u00fcgelfutterm\u00fchle<\/h3>    <p>Die Parameter des Gefl\u00fcgelfutterwolfs 9ZF-500B. Die Leistung der Maschine ist geringer und kann 300\u2013500 kg pro Stunde erreichen.<\/p>    <figure class=\"wp-block-table is-style-stripes\"><table><tbody><tr><td>Modell<\/td><td>500B<\/td><\/tr><tr><td>Motorgeschwindigkeit<\/td><td>2800 U\/min<\/td><\/tr><tr><td>Kapazit\u00e4t<\/td><td>300 kg-500 kg\/h<\/td><\/tr><tr><td>Zerschmetternde Kraft<\/td><td>3 kW<\/td><\/tr><tr><td>Gewicht<\/td><td>55 kg (ohne Strom)<\/td><\/tr><tr><td>Spreuschneidkapazit\u00e4t<\/td><td>1200 kg<\/td><\/tr><tr><td>Passender Bildschirm<\/td><td>4 (2\/3\/10\/30)<\/td><\/tr><\/tbody><\/table><figcaption class=\"wp-element-caption\">Parameter der Gefl\u00fcgelfutterm\u00fchle<\/figcaption><\/figure>    <p>Die Leistung des kombinierten Graskornbrechers 9ZF-1800 kann 1800 kg pro Stunde erreichen.<\/p>    <figure class=\"wp-block-table is-style-stripes\"><table><tbody><tr><td>Maschinenmodell<\/td><td class=\"has-text-align-left\" data-align=\"left\">&nbsp;9ZF-1800<\/td><\/tr><tr><td>Motorgeschwindigkeit<\/td><td class=\"has-text-align-left\" data-align=\"left\">2800 U\/min<\/td><\/tr><tr><td>Nennspannung<\/td><td class=\"has-text-align-left\" data-align=\"left\">220V<\/td><\/tr><tr><td>Leistung<\/td><td class=\"has-text-align-left\" data-align=\"left\">3KW<\/td><\/tr><tr><td>Maschinengewicht<\/td><td class=\"has-text-align-left\" data-align=\"left\">75 kg<\/td><\/tr><tr><td>Maschinenleistung<\/td><td class=\"has-text-align-left\" data-align=\"left\">1800 kg\/h<\/td><\/tr><tr><td>Anwendungsbereich<\/td><td class=\"has-text-align-left\" data-align=\"left\">K\u00fche, Schafe, Schweine, H\u00fchner, Enten, Kaninchen und anderes Vieh<\/td><\/tr><\/tbody><\/table><figcaption class=\"wp-element-caption\">Parameter des kombinierten Graskornbrechers<\/figcaption><\/figure>    <h3 class=\"wp-block-heading\" id=\"h-what-are-the-advantages-of-the-straw-cutter-and-grain-grinder\">Was sind die Vorteile von Strohschneider und Getreidem\u00fchle?<\/h3>    <ul class=\"wp-block-list\"> <li>Der Strohh\u00e4cksler und die Getreidem\u00fchle sind weit verbreitet. Sie k\u00f6nnen eine Vielzahl von Materialien verarbeiten, wie Stroh, Futter, Gem\u00fcse, Fr\u00fcchte, Getreide usw. Sie k\u00f6nnen den Bed\u00fcrfnissen der Menschen nach vielf\u00e4ltigem und nahrhaftem Futter gerecht werden.<\/li>    <li>Die Maschine verf\u00fcgt neben der Guillotine \u00fcber verschiedene Funktionen, kann aber auch verschiedene Getreidearten und Fr\u00fcchte zerkleinern. Dar\u00fcber hinaus kann das Futter auch zu Schnitzeln geknetet werden.<\/li>    <li>Die Maschine verf\u00fcgt \u00fcber Rollen f\u00fcr eine einfache Bewegung, wodurch Zeit und Energie beim Bewegen der Maschine gespart werden.<\/li>    <li>Verschiedene Modelle der Maschine k\u00f6nnen den unterschiedlichen Anforderungen der Benutzer an die Produktion gerecht werden. Gleichzeitig k\u00f6nnen unterschiedliche Befugnisse den Bed\u00fcrfnissen verschiedener Regionen gerecht werden.<\/li> <\/ul>    <figure class=\"wp-block-gallery aligncenter has-nested-images columns-default is-cropped wp-block-gallery-3 is-layout-flex wp-block-gallery-is-layout-flex\"> <figure class=\"wp-block-image size-large\"><img loading=\"lazy\" decoding=\"async\" width=\"720\" height=\"540\" data-id=\"148\" src=\"https:\/\/balerwrapper.com\/wp-content\/uploads\/2022\/08\/straw-cutter-and-grain-grinder-.webp\" alt=\"Strohschneider und Getreidem\u00fchle\" class=\"wp-image-148\" title=\"Strohschneider und Getreidem\u00fchle\"\/><figcaption class=\"wp-element-caption\">Strohschneider und Getreidem\u00fchle<\/figcaption><\/figure>    <figure class=\"wp-block-image size-large\"><img loading=\"lazy\" decoding=\"async\" width=\"720\" height=\"540\" data-id=\"149\" src=\"https:\/\/balerwrapper.com\/wp-content\/uploads\/2022\/08\/puoltry-feed-grinder-.webp\" alt=\"Gefl\u00fcgelfutterwolf\" class=\"wp-image-149\" title=\"Gefl\u00fcgelfutterwolf\"\/><figcaption class=\"wp-element-caption\">Gefl\u00fcgelfutterwolf<\/figcaption><\/figure> <\/figure>    <h2 class=\"wp-block-heading\" id=\"h-type-2-five-port-combined-grass-grain-crusher\">Typ 2: Kombinierter Graskornbrecher mit f\u00fcnf Anschl\u00fcssen<\/h2>    <p>Der kombinierte Graskornbrecher mit f\u00fcnf Anschl\u00fcssen basiert auf dem Vier-Anschluss-Brecher mit einem weiteren Auslass. Von den drei Auslass\u00f6ffnungen ist die, die oben austritt, trockenes Material, die, die aus der Mitte kommt, ist w\u00e4ssrigeres Material und die, die unten austritt, ist Getreide. <\/p>    <p>So kann die Maschine automatisch verschiedene Materialien unterscheiden. Die anderen Teile \u00e4hneln Typ 1. Die Maschine ist au\u00dferdem mit 5 Sieben ausgestattet. Und Kunden k\u00f6nnen je nach Bedarf die richtige Maschenweite w\u00e4hlen.<\/p>    <figure class=\"wp-block-gallery has-nested-images columns-default is-cropped wp-block-gallery-4 is-layout-flex wp-block-gallery-is-layout-flex\"> <figure class=\"wp-block-image size-large\"><img loading=\"lazy\" decoding=\"async\" width=\"720\" height=\"540\" data-id=\"144\" src=\"https:\/\/balerwrapper.com\/wp-content\/uploads\/2022\/08\/combined-grass-grain-crusher-2.webp\" alt=\"kombinierter Graskornbrecher\" class=\"wp-image-144\"\/><figcaption class=\"wp-element-caption\">kombinierter Graskornbrecher<\/figcaption><\/figure>    <figure class=\"wp-block-image size-large\"><img loading=\"lazy\" decoding=\"async\" width=\"720\" height=\"540\" data-id=\"684\" src=\"https:\/\/balerwrapper.com\/wp-content\/uploads\/2022\/08\/grain-cutting-and-crushing-machine.webp\" alt=\"Getreideschneide- und Zerkleinerungsmaschine\" class=\"wp-image-684\" srcset=\"https:\/\/balerwrapper.com\/wp-content\/uploads\/2022\/08\/grain-cutting-and-crushing-machine.webp 720w, https:\/\/balerwrapper.com\/wp-content\/uploads\/2022\/08\/grain-cutting-and-crushing-machine-300x225.webp 300w, https:\/\/balerwrapper.com\/wp-content\/uploads\/2022\/08\/grain-cutting-and-crushing-machine-16x12.webp 16w\" sizes=\"auto, (max-width: 720px) 100vw, 720px\" \/><figcaption class=\"wp-element-caption\">Getreideschneide- und Zerkleinerungsmaschine<\/figcaption><\/figure> <\/figure>    <h3 class=\"wp-block-heading\" id=\"h-what-is-the-structure-of-the-silage-feed-cutting-grinder\">Wie ist der Silagefutter-Schneidwolf aufgebaut? <\/h3>    <p>Der Aufbau des Silagefutter-Schneidwolfs \u00e4hnelt dem von Typ 1. Er besteht haupts\u00e4chlich aus einem Rahmen, R\u00e4dern, Getreideeinlass, Guillotine-Einlass, Leistung, hohem Spr\u00fchauslass, mittlerem Spr\u00fchauslass, niedrigem Spr\u00fchauslass usw. Die Gesamtstruktur Der kombinierte Graskornbrecher ist kompakt und voll funktionsf\u00e4hig.<\/p>    <h3 class=\"wp-block-heading\" id=\"h-detailed-technical-parameters-of-the-chop-cutter-machine\">Detaillierte technische Parameter der Kappschneidemaschine<\/h3>    <figure class=\"wp-block-table is-style-stripes\"><table><tbody><tr><td>Modell<\/td><td>9ZF-500<\/td><\/tr><tr><td>Motorgeschwindigkeit<\/td><td>2800 U\/min<\/td><\/tr><tr><td>Leistung<\/td><td>3KW<\/td><\/tr><tr><td>Maschinengewicht<\/td><td>68 kg<\/td><\/tr><tr><td>Maschinenleistung<\/td><td>1200 kg<\/td><\/tr><tr><td>Gr\u00f6\u00dfe<\/td><td>1220*1070*1190mm<\/td><\/tr><tr><td>Passender Bildschirm<\/td><td>4 (2\/3\/10\/30)<\/td><\/tr><\/tbody><\/table><figcaption class=\"wp-element-caption\">Parameter der Hackschneidemaschine<\/figcaption><\/figure>    <h3 class=\"wp-block-heading\" id=\"h-what-are-the-good-points-of-the-cow-feed-cutting-machine\">Was sind die Vorteile der Kuhfutterschneidemaschine?<\/h3>    <ul class=\"wp-block-list\"> <li>Die Knetfunktion des kombinierten Graskornbrechers kann Maisst\u00e4ngel, Bohnenst\u00e4ngel, Strohhalme und andere Nutzpflanzen und Wildkr\u00e4uter zu weicheren Filamenten verarbeiten. Dieses zerkleinerte Material ist f\u00fcr Rinder und Schafe leicht zu verdauen und aufzunehmen.<\/li>    <li>Die Maschine verf\u00fcgt \u00fcber ein fortschrittliches Design, einen reibungslosen Betrieb, eine einfache Bedienung, Energieeinsparung, Sicherheit und Zuverl\u00e4ssigkeit sowie viele andere Vorteile.<\/li>    <li>Gleichzeitig erleichtert der kombinierte Graskornbrecher aus dem Material auch den Transport und die Lagerung von Ballen. Es ist eine notwendige Maschine f\u00fcr die meisten Rinder- und Schafz\u00fcchter sowie kleine und mittlere Futterverarbeitungsbetriebe im Zuchtgebiet.<\/li> <\/ul>    <figure class=\"wp-block-gallery has-nested-images columns-default is-cropped wp-block-gallery-5 is-layout-flex wp-block-gallery-is-layout-flex\"> <figure class=\"wp-block-image size-large\"><img loading=\"lazy\" decoding=\"async\" width=\"720\" height=\"540\" data-id=\"682\" src=\"https:\/\/balerwrapper.com\/wp-content\/uploads\/2022\/08\/silage-cutter-and-grinder-machine.webp\" alt=\"Silageschneider und -zerkleinerer\" class=\"wp-image-682\" srcset=\"https:\/\/balerwrapper.com\/wp-content\/uploads\/2022\/08\/silage-cutter-and-grinder-machine.webp 720w, https:\/\/balerwrapper.com\/wp-content\/uploads\/2022\/08\/silage-cutter-and-grinder-machine-300x225.webp 300w, https:\/\/balerwrapper.com\/wp-content\/uploads\/2022\/08\/silage-cutter-and-grinder-machine-16x12.webp 16w\" sizes=\"auto, (max-width: 720px) 100vw, 720px\" \/><figcaption class=\"wp-element-caption\">Silageschneider und -zerkleinerer<\/figcaption><\/figure>    <figure class=\"wp-block-image size-large\"><img loading=\"lazy\" decoding=\"async\" width=\"720\" height=\"540\" data-id=\"147\" src=\"https:\/\/balerwrapper.com\/wp-content\/uploads\/2022\/08\/cow-feed-cutting-machine-factory-.jpg\" alt=\"\" class=\"wp-image-147\"\/><\/figure> <\/figure>    <h2 class=\"wp-block-heading\" id=\"h-export-chaff-cutter-and-grinder-to-sudan\">Exportieren Sie H\u00e4cksler und H\u00e4cksler in den Sudan<\/h2>    <p class=\"translation-block\">Gestern kaufte ein Kunde aus <a href=\"https:\/\/en.wikipedia.org\/wiki\/Sudan\" target=\"_blank\" rel=\"noopener\">Sudan<\/a> eine 9ZF-500 kombinierte Gras-Getreide-Mahlmaschine von uns. Der Kunde hat eine Zuchtanlage, die haupts\u00e4chlich Rinder und Schafe f\u00fcttert. Daher muss t\u00e4glich eine gro\u00dfe Menge Futter verarbeitet werden. <\/p>    <p>Um die Effizienz der Futterverarbeitung zu verbessern, ben\u00f6tigte der Kunde eine professionelle Futterverarbeitungsmaschine. Also suchte der Kunde im Internet nach der Maschine und fand unsere Website. Nach dem St\u00f6bern kontaktierte uns der Kunde. <\/p>    <p>Wir haben sofort Bilder und Videos der Maschine sowie der zugeh\u00f6rigen Parameter an den Kunden gesendet. Wir haben auch ein Maschinenmodell empfohlen, das den Bed\u00fcrfnissen des Kunden entsprach. Nach \u00dcberlegung entschied sich der Kunde, einen F\u00fcnf-Biss-H\u00e4ckselm\u00fchlen zu kaufen.<\/p>    <figure class=\"wp-block-gallery has-nested-images columns-default is-cropped wp-block-gallery-6 is-layout-flex wp-block-gallery-is-layout-flex\"> <figure class=\"wp-block-image size-large\"><img loading=\"lazy\" decoding=\"async\" width=\"720\" height=\"540\" data-id=\"145\" src=\"https:\/\/balerwrapper.com\/wp-content\/uploads\/2022\/08\/wooden-case-packing-of-chaff-cutter-and-grinder-.jpg\" alt=\"\" class=\"wp-image-145\"\/><figcaption class=\"wp-element-caption\">Holzkistenverpackung f\u00fcr H\u00e4cksler und Schleifer<\/figcaption><\/figure>    <figure class=\"wp-block-image size-large\"><img loading=\"lazy\" decoding=\"async\" width=\"720\" height=\"540\" data-id=\"146\" src=\"https:\/\/balerwrapper.com\/wp-content\/uploads\/2022\/08\/shipping-of-the-9ZF-500-chaff-cutter-.jpg\" alt=\"Versand des H\u00e4ckslers 9ZF-500\" class=\"wp-image-146\" title=\"Versand des H\u00e4ckslers 9ZF-500\"\/><figcaption class=\"wp-element-caption\">Versand des H\u00e4ckslers 9ZF-500<\/figcaption><\/figure> <\/figure>    <h2 class=\"wp-block-heading\">Kontaktieren Sie uns jederzeit<\/h2>    <p>Unser Unternehmen ist auf die Herstellung von Silageverarbeitungsmaschinen spezialisiert und verf\u00fcgt \u00fcber umfangreiche Erfahrung. Wenn Sie auch in verwandten Gesch\u00e4ften t\u00e4tig sind, sind wir Ihre beste Wahl. Schauen Sie sich gerne auf dieser Website um und nehmen Sie Kontakt mit uns auf. Wir freuen uns auf die Zusammenarbeit mit Ihnen!<\/p>","protected":false},"excerpt":{"rendered":"<p>Der kombinierte Gras-Getreidebrecher ist ein multifunktionales Futterverarbeitungsger\u00e4t. Es kann Gras, Getreide, Obst und Gem\u00fcse verarbeiten. <\/p>","protected":false},"author":1,"featured_media":150,"parent":0,"template":"","tags":[40,35],"product-type":[6],"class_list":["post-55","product","type-product","status-publish","has-post-thumbnail","hentry","tag-grass","tag-silage","product-type-chaff-cutter"],"_links":{"self":[{"href":"https:\/\/balerwrapper.com\/de\/wp-json\/wp\/v2\/product\/55","targetHints":{"allow":["GET"]}}],"collection":[{"href":"https:\/\/balerwrapper.com\/de\/wp-json\/wp\/v2\/product"}],"about":[{"href":"https:\/\/balerwrapper.com\/de\/wp-json\/wp\/v2\/types\/product"}],"author":[{"embeddable":true,"href":"https:\/\/balerwrapper.com\/de\/wp-json\/wp\/v2\/users\/1"}],"wp:featuredmedia":[{"embeddable":true,"href":"https:\/\/balerwrapper.com\/de\/wp-json\/wp\/v2\/media\/150"}],"wp:attachment":[{"href":"https:\/\/balerwrapper.com\/de\/wp-json\/wp\/v2\/media?parent=55"}],"wp:term":[{"taxonomy":"post_tag","embeddable":true,"href":"https:\/\/balerwrapper.com\/de\/wp-json\/wp\/v2\/tags?post=55"},{"taxonomy":"product-type","embeddable":true,"href":"https:\/\/balerwrapper.com\/de\/wp-json\/wp\/v2\/product-type?post=55"}],"curies":[{"name":"wp","href":"https:\/\/api.w.org\/{rel}","templated":true}]}}