{"id":53,"date":"2022-08-24T10:24:55","date_gmt":"2022-08-24T10:24:55","guid":{"rendered":"https:\/\/balerwrapper.com\/?post_type=product&#038;p=53"},"modified":"2025-04-28T17:53:30","modified_gmt":"2025-04-28T09:53:30","slug":"silage-wrapping-machine","status":"publish","type":"product","link":"https:\/\/balerwrapper.com\/de\/product\/silage-wrapping-machine\/","title":{"rendered":"TZ-70-70 Silage Wraping Machine Heuballenmaschine zum Verkauf"},"content":{"rendered":"<div class=\"kk-star-ratings kksr-auto kksr-align-left kksr-valign-top\"     data-payload='{&quot;align&quot;:&quot;left&quot;,&quot;id&quot;:&quot;53&quot;,&quot;slug&quot;:&quot;default&quot;,&quot;valign&quot;:&quot;top&quot;,&quot;ignore&quot;:&quot;&quot;,&quot;reference&quot;:&quot;auto&quot;,&quot;class&quot;:&quot;&quot;,&quot;count&quot;:&quot;90&quot;,&quot;legendonly&quot;:&quot;&quot;,&quot;readonly&quot;:&quot;&quot;,&quot;score&quot;:&quot;4.8&quot;,&quot;starsonly&quot;:&quot;&quot;,&quot;best&quot;:&quot;5&quot;,&quot;gap&quot;:&quot;5&quot;,&quot;greet&quot;:&quot;Rate this product&quot;,&quot;legend&quot;:&quot;4.8\\\/5 - (90 votes)&quot;,&quot;size&quot;:&quot;24&quot;,&quot;title&quot;:&quot;TZ-70-70 Silage Wrapping Machine Hay Baler For Sale&quot;,&quot;width&quot;:&quot;136.7&quot;,&quot;_legend&quot;:&quot;{score}\\\/{best} - ({count} {votes})&quot;,&quot;font_factor&quot;:&quot;1.25&quot;}'>              <div class=\"kksr-stars\">      <div class=\"kksr-stars-inactive\">             <div class=\"kksr-star\" data-star=\"1\" style=\"padding-right: 5px\">               <div class=\"kksr-icon\" style=\"width: 24px; height: 24px;\"><\/div>         <\/div>             <div class=\"kksr-star\" data-star=\"2\" style=\"padding-right: 5px\">               <div class=\"kksr-icon\" style=\"width: 24px; height: 24px;\"><\/div>         <\/div>             <div class=\"kksr-star\" data-star=\"3\" style=\"padding-right: 5px\">               <div class=\"kksr-icon\" style=\"width: 24px; height: 24px;\"><\/div>         <\/div>             <div class=\"kksr-star\" data-star=\"4\" style=\"padding-right: 5px\">               <div class=\"kksr-icon\" style=\"width: 24px; height: 24px;\"><\/div>         <\/div>             <div class=\"kksr-star\" data-star=\"5\" style=\"padding-right: 5px\">               <div class=\"kksr-icon\" style=\"width: 24px; height: 24px;\"><\/div>         <\/div>     <\/div>      <div class=\"kksr-stars-active\" style=\"width: 136.7px;\">             <div class=\"kksr-star\" style=\"padding-right: 5px\">               <div class=\"kksr-icon\" style=\"width: 24px; height: 24px;\"><\/div>         <\/div>             <div class=\"kksr-star\" style=\"padding-right: 5px\">               <div class=\"kksr-icon\" style=\"width: 24px; height: 24px;\"><\/div>         <\/div>             <div class=\"kksr-star\" style=\"padding-right: 5px\">               <div class=\"kksr-icon\" style=\"width: 24px; height: 24px;\"><\/div>         <\/div>             <div class=\"kksr-star\" style=\"padding-right: 5px\">               <div class=\"kksr-icon\" style=\"width: 24px; height: 24px;\"><\/div>         <\/div>             <div class=\"kksr-star\" style=\"padding-right: 5px\">               <div class=\"kksr-icon\" style=\"width: 24px; height: 24px;\"><\/div>         <\/div>     <\/div> <\/div>                   <div class=\"kksr-legend\" style=\"font-size: 19.2px;\">             4,8\/5 - (90 Stimmen)    <\/div>     <\/div>  <p>Die automatische Silage-Verpackungsmaschine TZ-70-70 mit Doppelfilmverpackungstechnologie (Einzelballengr\u00f6\u00dfe 70 \u00d7 70 cm) kombiniert mit automatischem \u00d6ffnungs- und Verpackungsprozess, bis zu 80 B\u00fcndel\/Stunden hohe Ausgabe.<\/p>    <p>Im Vergleich zum traditionellen manuellen Betrieb wird die Effizienz der Maschine um das 5 -fache erh\u00f6ht und die Versiegelung betr\u00e4gt 99% anaerobe Umgebung. Es sorgt f\u00fcr die stabile Fermentation von Milchs\u00e4urebakterien, die Rohproteinretentionsrate von Futter \u00fcberschreitet 95% und das Futter wird 2-3 Jahre lang ohne Verderb in der Freien gespeichert. <\/p>    <p>Das elektrische Antriebsdesign mit einem intelligenten \u00dcberladungsschutzsystem verringert die Ausfallrate um 40% und bietet eine allwetter- und kontinuierliche Garantie f\u00fcr gro\u00df angelegte landwirtschaftliche Betr\u00e4ge und Futterverarbeitungsunternehmen.<\/p>    <figure class=\"wp-block-embed aligncenter is-type-video is-provider-youtube wp-block-embed-youtube wp-embed-aspect-16-9 wp-has-aspect-ratio\"><div class=\"wp-block-embed__wrapper\"> <iframe loading=\"lazy\" title=\"Automatische Silage-Rundballenpresse mit Zuf\u00fchreinrichtung! Hocheffiziente Silageverpackungsmaschine\" width=\"500\" height=\"281\" src=\"https:\/\/www.youtube.com\/embed\/RlJzMLxkJc0?feature=oembed\" frameborder=\"0\" allow=\"accelerometer; autoplay; clipboard-write; encrypted-media; gyroscope; picture-in-picture; web-share\" referrerpolicy=\"strict-origin-when-cross-origin\" allowfullscreen><\/iframe> <\/div><figcaption class=\"wp-element-caption\">Arbeitsvideo einer Silage-Heuballen-Wickelmaschine<\/figcaption><\/figure>    <p>Mit 750 kg\/m\u00b3 hohe Dichte Ballen- und Doppelfilm-Laminat-Verpackungstechnologie realisiert TZ-70-70 eine pr\u00e4zise Kontrolle des Gewichts des einzelnen Ballens (60-100 kg einstellbar) und die Transportverlustrate betr\u00e4gt weniger als 0,51 TP3T.<\/p>    <p>Das Ger\u00e4t nimmt modularisiertes Design ein und unterst\u00fctzt ein Kesching der Anzahl der Verpackungsschichten (2-6 Schichten) und passt sich an die Anforderungen verschiedener Speicherzyklen an.<\/p>    <p>Im Vergleich zum traditionellen Silage -Tank wird die umfassenden Kosten pro Tonne Futtermittel von 30% eingespart, was dazu beitr\u00e4gt, dass das durchschnittliche Jahreseinkommen der Ranch um mehr als 25% steigt.<\/p>   <div class=\"wp-block-image\"> <figure class=\"aligncenter size-full\"><img loading=\"lazy\" decoding=\"async\" width=\"720\" height=\"540\" src=\"https:\/\/balerwrapper.com\/wp-content\/uploads\/2022\/08\/hay-baler-machine-.webp\" alt=\" Heuballenpresse\" class=\"wp-image-217\" title=\" Heuballenpresse\"\/><figcaption class=\"wp-element-caption\"> Heuballenpresse<\/figcaption><\/figure> <\/div>  <div class=\"wp-block-image\"> <figure class=\"aligncenter size-full\"><img loading=\"lazy\" decoding=\"async\" width=\"720\" height=\"540\" src=\"https:\/\/balerwrapper.com\/wp-content\/uploads\/2022\/08\/finished-production-from-hay-baler.webp\" alt=\"fertige Produktion aus Heuballenpresse\" class=\"wp-image-655\" srcset=\"https:\/\/balerwrapper.com\/wp-content\/uploads\/2022\/08\/finished-production-from-hay-baler.webp 720w, https:\/\/balerwrapper.com\/wp-content\/uploads\/2022\/08\/finished-production-from-hay-baler-300x225.webp 300w, https:\/\/balerwrapper.com\/wp-content\/uploads\/2022\/08\/finished-production-from-hay-baler-16x12.webp 16w\" sizes=\"auto, (max-width: 720px) 100vw, 720px\" \/><figcaption class=\"wp-element-caption\">fertige Produktion aus einer Heuballenpresse<\/figcaption><\/figure> <\/div>   <h2 class=\"wp-block-heading\" id=\"h-features-of-the-hay-baler-machine\">Merkmale der TZ-70-70 Silage-Verpackungsmaschine<\/h2>    <ul class=\"wp-block-list\"> <li>Mit Doppelfilmwicklung erhalten Sie eine schnellere Verpackungsgeschwindigkeit und eine verbesserte Effizienz.<\/li>    <li>Der fertige Ballen ist beeindruckend gro\u00df und kann eine erhebliche Menge an Silage gleichzeitig halten.<\/li>    <li>Es ist vielseitig und kann alle Arten von Silage verwalten, wodurch sie f\u00fcr eine Vielzahl von Anwendungen geeignet sind.<\/li>    <li>Die Silage -Verpackungsmaschine ist super einfach zu bedienen, und eine Person kann alleine damit umgehen. Es ist ein echter zeitsparender!<\/li> <\/ul>   <div class=\"wp-block-image\"> <figure class=\"aligncenter size-full\"><img loading=\"lazy\" decoding=\"async\" width=\"720\" height=\"540\" src=\"https:\/\/balerwrapper.com\/wp-content\/uploads\/2022\/08\/automatic-hay-baler-wrapper-machine-1.webp\" alt=\"Automatische Heuballenpresse\" class=\"wp-image-656\" srcset=\"https:\/\/balerwrapper.com\/wp-content\/uploads\/2022\/08\/automatic-hay-baler-wrapper-machine-1.webp 720w, https:\/\/balerwrapper.com\/wp-content\/uploads\/2022\/08\/automatic-hay-baler-wrapper-machine-1-300x225.webp 300w, https:\/\/balerwrapper.com\/wp-content\/uploads\/2022\/08\/automatic-hay-baler-wrapper-machine-1-16x12.webp 16w\" sizes=\"auto, (max-width: 720px) 100vw, 720px\" \/><figcaption class=\"wp-element-caption\">Automatische Heuballenpresse<\/figcaption><\/figure> <\/div>   <h2 class=\"wp-block-heading\" id=\"h-structure-of-corn-silage-baler-and-wrapper\">Struktur der Maissilagepresse und des Wicklers<\/h2>    <p>Die Maissilage-Ballenpresse und -Wickelmaschine umfasst haupts\u00e4chlich den Bodenrahmen, das F\u00f6rderband, den Kugelbeh\u00e4lter, den Drehrahmen, den Film\u00fcbertragungsmechanismus, den Filmpress- und Schneidmechanismus, den Ballenpressmotor und den Drehmotor usw.<\/p>   <div class=\"wp-block-image is-resized\"> <figure class=\"aligncenter size-full\"><img loading=\"lazy\" decoding=\"async\" width=\"720\" height=\"540\" src=\"https:\/\/balerwrapper.com\/wp-content\/uploads\/2022\/08\/forage-baler-wrapper-machine-.webp\" alt=\"Futterballenpresse und Wickelmaschine\" class=\"wp-image-220\" title=\"Futterballenpresse und Wickelmaschine\"\/><figcaption class=\"wp-element-caption\">Futterballenpresse und Wickelmaschine<\/figcaption><\/figure> <\/div>   <h2 class=\"wp-block-heading\">Wie funktioniert die Silage Baler Wrapper?<\/h2>    <p>Der Workflow der Silage -Verpackungsmaschine ist in zwei Schritte unterteilt:<\/p>    <ul class=\"wp-block-list\"> <li><strong>Ballenphase:<\/strong> Das geknedete Stroh oder das Futtergras wird in den Ballenbeh\u00e4lter eingespeist und durch die Druckrolle extrudiert, um zylindrische Ballen (normalerweise 70 cm Durchmesser zu bilden, mit einem Gewicht von etwa 80 kg pro Ballen), was durch automatische Seilwechsel ausgel\u00f6st wird, wenn die Dichte des Futters den festgelegten Wert erreicht.<\/li>    <li><strong>Filmverpackung:<\/strong> Die Ballen fallen nach dem Ballen automatisch in den rotierenden Rahmen und setzen die Anzahl der Filmverpackungsschichten durch, wobei die Special Weidelfilmschicht f\u00fcr Schicht eine versiegelte anaerobe Umgebung bildet.<\/li> <\/ul>    <figure class=\"wp-block-embed aligncenter is-type-video is-provider-youtube wp-block-embed-youtube wp-embed-aspect-16-9 wp-has-aspect-ratio\"><div class=\"wp-block-embed__wrapper\"> <iframe loading=\"lazy\" title=\"Wie muss ich die Silageballen- und Wickelmaschine vor der Verwendung vorbereiten? Ballenpresse f\u00fcr Strohheu\" width=\"500\" height=\"281\" src=\"https:\/\/www.youtube.com\/embed\/0Ggactf6n60?feature=oembed\" frameborder=\"0\" allow=\"accelerometer; autoplay; clipboard-write; encrypted-media; gyroscope; picture-in-picture; web-share\" referrerpolicy=\"strict-origin-when-cross-origin\" allowfullscreen><\/iframe> <\/div><figcaption class=\"wp-element-caption\">Arbeitsvideo der Silagefutterballenpresse<\/figcaption><\/figure>    <h2 class=\"wp-block-heading\" id=\"h-parameters-of-forage-baler-wrapper-machine\">Parameter der Futterballenpresse-Wickelmaschine<\/h2>    <figure class=\"wp-block-table is-style-stripes\"><table><tbody><tr><td>Modell<\/td><td>TZ-70-70<\/td><\/tr><tr><td>Leistung<\/td><td>11 kW + 0,55 kW + 0,75 kW + 3 kW + 0,37 kW Elektromotor<\/td><\/tr><tr><td>Ballengr\u00f6\u00dfe<\/td><td>\u03a670*70cm<\/td><\/tr><tr><td>Ballengewicht<\/td><td>150\u2013200 kg\/Ballen<\/td><\/tr><tr><td>Kapazit\u00e4t<\/td><td>55-75 Ballen\/h<\/td><\/tr><tr><td>Lautst\u00e4rke des Luftkompressors<\/td><td>0,36m\u00b3<\/td><\/tr><tr><td>Zuf\u00fchrband (B*L)<\/td><td>700*2100mm<\/td><\/tr><tr><td>Schneiden filmen<\/td><td>Automatisch<\/td><\/tr><tr><td>Verpackungseffizienz<\/td><td>6Lagen brauchen 22s<\/td><\/tr><tr><td>Gr\u00f6\u00dfe<\/td><td>4500*1900*2000mm<\/td><\/tr><tr><td>Gewicht<\/td><td>1100kg<\/td><\/tr><\/tbody><\/table><figcaption class=\"wp-element-caption\">Parameter der Silagewickelmaschine f\u00fcr Futtersilage<\/figcaption><\/figure>    <h2 class=\"wp-block-heading\" id=\"h-the-difference-between-tz-70-70-and-ts-55-52-silage-round-baler\">Unterschied zwischen TZ-70-70 und <a href=\"https:\/\/balerwrapper.com\/de\/product\/corn-silage-baler-machine\/\">TS-55-52 Silage-Rundballenpresse<\/a><\/h2>    <ul start=\"2\" class=\"wp-block-list\"> <li>Die Stromversorgungsoptionen f\u00fcr die 70 Arten von Silage -Verpackungsmaschinen sind ausschlie\u00dflich Elektromotoren, w\u00e4hrend die 50 Typen entweder auf Elektromotoren oder auf Dieselmotoren ausgef\u00fchrt werden k\u00f6nnen.<\/li>    <li>Wenn es um die Gr\u00f6\u00dfe geht, messen die 70 Arten von Silage -Verpackungsmaschinen 70 x 70, w\u00e4hrend die 50 Typen bei 50 x 52 geringf\u00fcgig unterschiedlich sind.<\/li>    <li>F\u00fcr das Binden von Gras st\u00fctzen sich die 70-Typ-Ballen- und Wickelmaschinen ausschlie\u00dflich auf dem Nettoseil, aber die 50 Typen haben die Flexibilit\u00e4t, sowohl das Netto-Seil als auch das Grasseil zu verwenden.<\/li>    <li>Die 70-Typ-Silage-Verpackungsmaschine arbeitet vollst\u00e4ndig automatisch, w\u00e4hrend die 50-Typ-Maschine eine Auswahl zwischen automatischen und halbautomatischen Funktionen bietet.<\/li> <\/ul>   <div class=\"wp-block-image\"> <figure class=\"aligncenter size-full\"><img loading=\"lazy\" decoding=\"async\" width=\"720\" height=\"540\" src=\"https:\/\/balerwrapper.com\/wp-content\/uploads\/2022\/08\/silage-baler-and-wrapper-machine.webp\" alt=\"Silagepresse und Wickelmaschine\" class=\"wp-image-657\" title=\"Silagepresse und -wickler\" srcset=\"https:\/\/balerwrapper.com\/wp-content\/uploads\/2022\/08\/silage-baler-and-wrapper-machine.webp 720w, https:\/\/balerwrapper.com\/wp-content\/uploads\/2022\/08\/silage-baler-and-wrapper-machine-300x225.webp 300w, https:\/\/balerwrapper.com\/wp-content\/uploads\/2022\/08\/silage-baler-and-wrapper-machine-16x12.webp 16w\" sizes=\"auto, (max-width: 720px) 100vw, 720px\" \/><figcaption class=\"wp-element-caption\">Silagepresse und Wickelmaschine<\/figcaption><\/figure> <\/div>   <h2 class=\"wp-block-heading\" id=\"h-what-are-the-machines-that-can-work-with-automatic-silage-feed-balers\">Maschinen, die mit automatischen Silage -Futterb\u00e4sten arbeiten k\u00f6nnen<\/h2>    <p class=\"translation-block\">Die Silagewickelmaschinen TZ-70-70 sind daf\u00fcr ausgelegt, eine gr\u00f6\u00dfere Menge an Material auf einmal zu verarbeiten. Sie k\u00f6nnen in Verbindung mit einem H\u00e4cksler und einem Futtermischer eingesetzt werden. (<em>Weiterlesen:<\/em> <strong><em><a href=\"https:\/\/balerwrapper.com\/de\/product\/silage-chaff-cutter\/\">Silage-H\u00e4cksler-Futterschneidemaschine<\/a><\/em><\/strong><em>&gt;&gt;<\/em>)<\/p>    <p>Zuerst k\u00f6nnen Sie das Futter in eine flauschige Konsistenz verarbeiten und dann in den Futtermischer \u00fcbertragen. Sobald das gemischt ist, kann das Futter direkt auf den F\u00f6rderband der Ballenpresse geschickt werden.<\/p>   <div class=\"wp-block-image\"> <figure class=\"aligncenter size-full\"><img loading=\"lazy\" decoding=\"async\" width=\"720\" height=\"540\" src=\"https:\/\/balerwrapper.com\/wp-content\/uploads\/2022\/08\/automatic-silage-feed-balers-.webp\" alt=\"automatische Ballenpressen f\u00fcr die Silagezuf\u00fchrung\" class=\"wp-image-219\" title=\"automatische Ballenpressen f\u00fcr die Silagezuf\u00fchrung\"\/><figcaption class=\"wp-element-caption\">automatische Ballenpressen f\u00fcr die Silagezuf\u00fchrung<\/figcaption><\/figure> <\/div>   <h2 class=\"wp-block-heading\">CE<\/h2>    <p>Wir haben das CE-Zertifikat f\u00fcr die Silageballenwickelmaschine. Wenn Sie es ben\u00f6tigen, lassen Sie es uns einfach wissen, und wir werden Ihnen alle Details zum Zertifikat mitteilen.<\/p>   <div class=\"wp-block-image\"> <figure class=\"aligncenter size-full\"><img loading=\"lazy\" decoding=\"async\" width=\"540\" height=\"720\" src=\"https:\/\/balerwrapper.com\/wp-content\/uploads\/2022\/08\/silage-baler-machine-certificate.webp\" alt=\"Zertifikat f\u00fcr eine Silagepresse\" class=\"wp-image-654\" srcset=\"https:\/\/balerwrapper.com\/wp-content\/uploads\/2022\/08\/silage-baler-machine-certificate.webp 540w, https:\/\/balerwrapper.com\/wp-content\/uploads\/2022\/08\/silage-baler-machine-certificate-225x300.webp 225w, https:\/\/balerwrapper.com\/wp-content\/uploads\/2022\/08\/silage-baler-machine-certificate-9x12.webp 9w\" sizes=\"auto, (max-width: 540px) 100vw, 540px\" \/><figcaption class=\"wp-element-caption\">Zertifikat f\u00fcr eine Silagepresse<\/figcaption><\/figure> <\/div>   <h2 class=\"wp-block-heading\" id=\"h-faq\">FAQ<\/h2>   <div id=\"rank-math-faq\" class=\"rank-math-block\"> <div class=\"rank-math-list\"> <div id=\"faq-question-1717055280482\" class=\"rank-math-list-item\"> <h3 class=\"rank-math-question\">Kann ich das Netzseil und die Folie separat kaufen?<\/h3> <div class=\"rank-math-answer\">  <p>Ja.<\/p>  <\/div> <\/div> <div id=\"faq-question-1717055287844\" class=\"rank-math-list-item\"> <h3 class=\"rank-math-question\">Kann ich die Anzahl der Lagen der Wickelfolie selbst anpassen?<\/h3> <div class=\"rank-math-answer\">  <p>Ja, Sie k\u00f6nnen die Anzahl der Schichten Ihren Bed\u00fcrfnissen entsprechend anpassen.<\/p>  <\/div> <\/div> <div id=\"faq-question-1717055296648\" class=\"rank-math-list-item\"> <h3 class=\"rank-math-question\">Welches Futter ist einfacher zu handhaben?<\/h3> <div class=\"rank-math-answer\">  <p>F\u00fcr die Verarbeitung von flockigem Futter empfehlen wir den Einsatz einer Knetmaschine, da sich das Futter leichter zusammenrollen und nicht so leicht verteilen l\u00e4sst.<\/p>  <\/div> <\/div> <div id=\"faq-question-1717055305431\" class=\"rank-math-list-item\"> <h3 class=\"rank-math-question\">Haben Sie ein CE-Zertifikat?<\/h3> <div class=\"rank-math-answer\">  <p>Ja, das tun wir.<\/p>  <\/div> <\/div> <div id=\"faq-question-1717055313978\" class=\"rank-math-list-item\"> <h3 class=\"rank-math-question\">Welche Leistung hat die Maschine?<\/h3> <div class=\"rank-math-answer\">  <p>Die Leistung der TZ-70-70-Maschinen kann nur ein Elektromotor sein, 50 Typen k\u00f6nnen ein Elektromotor und ein Dieselmotor sein.<\/p>  <\/div> <\/div> <\/div> <\/div>","protected":false},"excerpt":{"rendered":"<p>Die Silagewickelmaschine ist eine Art landwirtschaftliche Maschine. Heutzutage nutzen viele Landwirte diese Maschine, um Futter wie Rinder und Schafe frisch zu halten.<\/p>","protected":false},"author":1,"featured_media":216,"parent":0,"template":"","tags":[37,35],"product-type":[7],"class_list":["post-53","product","type-product","status-publish","has-post-thumbnail","hentry","tag-feed","tag-silage","product-type-silage-baler"],"_links":{"self":[{"href":"https:\/\/balerwrapper.com\/de\/wp-json\/wp\/v2\/product\/53","targetHints":{"allow":["GET"]}}],"collection":[{"href":"https:\/\/balerwrapper.com\/de\/wp-json\/wp\/v2\/product"}],"about":[{"href":"https:\/\/balerwrapper.com\/de\/wp-json\/wp\/v2\/types\/product"}],"author":[{"embeddable":true,"href":"https:\/\/balerwrapper.com\/de\/wp-json\/wp\/v2\/users\/1"}],"wp:featuredmedia":[{"embeddable":true,"href":"https:\/\/balerwrapper.com\/de\/wp-json\/wp\/v2\/media\/216"}],"wp:attachment":[{"href":"https:\/\/balerwrapper.com\/de\/wp-json\/wp\/v2\/media?parent=53"}],"wp:term":[{"taxonomy":"post_tag","embeddable":true,"href":"https:\/\/balerwrapper.com\/de\/wp-json\/wp\/v2\/tags?post=53"},{"taxonomy":"product-type","embeddable":true,"href":"https:\/\/balerwrapper.com\/de\/wp-json\/wp\/v2\/product-type?post=53"}],"curies":[{"name":"wp","href":"https:\/\/api.w.org\/{rel}","templated":true}]}}