{"id":521,"date":"2023-11-29T09:49:04","date_gmt":"2023-11-29T01:49:04","guid":{"rendered":"https:\/\/balerwrapper.com\/?post_type=product&#038;p=521"},"modified":"2023-11-29T10:16:52","modified_gmt":"2023-11-29T02:16:52","slug":"silage-harvesting-and-recycling-machine","status":"publish","type":"product","link":"https:\/\/balerwrapper.com\/de\/product\/silage-harvesting-and-recycling-machine\/","title":{"rendered":"Mobile Silageernte- und Recyclingmaschine zu verkaufen"},"content":{"rendered":"<div class=\"kk-star-ratings kksr-auto kksr-align-left kksr-valign-top\"     data-payload='{&quot;align&quot;:&quot;left&quot;,&quot;id&quot;:&quot;521&quot;,&quot;slug&quot;:&quot;default&quot;,&quot;valign&quot;:&quot;top&quot;,&quot;ignore&quot;:&quot;&quot;,&quot;reference&quot;:&quot;auto&quot;,&quot;class&quot;:&quot;&quot;,&quot;count&quot;:&quot;6&quot;,&quot;legendonly&quot;:&quot;&quot;,&quot;readonly&quot;:&quot;&quot;,&quot;score&quot;:&quot;4.7&quot;,&quot;starsonly&quot;:&quot;&quot;,&quot;best&quot;:&quot;5&quot;,&quot;gap&quot;:&quot;5&quot;,&quot;greet&quot;:&quot;Rate this product&quot;,&quot;legend&quot;:&quot;4.7\\\/5 - (6 votes)&quot;,&quot;size&quot;:&quot;24&quot;,&quot;title&quot;:&quot;Mobile Type Silage Harvesting And Recycling Machine For Sale&quot;,&quot;width&quot;:&quot;133.8&quot;,&quot;_legend&quot;:&quot;{score}\\\/{best} - ({count} {votes})&quot;,&quot;font_factor&quot;:&quot;1.25&quot;}'>              <div class=\"kksr-stars\">      <div class=\"kksr-stars-inactive\">             <div class=\"kksr-star\" data-star=\"1\" style=\"padding-right: 5px\">               <div class=\"kksr-icon\" style=\"width: 24px; height: 24px;\"><\/div>         <\/div>             <div class=\"kksr-star\" data-star=\"2\" style=\"padding-right: 5px\">               <div class=\"kksr-icon\" style=\"width: 24px; height: 24px;\"><\/div>         <\/div>             <div class=\"kksr-star\" data-star=\"3\" style=\"padding-right: 5px\">               <div class=\"kksr-icon\" style=\"width: 24px; height: 24px;\"><\/div>         <\/div>             <div class=\"kksr-star\" data-star=\"4\" style=\"padding-right: 5px\">               <div class=\"kksr-icon\" style=\"width: 24px; height: 24px;\"><\/div>         <\/div>             <div class=\"kksr-star\" data-star=\"5\" style=\"padding-right: 5px\">               <div class=\"kksr-icon\" style=\"width: 24px; height: 24px;\"><\/div>         <\/div>     <\/div>      <div class=\"kksr-stars-active\" style=\"width: 133.8px;\">             <div class=\"kksr-star\" style=\"padding-right: 5px\">               <div class=\"kksr-icon\" style=\"width: 24px; height: 24px;\"><\/div>         <\/div>             <div class=\"kksr-star\" style=\"padding-right: 5px\">               <div class=\"kksr-icon\" style=\"width: 24px; height: 24px;\"><\/div>         <\/div>             <div class=\"kksr-star\" style=\"padding-right: 5px\">               <div class=\"kksr-icon\" style=\"width: 24px; height: 24px;\"><\/div>         <\/div>             <div class=\"kksr-star\" style=\"padding-right: 5px\">               <div class=\"kksr-icon\" style=\"width: 24px; height: 24px;\"><\/div>         <\/div>             <div class=\"kksr-star\" style=\"padding-right: 5px\">               <div class=\"kksr-icon\" style=\"width: 24px; height: 24px;\"><\/div>         <\/div>     <\/div> <\/div>                   <div class=\"kksr-legend\" style=\"font-size: 19.2px;\">             4,7\/5 - (6 Stimmen)    <\/div>     <\/div>  <p class=\"translation-block\">Die Silageernte- und Recyclingmaschine ist <strong><a href=\"https:\/\/balerwrapper.com\/de\/product\/stalk-cutting-recycling-machine\/\">zur Zerkleinerung von Stroh und anderem Ernter\u00fcckst\u00e4nden<\/a><\/strong>. Durch die Hochgeschwindigkeitsrotationsmesser und die Zerkleinerungskammer wird das Stroh effektiv zu feinen Partikeln zerkleinert, um es anschlie\u00dfend zu nutzen, z. B. zum Kompostieren, zur Futteraufbereitung oder zur Energieerzeugung. <\/p>    <figure class=\"wp-block-image size-full\"><img loading=\"lazy\" decoding=\"async\" width=\"720\" height=\"540\" src=\"https:\/\/balerwrapper.com\/wp-content\/uploads\/2023\/11\/straw-crushing-and-recycling-machine.webp\" alt=\"Strohzerkleinerungs- und Recyclingmaschine\" class=\"wp-image-522\"\/><figcaption class=\"wp-element-caption\">Strohzerkleinerungs- und Recyclingmaschine<\/figcaption><\/figure>    <p>Dank seiner Mobilit\u00e4t kann er flexibel auf die Strohhandhabungsanforderungen verschiedener Standorte und Gelegenheiten reagieren und bietet so eine praktische L\u00f6sung f\u00fcr die Entsorgung landwirtschaftlicher Abf\u00e4lle.<\/p>    <h2 class=\"wp-block-heading\">Anwendungen von Silageernte- und Recyclingmaschinen<\/h2>    <p class=\"translation-block\">Die <a href=\"https:\/\/en.wikipedia.org\/wiki\/Straw\" target=\"_blank\" rel=\"noopener\">Stroh<\/a>-Zerkleinerungs- und Recyclingmaschine wird h\u00e4ufig in der Landwirtschaft, Viehzucht und Energieerzeugung eingesetzt. Ihre Hauptanwendungen umfassen:<\/p>    <ol class=\"wp-block-list\"> <li><strong>Energieerzeugung aus Biomasse:<\/strong> Nach dem Zerkleinern von Stroh zu Pellets kann es im Bereich der Biomasseenergie eingesetzt werden, beispielsweise als Biomasse-Pelletbrennstoff und zur Biomassegasaufbereitung zur Heizung und Stromerzeugung.<\/li>    <li><strong>Vorbereitung des organischen D\u00fcngers:<\/strong> Zerkleinertes Stroh kann mit anderen organischen Stoffen vermischt werden, um effizienten organischen D\u00fcnger herzustellen, der in der landwirtschaftlichen Produktion zur Verbesserung der Bodenfruchtbarkeit verwendet wird.<\/li>    <li><strong>Umweltbehandlung:<\/strong> Der Umgang mit Strohabf\u00e4llen reduziert die Verbrennung auf landwirtschaftlichen Fl\u00e4chen und tr\u00e4gt zur Reduzierung der Luft- und Umweltverschmutzung bei.<\/li>    <li><strong>Futterverarbeitung:<\/strong> Nachdem das Stroh zerkleinert wurde, kann es als Rohstoff f\u00fcr Futtermittel verwendet werden, was die Futterverwertungsrate der Tierhaltung verbessert.<\/li> <\/ol>    <figure class=\"wp-block-image size-full\"><img loading=\"lazy\" decoding=\"async\" width=\"720\" height=\"540\" src=\"https:\/\/balerwrapper.com\/wp-content\/uploads\/2023\/11\/silage-harvesting-and-recycling-machine.webp\" alt=\"Silageernte- und Recyclingmaschine\" class=\"wp-image-523\"\/><figcaption class=\"wp-element-caption\">Silageernte- und Recyclingmaschine<\/figcaption><\/figure>    <h2 class=\"wp-block-heading\">Hauptfunktion der Strohernte- und Recyclingmaschine<\/h2>    <ul class=\"wp-block-list\"> <li>Erntet effizient Stroh aus reifen Feldfr\u00fcchten (z. B. Weizen, Gerste, Reis usw.). Das Schneiden des Strohhalms in geeignete L\u00e4ngen und Formen erleichtert die Handhabung.<\/li>    <li>Einige moderne Stroherntemaschinen verf\u00fcgen \u00fcber eine Funktion zur R\u00fcckkehr zum Feld, die das Stroh zerkleinert und gleichm\u00e4\u00dfig auf dem Feld verteilt. Dies tr\u00e4gt dazu bei, die Bodenfruchtbarkeit zu verbessern, Feuchtigkeit zu speichern und die Bodenerosion zu reduzieren.<\/li> <\/ul>    <figure class=\"wp-block-image size-full\"><img loading=\"lazy\" decoding=\"async\" width=\"720\" height=\"540\" src=\"https:\/\/balerwrapper.com\/wp-content\/uploads\/2023\/11\/silage-straw-recycler.webp\" alt=\"Silagestroh-Recycler\" class=\"wp-image-524\"\/><figcaption class=\"wp-element-caption\">Silagestroh-Recycler<\/figcaption><\/figure>    <h2 class=\"wp-block-heading\">Wie diese Maschine funktioniert<\/h2>    <p>Das Funktionsprinzip von Silageernte- und Recyclingmaschinen umfasst in der Regel folgende Schritte:<\/p>    <ol class=\"wp-block-list\"> <li>Es wird zun\u00e4chst von einem Traktor gezogen.<\/li>    <li>Durch die Einf\u00fcll\u00f6ffnung wird das Stroh ins Innere des Brechers transportiert.<\/li>    <li>Das Stroh wird durch Schneiden und Schlagen der rotierenden Hochgeschwindigkeitsmesser effektiv in kleine Partikel pulverisiert.<\/li>    <li>Die pulverisierten Partikel werden durch ein Sieb oder Vibrationssieb getrennt, um gr\u00f6\u00dfere oder unvollst\u00e4ndig pulverisierte Partikel zu entfernen.<\/li>    <li>Um die Ausbreitung von Staub zu verhindern, sind einige Strohbrech- und Recyclingmaschinen mit Staubsammelger\u00e4ten zum Sammeln des Staubs ausgestattet.<\/li>    <li>Schlie\u00dflich treibt ein Hydraulikaggregat am Traktor die Maschine an, um das zerkleinerte Stroh abzuladen.<\/li> <\/ol>    <figure class=\"wp-block-image size-full\"><img loading=\"lazy\" decoding=\"async\" width=\"720\" height=\"540\" src=\"https:\/\/balerwrapper.com\/wp-content\/uploads\/2023\/11\/silage-shredding-recycling-machine.webp\" alt=\"Silagezerkleinerungs-Recyclingmaschine\" class=\"wp-image-525\"\/><figcaption class=\"wp-element-caption\">Silagezerkleinerungs-Recyclingmaschine<\/figcaption><\/figure>    <h2 class=\"wp-block-heading\">Vorteile einer mobilen Silage-Recyclingmaschine<\/h2>    <ul class=\"wp-block-list\"> <li><strong>Flexibilit\u00e4t und Portabilit\u00e4t:<\/strong> Ausgestattet mit R\u00e4dern lassen sie sich leicht zwischen verschiedenen Ackerfl\u00e4chen f\u00fcr unterschiedliche Standorte und Gelegenheiten bewegen, und es ist f\u00fcr Landwirte einfacher, die Ger\u00e4te bei Bedarf an einen anderen Standort zu bringen.<\/li>    <li><strong>Wirtschaftlichkeit:<\/strong> Tragbare Ger\u00e4te sind in der Regel g\u00fcnstiger als der Bau station\u00e4rer Ger\u00e4te. Landwirte haben die M\u00f6glichkeit, sie bei Bedarf zu mieten oder zu kaufen, wodurch kostspielige Bauarbeiten entfallen.<\/li>    <li><strong>Anpassungsf\u00e4higkeit:<\/strong> Tragbare Silage-Ernte- und Recyclingmaschinen k\u00f6nnen an unterschiedliche Kulturen und Bodenbedingungen angepasst und angepasst werden. Dies erleichtert das Erreichen optimaler Ergebnisse auf verschiedenen Ackerfl\u00e4chen.<\/li>    <li><strong>Effiziente Produktion:<\/strong> Tragbare Einheiten sind oft auf eine effiziente Produktion ausgelegt und erm\u00f6glichen ein schnelleres Sammeln, Zerkleinern und Verarbeiten von Stroh, wobei 32 Messer das Stroh vollst\u00e4ndig zerschneiden k\u00f6nnen, was einer R\u00fcckgewinnungsrate von \u00fcber 801 TP3T entspricht.<\/li>    <li><strong>L\u00fccken zwischen Parzellen verringern:<\/strong> Durch die F\u00e4higkeit, schnell zum n\u00e4chsten Feld zu gelangen, tragen tragbare Strohh\u00e4cksler und -recycler dazu bei, die L\u00fccken zwischen den Parzellen zu verringern, sodass das Land besser genutzt werden kann.<\/li> <\/ul>    <figure class=\"wp-block-image size-full\"><img loading=\"lazy\" decoding=\"async\" width=\"720\" height=\"540\" src=\"https:\/\/balerwrapper.com\/wp-content\/uploads\/2023\/11\/silage-harvester.webp\" alt=\"Silageerntemaschine\" class=\"wp-image-526\"\/><figcaption class=\"wp-element-caption\">Silageerntemaschine<\/figcaption><\/figure>    <h2 class=\"wp-block-heading\">Wartung und Reparatur<\/h2>    <p>Die Wartung und Instandhaltung der Silageernte- und Recyclingmaschine ist der Schl\u00fcssel f\u00fcr den langfristigen und effizienten Betrieb der Ger\u00e4te.<\/p>    <ol class=\"wp-block-list\"> <li><strong>Regelm\u00e4\u00dfige Reinigung:<\/strong> Reinigen Sie regelm\u00e4\u00dfig alle Teile der Strohbrech- und Recyclingmaschine, einschlie\u00dflich Messer, F\u00f6rderb\u00e4nder und Siebe. Stellen Sie sicher, dass die Maschine w\u00e4hrend des Reinigungsvorgangs offline ist.<\/li>    <li><strong>Messerinspektion und -austausch:<\/strong> \u00dcberpr\u00fcfen Sie regelm\u00e4\u00dfig den Verschlei\u00df der Messer, um sicherzustellen, dass sie scharf bleiben. Ersetzen Sie stark abgenutzte Messer bei Bedarf rechtzeitig, um die Pulverisierungswirkung und die Lebensdauer der Ausr\u00fcstung sicherzustellen.<\/li>    <li><strong>Schmiersystem:<\/strong> Geben Sie an jeder Schmierstelle des Ger\u00e4ts die richtige Menge Schmiermittel hinzu, um sicherzustellen, dass alle Teile des Ger\u00e4ts w\u00e4hrend des Betriebs reibungslos funktionieren.<\/li> <\/ol>    <p>Wenn Sie Interesse an unseren Silageernte- und Recyclingmaschinen haben oder Fragen haben, k\u00f6nnen Sie sich gerne an uns wenden.<\/p>","protected":false},"excerpt":{"rendered":"<p>The silage harvesting and recycling machine is used for crushing straw and other crop residues. Through the high-speed rotating blades and crushing chamber, the straw is effectively crushed into fine particles for subsequent utilization, such as composting, feed preparation, or energy production. Its mobility allows it to flexibly respond to the straw handling needs of [&hellip;]<\/p>\n","protected":false},"author":1,"featured_media":527,"parent":0,"template":"","tags":[],"product-type":[8],"class_list":["post-521","product","type-product","status-publish","has-post-thumbnail","hentry","product-type-other-silage-machines"],"_links":{"self":[{"href":"https:\/\/balerwrapper.com\/de\/wp-json\/wp\/v2\/product\/521","targetHints":{"allow":["GET"]}}],"collection":[{"href":"https:\/\/balerwrapper.com\/de\/wp-json\/wp\/v2\/product"}],"about":[{"href":"https:\/\/balerwrapper.com\/de\/wp-json\/wp\/v2\/types\/product"}],"author":[{"embeddable":true,"href":"https:\/\/balerwrapper.com\/de\/wp-json\/wp\/v2\/users\/1"}],"wp:featuredmedia":[{"embeddable":true,"href":"https:\/\/balerwrapper.com\/de\/wp-json\/wp\/v2\/media\/527"}],"wp:attachment":[{"href":"https:\/\/balerwrapper.com\/de\/wp-json\/wp\/v2\/media?parent=521"}],"wp:term":[{"taxonomy":"post_tag","embeddable":true,"href":"https:\/\/balerwrapper.com\/de\/wp-json\/wp\/v2\/tags?post=521"},{"taxonomy":"product-type","embeddable":true,"href":"https:\/\/balerwrapper.com\/de\/wp-json\/wp\/v2\/product-type?post=521"}],"curies":[{"name":"wp","href":"https:\/\/api.w.org\/{rel}","templated":true}]}}