{"id":502,"date":"2023-10-26T16:06:00","date_gmt":"2023-10-26T08:06:00","guid":{"rendered":"https:\/\/balerwrapper.com\/?post_type=product&#038;p=502"},"modified":"2023-11-01T13:28:30","modified_gmt":"2023-11-01T05:28:30","slug":"straw-crushing-packaging-wrapping-machine","status":"publish","type":"product","link":"https:\/\/balerwrapper.com\/de\/product\/straw-crushing-packaging-wrapping-machine\/","title":{"rendered":"Automatische Sliage-Strohzerkleinerungsverpackungsmaschine"},"content":{"rendered":"<div class=\"kk-star-ratings kksr-auto kksr-align-left kksr-valign-top\"     data-payload='{&quot;align&quot;:&quot;left&quot;,&quot;id&quot;:&quot;502&quot;,&quot;slug&quot;:&quot;default&quot;,&quot;valign&quot;:&quot;top&quot;,&quot;ignore&quot;:&quot;&quot;,&quot;reference&quot;:&quot;auto&quot;,&quot;class&quot;:&quot;&quot;,&quot;count&quot;:&quot;13&quot;,&quot;legendonly&quot;:&quot;&quot;,&quot;readonly&quot;:&quot;&quot;,&quot;score&quot;:&quot;4.6&quot;,&quot;starsonly&quot;:&quot;&quot;,&quot;best&quot;:&quot;5&quot;,&quot;gap&quot;:&quot;5&quot;,&quot;greet&quot;:&quot;Rate this product&quot;,&quot;legend&quot;:&quot;4.6\\\/5 - (13 votes)&quot;,&quot;size&quot;:&quot;24&quot;,&quot;title&quot;:&quot;Automatic Sliage Straw Crushing Packaging Wrapping Machine&quot;,&quot;width&quot;:&quot;130.9&quot;,&quot;_legend&quot;:&quot;{score}\\\/{best} - ({count} {votes})&quot;,&quot;font_factor&quot;:&quot;1.25&quot;}'>              <div class=\"kksr-stars\">      <div class=\"kksr-stars-inactive\">             <div class=\"kksr-star\" data-star=\"1\" style=\"padding-right: 5px\">               <div class=\"kksr-icon\" style=\"width: 24px; height: 24px;\"><\/div>         <\/div>             <div class=\"kksr-star\" data-star=\"2\" style=\"padding-right: 5px\">               <div class=\"kksr-icon\" style=\"width: 24px; height: 24px;\"><\/div>         <\/div>             <div class=\"kksr-star\" data-star=\"3\" style=\"padding-right: 5px\">               <div class=\"kksr-icon\" style=\"width: 24px; height: 24px;\"><\/div>         <\/div>             <div class=\"kksr-star\" data-star=\"4\" style=\"padding-right: 5px\">               <div class=\"kksr-icon\" style=\"width: 24px; height: 24px;\"><\/div>         <\/div>             <div class=\"kksr-star\" data-star=\"5\" style=\"padding-right: 5px\">               <div class=\"kksr-icon\" style=\"width: 24px; height: 24px;\"><\/div>         <\/div>     <\/div>      <div class=\"kksr-stars-active\" style=\"width: 130.9px;\">             <div class=\"kksr-star\" style=\"padding-right: 5px\">               <div class=\"kksr-icon\" style=\"width: 24px; height: 24px;\"><\/div>         <\/div>             <div class=\"kksr-star\" style=\"padding-right: 5px\">               <div class=\"kksr-icon\" style=\"width: 24px; height: 24px;\"><\/div>         <\/div>             <div class=\"kksr-star\" style=\"padding-right: 5px\">               <div class=\"kksr-icon\" style=\"width: 24px; height: 24px;\"><\/div>         <\/div>             <div class=\"kksr-star\" style=\"padding-right: 5px\">               <div class=\"kksr-icon\" style=\"width: 24px; height: 24px;\"><\/div>         <\/div>             <div class=\"kksr-star\" style=\"padding-right: 5px\">               <div class=\"kksr-icon\" style=\"width: 24px; height: 24px;\"><\/div>         <\/div>     <\/div> <\/div>                   <div class=\"kksr-legend\" style=\"font-size: 19.2px;\">             4,6\/5 - (13 Stimmen)    <\/div>     <\/div>  <p>Die Strohzerkleinerungsverpackungsmaschine ist eine Art landwirtschaftliche Maschine und Ausr\u00fcstung, die zum automatischen Sammeln, Hacken, Ballenpressen und Einwickeln von Stroh f\u00fcr Lagerung, Transport und umfassende Nutzung verwendet wird. <\/p>    <p class=\"translation-block\">In der Regel k\u00f6nnen diese verarbeiteten <a href=\"https:\/\/en.wikipedia.org\/wiki\/Straw\" target=\"_blank\" rel=\"noopener\">Stroh<\/a> als Futter, Biomasseenergie, D\u00fcnger oder Bodenverbesserungsmittel verwendet werden. Diese Maschine hilft, die Arbeitsbelastung der Landwirte zu verringern und die umfassende Nutzung von Stroh zu verbessern.<\/p>    <figure class=\"wp-block-image size-full\"><img loading=\"lazy\" decoding=\"async\" width=\"720\" height=\"540\" src=\"https:\/\/balerwrapper.com\/wp-content\/uploads\/2023\/10\/silage-picking-crushing-baling-machine.webp\" alt=\"Silagepfl\u00fccker, Zerkleinerungsmaschine\" class=\"wp-image-503\"\/><figcaption class=\"wp-element-caption\">Silagepfl\u00fccker, Zerkleinerungsmaschine<\/figcaption><\/figure>    <h2 class=\"wp-block-heading\">Hauptstrukturen der Silage-Zerkleinerungsmaschine<\/h2>    <ul class=\"wp-block-list\"> <li>Die Verpackungsmaschine zum Zerkleinern von Stroh besteht aus den folgenden Hauptstrukturen, die zusammenarbeiten und normalerweise Folgendes umfassen:<\/li>    <li>Fahrgestell (mit R\u00e4dern ausgestattet, um die Bewegung auf dem Feld zu erleichtern)<\/li>    <li>Pick-up-System (ein rotierendes Zahnrad oder ein Picker, der an der Vorderseite der Maschine h\u00e4ngt)<\/li>    <li>Zerkleinerer (einschlie\u00dflich rotierender Messer oder Trommeln)<\/li>    <li>Ballenpresssystem (Mechanismus zum Sammeln des Strohs und zur Bildung kompakter Ballen)<\/li>    <li>Wickelmechanismus (umwickelt mit einer oder mehreren Schichten Plastikfolie, um den Ballen zu sch\u00fctzen und zu konservieren) Dieser Teil umfasst normalerweise die Wickelrolle und den Auftragsmechanismus.<\/li> <\/ul>    <figure class=\"wp-block-image size-full\"><img loading=\"lazy\" decoding=\"async\" width=\"720\" height=\"540\" src=\"https:\/\/balerwrapper.com\/wp-content\/uploads\/2023\/10\/straw-crushing-packaging-wrapping-machine.webp\" alt=\"Verpackungsmaschine zum Zerkleinern von Stroh\" class=\"wp-image-504\"\/><figcaption class=\"wp-element-caption\">Verpackungsmaschine zum Zerkleinern von Stroh<\/figcaption><\/figure>    <h2 class=\"wp-block-heading\">Arbeitsablauf der Strohzerkleinerungsverpackungsmaschine<\/h2>    <ol class=\"wp-block-list\"> <li><strong>Strohpfl\u00fccken<\/strong>: Dies ist der erste Schritt der Maschine, der die auf dem Ackerland verbliebenen Strohhalme (z. B. Maisst\u00e4ngel, Weizenst\u00e4ngel usw.) automatisch aufnehmen und konzentrieren kann.<\/li>    <li><strong>Strohbrecher<\/strong>: Strohhalme sind nach dem Aufheben meist sehr lang und k\u00f6nnen im n\u00e4chsten Schritt nicht einfach verwendet werden. Der Strohzerkleinerer zerkleinert diese Strohhalme f\u00fcr sp\u00e4tere Arbeiten in kleinere Partikel.<\/li>    <li><strong>Strohballenpressen<\/strong>: Das zerkleinerte Stroh wird zur Lagerung, zum Transport und zur anschlie\u00dfenden Verwendung zu dichten, meist runden oder quadratischen B\u00fcndeln gepresst.<\/li>    <li><strong>Verpackung<\/strong>: Schlie\u00dflich werden diese Strohballen meist mit Plastikfolie umwickelt. Dies tr\u00e4gt dazu bei, die Ballen vor Sch\u00e4den w\u00e4hrend der Lagerung zu sch\u00fctzen und sorgt au\u00dferdem f\u00fcr Isolierung und Zersetzung.<\/li> <\/ol>    <figure class=\"wp-block-image size-full\"><img loading=\"lazy\" decoding=\"async\" width=\"720\" height=\"540\" src=\"https:\/\/balerwrapper.com\/wp-content\/uploads\/2023\/10\/silage-wrapper.webp\" alt=\"Silagewickler\" class=\"wp-image-505\"\/><figcaption class=\"wp-element-caption\">Silagewickler<\/figcaption><\/figure>    <h2 class=\"wp-block-heading\">Hauptmerkmale der multifunktionalen Silagepresse<\/h2>    <div class=\"wp-block-media-text has-media-on-the-right is-stacked-on-mobile\"><div class=\"wp-block-media-text__content\"> <ul class=\"wp-block-list\"> <li>Arbeitssparend, da direkt nach der Ernte und Zerkleinerung Ballen gepresst und verpackt werden k\u00f6nnen.<\/li>    <li>W\u00e4hlen Sie aus zwei Modellen mit Schnittbreiten von 1300 und 1720 mm.<\/li>    <li>Bei hoher Leistung kann eine Rolle Seil und Folie in etwa 65\u201370 B\u00fcndel gewickelt werden, also 45\u201360 B\u00fcndel pro Stunde.<\/li>    <li>Gute Arbeitswirkung, dichte B\u00fcndelung, lockere Innenseite und dichte Au\u00dfenseite sowie gute Luftdurchl\u00e4ssigkeit.<\/li>    <li>Klare Arbeitsteilung: Der Traktor liefert die Kraft zum Ernten und Zerkleinern, der Benzinmotor liefert die Kraft zum Ballenpressen und Wickeln.<\/li> <\/ul> <\/div><figure class=\"wp-block-media-text__media\"><img loading=\"lazy\" decoding=\"async\" width=\"540\" height=\"720\" src=\"https:\/\/balerwrapper.com\/wp-content\/uploads\/2023\/10\/silage-baler-machine-for-sale.webp\" alt=\"Silagepresse zu verkaufen\" class=\"wp-image-506 size-full\"\/><\/figure><\/div>    <h2 class=\"wp-block-heading\">Technische Parameter der Maschine<\/h2>    <p>Dieses Ger\u00e4t von uns ist eine selbstfahrende Strohm\u00fchle, Verpackungs- und Wickelmaschine, die alles in einem integriert.<\/p>    <figure class=\"wp-block-table is-style-stripes\"><table><tbody><tr><td><strong>Modell<\/strong><\/td><td>9YQ-1300<\/td><td>9YQ-1720<\/td><\/tr><tr><td><strong>Leistung<\/strong><\/td><td>40 PS<\/td><td>70 PS<\/td><\/tr><tr><td><strong>Press- und Wickelleistung<\/strong><\/td><td>Benzingenerator (5+0,75 KW)<\/td><td>Benzingenerator (5+0,75 KW)<\/td><\/tr><tr><td><strong>Arbeitsbreite<\/strong><\/td><td>1300 mm<\/td><td>1720 mm<\/td><\/tr><tr><td><strong>Bales Dimension<\/strong><\/td><td>L*\u0424 700*800mm<\/td><td>L*\u0424 700*800mm<\/td><\/tr><tr><td><strong>Bales Gewicht<\/strong><\/td><td>95-100 kg\/Ballen<\/td><td>95-100 kg\/Ballen<\/td><\/tr><tr><td><strong>Kapazit\u00e4t<\/strong><\/td><td>0,9 Acre\/h<\/td><td>1,3 Acre\/h<\/td><\/tr><tr><td><strong>Gr\u00f6\u00dfe<\/strong><\/td><td>3270*2150*1400 mm<\/td><td>3270*2150*1400 mm<\/td><\/tr><tr><td><strong>Gewicht<\/strong><\/td><td>1200 kg<\/td><td>1300 kg<\/td><\/tr><\/tbody><\/table><\/figure>    <p>Unser Unternehmen hat die beiden oben genannten Hauptmodelle von Strohzerkleinerungs- und Verpackungsmaschinen zur Auswahl vorgestellt. Die obige Liste ist Teil der wichtigen Parameter. Wenn Sie detailliertere Informationen w\u00fcnschen, k\u00f6nnen Sie uns gerne kontaktieren.<\/p>    <h2 class=\"wp-block-heading\">Verwandte Maschinen<\/h2>    <p class=\"translation-block\">Selbstverst\u00e4ndlich produzieren wir je nach unterschiedlicher Nutzung und Budget des Kunden auch andere relativ einfache Maschinen zur Handhabung und Verwaltung von Ernter\u00fcckst\u00e4nden und Stroh, wie z. B. Silageballenwickelmaschinen, <strong><a href=\"https:\/\/balerwrapper.com\/de\/product\/round-hay-baler\/\">Strohunterlader-Ballenpressen (Rund- oder Quaderballen)<\/a><\/strong> und <strong><a href=\"https:\/\/balerwrapper.com\/de\/product\/hay-cutter-and-baler\/\">zerkleinernde Pickup-Ballenpressen<\/a><\/strong>.<\/p>    <figure class=\"wp-block-gallery has-nested-images columns-2 is-cropped wp-block-gallery-2 is-layout-flex wp-block-gallery-is-layout-flex\"> <figure class=\"wp-block-image size-large\"><img loading=\"lazy\" decoding=\"async\" width=\"720\" height=\"540\" data-id=\"507\" src=\"https:\/\/balerwrapper.com\/wp-content\/uploads\/2023\/10\/straw-wrapping-machine.webp\" alt=\"Strohwickelmaschine\" class=\"wp-image-507\"\/><figcaption class=\"wp-element-caption\">Strohwickelmaschine<\/figcaption><\/figure>    <figure class=\"wp-block-image size-large\"><img loading=\"lazy\" decoding=\"async\" width=\"720\" height=\"540\" data-id=\"508\" src=\"https:\/\/balerwrapper.com\/wp-content\/uploads\/2023\/10\/round-hay-picking-baler-machine.webp\" alt=\"runde Heupfl\u00fcckpresse\" class=\"wp-image-508\"\/><figcaption class=\"wp-element-caption\">runde Heupfl\u00fcckpresse<\/figcaption><\/figure>    <figure class=\"wp-block-image size-large\"><img loading=\"lazy\" decoding=\"async\" width=\"720\" height=\"540\" data-id=\"509\" src=\"https:\/\/balerwrapper.com\/wp-content\/uploads\/2023\/10\/square-hay-baler-machine.webp\" alt=\"Quadratische Heuballenpresse\" class=\"wp-image-509\"\/><figcaption class=\"wp-element-caption\">Quadratische Heuballenpresse<\/figcaption><\/figure>    <figure class=\"wp-block-image size-large\"><img loading=\"lazy\" decoding=\"async\" width=\"720\" height=\"540\" data-id=\"510\" src=\"https:\/\/balerwrapper.com\/wp-content\/uploads\/2023\/10\/hay-cutter-and-baler-machine.webp\" alt=\"Heuschneider und Ballenpresse\" class=\"wp-image-510\"\/><figcaption class=\"wp-element-caption\">Heuschneider und Ballenpresse<\/figcaption><\/figure> <\/figure>    <p>Unsere Verpackungsmaschinen zum Zerkleinern von Stroh erfreuen sich gro\u00dfer Beliebtheit und wurden erfolgreich in eine Reihe von L\u00e4ndern exportiert, darunter Nigeria, Kenia, \u00c4thiopien, Tansania, Indien, Bangladesch, Vietnam, Indonesien, Brasilien, Argentinien und viele mehr. Sie alle stehen unserem Preis f\u00fcr Silagepressen sowie unserem Service usw. positiv gegen\u00fcber und sind bereit, eine langfristige Zusammenarbeit mit uns aufzubauen.<\/p>","protected":false},"excerpt":{"rendered":"<p>The straw crushing packaging wrapping machine is a kind of agricultural machinery and equipment used for automatically collecting, chopping, baling, and wrapping straw for storage, transportation, and comprehensive utilization. Usually, these processed straws can be used as feed, biomass energy, fertilizer, or soil conditioner. This machine helps to reduce the labor burden of farmers and [&hellip;]<\/p>\n","protected":false},"author":1,"featured_media":512,"parent":0,"template":"","tags":[],"product-type":[7],"class_list":["post-502","product","type-product","status-publish","has-post-thumbnail","hentry","product-type-silage-baler"],"_links":{"self":[{"href":"https:\/\/balerwrapper.com\/de\/wp-json\/wp\/v2\/product\/502","targetHints":{"allow":["GET"]}}],"collection":[{"href":"https:\/\/balerwrapper.com\/de\/wp-json\/wp\/v2\/product"}],"about":[{"href":"https:\/\/balerwrapper.com\/de\/wp-json\/wp\/v2\/types\/product"}],"author":[{"embeddable":true,"href":"https:\/\/balerwrapper.com\/de\/wp-json\/wp\/v2\/users\/1"}],"wp:featuredmedia":[{"embeddable":true,"href":"https:\/\/balerwrapper.com\/de\/wp-json\/wp\/v2\/media\/512"}],"wp:attachment":[{"href":"https:\/\/balerwrapper.com\/de\/wp-json\/wp\/v2\/media?parent=502"}],"wp:term":[{"taxonomy":"post_tag","embeddable":true,"href":"https:\/\/balerwrapper.com\/de\/wp-json\/wp\/v2\/tags?post=502"},{"taxonomy":"product-type","embeddable":true,"href":"https:\/\/balerwrapper.com\/de\/wp-json\/wp\/v2\/product-type?post=502"}],"curies":[{"name":"wp","href":"https:\/\/api.w.org\/{rel}","templated":true}]}}