{"id":408,"date":"2022-12-15T13:47:15","date_gmt":"2022-12-15T05:47:15","guid":{"rendered":"https:\/\/balerwrapper.com\/?post_type=product&#038;p=408"},"modified":"2022-12-16T11:43:40","modified_gmt":"2022-12-16T03:43:40","slug":"straw-cutting-machine","status":"publish","type":"product","link":"https:\/\/balerwrapper.com\/de\/product\/straw-cutting-machine\/","title":{"rendered":"Strohschneidemaschine f\u00fcr Kuh- und Pferdefutter"},"content":{"rendered":"<div class=\"kk-star-ratings kksr-auto kksr-align-left kksr-valign-top\"     data-payload='{&quot;align&quot;:&quot;left&quot;,&quot;id&quot;:&quot;408&quot;,&quot;slug&quot;:&quot;default&quot;,&quot;valign&quot;:&quot;top&quot;,&quot;ignore&quot;:&quot;&quot;,&quot;reference&quot;:&quot;auto&quot;,&quot;class&quot;:&quot;&quot;,&quot;count&quot;:&quot;28&quot;,&quot;legendonly&quot;:&quot;&quot;,&quot;readonly&quot;:&quot;&quot;,&quot;score&quot;:&quot;4.7&quot;,&quot;starsonly&quot;:&quot;&quot;,&quot;best&quot;:&quot;5&quot;,&quot;gap&quot;:&quot;5&quot;,&quot;greet&quot;:&quot;Rate this product&quot;,&quot;legend&quot;:&quot;4.7\\\/5 - (28 votes)&quot;,&quot;size&quot;:&quot;24&quot;,&quot;title&quot;:&quot;Straw cutting machine for cow and horse feed&quot;,&quot;width&quot;:&quot;133.8&quot;,&quot;_legend&quot;:&quot;{score}\\\/{best} - ({count} {votes})&quot;,&quot;font_factor&quot;:&quot;1.25&quot;}'>              <div class=\"kksr-stars\">      <div class=\"kksr-stars-inactive\">             <div class=\"kksr-star\" data-star=\"1\" style=\"padding-right: 5px\">               <div class=\"kksr-icon\" style=\"width: 24px; height: 24px;\"><\/div>         <\/div>             <div class=\"kksr-star\" data-star=\"2\" style=\"padding-right: 5px\">               <div class=\"kksr-icon\" style=\"width: 24px; height: 24px;\"><\/div>         <\/div>             <div class=\"kksr-star\" data-star=\"3\" style=\"padding-right: 5px\">               <div class=\"kksr-icon\" style=\"width: 24px; height: 24px;\"><\/div>         <\/div>             <div class=\"kksr-star\" data-star=\"4\" style=\"padding-right: 5px\">               <div class=\"kksr-icon\" style=\"width: 24px; height: 24px;\"><\/div>         <\/div>             <div class=\"kksr-star\" data-star=\"5\" style=\"padding-right: 5px\">               <div class=\"kksr-icon\" style=\"width: 24px; height: 24px;\"><\/div>         <\/div>     <\/div>      <div class=\"kksr-stars-active\" style=\"width: 133.8px;\">             <div class=\"kksr-star\" style=\"padding-right: 5px\">               <div class=\"kksr-icon\" style=\"width: 24px; height: 24px;\"><\/div>         <\/div>             <div class=\"kksr-star\" style=\"padding-right: 5px\">               <div class=\"kksr-icon\" style=\"width: 24px; height: 24px;\"><\/div>         <\/div>             <div class=\"kksr-star\" style=\"padding-right: 5px\">               <div class=\"kksr-icon\" style=\"width: 24px; height: 24px;\"><\/div>         <\/div>             <div class=\"kksr-star\" style=\"padding-right: 5px\">               <div class=\"kksr-icon\" style=\"width: 24px; height: 24px;\"><\/div>         <\/div>             <div class=\"kksr-star\" style=\"padding-right: 5px\">               <div class=\"kksr-icon\" style=\"width: 24px; height: 24px;\"><\/div>         <\/div>     <\/div> <\/div>                   <div class=\"kksr-legend\" style=\"font-size: 19.2px;\">             4,7\/5 - (28 Stimmen)    <\/div>     <\/div>  <p>Die Strohschneidemaschine ist ein guter Helfer bei der Silageherstellung. Wir mussten den H\u00e4cksler schon seit vielen Jahren herstellen. Und wir haben die kompletten Modelle von Silageh\u00e4ckslern. Sie unterscheiden sich in der Ausgabe. <\/p>    <p class=\"translation-block\">Und insbesondere von Modell 9Z-2.5A bis 9Z-10A, die die zus\u00e4tzliche Funktion des automatischen Futternachschubs haben. Und der kleinere <a href=\"https:\/\/www.agriculture-machine.com\/small-chaff-cutter\/\" target=\"_blank\" rel=\"noopener\">Ausgabe Grash\u00e4cksler<\/a> ben\u00f6tigt, dass das Material manuell von den Bedienern zugef\u00fchrt wird.<\/p>    <h2 class=\"wp-block-heading\">Kurze Einf\u00fchrung in die Strohschneidemaschine<\/h2>    <p>Die Strohschneidemaschine verf\u00fcgt \u00fcber ein F\u00f6rderband. Und dieses Band kann die Materialien automatisch in den Zerkleinerungsraum bef\u00f6rdern. Diese Funktion kann Menschen helfen, viel Energie und Zeit zu sparen. Der Wirkungsgrad ist also sehr hoch. <\/p>    <p>Au\u00dferdem ist die Leistung des automatischen H\u00e4ckslers h\u00f6her als beim kleinen Modell des H\u00e4ckslers. So ist es f\u00fcr Kunden bequem, die zerkleinerte Silage \u00fcberall hin zu schicken. Benutzer k\u00f6nnen den Auslass f\u00fcr eine einfachere Verwendung auch hoch einstellen.<\/p>    <figure class=\"wp-block-gallery has-nested-images columns-default is-cropped wp-block-gallery-2 is-layout-flex wp-block-gallery-is-layout-flex\"> <figure class=\"wp-block-image size-large\"><img loading=\"lazy\" decoding=\"async\" width=\"720\" height=\"540\" data-id=\"417\" src=\"https:\/\/balerwrapper.com\/wp-content\/uploads\/2022\/12\/straw-cutting-machine-1-1.webp\" alt=\"Strohschneidemaschine\" class=\"wp-image-417\" title=\"Strohschneidemaschine\"\/><figcaption class=\"wp-element-caption\">Strohschneidemaschine<\/figcaption><\/figure>    <figure class=\"wp-block-image size-large\"><img loading=\"lazy\" decoding=\"async\" width=\"720\" height=\"540\" data-id=\"418\" src=\"https:\/\/balerwrapper.com\/wp-content\/uploads\/2022\/12\/electric-hay-cutter-.webp\" alt=\"elektrischer Heuh\u00e4cksler\" class=\"wp-image-418\" title=\"elektrischer Heuh\u00e4cksler\"\/><figcaption class=\"wp-element-caption\">elektrischer Heuh\u00e4cksler<\/figcaption><\/figure> <\/figure>    <h2 class=\"wp-block-heading\">Welche Maschinen k\u00f6nnen mit der elektrischen Heuh\u00e4cksler zusammenarbeiten?<\/h2>    <p class=\"translation-block\">Kunden k\u00f6nnen die Strohschneidemaschine mit dem <a href=\"https:\/\/balerwrapper.com\/de\/product\/silage-wrapping-machine\/\">Silageballenverpackungsger\u00e4t<\/a> oder der hydraulischen Silage-Ballenpresse kombinieren. Denn die Anwender k\u00f6nnen die St\u00e4ngel direkt in runde oder quaderf\u00f6rmige Ballen verwandeln. Daher ist es einfach f\u00fcr Landwirte zu bedienen.<\/p>    <figure class=\"wp-block-gallery has-nested-images columns-default is-cropped wp-block-gallery-3 is-layout-flex wp-block-gallery-is-layout-flex\"> <figure class=\"wp-block-image size-large\"><img loading=\"lazy\" decoding=\"async\" width=\"720\" height=\"540\" data-id=\"419\" src=\"https:\/\/balerwrapper.com\/wp-content\/uploads\/2022\/12\/paddy-straw-cutting-machine-.webp\" alt=\"Silagepressenwickler\" class=\"wp-image-419\" title=\"Silagepressenwickler\"\/><figcaption class=\"wp-element-caption\">Silagepressenwickler<\/figcaption><\/figure> <\/figure>    <h2 class=\"wp-block-heading\">Technische Informationsdaten der Elefantengras-Schneidemaschine<\/h2>    <figure class=\"wp-block-table\"><table><tbody><tr><td>Modell<\/td><td>9Z-2,5A<\/td><\/tr><tr><td>Unterst\u00fctzende Kraft<\/td><td>3-kW-Motor<\/td><\/tr><tr><td>Motorgeschwindigkeit<\/td><td>2800 U\/min<\/td><\/tr><tr><td>Gr\u00f6\u00dfe<\/td><td>1050*1180*1600MM<\/td><\/tr><tr><td>Ausgabe<\/td><td>2500 kg\/h<\/td><\/tr><tr><td>Anzahl der Klingen<\/td><td>6 Stk<\/td><\/tr><tr><td>F\u00fctterungsmethode<\/td><td>Automatische F\u00fctterung<\/td><\/tr><tr><td>Gewicht<\/td><td>125 kg<\/td><\/tr><tr><td>Ausgabeeffekt<\/td><td>7\u201335 mm L\u00e4nge<\/td><\/tr><\/tbody><\/table><figcaption class=\"wp-element-caption\">Parameter der Elefantengras-Schneidemaschine<\/figcaption><\/figure>    <h2 class=\"wp-block-heading\">Vorteile der Futterschneidemaschine<\/h2>    <ol class=\"wp-block-list\" type=\"1\"> <li>Hohe Kapazit\u00e4t. Die automatischen Strohschneidemaschinen der 9Z-Serie verf\u00fcgen \u00fcber h\u00f6here Leistungen. Und die niedrigste Kapazit\u00e4t betr\u00e4gt 2,5 Tonnen.<\/li>    <li>Bequemer zu bedienen. Die Maschine dieses Modells verf\u00fcgt \u00fcber ein automatisches F\u00f6rderband zum Versenden der St\u00e4ngel. Die Benutzer m\u00fcssen die St\u00e4ngel nur auf das Band legen. &nbsp;<\/li>    <li>Vielf\u00e4ltige Kraft. Die automatische H\u00e4ckselmaschine kann mit Diesel, Benzin oder Motor betrieben werden.<\/li>    <li>Weit verbreitete Anwendung. Der H\u00e4cksler kann die meisten Halme, Stroh, Gras usw. verarbeiten und kann von verschiedenen Landwirten und Futterm\u00fchlen verwendet werden.<\/li> <\/ol>    <figure class=\"wp-block-image size-full\"><img loading=\"lazy\" decoding=\"async\" width=\"720\" height=\"540\" src=\"https:\/\/balerwrapper.com\/wp-content\/uploads\/2022\/12\/fodder-cutting-machine-.webp\" alt=\"\" class=\"wp-image-427\"\/><figcaption class=\"wp-element-caption\">Futterschneidemaschine<\/figcaption><\/figure>    <h2 class=\"wp-block-heading\">Arbeitsvideo der Grash\u00e4ckslermaschine<\/h2>    <figure class=\"wp-block-embed is-type-video is-provider-youtube wp-block-embed-youtube wp-embed-aspect-16-9 wp-has-aspect-ratio\"><div class=\"wp-block-embed__wrapper\"> <iframe loading=\"lazy\" title=\"H\u00e4ckselmaschine auf den Philippinen\/Grasschneidemaschine\/Strohschneidemaschine\/Maisst\u00e4ngelschneider\" width=\"500\" height=\"281\" src=\"https:\/\/www.youtube.com\/embed\/YGkQjesfISA?feature=oembed\" frameborder=\"0\" allow=\"accelerometer; autoplay; clipboard-write; encrypted-media; gyroscope; picture-in-picture; web-share\" referrerpolicy=\"strict-origin-when-cross-origin\" allowfullscreen><\/iframe> <\/div><\/figure>    <h2 class=\"wp-block-heading\">Warum sollten Sie sich f\u00fcr unsere Kuhfutterschneidemaschine entscheiden?<\/h2>    <ol class=\"wp-block-list\" type=\"1\"> <li>Wir produzieren alle Maschinen aus extraschwerem Stahlblech. Daher sind die Futterschneidemaschinen langlebig. Die Lebensdauer ist also l\u00e4nger.<\/li>    <li>Der Motor ist aus Kupfer. So kann der Motor eine starke Leistung liefern und die Maschine stabil laufen.<\/li>    <li>Leicht zu bewegen. Unser automatischer H\u00e4cksler verf\u00fcgt \u00fcber R\u00e4der, die sich \u00fcberall bewegen lassen.<\/li>    <li>Ger\u00e4uscharm und energiesparend. Beim Betrieb der Reisstrohschneidemaschine ist die Ger\u00e4uschentwicklung sehr gering. Und es verbraucht weniger Energie als andere Maschinen.<\/li> <\/ol>    <figure class=\"wp-block-image size-full\"><img loading=\"lazy\" decoding=\"async\" width=\"720\" height=\"540\" src=\"https:\/\/balerwrapper.com\/wp-content\/uploads\/2022\/12\/cow-feed-cutting-machine-.webp\" alt=\"Kuhfutterschneidemaschine\" class=\"wp-image-429\" title=\"Kuhfutterschneidemaschine\"\/><figcaption class=\"wp-element-caption\">Kuhfutterschneidemaschine<\/figcaption><\/figure>","protected":false},"excerpt":{"rendered":"<p>Die Strohschneidemaschine ist ein guter Helfer bei der Silageherstellung. Wir mussten den H\u00e4cksler schon seit vielen Jahren herstellen.<\/p>","protected":false},"author":1,"featured_media":416,"parent":0,"template":"","tags":[],"product-type":[6],"class_list":["post-408","product","type-product","status-publish","has-post-thumbnail","hentry","product-type-chaff-cutter"],"_links":{"self":[{"href":"https:\/\/balerwrapper.com\/de\/wp-json\/wp\/v2\/product\/408","targetHints":{"allow":["GET"]}}],"collection":[{"href":"https:\/\/balerwrapper.com\/de\/wp-json\/wp\/v2\/product"}],"about":[{"href":"https:\/\/balerwrapper.com\/de\/wp-json\/wp\/v2\/types\/product"}],"author":[{"embeddable":true,"href":"https:\/\/balerwrapper.com\/de\/wp-json\/wp\/v2\/users\/1"}],"wp:featuredmedia":[{"embeddable":true,"href":"https:\/\/balerwrapper.com\/de\/wp-json\/wp\/v2\/media\/416"}],"wp:attachment":[{"href":"https:\/\/balerwrapper.com\/de\/wp-json\/wp\/v2\/media?parent=408"}],"wp:term":[{"taxonomy":"post_tag","embeddable":true,"href":"https:\/\/balerwrapper.com\/de\/wp-json\/wp\/v2\/tags?post=408"},{"taxonomy":"product-type","embeddable":true,"href":"https:\/\/balerwrapper.com\/de\/wp-json\/wp\/v2\/product-type?post=408"}],"curies":[{"name":"wp","href":"https:\/\/api.w.org\/{rel}","templated":true}]}}