{"id":383,"date":"2022-11-16T16:06:09","date_gmt":"2022-11-16T08:06:09","guid":{"rendered":"https:\/\/balerwrapper.com\/?post_type=product&#038;p=383"},"modified":"2024-05-31T16:14:26","modified_gmt":"2024-05-31T08:14:26","slug":"silage-chopper","status":"publish","type":"product","link":"https:\/\/balerwrapper.com\/de\/product\/silage-chopper\/","title":{"rendered":"Professionelle Silageh\u00e4cksler-Strohschneidemaschine"},"content":{"rendered":"<div class=\"kk-star-ratings kksr-auto kksr-align-left kksr-valign-top\"     data-payload='{&quot;align&quot;:&quot;left&quot;,&quot;id&quot;:&quot;383&quot;,&quot;slug&quot;:&quot;default&quot;,&quot;valign&quot;:&quot;top&quot;,&quot;ignore&quot;:&quot;&quot;,&quot;reference&quot;:&quot;auto&quot;,&quot;class&quot;:&quot;&quot;,&quot;count&quot;:&quot;90&quot;,&quot;legendonly&quot;:&quot;&quot;,&quot;readonly&quot;:&quot;&quot;,&quot;score&quot;:&quot;4.8&quot;,&quot;starsonly&quot;:&quot;&quot;,&quot;best&quot;:&quot;5&quot;,&quot;gap&quot;:&quot;5&quot;,&quot;greet&quot;:&quot;Rate this product&quot;,&quot;legend&quot;:&quot;4.8\\\/5 - (90 votes)&quot;,&quot;size&quot;:&quot;24&quot;,&quot;title&quot;:&quot;Professional Silage Chopper Straw Cutting Machine&quot;,&quot;width&quot;:&quot;136.7&quot;,&quot;_legend&quot;:&quot;{score}\\\/{best} - ({count} {votes})&quot;,&quot;font_factor&quot;:&quot;1.25&quot;}'>              <div class=\"kksr-stars\">      <div class=\"kksr-stars-inactive\">             <div class=\"kksr-star\" data-star=\"1\" style=\"padding-right: 5px\">               <div class=\"kksr-icon\" style=\"width: 24px; height: 24px;\"><\/div>         <\/div>             <div class=\"kksr-star\" data-star=\"2\" style=\"padding-right: 5px\">               <div class=\"kksr-icon\" style=\"width: 24px; height: 24px;\"><\/div>         <\/div>             <div class=\"kksr-star\" data-star=\"3\" style=\"padding-right: 5px\">               <div class=\"kksr-icon\" style=\"width: 24px; height: 24px;\"><\/div>         <\/div>             <div class=\"kksr-star\" data-star=\"4\" style=\"padding-right: 5px\">               <div class=\"kksr-icon\" style=\"width: 24px; height: 24px;\"><\/div>         <\/div>             <div class=\"kksr-star\" data-star=\"5\" style=\"padding-right: 5px\">               <div class=\"kksr-icon\" style=\"width: 24px; height: 24px;\"><\/div>         <\/div>     <\/div>      <div class=\"kksr-stars-active\" style=\"width: 136.7px;\">             <div class=\"kksr-star\" style=\"padding-right: 5px\">               <div class=\"kksr-icon\" style=\"width: 24px; height: 24px;\"><\/div>         <\/div>             <div class=\"kksr-star\" style=\"padding-right: 5px\">               <div class=\"kksr-icon\" style=\"width: 24px; height: 24px;\"><\/div>         <\/div>             <div class=\"kksr-star\" style=\"padding-right: 5px\">               <div class=\"kksr-icon\" style=\"width: 24px; height: 24px;\"><\/div>         <\/div>             <div class=\"kksr-star\" style=\"padding-right: 5px\">               <div class=\"kksr-icon\" style=\"width: 24px; height: 24px;\"><\/div>         <\/div>             <div class=\"kksr-star\" style=\"padding-right: 5px\">               <div class=\"kksr-icon\" style=\"width: 24px; height: 24px;\"><\/div>         <\/div>     <\/div> <\/div>                   <div class=\"kksr-legend\" style=\"font-size: 19.2px;\">             4,8\/5 - (90 Stimmen)    <\/div>     <\/div>  <p>Ein Silageh\u00e4cksler ist eine Maschine, die verschiedene Pflanzenstrohhalme zerkleinern kann. Menschen verwenden diese Strohschneidemaschine, um alle Arten von Strohfutter zu zerkleinern, um Rinder, Schafe, Pferde, Schweine und anderes Vieh zu f\u00fcttern. Der manuelle Umgang mit gro\u00dfen Futtermengen ist zeit- und arbeitsaufwendig. Daher ist es eine gute Wahl, f\u00fcr die Verarbeitung von Futtergras eine H\u00e4ckselmaschine einzusetzen. Unsere Fabrik produziert verschiedene Maschinenmodelle mit einer maximalen Kapazit\u00e4t von 6 t\/h.<\/p>    <figure class=\"wp-block-embed aligncenter is-type-video is-provider-youtube wp-block-embed-youtube wp-embed-aspect-16-9 wp-has-aspect-ratio\"><div class=\"wp-block-embed__wrapper\"> <iframe loading=\"lazy\" title=\"6t\/h H\u00e4cksler \/ Grasschneidemaschine \/ Grasschneider \/ Heu- und Strohschneider f\u00fcr Tiere\" width=\"500\" height=\"281\" src=\"https:\/\/www.youtube.com\/embed\/pjBWCWVfv4E?start=1&#038;feature=oembed\" frameborder=\"0\" allow=\"accelerometer; autoplay; clipboard-write; encrypted-media; gyroscope; picture-in-picture; web-share\" referrerpolicy=\"strict-origin-when-cross-origin\" allowfullscreen><\/iframe> <\/div><figcaption class=\"wp-element-caption\">Baustelle der Silageh\u00e4ckslermaschine<\/figcaption><\/figure>    <p class=\"translation-block\">Dar\u00fcber hinaus produzieren wir auch <a href=\"https:\/\/balerwrapper.com\/de\/product\/corn-silage-baler-machine\/\">Silageballen- und Wickelmaschinen<\/a>. Menschen k\u00f6nnen diese Maschinen verwenden, um \u00fcbersch\u00fcssiges Futter f\u00fcr die Langzeitlagerung zu ballieren.<\/p>    <h2 class=\"wp-block-heading\">Die Silageh\u00e4cksler-Maschinen von Taizy<\/h2>    <p>Es gibt drei Modelle von Silageh\u00e4ckslern, die von Taizy hergestellt werden. Die Leistung jedes Modells ist unterschiedlich, es gibt drei Leistungsarten: 3T\/H, 4T\/H und 6T\/H. Kunden k\u00f6nnen je nach Bedarf w\u00e4hlen. Unsere Heuh\u00e4cksler verf\u00fcgen \u00fcber ein F\u00f6rderband. Das F\u00f6rderband kann die Rohstoffe automatisch in die Heuschneidekammer bef\u00f6rdern, was dem Benutzer hilft, den Silageh\u00e4cksler arbeitssparender und effizienter zu nutzen.<\/p>    <figure class=\"wp-block-gallery aligncenter has-nested-images columns-default is-cropped wp-block-gallery-2 is-layout-flex wp-block-gallery-is-layout-flex\"> <figure class=\"wp-block-image size-large\"><img loading=\"lazy\" decoding=\"async\" width=\"720\" height=\"540\" data-id=\"387\" src=\"https:\/\/balerwrapper.com\/wp-content\/uploads\/2022\/11\/silage-chopper-.webp\" alt=\"Silageh\u00e4cksler\" class=\"wp-image-387\" title=\"Silageh\u00e4cksler\"\/><figcaption class=\"wp-element-caption\">Silageh\u00e4cksler<\/figcaption><\/figure>    <figure class=\"wp-block-image size-large\"><img loading=\"lazy\" decoding=\"async\" width=\"720\" height=\"540\" data-id=\"388\" src=\"https:\/\/balerwrapper.com\/wp-content\/uploads\/2022\/11\/straw-cutting-machine-.webp\" alt=\"Strohschneidemaschine \" class=\"wp-image-388\" title=\"Strohschneidemaschine \"\/><figcaption class=\"wp-element-caption\">Strohschneidemaschine <\/figcaption><\/figure> <\/figure>    <h2 class=\"wp-block-heading\">Materialien, die die Strohschneidemaschine verarbeiten kann<\/h2>    <p>Die vom Silageh\u00e4cksler verarbeiteten Materialien k\u00f6nnen Baumwollstiele, Maisstiele, Sorghumstiele, Weizenstiele, Reisstroh usw. sein.<\/p>    <p class=\"translation-block\"><strong>Anwendung<\/strong>: F\u00fctterung von Schweinen, Rindern, Schafen, Pferden, Eseln, Kaninchen, H\u00fchnern, Enten, G\u00e4nsen usw.<\/p>    <p class=\"translation-block\"><strong>Eigenschaften des Futters<\/strong>: Da das Futter zuerst geknetet und dann geknetet wird, ist das von dieser Maschine verarbeitete Material k\u00fcrzer und flockiger.<\/p>   <div class=\"wp-block-image\"> <figure class=\"aligncenter size-full\"><img loading=\"lazy\" decoding=\"async\" width=\"720\" height=\"540\" src=\"https:\/\/balerwrapper.com\/wp-content\/uploads\/2022\/11\/finished-silage-.webp\" alt=\"fertige Silage \" class=\"wp-image-386\" title=\"fertige Silage \"\/><figcaption class=\"wp-element-caption\">fertige Silage <\/figcaption><\/figure> <\/div>   <h2 class=\"wp-block-heading\">Technische Parameter des Grash\u00e4ckslers<\/h2>    <figure class=\"wp-block-table is-style-stripes\"><table><tbody><tr><td>Modell<\/td><td>9RSZ-3<\/td><\/tr><tr><td>Leistung<\/td><td>190F-Benzinmotor<\/td><\/tr><tr><td>Kapazit\u00e4t<\/td><td>3000 kg\/h<\/td><\/tr><tr><td>Gewicht<\/td><td>100kg<\/td><\/tr><tr><td>Modell<\/td><td>9RSZ-4<\/td><\/tr><tr><td>Leistung<\/td><td>4-kW-Motor, 8 PS<\/td><\/tr><tr><td>Kapazit\u00e4t<\/td><td>4000 kg\/h<\/td><\/tr><tr><td>Gewicht<\/td><td>170kg<\/td><\/tr><tr><td>Gr\u00f6\u00dfe<\/td><td>2000*600*920mm<\/td><\/tr><tr><td>Modell<\/td><td>9RSZ-6<\/td><\/tr><tr><td>Leistung<\/td><td>7,5-kW-Motor, 15 PS<\/td><\/tr><tr><td>Kapazit\u00e4t<\/td><td>6000 kg\/h<\/td><\/tr><tr><td>Gewicht<\/td><td>230kg<\/td><\/tr><tr><td>Gr\u00f6\u00dfe<\/td><td>2000*700*980mm<\/td><\/tr><\/tbody><\/table><figcaption class=\"wp-element-caption\">Technische Daten zum Grash\u00e4cksler<\/figcaption><\/figure>    <h2 class=\"wp-block-heading\">Wie funktioniert der H\u00e4cksler?<\/h2>    <figure class=\"wp-block-embed aligncenter is-type-video is-provider-youtube wp-block-embed-youtube wp-embed-aspect-4-3 wp-has-aspect-ratio\"><div class=\"wp-block-embed__wrapper\"> <iframe loading=\"lazy\" title=\"H\u00e4cksler\/Grasschneidemaschine\/Heuschneider\/Strohschneidemaschine f\u00fcr Tierfutter.\" width=\"500\" height=\"375\" src=\"https:\/\/www.youtube.com\/embed\/zEIdHhlR2z8?feature=oembed\" frameborder=\"0\" allow=\"accelerometer; autoplay; clipboard-write; encrypted-media; gyroscope; picture-in-picture; web-share\" referrerpolicy=\"strict-origin-when-cross-origin\" allowfullscreen><\/iframe> <\/div><figcaption class=\"wp-element-caption\">Arbeitsvideo der Silageschneidemaschine<\/figcaption><\/figure>    <h2 class=\"wp-block-heading\">Funktionsprinzip des Heubrechers f\u00fcr Tierfutter<\/h2>    <p>Die Leute legen Materialien am Eingang ab. Dann dreht sich das F\u00f6rderband, um das Material in die Schneidvorrichtung zu bef\u00f6rdern. Anschlie\u00dfend wird die rotierende Hochgeschwindigkeitsklinge mit einem Hammer zum Schneiden, Zerkleinern und Mahlen kombiniert. Durch die Relativbewegung von Hammer und Zahnplatte wird das Material in Bruchst\u00fccke und F\u00e4den geknetet und vom Ventilator aus der Maschine geschleudert.<\/p>   <div class=\"wp-block-image\"> <figure class=\"aligncenter size-full\"><img loading=\"lazy\" decoding=\"async\" width=\"720\" height=\"540\" src=\"https:\/\/balerwrapper.com\/wp-content\/uploads\/2022\/11\/grass-chaff-cutter-.webp\" alt=\"Grash\u00e4cksler\" class=\"wp-image-397\" title=\"Grash\u00e4cksler\"\/><figcaption class=\"wp-element-caption\">Grash\u00e4cksler<\/figcaption><\/figure> <\/div>   <h2 class=\"wp-block-heading\">Leistung der Strohbrechermaschine<\/h2>    <p>Verschiedene Modelle von Strohbrechern haben unterschiedliche Leistungen. Der Silageh\u00e4cksler kann mit drei Antrieben ausgestattet werden: einem Elektromotor, einem Benzinmotor und einem Dieselmotor. Kunden k\u00f6nnen bei Bedarf ausw\u00e4hlen.<\/p>    <figure class=\"wp-block-gallery has-nested-images columns-default is-cropped wp-block-gallery-3 is-layout-flex wp-block-gallery-is-layout-flex\"> <figure class=\"wp-block-image size-large\"><img loading=\"lazy\" decoding=\"async\" width=\"720\" height=\"540\" data-id=\"389\" src=\"https:\/\/balerwrapper.com\/wp-content\/uploads\/2022\/11\/straw-crusher-with-diesel-power-.webp\" alt=\"Strohbrecher mit Dieselantrieb\" class=\"wp-image-389\" title=\"Strohbrecher mit Dieselantrieb\"\/><figcaption class=\"wp-element-caption\">Strohbrecher mit Dieselantrieb<\/figcaption><\/figure>    <figure class=\"wp-block-image size-large\"><img loading=\"lazy\" decoding=\"async\" width=\"720\" height=\"540\" data-id=\"390\" src=\"https:\/\/balerwrapper.com\/wp-content\/uploads\/2022\/11\/silage-chopper-with-gasoline-engine-.webp\" alt=\"Silageh\u00e4cksler mit Benzinmotor \" class=\"wp-image-390\" title=\"Silageh\u00e4cksler mit Benzinmotor \"\/><figcaption class=\"wp-element-caption\">Silageh\u00e4cksler mit Benzinmotor<\/figcaption><\/figure> <\/figure>    <h2 class=\"wp-block-heading\">Wie sieht die Struktur des Silageh\u00e4ckslers aus?<\/h2>    <p>Die Strohbrechermaschine umfasst haupts\u00e4chlich eine Zuf\u00fchrstruktur, einen Rahmen, ein Geh\u00e4use, ein Heuknetsystem, einen Auslass, eine Stromversorgung und andere Teile.<\/p>    <figure class=\"wp-block-gallery has-nested-images columns-default is-cropped wp-block-gallery-4 is-layout-flex wp-block-gallery-is-layout-flex\"> <figure class=\"wp-block-image size-large\"><img loading=\"lazy\" decoding=\"async\" width=\"720\" height=\"540\" data-id=\"391\" src=\"https:\/\/balerwrapper.com\/wp-content\/uploads\/2022\/11\/inner-structuer-of-the-hay-chaff-cutter.webp\" alt=\"innere Struktur des Heuh\u00e4ckslers\" class=\"wp-image-391\" title=\"innere Struktur des Heuh\u00e4ckslers\"\/><figcaption class=\"wp-element-caption\">innere Struktur des Heuh\u00e4ckslers<\/figcaption><\/figure>    <figure class=\"wp-block-image size-large\"><img loading=\"lazy\" decoding=\"async\" width=\"720\" height=\"540\" data-id=\"392\" src=\"https:\/\/balerwrapper.com\/wp-content\/uploads\/2022\/11\/straw-crusher-.webp\" alt=\"Strohbrecher \" class=\"wp-image-392\" title=\"Strohbrecher \"\/><figcaption class=\"wp-element-caption\">Strohbrecher <\/figcaption><\/figure> <\/figure>    <h2 class=\"wp-block-heading\">Vorteile des Heuh\u00e4ckslers<\/h2>    <ul class=\"wp-block-list\"> <li>Der Heuh\u00e4cksler ist ein Stahlkonstruktionsrahmen, der stabil arbeitet und leicht zu bewegen ist.<\/li>    <li>Die Klingen und H\u00e4mmer der Maschine bestehen aus verschlei\u00dffestem Stahl, werden mit einer speziellen Technologie verarbeitet, sind verschlei\u00dffest und haben eine lange Lebensdauer.<\/li>    <li>Die Wirkung des Reibens des Strohs ist gut und die Materialien k\u00f6nnen in Filamente zerkleinert werden.<\/li>    <li>Der Heuschneider verf\u00fcgt \u00fcber eine automatische Graszufuhrwalzenvorrichtung, eine automatische Zufuhr, eine gleichm\u00e4\u00dfige Graszufuhr und eine hohe Produktionseffizienz.<\/li>    <li>Die H\u00f6he der Auslass\u00f6ffnung des H\u00e4ckslers kann angepasst werden, was eine flexible und bequeme Verwendung erm\u00f6glicht.<\/li> <\/ul>    <figure class=\"wp-block-gallery has-nested-images columns-default is-cropped wp-block-gallery-5 is-layout-flex wp-block-gallery-is-layout-flex\"> <figure class=\"wp-block-image size-large\"><img loading=\"lazy\" decoding=\"async\" width=\"720\" height=\"540\" data-id=\"393\" src=\"https:\/\/balerwrapper.com\/wp-content\/uploads\/2022\/11\/hay-chaff-cutter-.webp\" alt=\"Heuh\u00e4cksler\" class=\"wp-image-393\" title=\"Heuh\u00e4cksler\"\/><figcaption class=\"wp-element-caption\">Heuh\u00e4cksler<\/figcaption><\/figure>    <figure class=\"wp-block-image size-large\"><img loading=\"lazy\" decoding=\"async\" width=\"720\" height=\"540\" data-id=\"394\" src=\"https:\/\/balerwrapper.com\/wp-content\/uploads\/2022\/11\/animal-feed-hay-crusher-.webp\" alt=\"Heubrecher f\u00fcr Tierfutter\" class=\"wp-image-394\" title=\"Heubrecher f\u00fcr Tierfutter\"\/><figcaption class=\"wp-element-caption\">Heubrecher f\u00fcr Tierfutter<\/figcaption><\/figure> <\/figure>    <h2 class=\"wp-block-heading\">Strohbrecher nach Simbabwe verkauft<\/h2>    <p class=\"translation-block\">Diese Woche kaufte ein Kunde aus <a href=\"https:\/\/en.wikipedia.org\/wiki\/Zimbabwe\" target=\"_blank\" rel=\"noopener\">Simbabwe<\/a> einen 9RSZ-6 Silage-H\u00e4cksler von uns. Der Kunde benutzt die Maschine selbst. Er besitzt eine Schafzuchtfabrik. Um das Futter schneller zu verarbeiten, m\u00f6chte der Kunde eine Heu-Schneidemaschine kaufen. Im Gespr\u00e4ch mit dem Kunden erfuhren wir, dass die Maschine f\u00fcnf Tonnen pro Stunde erreichen muss. Deshalb empfahlen wir die 9RSZ-6 Silage-Knetmaschine. Der Kunde beschlie\u00dft, eine Bestellung aufzugeben, nachdem er alle von uns bereitgestellten Informationen gelesen hat.<\/p>    <figure class=\"wp-block-gallery has-nested-images columns-default is-cropped wp-block-gallery-6 is-layout-flex wp-block-gallery-is-layout-flex\"> <figure class=\"wp-block-image size-large\"><img loading=\"lazy\" decoding=\"async\" width=\"720\" height=\"540\" data-id=\"395\" src=\"https:\/\/balerwrapper.com\/wp-content\/uploads\/2022\/11\/wooden-case-packing-of-the-hay-cutting-machine-.webp\" alt=\"Holzkistenverpackung der Heuschneidemaschine \" class=\"wp-image-395\" title=\"Holzkistenverpackung der Heuschneidemaschine \"\/><figcaption class=\"wp-element-caption\">Holzkistenverpackung der Heuschneidemaschine<\/figcaption><\/figure>    <figure class=\"wp-block-image size-large\"><img loading=\"lazy\" decoding=\"async\" width=\"720\" height=\"540\" data-id=\"396\" src=\"https:\/\/balerwrapper.com\/wp-content\/uploads\/2022\/11\/shipping-of-the-straw-crusher-machine-.webp\" alt=\"Versand der Strohbrechermaschine\" class=\"wp-image-396\" title=\"Versand der Strohbrechermaschine\"\/><figcaption class=\"wp-element-caption\">Versand der Strohbrechermaschine<\/figcaption><\/figure> <\/figure>    <p class=\"translation-block\">Wir haben viele andere Arten von H\u00e4ckslern zur Auswahl, die Sie unter folgendem Link finden k\u00f6nnen: <strong><em><a href=\"https:\/\/balerwrapper.com\/de\/products\/chaff-cutter\/\">https:\/\/balerwrapper.com\/products\/chaff-cutter\/<\/a><\/em><\/strong>. Kontaktieren Sie uns gerne f\u00fcr weitere Bilder der Maschinen sowie detaillierte Informationen.<\/p>","protected":false},"excerpt":{"rendered":"<p>Der Silageh\u00e4cksler ist eine Maschine, die verschiedene Pflanzenstrohhalme zerkleinern kann. Es wird \u00fcblicherweise in der Silageschneide- und -verarbeitungsindustrie eingesetzt.<\/p>","protected":false},"author":1,"featured_media":399,"parent":0,"template":"","tags":[40,39,35],"product-type":[6],"class_list":["post-383","product","type-product","status-publish","has-post-thumbnail","hentry","tag-grass","tag-hay","tag-silage","product-type-chaff-cutter"],"_links":{"self":[{"href":"https:\/\/balerwrapper.com\/de\/wp-json\/wp\/v2\/product\/383","targetHints":{"allow":["GET"]}}],"collection":[{"href":"https:\/\/balerwrapper.com\/de\/wp-json\/wp\/v2\/product"}],"about":[{"href":"https:\/\/balerwrapper.com\/de\/wp-json\/wp\/v2\/types\/product"}],"author":[{"embeddable":true,"href":"https:\/\/balerwrapper.com\/de\/wp-json\/wp\/v2\/users\/1"}],"wp:featuredmedia":[{"embeddable":true,"href":"https:\/\/balerwrapper.com\/de\/wp-json\/wp\/v2\/media\/399"}],"wp:attachment":[{"href":"https:\/\/balerwrapper.com\/de\/wp-json\/wp\/v2\/media?parent=383"}],"wp:term":[{"taxonomy":"post_tag","embeddable":true,"href":"https:\/\/balerwrapper.com\/de\/wp-json\/wp\/v2\/tags?post=383"},{"taxonomy":"product-type","embeddable":true,"href":"https:\/\/balerwrapper.com\/de\/wp-json\/wp\/v2\/product-type?post=383"}],"curies":[{"name":"wp","href":"https:\/\/api.w.org\/{rel}","templated":true}]}}