{"id":1283,"date":"2026-04-23T16:24:01","date_gmt":"2026-04-23T08:24:01","guid":{"rendered":"https:\/\/balerwrapper.com\/?post_type=product&#038;p=1283"},"modified":"2026-04-23T17:04:13","modified_gmt":"2026-04-23T09:04:13","slug":"forage-hay-baler-wrapper","status":"publish","type":"product","link":"https:\/\/balerwrapper.com\/de\/product\/forage-hay-baler-wrapper\/","title":{"rendered":"9YDB-90 Heuballenwickler | Silageballenwickler f\u00fcr Futter"},"content":{"rendered":"<div class=\"kk-star-ratings kksr-auto kksr-align-left kksr-valign-top\"     data-payload='{&quot;align&quot;:&quot;left&quot;,&quot;id&quot;:&quot;1283&quot;,&quot;slug&quot;:&quot;default&quot;,&quot;valign&quot;:&quot;top&quot;,&quot;ignore&quot;:&quot;&quot;,&quot;reference&quot;:&quot;auto&quot;,&quot;class&quot;:&quot;&quot;,&quot;count&quot;:&quot;84&quot;,&quot;legendonly&quot;:&quot;&quot;,&quot;readonly&quot;:&quot;&quot;,&quot;score&quot;:&quot;4.6&quot;,&quot;starsonly&quot;:&quot;&quot;,&quot;best&quot;:&quot;5&quot;,&quot;gap&quot;:&quot;5&quot;,&quot;greet&quot;:&quot;Rate this product&quot;,&quot;legend&quot;:&quot;4.6\\\/5 - (84 votes)&quot;,&quot;size&quot;:&quot;24&quot;,&quot;title&quot;:&quot;9YDB-90 Hay Baler Wrapper | Forage Baling Wrapping Machine&quot;,&quot;width&quot;:&quot;130.9&quot;,&quot;_legend&quot;:&quot;{score}\\\/{best} - ({count} {votes})&quot;,&quot;font_factor&quot;:&quot;1.25&quot;}'>              <div class=\"kksr-stars\">      <div class=\"kksr-stars-inactive\">             <div class=\"kksr-star\" data-star=\"1\" style=\"padding-right: 5px\">               <div class=\"kksr-icon\" style=\"width: 24px; height: 24px;\"><\/div>         <\/div>             <div class=\"kksr-star\" data-star=\"2\" style=\"padding-right: 5px\">               <div class=\"kksr-icon\" style=\"width: 24px; height: 24px;\"><\/div>         <\/div>             <div class=\"kksr-star\" data-star=\"3\" style=\"padding-right: 5px\">               <div class=\"kksr-icon\" style=\"width: 24px; height: 24px;\"><\/div>         <\/div>             <div class=\"kksr-star\" data-star=\"4\" style=\"padding-right: 5px\">               <div class=\"kksr-icon\" style=\"width: 24px; height: 24px;\"><\/div>         <\/div>             <div class=\"kksr-star\" data-star=\"5\" style=\"padding-right: 5px\">               <div class=\"kksr-icon\" style=\"width: 24px; height: 24px;\"><\/div>         <\/div>     <\/div>      <div class=\"kksr-stars-active\" style=\"width: 130.9px;\">             <div class=\"kksr-star\" style=\"padding-right: 5px\">               <div class=\"kksr-icon\" style=\"width: 24px; height: 24px;\"><\/div>         <\/div>             <div class=\"kksr-star\" style=\"padding-right: 5px\">               <div class=\"kksr-icon\" style=\"width: 24px; height: 24px;\"><\/div>         <\/div>             <div class=\"kksr-star\" style=\"padding-right: 5px\">               <div class=\"kksr-icon\" style=\"width: 24px; height: 24px;\"><\/div>         <\/div>             <div class=\"kksr-star\" style=\"padding-right: 5px\">               <div class=\"kksr-icon\" style=\"width: 24px; height: 24px;\"><\/div>         <\/div>             <div class=\"kksr-star\" style=\"padding-right: 5px\">               <div class=\"kksr-icon\" style=\"width: 24px; height: 24px;\"><\/div>         <\/div>     <\/div> <\/div>                   <div class=\"kksr-legend\" style=\"font-size: 19.2px;\">             4,6\/5 - (84 Bewertungen)    <\/div>     <\/div>  <p>Der 9YDB-90 Heuwickler ist eine Hochleistungsvorrichtung, die speziell f\u00fcr gro\u00dffl\u00e4chige Ranches und Silageverarbeitungsprojekte entwickelt wurde. Er kombiniert hochdichtes Ballenpressen mit automatischer Umwicklung und produziert gro\u00dfe Ballen von 90\u00d790 cm, die jeweils 300\u2013430 kg wiegen.<\/p>    <p>Die Betriebseffizienz wird konstant bei 55\u201360 Ballen pro Stunde gehalten, mit einer Gesamtverarbeitungsleistung von \u00fcber 23 Tonnen pro Stunde. Die Maschine verf\u00fcgt \u00fcber ein Doppel-Wickelarm-Design und ein 28-Rollen-Hochleistungs-Kompressionssystem, was die Verdichtungsdichte und die Versiegelungsleistung erheblich verbessert. Dies verl\u00e4ngert effektiv die Silagekonservierungszeit und reduziert den N\u00e4hrstoffverlust, was sie zu einer unverzichtbaren Ausr\u00fcstung f\u00fcr die gro\u00df angelegte Silageproduktion macht.<\/p>    <figure class=\"wp-block-embed aligncenter is-type-video is-provider-youtube wp-block-embed-youtube wp-embed-aspect-16-9 wp-has-aspect-ratio\"><div class=\"wp-block-embed__wrapper\"> <iframe loading=\"lazy\" title=\"90\u00d790cm Silageballenwickler | Hochleistungs-Futterballenl\u00f6sung \ud83c\udf3e#silagebaler\" width=\"500\" height=\"281\" src=\"https:\/\/www.youtube.com\/embed\/C4GhlgKXp34?start=3&#038;feature=oembed\" frameborder=\"0\" allow=\"accelerometer; autoplay; clipboard-write; encrypted-media; gyroscope; picture-in-picture; web-share\" referrerpolicy=\"strict-origin-when-cross-origin\" allowfullscreen><\/iframe> <\/div><figcaption class=\"wp-element-caption\">Arbeitsvideo des gro\u00df angelegten Forst-Heu-Ballenwickelmaschinen<\/figcaption><\/figure>    <h2 class=\"wp-block-heading\">Anwendungen des Heuballenwicklers<\/h2>    <ul class=\"wp-block-list\"> <li>Zentralisierte Verarbeitung und Lagerung von Silage f\u00fcr Gro\u00dfbetriebe<\/li>    <li>Ballen- und Wickelung von Futter f\u00fcr Milch-, Rind- und Schafsbetriebe<\/li>    <li>Gro\u00df angelegte Verarbeitung von Maisst\u00e4ngeln und Silagekulturen<\/li>    <li>Ernte, Ballenpressen und Fermentationskonservierung von nat\u00fcrlichem Futter<\/li>    <li>St\u00e4ngelressourcennutzung und Biomasseprojekte<\/li>    <li>Gro\u00dfbetriebliche Silageproduktion f\u00fcr Futterverarbeitungsunternehmen<\/li> <\/ul>    <h2 class=\"wp-block-heading\">Vorteile des 9YDB-90 Silageballenwicklers<\/h2>    <ul class=\"wp-block-list\"> <li>Entwickelt f\u00fcr gro\u00dfe Ballen, mit hoher Einzelballenkapazit\u00e4t, um Transport- und Lagerkosten zu senken.<\/li>    <li>Das Multi-Rollen-Kompressionssystem verbessert die Ballendichte und Fermentationsqualit\u00e4t erheblich.<\/li>    <li>Doppel-Wickelarm-Design erh\u00f6ht die Wickeleffizienz und sorgt f\u00fcr eine gleichm\u00e4\u00dfige Umwicklung.<\/li>    <li>Hohe Verarbeitungskapazit\u00e4t, um die Anforderungen gro\u00dffl\u00e4chiger kontinuierlicher Operationen zu erf\u00fcllen.<\/li>    <li>Automatisierter Betrieb reduziert den Arbeitsaufwand und minimiert Betriebsfehler.<\/li>    <li>Ausgestattet mit einem Materialr\u00fcckf\u00fchrungssystem, um Rohstoffverschwendung zu minimieren.<\/li> <\/ul>    <figure class=\"wp-block-gallery has-nested-images columns-default is-cropped wp-block-gallery-2 is-layout-flex wp-block-gallery-is-layout-flex\"> <figure class=\"wp-block-image\"><img loading=\"lazy\" decoding=\"async\" width=\"720\" height=\"540\" data-id=\"1291\" src=\"https:\/\/balerwrapper.com\/wp-content\/uploads\/2026\/04\/hay-bale-wrapping-machine.webp\" alt=\"Heuballenwickelmaschine\" class=\"wp-image-1291\" srcset=\"https:\/\/balerwrapper.com\/wp-content\/uploads\/2026\/04\/hay-bale-wrapping-machine.webp 720w, https:\/\/balerwrapper.com\/wp-content\/uploads\/2026\/04\/hay-bale-wrapping-machine-300x225.webp 300w, https:\/\/balerwrapper.com\/wp-content\/uploads\/2026\/04\/hay-bale-wrapping-machine-16x12.webp 16w\" sizes=\"auto, (max-width: 720px) 100vw, 720px\" \/><figcaption class=\"wp-element-caption\">Heuballenwickelmaschine<\/figcaption><\/figure>    <figure class=\"wp-block-image\"><img loading=\"lazy\" decoding=\"async\" width=\"720\" height=\"540\" data-id=\"1289\" src=\"https:\/\/balerwrapper.com\/wp-content\/uploads\/2026\/04\/forage-hay-baler-wrapper.webp\" alt=\"Futter Heuballener Wrapper\" class=\"wp-image-1289\" srcset=\"https:\/\/balerwrapper.com\/wp-content\/uploads\/2026\/04\/forage-hay-baler-wrapper.webp 720w, https:\/\/balerwrapper.com\/wp-content\/uploads\/2026\/04\/forage-hay-baler-wrapper-300x225.webp 300w, https:\/\/balerwrapper.com\/wp-content\/uploads\/2026\/04\/forage-hay-baler-wrapper-16x12.webp 16w\" sizes=\"auto, (max-width: 720px) 100vw, 720px\" \/><figcaption class=\"wp-element-caption\">Futter Heuballener Wrapper<\/figcaption><\/figure> <\/figure>    <h2 class=\"wp-block-heading\">Aufbau und Arbeitsprinzip des Futterballenwicklers<\/h2>    <p>W\u00e4hrend des Betriebs gelangt das Rohmaterial durch einen breiten Zuf\u00fchrtrichter in den Trichter und wird unter kontinuierlicher Aktion mehrerer Presswalzen allm\u00e4hlich komprimiert und geformt.<\/p>    <p>Sobald der Ballen die voreingestellten Ma\u00dfe erreicht, schlie\u00dft das System automatisch den Ballenprozess ab und transportiert ihn in den Wickelbereich.<\/p>    <p>Anschlie\u00dfend drehen sich die doppelte Wickelarme synchron, um den Ball mit mehreren Schichten Folie zu umwickeln, wodurch ein versiegelter Silageball entsteht, und entladen ihn schlie\u00dflich, wodurch der gesamte kontinuierliche Betriebsprozess abgeschlossen wird.<\/p>    <ul class=\"wp-block-list\"> <li>F\u00fctterungssystem: Das breite Trichterdesign sorgt f\u00fcr einen reibungslosen Materialfluss und verbessert die Gesamteffizienz.<\/li>    <li>Kompressions- und Ballenpresse-System: besteht aus mehreren Sets von Presswalzen und Ketten, um eine hochdichte Formgebung zu erreichen.<\/li>    <li>Wickelsystem: Doppelrotierende Wickelarme arbeiten in Verbindung mit spezieller Silagefolie, um eine dichte Versiegelung zu gew\u00e4hrleisten.<\/li>    <li>F\u00f6rdersystem: eine Palettenf\u00f6rderschiene sorgt f\u00fcr einen reibungslosen Transport der Ballen.<\/li>    <li>Reinigungssystem: eine schaberartige Struktur sammelt automatisch versch\u00fcttetes Material, um die Materialausnutzung zu verbessern.<\/li> <\/ul>    <figure class=\"wp-block-gallery has-nested-images columns-default is-cropped wp-block-gallery-3 is-layout-flex wp-block-gallery-is-layout-flex\"> <figure class=\"wp-block-image size-large\"><img loading=\"lazy\" decoding=\"async\" width=\"720\" height=\"540\" data-id=\"1290\" src=\"https:\/\/balerwrapper.com\/wp-content\/uploads\/2026\/04\/round-bale-silage-wrapper.webp\" alt=\"Rundballen-Silageverpackung\" class=\"wp-image-1290\" srcset=\"https:\/\/balerwrapper.com\/wp-content\/uploads\/2026\/04\/round-bale-silage-wrapper.webp 720w, https:\/\/balerwrapper.com\/wp-content\/uploads\/2026\/04\/round-bale-silage-wrapper-300x225.webp 300w, https:\/\/balerwrapper.com\/wp-content\/uploads\/2026\/04\/round-bale-silage-wrapper-16x12.webp 16w\" sizes=\"auto, (max-width: 720px) 100vw, 720px\" \/><figcaption class=\"wp-element-caption\">Rundballen-Silageverpackung<\/figcaption><\/figure>    <figure class=\"wp-block-image size-large\"><img loading=\"lazy\" decoding=\"async\" width=\"720\" height=\"540\" data-id=\"1292\" src=\"https:\/\/balerwrapper.com\/wp-content\/uploads\/2026\/04\/agricultural-baler-wrapper.webp\" alt=\"landwirtschaftlicher Ballenwickler\" class=\"wp-image-1292\" srcset=\"https:\/\/balerwrapper.com\/wp-content\/uploads\/2026\/04\/agricultural-baler-wrapper.webp 720w, https:\/\/balerwrapper.com\/wp-content\/uploads\/2026\/04\/agricultural-baler-wrapper-300x225.webp 300w, https:\/\/balerwrapper.com\/wp-content\/uploads\/2026\/04\/agricultural-baler-wrapper-16x12.webp 16w\" sizes=\"auto, (max-width: 720px) 100vw, 720px\" \/><figcaption class=\"wp-element-caption\">landwirtschaftlicher Ballenwickler<\/figcaption><\/figure> <\/figure>    <h2 class=\"wp-block-heading\">Spezifikationen des 9YDB-90 Heuballenwicklers<\/h2>    <figure class=\"wp-block-table is-style-stripes\"><table class=\"has-fixed-layout\"><tbody><tr><td><strong>Artikel<\/strong><\/td><td><strong>Spezifikation<\/strong><\/td><\/tr><tr><td>Modell<\/td><td>9YDB-90<\/td><\/tr><tr><td>Ballengr\u00f6\u00dfe<\/td><td>90 \u00d7 90 cm<\/td><\/tr><tr><td>Ballengewicht<\/td><td>300\u2013430 kg<\/td><\/tr><tr><td>Ausgabe<\/td><td>55\u201360 Ballen\/Stunde<\/td><\/tr><tr><td>Effizienz<\/td><td>\u226523 T\/h<\/td><\/tr><tr><td>Leistung<\/td><td>39 kW<\/td><\/tr><tr><td>Walzen<\/td><td>\u226528<\/td><\/tr><tr><td>Wickelarme<\/td><td>2<\/td><\/tr><tr><td>Trichterbreite<\/td><td>\u2265170 cm<\/td><\/tr><tr><td>Futtereingang<\/td><td>\u2265900 mm<\/td><\/tr><tr><td>Maschinengewicht<\/td><td>\u22654200 kg<\/td><\/tr><tr><td>Abmessungen<\/td><td>\u22658100 \u00d7 2400 \u00d7 3100 mm<\/td><\/tr><\/tbody><\/table><figcaption class=\"wp-element-caption\">Technische Parameter des 9YDB-90 Heuballenwicklers<\/figcaption><\/figure>    <figure class=\"wp-block-gallery has-nested-images columns-default is-cropped wp-block-gallery-4 is-layout-flex wp-block-gallery-is-layout-flex\"> <figure class=\"wp-block-image size-large\"><img loading=\"lazy\" decoding=\"async\" width=\"720\" height=\"540\" data-id=\"1293\" src=\"https:\/\/balerwrapper.com\/wp-content\/uploads\/2026\/04\/automatic-baler-wrapper.webp\" alt=\"automatischer Ballenwickler\" class=\"wp-image-1293\" srcset=\"https:\/\/balerwrapper.com\/wp-content\/uploads\/2026\/04\/automatic-baler-wrapper.webp 720w, https:\/\/balerwrapper.com\/wp-content\/uploads\/2026\/04\/automatic-baler-wrapper-300x225.webp 300w, https:\/\/balerwrapper.com\/wp-content\/uploads\/2026\/04\/automatic-baler-wrapper-16x12.webp 16w\" sizes=\"auto, (max-width: 720px) 100vw, 720px\" \/><figcaption class=\"wp-element-caption\">automatischer Ballenwickler<\/figcaption><\/figure>    <figure class=\"wp-block-image size-large\"><img loading=\"lazy\" decoding=\"async\" width=\"720\" height=\"540\" data-id=\"1294\" src=\"https:\/\/balerwrapper.com\/wp-content\/uploads\/2026\/04\/round-bale-wrapper-machine.webp\" alt=\"runder Ballenwickler\" class=\"wp-image-1294\" srcset=\"https:\/\/balerwrapper.com\/wp-content\/uploads\/2026\/04\/round-bale-wrapper-machine.webp 720w, https:\/\/balerwrapper.com\/wp-content\/uploads\/2026\/04\/round-bale-wrapper-machine-300x225.webp 300w, https:\/\/balerwrapper.com\/wp-content\/uploads\/2026\/04\/round-bale-wrapper-machine-16x12.webp 16w\" sizes=\"auto, (max-width: 720px) 100vw, 720px\" \/><figcaption class=\"wp-element-caption\">runder Ballenwickler<\/figcaption><\/figure> <\/figure>    <h2 class=\"wp-block-heading\">Weitere Empfehlungen f\u00fcr Silageballenmaschinen<\/h2>    <ul class=\"wp-block-list\"> <li><strong><em><a href=\"https:\/\/balerwrapper.com\/de\/product\/corn-silage-baler-machine\/\">55-52 Silageballenpresse und Wickler<\/a><\/em><\/strong>: kompaktes Design, ideal f\u00fcr Familienbetriebe und kleine Betriebe.<\/li>    <li><strong><em><a href=\"https:\/\/balerwrapper.com\/de\/product\/silage-baling-and-wrapping-machine\/\">Modell 60 Heuballenwickelmaschine<\/a><\/em><\/strong>: ausgezeichnetes Preis-Leistungs-Verh\u00e4ltnis, geeignet f\u00fcr kleine bis mittelgro\u00dfe Ranches.<\/li>    <li><strong><em><a href=\"https:\/\/balerwrapper.com\/de\/product\/silage-wrapping-machine\/\">Modell 70 Futterballenwickler<\/a><\/em><\/strong>: verbindet Effizienz und Flexibilit\u00e4t, geeignet f\u00fcr mittelgro\u00dfe Viehzuchtbetriebe.<\/li> <\/ul>    <h2 class=\"wp-block-heading\">Wie w\u00e4hlt man die richtige Maschine aus?<\/h2>    <p>Bei der Auswahl eines Silageballenwicklers sollten Sie ein Modell w\u00e4hlen, das am besten zu Ihrer Ranchgr\u00f6\u00dfe, Ihrer t\u00e4glichen Verarbeitungskapazit\u00e4t und Ihren Lagerungsmethoden passt.<\/p>    <p>Kleine Ranches sollten kleinere Ger\u00e4te priorisieren, um die Anfangsinvestitionen zu reduzieren. F\u00fcr gro\u00dfe Ranches oder Silageverarbeitungsprojekte empfehlen wir Hochleistungsversionen, um eine h\u00f6here Effizienz und niedrigere St\u00fcckkosten zu erzielen.<\/p>    <h2 class=\"wp-block-heading\">Kontaktieren Sie uns<\/h2>    <p>Wenn Sie nach einer hochleistungsf\u00e4higen, hochkapazitiven und zuverl\u00e4ssigen Silage-L\u00f6sung suchen, ist der 9YDB-90 Heuballenwickler zweifellos die ideale Wahl. Wir bieten auch eine breite Palette an Ger\u00e4te-Modellen und umfassende Silageproduktionsl\u00f6sungen an.<\/p>    <p>Bitte z\u00f6gern Sie nicht, uns jederzeit f\u00fcr detaillierte Informationen und ein Angebot zu kontaktieren, damit wir Ihrem Ranchbetrieb zu effizienter und intelligenter Entwicklung verhelfen k\u00f6nnen.<\/p>","protected":false},"excerpt":{"rendered":"<p>Der 9YDB-90 Heuballenwickler ist in der Lage, hochdichten Ballen zu pressen und automatisch mit zwei Armen zu wickeln. Er eignet sich f\u00fcr die Silageproduktion und -lagerung auf gro\u00dffl\u00e4chigen Ranches.<\/p>","protected":false},"author":1,"featured_media":1296,"parent":0,"template":"","tags":[45,39,35],"product-type":[7],"class_list":["post-1283","product","type-product","status-publish","has-post-thumbnail","hentry","tag-forage","tag-hay","tag-silage","product-type-silage-baler"],"_links":{"self":[{"href":"https:\/\/balerwrapper.com\/de\/wp-json\/wp\/v2\/product\/1283","targetHints":{"allow":["GET"]}}],"collection":[{"href":"https:\/\/balerwrapper.com\/de\/wp-json\/wp\/v2\/product"}],"about":[{"href":"https:\/\/balerwrapper.com\/de\/wp-json\/wp\/v2\/types\/product"}],"author":[{"embeddable":true,"href":"https:\/\/balerwrapper.com\/de\/wp-json\/wp\/v2\/users\/1"}],"wp:featuredmedia":[{"embeddable":true,"href":"https:\/\/balerwrapper.com\/de\/wp-json\/wp\/v2\/media\/1296"}],"wp:attachment":[{"href":"https:\/\/balerwrapper.com\/de\/wp-json\/wp\/v2\/media?parent=1283"}],"wp:term":[{"taxonomy":"post_tag","embeddable":true,"href":"https:\/\/balerwrapper.com\/de\/wp-json\/wp\/v2\/tags?post=1283"},{"taxonomy":"product-type","embeddable":true,"href":"https:\/\/balerwrapper.com\/de\/wp-json\/wp\/v2\/product-type?post=1283"}],"curies":[{"name":"wp","href":"https:\/\/api.w.org\/{rel}","templated":true}]}}