{"id":1226,"date":"2026-04-13T15:51:01","date_gmt":"2026-04-13T07:51:01","guid":{"rendered":"https:\/\/balerwrapper.com\/?post_type=product&#038;p=1226"},"modified":"2026-04-13T15:51:02","modified_gmt":"2026-04-13T07:51:02","slug":"dual-film-wrapping-silage-baler","status":"publish","type":"product","link":"https:\/\/balerwrapper.com\/de\/product\/dual-film-wrapping-silage-baler\/","title":{"rendered":"9YDB-60-2 Dual Film Wrapping Silage Baler Machine"},"content":{"rendered":"<div class=\"kk-star-ratings kksr-auto kksr-align-left kksr-valign-top\"     data-payload='{&quot;align&quot;:&quot;left&quot;,&quot;id&quot;:&quot;1226&quot;,&quot;slug&quot;:&quot;default&quot;,&quot;valign&quot;:&quot;top&quot;,&quot;ignore&quot;:&quot;&quot;,&quot;reference&quot;:&quot;auto&quot;,&quot;class&quot;:&quot;&quot;,&quot;count&quot;:&quot;79&quot;,&quot;legendonly&quot;:&quot;&quot;,&quot;readonly&quot;:&quot;&quot;,&quot;score&quot;:&quot;4.7&quot;,&quot;starsonly&quot;:&quot;&quot;,&quot;best&quot;:&quot;5&quot;,&quot;gap&quot;:&quot;5&quot;,&quot;greet&quot;:&quot;Rate this product&quot;,&quot;legend&quot;:&quot;4.7\\\/5 - (79 votes)&quot;,&quot;size&quot;:&quot;24&quot;,&quot;title&quot;:&quot;9YDB-60-2 Dual Film Wrapping Silage Baler Machine&quot;,&quot;width&quot;:&quot;133.8&quot;,&quot;_legend&quot;:&quot;{score}\\\/{best} - ({count} {votes})&quot;,&quot;font_factor&quot;:&quot;1.25&quot;}'>              <div class=\"kksr-stars\">      <div class=\"kksr-stars-inactive\">             <div class=\"kksr-star\" data-star=\"1\" style=\"padding-right: 5px\">               <div class=\"kksr-icon\" style=\"width: 24px; height: 24px;\"><\/div>         <\/div>             <div class=\"kksr-star\" data-star=\"2\" style=\"padding-right: 5px\">               <div class=\"kksr-icon\" style=\"width: 24px; height: 24px;\"><\/div>         <\/div>             <div class=\"kksr-star\" data-star=\"3\" style=\"padding-right: 5px\">               <div class=\"kksr-icon\" style=\"width: 24px; height: 24px;\"><\/div>         <\/div>             <div class=\"kksr-star\" data-star=\"4\" style=\"padding-right: 5px\">               <div class=\"kksr-icon\" style=\"width: 24px; height: 24px;\"><\/div>         <\/div>             <div class=\"kksr-star\" data-star=\"5\" style=\"padding-right: 5px\">               <div class=\"kksr-icon\" style=\"width: 24px; height: 24px;\"><\/div>         <\/div>     <\/div>      <div class=\"kksr-stars-active\" style=\"width: 133.8px;\">             <div class=\"kksr-star\" style=\"padding-right: 5px\">               <div class=\"kksr-icon\" style=\"width: 24px; height: 24px;\"><\/div>         <\/div>             <div class=\"kksr-star\" style=\"padding-right: 5px\">               <div class=\"kksr-icon\" style=\"width: 24px; height: 24px;\"><\/div>         <\/div>             <div class=\"kksr-star\" style=\"padding-right: 5px\">               <div class=\"kksr-icon\" style=\"width: 24px; height: 24px;\"><\/div>         <\/div>             <div class=\"kksr-star\" style=\"padding-right: 5px\">               <div class=\"kksr-icon\" style=\"width: 24px; height: 24px;\"><\/div>         <\/div>             <div class=\"kksr-star\" style=\"padding-right: 5px\">               <div class=\"kksr-icon\" style=\"width: 24px; height: 24px;\"><\/div>         <\/div>     <\/div> <\/div>                   <div class=\"kksr-legend\" style=\"font-size: 19.2px;\">             4,7\/5 - (79 Stimmen)    <\/div>     <\/div>  <p>Der 9YDB-60-2 Dual Film Wrapping Silage Baler kombiniert automatisches Ballenpressen mit doppelter Schicht Ummantelung und ist ideal f\u00fcr Gro\u00dfbetriebe und Verarbeitungszentren f\u00fcr Futter. <\/p>    <p>Ausgestattet mit einem PLC-intelligenten Steuersystem erm\u00f6glicht die Maschine einen One-Touch-Start und einen vollelektronischen Betrieb. In Verbindung mit einem Doppelzylinder-F\u00f6rdermechanismus und einem 2,5 m verl\u00e4ngerten F\u00f6rderbandsystem sorgt sie f\u00fcr einen kontinuierlichen und stabilen Betrieb.<\/p>    <p>Die Maschine produziert Ballen mit \u03a6550 \u00d7 550 mm Durchmesser, Gewicht 80\u2013120 kg, mit einer Produktionskapazit\u00e4t von 60\u201385 Ballen pro Stunde. Die Dual-Film-Verpackungsstruktur verbessert wesentlich das Versiegeln und Konservieren und reduziert Filmschrott, was sie zur idealen Ausr\u00fcstung zur Verbesserung der Silagequalit\u00e4t und Produktionseffizienz macht.<\/p>    <figure class=\"wp-block-embed aligncenter is-type-video is-provider-youtube wp-block-embed-youtube wp-embed-aspect-16-9 wp-has-aspect-ratio\"><div class=\"wp-block-embed__wrapper\"> <iframe loading=\"lazy\" title=\"Double Film Silage Baler Wrapper | High Efficiency &amp; Superior Preservation#silage #silagebaler\" width=\"500\" height=\"281\" src=\"https:\/\/www.youtube.com\/embed\/4wvF_aae8Tk?feature=oembed\" frameborder=\"0\" allow=\"accelerometer; autoplay; clipboard-write; encrypted-media; gyroscope; picture-in-picture; web-share\" referrerpolicy=\"strict-origin-when-cross-origin\" allowfullscreen><\/iframe> <\/div><figcaption class=\"wp-element-caption\">Arbeitsvideo der Dual-Film-Verpackungs-Silageballenpresse<\/figcaption><\/figure>    <h2 class=\"wp-block-heading\">Vorteile der Dual-Film-Verpackung Silageballenpresse<\/h2>    <ul class=\"wp-block-list\"> <li>Vollautomatisches PLC-Steuerungssystem: One-Touch-Start reduziert manuellen Arbeitsaufwand.<\/li>    <li>Dualzylinder-F\u00f6rdermechanismus: sorgt f\u00fcr stabile und gleichm\u00e4\u00dfige Material\u00fcberf\u00fchrung und verbessert die Ballenbildungsqualit\u00e4t.<\/li>    <li>Dual-Film-Verpackungsdesign: erh\u00f6ht die Versiegelungseffektivit\u00e4t und reduziert Filmabfall.<\/li>    <li>Hochdichte Ballenpresse: das G\u00fcrtelstrukturen bietet eine festere Kompression als herk\u00f6mmliche Rollensysteme, was eine bessere Frischeerhaltung erm\u00f6glicht.<\/li>    <li>Leckfrei Recovery-Struktur: verhindert effektiv Materialaustrag und h\u00e4lt die Arbeitsumgebung sauber.<\/li>    <li>Langlebige Antriebssystem: Die Kettenf\u00f6rderstruktur verl\u00e4ngert die Lebensdauer der Schl\u00fcsselkomponenten.<\/li>    <li>Hochwertige Lageranordnung: verf\u00fcgt \u00fcber Schweizer 6207 Lager und Harbin 6206 Lager f\u00fcr stabile Bewegung und Verschlei\u00dffestigkeit.<\/li> <\/ul>    <figure class=\"wp-block-gallery has-nested-images columns-default is-cropped wp-block-gallery-2 is-layout-flex wp-block-gallery-is-layout-flex\"> <figure class=\"wp-block-image size-large\"><img loading=\"lazy\" decoding=\"async\" width=\"720\" height=\"540\" data-id=\"1230\" src=\"https:\/\/balerwrapper.com\/wp-content\/uploads\/2026\/04\/dual-film-wrapping-silage-baler.webp\" alt=\"Dualfilm-Verpackung Silageballenpresse\" class=\"wp-image-1230\" srcset=\"https:\/\/balerwrapper.com\/wp-content\/uploads\/2026\/04\/dual-film-wrapping-silage-baler.webp 720w, https:\/\/balerwrapper.com\/wp-content\/uploads\/2026\/04\/dual-film-wrapping-silage-baler-300x225.webp 300w, https:\/\/balerwrapper.com\/wp-content\/uploads\/2026\/04\/dual-film-wrapping-silage-baler-16x12.webp 16w\" sizes=\"auto, (max-width: 720px) 100vw, 720px\" \/><figcaption class=\"wp-element-caption\">Dualfilm-Verpackung Silageballenpresse<\/figcaption><\/figure>    <figure class=\"wp-block-image size-large\"><img loading=\"lazy\" decoding=\"async\" width=\"720\" height=\"540\" data-id=\"1231\" src=\"https:\/\/balerwrapper.com\/wp-content\/uploads\/2026\/04\/forage-bale-wrapping-machine.webp\" alt=\"Futterballenwickelmaschine\" class=\"wp-image-1231\" srcset=\"https:\/\/balerwrapper.com\/wp-content\/uploads\/2026\/04\/forage-bale-wrapping-machine.webp 720w, https:\/\/balerwrapper.com\/wp-content\/uploads\/2026\/04\/forage-bale-wrapping-machine-300x225.webp 300w, https:\/\/balerwrapper.com\/wp-content\/uploads\/2026\/04\/forage-bale-wrapping-machine-16x12.webp 16w\" sizes=\"auto, (max-width: 720px) 100vw, 720px\" \/><figcaption class=\"wp-element-caption\">Futterballenwickelmaschine<\/figcaption><\/figure> <\/figure>    <h2 class=\"wp-block-heading\">Anwendungen des 9YDB-60-2 Silageballenwrapservers<\/h2>    <p>Diese Dual-Film-Verpackung Silageballenpresse wird breit angewendet zum Ballen und Versiegeln von Maisst\u00e4ngeln, Futtergras, Reisschnittgut, Weizenstroh, und verschiedenen Arten von Silage.<\/p>    <p>Sie eignet sich f\u00fcr den Einsatz in gro\u00dffl\u00e4chigen Viehzuchtbetrieben, Molkereien, Rinderfarmen, Futtermittelverarbeitungsanlagen und Anlagen zur Verarbeitung von Biomasse-Fermentationsrohstoffen. Sie erf\u00fcllt die Anforderungen f\u00fcr Hochdichte Lagerung und Langzeitfermentation.<\/p>    <h2 class=\"wp-block-heading\">Wie funktioniert dieser Futterballenwrapper?<\/h2>    <div class=\"wp-block-media-text is-stacked-on-mobile\"><figure class=\"wp-block-media-text__media\"><img loading=\"lazy\" decoding=\"async\" width=\"720\" height=\"540\" src=\"https:\/\/balerwrapper.com\/wp-content\/uploads\/2026\/04\/dual-film-wrapping-silage-baler-structure.webp\" alt=\"Die 9YDB-60-2 Dual Film Wrapping Silage Baler Maschine verf\u00fcgt \u00fcber PLC-basierte vollautomatische Steuerung, erm\u00f6glicht hochdichte Ballung und Versiegelung mit einer Produktionskapazit\u00e4t von 60\u201385 Ballen pro Stunde.\" class=\"wp-image-1232 size-full\" srcset=\"https:\/\/balerwrapper.com\/wp-content\/uploads\/2026\/04\/dual-film-wrapping-silage-baler-structure.webp 720w, https:\/\/balerwrapper.com\/wp-content\/uploads\/2026\/04\/dual-film-wrapping-silage-baler-structure-300x225.webp 300w, https:\/\/balerwrapper.com\/wp-content\/uploads\/2026\/04\/dual-film-wrapping-silage-baler-structure-16x12.webp 16w\" sizes=\"auto, (max-width: 720px) 100vw, 720px\" \/><\/figure><div class=\"wp-block-media-text__content\"> <ol class=\"wp-block-list\"> <li>Das Rohmaterial gelangt \u00fcber ein F\u00f6rderband in das Drucksystem, wo es durch einen Doppelzylinder-Mechanismus gleichm\u00e4\u00dfig verteilt und zu Standardballen (\u03a6550\u00d7550 mm) verdichtet wird.<\/li>    <li>Die Ballen gelangen dann in das Verpackungssystem, wobei eine automatische Filmzuf\u00fchrung eine doppelte Filmschicht aufbringt, um ein versiegeltes Paket zu schaffen.<\/li>    <li>Schlie\u00dflich wird das fertige Produkt \u00fcber ein Kettenf\u00f6rderband entladen, was einen kontinuierlichen Produktionsprozess erm\u00f6glicht.<\/li> <\/ol> <\/div><\/div>    <h2 class=\"wp-block-heading\">Spezifikationen der Dual-Film-Verpackung Silageballenpresse<\/h2>    <figure class=\"wp-block-table is-style-stripes\"><table class=\"has-fixed-layout\"><tbody><tr><td><strong>Artikel<\/strong><\/td><td><strong>Spezifikation<\/strong><\/td><td><strong>Artikel<\/strong><\/td><td><strong>Spezifikation<\/strong><\/td><\/tr><tr><td>Modell<\/td><td>9YDB-60-2<\/td><td>Ballengr\u00f6\u00dfe<\/td><td>\u03a6550 \u00d7 550 mm<\/td><\/tr><tr><td>Ballengewicht<\/td><td>80\u2013120 kg<\/td><td>Stromversorgung<\/td><td>7,5\u20136 kW<\/td><\/tr><tr><td>Bewertete Geschwindigkeit<\/td><td>350 r\/min<\/td><td>Luftkompressormotor<\/td><td>3 kW<\/td><\/tr><tr><td>Ballungsmethode<\/td><td>Automatisch<\/td><td>Luftpumpenvolumen<\/td><td>30 L<\/td><\/tr><tr><td>Rollenzahl<\/td><td>14 St\u00fcck<\/td><td>Verpackungsmotor<\/td><td>0,75 kW<\/td><\/tr><tr><td>Filmbahnen<\/td><td>2 Schichten<\/td><td>Schwenkgelenk-Motor<\/td><td>0,37 kW<\/td><\/tr><tr><td>F\u00f6rderbandgr\u00f6\u00dfe<\/td><td>2500 \u00d7 63 mm<\/td><td>Au\u00dfendurchmesserWandst\u00e4rke<\/td><td>8 mm<\/td><\/tr><tr><td>Steuerungssystem<\/td><td>PLC-Touchscreen<\/td><td>Verpackungsart<\/td><td>Automatisch<\/td><\/tr><tr><td>Lagerart<\/td><td>6207 Schweizer \/ 6206 HRB<\/td><td>Maschinengr\u00f6\u00dfe<\/td><td>7,4 \u00d7 1,8 \u00d7 2,45 m<\/td><\/tr><tr><td>Kapazit\u00e4t<\/td><td>60\u201385 Ballen\/Stunde<\/td><td>Gesamtgewicht<\/td><td>1700 kg<\/td><\/tr><tr><td>Kettenmodell<\/td><td>Hangzhou 12A<\/td><td>Futtermotor<\/td><td>2,2 kW<\/td><\/tr><tr><td>Filmbreite<\/td><td>600 mm<\/td><td>Silage-Folie<\/td><td>1800 m \u00d7 250 mm \u00d7 25 \u03bcm<\/td><\/tr><tr><td>Reifen<\/td><td>Doppelte 206-Lagerung<\/td><td>Trichterband<\/td><td>2340   2590 mm<\/td><\/tr><\/tbody><\/table><figcaption class=\"wp-element-caption\">Technische Parameter der Dual-Film-Verpackungs-Silageballenpresse<\/figcaption><\/figure>    <figure class=\"wp-block-gallery has-nested-images columns-default is-cropped wp-block-gallery-3 is-layout-flex wp-block-gallery-is-layout-flex\"> <figure class=\"wp-block-image size-large\"><img loading=\"lazy\" decoding=\"async\" width=\"720\" height=\"540\" data-id=\"1233\" src=\"https:\/\/balerwrapper.com\/wp-content\/uploads\/2026\/04\/forage-baler-wrapper-machine.webp\" alt=\"Futterballenpresse und Wickelmaschine\" class=\"wp-image-1233\" srcset=\"https:\/\/balerwrapper.com\/wp-content\/uploads\/2026\/04\/forage-baler-wrapper-machine.webp 720w, https:\/\/balerwrapper.com\/wp-content\/uploads\/2026\/04\/forage-baler-wrapper-machine-300x225.webp 300w, https:\/\/balerwrapper.com\/wp-content\/uploads\/2026\/04\/forage-baler-wrapper-machine-16x12.webp 16w\" sizes=\"auto, (max-width: 720px) 100vw, 720px\" \/><figcaption class=\"wp-element-caption\">Futterballenpresse und Wickelmaschine<\/figcaption><\/figure>    <figure class=\"wp-block-image size-large\"><img loading=\"lazy\" decoding=\"async\" width=\"720\" height=\"540\" data-id=\"1234\" src=\"https:\/\/balerwrapper.com\/wp-content\/uploads\/2026\/04\/silage-round-bale-wrapper.webp\" alt=\"Silage-Rundballenwickler\" class=\"wp-image-1234\" srcset=\"https:\/\/balerwrapper.com\/wp-content\/uploads\/2026\/04\/silage-round-bale-wrapper.webp 720w, https:\/\/balerwrapper.com\/wp-content\/uploads\/2026\/04\/silage-round-bale-wrapper-300x225.webp 300w, https:\/\/balerwrapper.com\/wp-content\/uploads\/2026\/04\/silage-round-bale-wrapper-16x12.webp 16w\" sizes=\"auto, (max-width: 720px) 100vw, 720px\" \/><figcaption class=\"wp-element-caption\">Silage-Rundballenwickler<\/figcaption><\/figure> <\/figure>    <h2 class=\"wp-block-heading\">Warum uns w\u00e4hlen?<\/h2>    <p>Wir spezialisieren uns auf Forschung, Entwicklung und Herstellung von Silageausr\u00fcstung. Unsere Maschinen verwenden hochwertige industrielle Komponenten und ein modulares Design, um langfristigen, stabilen Betrieb sicherzustellen.<\/p>    <p>Kernkomponenten bestehen aus hochabriebfesten Materialien und sind mit hochwertigen Lagerungssystemen ausgestattet. Wir bieten auch Anpassungsoptionen und L\u00f6sungen f\u00fcr die Integration in Produktionslinien.<\/p>    <p>Zus\u00e4tzlich bieten wir umfassenden After-Sales-Service und Ersatzteilunterst\u00fctzung, um Kunden Betriebskosten zu senken und die Produktionseffizienz zu verbessern.<\/p>    <h2 class=\"wp-block-heading\">Wie w\u00e4hlt man eine geeignete Silageballenpresse aus?<\/h2>    <p>Bei der Auswahl der Ausr\u00fcstung sollte sie basierend auf dem Umfang des Betriebs, der t\u00e4glichen Verarbeitungsleistung und den Silage-Lageranforderungen gew\u00e4hlt werden.<\/p>    <p>F\u00fcr kleinere Betriebe eignen sich Basis-Modelle; f\u00fcr mittelgro\u00dfe bis gro\u00dfe Betriebe empfehlen wir die 60-Serie oder Hochleistung-Doppel-Verpackungsmodelle, um einen kontinuierlichen Betrieb und h\u00f6here Durchsatzleistung zu gew\u00e4hrleisten.<\/p>    <p>Zus\u00e4tzlich sollten Faktoren wie verf\u00fcgbare Fl\u00e4che, Stromversorgung und Lagerungsmethoden ber\u00fccksichtigt werden.<\/p>    <figure class=\"wp-block-gallery has-nested-images columns-default is-cropped wp-block-gallery-4 is-layout-flex wp-block-gallery-is-layout-flex\"> <figure class=\"wp-block-image size-large\"><img loading=\"lazy\" decoding=\"async\" width=\"720\" height=\"540\" data-id=\"1235\" src=\"https:\/\/balerwrapper.com\/wp-content\/uploads\/2026\/04\/silage-bale-packaging-machine.webp\" alt=\"Silageballen-Verpackungsmaschine\" class=\"wp-image-1235\" srcset=\"https:\/\/balerwrapper.com\/wp-content\/uploads\/2026\/04\/silage-bale-packaging-machine.webp 720w, https:\/\/balerwrapper.com\/wp-content\/uploads\/2026\/04\/silage-bale-packaging-machine-300x225.webp 300w, https:\/\/balerwrapper.com\/wp-content\/uploads\/2026\/04\/silage-bale-packaging-machine-16x12.webp 16w\" sizes=\"auto, (max-width: 720px) 100vw, 720px\" \/><figcaption class=\"wp-element-caption\">Silageballen-Verpackungsmaschine<\/figcaption><\/figure>    <figure class=\"wp-block-image size-large\"><img loading=\"lazy\" decoding=\"async\" width=\"720\" height=\"540\" data-id=\"1236\" src=\"https:\/\/balerwrapper.com\/wp-content\/uploads\/2026\/04\/silage-forage-bale-production.webp\" alt=\"Silage-Futtermittelballenproduktion\" class=\"wp-image-1236\" srcset=\"https:\/\/balerwrapper.com\/wp-content\/uploads\/2026\/04\/silage-forage-bale-production.webp 720w, https:\/\/balerwrapper.com\/wp-content\/uploads\/2026\/04\/silage-forage-bale-production-300x225.webp 300w, https:\/\/balerwrapper.com\/wp-content\/uploads\/2026\/04\/silage-forage-bale-production-16x12.webp 16w\" sizes=\"auto, (max-width: 720px) 100vw, 720px\" \/><figcaption class=\"wp-element-caption\">Silage-Futtermittelballenproduktion<\/figcaption><\/figure> <\/figure>    <h2 class=\"wp-block-heading\">Abschluss<\/h2>    <p>Wenn Sie eine Silage-L\u00f6sung suchen, die hohe Effizienz, hervorragende Versiegelung und zuverl\u00e4ssigen Betrieb bietet, ist der 9YDB-60-2 Dual Film Wrapping Silage Baler die ideale Wahl.<\/p>    <p class=\"translation-block\">Wir bieten auch eine Vielzahl von Modellen an, wie den <strong><em><a href=\"https:\/\/balerwrapper.com\/de\/product\/corn-silage-baler-machine\/\">55-52 Pflanzenfresser-Wrappper<\/a><\/em><\/strong> und den Standard <strong><em><a href=\"https:\/\/balerwrapper.com\/de\/product\/silage-baling-and-wrapping-machine\/\">60-Serie Silageballenmaschine<\/a><\/em><\/strong>, die flexibel konfiguriert werden k\u00f6nnen, um Ihre spezifischen Produktionsbed\u00fcrfnisse zu erf\u00fcllen.<\/p>    <p>Bitte z\u00f6gern Sie nicht, uns jederzeit zu kontaktieren, um detaillierte L\u00f6sungen und Angebote zu erhalten, damit Ihre Silageproduktion effizienter und stabiler wird.<\/p>","protected":false},"excerpt":{"rendered":"<p>Die 9YDB-60-2 Doppel-Filmbindemaschine f\u00fcr Silage verf\u00fcgt \u00fcber eine vollautomatische Steuerung auf PLC-Basis, die eine hochdichte Ballenbildung und Versiegelung erm\u00f6glicht, mit einer Produktionskapazit\u00e4t von 60\u201385 Ballen pro Stunde.<\/p>","protected":false},"author":1,"featured_media":1237,"parent":0,"template":"","tags":[45,35],"product-type":[7],"class_list":["post-1226","product","type-product","status-publish","has-post-thumbnail","hentry","tag-forage","tag-silage","product-type-silage-baler"],"_links":{"self":[{"href":"https:\/\/balerwrapper.com\/de\/wp-json\/wp\/v2\/product\/1226","targetHints":{"allow":["GET"]}}],"collection":[{"href":"https:\/\/balerwrapper.com\/de\/wp-json\/wp\/v2\/product"}],"about":[{"href":"https:\/\/balerwrapper.com\/de\/wp-json\/wp\/v2\/types\/product"}],"author":[{"embeddable":true,"href":"https:\/\/balerwrapper.com\/de\/wp-json\/wp\/v2\/users\/1"}],"wp:featuredmedia":[{"embeddable":true,"href":"https:\/\/balerwrapper.com\/de\/wp-json\/wp\/v2\/media\/1237"}],"wp:attachment":[{"href":"https:\/\/balerwrapper.com\/de\/wp-json\/wp\/v2\/media?parent=1226"}],"wp:term":[{"taxonomy":"post_tag","embeddable":true,"href":"https:\/\/balerwrapper.com\/de\/wp-json\/wp\/v2\/tags?post=1226"},{"taxonomy":"product-type","embeddable":true,"href":"https:\/\/balerwrapper.com\/de\/wp-json\/wp\/v2\/product-type?post=1226"}],"curies":[{"name":"wp","href":"https:\/\/api.w.org\/{rel}","templated":true}]}}