{"id":1217,"date":"2026-04-07T16:56:29","date_gmt":"2026-04-07T08:56:29","guid":{"rendered":"https:\/\/balerwrapper.com\/?post_type=product&#038;p=1217"},"modified":"2026-04-07T16:56:30","modified_gmt":"2026-04-07T08:56:30","slug":"manure-cleaning-machine","status":"publish","type":"product","link":"https:\/\/balerwrapper.com\/de\/product\/manure-cleaning-machine\/","title":{"rendered":"Betriebs-G\u00fcllereinigungsmaschine | Automatischer Kuhdung-Schaber"},"content":{"rendered":"<div class=\"kk-star-ratings kksr-auto kksr-align-left kksr-valign-top\"     data-payload='{&quot;align&quot;:&quot;left&quot;,&quot;id&quot;:&quot;1217&quot;,&quot;slug&quot;:&quot;default&quot;,&quot;valign&quot;:&quot;top&quot;,&quot;ignore&quot;:&quot;&quot;,&quot;reference&quot;:&quot;auto&quot;,&quot;class&quot;:&quot;&quot;,&quot;count&quot;:&quot;82&quot;,&quot;legendonly&quot;:&quot;&quot;,&quot;readonly&quot;:&quot;&quot;,&quot;score&quot;:&quot;4.8&quot;,&quot;starsonly&quot;:&quot;&quot;,&quot;best&quot;:&quot;5&quot;,&quot;gap&quot;:&quot;5&quot;,&quot;greet&quot;:&quot;Rate this product&quot;,&quot;legend&quot;:&quot;4.8\\\/5 - (82 votes)&quot;,&quot;size&quot;:&quot;24&quot;,&quot;title&quot;:&quot;Farm Manure Cleaning Machine | Automatic Cow Dung Scraper&quot;,&quot;width&quot;:&quot;136.7&quot;,&quot;_legend&quot;:&quot;{score}\\\/{best} - ({count} {votes})&quot;,&quot;font_factor&quot;:&quot;1.25&quot;}'>              <div class=\"kksr-stars\">      <div class=\"kksr-stars-inactive\">             <div class=\"kksr-star\" data-star=\"1\" style=\"padding-right: 5px\">               <div class=\"kksr-icon\" style=\"width: 24px; height: 24px;\"><\/div>         <\/div>             <div class=\"kksr-star\" data-star=\"2\" style=\"padding-right: 5px\">               <div class=\"kksr-icon\" style=\"width: 24px; height: 24px;\"><\/div>         <\/div>             <div class=\"kksr-star\" data-star=\"3\" style=\"padding-right: 5px\">               <div class=\"kksr-icon\" style=\"width: 24px; height: 24px;\"><\/div>         <\/div>             <div class=\"kksr-star\" data-star=\"4\" style=\"padding-right: 5px\">               <div class=\"kksr-icon\" style=\"width: 24px; height: 24px;\"><\/div>         <\/div>             <div class=\"kksr-star\" data-star=\"5\" style=\"padding-right: 5px\">               <div class=\"kksr-icon\" style=\"width: 24px; height: 24px;\"><\/div>         <\/div>     <\/div>      <div class=\"kksr-stars-active\" style=\"width: 136.7px;\">             <div class=\"kksr-star\" style=\"padding-right: 5px\">               <div class=\"kksr-icon\" style=\"width: 24px; height: 24px;\"><\/div>         <\/div>             <div class=\"kksr-star\" style=\"padding-right: 5px\">               <div class=\"kksr-icon\" style=\"width: 24px; height: 24px;\"><\/div>         <\/div>             <div class=\"kksr-star\" style=\"padding-right: 5px\">               <div class=\"kksr-icon\" style=\"width: 24px; height: 24px;\"><\/div>         <\/div>             <div class=\"kksr-star\" style=\"padding-right: 5px\">               <div class=\"kksr-icon\" style=\"width: 24px; height: 24px;\"><\/div>         <\/div>             <div class=\"kksr-star\" style=\"padding-right: 5px\">               <div class=\"kksr-icon\" style=\"width: 24px; height: 24px;\"><\/div>         <\/div>     <\/div> <\/div>                   <div class=\"kksr-legend\" style=\"font-size: 19.2px;\">             4,8\/5 - (82 Bewertungen)    <\/div>     <\/div>  <p>Die G\u00fcllereinigungsmaschine ist speziell f\u00fcr moderne Tierhaltungsbetriebe konzipiert, einschlie\u00dflich gro\u00dffl\u00e4chiger Milchviehbetriebe, Rinderfarmen und Schaffarmen. Sie verwendet einen vollautomatischen Prozess mit vorne montiertem Schneckenmischer und -sammler, Ketten-Schaber-Transport und hydraulischem Kippvorgang hinten zum Entladen. Jeder LKW erledigt den Vorgang in nur 3\u20138 Minuten mit einer Reinigungsleistung von \u226599 %, und kann eine 1.000-Kopf-Milchviehhaltung in etwa 2 Stunden reinigen.<\/p>    <p>Das Frontschaber- und Kettenf\u00f6rderer-Design sorgt f\u00fcr eine gr\u00fcndliche Sammlung der G\u00fclle, reduziert manuelle Arbeit und verbessert die Stallhygiene. Es minimiert auch Ammoniakemissionen und Bakterienwachstum, wodurch die Gesundheit der Tiere verbessert und eine effiziente, kosteng\u00fcnstige und energiesparende G\u00fcllenmanagementl\u00f6sung f\u00fcr moderne Tierhaltungsbetriebe geschaffen wird.<\/p>    <figure class=\"wp-block-embed aligncenter is-type-video is-provider-youtube wp-block-embed-youtube wp-embed-aspect-16-9 wp-has-aspect-ratio\"><div class=\"wp-block-embed__wrapper\"> <iframe loading=\"lazy\" title=\"Efficient Cow &amp; Sheep Manure Cleaning Machine | Smart Farm Cleaning Equipment \ud83d\ude9c\ud83d\udc04#cleaner\" width=\"500\" height=\"281\" src=\"https:\/\/www.youtube.com\/embed\/Np55Evcl7-o?feature=oembed\" frameborder=\"0\" allow=\"accelerometer; autoplay; clipboard-write; encrypted-media; gyroscope; picture-in-picture; web-share\" referrerpolicy=\"strict-origin-when-cross-origin\" allowfullscreen><\/iframe> <\/div><figcaption class=\"wp-element-caption\">Video zur automatischen Kuhdung-Reinigungsmaschine in Betrieb<\/figcaption><\/figure>    <h2 class=\"wp-block-heading\">Anwendungen der automatischen G\u00fclleschaber<\/h2>    <ul class=\"wp-block-list\"> <li>T\u00e4gliche G\u00fcllenentfernung und Hygiene bei Milchviehbetrieben, Rinderfarmen und Schaffarmen.<\/li>    <li>Effiziente G\u00fcllenhandhabung auf gro\u00dffl\u00e4chigen Weiden und in intensiven Tierhaltungsbetrieben.<\/li>    <li>Kann mit dreir\u00e4drigen oder vierr\u00e4drigen dieselbetriebenen Fahrzeugen verwendet werden, um die Anforderungen verschiedener Standorte zu erf\u00fcllen.<\/li>    <li>Verbessert die Betriebsumgebung erheblich, reduziert Krankheitsverbreitung und f\u00f6rdert die Gesundheit der Tiere.<\/li> <\/ul>    <h2 class=\"wp-block-heading\">Merkmale der automatischen G\u00fcllereinigungsmaschine<\/h2>    <ul class=\"wp-block-list\"> <li>Hoch effiziente Automatisierung: Ein Bediener kann den gesamten Reinigungsprozess in 3-5 Minuten f\u00fcr das 3m\u00b3-Modell und 5-8 Minuten f\u00fcr das 5m\u00b3-Modell abschlie\u00dfen.<\/li>    <li>Langlebig und zuverl\u00e4ssig: Schwere, verschlei\u00dffeste Schraperketten und dicke Edelstahl-Sammelbeh\u00e4lter sorgen f\u00fcr Korrosionsbest\u00e4ndigkeit, Verschlei\u00dffestigkeit und eine lange Lebensdauer.<\/li>    <li>Hoch anpassungsf\u00e4hig: stufenlose Geschwindigkeitsanpassung basierend auf der G\u00fclledicke erm\u00f6glicht die Anpassung an verschiedene Standorte, G\u00fcllemengen und klimatische Bedingungen.<\/li>    <li>Sicher und umweltfreundlich: Reduziert G\u00fcllenkontamination und Ammoniakansammlungen, verhindert und kontrolliert effektiv Tierkrankheiten und verbessert die Stallbedingungen.<\/li>    <li>Kosteneffizient: reduziert Arbeitskosten und Reinigungszeit, steigert die Gesamtproduktivit\u00e4t des Betriebs.<\/li> <\/ul>    <figure class=\"wp-block-gallery has-nested-images columns-default is-cropped wp-block-gallery-2 is-layout-flex wp-block-gallery-is-layout-flex\"> <figure class=\"wp-block-image size-large\"><img loading=\"lazy\" decoding=\"async\" width=\"720\" height=\"540\" data-id=\"1221\" src=\"https:\/\/balerwrapper.com\/wp-content\/uploads\/2026\/04\/manure-cleaning-machine.webp\" alt=\"G\u00fcllereinigungsmaschine\" class=\"wp-image-1221\" srcset=\"https:\/\/balerwrapper.com\/wp-content\/uploads\/2026\/04\/manure-cleaning-machine.webp 720w, https:\/\/balerwrapper.com\/wp-content\/uploads\/2026\/04\/manure-cleaning-machine-300x225.webp 300w, https:\/\/balerwrapper.com\/wp-content\/uploads\/2026\/04\/manure-cleaning-machine-16x12.webp 16w\" sizes=\"auto, (max-width: 720px) 100vw, 720px\" \/><figcaption class=\"wp-element-caption\">G\u00fcllereinigungsmaschine<\/figcaption><\/figure>    <figure class=\"wp-block-image size-large\"><img loading=\"lazy\" decoding=\"async\" width=\"720\" height=\"540\" data-id=\"1220\" src=\"https:\/\/balerwrapper.com\/wp-content\/uploads\/2026\/04\/cow-dung-cleaner-machine.webp\" alt=\"Kuhdung-Reinigungsmaschine\" class=\"wp-image-1220\" srcset=\"https:\/\/balerwrapper.com\/wp-content\/uploads\/2026\/04\/cow-dung-cleaner-machine.webp 720w, https:\/\/balerwrapper.com\/wp-content\/uploads\/2026\/04\/cow-dung-cleaner-machine-300x225.webp 300w, https:\/\/balerwrapper.com\/wp-content\/uploads\/2026\/04\/cow-dung-cleaner-machine-16x12.webp 16w\" sizes=\"auto, (max-width: 720px) 100vw, 720px\" \/><figcaption class=\"wp-element-caption\">Kuhdung-Reinigungsmaschine<\/figcaption><\/figure> <\/figure>    <h2 class=\"wp-block-heading\">Wie funktioniert der Tierabfallreiniger?<\/h2>    <ul class=\"wp-block-list\"> <li>Vorne montierter Schneckenmischer und -sammler: Ein Schneckenmischer sammelt G\u00fclle aus Rinder- oder Schaffestungen und leitet sie zum Reinigungsbereich.<\/li>    <li>Kettenf\u00f6rderer: Der gesammelte G\u00fcllen wird \u00fcber eine verschlei\u00dffeste Kette zum Ladebett des Fahrzeugs transportiert.<\/li>    <li>Hydraulischer Kippvorgang: Sobald das Fahrzeug voll beladen ist, kippt der Eimer automatisch, um die G\u00fclle abzulassen, was einen schnellen, kontinuierlichen Betrieb erm\u00f6glicht.<\/li>    <li>Kontinuierliche Reinigung: Bediener k\u00f6nnen die Vorschubgeschwindigkeit an die Dicke der G\u00fclle anpassen, um eine effiziente Reinigung zu gew\u00e4hrleisten.<\/li> <\/ul>    <h2 class=\"wp-block-heading\">Spezifikationen der Stallg\u00fcller\u00fccknahmemaschine<\/h2>    <figure class=\"wp-block-table is-style-stripes\"><table class=\"has-fixed-layout\"><tbody><tr><td><strong>Modell<\/strong><\/td><td><strong>QF-3<\/strong><\/td><td><strong>QF-5<\/strong><\/td><\/tr><tr><td>Karrenvolumen<\/td><td>3 m\u00b3<\/td><td>5 m\u00b3<\/td><\/tr><tr><td>Dimension<\/td><td>4500\u00d71450\u00d72450 mm<\/td><td>5200\u00d72200\u00d72600 mm<\/td><\/tr><tr><td>Leistung<\/td><td>25 PS Dieselmotor<\/td><td>Dieselmotor<\/td><\/tr><tr><td>Gehendes Antriebssystem<\/td><td>Dreirad<\/td><td>Vierzylinder-LKW<\/td><\/tr><tr><td>Produktionskapazit\u00e4t<\/td><td>3\u20135 Min.\/Fahrzeug<\/td><td>5\u20138 Min.\/Fahrzeug<\/td><\/tr><tr><td>G\u00fcllenreinigungsbreite<\/td><td>1500 mm<\/td><td>2000 mm<\/td><\/tr><tr><td>Anzahl der Reifen<\/td><td>3 St\u00fcck<\/td><td>4 St\u00fcck<\/td><\/tr><tr><td>G\u00fcllesammelsystem<\/td><td>Schnecken-   Kettenf\u00f6rderer<\/td><td>Schnecken-   Kettenf\u00f6rderer<\/td><\/tr><tr><td>Entladungsmethode<\/td><td>Hydraulisches Kippen<\/td><td>Hydraulisches Kippen<\/td><\/tr><\/tbody><\/table><figcaption class=\"wp-element-caption\">Technische Parameter der G\u00fcllereinigungsmaschine<\/figcaption><\/figure>    <figure class=\"wp-block-gallery has-nested-images columns-default is-cropped wp-block-gallery-3 is-layout-flex wp-block-gallery-is-layout-flex\"> <figure class=\"wp-block-image size-large\"><img loading=\"lazy\" decoding=\"async\" width=\"720\" height=\"540\" data-id=\"1223\" src=\"https:\/\/balerwrapper.com\/wp-content\/uploads\/2026\/04\/livestock-manure-scraper.webp\" alt=\"Tierg\u00fclleschaber\" class=\"wp-image-1223\" srcset=\"https:\/\/balerwrapper.com\/wp-content\/uploads\/2026\/04\/livestock-manure-scraper.webp 720w, https:\/\/balerwrapper.com\/wp-content\/uploads\/2026\/04\/livestock-manure-scraper-300x225.webp 300w, https:\/\/balerwrapper.com\/wp-content\/uploads\/2026\/04\/livestock-manure-scraper-16x12.webp 16w\" sizes=\"auto, (max-width: 720px) 100vw, 720px\" \/><figcaption class=\"wp-element-caption\">Tierg\u00fclleschaber<\/figcaption><\/figure>    <figure class=\"wp-block-image size-large\"><img loading=\"lazy\" decoding=\"async\" width=\"720\" height=\"540\" data-id=\"1222\" src=\"https:\/\/balerwrapper.com\/wp-content\/uploads\/2026\/04\/dairy-barn-cleaning-machine.webp\" alt=\"Die G\u00fcllereinigungsmaschine kombiniert Sammlung, Transport und automatische Entladung und erledigt eine einzelne Operation in 3 bis 8 Minuten, was die Stallhygiene und Produktionseffizienz erheblich verbessert.\" class=\"wp-image-1222\" srcset=\"https:\/\/balerwrapper.com\/wp-content\/uploads\/2026\/04\/dairy-barn-cleaning-machine.webp 720w, https:\/\/balerwrapper.com\/wp-content\/uploads\/2026\/04\/dairy-barn-cleaning-machine-300x225.webp 300w, https:\/\/balerwrapper.com\/wp-content\/uploads\/2026\/04\/dairy-barn-cleaning-machine-16x12.webp 16w\" sizes=\"auto, (max-width: 720px) 100vw, 720px\" \/><figcaption class=\"wp-element-caption\">Milchstall-G\u00fcllereinigungsmaschine<\/figcaption><\/figure> <\/figure>    <h2 class=\"wp-block-heading\">Warum uns w\u00e4hlen?<\/h2>    <ul class=\"wp-block-list\"> <li>Mehrere Modelle verf\u00fcgbar: Wir bieten Modelle mit Kapazit\u00e4ten von 3 m\u00b3, 5 m\u00b3 und mehr, um den Anforderungen mittelgro\u00dfer bis gro\u00dfer Milchviehbetriebe gerecht zu werden.<\/li>    <li>Vollautomatisches Design: reduziert manuelle Arbeit und verbessert die Produktionseffizienz.<\/li>    <li>Leistungsstarke Performance und langlebige Konstruktion: Ausgestattet mit hochwertigen Dieselmotoren, verschlei\u00dffesten Ketten und Edelstahlbeh\u00e4ltern, um anspruchsvolle Betriebsbedingungen zu bew\u00e4ltigen.<\/li>    <li>Kundendienst und Anpassungsservices: Wir bieten langfristige Zuverl\u00e4ssigkeit und k\u00f6nnen L\u00f6sungen nach Betriebsgr\u00f6\u00dfe und Tierzahl anpassen.<\/li>    <li>Gesundheits- und Umweltnutzen: Verbessert die Betriebsumgebung erheblich, reduziert das Risiko der Krankheits\u00fcbertragung und steigert die Produktivit\u00e4t der Milchk\u00fche.<\/li> <\/ul>    <h2 class=\"wp-block-heading\">Preis f\u00fcr G\u00fclleschaber in G\u00e4ngen<\/h2>    <p>Der Preis f\u00fcr G\u00fcllereinigungsmaschinen h\u00e4ngt vom Modell, Automatisierungsgrad, Leistungsanpassung, Materialien und Anpassungsanforderungen ab. Das Modell QF-3 ist f\u00fcr mittelgro\u00dfe Betriebe geeignet und bietet einen g\u00fcnstigeren Preis; das Modell QF-5 ist f\u00fcr gro\u00dfe Betriebe geeignet und sehr effizient und langlebig.<\/p>    <p>Neben der Erf\u00fcllung der Anforderungen an die Ressourcengewinnung aus Tierg\u00fclle bieten wir auch passende G\u00fcllestreuer an. Diese Maschinen k\u00f6nnen die gesammelte G\u00fclle gleichm\u00e4\u00dfig wieder auf Felder verteilen und so eine Kreislaufwirtschaft zwischen Tierhaltung und Ackerbau erm\u00f6glichen, was sowohl die wirtschaftlichen Vorteile als auch den Umweltwert steigert.<\/p>    <p>Bitte z\u00f6gern Sie nicht, uns zu kontaktieren, damit wir die am besten geeignete integrierte G\u00fclleentfernungs- und Behandlungsl\u00f6sung basierend auf der Gr\u00f6\u00dfe Ihres Betriebs, der Tierzahl und Ihrem Budget anpassen k\u00f6nnen.<\/p>","protected":false},"excerpt":{"rendered":"<p>The manure cleaning machine combines collection, conveyance, and automatic unloading, completing a single operation in 3 to 8 minutes, thereby significantly improving farm hygiene and production efficiency.<\/p>","protected":false},"author":1,"featured_media":1224,"parent":0,"template":"","tags":[],"product-type":[8],"class_list":["post-1217","product","type-product","status-publish","has-post-thumbnail","hentry","product-type-other-silage-machines"],"_links":{"self":[{"href":"https:\/\/balerwrapper.com\/de\/wp-json\/wp\/v2\/product\/1217","targetHints":{"allow":["GET"]}}],"collection":[{"href":"https:\/\/balerwrapper.com\/de\/wp-json\/wp\/v2\/product"}],"about":[{"href":"https:\/\/balerwrapper.com\/de\/wp-json\/wp\/v2\/types\/product"}],"author":[{"embeddable":true,"href":"https:\/\/balerwrapper.com\/de\/wp-json\/wp\/v2\/users\/1"}],"wp:featuredmedia":[{"embeddable":true,"href":"https:\/\/balerwrapper.com\/de\/wp-json\/wp\/v2\/media\/1224"}],"wp:attachment":[{"href":"https:\/\/balerwrapper.com\/de\/wp-json\/wp\/v2\/media?parent=1217"}],"wp:term":[{"taxonomy":"post_tag","embeddable":true,"href":"https:\/\/balerwrapper.com\/de\/wp-json\/wp\/v2\/tags?post=1217"},{"taxonomy":"product-type","embeddable":true,"href":"https:\/\/balerwrapper.com\/de\/wp-json\/wp\/v2\/product-type?post=1217"}],"curies":[{"name":"wp","href":"https:\/\/api.w.org\/{rel}","templated":true}]}}