{"id":13,"date":"2022-08-22T08:58:42","date_gmt":"2022-08-22T08:58:42","guid":{"rendered":"https:\/\/balerwrapper.com\/?page_id=13"},"modified":"2026-04-24T17:38:37","modified_gmt":"2026-04-24T09:38:37","slug":"about-us","status":"publish","type":"page","link":"https:\/\/balerwrapper.com\/de\/about-us\/","title":{"rendered":"\u00dcber uns"},"content":{"rendered":"<p>Taizy Machinery ist ein professionelles landwirtschaftliches Technologieunternehmen, das sich auf die Forschung, Entwicklung, Produktion und den Verkauf von Futterverarbeitungsmaschinen spezialisiert hat. Mit \u00fcber 20 Jahren Herstellungserfahrung bieten wir effiziente und zuverl\u00e4ssige L\u00f6sungen f\u00fcr Silage, Stroh-Recycling, Futterverarbeitung und Viehzucht.<\/p>    <p>Unter dem Motto \u201eQualit\u00e4t zuerst, Kunde an erster Stelle\u201c innovieren wir kontinuierlich, um den modernen landwirtschaftlichen Bed\u00fcrfnissen gerecht zu werden, und hei\u00dfen globale Partner zur Zusammenarbeit f\u00fcr gemeinsamen Erfolg willkommen.<\/p>    <figure class=\"wp-block-image size-large\"><img loading=\"lazy\" decoding=\"async\" width=\"1024\" height=\"576\" src=\"https:\/\/balerwrapper.com\/wp-content\/uploads\/2026\/04\/Silage-Farm-1024x576.webp\" alt=\"Silagefarm\" class=\"wp-image-1240\" srcset=\"https:\/\/balerwrapper.com\/wp-content\/uploads\/2026\/04\/Silage-Farm-1024x576.webp 1024w, https:\/\/balerwrapper.com\/wp-content\/uploads\/2026\/04\/Silage-Farm-300x169.webp 300w, https:\/\/balerwrapper.com\/wp-content\/uploads\/2026\/04\/Silage-Farm-768x432.webp 768w, https:\/\/balerwrapper.com\/wp-content\/uploads\/2026\/04\/Silage-Farm-18x10.webp 18w, https:\/\/balerwrapper.com\/wp-content\/uploads\/2026\/04\/Silage-Farm-1536x864.webp 1536w, https:\/\/balerwrapper.com\/wp-content\/uploads\/2026\/04\/Silage-Farm.webp 1920w\" sizes=\"auto, (max-width: 1024px) 100vw, 1024px\" \/><\/figure>    <h2 class=\"wp-block-heading\" id=\"h-our-main-products\">Unsere Hauptprodukte<\/h2>    <p>Unsere Hauptprodukte umfassen Silagepresse, Rundheupressen, quadratische Strohpressen, Silageverpackungsmaschinen, Hydraulikpressen, Silage-Strohschneider, St\u00e4ngel-Schneide- und Recyclingmaschinen sowie andere komplette Futterverarbeitungsanlagen.<\/p>    <p>Unsere Maschinen sind aus hochfesten Materialien gebaut, bieten stabile Leistung, einfache Bedienung, lange Lebensdauer und hohe Effizienz \u2013 helfen Landwirten, Arbeitskosten zu senken und die Futterqualit\u00e4t zu verbessern.<\/p>    <figure class=\"wp-block-gallery has-nested-images columns-default is-cropped wp-block-gallery-2 is-layout-flex wp-block-gallery-is-layout-flex\"> <figure class=\"wp-block-image size-large\"><img loading=\"lazy\" decoding=\"async\" width=\"720\" height=\"540\" data-id=\"1252\" src=\"https:\/\/balerwrapper.com\/wp-content\/uploads\/2026\/04\/Forage-feed-spreader-cars.webp\" alt=\"Futterverteilfahrzeuge\" class=\"wp-image-1252\" srcset=\"https:\/\/balerwrapper.com\/wp-content\/uploads\/2026\/04\/Forage-feed-spreader-cars.webp 720w, https:\/\/balerwrapper.com\/wp-content\/uploads\/2026\/04\/Forage-feed-spreader-cars-300x225.webp 300w, https:\/\/balerwrapper.com\/wp-content\/uploads\/2026\/04\/Forage-feed-spreader-cars-16x12.webp 16w\" sizes=\"auto, (max-width: 720px) 100vw, 720px\" \/><figcaption class=\"wp-element-caption\">Futterverteilfahrzeuge<\/figcaption><\/figure>    <figure class=\"wp-block-image size-large\"><img loading=\"lazy\" decoding=\"async\" width=\"720\" height=\"540\" data-id=\"1250\" src=\"https:\/\/balerwrapper.com\/wp-content\/uploads\/2026\/04\/Chaff-cutter-used-with-a-silage-baler.webp\" alt=\"Strohschneider in Verbindung mit einer Silagepresse\" class=\"wp-image-1250\" srcset=\"https:\/\/balerwrapper.com\/wp-content\/uploads\/2026\/04\/Chaff-cutter-used-with-a-silage-baler.webp 720w, https:\/\/balerwrapper.com\/wp-content\/uploads\/2026\/04\/Chaff-cutter-used-with-a-silage-baler-300x225.webp 300w, https:\/\/balerwrapper.com\/wp-content\/uploads\/2026\/04\/Chaff-cutter-used-with-a-silage-baler-16x12.webp 16w\" sizes=\"auto, (max-width: 720px) 100vw, 720px\" \/><figcaption class=\"wp-element-caption\">Strohschneider in Verbindung mit einer Silagepresse<\/figcaption><\/figure>    <figure class=\"wp-block-image size-full\"><img loading=\"lazy\" decoding=\"async\" width=\"720\" height=\"540\" data-id=\"1278\" src=\"https:\/\/balerwrapper.com\/wp-content\/uploads\/2026\/04\/Forage-baler-wrappers-with-big-tires.webp\" alt=\"Futterballenwickler mit gro\u00dfen Reifen\" class=\"wp-image-1278\" srcset=\"https:\/\/balerwrapper.com\/wp-content\/uploads\/2026\/04\/Forage-baler-wrappers-with-big-tires.webp 720w, https:\/\/balerwrapper.com\/wp-content\/uploads\/2026\/04\/Forage-baler-wrappers-with-big-tires-300x225.webp 300w, https:\/\/balerwrapper.com\/wp-content\/uploads\/2026\/04\/Forage-baler-wrappers-with-big-tires-16x12.webp 16w\" sizes=\"auto, (max-width: 720px) 100vw, 720px\" \/><figcaption class=\"wp-element-caption\">Futterballenwickler mit gro\u00dfen Reifen<\/figcaption><\/figure>    <figure class=\"wp-block-image size-large\"><img loading=\"lazy\" decoding=\"async\" width=\"720\" height=\"540\" data-id=\"1254\" src=\"https:\/\/balerwrapper.com\/wp-content\/uploads\/2026\/04\/Round-bale-straw-pickup-balers.webp\" alt=\"Runde Ballen-Strohauflese-Pressen\" class=\"wp-image-1254\" srcset=\"https:\/\/balerwrapper.com\/wp-content\/uploads\/2026\/04\/Round-bale-straw-pickup-balers.webp 720w, https:\/\/balerwrapper.com\/wp-content\/uploads\/2026\/04\/Round-bale-straw-pickup-balers-300x225.webp 300w, https:\/\/balerwrapper.com\/wp-content\/uploads\/2026\/04\/Round-bale-straw-pickup-balers-16x12.webp 16w\" sizes=\"auto, (max-width: 720px) 100vw, 720px\" \/><figcaption class=\"wp-element-caption\">Runde Ballen-Strohauflese-Pressen<\/figcaption><\/figure>    <figure class=\"wp-block-image size-large\"><img loading=\"lazy\" decoding=\"async\" width=\"720\" height=\"540\" data-id=\"1255\" src=\"https:\/\/balerwrapper.com\/wp-content\/uploads\/2026\/04\/Silage-baling-wrapping-machines.webp\" alt=\"Silageballenwickelmaschinen\" class=\"wp-image-1255\" srcset=\"https:\/\/balerwrapper.com\/wp-content\/uploads\/2026\/04\/Silage-baling-wrapping-machines.webp 720w, https:\/\/balerwrapper.com\/wp-content\/uploads\/2026\/04\/Silage-baling-wrapping-machines-300x225.webp 300w, https:\/\/balerwrapper.com\/wp-content\/uploads\/2026\/04\/Silage-baling-wrapping-machines-16x12.webp 16w\" sizes=\"auto, (max-width: 720px) 100vw, 720px\" \/><figcaption class=\"wp-element-caption\">Silageballenwickelmaschinen<\/figcaption><\/figure>    <figure class=\"wp-block-image size-large\"><img loading=\"lazy\" decoding=\"async\" width=\"720\" height=\"540\" data-id=\"1253\" src=\"https:\/\/balerwrapper.com\/wp-content\/uploads\/2026\/04\/Large-silage-baler-wrapper.webp\" alt=\"Gro\u00dfe Silageballenverpackungsmaschine\" class=\"wp-image-1253\" srcset=\"https:\/\/balerwrapper.com\/wp-content\/uploads\/2026\/04\/Large-silage-baler-wrapper.webp 720w, https:\/\/balerwrapper.com\/wp-content\/uploads\/2026\/04\/Large-silage-baler-wrapper-300x225.webp 300w, https:\/\/balerwrapper.com\/wp-content\/uploads\/2026\/04\/Large-silage-baler-wrapper-16x12.webp 16w\" sizes=\"auto, (max-width: 720px) 100vw, 720px\" \/><figcaption class=\"wp-element-caption\">Gro\u00dfe Silageballenverpackungsmaschine<\/figcaption><\/figure>    <figure class=\"wp-block-image size-full\"><img loading=\"lazy\" decoding=\"async\" width=\"720\" height=\"540\" data-id=\"1280\" src=\"https:\/\/balerwrapper.com\/wp-content\/uploads\/2026\/04\/Hydraulic-silage-packing-baler-machine.webp\" alt=\"Hydraulische Silageverpackungsballenpresse\" class=\"wp-image-1280\" srcset=\"https:\/\/balerwrapper.com\/wp-content\/uploads\/2026\/04\/Hydraulic-silage-packing-baler-machine.webp 720w, https:\/\/balerwrapper.com\/wp-content\/uploads\/2026\/04\/Hydraulic-silage-packing-baler-machine-300x225.webp 300w, https:\/\/balerwrapper.com\/wp-content\/uploads\/2026\/04\/Hydraulic-silage-packing-baler-machine-16x12.webp 16w\" sizes=\"auto, (max-width: 720px) 100vw, 720px\" \/><figcaption class=\"wp-element-caption\">Hydraulische Silageverpackungsballenpresse<\/figcaption><\/figure>    <figure class=\"wp-block-image size-large\"><img loading=\"lazy\" decoding=\"async\" width=\"720\" height=\"540\" data-id=\"1258\" src=\"https:\/\/balerwrapper.com\/wp-content\/uploads\/2026\/04\/TMR-feed-mixer-machines.webp\" alt=\"TMR-Futtermischmaschinen\" class=\"wp-image-1258\" srcset=\"https:\/\/balerwrapper.com\/wp-content\/uploads\/2026\/04\/TMR-feed-mixer-machines.webp 720w, https:\/\/balerwrapper.com\/wp-content\/uploads\/2026\/04\/TMR-feed-mixer-machines-300x225.webp 300w, https:\/\/balerwrapper.com\/wp-content\/uploads\/2026\/04\/TMR-feed-mixer-machines-16x12.webp 16w\" sizes=\"auto, (max-width: 720px) 100vw, 720px\" \/><figcaption class=\"wp-element-caption\">TMR-Futtermischmaschinen<\/figcaption><\/figure>    <figure class=\"wp-block-image size-large\"><img loading=\"lazy\" decoding=\"async\" width=\"720\" height=\"540\" data-id=\"1257\" src=\"https:\/\/balerwrapper.com\/wp-content\/uploads\/2026\/04\/Square-bale-straw-pickup-balers.webp\" alt=\"Quadratische Ballen-Strohauflese-Pressen\" class=\"wp-image-1257\" srcset=\"https:\/\/balerwrapper.com\/wp-content\/uploads\/2026\/04\/Square-bale-straw-pickup-balers.webp 720w, https:\/\/balerwrapper.com\/wp-content\/uploads\/2026\/04\/Square-bale-straw-pickup-balers-300x225.webp 300w, https:\/\/balerwrapper.com\/wp-content\/uploads\/2026\/04\/Square-bale-straw-pickup-balers-16x12.webp 16w\" sizes=\"auto, (max-width: 720px) 100vw, 720px\" \/><figcaption class=\"wp-element-caption\">Quadratische Ballen-Strohauflese-Pressen<\/figcaption><\/figure> <\/figure>    <h2 class=\"wp-block-heading\" id=\"h-honors-and-certificates\">Ehrungen und Zertifikate<\/h2>    <p>Unser Unternehmen und unsere Produkte haben CE-Zertifizierung, ISO-Qualit\u00e4tssystemzertifizierung, Testberichte und andere anerkannte Qualifikationen erhalten, die den internationalen Sicherheits- und Qualit\u00e4tsstandards f\u00fcr landwirtschaftliche Maschinen entsprechen.<\/p>    <figure class=\"wp-block-gallery has-nested-images columns-default is-cropped wp-block-gallery-3 is-layout-flex wp-block-gallery-is-layout-flex\"> <figure class=\"wp-block-image size-large\"><img loading=\"lazy\" decoding=\"async\" width=\"724\" height=\"1024\" data-id=\"1261\" src=\"https:\/\/balerwrapper.com\/wp-content\/uploads\/2026\/04\/ISO-Certification-724x1024.webp\" alt=\"ISO-Zertifizierung\" class=\"wp-image-1261\" srcset=\"https:\/\/balerwrapper.com\/wp-content\/uploads\/2026\/04\/ISO-Certification-724x1024.webp 724w, https:\/\/balerwrapper.com\/wp-content\/uploads\/2026\/04\/ISO-Certification-212x300.webp 212w, https:\/\/balerwrapper.com\/wp-content\/uploads\/2026\/04\/ISO-Certification-768x1086.webp 768w, https:\/\/balerwrapper.com\/wp-content\/uploads\/2026\/04\/ISO-Certification-8x12.webp 8w, https:\/\/balerwrapper.com\/wp-content\/uploads\/2026\/04\/ISO-Certification-1087x1536.webp 1087w, https:\/\/balerwrapper.com\/wp-content\/uploads\/2026\/04\/ISO-Certification-1449x2048.webp 1449w, https:\/\/balerwrapper.com\/wp-content\/uploads\/2026\/04\/ISO-Certification-scaled.webp 1811w\" sizes=\"auto, (max-width: 724px) 100vw, 724px\" \/><figcaption class=\"wp-element-caption\">ISO-Zertifizierung<\/figcaption><\/figure>    <figure class=\"wp-block-image size-large\"><img loading=\"lazy\" decoding=\"async\" width=\"724\" height=\"1024\" data-id=\"1262\" src=\"https:\/\/balerwrapper.com\/wp-content\/uploads\/2026\/04\/Silage-Baler-CE-724x1024.webp\" alt=\"Silagepresse CE\" class=\"wp-image-1262\" srcset=\"https:\/\/balerwrapper.com\/wp-content\/uploads\/2026\/04\/Silage-Baler-CE-724x1024.webp 724w, https:\/\/balerwrapper.com\/wp-content\/uploads\/2026\/04\/Silage-Baler-CE-212x300.webp 212w, https:\/\/balerwrapper.com\/wp-content\/uploads\/2026\/04\/Silage-Baler-CE-768x1086.webp 768w, https:\/\/balerwrapper.com\/wp-content\/uploads\/2026\/04\/Silage-Baler-CE-8x12.webp 8w, https:\/\/balerwrapper.com\/wp-content\/uploads\/2026\/04\/Silage-Baler-CE-1087x1536.webp 1087w, https:\/\/balerwrapper.com\/wp-content\/uploads\/2026\/04\/Silage-Baler-CE.webp 1240w\" sizes=\"auto, (max-width: 724px) 100vw, 724px\" \/><figcaption class=\"wp-element-caption\">Silagepresse CE<\/figcaption><\/figure> <\/figure>    <h2 class=\"wp-block-heading\" id=\"h-customer-s-feedback\">Weltmarkt<\/h2>    <p>Taizy-Futterverarbeitungsmaschinen werden nach Afrika, Asien, Europa, S\u00fcdamerika exportiert, einschlie\u00dflich 60  L\u00e4ndern und Regionen wie Kenia, Nigeria, Philippinen, Indonesien, Malaysia, Katar, Guatemala, Portugal, Botswana, Somalia, Tansania, Pakistan und anderen. Wir haben stabile und langfristige Kooperationen mit Kunden weltweit aufgebaut.<\/p>    <figure class=\"wp-block-gallery has-nested-images columns-default is-cropped wp-block-gallery-4 is-layout-flex wp-block-gallery-is-layout-flex\"> <figure class=\"wp-block-image size-large\"><img loading=\"lazy\" decoding=\"async\" width=\"720\" height=\"540\" data-id=\"1272\" src=\"https:\/\/balerwrapper.com\/wp-content\/uploads\/2026\/04\/Silage-bale-wrapping-machines-loaded-for-Algeria.webp\" alt=\"Silageballenwickelmaschinen f\u00fcr Algerien geladen\" class=\"wp-image-1272\" srcset=\"https:\/\/balerwrapper.com\/wp-content\/uploads\/2026\/04\/Silage-bale-wrapping-machines-loaded-for-Algeria.webp 720w, https:\/\/balerwrapper.com\/wp-content\/uploads\/2026\/04\/Silage-bale-wrapping-machines-loaded-for-Algeria-300x225.webp 300w, https:\/\/balerwrapper.com\/wp-content\/uploads\/2026\/04\/Silage-bale-wrapping-machines-loaded-for-Algeria-16x12.webp 16w\" sizes=\"auto, (max-width: 720px) 100vw, 720px\" \/><figcaption class=\"wp-element-caption\">Silageballenwickelmaschinen f\u00fcr Algerien geladen<\/figcaption><\/figure>    <figure class=\"wp-block-image size-large\"><img loading=\"lazy\" decoding=\"async\" width=\"720\" height=\"540\" data-id=\"1270\" src=\"https:\/\/balerwrapper.com\/wp-content\/uploads\/2026\/04\/10-Sets-of-silage-balers-shipped-to-Thailand.webp\" alt=\"10 S\u00e4tze Silageballenpressen nach Thailand\" class=\"wp-image-1270\" srcset=\"https:\/\/balerwrapper.com\/wp-content\/uploads\/2026\/04\/10-Sets-of-silage-balers-shipped-to-Thailand.webp 720w, https:\/\/balerwrapper.com\/wp-content\/uploads\/2026\/04\/10-Sets-of-silage-balers-shipped-to-Thailand-300x225.webp 300w, https:\/\/balerwrapper.com\/wp-content\/uploads\/2026\/04\/10-Sets-of-silage-balers-shipped-to-Thailand-16x12.webp 16w\" sizes=\"auto, (max-width: 720px) 100vw, 720px\" \/><figcaption class=\"wp-element-caption\">10 S\u00e4tze Silageballenpressen nach Thailand<\/figcaption><\/figure>    <figure class=\"wp-block-image size-large\"><img loading=\"lazy\" decoding=\"async\" width=\"720\" height=\"540\" data-id=\"1267\" src=\"https:\/\/balerwrapper.com\/wp-content\/uploads\/2026\/04\/2-Silage-baling-wrapping-machines-to-South-Africa.webp\" alt=\"2 Silageballenwickelmaschinen nach S\u00fcdafrika\" class=\"wp-image-1267\" srcset=\"https:\/\/balerwrapper.com\/wp-content\/uploads\/2026\/04\/2-Silage-baling-wrapping-machines-to-South-Africa.webp 720w, https:\/\/balerwrapper.com\/wp-content\/uploads\/2026\/04\/2-Silage-baling-wrapping-machines-to-South-Africa-300x225.webp 300w, https:\/\/balerwrapper.com\/wp-content\/uploads\/2026\/04\/2-Silage-baling-wrapping-machines-to-South-Africa-16x12.webp 16w\" sizes=\"auto, (max-width: 720px) 100vw, 720px\" \/><figcaption class=\"wp-element-caption\">2 Silageballenwickelmaschinen nach S\u00fcdafrika<\/figcaption><\/figure>    <figure class=\"wp-block-image size-large\"><img loading=\"lazy\" decoding=\"async\" width=\"720\" height=\"540\" data-id=\"1268\" src=\"https:\/\/balerwrapper.com\/wp-content\/uploads\/2026\/04\/4-Sets-of-forage-baler-wrappers-to-Senegal.webp\" alt=\"4 S\u00e4tze Futterballenwickelmaschinen nach Senegal\" class=\"wp-image-1268\" srcset=\"https:\/\/balerwrapper.com\/wp-content\/uploads\/2026\/04\/4-Sets-of-forage-baler-wrappers-to-Senegal.webp 720w, https:\/\/balerwrapper.com\/wp-content\/uploads\/2026\/04\/4-Sets-of-forage-baler-wrappers-to-Senegal-300x225.webp 300w, https:\/\/balerwrapper.com\/wp-content\/uploads\/2026\/04\/4-Sets-of-forage-baler-wrappers-to-Senegal-16x12.webp 16w\" sizes=\"auto, (max-width: 720px) 100vw, 720px\" \/><figcaption class=\"wp-element-caption\">4 S\u00e4tze Futterballenwickelmaschinen nach Senegal<\/figcaption><\/figure>    <figure class=\"wp-block-image size-large\"><img loading=\"lazy\" decoding=\"async\" width=\"720\" height=\"540\" data-id=\"1269\" src=\"https:\/\/balerwrapper.com\/wp-content\/uploads\/2026\/04\/5-Sets-of-silage-baler-machines-to-Tanzania.webp\" alt=\"5 S\u00e4tze Silageballenpressen nach Tansania\" class=\"wp-image-1269\" srcset=\"https:\/\/balerwrapper.com\/wp-content\/uploads\/2026\/04\/5-Sets-of-silage-baler-machines-to-Tanzania.webp 720w, https:\/\/balerwrapper.com\/wp-content\/uploads\/2026\/04\/5-Sets-of-silage-baler-machines-to-Tanzania-300x225.webp 300w, https:\/\/balerwrapper.com\/wp-content\/uploads\/2026\/04\/5-Sets-of-silage-baler-machines-to-Tanzania-16x12.webp 16w\" sizes=\"auto, (max-width: 720px) 100vw, 720px\" \/><figcaption class=\"wp-element-caption\">5 S\u00e4tze Silageballenpressen nach Tansania<\/figcaption><\/figure>    <figure class=\"wp-block-image size-large\"><img loading=\"lazy\" decoding=\"async\" width=\"720\" height=\"540\" data-id=\"1271\" src=\"https:\/\/balerwrapper.com\/wp-content\/uploads\/2026\/04\/250-Sets-hay-cutters-shipped-to-Kenya.webp\" alt=\"250 S\u00e4tze Heu-Schneider nach Kenia versandt\" class=\"wp-image-1271\" srcset=\"https:\/\/balerwrapper.com\/wp-content\/uploads\/2026\/04\/250-Sets-hay-cutters-shipped-to-Kenya.webp 720w, https:\/\/balerwrapper.com\/wp-content\/uploads\/2026\/04\/250-Sets-hay-cutters-shipped-to-Kenya-300x225.webp 300w, https:\/\/balerwrapper.com\/wp-content\/uploads\/2026\/04\/250-Sets-hay-cutters-shipped-to-Kenya-16x12.webp 16w\" sizes=\"auto, (max-width: 720px) 100vw, 720px\" \/><figcaption class=\"wp-element-caption\">250 S\u00e4tze Heu-Schneider nach Kenia versandt<\/figcaption><\/figure>    <figure class=\"wp-block-image size-large\"><img loading=\"lazy\" decoding=\"async\" width=\"720\" height=\"540\" data-id=\"1266\" src=\"https:\/\/balerwrapper.com\/wp-content\/uploads\/2026\/04\/2-Sets-of-straw-pickup-balers-to-the-Netherlands.webp\" alt=\"2 S\u00e4tze Strohaufnahmewickelmaschinen in die Niederlande\" class=\"wp-image-1266\" srcset=\"https:\/\/balerwrapper.com\/wp-content\/uploads\/2026\/04\/2-Sets-of-straw-pickup-balers-to-the-Netherlands.webp 720w, https:\/\/balerwrapper.com\/wp-content\/uploads\/2026\/04\/2-Sets-of-straw-pickup-balers-to-the-Netherlands-300x225.webp 300w, https:\/\/balerwrapper.com\/wp-content\/uploads\/2026\/04\/2-Sets-of-straw-pickup-balers-to-the-Netherlands-16x12.webp 16w\" sizes=\"auto, (max-width: 720px) 100vw, 720px\" \/><figcaption class=\"wp-element-caption\">2 S\u00e4tze Strohaufnahmewickelmaschinen in die Niederlande<\/figcaption><\/figure>    <figure class=\"wp-block-image size-large\"><img loading=\"lazy\" decoding=\"async\" width=\"720\" height=\"540\" data-id=\"1273\" src=\"https:\/\/balerwrapper.com\/wp-content\/uploads\/2026\/04\/Silage-baler-wrappers-shipment-to-Costa-Rica.webp\" alt=\"Versand von Silageballenwickelmaschinen nach Costa Rica\" class=\"wp-image-1273\" srcset=\"https:\/\/balerwrapper.com\/wp-content\/uploads\/2026\/04\/Silage-baler-wrappers-shipment-to-Costa-Rica.webp 720w, https:\/\/balerwrapper.com\/wp-content\/uploads\/2026\/04\/Silage-baler-wrappers-shipment-to-Costa-Rica-300x225.webp 300w, https:\/\/balerwrapper.com\/wp-content\/uploads\/2026\/04\/Silage-baler-wrappers-shipment-to-Costa-Rica-16x12.webp 16w\" sizes=\"auto, (max-width: 720px) 100vw, 720px\" \/><figcaption class=\"wp-element-caption\">Versand von Silageballenwickelmaschinen nach Costa Rica<\/figcaption><\/figure>    <figure class=\"wp-block-image size-large\"><img loading=\"lazy\" decoding=\"async\" width=\"720\" height=\"540\" data-id=\"1274\" src=\"https:\/\/balerwrapper.com\/wp-content\/uploads\/2026\/04\/Twin-cylinder-hydraulic-baler-shipped-to-Portugal.webp\" alt=\"Zwillzylinder-Hydraulikballenpresse nach Portugal\" class=\"wp-image-1274\" srcset=\"https:\/\/balerwrapper.com\/wp-content\/uploads\/2026\/04\/Twin-cylinder-hydraulic-baler-shipped-to-Portugal.webp 720w, https:\/\/balerwrapper.com\/wp-content\/uploads\/2026\/04\/Twin-cylinder-hydraulic-baler-shipped-to-Portugal-300x225.webp 300w, https:\/\/balerwrapper.com\/wp-content\/uploads\/2026\/04\/Twin-cylinder-hydraulic-baler-shipped-to-Portugal-16x12.webp 16w\" sizes=\"auto, (max-width: 720px) 100vw, 720px\" \/><figcaption class=\"wp-element-caption\">Zwillzylinder-Hydraulikballenpresse nach Portugal<\/figcaption><\/figure> <\/figure>    <h2 class=\"wp-block-heading\">Unsere Kernvorteile<\/h2>    <ul class=\"wp-block-list\"> <li><strong>Professionelle Fertigungskapazit\u00e4t<\/strong>: Wir verf\u00fcgen \u00fcber standardisierte Werkst\u00e4tten, fortschrittliche Produktionseinrichtungen und ausgereifte Verarbeitungstechnologien, um stabile Qualit\u00e4t und termingerechte Lieferung zu gew\u00e4hrleisten.<\/li>    <li><strong>Professionelles F&amp;E- und Technikteam<\/strong>: Unser Team konzentriert sich auf Innovationen in der Futtermaschinen-Technologie, optimiert kontinuierlich die Produktleistung und Anwendbarkeit.<\/li>    <li><strong>Strenge Qualit\u00e4tskontrolle<\/strong>: Jede Maschine durchl\u00e4uft mehrere Inspektionen und Tests, um hohe Effizienz, geringe Ausfallrate und lange Lebensdauer zu gew\u00e4hrleisten.<\/li>    <li><strong>Umfangreiche Exporterfahrung<\/strong>: Wir verf\u00fcgen \u00fcber umfangreiche Erfahrung im internationalen Handel, sind vertraut mit Exportverfahren, Versand, Zollabfertigung und weltweitem Kundendienst.<\/li> <\/ul>    <h2 class=\"wp-block-heading\">Unser Service<\/h2>    <ul class=\"wp-block-list\"> <li><strong>Vorverkauf<\/strong>: Kostenlose Schema-Designs, Modellwahlberatung, Angebotserstellung und technische Beratung. <\/li>    <li><strong>Im Verkauf<\/strong>: Standardisierte Produktion, strenge Qualit\u00e4tskontrolle, Echtzeit-Produktionsfortschritts-Feedback. <\/li>    <li><strong>Kundendienst nach dem Verkauf<\/strong>: Online-Anleitung, Maschineninstallation, Betriebstraining, rechtzeitiger Kundendienst.<\/li> <\/ul>    <div class=\"wp-block-group alignfull has-text-color has-background\" style=\"color:#000000;background-color:#ffffff\"><div class=\"wp-block-group__inner-container is-layout-flow wp-block-group-is-layout-flow\"> <p class=\"has-text-align-center\">Auf der Suche nach zuverl\u00e4ssigen und effizienten Futterverarbeitungsmaschinen?<\/p>    <p class=\"has-text-align-center\">Kontaktieren Sie uns jetzt f\u00fcr ein kostenloses Angebot und professionelle L\u00f6sungen!<\/p>    <div class=\"wp-block-buttons is-horizontal is-content-justification-center is-layout-flex wp-container-core-buttons-is-layout-499968f5 wp-block-buttons-is-layout-flex\"> <div class=\"wp-block-button has-custom-width wp-block-button__width-50\"><a class=\"wp-block-button__link has-text-color has-background wp-element-button\" href=\"https:\/\/wa.me\/+8617320158259\" style=\"border-radius:50px;color:#ffffff;background-color:#000000\" target=\"_blank\" rel=\"noopener\">Kontaktieren Sie uns<\/a><\/div> <\/div> <\/div><\/div>","protected":false},"excerpt":{"rendered":"<p>Taizy Machinery is a professional agricultural technology company specializing in the R&amp;D, production, and sales of forage processing equipment. With 20+ years of manufacturing experience, we provide efficient and reliable solutions for silage, straw recycling, feed processing, and livestock farming. Guided by \u201cQuality First, Customer Supreme,\u201d we continuously innovate to meet modern agricultural needs and [&hellip;]<\/p>\n","protected":false},"author":1,"featured_media":0,"parent":0,"menu_order":0,"comment_status":"closed","ping_status":"closed","template":"","meta":{"footnotes":""},"class_list":["post-13","page","type-page","status-publish","hentry"],"_links":{"self":[{"href":"https:\/\/balerwrapper.com\/de\/wp-json\/wp\/v2\/pages\/13","targetHints":{"allow":["GET"]}}],"collection":[{"href":"https:\/\/balerwrapper.com\/de\/wp-json\/wp\/v2\/pages"}],"about":[{"href":"https:\/\/balerwrapper.com\/de\/wp-json\/wp\/v2\/types\/page"}],"author":[{"embeddable":true,"href":"https:\/\/balerwrapper.com\/de\/wp-json\/wp\/v2\/users\/1"}],"replies":[{"embeddable":true,"href":"https:\/\/balerwrapper.com\/de\/wp-json\/wp\/v2\/comments?post=13"}],"version-history":[{"count":17,"href":"https:\/\/balerwrapper.com\/de\/wp-json\/wp\/v2\/pages\/13\/revisions"}],"predecessor-version":[{"id":1299,"href":"https:\/\/balerwrapper.com\/de\/wp-json\/wp\/v2\/pages\/13\/revisions\/1299"}],"wp:attachment":[{"href":"https:\/\/balerwrapper.com\/de\/wp-json\/wp\/v2\/media?parent=13"}],"curies":[{"name":"wp","href":"https:\/\/api.w.org\/{rel}","templated":true}]}}